{"id":1983,"date":"2023-10-18T14:11:14","date_gmt":"2023-10-18T14:11:14","guid":{"rendered":"https:\/\/v2.start-discover.eu\/get-started"},"modified":"2026-01-02T15:27:02","modified_gmt":"2026-01-02T15:27:02","slug":"get-started","status":"publish","type":"page","link":"https:\/\/www.start-discover.eu\/tr\/get-started","title":{"rendered":"Get started"},"content":{"rendered":"","protected":false},"excerpt":{"rendered":"","protected":false},"author":10,"featured_media":0,"parent":0,"menu_order":0,"comment_status":"closed","ping_status":"closed","template":"","meta":{"footnotes":""},"acf":{"description":"<h1><span style=\"color: #f0679b;\">Rezervasyon<\/span> s\u00fcrecindeki ad\u0131mlar nelerdir?<\/h1>\r\n<p>Rezervasyon formunuzu g\u00f6nderdikten senin sizin i\u00e7in bir hesap olu\u015fturaca\u011f\u0131z. T\u00fcm ayr\u0131nt\u0131lar\u0131 e - posta ile alacaks\u0131n. Bu hesab\u0131 kullanarak DiscoverEU Seyahat uygulamas\u0131na eri\u015febilir; bu uygulama \u00fczerinden seyahatini planlamak i\u00e7in tren g\u00fczergahlar\u0131n\u0131 ve saatlerini kontrol edebilir, Avrupa'n\u0131n d\u00f6rt bir yan\u0131nda binlerce indirimden yararlanman\u0131 sa\u011flayan DiscoverEU European Youth Card kart\u0131na eri\u015febilir ve deneyimlerini di\u011fer yolcularla payla\u015fmak \u00fczere DiscoverEU Toplulu\u011funa kat\u0131labilirsin. DiscoverEU Pass\u2019ini do\u011frudan uygulamada bulacaks\u0131n.<\/p>","steps_process":[{"title":"Rezervasyon formuna eri\u015fme","description":"<p>Ki\u015fisel rezervasyon ba\u011flant\u0131na eri\u015f (<strong>hello@start-discover.eu<\/strong> adresinden sana g\u00f6nderildi)<\/p>"},{"title":"Kimli\u011fini do\u011frulama","description":"<p>Rezervasyon formunun bir par\u00e7as\u0131 olarak kimli\u011fini do\u011frulaman istenir.<\/p>"},{"title":"Rezervasyon formunu g\u00f6nderme","description":"<p>Haz\u0131r oldu\u011funda rezervasyon formunu doldur ve g\u00f6nder.<\/p>"}],"title_start_process":"Rezervasyon i\u015flemini nas\u0131l ba\u015flatabilirim?","image_start_process":1984,"description_start_process":"<p><strong>Ki\u015fisel rezervasyon formu ba\u011flant\u0131s\u0131n\u0131 i\u00e7eren bir e - posta daveti alacaks\u0131n (veya \u00e7oktan alm\u0131\u015f olmal\u0131s\u0131n).<\/strong><\/p>\r\n<p>Seyahat rezervasyonunu tamamlamak i\u00e7in birka\u00e7 \u015feyi planlaman gerekecek. En \u00f6nemlisi, kimli\u011fini do\u011frulamak i\u00e7in haz\u0131r bir kimlik kart\u0131n veya pasaportun olmas\u0131d\u0131r.<\/p>\r\n<div>\r\n<p>Seyahat rezervasyon formunu doldururken, kimlik do\u011frulama s\u00fcrecinden ald\u0131\u011f\u0131m\u0131z verilere dayanarak baz\u0131 bilgiler \u00f6nceden doldurulmu\u015f olacakt\u0131r. \u00d6nceden doldurulmu\u015f bilgiler \u015funlar\u0131 i\u00e7erir:<\/p>\r\n<ul>\r\n\t<li>E-posta adresi<\/li>\r\n\t<li>Ba\u015fvuru kodu<\/li>\r\n\t<li>Ad<\/li>\r\n\t<li>Soyad<\/li>\r\n\t<li>Do\u011fum tarihi<\/li>\r\n\t<li>Kimlik\/Pasaport veren \u00fclke<\/li>\r\n<\/ul>\r\n<\/div>\r\n<p><strong>Daha fazla bilgiye mi ihtiyac\u0131n var?<\/strong><br \/>\r\nS\u0131k sorulan sorular\u0131n yan\u0131tlar\u0131n\u0131 bulabilece\u011fin Yard\u0131m Merkezi'ne g\u00f6z atabilirsin.<br \/>\r\n<br \/>\r\n<\/p>","link_start_process":{"title":"Yard\u0131m Merkezine dan\u0131\u015f","url":"https:\/\/help.start-discover.eu\/","target":"_blank"},"title":"DiscoverEU Pass hakk\u0131nda bilmen gereken her \u015fey","flexible_travel":{"title_flexible":"-","sub_title":"DiscoverEU Interrail Bileti","paragraph":"Tam esneklikle istedi\u011fin yere git\r\n","flexible_option":[{"icon":2853,"title":"\u00d6nceden belirlenmi\u015f tarihlere veya var\u0131\u015f noktalar\u0131na tak\u0131lmadan seyahat et","paragraph":"<p>Ara\u015ft\u0131rman\u0131 daha sonra tamamlamak \u00fczere Interrail mobil biletini onayla. Mobil Biletini DiscoverEU Travel uygulamas\u0131nda kullanabilirsin. Yolculu\u011fa ba\u015flayaca\u011f\u0131n g\u00fcne kadar Biletini etkinle\u015ftirebilirsin. Seyahatin s\u0131ras\u0131nda planlar\u0131n\u0131 ve rotan\u0131 diledi\u011fin gibi de\u011fi\u015ftirip yolculu\u011funu yeniden \u015fekillendirebilirsin.<\/p>","important":false},{"icon":2855,"title":"Bir ayl\u0131k s\u00fcre i\u00e7inde diledi\u011fin 7 g\u00fcnde trenle seyahat et","paragraph":"<p>Biletini 1 ayl\u0131k belirli bir s\u00fcre boyunca se\u00e7ti\u011finiz 7 g\u00fcnde kullanabilirsin. \u0130stersen arka arkaya istersen ay boyunca aral\u0131kl\u0131 tarihlerde diledi\u011fin gibi seyahat edebilirsin. Her \u015feyi do\u011frudan DiscoverEU Travel uygulamas\u0131ndan ayarlayabilirsin.<\/p>","important":false},{"icon":555,"title":"Tek ba\u015f\u0131na veya bir grupla seyahat et","paragraph":"<p>Tek ba\u015f\u0131na m\u0131 yoksa grupla m\u0131 seyahat edece\u011fine karar vermek sana kalm\u0131\u015f. DiscoverEU'ya ba\u015fvururken kiminle seyahat edece\u011fini se\u00e7ebilir ve seyahatinin ortas\u0131nda bu de\u011fi\u015fikli\u011fi yapabilirsin. Bir grupla seyahat ediyorsan grup \u00fcyelerinin her birinin kendi ge\u00e7i\u015f kart\u0131 olacakt\u0131r.<\/p>","important":false},{"icon":499,"title":"\u0130kamet Edilen \u00dclkede Seyahat","paragraph":"<p>Biletini ikamet etti\u011fin \u00fclkede yaln\u0131zca iki belirli yolculuk i\u00e7in (bunlar yurttan \u00e7\u0131k\u0131\u015f ve yurda giri\u015f yolculu\u011fu olarak adland\u0131r\u0131l\u0131r) kullanabilirsin. \u0130kamet etti\u011fin \u00fclkedeki herhangi bir yerden diledi\u011fin s\u0131n\u0131r kap\u0131s\u0131na, havaalan\u0131na veya limana gidebilir ve seyahatlerin ayn\u0131 g\u00fcnde olmas\u0131 ko\u015fuluyla birden fazla trenle yolculuk yapabilirsin.<\/p>","important":false},{"icon":471,"title":"Kendi temponda seyahat et","paragraph":"<p>Mobil Bilet sayesinde gitti\u011finde \u015fehirde rahatl\u0131kla d\u00fc\u015f\u00fcnd\u00fc\u011f\u00fcnden biraz daha fazla kalabilir veya istersen planlad\u0131\u011f\u0131ndan daha erken bir tarihte ayr\u0131labilirsin. Seyahatin s\u0131ras\u0131nda trenin r\u00f6tarl\u0131 veya iptal edilen trenden dolay\u0131 bir aksakl\u0131k m\u0131 ya\u015f\u0131yorsun? Bir sonraki trene binebilir veya rotan\u0131 diledi\u011fin gibi de\u011fi\u015ftirebilirsin.<\/p>","important":false},{"icon":611,"title":"Bilinmesi Gerekenler","paragraph":"<p>Bir trene, otob\u00fcse veya tekneye binmeden \u00f6nce, her yolculuk DiscoverEU Travel uygulamas\u0131nda \u201cYolculu\u011fum\u201d b\u00f6l\u00fcm\u00fc alt\u0131nda kaydedilmeli ve mobil Interrail Biletine eklenmelidir. Baz\u0131 uzun mesafeli trenler ek koltuk rezervasyonu yapman\u0131 gerektirebilir.<\/p>","important":true}]},"fixed_travel":{"title":"Sabit seyahat se\u00e7ene\u011fi","sub_title":"Noktadan Noktaya Biletler","paragraph":"Sabit ve \u00f6nceden ayarlanm\u0131\u015f seyahat se\u00e7ene\u011finde seyahat plan\u0131 de\u011fi\u015ftirilemez.\r\n","fixed_option":[{"icon":2854,"title":"\u00d6nceden belirlenmi\u015f var\u0131\u015f noktalar\u0131na seyahat et","paragraph":"<p>Seyahat biletlerini onaylamadan \u00f6nce seyahatini iyice ara\u015ft\u0131r\u0131p planlamal\u0131s\u0131n. Seyahat plan\u0131n noktadan noktaya biletlerle rezerve edilir ve de\u011fi\u015ftirilemez.<\/p>","important":false},{"icon":2856,"title":"Belirli bir plana g\u00f6re seyahat et","paragraph":"<p>Seyahat tarihi ve saatin bellidir. Tarihler belirlidir, net bir seyahat plan\u0131 vard\u0131r ve hangi tarihte hangi trenle seyahat edece\u011fin belirlidir.<\/p>","important":false},{"icon":583,"title":"Grup halinde seyahat edin","paragraph":"<p>Yaln\u0131zca grup olarak se\u00e7ilen ki\u015filer grup halinde seyahat edebilir. Bir grupta seyahat edebilmen i\u00e7in gruptaki herkesin seyahat rezervasyon formunu doldurmas\u0131 gerekir.<\/p>","important":false},{"icon":499,"title":"\u0130kamet Edilen \u00dclkede Seyahat","paragraph":"<p>Yurttan \u00e7\u0131k\u0131\u015f ve yurda giri\u015f seyahatin noktadan noktaya bilet \u015feklinde d\u00fczenlenir.<br \/>\r\n\u0130lk var\u0131\u015f noktas\u0131 yurtd\u0131\u015f\u0131 olmak kayd\u0131yla birden fazla trenle seyahat edebilirsin.<\/p>","important":false},{"icon":527,"title":"Seyahat de\u011fi\u015fiklikleri","paragraph":"<p>Biletler, yaln\u0131zca belirli bir trene \u00f6zel olarak seyahat planlar\u0131nda de\u011fi\u015fiklik yap\u0131lmayacak \u015fekilde rezerve edilecektir.Yolculuk s\u0131ras\u0131nda kar\u015f\u0131la\u015f\u0131lan de\u011fi\u015fiklikler, yeni rezervasyonlar veya di\u011fer maliyetlerden do\u011fan hi\u00e7bir ek masraf Avrupa Komisyonu taraf\u0131ndan kar\u015f\u0131lanmaz.<\/p>","important":false},{"icon":611,"title":"Bilinmesi Gerekenler","paragraph":"<p>Noktadan noktaya seyahat planlar\u0131, biletlerin \u00e7evrimi\u00e7i rezervasyonuna izin veren trenlerle s\u0131n\u0131rl\u0131 olacakt\u0131r. \u0130ptal veya r\u00f6tar durumunda, yolcunun do\u011frudan ula\u015f\u0131m \u015firketi ile ileti\u015fime ge\u00e7mesi gerekir.<br \/>\r\nAB Yolcu Haklar\u0131 hakk\u0131nda daha fazla bilgiyi\u00a0buradan edinebilirsin.<\/p>","important":true}]},"link_travel_option":{"title":"Beni Yard\u0131m Merkezine G\u00f6t\u00fcr","url":"https:\/\/help.start-discover.eu\/","target":"_blank"}},"yoast_head":"<!-- This site is optimized with the Yoast SEO plugin v21.9.1 - https:\/\/yoast.com\/wordpress\/plugins\/seo\/ -->\n<title>Get started - DiscoverEU<\/title>\n<meta name=\"robots\" content=\"index, follow, max-snippet:-1, max-image-preview:large, max-video-preview:-1\" \/>\n<link rel=\"canonical\" href=\"https:\/\/www.start-discover.eu\/tr\/get-started\" \/>\n<meta property=\"og:locale\" content=\"tr_TR\" \/>\n<meta property=\"og:type\" content=\"article\" \/>\n<meta property=\"og:title\" content=\"Get started - DiscoverEU\" \/>\n<meta property=\"og:url\" content=\"https:\/\/www.start-discover.eu\/tr\/get-started\" \/>\n<meta property=\"og:site_name\" content=\"DiscoverEU\" \/>\n<meta property=\"article:modified_time\" content=\"2026-01-02T15:27:02+00:00\" \/>\n<meta property=\"og:image\" content=\"https:\/\/www.start-discover.eu\/app\/uploads\/2024\/07\/DEU-logo-1-scaled.jpg\" \/>\n\t<meta property=\"og:image:width\" content=\"2560\" \/>\n\t<meta property=\"og:image:height\" content=\"1440\" \/>\n\t<meta property=\"og:image:type\" content=\"image\/jpeg\" \/>\n<meta name=\"twitter:card\" content=\"summary_large_image\" \/>\n<script type=\"application\/ld+json\" class=\"yoast-schema-graph\">{\"@context\":\"https:\/\/schema.org\",\"@graph\":[{\"@type\":\"WebPage\",\"@id\":\"https:\/\/www.start-discover.eu\/tr\/get-started\",\"url\":\"https:\/\/www.start-discover.eu\/tr\/get-started\",\"name\":\"Get started - DiscoverEU\",\"isPartOf\":{\"@id\":\"https:\/\/www.start-discover.eu\/tr#website\"},\"datePublished\":\"2023-10-18T14:11:14+00:00\",\"dateModified\":\"2026-01-02T15:27:02+00:00\",\"breadcrumb\":{\"@id\":\"https:\/\/www.start-discover.eu\/tr\/get-started#breadcrumb\"},\"inLanguage\":\"tr-TR\",\"potentialAction\":[{\"@type\":\"ReadAction\",\"target\":[\"https:\/\/www.start-discover.eu\/tr\/get-started\"]}]},{\"@type\":\"BreadcrumbList\",\"@id\":\"https:\/\/www.start-discover.eu\/tr\/get-started#breadcrumb\",\"itemListElement\":[{\"@type\":\"ListItem\",\"position\":1,\"name\":\"Home\",\"item\":\"https:\/\/www.start-discover.eu\/tr\"},{\"@type\":\"ListItem\",\"position\":2,\"name\":\"Get started\"}]},{\"@type\":\"WebSite\",\"@id\":\"https:\/\/www.start-discover.eu\/tr#website\",\"url\":\"https:\/\/www.start-discover.eu\/tr\",\"name\":\"DiscoverEU\",\"description\":\"\",\"publisher\":{\"@id\":\"https:\/\/www.start-discover.eu\/tr#organization\"},\"potentialAction\":[{\"@type\":\"SearchAction\",\"target\":{\"@type\":\"EntryPoint\",\"urlTemplate\":\"https:\/\/www.start-discover.eu\/tr?s={search_term_string}\"},\"query-input\":\"required name=search_term_string\"}],\"inLanguage\":\"tr-TR\"},{\"@type\":\"Organization\",\"@id\":\"https:\/\/www.start-discover.eu\/tr#organization\",\"name\":\"DiscoverEU\",\"url\":\"https:\/\/www.start-discover.eu\/tr\",\"logo\":{\"@type\":\"ImageObject\",\"inLanguage\":\"tr-TR\",\"@id\":\"https:\/\/www.start-discover.eu\/tr#\/schema\/logo\/image\/\",\"url\":\"https:\/\/www.start-discover.eu\/app\/uploads\/2024\/07\/DEU-logo-696x696-1-scaled.jpg\",\"contentUrl\":\"https:\/\/www.start-discover.eu\/app\/uploads\/2024\/07\/DEU-logo-696x696-1-scaled.jpg\",\"width\":2560,\"height\":2560,\"caption\":\"DiscoverEU\"},\"image\":{\"@id\":\"https:\/\/www.start-discover.eu\/tr#\/schema\/logo\/image\/\"}}]}<\/script>\n<!-- \/ Yoast SEO plugin. -->","yoast_head_json":{"title":"Get started - DiscoverEU","robots":{"index":"index","follow":"follow","max-snippet":"max-snippet:-1","max-image-preview":"max-image-preview:large","max-video-preview":"max-video-preview:-1"},"canonical":"https:\/\/www.start-discover.eu\/tr\/get-started","og_locale":"tr_TR","og_type":"article","og_title":"Get started - DiscoverEU","og_url":"https:\/\/www.start-discover.eu\/tr\/get-started","og_site_name":"DiscoverEU","article_modified_time":"2026-01-02T15:27:02+00:00","og_image":[{"width":2560,"height":1440,"url":"https:\/\/www.start-discover.eu\/app\/uploads\/2024\/07\/DEU-logo-1-scaled.jpg","type":"image\/jpeg"}],"twitter_card":"summary_large_image","schema":{"@context":"https:\/\/schema.org","@graph":[{"@type":"WebPage","@id":"https:\/\/www.start-discover.eu\/tr\/get-started","url":"https:\/\/www.start-discover.eu\/tr\/get-started","name":"Get started - DiscoverEU","isPartOf":{"@id":"https:\/\/www.start-discover.eu\/tr#website"},"datePublished":"2023-10-18T14:11:14+00:00","dateModified":"2026-01-02T15:27:02+00:00","breadcrumb":{"@id":"https:\/\/www.start-discover.eu\/tr\/get-started#breadcrumb"},"inLanguage":"tr-TR","potentialAction":[{"@type":"ReadAction","target":["https:\/\/www.start-discover.eu\/tr\/get-started"]}]},{"@type":"BreadcrumbList","@id":"https:\/\/www.start-discover.eu\/tr\/get-started#breadcrumb","itemListElement":[{"@type":"ListItem","position":1,"name":"Home","item":"https:\/\/www.start-discover.eu\/tr"},{"@type":"ListItem","position":2,"name":"Get started"}]},{"@type":"WebSite","@id":"https:\/\/www.start-discover.eu\/tr#website","url":"https:\/\/www.start-discover.eu\/tr","name":"DiscoverEU","description":"","publisher":{"@id":"https:\/\/www.start-discover.eu\/tr#organization"},"potentialAction":[{"@type":"SearchAction","target":{"@type":"EntryPoint","urlTemplate":"https:\/\/www.start-discover.eu\/tr?s={search_term_string}"},"query-input":"required name=search_term_string"}],"inLanguage":"tr-TR"},{"@type":"Organization","@id":"https:\/\/www.start-discover.eu\/tr#organization","name":"DiscoverEU","url":"https:\/\/www.start-discover.eu\/tr","logo":{"@type":"ImageObject","inLanguage":"tr-TR","@id":"https:\/\/www.start-discover.eu\/tr#\/schema\/logo\/image\/","url":"https:\/\/www.start-discover.eu\/app\/uploads\/2024\/07\/DEU-logo-696x696-1-scaled.jpg","contentUrl":"https:\/\/www.start-discover.eu\/app\/uploads\/2024\/07\/DEU-logo-696x696-1-scaled.jpg","width":2560,"height":2560,"caption":"DiscoverEU"},"image":{"@id":"https:\/\/www.start-discover.eu\/tr#\/schema\/logo\/image\/"}}]}},"_links":{"self":[{"href":"https:\/\/www.start-discover.eu\/tr\/wp-json\/wp\/v2\/pages\/1983"}],"collection":[{"href":"https:\/\/www.start-discover.eu\/tr\/wp-json\/wp\/v2\/pages"}],"about":[{"href":"https:\/\/www.start-discover.eu\/tr\/wp-json\/wp\/v2\/types\/page"}],"author":[{"embeddable":true,"href":"https:\/\/www.start-discover.eu\/tr\/wp-json\/wp\/v2\/users\/10"}],"replies":[{"embeddable":true,"href":"https:\/\/www.start-discover.eu\/tr\/wp-json\/wp\/v2\/comments?post=1983"}],"version-history":[{"count":5,"href":"https:\/\/www.start-discover.eu\/tr\/wp-json\/wp\/v2\/pages\/1983\/revisions"}],"predecessor-version":[{"id":4842,"href":"https:\/\/www.start-discover.eu\/tr\/wp-json\/wp\/v2\/pages\/1983\/revisions\/4842"}],"wp:attachment":[{"href":"https:\/\/www.start-discover.eu\/tr\/wp-json\/wp\/v2\/media?parent=1983"}],"curies":[{"name":"wp","href":"https:\/\/api.w.org\/{rel}","templated":true}]}}