{"id":1868,"date":"2023-11-13T18:49:23","date_gmt":"2023-11-13T18:49:23","guid":{"rendered":"https:\/\/v2.start-discover.eu\/profile"},"modified":"2026-03-30T09:13:42","modified_gmt":"2026-03-30T09:13:42","slug":"profile","status":"publish","type":"page","link":"https:\/\/www.start-discover.eu\/tr\/profile","title":{"rendered":"Profile"},"content":{"rendered":"","protected":false},"excerpt":{"rendered":"","protected":false},"author":2,"featured_media":0,"parent":0,"menu_order":0,"comment_status":"closed","ping_status":"closed","template":"","meta":{"footnotes":""},"acf":{"email":"<p>Merhaba {{firstname}}!<\/p>\r\n<p>#DiscoverEU Anketini tamamlad\u0131\u011f\u0131n\u0131z i\u00e7in te\u015fekk\u00fcr ederiz.<\/p>\r\n<p>Kat\u0131l\u0131m Sertifikan\u0131z \u015fimdi #DiscoverEU profilinizde mevcut.<\/p>\r\n<p>Yaln\u0131zca #DiscoverEU Ge\u00e7i\u015finizi istemek i\u00e7in kulland\u0131\u011f\u0131n\u0131z rezervasyon formu ba\u011flant\u0131s\u0131na eri\u015fmeniz gerekir (ba\u011flant\u0131 '<a href=\"http:\/\/registrations.start-discover.eu\/\">registrations.start-discover.eu<\/a>' ile ba\u015flar) ve \u201c#DiscoverEU Kat\u0131l\u0131m Sertifikan\u0131z\u0131 \u0130ndir\u201d butonuna t\u0131klaman\u0131z yeterlidir.<\/p>\r\n<p>Umar\u0131z unutulmaz an\u0131lar olu\u015fturdunuz!<\/p>\r\n<p>Size en iyisini diliyoruz.<\/p>\r\n<p>DiscoverEU Seyahat Ekibi.<\/p>","infobox":{"title":"Kat\u0131l\u0131m Sertifikan\u0131z haz\u0131r.","textual_content":"A\u015fa\u011f\u0131daki butona t\u0131klayarak indirebilirsiniz.","button_label":"#DiscoverEU Kat\u0131l\u0131m Sertifikan\u0131z\u0131 \u0130ndir."},"intro":{"title":{"hello_name":"Merhaba {{firstname}} ","welcome_on_your_discovereu_profile":"DiscoverEU profiline ho\u015f geldin!"},"this_page_gathers_all_the_information_necessary":"Bu sayfa, seyehatin i\u00e7in gerekli t\u00fcm bilgileri, verileri ve kay\u0131t durumunu bir araya getirmektedir."},"status_created":{"it_looks_like_you_havent_filled_out_your_booking_form_yet":"G\u00f6r\u00fcn\u00fc\u015fe g\u00f6re rezervasyon formunu hen\u00fcz doldurmam\u0131\u015fs\u0131n","dont_wait_too_long_created":"Fazla bekleme, tamamlamak i\u00e7in {{closing_date}} tarihine kadar vaktin var!","go_to_the_booking_form":"Rezervasyon formuna git"},"requests_and_forms_section":{"visa_form_title":"Vize talebi:","refund_form_title":"Para iadesi talebi:","visa_form_label":"Davet Mektubu ve Seyahat Sigortas\u0131 Talep Formu","refund_form_label":"Geri \u00d6deme Formu","visa_form_processing":"Talep i\u015fleme","refund_form_processing":"Talep i\u015fleme","visa_form_processed":"Tedavi talebi","refund_form_processed":"Tedavi talebi"},"status_initialized":{"it_looks_like_you_havent_finished_filled_out_your_booking_form_yet":"G\u00f6r\u00fcn\u00fc\u015fe g\u00f6re rezervasyon formunu hen\u00fcz doldurmam\u0131\u015fs\u0131n","dont_wait_too_long_initialized":"Fazla bekleme, tamamlamak i\u00e7in {{closing_date}} tarihine kadar vaktin var!","continue_to_complete_your_booking_form":"Rezervasyon formunu doldurmaya devam et"},"status_pending":{"your_identity_documents_are_being_checked":"Kimlik belgelerin kontrol ediliyor","once_your_identity_has_been_verified":"Kimli\u011fin do\u011fruland\u0131ktan sonra, e-posta ile otomatik bir onay alacaks\u0131n. E-posta \" Sipari\u015f onayland\u0131 - i\u015fte s\u0131rada ne var\" konusuna sahip ve \"customerservice@interrail.eu\" e-posta adresinden g\u00f6nderilecektir.","tip:_check_your_spam":"\u0130pucu: spam kutusunu kontrol et","learn_more_about_verifying_my_documents":"Belgelerimi do\u011frulama hakk\u0131nda daha fazla bilgi edin","learn_more_about_verifying_my_documents_url":"https:\/\/discovereu-wave6.zendesk.com\/hc\/en-gb\/articles\/6066889353617-How-come-my-verification-has-been-declined-"},"status_declined_first_try":{"couldnt_verify_identity_documents":"Dikkat: Rezervasyon formun hen\u00fcz tamamlanmad\u0131","submitting_documents_a_second_time":"Kimli\u011fini do\u011frulamak i\u00e7in g\u00f6nderdi\u011fin belgeler kabul edilmedi. \u0130kinci kez g\u00f6ndermeyi deniyebilirsin.","back_to_submission_step":"G\u00f6nderim ad\u0131m\u0131na geri d\u00f6n","warning_can_only_submit_documents_twice":"Uyar\u0131 : Belgelerini yaln\u0131zca iki kez g\u00f6nderebilirsin."},"status_declined_second_try":{"identity_documents_could_not_be_verified_twice":"Dikkat: Rezervasyon formun hen\u00fcz tamamlanmad\u0131","not_accepted_for_the_second_time":"Kimli\u011fini do\u011frulamak i\u00e7in g\u00f6nderdi\u011fin belgeler ikinci kez kabul edilmedi. Bu sorunu \u00e7\u00f6zmek i\u00e7in l\u00fctfen bizimle ileti\u015fime ge\u00e7."},"status_success":{"flex_stnd":{"congratulations_your_reservation_is_completed_and_validated":"Tebrikler, rezervasyon formun tamamland\u0131 ve onayland\u0131!","your_pass_is_available_in_your_email":"<p>Pass\u2019in e\u2011postana g\u00f6nderildi. E\u011fer g\u00f6remiyorsan, l\u00fctfen spam\/junk klas\u00f6r\u00fcn\u00fc kontrol et. H\u00e2l\u00e2 bulamazsan, Yard\u0131m Merkezi\u2019ndeki \"Submit a request\" sayfas\u0131 \u00fczerinden Travel ekibiyle ileti\u015fime ge\u00e7.<br \/>\r\n<br \/>\r\n<\/p>"},"flex_ovs":{"congratulations_your_reservation_is_completed_and_validated":"Tebrikler, rezervasyonun tamamland\u0131 ve onayland\u0131!","the_travel_team_will_contact_you_three_months_before_your_departure_date_to_book_your_flights":"Biletin e-postanda bulunmaktad\u0131r. E\u011fer hi\u00e7bir \u015fey almad\u0131ysan, \u00f6nemsiz postalar\u0131n\u0131 kontrol et. Aksi takdirde, Yard\u0131m Merkezi'ndeki Talep G\u00f6nder sayfas\u0131 arac\u0131l\u0131\u011f\u0131yla Seyahat Ekibi ile ileti\u015fime ge\u00e7mekten \u00e7ekinme. Seyahat Ekibi, u\u00e7u\u015f rezervasyonu yapmak i\u00e7in gidi\u015f tarihinden \u00fc\u00e7 ay \u00f6nce seninle ileti\u015fime ge\u00e7ecektir."},"fix_stnd":{"congratulations_your_reservation_is_completed_and_validated":"Tebrikler, rezervasyonun tamamland\u0131 ve onayland\u0131!","the_travel_team_will_contact_you_three_months_before_your_departure_date_to_book_your_fix_trip":"Seyahat Ekibi, FIX seyahatini rezerve etmek i\u00e7in gidi\u015f tarihinden \u00fc\u00e7 ay \u00f6nce seninle ileti\u015fime ge\u00e7ecektir. "},"fix_ovs":{"congratulations_your_reservation_is_completed_and_validated":"Tebrikler, rezervasyonun tamamland\u0131 ve onayland\u0131!","the_travel_team_will_contact_you_three_months_before_your_departure_date_to_book_your_flights":"Seyahat Ekibi, FIX seyahatinizi ve u\u00e7ak biletlerinizi rezerve etmek i\u00e7in kalk\u0131\u015f tarihinizden \u00fc\u00e7 ay \u00f6nce sizinle ileti\u015fime ge\u00e7ecektir."}},"status_accessibility":{"booking_form_completed":"Rezervasyon formu doldurulmu\u015ftur.","flex_pass_will_be_issued_only_if_you_have_any_accessibility_needs":"Eri\u015filebilirlik ihtiya\u00e7lar\u0131nla ilgili bir e\u2011posta alm\u0131\u015f olman gerekiyor. L\u00fctfen Pass\u2019ini d\u00fczenleyebilmemiz i\u00e7in ileti\u015fim formu \u00fczerinden Travel ekibine yan\u0131t ver."},"discovereu_community_section":{"discovereu_community":"DiscoverEU Toplulu\u011fu","looking_to_make_the_most_of_your_exciting_journey":"<p>Avrupa'y\u0131 ke\u015ffederek heyecan verici yolculu\u011fundan en iyi \u015fekilde yararlanmak m\u0131 istiyorsun?<\/p>\r\n<p>DiscoverEU Topluluk alan\u0131 SEN\u0130N bir araya gelmen, yeni insanlarla tan\u0131\u015fman, seyahat planlar\u0131n\u0131 tart\u0131\u015fman ve payla\u015fman, arkada\u015fl\u0131klar kurman ve DiscoverEU seyahatini dolu dolu ya\u015famak i\u00e7in ilham bulman i\u00e7in burada!<\/p>","join_the_#discovereu_community_label":"#DiscoverEU Toplulu\u011funa KATIL","join_the_#discovereu_community_url":"https:\/\/discovereucommunity.interrail.eu\/","accessible_through_the_discovereu_travel_app":"DiscoverEU Seyahat uygulamas\u0131 arac\u0131l\u0131\u011f\u0131yla veya do\u011frudan DiscoverEU Seyahat Uygulamas\u0131 hesap bilgilerini kullanarak eri\u015filebilirsin"},"european_youth_card_section":{"european_youth_card":"Avrupa Gen\u00e7lik Kart\u0131","with_your_discovereu_pass_you_have_won_the_european_youth_card":"<p>DiscoverEU kart\u0131n ile Avrupa Gen\u00e7lik Kart\u0131n\u0131 kazand\u0131n!<\/p>\r\n<p>Bu kart sayesinde konaklama, ziyaretler, yerel ula\u015f\u0131m ve \u00e7ok daha fazlas\u0131nda indirimlere sahip olabilirsin. DiscoverEU Seyahat Uygulamanda \"daha fazlas\u0131\" b\u00f6l\u00fcm\u00fcn\u00fcn alt\u0131nda mevcuttur.<\/p>"},"help_centre_articles_section":{"help_centre_articles":"Yard\u0131m Merkezi Makaleleri","you_can_find_below_a_selection_of_articles":"DiscoverEU seyahatin i\u00e7in haz\u0131rlanmaya ba\u015flamana yard\u0131mc\u0131 olabilecek bir dizi makaleyi a\u015fa\u011f\u0131da bulabilirsin.","flex_faq_links":{"how_to_get_started_with_your_interrail_mobile_pass":"How to get started with your Interrail Mobile Pass?","how_to_get_started_with_your_interrail_mobile_pass_url":"https:\/\/discovereu-wave6.zendesk.com\/hc\/en-gb\/articles\/6066864956945-How-to-get-started-with-your-Interrail-Mobile-Pass-","what_are_10_things_you_should_know_about_the_interrail_pass":"What are 10 things you should know about the Interrail Pass?","what_are_10_things_you_should_know_about_the_interrail_pass_url":"https:\/\/discovereu-wave6.zendesk.com\/hc\/en-gb\/articles\/11909290422673-What-are-10-things-you-should-know-about-the-Interrail-Pass-"}},"all_travellers_faq_links":{"travel_tips":"Travel Tips","travel_tips_url":"https:\/\/discovereu-wave6.zendesk.com\/hc\/en-gb\/categories\/5768672491409-Travel-Tips","how_can_i_save_money_while_travelling":"How can I save money while travelling?","how_can_i_save_money_while_travelling_url":"https:\/\/discovereu-wave6.zendesk.com\/hc\/en-gb\/articles\/6066862630929-How-can-I-save-money-while-travelling-","how_to_connect_with_other_discovereu_travellers":"How to connect with other DiscoverEU travellers?","how_to_connect_with_other_discovereu_travellers_url":"https:\/\/discovereu-wave6.zendesk.com\/hc\/en-gb\/articles\/6066910634513-How-to-connect-with-other-DiscoverEU-travellers-","what_is_the_discovereu_european_youth_card":"What is the DiscoverEU European Youth Card?","what_is_the_discovereu_european_youth_card_url":"https:\/\/discovereu-wave6.zendesk.com\/hc\/en-gb\/articles\/6066928796689-What-is-the-DiscoverEU-European-Youth-Card-"},"contact_us":"Bize Ula\u015f","contact_us_url":"https:\/\/discovereu-wave6.zendesk.com\/hc\/en-gb\/requests\/new","login_items":{"email":"E-posta","password":"\u015eifre","forgotten_password":"\u015eifreni mi unuttun?","modify_password_label":"\u015eifreyi de\u011fi\u015ftir","login_label":"Giri\u015f","log_out_label":"Oturumu kapat","new_password":"Yeni \u015fifre","confirm_password":"\u015eifreyi onayla","back_to_login":"Giri\u015fe geri d\u00f6n","send_link":"Ba\u011flant\u0131 g\u00f6nder","your_are_not_firstname":"Sen {{firstname}} de\u011filsin ?"},"login_content":{"first_password_change":"G\u00fcvenlik nedeniyle ilk \u015fifreni de\u011fi\u015ftirmeni rica ediyoruz.","email_for_password_modify":"Oturum a\u00e7mak i\u00e7in kulland\u0131\u011f\u0131n e-posta adresini gir, sana \u015fifreni s\u0131f\u0131rlaman i\u00e7in ba\u011flant\u0131 g\u00f6nderece\u011fiz.","strong_password_choice":"L\u00fctfen g\u00fc\u00e7l\u00fc bir \u015fifre se\u00e7.","password_combination_instruction":"Harf, rakam ve \u00f6zel karakterlerden olu\u015fan bir kombinasyon se\u00e7.","change_your_password":"\u015eifreni de\u011fi\u015ftir","update_your_password":"\u015eifreni g\u00fcncelle","sign_in_with_password":"\u015eifre ile giri\u015f yap"},"toasts_content":{"please_enter_a_valid_email_address":"L\u00fctfen ge\u00e7erli bir e-posta adresi gir","please_enter_your_email_address":"L\u00fctfen e-posta adresini gir","please_enter_your_password":"L\u00fctfen \u015fifreni gir","please_enter_your_new_password":"L\u00fctfen yeni \u015fifreni gir","redirecting_you_to_the_app":"Uygulamaya y\u00f6nlendiriliyorsun...","something_went_wrong":"Bir \u015feyler ters gitti...","oops":"Oops...","sign_in":"Oturum a\u00e7","password_updated":"\u015eifre g\u00fcncellendi","password_reset":"\u015eifre s\u0131f\u0131rlama","sent_email_with_link_to_reset_password":"Sana \u015fifreni s\u0131f\u0131rlaman i\u00e7in bir ba\u011flant\u0131 i\u00e7eren bir e-posta g\u00f6nderdik, bu pencereyi kapatabilirsin","password_6_characters":"Parola en az 6 karakter i\u00e7ermelidir","password_characters_format":"\u015eifre en az bir harf, bir rakam ve bir \u00f6zel karakter i\u00e7ermelidir"},"do_you_have_questions_about_your_reservation":"Rezervasyonunla ilgili sorular\u0131n m\u0131 var?","identity_verification_status":"Kimlik Do\u011frulama Durumu","if_your_status_is_not_verified_be_sure_to_contact_the_travel_team_through_the_help_center":"<p>Durumun <strong>do\u011frulanmad\u0131ysa<\/strong>, Yard\u0131m Merkezi arac\u0131l\u0131\u011f\u0131yla Seyahat Ekibi ile mutlaka ileti\u015fime ge\u00e7melisin.<\/p>","reservation_status":"Rezervasyon durumu","if_your_status_is_not_booked_it_means_there_was_a_problem_with_your_identity_verification_or_there_is_an_error_with_your_reservation_be_sure_to_contact_the_travel_team_via_the_center_help":"<p>Durumun <strong>Rezerve Edilmedi<\/strong> ise, kimlik do\u011frulamas\u0131nda bir sorun oldu\u011fu veya rezervasyonda bir hata oldu\u011fu anlam\u0131na gelir, Yard\u0131m Merkezi \u00fczerinden Seyahat Ekibi ile ileti\u015fime ge\u00e7meyi unutma.<\/p>","fix_booking_status":"FIX rezervasyon durumu","if_your_status_is_not_registered_it_means_there_was_a_problem_with_your_identity_verification_or_there_is_an_error_with_your_reservation_be_sure_to_contact_the_travel_team_via_the_center_help":"<p>Durumun <strong>Kay\u0131tl\u0131<\/strong> de\u011filse, kimlik do\u011frulamas\u0131nda bir sorun oldu\u011fu veya rezervasyonunda bir hata oldu\u011fu anlam\u0131na gelir, Yard\u0131m Merkezi arac\u0131l\u0131\u011f\u0131yla Seyahat Ekibi ile ileti\u015fime ge\u00e7meyi unutma.<\/p>","discovereu_travel_app_account_2":"DiscoverEU Seyahat Uygulamas\u0131 Hesab\u0131","interrail_pass_2":"DiscoverEU Pass","identification":{"your_informations":"Senin Bilgilerin","personal_data":"Ki\u015fisel veriler","first_name":"\u0130lk isim","last_name":"Soyad\u0131","date_of_birth":"Do\u011fum tarihi","email":"E-posta","ticket_type":"Bilet t\u00fcr\u00fc","document_country":"Belge \u00fclkesi","statuses":"Durumlar","document_verification":"Belge do\u011frulama","booking_status":"Rezervasyon Durumu","discovereu_travel_app_account":"DiscoverEU Seyahat Uygulamas\u0131 Hesab\u0131","interrail_pass":"DiscoverEU Pass"}},"yoast_head":"<!-- This site is optimized with the Yoast SEO plugin v21.9.1 - https:\/\/yoast.com\/wordpress\/plugins\/seo\/ -->\n<title>Profile - DiscoverEU<\/title>\n<meta name=\"robots\" content=\"index, follow, max-snippet:-1, max-image-preview:large, max-video-preview:-1\" \/>\n<link rel=\"canonical\" href=\"https:\/\/www.start-discover.eu\/tr\/profile\" \/>\n<meta property=\"og:locale\" content=\"tr_TR\" \/>\n<meta property=\"og:type\" content=\"article\" \/>\n<meta property=\"og:title\" content=\"Profile - DiscoverEU\" \/>\n<meta property=\"og:url\" content=\"https:\/\/www.start-discover.eu\/tr\/profile\" \/>\n<meta property=\"og:site_name\" content=\"DiscoverEU\" \/>\n<meta property=\"article:modified_time\" content=\"2026-03-30T09:13:42+00:00\" \/>\n<meta property=\"og:image\" content=\"https:\/\/www.start-discover.eu\/app\/uploads\/2024\/07\/DEU-logo-1-scaled.jpg\" \/>\n\t<meta property=\"og:image:width\" content=\"2560\" \/>\n\t<meta property=\"og:image:height\" content=\"1440\" \/>\n\t<meta property=\"og:image:type\" content=\"image\/jpeg\" \/>\n<meta name=\"twitter:card\" content=\"summary_large_image\" \/>\n<script type=\"application\/ld+json\" class=\"yoast-schema-graph\">{\"@context\":\"https:\/\/schema.org\",\"@graph\":[{\"@type\":\"WebPage\",\"@id\":\"https:\/\/www.start-discover.eu\/tr\/profile\",\"url\":\"https:\/\/www.start-discover.eu\/tr\/profile\",\"name\":\"Profile - DiscoverEU\",\"isPartOf\":{\"@id\":\"https:\/\/www.start-discover.eu\/tr#website\"},\"datePublished\":\"2023-11-13T18:49:23+00:00\",\"dateModified\":\"2026-03-30T09:13:42+00:00\",\"breadcrumb\":{\"@id\":\"https:\/\/www.start-discover.eu\/tr\/profile#breadcrumb\"},\"inLanguage\":\"tr-TR\",\"potentialAction\":[{\"@type\":\"ReadAction\",\"target\":[\"https:\/\/www.start-discover.eu\/tr\/profile\"]}]},{\"@type\":\"BreadcrumbList\",\"@id\":\"https:\/\/www.start-discover.eu\/tr\/profile#breadcrumb\",\"itemListElement\":[{\"@type\":\"ListItem\",\"position\":1,\"name\":\"Home\",\"item\":\"https:\/\/www.start-discover.eu\/tr\"},{\"@type\":\"ListItem\",\"position\":2,\"name\":\"Profile\"}]},{\"@type\":\"WebSite\",\"@id\":\"https:\/\/www.start-discover.eu\/tr#website\",\"url\":\"https:\/\/www.start-discover.eu\/tr\",\"name\":\"DiscoverEU\",\"description\":\"\",\"publisher\":{\"@id\":\"https:\/\/www.start-discover.eu\/tr#organization\"},\"potentialAction\":[{\"@type\":\"SearchAction\",\"target\":{\"@type\":\"EntryPoint\",\"urlTemplate\":\"https:\/\/www.start-discover.eu\/tr?s={search_term_string}\"},\"query-input\":\"required name=search_term_string\"}],\"inLanguage\":\"tr-TR\"},{\"@type\":\"Organization\",\"@id\":\"https:\/\/www.start-discover.eu\/tr#organization\",\"name\":\"DiscoverEU\",\"url\":\"https:\/\/www.start-discover.eu\/tr\",\"logo\":{\"@type\":\"ImageObject\",\"inLanguage\":\"tr-TR\",\"@id\":\"https:\/\/www.start-discover.eu\/tr#\/schema\/logo\/image\/\",\"url\":\"https:\/\/www.start-discover.eu\/app\/uploads\/2024\/07\/DEU-logo-696x696-1-scaled.jpg\",\"contentUrl\":\"https:\/\/www.start-discover.eu\/app\/uploads\/2024\/07\/DEU-logo-696x696-1-scaled.jpg\",\"width\":2560,\"height\":2560,\"caption\":\"DiscoverEU\"},\"image\":{\"@id\":\"https:\/\/www.start-discover.eu\/tr#\/schema\/logo\/image\/\"}}]}<\/script>\n<!-- \/ Yoast SEO plugin. -->","yoast_head_json":{"title":"Profile - DiscoverEU","robots":{"index":"index","follow":"follow","max-snippet":"max-snippet:-1","max-image-preview":"max-image-preview:large","max-video-preview":"max-video-preview:-1"},"canonical":"https:\/\/www.start-discover.eu\/tr\/profile","og_locale":"tr_TR","og_type":"article","og_title":"Profile - DiscoverEU","og_url":"https:\/\/www.start-discover.eu\/tr\/profile","og_site_name":"DiscoverEU","article_modified_time":"2026-03-30T09:13:42+00:00","og_image":[{"width":2560,"height":1440,"url":"https:\/\/www.start-discover.eu\/app\/uploads\/2024\/07\/DEU-logo-1-scaled.jpg","type":"image\/jpeg"}],"twitter_card":"summary_large_image","schema":{"@context":"https:\/\/schema.org","@graph":[{"@type":"WebPage","@id":"https:\/\/www.start-discover.eu\/tr\/profile","url":"https:\/\/www.start-discover.eu\/tr\/profile","name":"Profile - DiscoverEU","isPartOf":{"@id":"https:\/\/www.start-discover.eu\/tr#website"},"datePublished":"2023-11-13T18:49:23+00:00","dateModified":"2026-03-30T09:13:42+00:00","breadcrumb":{"@id":"https:\/\/www.start-discover.eu\/tr\/profile#breadcrumb"},"inLanguage":"tr-TR","potentialAction":[{"@type":"ReadAction","target":["https:\/\/www.start-discover.eu\/tr\/profile"]}]},{"@type":"BreadcrumbList","@id":"https:\/\/www.start-discover.eu\/tr\/profile#breadcrumb","itemListElement":[{"@type":"ListItem","position":1,"name":"Home","item":"https:\/\/www.start-discover.eu\/tr"},{"@type":"ListItem","position":2,"name":"Profile"}]},{"@type":"WebSite","@id":"https:\/\/www.start-discover.eu\/tr#website","url":"https:\/\/www.start-discover.eu\/tr","name":"DiscoverEU","description":"","publisher":{"@id":"https:\/\/www.start-discover.eu\/tr#organization"},"potentialAction":[{"@type":"SearchAction","target":{"@type":"EntryPoint","urlTemplate":"https:\/\/www.start-discover.eu\/tr?s={search_term_string}"},"query-input":"required name=search_term_string"}],"inLanguage":"tr-TR"},{"@type":"Organization","@id":"https:\/\/www.start-discover.eu\/tr#organization","name":"DiscoverEU","url":"https:\/\/www.start-discover.eu\/tr","logo":{"@type":"ImageObject","inLanguage":"tr-TR","@id":"https:\/\/www.start-discover.eu\/tr#\/schema\/logo\/image\/","url":"https:\/\/www.start-discover.eu\/app\/uploads\/2024\/07\/DEU-logo-696x696-1-scaled.jpg","contentUrl":"https:\/\/www.start-discover.eu\/app\/uploads\/2024\/07\/DEU-logo-696x696-1-scaled.jpg","width":2560,"height":2560,"caption":"DiscoverEU"},"image":{"@id":"https:\/\/www.start-discover.eu\/tr#\/schema\/logo\/image\/"}}]}},"_links":{"self":[{"href":"https:\/\/www.start-discover.eu\/tr\/wp-json\/wp\/v2\/pages\/1868"}],"collection":[{"href":"https:\/\/www.start-discover.eu\/tr\/wp-json\/wp\/v2\/pages"}],"about":[{"href":"https:\/\/www.start-discover.eu\/tr\/wp-json\/wp\/v2\/types\/page"}],"author":[{"embeddable":true,"href":"https:\/\/www.start-discover.eu\/tr\/wp-json\/wp\/v2\/users\/2"}],"replies":[{"embeddable":true,"href":"https:\/\/www.start-discover.eu\/tr\/wp-json\/wp\/v2\/comments?post=1868"}],"version-history":[{"count":10,"href":"https:\/\/www.start-discover.eu\/tr\/wp-json\/wp\/v2\/pages\/1868\/revisions"}],"predecessor-version":[{"id":5540,"href":"https:\/\/www.start-discover.eu\/tr\/wp-json\/wp\/v2\/pages\/1868\/revisions\/5540"}],"wp:attachment":[{"href":"https:\/\/www.start-discover.eu\/tr\/wp-json\/wp\/v2\/media?parent=1868"}],"curies":[{"name":"wp","href":"https:\/\/api.w.org\/{rel}","templated":true}]}}