{"id":1973,"date":"2023-10-18T14:11:14","date_gmt":"2023-10-18T14:11:14","guid":{"rendered":"https:\/\/v2.start-discover.eu\/get-started"},"modified":"2026-01-02T15:22:12","modified_gmt":"2026-01-02T15:22:12","slug":"get-started","status":"publish","type":"page","link":"https:\/\/www.start-discover.eu\/sr\/get-started","title":{"rendered":"Get started"},"content":{"rendered":"","protected":false},"excerpt":{"rendered":"","protected":false},"author":10,"featured_media":0,"parent":0,"menu_order":0,"comment_status":"closed","ping_status":"closed","template":"","meta":{"footnotes":""},"acf":{"description":"<h1>Koji su koraci u postupku <span style=\"color: #f0679b;\">rezervacije<\/span>?<\/h1>\r\n<p>Nakon slanja va\u0161eg formulara za rezervaciju, kreira\u0107emo nalog za vas. Sve informacije dobi\u0107ete preko e-po\u0161te. Nalog c\u0301e vam omoguc\u0301iti pristup aplikaciji DiscoverEU Travel, gde mo\u017eete da proverite rute i vreme vozova da biste planirali putovanje, pristupite svojoj DiscoverEU European Youth Card kartici da biste imali koristi od hiljada popusta \u0161irom Evrope i pridru\u017eili se DiscoverEU zajednici da biste podelili svoja iskustva sa va\u0161im saputnicima. \u00ce\u021bi vei g\u0103si DiscoverEU Pass direct \u00een aplica\u021bie.<\/p>","steps_process":[{"title":"Pristupite svom formularu za rezervaciju","description":"<p>Acceseaz\u0103 linkul t\u0103u personal de rezervare (trimis c\u0103tre tine prin <strong>hello@start-discover.eu<\/strong>)<\/p>"},{"title":"Potvrdite svoj identitet","description":"<p>Kao deo va\u0161eg formulara za rezervaciju, od vas \u0107e se zatra\u017eiti da potvrdite svoj identitet.<\/p>"},{"title":"Po\u0161aljite svoj formular za rezervaciju","description":"<p>Kada budete spremni, popunite i po\u0161aljite svoj formular za rezervaciju<\/p>"}],"title_start_process":"Kako da zapo\u010dnem postupak rezervacije?","image_start_process":1974,"description_start_process":"<p>Vi (\u0107ete) dobijate(dobiti) poruku e-po\u0161te sa vezom za va\u0161u li\u010dnu rezervaciju.<\/p>\r\n<p>Da bi zavr\u0161io rezervaciju putovanja, mora\u0107e\u0161 da isplanira\u0161 nekoliko stvari. Najva\u017enije je da ima\u0161 spremnu li\u010dnu kartu ili paso\u0161 kako bi potvrdio svoj identitet.<\/p>\r\n<div>\r\n<p>Tokom popunjavanja formulara za rezervaciju, odre\u0111ene informacije \u0107e ve\u0107 biti unapred popunjene, na osnovu podataka koje smo dobili iz procesa verifikacije identiteta. Unapred popunjene informacije uklju\u010duju:<\/p>\r\n<ul>\r\n\t<li>Adresu e-po\u0161te<\/li>\r\n\t<li>Kod prijave<\/li>\r\n\t<li>Ime<\/li>\r\n\t<li>Prezime<\/li>\r\n\t<li>Datum ro\u0111enja<\/li>\r\n\t<li>Zemlju izdavanja li\u010dne karte\/paso\u0161a<\/li>\r\n<\/ul>\r\n<\/div>\r\n<p><strong>\u017delite vi\u0161e, detaljnije informacije?<\/strong><br \/>\r\nPogledajte Centar za pomo\u0107, gde mo\u017eete prona\u0107i odgovore na \u010desto postavljana pitanja.<br \/>\r\n<br \/>\r\n<\/p>","link_start_process":{"title":"Pogledajte Centar za pomo\u0107","url":"https:\/\/help.start-discover.eu\/","target":"_blank"},"title":"Sve \u0161to treba da zna\u0161 o DiscoverEU Pass-u","flexible_travel":{"title_flexible":"-","sub_title":"DiscoverEU Interrail propusnica","paragraph":"Budite gde god \u017eelite da budete, potpuno fleksibilni\r\n","flexible_option":[{"icon":2845,"title":"Putujte bez unapred odre\u0111enih datuma i destinacija","paragraph":"<p>Potvrdite svoju Interrail mobilnu propusnicu i nastavite kasnije sa svojim istra\u017eivanjem. Ima\u0107ete mogu\u0107nost da koristite svoju mobilnu propusnicu u aplikaciji DiscoverEU Travel. Svoju propusnicu mo\u017eete aktivirati do dana po\u010detka putovanja. Tokom va\u0161eg putovanja, planirajte u hodu, menjajte smerove i neka se putovanje odvija svojim tokom.<\/p>","important":false},{"icon":2847,"title":"Putujte vozovima 7 dana u okviru perioda od 1 meseca","paragraph":"<p>Propusnicu mo\u017eete koristiti u toku 7 dana po va\u0161em izboru u periodu od 1 meseca. Putujte uzastopno, dan za danom, ili rasporedite u toku meseca.<br \/>\r\nSve mo\u017eete da uredite direktno preko DiscoverEU Travel aplikacije.<\/p>","important":false},{"icon":550,"title":"Putuj sam(a) ili u grupi","paragraph":"<p>Ti odlu\u010duje\u0161 da li \u0107e\u0161 putovati sam(a) ili u grupi. Ti bira\u0161 s kim putuje\u0161 kad se prijavljuje\u0161 za DiscoverEU, a svoj izbor mo\u017ee\u0161 da promeni\u0161 i dok traje putovanje. Ako putuje\u0161 u grupi, svaki \u010dlan grupe \u0107e imati svoju propusnicu.<\/p>","important":false},{"icon":494,"title":"Putovanje u dr\u017eavi boravi\u0161ta","paragraph":"<p>Va\u0161u propusnicu mo\u017eete koristiti za dva odre\u0111ena puta u svojoj dr\u017eavi boravka (\u0161to se zove odlazno i dolazno putovanje). Mo\u017eete putovati sa bilo koje lokacije u zemlji boravi\u0161ta do granice ili aerodroma ili luke, mo\u017eete putovati sa vi\u0161e vozova, pod uslovom da su putovanja na isti dan putovanja.<\/p>","important":false},{"icon":466,"title":"Putujte u svom tempu","paragraph":"<p>Uz svoju mobilnu propusnicu mo\u017eete da ostanete du\u017ee u gradu, ili da ranije krenete sa destinacije nego \u0161to ste to planirali.\u00a0 Imate problema na svojim putovanjima, kao \u0161to je ka\u0161njenje ili otkazivanje voza? Mo\u017eete da uzmete slede\u0107i voz ili da promenite svoju rutu.<\/p>","important":false},{"icon":606,"title":"Va\u017eno da znate","paragraph":"<p>Pre ukrcavanja na voz, autobus ili brod, svako putovanje mora se zabele\u017eiti na DiscoverEU Travel aplikaciji u odeljku \u2018Moj put\u2019 i mora se dodati na va\u0161oj Interrail propusnici za mobilni telefon. Neki vozovi za velike distance zahtevaju dodatne rezervacije za sedi\u0161ta.<\/p>","important":true}]},"fixed_travel":{"title":"Opcija za fiksno putovanje","sub_title":"Karte od ta\u010dke do ta\u010dke","paragraph":"Opcije koje su fiksne i pode\u0161ene, va\u0161a ruta ne mo\u017ee se promeniti.\r\n","fixed_option":[{"icon":2846,"title":"Putovanje u skladu sa unapred postavljenim destinacijama","paragraph":"<p>Istra\u017eite i planirajte svoj put pre potvrde va\u0161ih karata za putovanje. Va\u0161a ruta za putovanje bi\u0107e rezervisana sa kartama od ta\u010dke do ta\u010dke, i ne\u0107e postojati mogu\u0107nost modifikacije.<\/p>","important":false},{"icon":2848,"title":"Putovanje u skladu sa fiksnim planiranjem","paragraph":"<p>Znate kada \u017eelite da putujete. Imate spremne datume, imate fiksnu rutu i spremni ste da se ve\u017eete za odre\u0111eni datum i voz.<\/p>","important":false},{"icon":578,"title":"Putujte u grupi","paragraph":"<p>Samo oni koji su uklju\u010deni u grupu ima\u0107e mogu\u0107nost putovanja u grupi. Da biste putovali u grupi, svi pojedinci u grupi moraju da osiguraju popunjavanje formulara za rezervaciju puta.<\/p>","important":false},{"icon":494,"title":"Putovanje u dr\u017eavi boravi\u0161ta","paragraph":"<p>Va\u0161 odlazak i dolazak za putovanje bi\u0107e rezervisani kao karte za destinaciju od ta\u010dke do ta\u010dke. Mo\u017eete da putujete sa vi\u0161e vozova, ako je va\u0161a prva destinacija u inostranstvu.<\/p>","important":false},{"icon":522,"title":"Izmene putovanja","paragraph":"<p>Karte \u0107e biti rezervisane samo za odre\u0111eni voz, bez mogu\u0107nosti promena za planove putovanja. Evropska komisija nec\u0301e snositi nikakve dodatne naknade za modifikacije, nove rezervacije ili druge tro\u0161kove na koje nai\u0111ete tokom putovanja.<\/p>","important":false},{"icon":606,"title":"Va\u017eno da znate","paragraph":"<p>Planovi putovanja od ta\u010dke do ta\u010dke bic\u0301e ograni\u010deni na vozove koji dozvoljavaju rezervaciju karata preko interneta. U slu\u010daju otkazivanja ili ka\u0161njenja, putnik treba da kontaktira direktno transportnu kompaniju. Saznajte vi\u0161e o pravima putnika u EU\u00a0ovde.<\/p>","important":true}]},"link_travel_option":{"title":"Odvedi me do Centra za pomo\u0107","url":"https:\/\/help.start-discover.eu\/","target":"_blank"}},"yoast_head":"<!-- This site is optimized with the Yoast SEO plugin v21.9.1 - https:\/\/yoast.com\/wordpress\/plugins\/seo\/ -->\n<title>Get started - DiscoverEU<\/title>\n<meta name=\"robots\" content=\"index, follow, max-snippet:-1, max-image-preview:large, max-video-preview:-1\" \/>\n<link rel=\"canonical\" href=\"https:\/\/www.start-discover.eu\/sr\/get-started\" \/>\n<meta property=\"og:locale\" content=\"sr_RS\" \/>\n<meta property=\"og:type\" content=\"article\" \/>\n<meta property=\"og:title\" content=\"Get started - DiscoverEU\" \/>\n<meta property=\"og:url\" content=\"https:\/\/www.start-discover.eu\/sr\/get-started\" \/>\n<meta property=\"og:site_name\" content=\"DiscoverEU\" \/>\n<meta property=\"article:modified_time\" content=\"2026-01-02T15:22:12+00:00\" \/>\n<meta property=\"og:image\" content=\"https:\/\/www.start-discover.eu\/app\/uploads\/2024\/07\/DEU-logo-1-scaled.jpg\" \/>\n\t<meta property=\"og:image:width\" content=\"2560\" \/>\n\t<meta property=\"og:image:height\" content=\"1440\" \/>\n\t<meta property=\"og:image:type\" content=\"image\/jpeg\" \/>\n<meta name=\"twitter:card\" content=\"summary_large_image\" \/>\n<script type=\"application\/ld+json\" class=\"yoast-schema-graph\">{\"@context\":\"https:\/\/schema.org\",\"@graph\":[{\"@type\":\"WebPage\",\"@id\":\"https:\/\/www.start-discover.eu\/sr\/get-started\",\"url\":\"https:\/\/www.start-discover.eu\/sr\/get-started\",\"name\":\"Get started - DiscoverEU\",\"isPartOf\":{\"@id\":\"https:\/\/www.start-discover.eu\/sr#website\"},\"datePublished\":\"2023-10-18T14:11:14+00:00\",\"dateModified\":\"2026-01-02T15:22:12+00:00\",\"breadcrumb\":{\"@id\":\"https:\/\/www.start-discover.eu\/sr\/get-started#breadcrumb\"},\"inLanguage\":\"sr-RS\",\"potentialAction\":[{\"@type\":\"ReadAction\",\"target\":[\"https:\/\/www.start-discover.eu\/sr\/get-started\"]}]},{\"@type\":\"BreadcrumbList\",\"@id\":\"https:\/\/www.start-discover.eu\/sr\/get-started#breadcrumb\",\"itemListElement\":[{\"@type\":\"ListItem\",\"position\":1,\"name\":\"Home\",\"item\":\"https:\/\/www.start-discover.eu\/sr\"},{\"@type\":\"ListItem\",\"position\":2,\"name\":\"Get started\"}]},{\"@type\":\"WebSite\",\"@id\":\"https:\/\/www.start-discover.eu\/sr#website\",\"url\":\"https:\/\/www.start-discover.eu\/sr\",\"name\":\"DiscoverEU\",\"description\":\"\",\"publisher\":{\"@id\":\"https:\/\/www.start-discover.eu\/sr#organization\"},\"potentialAction\":[{\"@type\":\"SearchAction\",\"target\":{\"@type\":\"EntryPoint\",\"urlTemplate\":\"https:\/\/www.start-discover.eu\/sr?s={search_term_string}\"},\"query-input\":\"required name=search_term_string\"}],\"inLanguage\":\"sr-RS\"},{\"@type\":\"Organization\",\"@id\":\"https:\/\/www.start-discover.eu\/sr#organization\",\"name\":\"DiscoverEU\",\"url\":\"https:\/\/www.start-discover.eu\/sr\",\"logo\":{\"@type\":\"ImageObject\",\"inLanguage\":\"sr-RS\",\"@id\":\"https:\/\/www.start-discover.eu\/sr#\/schema\/logo\/image\/\",\"url\":\"https:\/\/www.start-discover.eu\/app\/uploads\/2024\/07\/DEU-logo-696x696-1-scaled.jpg\",\"contentUrl\":\"https:\/\/www.start-discover.eu\/app\/uploads\/2024\/07\/DEU-logo-696x696-1-scaled.jpg\",\"width\":2560,\"height\":2560,\"caption\":\"DiscoverEU\"},\"image\":{\"@id\":\"https:\/\/www.start-discover.eu\/sr#\/schema\/logo\/image\/\"}}]}<\/script>\n<!-- \/ Yoast SEO plugin. -->","yoast_head_json":{"title":"Get started - DiscoverEU","robots":{"index":"index","follow":"follow","max-snippet":"max-snippet:-1","max-image-preview":"max-image-preview:large","max-video-preview":"max-video-preview:-1"},"canonical":"https:\/\/www.start-discover.eu\/sr\/get-started","og_locale":"sr_RS","og_type":"article","og_title":"Get started - DiscoverEU","og_url":"https:\/\/www.start-discover.eu\/sr\/get-started","og_site_name":"DiscoverEU","article_modified_time":"2026-01-02T15:22:12+00:00","og_image":[{"width":2560,"height":1440,"url":"https:\/\/www.start-discover.eu\/app\/uploads\/2024\/07\/DEU-logo-1-scaled.jpg","type":"image\/jpeg"}],"twitter_card":"summary_large_image","schema":{"@context":"https:\/\/schema.org","@graph":[{"@type":"WebPage","@id":"https:\/\/www.start-discover.eu\/sr\/get-started","url":"https:\/\/www.start-discover.eu\/sr\/get-started","name":"Get started - DiscoverEU","isPartOf":{"@id":"https:\/\/www.start-discover.eu\/sr#website"},"datePublished":"2023-10-18T14:11:14+00:00","dateModified":"2026-01-02T15:22:12+00:00","breadcrumb":{"@id":"https:\/\/www.start-discover.eu\/sr\/get-started#breadcrumb"},"inLanguage":"sr-RS","potentialAction":[{"@type":"ReadAction","target":["https:\/\/www.start-discover.eu\/sr\/get-started"]}]},{"@type":"BreadcrumbList","@id":"https:\/\/www.start-discover.eu\/sr\/get-started#breadcrumb","itemListElement":[{"@type":"ListItem","position":1,"name":"Home","item":"https:\/\/www.start-discover.eu\/sr"},{"@type":"ListItem","position":2,"name":"Get started"}]},{"@type":"WebSite","@id":"https:\/\/www.start-discover.eu\/sr#website","url":"https:\/\/www.start-discover.eu\/sr","name":"DiscoverEU","description":"","publisher":{"@id":"https:\/\/www.start-discover.eu\/sr#organization"},"potentialAction":[{"@type":"SearchAction","target":{"@type":"EntryPoint","urlTemplate":"https:\/\/www.start-discover.eu\/sr?s={search_term_string}"},"query-input":"required name=search_term_string"}],"inLanguage":"sr-RS"},{"@type":"Organization","@id":"https:\/\/www.start-discover.eu\/sr#organization","name":"DiscoverEU","url":"https:\/\/www.start-discover.eu\/sr","logo":{"@type":"ImageObject","inLanguage":"sr-RS","@id":"https:\/\/www.start-discover.eu\/sr#\/schema\/logo\/image\/","url":"https:\/\/www.start-discover.eu\/app\/uploads\/2024\/07\/DEU-logo-696x696-1-scaled.jpg","contentUrl":"https:\/\/www.start-discover.eu\/app\/uploads\/2024\/07\/DEU-logo-696x696-1-scaled.jpg","width":2560,"height":2560,"caption":"DiscoverEU"},"image":{"@id":"https:\/\/www.start-discover.eu\/sr#\/schema\/logo\/image\/"}}]}},"_links":{"self":[{"href":"https:\/\/www.start-discover.eu\/sr\/wp-json\/wp\/v2\/pages\/1973"}],"collection":[{"href":"https:\/\/www.start-discover.eu\/sr\/wp-json\/wp\/v2\/pages"}],"about":[{"href":"https:\/\/www.start-discover.eu\/sr\/wp-json\/wp\/v2\/types\/page"}],"author":[{"embeddable":true,"href":"https:\/\/www.start-discover.eu\/sr\/wp-json\/wp\/v2\/users\/10"}],"replies":[{"embeddable":true,"href":"https:\/\/www.start-discover.eu\/sr\/wp-json\/wp\/v2\/comments?post=1973"}],"version-history":[{"count":6,"href":"https:\/\/www.start-discover.eu\/sr\/wp-json\/wp\/v2\/pages\/1973\/revisions"}],"predecessor-version":[{"id":4837,"href":"https:\/\/www.start-discover.eu\/sr\/wp-json\/wp\/v2\/pages\/1973\/revisions\/4837"}],"wp:attachment":[{"href":"https:\/\/www.start-discover.eu\/sr\/wp-json\/wp\/v2\/media?parent=1973"}],"curies":[{"name":"wp","href":"https:\/\/api.w.org\/{rel}","templated":true}]}}