{"id":1863,"date":"2023-11-13T18:49:23","date_gmt":"2023-11-13T18:49:23","guid":{"rendered":"https:\/\/v2.start-discover.eu\/profile"},"modified":"2026-03-30T08:27:28","modified_gmt":"2026-03-30T08:27:28","slug":"profile","status":"publish","type":"page","link":"https:\/\/www.start-discover.eu\/sr\/profile","title":{"rendered":"Profile"},"content":{"rendered":"","protected":false},"excerpt":{"rendered":"","protected":false},"author":2,"featured_media":0,"parent":0,"menu_order":0,"comment_status":"closed","ping_status":"closed","template":"","meta":{"footnotes":""},"acf":{"email":"<p>Zdravo {{firstname}}<\/p>\r\n<p>Hvala vam \u0161to ste popunili #DiscoverEU anketu.<\/p>\r\n<p>Va\u0161a potvrda o u\u010de\u0161c\u0301u je sada dostupna na va\u0161em #DiscoverEU profilu.<\/p>\r\n<p>Potrebno je samo da pristupite linku obrasca za rezervaciju, onom koji ste koristili da zatra\u017eite svoju #DiscoverEU propusnicu (veza po\u010dinje sa \u201e<a href=\"http:\/\/registrations.start-discover.eu\/\">registrations.start-discover.eu<\/a>\u201c) i kliknite na dugme \u201ePreuzmite svoju #DiscoverEU potvrdu o u\u010de\u0161c\u0301u\u201c.<\/p>\r\n<p>Nadamo se da ste stvorili nezaboravne uspomene!<\/p>\r\n<p>\u017delec\u0301i Vam sve najbolje.<\/p>\r\n<p>Putni\u010dki tim DiscoverEU<\/p>","infobox":{"title":"Va\u0161 sertifikat o u\u010de\u0161c\u0301u je spreman.","textual_content":"Mo\u017eete ga preuzeti klikom na dugme ispod.","button_label":"Preuzmite svoj #DiscoverEU sertifikat o u\u010de\u0161c\u0301u"},"intro":{"title":{"hello_name":"Zdravo {{firstname}}","welcome_on_your_discovereu_profile":"Dobro do\u0161ao\/la na svoj DiscoverEU profil!"},"this_page_gathers_all_the_information_necessary":"Ova stranica prikuplja sve informacije potrebne za tvoje putovanje, kao i podatke i status registracije."},"status_created":{"it_looks_like_you_havent_filled_out_your_booking_form_yet":"Izgleda da jo\u0161 uvek nisi ispunio\/la svoj obrazac za rezervaciju","dont_wait_too_long_created":"Nemoj predugo da \u010deka\u0161, mora\u0161 ga ispuniti do {{closing_date}}!","go_to_the_booking_form":"Idi na obrazac za rezervaciju"},"requests_and_forms_section":{"visa_form_title":"Zahtev za vizu:","refund_form_title":"Zahtev za povra\u0107aj novca:","visa_form_label":"Pozivno pismo i obrazac zahteva za putno osiguranje","refund_form_label":"Obrazac za nadoknadu","visa_form_processing":"Obrada zahteva","refund_form_processing":"Obrada zahteva","visa_form_processed":"Zahtev tretiran","refund_form_processed":"Zahtev tretiran"},"status_initialized":{"it_looks_like_you_havent_finished_filled_out_your_booking_form_yet":"Izgleda da jo\u0161 uvek nisi ispunio\/la svoj obrazac za rezervaciju","dont_wait_too_long_initialized":"Nemoj predugo da \u010deka\u0161, mora\u0161 ga ispuniti do {{closing_date}}!","continue_to_complete_your_booking_form":"Nastavi da popuni\u0161 svoj obrazac za rezervaciju"},"status_pending":{"your_identity_documents_are_being_checked":"Proveravamo tvoje identifikacione dokumente","once_your_identity_has_been_verified":"Kada budemo potvrdili tvoj identitet, dobi\u0107e\u0161 automatsku potvrdu putem imejla. U naslovu tog imejla pi\u0161e \"Tvoj zahtev je potvr\u0111en - evo i ostalog\" i sti\u0107i \u0107e ti sa \"customerservice@interrail.eu\" adrese.","tip:_check_your_spam":"Savet: proveri ne\u017eeljenu po\u0161tu","learn_more_about_verifying_my_documents":"Saznaj vi\u0161e o verifikaciji tvojih dokumenata","learn_more_about_verifying_my_documents_url":"https:\/\/registrations.start-discover.eu\/images\/EU_DiscoverEU_GuideID_en.jpg"},"status_declined_first_try":{"couldnt_verify_identity_documents":"Pa\u017enja: va\u0161 obrazac za rezervaciju jo\u0161 nije popunjen","submitting_documents_a_second_time":"Dokumenti koje si poslao\/la da potvrdi\u0161 svoj identitet nisu prihva\u0107eni. Mo\u017ee\u0161 poku\u0161ati da ih po\u0161alje\u0161 drugi put.","back_to_submission_step":"Nazad na korak slanja","warning_can_only_submit_documents_twice":"Upozorenje : svoje dokumente mo\u017ee\u0161 da po\u0161alje\u0161 samo dvaput."},"status_declined_second_try":{"identity_documents_could_not_be_verified_twice":"Pa\u017enja: va\u0161 obrazac za rezervaciju jo\u0161 nije popunjen","not_accepted_for_the_second_time":"Dokumenti koje si poslao\/la da potvrdi\u0161 svoj identitet nisu prihva\u0107eni ni drugi put. Kontaktiraj nas da re\u0161imo ovaj problem."},"status_success":{"flex_stnd":{"congratulations_your_reservation_is_completed_and_validated":"\u010cestitamo, va\u0161 obrazac za rezervaciju je popunjen i potvr\u0111en!","your_pass_is_available_in_your_email":"<p>Va\u0161a propusnica je poslata na va\u0161 email. Ako je ne vidite, proverite fasciklu sa ne\u017eeljenom po\u0161tom. Ako je i dalje nema, kontaktirajte Tim za putovanja preko stranice Podnesite zahtev u <a href=\"https:\/\/discovereu-wave6.zendesk.com\/hc\/en-gb\/requests\/new\"><strong>Centru za pomo\u0107<\/strong><\/a>.<br \/>\r\n<br \/>\r\n<\/p>"},"flex_ovs":{"congratulations_your_reservation_is_completed_and_validated":"\u010cestitamo, tvoja rezervacija je zavr\u0161ena i potvr\u0111ena!","the_travel_team_will_contact_you_three_months_before_your_departure_date_to_book_your_flights":"Dobi\u0107e\u0161 svoju propusnicu u imejlu. Ako ni\u0161ta nije stiglo, proveri ne\u017eeljenu po\u0161tu. U suprotnom, slobodno se obrati na\u0161em timu za putovanja putem stranice ,,Po\u0161alji zahtev\" u Centru za pomo\u0107. Tim za putovanja \u0107e te kontaktirati tri meseca pre datuma polaska da rezervi\u0161emo tvoje letove."},"fix_stnd":{"congratulations_your_reservation_is_completed_and_validated":"\u010cestitamo, tvoja rezervacija je zavr\u0161ena i potvr\u0111ena!","the_travel_team_will_contact_you_three_months_before_your_departure_date_to_book_your_fix_trip":"Tim za putovanja \u0107e te kontaktirati tri meseca pre datuma polaska da rezervi\u0161emo tvoje FIX putovanje."},"fix_ovs":{"congratulations_your_reservation_is_completed_and_validated":"\u010cestitamo, tvoja rezervacija je zavr\u0161ena i potvr\u0111ena!","the_travel_team_will_contact_you_three_months_before_your_departure_date_to_book_your_flights":"Tim za putovanja \u0107e te kontaktirati tri meseca pre datuma polaska kako biste rezervisali svoje FIX putovanje i avionske karte."}},"status_accessibility":{"booking_form_completed":"Tvoj formular za rezervaciju je popunjen.","flex_pass_will_be_issued_only_if_you_have_any_accessibility_needs":"Trebao\/la bi da si primio\/la e-mail u vezi sa tvojim potrebama za pristupa\u010dnost. Molimo te da odgovori\u0161 timu za putovanja putem kontakt forme kako bismo ti izdali propusnicu."},"discovereu_community_section":{"discovereu_community":"DiscoverEU zajednica","looking_to_make_the_most_of_your_exciting_journey":"<p>\u017deli\u0161 da maksimalno iskoristi\u0161 svoje uzbudljivo putovanje, otkrivaju\u0107i Evropu?<\/p>\r\n<p>DiscoverEU zajednica je tu za TEBE, da se okupi\u0161 i upozna\u0161 sa novim ljudima, razgovara\u0161 i podeli\u0161 svoje planove za putovanje, sklopi\u0161 prijateljstva i prona\u0111e\u0161 inspiraciju kako da najbolje iskusi\u0161 svoje DiscoverEU putovanje!<\/p>","join_the_#discovereu_community_label":"PRIDRU\u017dI SE #DiscoverEU zajednici*","join_the_#discovereu_community_url":"https:\/\/discovereucommunity.interrail.eu\/","accessible_through_the_discovereu_travel_app":"*dostupno putem DiscoverEU Travel aplikacije ili direktno uz informacije tvog DiscoverEU Travel App naloga"},"european_youth_card_section":{"european_youth_card":"Evropska omladinska kartica","with_your_discovereu_pass_you_have_won_the_european_youth_card":"<p>Uz svoju DiscoverEU propusnicu, dobija\u0161 i evropsku omladinsku karticu !<\/p>\r\n<p>Zahvaljuju\u0107i evropskoj omladinskoj kartici, mo\u017ee\u0161 dobiti popuste na sme\u0161taj, obilaske, lokalni prevoz i jo\u0161 mnogo toga. Na\u0107i \u0107e\u0161 je u svojoj DiscoverEU Travel aplikaciji, u odeljku ,,vi\u0161e\".<\/p>"},"help_centre_articles_section":{"help_centre_articles":"\u010clanci Centra za pomo\u0107","you_can_find_below_a_selection_of_articles":"U nastavku \u0107e\u0161 prona\u0107i odabrane \u010dlankove koji ti mogu pomo\u0107i da zapo\u010dne\u0161 pripreme za svoje DiscoverEU putovanje.","flex_faq_links":{"how_to_get_started_with_your_interrail_mobile_pass":"How to get started with your Interrail Mobile Pass?","how_to_get_started_with_your_interrail_mobile_pass_url":"https:\/\/discovereu-wave6.zendesk.com\/hc\/en-gb\/articles\/6066864956945-How-to-get-started-with-your-Interrail-Mobile-Pass-","what_are_10_things_you_should_know_about_the_interrail_pass":"What are 10 things you should know about the Interrail Pass?","what_are_10_things_you_should_know_about_the_interrail_pass_url":"https:\/\/discovereu-wave6.zendesk.com\/hc\/en-gb\/articles\/11909290422673-What-are-10-things-you-should-know-about-the-Interrail-Pass-"}},"all_travellers_faq_links":{"travel_tips":"Travel Tips","travel_tips_url":"https:\/\/discovereu-wave6.zendesk.com\/hc\/en-gb\/categories\/5768672491409-Travel-Tips","how_can_i_save_money_while_travelling":"How can I save money while travelling?","how_can_i_save_money_while_travelling_url":"https:\/\/discovereu-wave6.zendesk.com\/hc\/en-gb\/articles\/6066862630929-How-can-I-save-money-while-travelling-","how_to_connect_with_other_discovereu_travellers":"How to connect with other DiscoverEU travellers?","how_to_connect_with_other_discovereu_travellers_url":"https:\/\/discovereu-wave6.zendesk.com\/hc\/en-gb\/articles\/6066910634513-How-to-connect-with-other-DiscoverEU-travellers-","what_is_the_discovereu_european_youth_card":"What is the DiscoverEU European Youth Card?","what_is_the_discovereu_european_youth_card_url":"https:\/\/discovereu-wave6.zendesk.com\/hc\/en-gb\/articles\/6066928796689-What-is-the-DiscoverEU-European-Youth-Card-"},"contact_us":"Kontaktiraj nas","contact_us_url":"https:\/\/discovereu-wave6.zendesk.com\/hc\/en-gb\/requests\/new","login_items":{"email":"Imejl","password":"Lozinka","forgotten_password":"Zaboravljena lozinka  ?","modify_password_label":"Izmeni lozinku","login_label":"Prijavi se","log_out_label":"Odjavi se","new_password":"Nova lozinka","confirm_password":"Potvrdi svoju lozinku","back_to_login":"Vrati se na stranicu za prijavu","send_link":"Po\u0161alji link","your_are_not_firstname":"Ti nisi {{firstname}} ?"},"login_content":{"first_password_change":"Iz bezbednosnih razloga te molimo da promeni\u0161 prvobitnu lozinku.","email_for_password_modify":"Unesi imejl adresu koju koristi\u0161 za prijavu, a mi \u0107emo ti poslati link za resetovanje lozinke.","strong_password_choice":"Molimo te da odabere\u0161 jaku lozinku.","password_combination_instruction":"Odaberi kombinaciju slova, brojeva i specijalnih znakova.","change_your_password":"Promeni svoju lozinku","update_your_password":"A\u017euriraj svoju lozinku","sign_in_with_password":"Prijavi se pomo\u0107u lozinke"},"toasts_content":{"please_enter_a_valid_email_address":"Molimo te da unese\u0161 ispravnu imejl adresu","please_enter_your_email_address":"Molimo te da unese\u0161 svoju imejl adresu","please_enter_your_password":"Molimo te da unese\u0161 svoju lozinku","please_enter_your_new_password":"Molimo te da unese\u0161 svoju novu lozinku","redirecting_you_to_the_app":"Preusmeravamo te na aplikaciju\u2026","something_went_wrong":"Ne\u0161to je po\u0161lo naopako...","oops":"Ups...","sign_in":"Prijavi se","password_updated":"Lozinka je a\u017eurirana","password_reset":"Lozinka je resetovana","sent_email_with_link_to_reset_password":"Poslali smo ti imejl sa linkom da resetuje\u0161 svoju lozinku, mo\u017ee\u0161 da zatvori\u0161 ovaj prozor","password_6_characters":"Lozinka mora da ima bar 6 karaktera","password_characters_format":"Lozinka mora da ima bar jedno slovo, jedan broj i jedan specijalan znak"},"do_you_have_questions_about_your_reservation":"Da li ima\u0161 pitanja u vezi sa svojom rezervacijom?","identity_verification_status":"Status verifikacije identiteta","if_your_status_is_not_verified_be_sure_to_contact_the_travel_team_through_the_help_center":"<p>Ako tvoj status nije <strong>Verifikovan<\/strong>, obavezno kontaktiraj tim za putovanja putem Centra za pomo\u0107.<\/p>","reservation_status":"Status rezervacije","if_your_status_is_not_booked_it_means_there_was_a_problem_with_your_identity_verification_or_there_is_an_error_with_your_reservation_be_sure_to_contact_the_travel_team_via_the_center_help":"<p>Ako tvoj status nije <strong>Rezervisan<\/strong>, to zna\u010di da je do\u0161lo do problema sa verifikacijom tvog identiteta ili do gre\u0161ke u tvojoj rezervaciji, obavezno kontaktiraj tim za putovanja putem Centra za pomo\u0107.<\/p>","fix_booking_status":"Status FIX rezervacije","if_your_status_is_not_registered_it_means_there_was_a_problem_with_your_identity_verification_or_there_is_an_error_with_your_reservation_be_sure_to_contact_the_travel_team_via_the_center_help":"<p>Ako tvoj status nije <strong>Registrovan<\/strong>, to zna\u010di da je do\u0161lo do problema sa verifikacijom tvog identiteta ili do gre\u0161ke u tvojoj rezervaciji, obavezno kontaktiraj tim za putovanja putem Centra za pomo\u0107.<\/p>","discovereu_travel_app_account_2":"DiscoverEU Travel App nalog *","interrail_pass_2":"Interrail Pass karta","identification":{"your_informations":"Tvoji podaci","personal_data":"Li\u010dni podaci","first_name":"Ime","last_name":"Prezime","date_of_birth":"Datum ro\u0111enja","email":"Imejl adresa","ticket_type":"Vrsta karte","document_country":"Zemlja izdavanja dokumenata","statuses":"Statusi","document_verification":"Verifikacija dokumenata","booking_status":"Status rezervacije","discovereu_travel_app_account":"DiscoverEU Travel App nalog","interrail_pass":"DiscoverEU Pass"}},"yoast_head":"<!-- This site is optimized with the Yoast SEO plugin v21.9.1 - https:\/\/yoast.com\/wordpress\/plugins\/seo\/ -->\n<title>Profile - DiscoverEU<\/title>\n<meta name=\"robots\" content=\"index, follow, max-snippet:-1, max-image-preview:large, max-video-preview:-1\" \/>\n<link rel=\"canonical\" href=\"https:\/\/www.start-discover.eu\/sr\/profile\" \/>\n<meta property=\"og:locale\" content=\"sr_RS\" \/>\n<meta property=\"og:type\" content=\"article\" \/>\n<meta property=\"og:title\" content=\"Profile - DiscoverEU\" \/>\n<meta property=\"og:url\" content=\"https:\/\/www.start-discover.eu\/sr\/profile\" \/>\n<meta property=\"og:site_name\" content=\"DiscoverEU\" \/>\n<meta property=\"article:modified_time\" content=\"2026-03-30T08:27:28+00:00\" \/>\n<meta property=\"og:image\" content=\"https:\/\/www.start-discover.eu\/app\/uploads\/2024\/07\/DEU-logo-1-scaled.jpg\" \/>\n\t<meta property=\"og:image:width\" content=\"2560\" \/>\n\t<meta property=\"og:image:height\" content=\"1440\" \/>\n\t<meta property=\"og:image:type\" content=\"image\/jpeg\" \/>\n<meta name=\"twitter:card\" content=\"summary_large_image\" \/>\n<script type=\"application\/ld+json\" class=\"yoast-schema-graph\">{\"@context\":\"https:\/\/schema.org\",\"@graph\":[{\"@type\":\"WebPage\",\"@id\":\"https:\/\/www.start-discover.eu\/sr\/profile\",\"url\":\"https:\/\/www.start-discover.eu\/sr\/profile\",\"name\":\"Profile - DiscoverEU\",\"isPartOf\":{\"@id\":\"https:\/\/www.start-discover.eu\/sr#website\"},\"datePublished\":\"2023-11-13T18:49:23+00:00\",\"dateModified\":\"2026-03-30T08:27:28+00:00\",\"breadcrumb\":{\"@id\":\"https:\/\/www.start-discover.eu\/sr\/profile#breadcrumb\"},\"inLanguage\":\"sr-RS\",\"potentialAction\":[{\"@type\":\"ReadAction\",\"target\":[\"https:\/\/www.start-discover.eu\/sr\/profile\"]}]},{\"@type\":\"BreadcrumbList\",\"@id\":\"https:\/\/www.start-discover.eu\/sr\/profile#breadcrumb\",\"itemListElement\":[{\"@type\":\"ListItem\",\"position\":1,\"name\":\"Home\",\"item\":\"https:\/\/www.start-discover.eu\/sr\"},{\"@type\":\"ListItem\",\"position\":2,\"name\":\"Profile\"}]},{\"@type\":\"WebSite\",\"@id\":\"https:\/\/www.start-discover.eu\/sr#website\",\"url\":\"https:\/\/www.start-discover.eu\/sr\",\"name\":\"DiscoverEU\",\"description\":\"\",\"publisher\":{\"@id\":\"https:\/\/www.start-discover.eu\/sr#organization\"},\"potentialAction\":[{\"@type\":\"SearchAction\",\"target\":{\"@type\":\"EntryPoint\",\"urlTemplate\":\"https:\/\/www.start-discover.eu\/sr?s={search_term_string}\"},\"query-input\":\"required name=search_term_string\"}],\"inLanguage\":\"sr-RS\"},{\"@type\":\"Organization\",\"@id\":\"https:\/\/www.start-discover.eu\/sr#organization\",\"name\":\"DiscoverEU\",\"url\":\"https:\/\/www.start-discover.eu\/sr\",\"logo\":{\"@type\":\"ImageObject\",\"inLanguage\":\"sr-RS\",\"@id\":\"https:\/\/www.start-discover.eu\/sr#\/schema\/logo\/image\/\",\"url\":\"https:\/\/www.start-discover.eu\/app\/uploads\/2024\/07\/DEU-logo-696x696-1-scaled.jpg\",\"contentUrl\":\"https:\/\/www.start-discover.eu\/app\/uploads\/2024\/07\/DEU-logo-696x696-1-scaled.jpg\",\"width\":2560,\"height\":2560,\"caption\":\"DiscoverEU\"},\"image\":{\"@id\":\"https:\/\/www.start-discover.eu\/sr#\/schema\/logo\/image\/\"}}]}<\/script>\n<!-- \/ Yoast SEO plugin. -->","yoast_head_json":{"title":"Profile - DiscoverEU","robots":{"index":"index","follow":"follow","max-snippet":"max-snippet:-1","max-image-preview":"max-image-preview:large","max-video-preview":"max-video-preview:-1"},"canonical":"https:\/\/www.start-discover.eu\/sr\/profile","og_locale":"sr_RS","og_type":"article","og_title":"Profile - DiscoverEU","og_url":"https:\/\/www.start-discover.eu\/sr\/profile","og_site_name":"DiscoverEU","article_modified_time":"2026-03-30T08:27:28+00:00","og_image":[{"width":2560,"height":1440,"url":"https:\/\/www.start-discover.eu\/app\/uploads\/2024\/07\/DEU-logo-1-scaled.jpg","type":"image\/jpeg"}],"twitter_card":"summary_large_image","schema":{"@context":"https:\/\/schema.org","@graph":[{"@type":"WebPage","@id":"https:\/\/www.start-discover.eu\/sr\/profile","url":"https:\/\/www.start-discover.eu\/sr\/profile","name":"Profile - DiscoverEU","isPartOf":{"@id":"https:\/\/www.start-discover.eu\/sr#website"},"datePublished":"2023-11-13T18:49:23+00:00","dateModified":"2026-03-30T08:27:28+00:00","breadcrumb":{"@id":"https:\/\/www.start-discover.eu\/sr\/profile#breadcrumb"},"inLanguage":"sr-RS","potentialAction":[{"@type":"ReadAction","target":["https:\/\/www.start-discover.eu\/sr\/profile"]}]},{"@type":"BreadcrumbList","@id":"https:\/\/www.start-discover.eu\/sr\/profile#breadcrumb","itemListElement":[{"@type":"ListItem","position":1,"name":"Home","item":"https:\/\/www.start-discover.eu\/sr"},{"@type":"ListItem","position":2,"name":"Profile"}]},{"@type":"WebSite","@id":"https:\/\/www.start-discover.eu\/sr#website","url":"https:\/\/www.start-discover.eu\/sr","name":"DiscoverEU","description":"","publisher":{"@id":"https:\/\/www.start-discover.eu\/sr#organization"},"potentialAction":[{"@type":"SearchAction","target":{"@type":"EntryPoint","urlTemplate":"https:\/\/www.start-discover.eu\/sr?s={search_term_string}"},"query-input":"required name=search_term_string"}],"inLanguage":"sr-RS"},{"@type":"Organization","@id":"https:\/\/www.start-discover.eu\/sr#organization","name":"DiscoverEU","url":"https:\/\/www.start-discover.eu\/sr","logo":{"@type":"ImageObject","inLanguage":"sr-RS","@id":"https:\/\/www.start-discover.eu\/sr#\/schema\/logo\/image\/","url":"https:\/\/www.start-discover.eu\/app\/uploads\/2024\/07\/DEU-logo-696x696-1-scaled.jpg","contentUrl":"https:\/\/www.start-discover.eu\/app\/uploads\/2024\/07\/DEU-logo-696x696-1-scaled.jpg","width":2560,"height":2560,"caption":"DiscoverEU"},"image":{"@id":"https:\/\/www.start-discover.eu\/sr#\/schema\/logo\/image\/"}}]}},"_links":{"self":[{"href":"https:\/\/www.start-discover.eu\/sr\/wp-json\/wp\/v2\/pages\/1863"}],"collection":[{"href":"https:\/\/www.start-discover.eu\/sr\/wp-json\/wp\/v2\/pages"}],"about":[{"href":"https:\/\/www.start-discover.eu\/sr\/wp-json\/wp\/v2\/types\/page"}],"author":[{"embeddable":true,"href":"https:\/\/www.start-discover.eu\/sr\/wp-json\/wp\/v2\/users\/2"}],"replies":[{"embeddable":true,"href":"https:\/\/www.start-discover.eu\/sr\/wp-json\/wp\/v2\/comments?post=1863"}],"version-history":[{"count":9,"href":"https:\/\/www.start-discover.eu\/sr\/wp-json\/wp\/v2\/pages\/1863\/revisions"}],"predecessor-version":[{"id":5535,"href":"https:\/\/www.start-discover.eu\/sr\/wp-json\/wp\/v2\/pages\/1863\/revisions\/5535"}],"wp:attachment":[{"href":"https:\/\/www.start-discover.eu\/sr\/wp-json\/wp\/v2\/media?parent=1863"}],"curies":[{"name":"wp","href":"https:\/\/api.w.org\/{rel}","templated":true}]}}