{"id":1977,"date":"2023-10-18T14:11:14","date_gmt":"2023-10-18T14:11:14","guid":{"rendered":"https:\/\/v2.start-discover.eu\/get-started"},"modified":"2026-01-02T15:24:30","modified_gmt":"2026-01-02T15:24:30","slug":"get-started","status":"publish","type":"page","link":"https:\/\/www.start-discover.eu\/sl\/get-started","title":{"rendered":"Get started"},"content":{"rendered":"<p>&nbsp;<\/p>\n<p>&nbsp;<\/p>\n","protected":false},"excerpt":{"rendered":"<p>&nbsp; &nbsp;<\/p>\n","protected":false},"author":10,"featured_media":0,"parent":0,"menu_order":0,"comment_status":"closed","ping_status":"closed","template":"","meta":{"footnotes":""},"acf":{"description":"<h1>Kak\u0161ni so koraki za postopek <span style=\"color: #f0679b;\">rezervacije <\/span> potovanja?<\/h1>\r\n<p>Ob oddaji obrazca za rezervacijo ti bomo ustvarili ra\u010dun. Vse informacije prejme\u0161 po elektronski po\u0161ti. Ra\u010dun ti bo omogo\u010dil dostop do potovalne aplikacije DiscoverEU, v kateri lahko preveri\u0161 \u017eelezni\u0161ko mre\u017eo in \u010dase ter na\u010drtuje\u0161 svoje potovanje, dostopa\u0161 do kartice DiscoverEU European Youth Card in izkoristi\u0161 na tiso\u010de popustov po vsej Evropi ter se pridru\u017ei\u0161 skupnosti DiscoverEU in deli\u0161 svoje izku\u0161nje z drugimi potniki. Svoj DiscoverEU Pass bo\u0161 na\u0161el neposredno v aplikaciji.<\/p>","steps_process":[{"title":"Dostop do obrazca za rezervacijo","description":"<p>Dostopaj do svoje osebne povezave za rezervacijo (poslane ti prek <strong>hello@start-discover.eu<\/strong>)<\/p>"},{"title":"Potrdi svojo identiteto","description":"<p>Kot del obrazca za rezervacijo te bomo prosili, da potrdi\u0161 svojo identiteto.<\/p>"},{"title":"Po\u0161lji svoj obrazec za rezervacijo","description":"<p>Ko bo\u0161 pripravljen\/-a, izpolni in po\u0161lji svoj obrazec za rezervacijo<\/p>"}],"title_start_process":"Kako za\u010dnem s postopkom rezervacije?","image_start_process":1978,"description_start_process":"<p><strong>Prek e-po\u0161te bo\u0161 prejel\/-a povabilo s tvojo osebno povezavo do rezervacije.<\/strong><\/p>\r\n<p>Za dokon\u010danje rezervacije potovanja bo\u0161 moral na\u010drtovati nekaj stvari. Najpomembneje je, da ima\u0161 pripravljeno osebno izkaznico ali potni list za preverjanje identitete.<\/p>\r\n<div>\r\n<p>Med izpolnjevanjem obrazca za rezervacijo bodo dolo\u010deni podatki \u017ee vnaprej izpolnjeni na podlagi podatkov, ki smo jih pridobili iz postopka preverjanja identitete. Vnaprej izpolnjeni podatki vklju\u010dujejo:<\/p>\r\n<ul>\r\n\t<li>E-po\u0161tni naslov<\/li>\r\n\t<li>Koda prijave<\/li>\r\n\t<li>Ime<\/li>\r\n\t<li>Priimek<\/li>\r\n\t<li>Datum rojstva<\/li>\r\n\t<li>Dr\u017eava izdaje osebne izkaznice\/potnega lista<\/li>\r\n<\/ul>\r\n<\/div>\r\n<p><strong>Potrebuje\u0161 ve\u010d informacij?<\/strong><br \/>\r\nObi\u0161\u010di Center za pomo\u010d, kjer najde\u0161 odgovore na pogosto zastavljena vpra\u0161anja.<br \/>\r\n<br \/>\r\n<\/p>","link_start_process":{"title":"Zastavi svoje vpra\u0161anje Centru za pomo\u010d","url":"https:\/\/help.start-discover.eu\/","target":"_blank"},"title":"Vse, kar mora\u0161 vedeti o DiscoverEU Passu","flexible_travel":{"title_flexible":"-","sub_title":"Vozovnica DiscoverEU Interrail","paragraph":"Popolna prilagodljivost \u2013 bodi tam, kjer si \u017eeli\u0161 biti.\r\n","flexible_option":[{"icon":2797,"title":"Potuj brez predhodno dolo\u010denih datumov in destinacij.","paragraph":"<p>Potrdi svojo prilagodljivo vozovnico Interrail in zaklju\u010di svoje raziskovanje kasneje. Svojo mobilno vozovnico lahko uporablja\u0161 v aplikaciji DiscoverEU Travel. Svojo vozovnico lahko aktivira\u0161 do dneva, ko za\u010dne\u0161 s potovanjem.<br \/>\r\nMed potovanjem sproti na\u010drtuj ali spreminjaj cilje, in naj se potovanje odvija po svoje.<\/p>","important":false},{"icon":2799,"title":"Potuj z vlakom 7 dni v obdobju enega meseca.","paragraph":"<p>Vozovnico lahko v obdobju enega meseca uporablja\u0161 7 dni, ki jih izbere\u0161 sam\/-a. <br \/>\r\nPotuj v zaporednih dneh ali pa si dneve v izbranem mesecu porazdeli po svoje.<br \/>\r\nVse lahko uredi\u0161 v aplikaciji DiscoverEU Travel.<\/p>","important":false},{"icon":552,"title":"Potuj sam\/-a ali v skupini","paragraph":"<p>Tvoja odlo\u010ditev je, ali bo\u0161 potoval\/-a sam\/-a ali v skupini. Pri prijavi na DiscoverEU lahko izbere\u0161, s kom \u017eeli\u0161 potovati, kar lahko sredi potovanja spremeni\u0161. \u010ce potuje\u0161 v skupini, bo imel vsak \u010dlan skupine svojo vozovnico.<\/p>","important":false},{"icon":496,"title":"Potovanje v dr\u017eavi stalnega bivali\u0161\u010da","paragraph":"<p>Svojo vozovnico lahko uporabi\u0161 samo za dve dolo\u010deni potovanji v dr\u017eavi tvojega stalnega bivali\u0161\u010da (kar pomeni odhodno in povratno potovanje). Potuje\u0161 lahko od katere koli lokacije v dr\u017eavi stalnega prebivali\u0161\u010da do meje, letali\u0161\u010da ali pristani\u0161\u010da, lahko potuje\u0161 z ve\u010d kot enim vlakom, \u010de so potovanja na isti dan.<\/p>","important":false},{"icon":468,"title":"Potuj z lastnim tempom","paragraph":"<p>Z mobilno vozovnico se lahko v mestu zadr\u017ei\u0161 dlje \u010dasa ali pa destinacijo zapusti\u0161 prej kot na\u010drtovano. Se ti je na potovanju kaj zapletlo, na primer zaradi zamude ali odpovedi vlaka? Lahko gre\u0161 na naslednji vlak ali zamenja\u0161 pot.<\/p>","important":false},{"icon":608,"title":"Pomembno je vedeti","paragraph":"<p>Pred vstopom na vlak, avtobus ali ladjo je treba vsako potovanje zabele\u017eiti v aplikaciji DiscoverEU Travel v razdelku \"Moje potovanje\" in ga dodati v mobilno vozovnico Interrail. Pri nekaterih vlakih na dolge razdalje je treba opraviti dodatno rezervacijo sede\u017eev.<\/p>","important":true}]},"fixed_travel":{"title":"Fiksna mo\u017enost potovanja","sub_title":"Vozovnice od to\u010dke do to\u010dke","paragraph":"Fiksna in dolo\u010dena mo\u017enost, tvojega na\u010drta ni mogo\u010de spreminjati.\r\n","fixed_option":[{"icon":2798,"title":"Potovanje v vnaprej dolo\u010dene destinacije","paragraph":"<p>Razi\u0161\u010di in si pripravi na\u010drt svojega potovanja, preden potrdi\u0161 svoje vozovnice. Tvoje potovanje bo rezervirano od to\u010dke do to\u010dke in spremembe ne bodo mo\u017ene.<\/p>","important":false},{"icon":2800,"title":"Potuj po \u017ee dolo\u010denem na\u010drtu","paragraph":"<p>Ti ve\u0161, kdaj \u017eeli\u0161 potovati.<br \/>\r\nImej pripravljene datume in fiksen na\u010drt potovanja ter bodi pripravljen\/-a, da bo\u0161 potoval\/-a samo na dolo\u010den dan in z dolo\u010denim vlakom.<\/p>","important":false},{"icon":580,"title":"Potovanje v skupini","paragraph":"<p>Samo tisti, ki jim je bilo dodeljeno skupinsko potovanje, bodo lahko potovali kot skupina. Za potovanje v skupini morajo vsi posamezniki iz skupine izpolniti obrazec za rezervacijo potovanja.<\/p>","important":false},{"icon":496,"title":"Potovanje v dr\u017eavi stalnega bivali\u0161\u010da","paragraph":"<p>Tvoje odhodno in povratno potovanje bo rezervirano kot vozovnica od to\u010dke do to\u010dke. Lahko potuje\u0161 z enim ali ve\u010d vlaki, v kolikor je cilj potovanja v drugi dr\u017eavi.<\/p>","important":false},{"icon":524,"title":"Spremembe potovanja","paragraph":"<p>Vozovnice bodo rezervirane za to\u010dno dolo\u010dene vlake in spremembe ne bodo dovoljene. Evropska komisija ne krije nobenih dodatkov za spremembe, nove rezervacije ali druge stro\u0161ke, ki nastanejo med potovanjem.<\/p>","important":false},{"icon":608,"title":"Pomembno je vedeti","paragraph":"<p>Potovanja od to\u010dke do to\u010dke bodo omejena na vlake, ki omogo\u010dajo spletno rezervacijo vozovnic. V primeru odpovedi ali zamude se mora potnik obrniti neposredno na prevozno podjetje. Ve\u010d informacij o pravicah potnikov v EU najde\u0161 \u00a0tukaj.<\/p>","important":true}]},"link_travel_option":{"title":"Do centra za pomo\u010d","url":"https:\/\/help.start-discover.eu\/","target":"_blank"}},"yoast_head":"<!-- This site is optimized with the Yoast SEO plugin v21.9.1 - https:\/\/yoast.com\/wordpress\/plugins\/seo\/ -->\n<title>Get started - DiscoverEU<\/title>\n<meta name=\"robots\" content=\"index, follow, max-snippet:-1, max-image-preview:large, max-video-preview:-1\" \/>\n<link rel=\"canonical\" href=\"https:\/\/www.start-discover.eu\/sl\/get-started\" \/>\n<meta property=\"og:locale\" content=\"sl_SI\" \/>\n<meta property=\"og:type\" content=\"article\" \/>\n<meta property=\"og:title\" content=\"Get started - DiscoverEU\" \/>\n<meta property=\"og:description\" content=\"&nbsp; &nbsp;\" \/>\n<meta property=\"og:url\" content=\"https:\/\/www.start-discover.eu\/sl\/get-started\" \/>\n<meta property=\"og:site_name\" content=\"DiscoverEU\" \/>\n<meta property=\"article:modified_time\" content=\"2026-01-02T15:24:30+00:00\" \/>\n<meta property=\"og:image\" content=\"https:\/\/www.start-discover.eu\/app\/uploads\/2024\/07\/DEU-logo-1-scaled.jpg\" \/>\n\t<meta property=\"og:image:width\" content=\"2560\" \/>\n\t<meta property=\"og:image:height\" content=\"1440\" \/>\n\t<meta property=\"og:image:type\" content=\"image\/jpeg\" \/>\n<meta name=\"twitter:card\" content=\"summary_large_image\" \/>\n<script type=\"application\/ld+json\" class=\"yoast-schema-graph\">{\"@context\":\"https:\/\/schema.org\",\"@graph\":[{\"@type\":\"WebPage\",\"@id\":\"https:\/\/www.start-discover.eu\/sl\/get-started\",\"url\":\"https:\/\/www.start-discover.eu\/sl\/get-started\",\"name\":\"Get started - DiscoverEU\",\"isPartOf\":{\"@id\":\"https:\/\/www.start-discover.eu\/sl#website\"},\"datePublished\":\"2023-10-18T14:11:14+00:00\",\"dateModified\":\"2026-01-02T15:24:30+00:00\",\"breadcrumb\":{\"@id\":\"https:\/\/www.start-discover.eu\/sl\/get-started#breadcrumb\"},\"inLanguage\":\"sl-SI\",\"potentialAction\":[{\"@type\":\"ReadAction\",\"target\":[\"https:\/\/www.start-discover.eu\/sl\/get-started\"]}]},{\"@type\":\"BreadcrumbList\",\"@id\":\"https:\/\/www.start-discover.eu\/sl\/get-started#breadcrumb\",\"itemListElement\":[{\"@type\":\"ListItem\",\"position\":1,\"name\":\"Home\",\"item\":\"https:\/\/www.start-discover.eu\/sl\"},{\"@type\":\"ListItem\",\"position\":2,\"name\":\"Get started\"}]},{\"@type\":\"WebSite\",\"@id\":\"https:\/\/www.start-discover.eu\/sl#website\",\"url\":\"https:\/\/www.start-discover.eu\/sl\",\"name\":\"DiscoverEU\",\"description\":\"\",\"publisher\":{\"@id\":\"https:\/\/www.start-discover.eu\/sl#organization\"},\"potentialAction\":[{\"@type\":\"SearchAction\",\"target\":{\"@type\":\"EntryPoint\",\"urlTemplate\":\"https:\/\/www.start-discover.eu\/sl?s={search_term_string}\"},\"query-input\":\"required name=search_term_string\"}],\"inLanguage\":\"sl-SI\"},{\"@type\":\"Organization\",\"@id\":\"https:\/\/www.start-discover.eu\/sl#organization\",\"name\":\"DiscoverEU\",\"url\":\"https:\/\/www.start-discover.eu\/sl\",\"logo\":{\"@type\":\"ImageObject\",\"inLanguage\":\"sl-SI\",\"@id\":\"https:\/\/www.start-discover.eu\/sl#\/schema\/logo\/image\/\",\"url\":\"https:\/\/www.start-discover.eu\/app\/uploads\/2024\/07\/DEU-logo-696x696-1-scaled.jpg\",\"contentUrl\":\"https:\/\/www.start-discover.eu\/app\/uploads\/2024\/07\/DEU-logo-696x696-1-scaled.jpg\",\"width\":2560,\"height\":2560,\"caption\":\"DiscoverEU\"},\"image\":{\"@id\":\"https:\/\/www.start-discover.eu\/sl#\/schema\/logo\/image\/\"}}]}<\/script>\n<!-- \/ Yoast SEO plugin. -->","yoast_head_json":{"title":"Get started - DiscoverEU","robots":{"index":"index","follow":"follow","max-snippet":"max-snippet:-1","max-image-preview":"max-image-preview:large","max-video-preview":"max-video-preview:-1"},"canonical":"https:\/\/www.start-discover.eu\/sl\/get-started","og_locale":"sl_SI","og_type":"article","og_title":"Get started - DiscoverEU","og_description":"&nbsp; &nbsp;","og_url":"https:\/\/www.start-discover.eu\/sl\/get-started","og_site_name":"DiscoverEU","article_modified_time":"2026-01-02T15:24:30+00:00","og_image":[{"width":2560,"height":1440,"url":"https:\/\/www.start-discover.eu\/app\/uploads\/2024\/07\/DEU-logo-1-scaled.jpg","type":"image\/jpeg"}],"twitter_card":"summary_large_image","schema":{"@context":"https:\/\/schema.org","@graph":[{"@type":"WebPage","@id":"https:\/\/www.start-discover.eu\/sl\/get-started","url":"https:\/\/www.start-discover.eu\/sl\/get-started","name":"Get started - DiscoverEU","isPartOf":{"@id":"https:\/\/www.start-discover.eu\/sl#website"},"datePublished":"2023-10-18T14:11:14+00:00","dateModified":"2026-01-02T15:24:30+00:00","breadcrumb":{"@id":"https:\/\/www.start-discover.eu\/sl\/get-started#breadcrumb"},"inLanguage":"sl-SI","potentialAction":[{"@type":"ReadAction","target":["https:\/\/www.start-discover.eu\/sl\/get-started"]}]},{"@type":"BreadcrumbList","@id":"https:\/\/www.start-discover.eu\/sl\/get-started#breadcrumb","itemListElement":[{"@type":"ListItem","position":1,"name":"Home","item":"https:\/\/www.start-discover.eu\/sl"},{"@type":"ListItem","position":2,"name":"Get started"}]},{"@type":"WebSite","@id":"https:\/\/www.start-discover.eu\/sl#website","url":"https:\/\/www.start-discover.eu\/sl","name":"DiscoverEU","description":"","publisher":{"@id":"https:\/\/www.start-discover.eu\/sl#organization"},"potentialAction":[{"@type":"SearchAction","target":{"@type":"EntryPoint","urlTemplate":"https:\/\/www.start-discover.eu\/sl?s={search_term_string}"},"query-input":"required name=search_term_string"}],"inLanguage":"sl-SI"},{"@type":"Organization","@id":"https:\/\/www.start-discover.eu\/sl#organization","name":"DiscoverEU","url":"https:\/\/www.start-discover.eu\/sl","logo":{"@type":"ImageObject","inLanguage":"sl-SI","@id":"https:\/\/www.start-discover.eu\/sl#\/schema\/logo\/image\/","url":"https:\/\/www.start-discover.eu\/app\/uploads\/2024\/07\/DEU-logo-696x696-1-scaled.jpg","contentUrl":"https:\/\/www.start-discover.eu\/app\/uploads\/2024\/07\/DEU-logo-696x696-1-scaled.jpg","width":2560,"height":2560,"caption":"DiscoverEU"},"image":{"@id":"https:\/\/www.start-discover.eu\/sl#\/schema\/logo\/image\/"}}]}},"_links":{"self":[{"href":"https:\/\/www.start-discover.eu\/sl\/wp-json\/wp\/v2\/pages\/1977"}],"collection":[{"href":"https:\/\/www.start-discover.eu\/sl\/wp-json\/wp\/v2\/pages"}],"about":[{"href":"https:\/\/www.start-discover.eu\/sl\/wp-json\/wp\/v2\/types\/page"}],"author":[{"embeddable":true,"href":"https:\/\/www.start-discover.eu\/sl\/wp-json\/wp\/v2\/users\/10"}],"replies":[{"embeddable":true,"href":"https:\/\/www.start-discover.eu\/sl\/wp-json\/wp\/v2\/comments?post=1977"}],"version-history":[{"count":7,"href":"https:\/\/www.start-discover.eu\/sl\/wp-json\/wp\/v2\/pages\/1977\/revisions"}],"predecessor-version":[{"id":4839,"href":"https:\/\/www.start-discover.eu\/sl\/wp-json\/wp\/v2\/pages\/1977\/revisions\/4839"}],"wp:attachment":[{"href":"https:\/\/www.start-discover.eu\/sl\/wp-json\/wp\/v2\/media?parent=1977"}],"curies":[{"name":"wp","href":"https:\/\/api.w.org\/{rel}","templated":true}]}}