{"id":1865,"date":"2023-11-13T18:49:23","date_gmt":"2023-11-13T18:49:23","guid":{"rendered":"https:\/\/v2.start-discover.eu\/profile"},"modified":"2026-03-30T08:28:29","modified_gmt":"2026-03-30T08:28:29","slug":"profile","status":"publish","type":"page","link":"https:\/\/www.start-discover.eu\/sl\/profile","title":{"rendered":"Profile"},"content":{"rendered":"","protected":false},"excerpt":{"rendered":"","protected":false},"author":2,"featured_media":0,"parent":0,"menu_order":0,"comment_status":"closed","ping_status":"closed","template":"","meta":{"footnotes":""},"acf":{"email":"<p>Pozdravljeni {{firstname}}!<\/p>\r\n<p>Hvala, ker ste izpolnili vpra\u0161alnik #DiscoverEU.<\/p>\r\n<p>Va\u0161e Potrdilo o udele\u017ebi je zdaj na voljo v va\u0161em profilu #DiscoverEU.<\/p>\r\n<p>Samo dostopati morate do povezave va\u0161ega obrazca za rezervacijo, tiste, ki ste jo uporabili za zahtevo va\u0161ega #DiscoverEU Potnega lista (povezava se za\u010dne z '<a href=\"http:\/\/registrations.start-discover.eu\/\">registrations.start-discover.eu<\/a>') in kliknite na gumb \u201cPrenesi svoje Potrdilo o udele\u017ebi #DiscoverEU\u201d.<\/p>\r\n<p>Upamo, da ste ustvarili nepozabne spomine!<\/p>\r\n<p>Vam \u017eelimo vse najbolj\u0161e.<\/p>\r\n<p>DiscoverEU Potovalna ekipa.<\/p>","infobox":{"title":"Va\u0161e Potrdilo o udele\u017ebi je pripravljeno.","textual_content":"Lahko ga prenesete s klikom na gumb spodaj.","button_label":"Prenesi svoje Potrdilo o udele\u017ebi #DiscoverEU."},"intro":{"title":{"hello_name":"Pozdravljeni {{firstname}}","welcome_on_your_discovereu_profile":"Dobrodo\u0161li v svojem profilu DiscoverEU!"},"this_page_gathers_all_the_information_necessary":"Na tej strani so zbrani vsi podatki, ki so potrebni za tvoje potovanje, pa tudi status in podatki o registraciji."},"status_created":{"it_looks_like_you_havent_filled_out_your_booking_form_yet":"Zdi se, da \u0161e nisi izpolnil\/-a obrazca za rezervacijo","dont_wait_too_long_created":"Ne \u010dakaj predolgo, lahko ga dokon\u010da\u0161 do {{closing_date}}!","go_to_the_booking_form":"Pojdi na obrazec za rezervacijo"},"requests_and_forms_section":{"visa_form_title":"Pro\u0161nja za izdajo vizuma:","refund_form_title":"Zahtevek za vra\u010dilo:","visa_form_label":"Povabilo in obrazec zahteve za potovalno zavarovanje","refund_form_label":"Obrazec za povra\u010dilo stro\u0161kov","visa_form_processing":"Zahtevek za vra\u010dilo","refund_form_processing":"Zahtevek za vra\u010dilo","visa_form_processed":"Obdelana zahteva","refund_form_processed":"Obdelana zahteva"},"status_initialized":{"it_looks_like_you_havent_finished_filled_out_your_booking_form_yet":"Zdi se, da \u0161e nisi kon\u010dal\/-a z izpolnjevanjem obrazca za rezervacijo","dont_wait_too_long_initialized":"Ne \u010dakaj predolgo, lahko ga dokon\u010da\u0161 do {{closing_date}}!","continue_to_complete_your_booking_form":"Nadaljuj z izpolnjevanjem obrazca za rezervacijo"},"status_pending":{"your_identity_documents_are_being_checked":"Preverjamo tvoje osebne dokumente","once_your_identity_has_been_verified":"Ko bo tvoja identiteta potrjena, bo\u0161 prejel\/-a samodejno potrditev po e-po\u0161ti. Zadeva e-po\u0161te je \"Tvoje naro\u010dilo je potrjeno - tukaj je ostalo\" in poslana je z e-po\u0161tnega naslova \"customerservice@interrail.eu\".","tip:_check_your_spam":"Nasvet: preveri vsiljeno po\u0161to","learn_more_about_verifying_my_documents":"Ve\u010d o preverjanju dokumentov","learn_more_about_verifying_my_documents_url":"https:\/\/registrations.start-discover.eu\/images\/EU_DiscoverEU_GuideID_en.jpg"},"status_declined_first_try":{"couldnt_verify_identity_documents":"Pozor: va\u0161 obrazec za rezervacijo \u0161e ni izpolnjen","submitting_documents_a_second_time":"Dokumenti, ki si jih predlo\u017eil\/-a za potrditev svoje identitete, niso bili sprejeti. Poskusi jih poslati znova.","back_to_submission_step":"Nazaj na korak oddaje","warning_can_only_submit_documents_twice":"Opozorilo : dokumente lahko po\u0161lje\u0161 le dvakrat."},"status_declined_second_try":{"identity_documents_could_not_be_verified_twice":"Pozor: va\u0161 obrazec za rezervacijo \u0161e ni izpolnjen","not_accepted_for_the_second_time":"Dokumenti, ki si jih predlo\u017eil\/-a za potrditev svoje identitete, niso bili sprejeti. Za re\u0161itev tega problema se obrni na nas."},"status_success":{"flex_stnd":{"congratulations_your_reservation_is_completed_and_validated":"\u010cestitamo, va\u0161 obrazec za rezervacijo je izpolnjen in potrjen!","your_pass_is_available_in_your_email":"<p>Va\u0161a kartica je bila poslana na va\u0161 e-naslov. \u010ce je ne vidite, preverite mapo z ne\u017eeleno po\u0161to. \u010ce je \u0161e vedno ni tam, se obrnite na ekipo za potovanja prek strani Po\u0161lji zahtevek v <a href=\"https:\/\/discovereu-wave6.zendesk.com\/hc\/en-gb\/requests\/new\"><b>Pomo\u010dnem centru<\/b><\/a>.<\/p>"},"flex_ovs":{"congratulations_your_reservation_is_completed_and_validated":"\u010cestitamo, tvoja rezervacija je zaklju\u010dena in potrjena!","the_travel_team_will_contact_you_three_months_before_your_departure_date_to_book_your_flights":"Tvoja vozovnica je na voljo v tvoji e-po\u0161ti. \u010ce nisi prejel\/-a ni\u010desar, preveri svojo vsiljeno po\u0161to. V nasprotnem primeru se obrni na potovalno ekipo preko strani \u00bbPo\u0161ljite zahtevek\u00ab v Centru za pomo\u010d. Potovalna ekipa te bo kontaktirala tri mesece pred datumom odhoda, da rezervira tvoje lete."},"fix_stnd":{"congratulations_your_reservation_is_completed_and_validated":"\u010cestitamo, tvoja rezervacija je zaklju\u010dena in potrjena!","the_travel_team_will_contact_you_three_months_before_your_departure_date_to_book_your_fix_trip":"Potovalna ekipa te bo kontaktirala tri mesece pred datumom odhoda, da rezervira tvoje FIX potovanje."},"fix_ovs":{"congratulations_your_reservation_is_completed_and_validated":"\u010cestitamo, tvoja rezervacija je zaklju\u010dena in potrjena!","the_travel_team_will_contact_you_three_months_before_your_departure_date_to_book_your_flights":"Potovalna ekipa vas bo kontaktirala tri mesece pred datumom odhoda, da rezervirate potovanje FIX in letalske vozovnice."}},"status_accessibility":{"booking_form_completed":"Tvoj obrazec za rezervacijo je izpolnjen.","flex_pass_will_be_issued_only_if_you_have_any_accessibility_needs":"Prejeli ste naj bi e-po\u0161tno sporo\u010dilo v zvezi z va\u0161imi potrebami glede dostopnosti. Odgovorite potovalni ekipi prek kontaktnega obrazca, da vam bomo lahko izdali kartico DiscoverEU Pass."},"discovereu_community_section":{"discovereu_community":"Skupnost DiscoverEU","looking_to_make_the_most_of_your_exciting_journey":"<p>Bi rad\/-a \u010dim bolje izkoristil\/-a svoje zanimivo potovanje in odkrivanje Evrope? Ta prostor skupnosti DiscoverEU TI omogo\u010da, da se dru\u017ei\u0161, spozna\u0161 nove ljudi, razpravlja\u0161 in deli\u0161 svoje potovalne na\u010drte, gradi\u0161 prijateljstva in najde\u0161 navdih za popolno do\u017eivetje svojega potovanja DiscoverEU!<\/p>","join_the_#discovereu_community_label":"PRIDRU\u017dI SE skupnosti #DiscoverEU*","join_the_#discovereu_community_url":"https:\/\/discovereucommunity.interrail.eu\/","accessible_through_the_discovereu_travel_app":"*dostopno preko potovalne aplikacije DiscoverEU ali neposredno z uporabo podatkov o ra\u010dunu potovalne aplikacije DiscoverEU"},"european_youth_card_section":{"european_youth_card":"Evropska mladinska kartica","with_your_discovereu_pass_you_have_won_the_european_youth_card":"<p>S svojo vozovnico DiscoverEU ste osvojili evropsko kartico za mlade! Zahvaljujo\u010d evropski kartici za mlade lahko koristi\u0161 popuste na nastanitev, vstope, lokalni prevoz in \u0161e veliko ve\u010d. Na voljo je v potovalni aplikaciji DiscoverEU, v razdelku \u00bbve\u010d\u00ab.<\/p>"},"help_centre_articles_section":{"help_centre_articles":"\u010clanki Centra za pomo\u010d","you_can_find_below_a_selection_of_articles":"V nadaljevanju lahko najde\u0161 izbor \u010dlankov, ki ti lahko pomagajo, da se za\u010dne\u0161 pripravljati na va\u0161e potovanje DiscoverEU.","flex_faq_links":{"how_to_get_started_with_your_interrail_mobile_pass":"How to get started with your Interrail Mobile Pass?","how_to_get_started_with_your_interrail_mobile_pass_url":"https:\/\/discovereu-wave6.zendesk.com\/hc\/en-gb\/articles\/6066864956945-How-to-get-started-with-your-Interrail-Mobile-Pass-","what_are_10_things_you_should_know_about_the_interrail_pass":"What are 10 things you should know about the Interrail Pass?","what_are_10_things_you_should_know_about_the_interrail_pass_url":"https:\/\/discovereu-wave6.zendesk.com\/hc\/en-gb\/articles\/11909290422673-What-are-10-things-you-should-know-about-the-Interrail-Pass-"}},"all_travellers_faq_links":{"travel_tips":"Travel Tips","travel_tips_url":"https:\/\/discovereu-wave6.zendesk.com\/hc\/en-gb\/categories\/5768672491409-Travel-Tips","how_can_i_save_money_while_travelling":"How can I save money while travelling?","how_can_i_save_money_while_travelling_url":"https:\/\/discovereu-wave6.zendesk.com\/hc\/en-gb\/articles\/6066862630929-How-can-I-save-money-while-travelling-","how_to_connect_with_other_discovereu_travellers":"How to connect with other DiscoverEU travellers?","how_to_connect_with_other_discovereu_travellers_url":"https:\/\/discovereu-wave6.zendesk.com\/hc\/en-gb\/articles\/6066910634513-How-to-connect-with-other-DiscoverEU-travellers-","what_is_the_discovereu_european_youth_card":"What is the DiscoverEU European Youth Card?","what_is_the_discovereu_european_youth_card_url":"https:\/\/discovereu-wave6.zendesk.com\/hc\/en-gb\/articles\/6066928796689-What-is-the-DiscoverEU-European-Youth-Card-"},"contact_us":"Stopi v stik z nami","contact_us_url":"https:\/\/discovereu-wave6.zendesk.com\/hc\/en-gb\/requests\/new","login_items":{"email":"E-po\u0161tni naslov","password":"Geslo","forgotten_password":"Pozabljeno geslo?","modify_password_label":"Spremenite geslo","login_label":"Prijava","log_out_label":"Odjava","new_password":"Novo geslo","confirm_password":"Potrdi geslo","back_to_login":"Nazaj na prijavno stran","send_link":"Po\u0161lji povezavo","your_are_not_firstname":"Nisi {{firstname}} ?"},"login_content":{"first_password_change":"Iz varnostnih razlogov vas prosimo, da spremenite za\u010detno geslo.","email_for_password_modify":"Vnesi e-po\u0161tni naslov, ki ga uporablja\u0161 za prijavo, in poslali ti bomo povezavo za ponastavitev gesla.","strong_password_choice":"Prosimo, izberi mo\u010dno geslo","password_combination_instruction":"Izberi kombinacijo \u010drk, \u0161tevilk in posebnih znakov.","change_your_password":"Spreminjanje tvojega gesla","update_your_password":"Posodobi va\u0161e geslo","sign_in_with_password":"Prijavi se z geslom"},"toasts_content":{"please_enter_a_valid_email_address":"Vnesi veljaven e-po\u0161tni naslov","please_enter_your_email_address":"Vnesi va\u0161 e-po\u0161tni naslov","please_enter_your_password":"Prosimo, vnesi tvoje geslo.","please_enter_your_new_password":"Prosimo, vnesi svoje novo geslo","redirecting_you_to_the_app":"Preusmerjanje v aplikacijo\u2026","something_went_wrong":"Nekaj je \u0161lo narobe...","oops":"Ups...","sign_in":"Registriraj se","password_updated":"Geslo je bilo posodobljeno","password_reset":"Ponastavitev gesla","sent_email_with_link_to_reset_password":"Poslali smo ti e-po\u0161tno sporo\u010dilo s povezavo za ponastavitev gesla. To okno lahko zapre\u0161","password_6_characters":"Geslo mora vsebovati vsaj 8 znakov","password_characters_format":"Geslo mora vsebovati vsaj eno \u010drko, eno \u0161tevilko in en poseben znak"},"do_you_have_questions_about_your_reservation":"Ima\u0161 vpra\u0161anja o rezervaciji?","identity_verification_status":"Status preverjanja identitete","if_your_status_is_not_verified_be_sure_to_contact_the_travel_team_through_the_help_center":"<p>\u010ce tvoj status ni <strong>potrjen<\/strong>, se obrni na potovalno ekipo preko Centra za pomo\u010d.<\/p>","reservation_status":"Stanje rezervacije","if_your_status_is_not_booked_it_means_there_was_a_problem_with_your_identity_verification_or_there_is_an_error_with_your_reservation_be_sure_to_contact_the_travel_team_via_the_center_help":"<p>\u010ce status ni <strong>Rezervirano<\/strong>, je pri\u0161lo do te\u017eave pri preverjanju identitete ali do napake pri rezervaciji in se prosimo, obrni na potovalno ekipo preko Centra za pomo\u010d.<\/p>","fix_booking_status":"Status FIX rezervacije","if_your_status_is_not_registered_it_means_there_was_a_problem_with_your_identity_verification_or_there_is_an_error_with_your_reservation_be_sure_to_contact_the_travel_team_via_the_center_help":"<p>\u010ce stanje ni <strong>Registrirano<\/strong>, je pri\u0161lo do te\u017eave pri preverjanju identitete ali do napake pri rezervaciji in se prosimo, obrni na potovalno ekipo preko Centra za pomo\u010d.<\/p>","discovereu_travel_app_account_2":"Ra\u010dun potovalne aplikacije DiscoverEU","interrail_pass_2":"Interrail vozovnica","identification":{"your_informations":"Tvoji podatki","personal_data":"Osebni podatki","first_name":"Ime","last_name":"Priimek","date_of_birth":"Datum rojstva","email":"E-po\u0161tni naslov","ticket_type":"Vrsta zahtevka","document_country":"Dr\u017eava dokumenta","statuses":"Statusi","document_verification":"Preverjanje dokumentov","booking_status":"Status rezervacij","discovereu_travel_app_account":"Ra\u010dun potovalne aplikacije DiscoverEU","interrail_pass":"DiscoverEU vozovnica"}},"yoast_head":"<!-- This site is optimized with the Yoast SEO plugin v21.9.1 - https:\/\/yoast.com\/wordpress\/plugins\/seo\/ -->\n<title>Profile - DiscoverEU<\/title>\n<meta name=\"robots\" content=\"index, follow, max-snippet:-1, max-image-preview:large, max-video-preview:-1\" \/>\n<link rel=\"canonical\" href=\"https:\/\/www.start-discover.eu\/sl\/profile\" \/>\n<meta property=\"og:locale\" content=\"sl_SI\" \/>\n<meta property=\"og:type\" content=\"article\" \/>\n<meta property=\"og:title\" content=\"Profile - DiscoverEU\" \/>\n<meta property=\"og:url\" content=\"https:\/\/www.start-discover.eu\/sl\/profile\" \/>\n<meta property=\"og:site_name\" content=\"DiscoverEU\" \/>\n<meta property=\"article:modified_time\" content=\"2026-03-30T08:28:29+00:00\" \/>\n<meta property=\"og:image\" content=\"https:\/\/www.start-discover.eu\/app\/uploads\/2024\/07\/DEU-logo-1-scaled.jpg\" \/>\n\t<meta property=\"og:image:width\" content=\"2560\" \/>\n\t<meta property=\"og:image:height\" content=\"1440\" \/>\n\t<meta property=\"og:image:type\" content=\"image\/jpeg\" \/>\n<meta name=\"twitter:card\" content=\"summary_large_image\" \/>\n<script type=\"application\/ld+json\" class=\"yoast-schema-graph\">{\"@context\":\"https:\/\/schema.org\",\"@graph\":[{\"@type\":\"WebPage\",\"@id\":\"https:\/\/www.start-discover.eu\/sl\/profile\",\"url\":\"https:\/\/www.start-discover.eu\/sl\/profile\",\"name\":\"Profile - DiscoverEU\",\"isPartOf\":{\"@id\":\"https:\/\/www.start-discover.eu\/sl#website\"},\"datePublished\":\"2023-11-13T18:49:23+00:00\",\"dateModified\":\"2026-03-30T08:28:29+00:00\",\"breadcrumb\":{\"@id\":\"https:\/\/www.start-discover.eu\/sl\/profile#breadcrumb\"},\"inLanguage\":\"sl-SI\",\"potentialAction\":[{\"@type\":\"ReadAction\",\"target\":[\"https:\/\/www.start-discover.eu\/sl\/profile\"]}]},{\"@type\":\"BreadcrumbList\",\"@id\":\"https:\/\/www.start-discover.eu\/sl\/profile#breadcrumb\",\"itemListElement\":[{\"@type\":\"ListItem\",\"position\":1,\"name\":\"Home\",\"item\":\"https:\/\/www.start-discover.eu\/sl\"},{\"@type\":\"ListItem\",\"position\":2,\"name\":\"Profile\"}]},{\"@type\":\"WebSite\",\"@id\":\"https:\/\/www.start-discover.eu\/sl#website\",\"url\":\"https:\/\/www.start-discover.eu\/sl\",\"name\":\"DiscoverEU\",\"description\":\"\",\"publisher\":{\"@id\":\"https:\/\/www.start-discover.eu\/sl#organization\"},\"potentialAction\":[{\"@type\":\"SearchAction\",\"target\":{\"@type\":\"EntryPoint\",\"urlTemplate\":\"https:\/\/www.start-discover.eu\/sl?s={search_term_string}\"},\"query-input\":\"required name=search_term_string\"}],\"inLanguage\":\"sl-SI\"},{\"@type\":\"Organization\",\"@id\":\"https:\/\/www.start-discover.eu\/sl#organization\",\"name\":\"DiscoverEU\",\"url\":\"https:\/\/www.start-discover.eu\/sl\",\"logo\":{\"@type\":\"ImageObject\",\"inLanguage\":\"sl-SI\",\"@id\":\"https:\/\/www.start-discover.eu\/sl#\/schema\/logo\/image\/\",\"url\":\"https:\/\/www.start-discover.eu\/app\/uploads\/2024\/07\/DEU-logo-696x696-1-scaled.jpg\",\"contentUrl\":\"https:\/\/www.start-discover.eu\/app\/uploads\/2024\/07\/DEU-logo-696x696-1-scaled.jpg\",\"width\":2560,\"height\":2560,\"caption\":\"DiscoverEU\"},\"image\":{\"@id\":\"https:\/\/www.start-discover.eu\/sl#\/schema\/logo\/image\/\"}}]}<\/script>\n<!-- \/ Yoast SEO plugin. -->","yoast_head_json":{"title":"Profile - DiscoverEU","robots":{"index":"index","follow":"follow","max-snippet":"max-snippet:-1","max-image-preview":"max-image-preview:large","max-video-preview":"max-video-preview:-1"},"canonical":"https:\/\/www.start-discover.eu\/sl\/profile","og_locale":"sl_SI","og_type":"article","og_title":"Profile - DiscoverEU","og_url":"https:\/\/www.start-discover.eu\/sl\/profile","og_site_name":"DiscoverEU","article_modified_time":"2026-03-30T08:28:29+00:00","og_image":[{"width":2560,"height":1440,"url":"https:\/\/www.start-discover.eu\/app\/uploads\/2024\/07\/DEU-logo-1-scaled.jpg","type":"image\/jpeg"}],"twitter_card":"summary_large_image","schema":{"@context":"https:\/\/schema.org","@graph":[{"@type":"WebPage","@id":"https:\/\/www.start-discover.eu\/sl\/profile","url":"https:\/\/www.start-discover.eu\/sl\/profile","name":"Profile - DiscoverEU","isPartOf":{"@id":"https:\/\/www.start-discover.eu\/sl#website"},"datePublished":"2023-11-13T18:49:23+00:00","dateModified":"2026-03-30T08:28:29+00:00","breadcrumb":{"@id":"https:\/\/www.start-discover.eu\/sl\/profile#breadcrumb"},"inLanguage":"sl-SI","potentialAction":[{"@type":"ReadAction","target":["https:\/\/www.start-discover.eu\/sl\/profile"]}]},{"@type":"BreadcrumbList","@id":"https:\/\/www.start-discover.eu\/sl\/profile#breadcrumb","itemListElement":[{"@type":"ListItem","position":1,"name":"Home","item":"https:\/\/www.start-discover.eu\/sl"},{"@type":"ListItem","position":2,"name":"Profile"}]},{"@type":"WebSite","@id":"https:\/\/www.start-discover.eu\/sl#website","url":"https:\/\/www.start-discover.eu\/sl","name":"DiscoverEU","description":"","publisher":{"@id":"https:\/\/www.start-discover.eu\/sl#organization"},"potentialAction":[{"@type":"SearchAction","target":{"@type":"EntryPoint","urlTemplate":"https:\/\/www.start-discover.eu\/sl?s={search_term_string}"},"query-input":"required name=search_term_string"}],"inLanguage":"sl-SI"},{"@type":"Organization","@id":"https:\/\/www.start-discover.eu\/sl#organization","name":"DiscoverEU","url":"https:\/\/www.start-discover.eu\/sl","logo":{"@type":"ImageObject","inLanguage":"sl-SI","@id":"https:\/\/www.start-discover.eu\/sl#\/schema\/logo\/image\/","url":"https:\/\/www.start-discover.eu\/app\/uploads\/2024\/07\/DEU-logo-696x696-1-scaled.jpg","contentUrl":"https:\/\/www.start-discover.eu\/app\/uploads\/2024\/07\/DEU-logo-696x696-1-scaled.jpg","width":2560,"height":2560,"caption":"DiscoverEU"},"image":{"@id":"https:\/\/www.start-discover.eu\/sl#\/schema\/logo\/image\/"}}]}},"_links":{"self":[{"href":"https:\/\/www.start-discover.eu\/sl\/wp-json\/wp\/v2\/pages\/1865"}],"collection":[{"href":"https:\/\/www.start-discover.eu\/sl\/wp-json\/wp\/v2\/pages"}],"about":[{"href":"https:\/\/www.start-discover.eu\/sl\/wp-json\/wp\/v2\/types\/page"}],"author":[{"embeddable":true,"href":"https:\/\/www.start-discover.eu\/sl\/wp-json\/wp\/v2\/users\/2"}],"replies":[{"embeddable":true,"href":"https:\/\/www.start-discover.eu\/sl\/wp-json\/wp\/v2\/comments?post=1865"}],"version-history":[{"count":9,"href":"https:\/\/www.start-discover.eu\/sl\/wp-json\/wp\/v2\/pages\/1865\/revisions"}],"predecessor-version":[{"id":5537,"href":"https:\/\/www.start-discover.eu\/sl\/wp-json\/wp\/v2\/pages\/1865\/revisions\/5537"}],"wp:attachment":[{"href":"https:\/\/www.start-discover.eu\/sl\/wp-json\/wp\/v2\/media?parent=1865"}],"curies":[{"name":"wp","href":"https:\/\/api.w.org\/{rel}","templated":true}]}}