{"id":1864,"date":"2023-11-13T18:49:23","date_gmt":"2023-11-13T18:49:23","guid":{"rendered":"https:\/\/v2.start-discover.eu\/profile"},"modified":"2026-03-30T08:28:04","modified_gmt":"2026-03-30T08:28:04","slug":"profile","status":"publish","type":"page","link":"https:\/\/www.start-discover.eu\/sk\/profile","title":{"rendered":"Profile"},"content":{"rendered":"","protected":false},"excerpt":{"rendered":"","protected":false},"author":2,"featured_media":0,"parent":0,"menu_order":0,"comment_status":"closed","ping_status":"closed","template":"","meta":{"footnotes":""},"acf":{"email":"<p>Dobr\u00fd de\u0148 {{firstname}}!<\/p>\r\n<p>\u010eakujeme za vyplnenie dotazn\u00edka #DiscoverEU.<\/p>\r\n<p>Va\u0161e Potvrdenie o \u00fa\u010dasti je teraz k dispoz\u00edcii vo va\u0161om profile #DiscoverEU.<\/p>\r\n<p>Sta\u010d\u00ed prist\u00fapi\u0165 k odkazu na v\u00e1\u0161 rezerva\u010dn\u00fd formul\u00e1r, ten, ktor\u00fd ste pou\u017eili na po\u017eiadanie o v\u00e1\u0161 Prieskumn\u00fd pas #DiscoverEU (odkaz za\u010d\u00edna '<a href=\"http:\/\/registrations.start-discover.eu\/\">registrations.start-discover.eu<\/a>') a kliknite na tla\u010didlo \u201cStiahnite si v\u00e1\u0161 Certifik\u00e1t o \u00fa\u010dasti #DiscoverEU\u201d.<\/p>\r\n<p>D\u00fafame, \u017ee ste vytvorili nezabudnute\u013en\u00e9 spomienky!<\/p>\r\n<p>Prajeme v\u00e1m v\u0161etko najlep\u0161ie.<\/p>\r\n<p>T\u00edm DiscoverEU Cestovnej slu\u017eby.<\/p>","infobox":{"title":"Va\u0161e Potvrdenie o \u00fa\u010dasti je pripraven\u00e9.","textual_content":"M\u00f4\u017eete si ho stiahnu\u0165 kliknut\u00edm na tla\u010didlo ni\u017e\u0161ie.","button_label":"Stiahnite si v\u00e1\u0161 Certifik\u00e1t o \u00fa\u010dasti #DiscoverEU."},"intro":{"title":{"hello_name":"Dobr\u00fd de\u0148, {{firstname}},","welcome_on_your_discovereu_profile":"vitajte na va\u0161om profile DiscoverEU!"},"this_page_gathers_all_the_information_necessary":"T\u00e1to str\u00e1nka zhroma\u017e\u010fuje v\u0161etky inform\u00e1cie potrebn\u00e9 pre va\u0161u cestu, ako aj d\u00e1tumy a stav registr\u00e1cie."},"status_created":{"it_looks_like_you_havent_filled_out_your_booking_form_yet":"Zd\u00e1 sa, \u017ee ste e\u0161te nevyplnili rezerva\u010dn\u00fd formul\u00e1r","dont_wait_too_long_created":"Ne\u010dakajte pr\u00edli\u0161 dlho, na jeho dokon\u010denie m\u00e1te \u010das do {{closing_date}}!","go_to_the_booking_form":"Prejs\u0165 na rezerva\u010dn\u00fd formul\u00e1r"},"requests_and_forms_section":{"visa_form_title":"\u017diados\u0165 o v\u00edzum:","refund_form_title":"\u017diados\u0165 o vr\u00e1tenie pe\u0148az\u00ed:","visa_form_label":"Poz\u00fdvac\u00ed list a formul\u00e1r \u017eiadosti o cestovn\u00e9 poistenie","refund_form_label":"Formul\u00e1r finan\u010dnej n\u00e1hrady","visa_form_processing":"Spracovanie \u017eiadosti","refund_form_processing":"Spracovanie \u017eiadosti","visa_form_processed":"Spracovan\u00e1 \u017eiados\u0165","refund_form_processed":"Spracovan\u00e1 \u017eiados\u0165"},"status_initialized":{"it_looks_like_you_havent_finished_filled_out_your_booking_form_yet":"Zd\u00e1 sa, \u017ee ste e\u0161te nedokon\u010dili rezerva\u010dn\u00fd formul\u00e1r","dont_wait_too_long_initialized":"Ne\u010dakajte pr\u00edli\u0161 dlho, na jeho dokon\u010denie m\u00e1te \u010das do {{closing_date}}!","continue_to_complete_your_booking_form":"Pokra\u010dujte vo vypl\u0148ovan\u00ed rezerva\u010dn\u00e9ho formul\u00e1ra"},"status_pending":{"your_identity_documents_are_being_checked":"Kontrolujeme va\u0161e doklady toto\u017enosti","once_your_identity_has_been_verified":"Po overen\u00ed va\u0161ej toto\u017enosti dostanete e-mailom automatick\u00e9 potvrdenie. E-mail m\u00e1 predmet \"Va\u0161a objedn\u00e1vka je potvrden\u00e1 - tu n\u00e1jdete zvy\u0161ok\" a posiela sa z e-mailovej adresy \"customerservice@interrail.eu\".","tip:_check_your_spam":"Tip: skontrolujte si spam","learn_more_about_verifying_my_documents":"\u010eal\u0161ie inform\u00e1cie o overen\u00ed mojich dokumentov","learn_more_about_verifying_my_documents_url":"https:\/\/registrations.start-discover.eu\/images\/EU_DiscoverEU_GuideID_en.jpg"},"status_declined_first_try":{"couldnt_verify_identity_documents":"Pozor: v\u00e1\u0161 rezerva\u010dn\u00fd formul\u00e1r e\u0161te nie je vyplnen\u00fd","submitting_documents_a_second_time":"Dokumenty, ktor\u00e9 ste odoslali na overenie toto\u017enosti, sme neprijali. M\u00f4\u017eete ich sk\u00fasi\u0165 odosla\u0165 druh\u00fdkr\u00e1t.","back_to_submission_step":"Sp\u00e4\u0165 na krok odoslania","warning_can_only_submit_documents_twice":"Upozornenie: Dokumenty m\u00f4\u017eete odosla\u0165 iba dvakr\u00e1t."},"status_declined_second_try":{"identity_documents_could_not_be_verified_twice":"Pozor: v\u00e1\u0161 rezerva\u010dn\u00fd formul\u00e1r e\u0161te nie je vyplnen\u00fd","not_accepted_for_the_second_time":"Dokumenty, ktor\u00e9 ste odoslali na overenie toto\u017enosti, sme neprijali. Ak chcete tento probl\u00e9m vyrie\u0161i\u0165, kontaktujte n\u00e1s."},"status_success":{"flex_stnd":{"congratulations_your_reservation_is_completed_and_validated":"Gratulujeme, v\u00e1\u0161 rezerva\u010dn\u00fd formul\u00e1r je vyplnen\u00fd a potvrden\u00fd!","your_pass_is_available_in_your_email":"<p>V\u00e1\u0161 l\u00edstok bol zaslan\u00fd na va\u0161u e-mailov\u00fa adresu. Ak ho nevid\u00edte, skontrolujte prie\u010dinok s nevy\u017eiadanou po\u0161tou. Ak tam st\u00e1le nie je, kontaktujte t\u00edm Travel Team prostredn\u00edctvom str\u00e1nky Odosla\u0165 \u017eiados\u0165 v <a href=\"https:\/\/discovereu-wave6.zendesk.com\/hc\/en-gb\/requests\/new\"><b>Centrum pomoci<\/b><\/a>.<\/p>"},"flex_ovs":{"congratulations_your_reservation_is_completed_and_validated":"Blaho\u017eel\u00e1me, va\u0161a rezerv\u00e1cia je dokon\u010den\u00e1 a overen\u00e1!","the_travel_team_will_contact_you_three_months_before_your_departure_date_to_book_your_flights":"Poukaz m\u00e1te k dispoz\u00edcii v e-maile. Ak ste ni\u010d nedostali, skontrolujte si nevy\u017eiadan\u00fa po\u0161tu. V opa\u010dnom pr\u00edpade nev\u00e1hajte kontaktova\u0165 t\u00edm pre cestovanie prostredn\u00edctvom str\u00e1nky Odosla\u0165 \u017eiados\u0165 v Centre pomoci. Cestovn\u00fd t\u00edm v\u00e1s bude kontaktova\u0165 tri mesiace pred d\u00e1tumom odchodu, aby si zarezervoval va\u0161e lety."},"fix_stnd":{"congratulations_your_reservation_is_completed_and_validated":"Blaho\u017eel\u00e1me, va\u0161a rezerv\u00e1cia je dokon\u010den\u00e1 a overen\u00e1!","the_travel_team_will_contact_you_three_months_before_your_departure_date_to_book_your_fix_trip":"Cestovn\u00fd t\u00edm v\u00e1s bude kontaktova\u0165 tri mesiace pred d\u00e1tumom odchodu, aby v\u00e1m rezervoval cestu FIX."},"fix_ovs":{"congratulations_your_reservation_is_completed_and_validated":"Blaho\u017eel\u00e1me, va\u0161a rezerv\u00e1cia je dokon\u010den\u00e1 a overen\u00e1!","the_travel_team_will_contact_you_three_months_before_your_departure_date_to_book_your_flights":"Cestovn\u00fd t\u00edm v\u00e1s bude kontaktova\u0165 tri mesiace pred d\u00e1tumom odchodu, aby v\u00e1m rezervoval cestu FIX a letenky."}},"status_accessibility":{"booking_form_completed":"Tvoj rezerva\u010dn\u00fd formul\u00e1r bol vyplnen\u00fd.","flex_pass_will_be_issued_only_if_you_have_any_accessibility_needs":"Mali by ste dosta\u0165 e-mail t\u00fdkaj\u00faci sa va\u0161ich potrieb v oblasti pr\u00edstupnosti. Odpovedzte pros\u00edm cestovn\u00e9mu t\u00edmu prostredn\u00edctvom kontaktn\u00e9ho formul\u00e1ra, aby sme v\u00e1m mohli vyda\u0165 preukaz DiscoverEU Pass."},"discovereu_community_section":{"discovereu_community":"Komunita DiscoverEU","looking_to_make_the_most_of_your_exciting_journey":"<p>Chcete naplno vyu\u017ei\u0165 svoju vzru\u0161uj\u00facu cestu, objavova\u0165 Eur\u00f3pu? Tento komunitn\u00fd priestor DiscoverEU je tu pre V\u00c1S, aby ste sa stretli, spoznali nov\u00fdch \u013eud\u00ed, prediskutovali a podelili sa o svoje cestovn\u00e9 pl\u00e1ny, vybudovali priate\u013estv\u00e1 a na\u0161li in\u0161pir\u00e1ciu - jednoducho za\u017eili cestovanie s DiscoverEU naplno!<\/p>","join_the_#discovereu_community_label":"PRIPOJTE SA KU komunite #DiscoverEU *","join_the_#discovereu_community_url":"https:\/\/discovereucommunity.interrail.eu\/","accessible_through_the_discovereu_travel_app":"*pr\u00edstupn\u00e9 prostredn\u00edctvom cestovnej aplik\u00e1cie DiscoverEU alebo priamo pomocou \u00fadajov o va\u0161om \u00fa\u010dte cestovnej aplik\u00e1cie DiscoverEU"},"european_youth_card_section":{"european_youth_card":"Eur\u00f3pska karta ml\u00e1de\u017ee","with_your_discovereu_pass_you_have_won_the_european_youth_card":"<p>Spolu s va\u0161\u00edm poukazom DiscoverEU ste vyhrali Eur\u00f3psku kartu ml\u00e1de\u017ee! V\u010faka Eur\u00f3pskej karte ml\u00e1de\u017ee m\u00f4\u017eete z\u00edska\u0165 z\u013eavy na ubytovanie, n\u00e1v\u0161tevy, miestnu dopravu a mnoho \u010fal\u0161ieho. N\u00e1jdete ju v cestovnej aplik\u00e1cii DiscoverEU v sekcii \u201eViac\u201c.<\/p>"},"help_centre_articles_section":{"help_centre_articles":"\u010cl\u00e1nky Centra pomoci","you_can_find_below_a_selection_of_articles":"Ni\u017e\u0161ie n\u00e1jdete v\u00fdber \u010dl\u00e1nkov, ktor\u00e9 v\u00e1m pom\u00f4\u017eu za\u010da\u0165 s pr\u00edpravou na va\u0161u cestu v r\u00e1mci DiscoverEU.","flex_faq_links":{"how_to_get_started_with_your_interrail_mobile_pass":"How to get started with your Interrail Mobile Pass?","how_to_get_started_with_your_interrail_mobile_pass_url":"https:\/\/discovereu-wave6.zendesk.com\/hc\/en-gb\/articles\/6066864956945-How-to-get-started-with-your-Interrail-Mobile-Pass-","what_are_10_things_you_should_know_about_the_interrail_pass":"What are 10 things you should know about the Interrail Pass?","what_are_10_things_you_should_know_about_the_interrail_pass_url":"https:\/\/discovereu-wave6.zendesk.com\/hc\/en-gb\/articles\/11909290422673-What-are-10-things-you-should-know-about-the-Interrail-Pass-"}},"all_travellers_faq_links":{"travel_tips":"Travel Tips","travel_tips_url":"https:\/\/discovereu-wave6.zendesk.com\/hc\/en-gb\/categories\/5768672491409-Travel-Tips","how_can_i_save_money_while_travelling":"How can I save money while travelling?","how_can_i_save_money_while_travelling_url":"https:\/\/discovereu-wave6.zendesk.com\/hc\/en-gb\/articles\/6066862630929-How-can-I-save-money-while-travelling-","how_to_connect_with_other_discovereu_travellers":"How to connect with other DiscoverEU travellers?","how_to_connect_with_other_discovereu_travellers_url":"https:\/\/discovereu-wave6.zendesk.com\/hc\/en-gb\/articles\/6066910634513-How-to-connect-with-other-DiscoverEU-travellers-","what_is_the_discovereu_european_youth_card":"What is the DiscoverEU European Youth Card?","what_is_the_discovereu_european_youth_card_url":"https:\/\/discovereu-wave6.zendesk.com\/hc\/en-gb\/articles\/6066928796689-What-is-the-DiscoverEU-European-Youth-Card-"},"contact_us":"Kontaktujte n\u00e1s","contact_us_url":"https:\/\/discovereu-wave6.zendesk.com\/hc\/en-gb\/requests\/new","login_items":{"email":"E-mail","password":"Heslo","forgotten_password":"Zabudli ste heslo?","modify_password_label":"\u00daprava hesla","login_label":"Prihlasovacie meno","log_out_label":"Odhl\u00e1si\u0165 sa","new_password":"Nov\u00e9 heslo","confirm_password":"Potvr\u010fte svoje heslo","back_to_login":"Vr\u00e1ti\u0165 sa na prihlasovaciu str\u00e1nku","send_link":"Odosla\u0165 odkaz","your_are_not_firstname":"Nie ste {{firstname}}?"},"login_content":{"first_password_change":"Z bezpe\u010dnostn\u00fdch d\u00f4vodov v\u00e1s pros\u00edme o zmenu po\u010diato\u010dn\u00e9ho hesla.","email_for_password_modify":"Zadajte e-mailov\u00fa adresu, ktor\u00fa pou\u017e\u00edvate na prihl\u00e1senie, a my v\u00e1m po\u0161leme odkaz na obnovenie hesla.","strong_password_choice":"Vyberte si heslo","password_combination_instruction":"Vyberte kombin\u00e1ciu p\u00edsmen, \u010d\u00edslic a \u0161peci\u00e1lnych znakov.","change_your_password":"Zmeni\u0165 heslo","update_your_password":"Aktualizova\u0165 va\u0161e heslo","sign_in_with_password":"Prihl\u00e1ste sa pomocou hesla"},"toasts_content":{"please_enter_a_valid_email_address":"Pros\u00edm zadajte platn\u00fd e-mail","please_enter_your_email_address":"Zadajte svoju e-mailov\u00fa adresu","please_enter_your_password":"Zadajte va\u0161e heslo","please_enter_your_new_password":"Zadajte svoje nov\u00e9 heslo","redirecting_you_to_the_app":"Presmerovanie do aplik\u00e1cie\u2026","something_went_wrong":"Nie\u010do sa pokazilo...","oops":"Ups\u2026","sign_in":"Prihl\u00e1ste sa","password_updated":"Heslo aktualizovan\u00e9","password_reset":"Obnovi\u0165 heslo","sent_email_with_link_to_reset_password":"Poslali sme v\u00e1m e-mail s odkazom na obnovenie hesla. Toto okno m\u00f4\u017eete zatvori\u0165","password_6_characters":"Heslo mus\u00ed ma\u0165 d\u013a\u017eku najmenej 6 znakov.","password_characters_format":"Heslo mus\u00ed obsahova\u0165 aspo\u0148 jedno p\u00edsmeno, jedno \u010d\u00edslo a jeden \u0161peci\u00e1lny znak"},"do_you_have_questions_about_your_reservation":"M\u00e1te ot\u00e1zky t\u00fdkaj\u00face sa va\u0161ej rezerv\u00e1cie?","identity_verification_status":"Stav overenia toto\u017enosti","if_your_status_is_not_verified_be_sure_to_contact_the_travel_team_through_the_help_center":"<p>Ak v\u00e1\u0161 stav nie je <strong>overen\u00fd<\/strong>, nezabudnite kontaktova\u0165 t\u00edm pre cestovanie prostredn\u00edctvom Centra pomoci.<\/p>","reservation_status":"Stav rezerv\u00e1cie","if_your_status_is_not_booked_it_means_there_was_a_problem_with_your_identity_verification_or_there_is_an_error_with_your_reservation_be_sure_to_contact_the_travel_team_via_the_center_help":"<p>Ak v\u00e1\u0161 stav nie je <strong>Rezervovan\u00e9<\/strong>, znamen\u00e1 to, \u017ee sa vyskytol probl\u00e9m s overen\u00edm va\u0161ej toto\u017enosti alebo sa vyskytla chyba pri va\u0161ej rezerv\u00e1cii, nezabudnite kontaktova\u0165 t\u00edm pre cestovanie prostredn\u00edctvom Centra pomoci.<\/p>","fix_booking_status":"Stav rezerv\u00e1cie","if_your_status_is_not_registered_it_means_there_was_a_problem_with_your_identity_verification_or_there_is_an_error_with_your_reservation_be_sure_to_contact_the_travel_team_via_the_center_help":"<p>Ak v\u00e1\u0161 stav nie je <strong>Zaregistrovan\u00e9<\/strong>, znamen\u00e1 to, \u017ee sa vyskytol probl\u00e9m s overen\u00edm va\u0161ej toto\u017enosti alebo sa vyskytla chyba pri va\u0161ej rezerv\u00e1cii, nezabudnite kontaktova\u0165 t\u00edm pre cestovanie prostredn\u00edctvom Centra pomoci.<\/p>","discovereu_travel_app_account_2":"\u00da\u010det cestovnej aplik\u00e1cie DiscoverEU*","interrail_pass_2":"Interrail Pass","identification":{"your_informations":"Va\u0161e osobn\u00e9 \u00fadaje","personal_data":"Osobn\u00e9 \u00fadaje","first_name":"Krstn\u00e9 meno","last_name":"Priezvisko","date_of_birth":"D\u00e1tum narodenia","email":"E-mail","ticket_type":"Typ l\u00edstka","document_country":"Krajina dokumentu","statuses":"Transakcie","document_verification":"Overenie dokumentu","booking_status":"Stav rezerv\u00e1cie","discovereu_travel_app_account":"\u00da\u010det cestovnej aplik\u00e1cie DiscoverEU","interrail_pass":"DiscoverEU Pass"}},"yoast_head":"<!-- This site is optimized with the Yoast SEO plugin v21.9.1 - https:\/\/yoast.com\/wordpress\/plugins\/seo\/ -->\n<title>Profile - DiscoverEU<\/title>\n<meta name=\"robots\" content=\"index, follow, max-snippet:-1, max-image-preview:large, max-video-preview:-1\" \/>\n<link rel=\"canonical\" href=\"https:\/\/www.start-discover.eu\/sk\/profile\" \/>\n<meta property=\"og:locale\" content=\"sk_SK\" \/>\n<meta property=\"og:type\" content=\"article\" \/>\n<meta property=\"og:title\" content=\"Profile - DiscoverEU\" \/>\n<meta property=\"og:url\" content=\"https:\/\/www.start-discover.eu\/sk\/profile\" \/>\n<meta property=\"og:site_name\" content=\"DiscoverEU\" \/>\n<meta property=\"article:modified_time\" content=\"2026-03-30T08:28:04+00:00\" \/>\n<meta property=\"og:image\" content=\"https:\/\/www.start-discover.eu\/app\/uploads\/2024\/07\/DEU-logo-1-scaled.jpg\" \/>\n\t<meta property=\"og:image:width\" content=\"2560\" \/>\n\t<meta property=\"og:image:height\" content=\"1440\" \/>\n\t<meta property=\"og:image:type\" content=\"image\/jpeg\" \/>\n<meta name=\"twitter:card\" content=\"summary_large_image\" \/>\n<script type=\"application\/ld+json\" class=\"yoast-schema-graph\">{\"@context\":\"https:\/\/schema.org\",\"@graph\":[{\"@type\":\"WebPage\",\"@id\":\"https:\/\/www.start-discover.eu\/sk\/profile\",\"url\":\"https:\/\/www.start-discover.eu\/sk\/profile\",\"name\":\"Profile - DiscoverEU\",\"isPartOf\":{\"@id\":\"https:\/\/www.start-discover.eu\/sk#website\"},\"datePublished\":\"2023-11-13T18:49:23+00:00\",\"dateModified\":\"2026-03-30T08:28:04+00:00\",\"breadcrumb\":{\"@id\":\"https:\/\/www.start-discover.eu\/sk\/profile#breadcrumb\"},\"inLanguage\":\"sk-SK\",\"potentialAction\":[{\"@type\":\"ReadAction\",\"target\":[\"https:\/\/www.start-discover.eu\/sk\/profile\"]}]},{\"@type\":\"BreadcrumbList\",\"@id\":\"https:\/\/www.start-discover.eu\/sk\/profile#breadcrumb\",\"itemListElement\":[{\"@type\":\"ListItem\",\"position\":1,\"name\":\"Home\",\"item\":\"https:\/\/www.start-discover.eu\/sk\"},{\"@type\":\"ListItem\",\"position\":2,\"name\":\"Profile\"}]},{\"@type\":\"WebSite\",\"@id\":\"https:\/\/www.start-discover.eu\/sk#website\",\"url\":\"https:\/\/www.start-discover.eu\/sk\",\"name\":\"DiscoverEU\",\"description\":\"\",\"publisher\":{\"@id\":\"https:\/\/www.start-discover.eu\/sk#organization\"},\"potentialAction\":[{\"@type\":\"SearchAction\",\"target\":{\"@type\":\"EntryPoint\",\"urlTemplate\":\"https:\/\/www.start-discover.eu\/sk?s={search_term_string}\"},\"query-input\":\"required name=search_term_string\"}],\"inLanguage\":\"sk-SK\"},{\"@type\":\"Organization\",\"@id\":\"https:\/\/www.start-discover.eu\/sk#organization\",\"name\":\"DiscoverEU\",\"url\":\"https:\/\/www.start-discover.eu\/sk\",\"logo\":{\"@type\":\"ImageObject\",\"inLanguage\":\"sk-SK\",\"@id\":\"https:\/\/www.start-discover.eu\/sk#\/schema\/logo\/image\/\",\"url\":\"https:\/\/www.start-discover.eu\/app\/uploads\/2024\/07\/DEU-logo-696x696-1-scaled.jpg\",\"contentUrl\":\"https:\/\/www.start-discover.eu\/app\/uploads\/2024\/07\/DEU-logo-696x696-1-scaled.jpg\",\"width\":2560,\"height\":2560,\"caption\":\"DiscoverEU\"},\"image\":{\"@id\":\"https:\/\/www.start-discover.eu\/sk#\/schema\/logo\/image\/\"}}]}<\/script>\n<!-- \/ Yoast SEO plugin. -->","yoast_head_json":{"title":"Profile - DiscoverEU","robots":{"index":"index","follow":"follow","max-snippet":"max-snippet:-1","max-image-preview":"max-image-preview:large","max-video-preview":"max-video-preview:-1"},"canonical":"https:\/\/www.start-discover.eu\/sk\/profile","og_locale":"sk_SK","og_type":"article","og_title":"Profile - DiscoverEU","og_url":"https:\/\/www.start-discover.eu\/sk\/profile","og_site_name":"DiscoverEU","article_modified_time":"2026-03-30T08:28:04+00:00","og_image":[{"width":2560,"height":1440,"url":"https:\/\/www.start-discover.eu\/app\/uploads\/2024\/07\/DEU-logo-1-scaled.jpg","type":"image\/jpeg"}],"twitter_card":"summary_large_image","schema":{"@context":"https:\/\/schema.org","@graph":[{"@type":"WebPage","@id":"https:\/\/www.start-discover.eu\/sk\/profile","url":"https:\/\/www.start-discover.eu\/sk\/profile","name":"Profile - DiscoverEU","isPartOf":{"@id":"https:\/\/www.start-discover.eu\/sk#website"},"datePublished":"2023-11-13T18:49:23+00:00","dateModified":"2026-03-30T08:28:04+00:00","breadcrumb":{"@id":"https:\/\/www.start-discover.eu\/sk\/profile#breadcrumb"},"inLanguage":"sk-SK","potentialAction":[{"@type":"ReadAction","target":["https:\/\/www.start-discover.eu\/sk\/profile"]}]},{"@type":"BreadcrumbList","@id":"https:\/\/www.start-discover.eu\/sk\/profile#breadcrumb","itemListElement":[{"@type":"ListItem","position":1,"name":"Home","item":"https:\/\/www.start-discover.eu\/sk"},{"@type":"ListItem","position":2,"name":"Profile"}]},{"@type":"WebSite","@id":"https:\/\/www.start-discover.eu\/sk#website","url":"https:\/\/www.start-discover.eu\/sk","name":"DiscoverEU","description":"","publisher":{"@id":"https:\/\/www.start-discover.eu\/sk#organization"},"potentialAction":[{"@type":"SearchAction","target":{"@type":"EntryPoint","urlTemplate":"https:\/\/www.start-discover.eu\/sk?s={search_term_string}"},"query-input":"required name=search_term_string"}],"inLanguage":"sk-SK"},{"@type":"Organization","@id":"https:\/\/www.start-discover.eu\/sk#organization","name":"DiscoverEU","url":"https:\/\/www.start-discover.eu\/sk","logo":{"@type":"ImageObject","inLanguage":"sk-SK","@id":"https:\/\/www.start-discover.eu\/sk#\/schema\/logo\/image\/","url":"https:\/\/www.start-discover.eu\/app\/uploads\/2024\/07\/DEU-logo-696x696-1-scaled.jpg","contentUrl":"https:\/\/www.start-discover.eu\/app\/uploads\/2024\/07\/DEU-logo-696x696-1-scaled.jpg","width":2560,"height":2560,"caption":"DiscoverEU"},"image":{"@id":"https:\/\/www.start-discover.eu\/sk#\/schema\/logo\/image\/"}}]}},"_links":{"self":[{"href":"https:\/\/www.start-discover.eu\/sk\/wp-json\/wp\/v2\/pages\/1864"}],"collection":[{"href":"https:\/\/www.start-discover.eu\/sk\/wp-json\/wp\/v2\/pages"}],"about":[{"href":"https:\/\/www.start-discover.eu\/sk\/wp-json\/wp\/v2\/types\/page"}],"author":[{"embeddable":true,"href":"https:\/\/www.start-discover.eu\/sk\/wp-json\/wp\/v2\/users\/2"}],"replies":[{"embeddable":true,"href":"https:\/\/www.start-discover.eu\/sk\/wp-json\/wp\/v2\/comments?post=1864"}],"version-history":[{"count":9,"href":"https:\/\/www.start-discover.eu\/sk\/wp-json\/wp\/v2\/pages\/1864\/revisions"}],"predecessor-version":[{"id":5536,"href":"https:\/\/www.start-discover.eu\/sk\/wp-json\/wp\/v2\/pages\/1864\/revisions\/5536"}],"wp:attachment":[{"href":"https:\/\/www.start-discover.eu\/sk\/wp-json\/wp\/v2\/media?parent=1864"}],"curies":[{"name":"wp","href":"https:\/\/api.w.org\/{rel}","templated":true}]}}