{"id":1971,"date":"2023-10-18T14:11:14","date_gmt":"2023-10-18T14:11:14","guid":{"rendered":"https:\/\/v2.start-discover.eu\/get-started"},"modified":"2026-01-02T15:20:28","modified_gmt":"2026-01-02T15:20:28","slug":"get-started","status":"publish","type":"page","link":"https:\/\/www.start-discover.eu\/ro\/get-started","title":{"rendered":"Get started"},"content":{"rendered":"","protected":false},"excerpt":{"rendered":"","protected":false},"author":10,"featured_media":0,"parent":0,"menu_order":0,"comment_status":"closed","ping_status":"closed","template":"","meta":{"footnotes":""},"acf":{"description":"<h1>Care sunt etapele procesului de <span style=\"color: #f0679b;\">rezervare<\/span>?<\/h1>\r\n<p>Dup\u0103 trimiterea formularului de rezervare, vom crea un cont pentru tine. Vei primi toate detaliile prin e-mail.\u00a0 Vei primi toate detaliile prin e-mail. Contul \u00ee\u021bi va oferi acces la aplica\u021bia DiscoverEU Travel, unde po\u021bi verifica rutele \u0219i orarul trenurilor pentru a-\u021bi organiza c\u0103l\u0103toria, po\u021bi accesa cardul DiscoverEU EYCA pentru a beneficia de mii de reduceri \u00een toat\u0103 Europa \u0219i te po\u021bi al\u0103tura comunit\u0103\u021bii DiscoverEU pentru a \u00eemp\u0103rt\u0103\u0219i experien\u021bele tale cu ceilal\u021bi c\u0103l\u0103tori. \u00ce\u021bi vei g\u0103si DiscoverEU Pass direct \u00een aplica\u021bie.<\/p>","steps_process":[{"title":"Acceseaz\u0103 formularul de rezervare","description":"<p>Acceseaz\u0103 linkul t\u0103u personal de rezervare (trimis c\u0103tre tine prin <strong>hello@start-discover.eu<\/strong>)<\/p>"},{"title":"Verific\u0103-\u021bi identitatea","description":"<p>Ca parte a formularului de rezervare, \u021bi se va cere s\u0103 \u00ee\u021bi verifici identitatea.<\/p>"},{"title":"Trimite formularul de rezervare","description":"<p>Dup\u0103 ce ai terminat, completeaz\u0103 \u0219i trimite formularul de rezervare<\/p>"}],"title_start_process":"Cum pot \u00eencepe procesul de rezervare?","image_start_process":1972,"description_start_process":"<p><strong>Vei primi o invita\u021bie prin e-mail cu un link c\u0103tre formularul de rezervare personal.<\/strong><\/p>\r\n<p>Pentru a finaliza rezervarea c\u0103l\u0103toriei, va trebui s\u0103 planifici c\u00e2teva lucruri. Cel mai important este s\u0103 ai preg\u0103tit\u0103 cartea de identitate sau pa\u0219aportul pentru a-\u021bi verifica identitatea.<\/p>\r\n<div>\r\n<p>\u00cen timp ce completezi formularul de rezervare, anumite informa\u021bii vor fi deja precompletate, pe baza datelor pe care le-am ob\u021binut din procesul de verificare a identit\u0103\u021bii. Informa\u021biile precompletate includ:<\/p>\r\n<ul>\r\n\t<li>Adresa de e-mail<\/li>\r\n\t<li>Codul aplica\u021biei<\/li>\r\n\t<li>Prenume<\/li>\r\n\t<li>Nume<\/li>\r\n\t<li>Data na\u0219terii<\/li>\r\n\t<li>\u021aara emitent\u0103 a c\u0103r\u021bii de identitate\/pa\u0219aportului<\/li>\r\n<\/ul>\r\n<\/div>\r\n<p><strong>Vrei mai multe informa\u021bii detaliate?<\/strong><br \/>\r\nConsult\u0103 Centrul de Asisten\u021b\u0103, unde po\u021bi g\u0103si r\u0103spunsuri la cele mai frecvente \u00eentreb\u0103ri.<br \/>\r\n<br \/>\r\n<\/p>","link_start_process":{"title":"Consult\u0103 Centrul de Asisten\u021b\u0103","url":"https:\/\/help.start-discover.eu\/","target":"_blank"},"title":"Tot ce trebuie s\u0103 \u0219tii despre DiscoverEU Pass","flexible_travel":{"title_flexible":"-","sub_title":"DiscoverEU Interrail Pass","paragraph":"Po\u021bi fi oriunde vrei s\u0103 fii, flexibilitate total\u0103\r\n","flexible_option":[{"icon":2695,"title":"C\u0103l\u0103torie f\u0103r\u0103 date \u0219i destina\u021bii prestabilite","paragraph":"<p>Confirm\u0103-\u021bi abonamentul mobil Interrail \u0219i completeaz\u0103-\u021bi c\u0103ut\u0103rile mai t\u00e2rziu. Vei putea s\u0103 \u00ee\u021bi folose\u0219ti Pass-ul mobil \u00een aplica\u021bia DiscoverEU Travel. Po\u021bi s\u0103 \u00ee\u021bi activezi abonamentul p\u00e2n\u0103 \u00een ziua \u00een care \u00eencepi s\u0103 c\u0103l\u0103tore\u0219ti. \u00cen timpul c\u0103l\u0103toriei, planific\u0103 pe parcurs, schimb\u0103 direc\u021bia \u0219i las\u0103 c\u0103l\u0103toria s\u0103-\u0219i urmeze propriul curs.<\/p>","important":false},{"icon":2697,"title":"C\u0103l\u0103tore\u0219te cu trenul timp de 7 zile \u00eentr-o perioad\u0103 de o lun\u0103","paragraph":"<p>Po\u021bi utiliza abonamentul timp de 7 zile la alegere, pe parcursul unei perioade stabilite de 1 lun\u0103. C\u0103l\u0103tore\u0219te \u00een zile consecutive sau repartizeaz\u0103-le pe parcursul lunii.<br \/>\r\nPo\u021bi aranja totul direct din aplica\u021bia DiscoverEU Travel.<\/p>","important":false},{"icon":549,"title":"C\u0103l\u0103tore\u0219te singur sau \u00een grup","paragraph":"<p>Depinde de tine s\u0103 alegi dac\u0103 vei c\u0103l\u0103tori singur sau \u00een grup. Po\u021bi alege cu cine s\u0103 c\u0103l\u0103tore\u0219ti atunci c\u00e2nd depui cererea de \u00eenscriere la DiscoverEU \u0219i po\u021bi schimba aceast\u0103 alegere pe parcursul c\u0103l\u0103toriei. Dac\u0103 vei c\u0103l\u0103tori \u00een grup, fiecare membru al grupului va avea propriul abonament.<\/p>","important":false},{"icon":493,"title":"C\u0103l\u0103torie \u00een \u021bara de re\u0219edin\u021b\u0103","paragraph":"<p>Abonamentul t\u0103u poate fi utilizat doar pentru dou\u0103 c\u0103l\u0103torii specifice \u00een \u021bara ta de re\u0219edin\u021b\u0103 (denumite c\u0103l\u0103torie de plecare \u0219i c\u0103l\u0103torie de sosire).<br \/>\r\nPo\u021bi c\u0103l\u0103tori din orice loc din \u021bara de re\u0219edin\u021b\u0103 p\u00e2n\u0103 la grani\u021b\u0103 sau p\u00e2n\u0103 la un aeroport sau port, po\u021bi c\u0103l\u0103tori cu mai multe trenuri, cu condi\u021bia ca deplas\u0103rile s\u0103 se desf\u0103\u0219oare \u00een aceea\u0219i zi de c\u0103l\u0103torie.<\/p>","important":false},{"icon":465,"title":"C\u0103l\u0103tore\u0219te \u00een ritmul t\u0103u propriu","paragraph":"<p>Cu ajutorul Pass-ului t\u0103u mobil po\u021bi sta mai mult timp \u00eentr-un ora\u0219 sau po\u021bi pleca de la o destina\u021bie mai devreme dec\u00e2t \u021bi-ai planificat. Te confrun\u021bi cu o problem\u0103 \u00een timpul c\u0103l\u0103toriei, cum ar fi un tren \u00eent\u00e2rziat sau anulat? Po\u021bi s\u0103 iei urm\u0103torul tren sau s\u0103 \u00ee\u021bi schimbi traseul.<\/p>","important":false},{"icon":605,"title":"Important de \u0219tiut","paragraph":"<p>\u00cenainte de a urca \u00een tren, autobuz sau vapor, fiecare c\u0103l\u0103torie trebuie s\u0103 fie \u00eenregistrat\u0103 \u00een aplica\u021bia DiscoverEU Travel \u00een sec\u021biunea \"C\u0103l\u0103toria mea\" \u0219i ad\u0103ugat\u0103 la Pass-ul t\u0103u mobil Interrail.<br \/>\r\nUnele trenuri pe distan\u021be lungi necesit\u0103 rezerv\u0103ri suplimentare de locuri.<\/p>","important":true}]},"fixed_travel":{"title":"Op\u021biunea de c\u0103l\u0103torie fix\u0103","sub_title":"Bilete de la un punct la altul","paragraph":"Op\u021biune fix\u0103 \u0219i prestabilit\u0103, traseul t\u0103u nu poate fi modificat.\r\n","fixed_option":[{"icon":2696,"title":"C\u0103l\u0103tore\u0219te \u00een func\u021bie de destina\u021biile prestabilite","paragraph":"<p>Documenteaz\u0103-te \u0219i planific\u0103-\u021bi c\u0103l\u0103toria \u00eenainte de a-\u021bi confirma biletele de c\u0103l\u0103torie. Traseul t\u0103u de c\u0103l\u0103torie va fi rezervat cu bilete de la un punct la altul \u0219i nu va putea fi modificat.<\/p>","important":false},{"icon":2698,"title":"C\u0103l\u0103tore\u0219te conform unei planific\u0103ri fixe","paragraph":"<p>\u0218tii c\u00e2nd vrei s\u0103 c\u0103l\u0103tore\u0219ti. Ai datele preg\u0103tite, ai un traseu stabilit \u0219i e\u0219ti preg\u0103tit s\u0103 te conformezi unei anumite date \u0219i unui anumit tren.<\/p>","important":false},{"icon":577,"title":"C\u0103l\u0103torie \u00een grup","paragraph":"<p>Doar cei care au fost premia\u021bi ca grup vor putea c\u0103l\u0103tori \u00een grup.<br \/>\r\nPentru a c\u0103l\u0103tori \u00een grup, toate persoanele din grup trebuie s\u0103 completeze formularul de rezervare a c\u0103l\u0103toriei.<\/p>","important":false},{"icon":493,"title":"C\u0103l\u0103torie \u00een \u021bara de re\u0219edin\u021b\u0103","paragraph":"<p>C\u0103l\u0103toriile de plecare \u0219i de sosire vor fi rezervate ca bilete de la un punct la altul.<br \/>\r\nPo\u021bi c\u0103l\u0103tori cu mai mult de un tren, cu condi\u021bia ca prima destina\u021bie s\u0103 fie \u00een str\u0103in\u0103tate.<\/p>","important":false},{"icon":521,"title":"Modific\u0103ri ale c\u0103l\u0103toriei","paragraph":"<p>Biletele vor fi rezervate doar pentru anumite trenuri, f\u0103r\u0103 modific\u0103ri ale planurilor de c\u0103l\u0103torie. Comisia European\u0103 nu va acoperi niciun cost suplimentar pentru modific\u0103ri, rezerv\u0103ri noi sau alte costuri ap\u0103rute \u00een timpul c\u0103l\u0103toriei.<\/p>","important":false},{"icon":605,"title":"Important de \u0219tiut","paragraph":"<p>Traseele de c\u0103l\u0103torie de la un punct la altul vor fi limitate la trenurile care permit rezervarea online a biletelor. \u00cen caz de anulare sau \u00eent\u00e2rziere, c\u0103l\u0103torul trebuie s\u0103 contacteze direct compania de transport. Afla\u021bi mai multe despre Drepturile Pasagerilor din UE aici.<\/p>","important":true}]},"link_travel_option":{"title":"Du-m\u0103 la Centrul de Asisten\u021b\u0103","url":"https:\/\/help.start-discover.eu\/","target":"_blank"}},"yoast_head":"<!-- This site is optimized with the Yoast SEO plugin v21.9.1 - https:\/\/yoast.com\/wordpress\/plugins\/seo\/ -->\n<title>Get started - DiscoverEU<\/title>\n<meta name=\"robots\" content=\"index, follow, max-snippet:-1, max-image-preview:large, max-video-preview:-1\" \/>\n<link rel=\"canonical\" href=\"https:\/\/www.start-discover.eu\/ro\/get-started\" \/>\n<meta property=\"og:locale\" content=\"ro_RO\" \/>\n<meta property=\"og:type\" content=\"article\" \/>\n<meta property=\"og:title\" content=\"Get started - DiscoverEU\" \/>\n<meta property=\"og:url\" content=\"https:\/\/www.start-discover.eu\/ro\/get-started\" \/>\n<meta property=\"og:site_name\" content=\"DiscoverEU\" \/>\n<meta property=\"article:modified_time\" content=\"2026-01-02T15:20:28+00:00\" \/>\n<meta property=\"og:image\" content=\"https:\/\/www.start-discover.eu\/app\/uploads\/2024\/07\/DEU-logo-1-scaled.jpg\" \/>\n\t<meta property=\"og:image:width\" content=\"2560\" \/>\n\t<meta property=\"og:image:height\" content=\"1440\" \/>\n\t<meta property=\"og:image:type\" content=\"image\/jpeg\" \/>\n<meta name=\"twitter:card\" content=\"summary_large_image\" \/>\n<script type=\"application\/ld+json\" class=\"yoast-schema-graph\">{\"@context\":\"https:\/\/schema.org\",\"@graph\":[{\"@type\":\"WebPage\",\"@id\":\"https:\/\/www.start-discover.eu\/ro\/get-started\",\"url\":\"https:\/\/www.start-discover.eu\/ro\/get-started\",\"name\":\"Get started - DiscoverEU\",\"isPartOf\":{\"@id\":\"https:\/\/www.start-discover.eu\/ro#website\"},\"datePublished\":\"2023-10-18T14:11:14+00:00\",\"dateModified\":\"2026-01-02T15:20:28+00:00\",\"breadcrumb\":{\"@id\":\"https:\/\/www.start-discover.eu\/ro\/get-started#breadcrumb\"},\"inLanguage\":\"ro-RO\",\"potentialAction\":[{\"@type\":\"ReadAction\",\"target\":[\"https:\/\/www.start-discover.eu\/ro\/get-started\"]}]},{\"@type\":\"BreadcrumbList\",\"@id\":\"https:\/\/www.start-discover.eu\/ro\/get-started#breadcrumb\",\"itemListElement\":[{\"@type\":\"ListItem\",\"position\":1,\"name\":\"Home\",\"item\":\"https:\/\/www.start-discover.eu\/ro\"},{\"@type\":\"ListItem\",\"position\":2,\"name\":\"Get started\"}]},{\"@type\":\"WebSite\",\"@id\":\"https:\/\/www.start-discover.eu\/ro#website\",\"url\":\"https:\/\/www.start-discover.eu\/ro\",\"name\":\"DiscoverEU\",\"description\":\"\",\"publisher\":{\"@id\":\"https:\/\/www.start-discover.eu\/ro#organization\"},\"potentialAction\":[{\"@type\":\"SearchAction\",\"target\":{\"@type\":\"EntryPoint\",\"urlTemplate\":\"https:\/\/www.start-discover.eu\/ro?s={search_term_string}\"},\"query-input\":\"required name=search_term_string\"}],\"inLanguage\":\"ro-RO\"},{\"@type\":\"Organization\",\"@id\":\"https:\/\/www.start-discover.eu\/ro#organization\",\"name\":\"DiscoverEU\",\"url\":\"https:\/\/www.start-discover.eu\/ro\",\"logo\":{\"@type\":\"ImageObject\",\"inLanguage\":\"ro-RO\",\"@id\":\"https:\/\/www.start-discover.eu\/ro#\/schema\/logo\/image\/\",\"url\":\"https:\/\/www.start-discover.eu\/app\/uploads\/2024\/07\/DEU-logo-696x696-1-scaled.jpg\",\"contentUrl\":\"https:\/\/www.start-discover.eu\/app\/uploads\/2024\/07\/DEU-logo-696x696-1-scaled.jpg\",\"width\":2560,\"height\":2560,\"caption\":\"DiscoverEU\"},\"image\":{\"@id\":\"https:\/\/www.start-discover.eu\/ro#\/schema\/logo\/image\/\"}}]}<\/script>\n<!-- \/ Yoast SEO plugin. -->","yoast_head_json":{"title":"Get started - DiscoverEU","robots":{"index":"index","follow":"follow","max-snippet":"max-snippet:-1","max-image-preview":"max-image-preview:large","max-video-preview":"max-video-preview:-1"},"canonical":"https:\/\/www.start-discover.eu\/ro\/get-started","og_locale":"ro_RO","og_type":"article","og_title":"Get started - DiscoverEU","og_url":"https:\/\/www.start-discover.eu\/ro\/get-started","og_site_name":"DiscoverEU","article_modified_time":"2026-01-02T15:20:28+00:00","og_image":[{"width":2560,"height":1440,"url":"https:\/\/www.start-discover.eu\/app\/uploads\/2024\/07\/DEU-logo-1-scaled.jpg","type":"image\/jpeg"}],"twitter_card":"summary_large_image","schema":{"@context":"https:\/\/schema.org","@graph":[{"@type":"WebPage","@id":"https:\/\/www.start-discover.eu\/ro\/get-started","url":"https:\/\/www.start-discover.eu\/ro\/get-started","name":"Get started - DiscoverEU","isPartOf":{"@id":"https:\/\/www.start-discover.eu\/ro#website"},"datePublished":"2023-10-18T14:11:14+00:00","dateModified":"2026-01-02T15:20:28+00:00","breadcrumb":{"@id":"https:\/\/www.start-discover.eu\/ro\/get-started#breadcrumb"},"inLanguage":"ro-RO","potentialAction":[{"@type":"ReadAction","target":["https:\/\/www.start-discover.eu\/ro\/get-started"]}]},{"@type":"BreadcrumbList","@id":"https:\/\/www.start-discover.eu\/ro\/get-started#breadcrumb","itemListElement":[{"@type":"ListItem","position":1,"name":"Home","item":"https:\/\/www.start-discover.eu\/ro"},{"@type":"ListItem","position":2,"name":"Get started"}]},{"@type":"WebSite","@id":"https:\/\/www.start-discover.eu\/ro#website","url":"https:\/\/www.start-discover.eu\/ro","name":"DiscoverEU","description":"","publisher":{"@id":"https:\/\/www.start-discover.eu\/ro#organization"},"potentialAction":[{"@type":"SearchAction","target":{"@type":"EntryPoint","urlTemplate":"https:\/\/www.start-discover.eu\/ro?s={search_term_string}"},"query-input":"required name=search_term_string"}],"inLanguage":"ro-RO"},{"@type":"Organization","@id":"https:\/\/www.start-discover.eu\/ro#organization","name":"DiscoverEU","url":"https:\/\/www.start-discover.eu\/ro","logo":{"@type":"ImageObject","inLanguage":"ro-RO","@id":"https:\/\/www.start-discover.eu\/ro#\/schema\/logo\/image\/","url":"https:\/\/www.start-discover.eu\/app\/uploads\/2024\/07\/DEU-logo-696x696-1-scaled.jpg","contentUrl":"https:\/\/www.start-discover.eu\/app\/uploads\/2024\/07\/DEU-logo-696x696-1-scaled.jpg","width":2560,"height":2560,"caption":"DiscoverEU"},"image":{"@id":"https:\/\/www.start-discover.eu\/ro#\/schema\/logo\/image\/"}}]}},"_links":{"self":[{"href":"https:\/\/www.start-discover.eu\/ro\/wp-json\/wp\/v2\/pages\/1971"}],"collection":[{"href":"https:\/\/www.start-discover.eu\/ro\/wp-json\/wp\/v2\/pages"}],"about":[{"href":"https:\/\/www.start-discover.eu\/ro\/wp-json\/wp\/v2\/types\/page"}],"author":[{"embeddable":true,"href":"https:\/\/www.start-discover.eu\/ro\/wp-json\/wp\/v2\/users\/10"}],"replies":[{"embeddable":true,"href":"https:\/\/www.start-discover.eu\/ro\/wp-json\/wp\/v2\/comments?post=1971"}],"version-history":[{"count":8,"href":"https:\/\/www.start-discover.eu\/ro\/wp-json\/wp\/v2\/pages\/1971\/revisions"}],"predecessor-version":[{"id":4836,"href":"https:\/\/www.start-discover.eu\/ro\/wp-json\/wp\/v2\/pages\/1971\/revisions\/4836"}],"wp:attachment":[{"href":"https:\/\/www.start-discover.eu\/ro\/wp-json\/wp\/v2\/media?parent=1971"}],"curies":[{"name":"wp","href":"https:\/\/api.w.org\/{rel}","templated":true}]}}