{"id":1862,"date":"2023-11-13T18:49:23","date_gmt":"2023-11-13T18:49:23","guid":{"rendered":"https:\/\/v2.start-discover.eu\/profile"},"modified":"2026-03-30T08:27:05","modified_gmt":"2026-03-30T08:27:05","slug":"profile","status":"publish","type":"page","link":"https:\/\/www.start-discover.eu\/ro\/profile","title":{"rendered":"Profile"},"content":{"rendered":"","protected":false},"excerpt":{"rendered":"","protected":false},"author":2,"featured_media":0,"parent":0,"menu_order":0,"comment_status":"closed","ping_status":"closed","template":"","meta":{"footnotes":""},"acf":{"email":"<p>Bun\u0103 ziua {{firstname}}!<\/p>\r\n<p>Mul\u021bumim c\u0103 ai completat chestionarul #DiscoverEU.<\/p>\r\n<p>Certificatul t\u0103u de Participare este acum disponibil \u00een profilul t\u0103u #DiscoverEU.<\/p>\r\n<p>Trebuie doar s\u0103 accesezi link-ul formularului de rezervare, acela pe care l-ai folosit pentru a solicita Pass-ul t\u0103u #DiscoverEU (link-ul \u00eencepe cu '<a href=\"http:\/\/registrations.start-discover.eu\/\">registrations.start-discover.eu<\/a>') \u0219i s\u0103 dai click pe butonul \u201cDescarc\u0103 Certificatul t\u0103u de Participare #DiscoverEU\u201d.<\/p>\r\n<p>Sper\u0103m c\u0103 ai creat amintiri de neuitat!<\/p>\r\n<p>\u00ce\u021bi dorim toate cele bune.<\/p>\r\n<p>Echipa de C\u0103l\u0103torii DiscoverEU.<\/p>","infobox":{"title":"Certificatul t\u0103u de Participare este gata.","textual_content":"\u00cel po\u021bi desc\u0103rca f\u0103c\u00e2nd clic pe butonul de mai jos.","button_label":"Descarc\u0103 Certificatul t\u0103u de Participare #DiscoverEU."},"intro":{"title":{"hello_name":"Bun\u0103 ziua {{firstname}}*","welcome_on_your_discovereu_profile":"Bine ai venit pe profilul t\u0103u DiscoverEU!*"},"this_page_gathers_all_the_information_necessary":"Aceast\u0103 pagin\u0103 reune\u0219te toate informa\u021biile necesare pentru c\u0103l\u0103toria ta, precum datele \u0219i statutul de \u00eenregistrare."},"status_created":{"it_looks_like_you_havent_filled_out_your_booking_form_yet":"Se pare c\u0103 nu ai completat \u00eenc\u0103 formularul t\u0103u de rezervare.","dont_wait_too_long_created":"Nu a\u0219tepta prea mult, ai timp p\u00e2n\u0103 la {{closing_date}} s\u0103-l completezi!!","go_to_the_booking_form":"Mergi la formularul de rezervare"},"requests_and_forms_section":{"visa_form_title":"Cerere de viz\u0103","refund_form_title":"Cerere de rambursare","visa_form_label":"Formular pentru scrisoarea de invita\u021bie \u0219i cererea de asigurare de c\u0103l\u0103torie","refund_form_label":"Formular de rambursare","visa_form_processing":"Procesarea cererii","refund_form_processing":"Procesarea cererii","visa_form_processed":"Cerere tratat\u0103","refund_form_processed":"Cerere tratat\u0103"},"status_initialized":{"it_looks_like_you_havent_finished_filled_out_your_booking_form_yet":"Se pare c\u0103 nu ai terminat de completat formularul t\u0103u de rezervare \u00eenc\u0103","dont_wait_too_long_initialized":"Nu a\u0219tepta prea mult, ai timp p\u00e2n\u0103 la {{closing_date}} s\u0103-l completezi!","continue_to_complete_your_booking_form":"Continu\u0103 s\u0103 completezi formularul de rezervare"},"status_pending":{"your_identity_documents_are_being_checked":"Se verific\u0103 documentele tale de identitate","once_your_identity_has_been_verified":"Dup\u0103 ce identitatea ta a fost verificat\u0103, vei primi o confirmare automat\u0103 prin e-mail. E-mailul are ca subiect \"Your order is confirmed - here\u2019s what\u2019s next\" \u0219i este trimis de la adresa de e-mail \"customerservice@interrail.eu\".","tip:_check_your_spam":"Sfat: verific\u0103-\u021bi spam-ul","learn_more_about_verifying_my_documents":"Afl\u0103 mai multe despre verificarea documentelor mele","learn_more_about_verifying_my_documents_url":"https:\/\/discovereu-wave6.zendesk.com\/hc\/en-gb\/articles\/6066889353617-How-come-my-verification-has-been-declined-"},"status_declined_first_try":{"couldnt_verify_identity_documents":"Aten\u021bie: formularul de rezervare nu este \u00eenc\u0103 completat","submitting_documents_a_second_time":"Documentele pe care le-ai prezentat pentru a-\u021bi verifica identitatea nu au fost acceptate. Po\u021bi \u00eencerca s\u0103 le trimi\u021bi din nou.","back_to_submission_step":"\u00cenapoi la etapa de depunere","warning_can_only_submit_documents_twice":"Aten\u021bie: po\u021bi trimite documentele tale doar de dou\u0103 ori."},"status_declined_second_try":{"identity_documents_could_not_be_verified_twice":"Aten\u021bie: formularul de rezervare nu este \u00eenc\u0103 completat","not_accepted_for_the_second_time":"Documentele pe care le-ai prezentat pentru a-\u021bi verifica identitatea nu au fost acceptate, pentru a doua oar\u0103. Te rug\u0103m s\u0103 ne contactezi pentru a rezolva aceast\u0103 problem\u0103."},"status_success":{"flex_stnd":{"congratulations_your_reservation_is_completed_and_validated":"Felicit\u0103ri, formularul de rezervare este completat \u0219i validat!","your_pass_is_available_in_your_email":"<p>Pass-ul dvs. a fost trimis la adresa dvs. de e-mail. Dac\u0103 nu \u00eel vede\u021bi, verifica\u021bi folderul de spam. Dac\u0103 tot nu \u00eel g\u0103si\u021bi, contacta\u021bi echipa Travel prin pagina Trimite\u021bi o solicitare din <a href=\"https:\/\/discovereu-wave6.zendesk.com\/hc\/en-gb\/requests\/new\"><b>Centrul de ajutor<\/b><\/a>.<\/p>"},"flex_ovs":{"congratulations_your_reservation_is_completed_and_validated":"Felicit\u0103ri, rezervarea ta este finalizat\u0103 \u0219i validat\u0103!*","the_travel_team_will_contact_you_three_months_before_your_departure_date_to_book_your_flights":"Permisul t\u0103u este disponibil \u00een e-mail. Dac\u0103 nu ai primit nimic, verific\u0103 po\u0219ta nedorit\u0103. \u00cen caz contrar, nu ezita s\u0103 contactezi echipa Travel Team prin intermediul paginii Trimite o cerere prin Centrul de asisten\u021b\u0103. Echipa de turism te va contacta cu trei luni \u00eenainte de data plec\u0103rii pentru a-\u021bi rezerva zborurile.*"},"fix_stnd":{"congratulations_your_reservation_is_completed_and_validated":"Felicit\u0103ri, rezervarea ta este finalizat\u0103 \u0219i validat\u0103!*","the_travel_team_will_contact_you_three_months_before_your_departure_date_to_book_your_fix_trip":"Echipa de turism te va contacta cu trei luni \u00eenainte de data plec\u0103rii pentru a-\u021bi rezerva c\u0103l\u0103toria FIX. *"},"fix_ovs":{"congratulations_your_reservation_is_completed_and_validated":"Felicit\u0103ri, rezervarea ta este finalizat\u0103 \u0219i validat\u0103! *","the_travel_team_will_contact_you_three_months_before_your_departure_date_to_book_your_flights":"Echipa de turism v\u0103 va contacta cu trei luni \u00eenainte de data plec\u0103rii pentru a v\u0103 rezerva c\u0103l\u0103toria FIX \u0219i biletele de avion. "}},"status_accessibility":{"booking_form_completed":"Formularul t\u0103u de rezervare a fost completat.","flex_pass_will_be_issued_only_if_you_have_any_accessibility_needs":"Ar trebui s\u0103 fi primit un e-mail referitor la nevoile tale \u00een materie de accesibilitate. Te rug\u0103m s\u0103 r\u0103spunzi echipei responsabile cu c\u0103l\u0103toriile prin intermediul formularului de contact, pentru a-\u021bi putea elibera permisul DiscoverEU."},"discovereu_community_section":{"discovereu_community":"Comunitatea DiscoverEU*","looking_to_make_the_most_of_your_exciting_journey":"<p>Dore\u0219ti s\u0103 profi\u021bi la maximum de c\u0103l\u0103toria ta captivant\u0103, descoperind Europa?<\/p>\r\n<p>Acest spa\u021biu al comunit\u0103\u021bii DiscoverEU este aici pentru ca TU s\u0103 \u00eent\u00e2lne\u0219ti \u0219i s\u0103 cuno\u0219ti oameni noi, s\u0103 discu\u021bi \u0219i s\u0103 \u00eemp\u0103rt\u0103\u0219e\u0219ti planurile tale de c\u0103l\u0103torie, s\u0103 construie\u0219ti prietenii noi \u0219i s\u0103 g\u0103se\u0219ti inspira\u021bie pentru a tr\u0103i din plin c\u0103l\u0103toria ta DiscoverEU!<\/p>","join_the_#discovereu_community_label":"Al\u0103tur\u0103-te comunit\u0103\u021bii #DiscoverEU *","join_the_#discovereu_community_url":"https:\/\/discovereucommunity.interrail.eu\/","accessible_through_the_discovereu_travel_app":"*accesibil prin intermediul aplica\u021biei DiscoverEU Travel sau direct prin utilizarea detaliilor contului t\u0103u din aplica\u021bia DiscoverEU Travel App"},"european_youth_card_section":{"european_youth_card":"Cardul european de tineret*","with_your_discovereu_pass_you_have_won_the_european_youth_card":"<p>Cu permisul t\u0103u DiscoverEU, ai c\u00e2\u0219tigat Cardul european pentru tineret!<\/p>\r\n<p>Datorit\u0103 acestuia po\u021bi beneficia de reduceri la cazare, vizite, transport local \u0219i multe altele. Acesta este disponibil \u00een aplica\u021bia DiscoverEU Travel App, la sec\u021biunea \"mai mult\".*<\/p>"},"help_centre_articles_section":{"help_centre_articles":"Articole din Centrul de ajutor*","you_can_find_below_a_selection_of_articles":"Po\u021bi g\u0103si mai jos o selec\u021bie de articole care te pot ajuta s\u0103 \u00eencepi s\u0103 te preg\u0103te\u0219ti pentru c\u0103l\u0103toria DiscoverEU.*","flex_faq_links":{"how_to_get_started_with_your_interrail_mobile_pass":"How to get started with your Interrail Mobile Pass?","how_to_get_started_with_your_interrail_mobile_pass_url":"https:\/\/discovereu-wave6.zendesk.com\/hc\/en-gb\/articles\/6066864956945-How-to-get-started-with-your-Interrail-Mobile-Pass-","what_are_10_things_you_should_know_about_the_interrail_pass":"What are 10 things you should know about the Interrail Pass?","what_are_10_things_you_should_know_about_the_interrail_pass_url":"https:\/\/discovereu-wave6.zendesk.com\/hc\/en-gb\/articles\/11909290422673-What-are-10-things-you-should-know-about-the-Interrail-Pass-"}},"all_travellers_faq_links":{"travel_tips":"Travel Tips","travel_tips_url":"https:\/\/discovereu-wave6.zendesk.com\/hc\/en-gb\/categories\/5768672491409-Travel-Tips","how_can_i_save_money_while_travelling":"How can I save money while travelling?","how_can_i_save_money_while_travelling_url":"https:\/\/discovereu-wave6.zendesk.com\/hc\/en-gb\/articles\/6066862630929-How-can-I-save-money-while-travelling-","how_to_connect_with_other_discovereu_travellers":"How to connect with other DiscoverEU travellers?","how_to_connect_with_other_discovereu_travellers_url":"https:\/\/discovereu-wave6.zendesk.com\/hc\/en-gb\/articles\/6066910634513-How-to-connect-with-other-DiscoverEU-travellers-","what_is_the_discovereu_european_youth_card":"What is the DiscoverEU European Youth Card?","what_is_the_discovereu_european_youth_card_url":"https:\/\/discovereu-wave6.zendesk.com\/hc\/en-gb\/articles\/6066928796689-What-is-the-DiscoverEU-European-Youth-Card-"},"contact_us":"Contacta\u021bi-ne","contact_us_url":"https:\/\/discovereu-wave6.zendesk.com\/hc\/en-gb\/requests\/new","login_items":{"email":"E-mail","password":"Parola","forgotten_password":"Ai uitat parola?","modify_password_label":"Modific\u0103 parola","login_label":"Autentificare","log_out_label":"Deconecteaz\u0103-te","new_password":"Parol\u0103 nou\u0103","confirm_password":"Confirm\u0103 parola","back_to_login":"\u00cenapoi la pagina de autentificare","send_link":"Trimite link-ul","your_are_not_firstname":"Nu e\u0219ti {{firstname}} ?"},"login_content":{"first_password_change":"Din motive de securitate, te rug\u0103m s\u0103 schimbi parola ini\u021bial\u0103.","email_for_password_modify":"Introdu adresa de e-mail pe care o utilizezi pentru a te autentifica \u0219i \u00ee\u021bi vom trimite un link pentru a-\u021bi reseta parola.","strong_password_choice":"Te rug\u0103m s\u0103 alegi o parol\u0103 puternic\u0103.","password_combination_instruction":"Alege o combina\u021bie de litere, numere \u0219i caractere speciale.","change_your_password":"Schimb\u0103-\u021bi parola","update_your_password":"Actualizeaz\u0103 parola","sign_in_with_password":"Conecteaz\u0103-te cu parola"},"toasts_content":{"please_enter_a_valid_email_address":"Te rug\u0103m s\u0103 introduci o adres\u0103 de e-mail valid\u0103","please_enter_your_email_address":"Te rug\u0103m s\u0103 introduci adresa ta de e-mail","please_enter_your_password":"Te rug\u0103m s\u0103 introduci parola ta","please_enter_your_new_password":"Te rug\u0103m s\u0103 introduci noua ta parol\u0103 ","redirecting_you_to_the_app":"Redirec\u021bionarea c\u0103tre aplica\u021bie...","something_went_wrong":"Ceva nu a mers bine...","oops":"Ups...","sign_in":"Conecteaz\u0103-te","password_updated":"Parol\u0103 actualizat\u0103","password_reset":"Resetarea parolei","sent_email_with_link_to_reset_password":"\u021ai-am trimis un e-mail cu un link pentru resetarea parolei, po\u021bi \u00eenchide aceast\u0103 fereastr\u0103.","password_6_characters":"Parola trebuie s\u0103 con\u021bin\u0103 cel pu\u021bin 6 caractere","password_characters_format":"Parola trebuie s\u0103 con\u021bin\u0103 cel pu\u021bin o liter\u0103, un num\u0103r \u0219i un caracter special."},"do_you_have_questions_about_your_reservation":"Ai \u00eentreb\u0103ri \u00een leg\u0103tur\u0103 cu rezervarea ta?","identity_verification_status":"Starea de verificare a identit\u0103\u021bii","if_your_status_is_not_verified_be_sure_to_contact_the_travel_team_through_the_help_center":"<p>Dac\u0103 statutul t\u0103u nu este <strong>Verified<\/strong>, nu uita s\u0103 contactezi echipa Travel Team prin intermediul Centrului de asisten\u021b\u0103. *<\/p>","reservation_status":"Starea rezerv\u0103rii *","if_your_status_is_not_booked_it_means_there_was_a_problem_with_your_identity_verification_or_there_is_an_error_with_your_reservation_be_sure_to_contact_the_travel_team_via_the_center_help":"<p>Dac\u0103 statutul t\u0103u nu este <strong>Booked<\/strong>, \u00eenseamn\u0103 c\u0103 a existat o problem\u0103 cu verificarea identit\u0103\u021bii tale sau c\u0103 exist\u0103 o eroare cu rezervarea ta, nu uita s\u0103 contactezi echipa de turism prin intermediul Centrului de asisten\u021b\u0103. *<\/p>","fix_booking_status":"Starea rezerv\u0103rii FIX *","if_your_status_is_not_registered_it_means_there_was_a_problem_with_your_identity_verification_or_there_is_an_error_with_your_reservation_be_sure_to_contact_the_travel_team_via_the_center_help":"<p>Dac\u0103 statutul t\u0103u nu este <strong>Registered<\/strong>, \u00eenseamn\u0103 c\u0103 a existat o problem\u0103 cu verificarea identit\u0103\u021bii tale sau exist\u0103 o eroare \u00een leg\u0103tur\u0103 cu rezervarea ta, nu uita s\u0103 contactezi echipa de turism prin intermediul Centrului de asisten\u021b\u0103.*<\/p>","discovereu_travel_app_account_2":"Contul DiscoverEU Travel App","interrail_pass_2":"Abonament Interrail","identification":{"your_informations":"Informa\u021biile tale","personal_data":"Date personale","first_name":"Prenume","last_name":"Nume","date_of_birth":"Data na\u0219terii","email":"E-mail","ticket_type":"Tipul de bilet","document_country":"\u021aara documentului","statuses":"Situa\u021bii","document_verification":"Verificarea documentelor","booking_status":"Starea rezerv\u0103rii","discovereu_travel_app_account":"Contul aplica\u021biei de c\u0103l\u0103torie DiscoverEU","interrail_pass":"DiscoverEU Pass"}},"yoast_head":"<!-- This site is optimized with the Yoast SEO plugin v21.9.1 - https:\/\/yoast.com\/wordpress\/plugins\/seo\/ -->\n<title>Profile - DiscoverEU<\/title>\n<meta name=\"robots\" content=\"index, follow, max-snippet:-1, max-image-preview:large, max-video-preview:-1\" \/>\n<link rel=\"canonical\" href=\"https:\/\/www.start-discover.eu\/ro\/profile\" \/>\n<meta property=\"og:locale\" content=\"ro_RO\" \/>\n<meta property=\"og:type\" content=\"article\" \/>\n<meta property=\"og:title\" content=\"Profile - DiscoverEU\" \/>\n<meta property=\"og:url\" content=\"https:\/\/www.start-discover.eu\/ro\/profile\" \/>\n<meta property=\"og:site_name\" content=\"DiscoverEU\" \/>\n<meta property=\"article:modified_time\" content=\"2026-03-30T08:27:05+00:00\" \/>\n<meta property=\"og:image\" content=\"https:\/\/www.start-discover.eu\/app\/uploads\/2024\/07\/DEU-logo-1-scaled.jpg\" \/>\n\t<meta property=\"og:image:width\" content=\"2560\" \/>\n\t<meta property=\"og:image:height\" content=\"1440\" \/>\n\t<meta property=\"og:image:type\" content=\"image\/jpeg\" \/>\n<meta name=\"twitter:card\" content=\"summary_large_image\" \/>\n<script type=\"application\/ld+json\" class=\"yoast-schema-graph\">{\"@context\":\"https:\/\/schema.org\",\"@graph\":[{\"@type\":\"WebPage\",\"@id\":\"https:\/\/www.start-discover.eu\/ro\/profile\",\"url\":\"https:\/\/www.start-discover.eu\/ro\/profile\",\"name\":\"Profile - DiscoverEU\",\"isPartOf\":{\"@id\":\"https:\/\/www.start-discover.eu\/ro#website\"},\"datePublished\":\"2023-11-13T18:49:23+00:00\",\"dateModified\":\"2026-03-30T08:27:05+00:00\",\"breadcrumb\":{\"@id\":\"https:\/\/www.start-discover.eu\/ro\/profile#breadcrumb\"},\"inLanguage\":\"ro-RO\",\"potentialAction\":[{\"@type\":\"ReadAction\",\"target\":[\"https:\/\/www.start-discover.eu\/ro\/profile\"]}]},{\"@type\":\"BreadcrumbList\",\"@id\":\"https:\/\/www.start-discover.eu\/ro\/profile#breadcrumb\",\"itemListElement\":[{\"@type\":\"ListItem\",\"position\":1,\"name\":\"Home\",\"item\":\"https:\/\/www.start-discover.eu\/ro\"},{\"@type\":\"ListItem\",\"position\":2,\"name\":\"Profile\"}]},{\"@type\":\"WebSite\",\"@id\":\"https:\/\/www.start-discover.eu\/ro#website\",\"url\":\"https:\/\/www.start-discover.eu\/ro\",\"name\":\"DiscoverEU\",\"description\":\"\",\"publisher\":{\"@id\":\"https:\/\/www.start-discover.eu\/ro#organization\"},\"potentialAction\":[{\"@type\":\"SearchAction\",\"target\":{\"@type\":\"EntryPoint\",\"urlTemplate\":\"https:\/\/www.start-discover.eu\/ro?s={search_term_string}\"},\"query-input\":\"required name=search_term_string\"}],\"inLanguage\":\"ro-RO\"},{\"@type\":\"Organization\",\"@id\":\"https:\/\/www.start-discover.eu\/ro#organization\",\"name\":\"DiscoverEU\",\"url\":\"https:\/\/www.start-discover.eu\/ro\",\"logo\":{\"@type\":\"ImageObject\",\"inLanguage\":\"ro-RO\",\"@id\":\"https:\/\/www.start-discover.eu\/ro#\/schema\/logo\/image\/\",\"url\":\"https:\/\/www.start-discover.eu\/app\/uploads\/2024\/07\/DEU-logo-696x696-1-scaled.jpg\",\"contentUrl\":\"https:\/\/www.start-discover.eu\/app\/uploads\/2024\/07\/DEU-logo-696x696-1-scaled.jpg\",\"width\":2560,\"height\":2560,\"caption\":\"DiscoverEU\"},\"image\":{\"@id\":\"https:\/\/www.start-discover.eu\/ro#\/schema\/logo\/image\/\"}}]}<\/script>\n<!-- \/ Yoast SEO plugin. -->","yoast_head_json":{"title":"Profile - DiscoverEU","robots":{"index":"index","follow":"follow","max-snippet":"max-snippet:-1","max-image-preview":"max-image-preview:large","max-video-preview":"max-video-preview:-1"},"canonical":"https:\/\/www.start-discover.eu\/ro\/profile","og_locale":"ro_RO","og_type":"article","og_title":"Profile - DiscoverEU","og_url":"https:\/\/www.start-discover.eu\/ro\/profile","og_site_name":"DiscoverEU","article_modified_time":"2026-03-30T08:27:05+00:00","og_image":[{"width":2560,"height":1440,"url":"https:\/\/www.start-discover.eu\/app\/uploads\/2024\/07\/DEU-logo-1-scaled.jpg","type":"image\/jpeg"}],"twitter_card":"summary_large_image","schema":{"@context":"https:\/\/schema.org","@graph":[{"@type":"WebPage","@id":"https:\/\/www.start-discover.eu\/ro\/profile","url":"https:\/\/www.start-discover.eu\/ro\/profile","name":"Profile - DiscoverEU","isPartOf":{"@id":"https:\/\/www.start-discover.eu\/ro#website"},"datePublished":"2023-11-13T18:49:23+00:00","dateModified":"2026-03-30T08:27:05+00:00","breadcrumb":{"@id":"https:\/\/www.start-discover.eu\/ro\/profile#breadcrumb"},"inLanguage":"ro-RO","potentialAction":[{"@type":"ReadAction","target":["https:\/\/www.start-discover.eu\/ro\/profile"]}]},{"@type":"BreadcrumbList","@id":"https:\/\/www.start-discover.eu\/ro\/profile#breadcrumb","itemListElement":[{"@type":"ListItem","position":1,"name":"Home","item":"https:\/\/www.start-discover.eu\/ro"},{"@type":"ListItem","position":2,"name":"Profile"}]},{"@type":"WebSite","@id":"https:\/\/www.start-discover.eu\/ro#website","url":"https:\/\/www.start-discover.eu\/ro","name":"DiscoverEU","description":"","publisher":{"@id":"https:\/\/www.start-discover.eu\/ro#organization"},"potentialAction":[{"@type":"SearchAction","target":{"@type":"EntryPoint","urlTemplate":"https:\/\/www.start-discover.eu\/ro?s={search_term_string}"},"query-input":"required name=search_term_string"}],"inLanguage":"ro-RO"},{"@type":"Organization","@id":"https:\/\/www.start-discover.eu\/ro#organization","name":"DiscoverEU","url":"https:\/\/www.start-discover.eu\/ro","logo":{"@type":"ImageObject","inLanguage":"ro-RO","@id":"https:\/\/www.start-discover.eu\/ro#\/schema\/logo\/image\/","url":"https:\/\/www.start-discover.eu\/app\/uploads\/2024\/07\/DEU-logo-696x696-1-scaled.jpg","contentUrl":"https:\/\/www.start-discover.eu\/app\/uploads\/2024\/07\/DEU-logo-696x696-1-scaled.jpg","width":2560,"height":2560,"caption":"DiscoverEU"},"image":{"@id":"https:\/\/www.start-discover.eu\/ro#\/schema\/logo\/image\/"}}]}},"_links":{"self":[{"href":"https:\/\/www.start-discover.eu\/ro\/wp-json\/wp\/v2\/pages\/1862"}],"collection":[{"href":"https:\/\/www.start-discover.eu\/ro\/wp-json\/wp\/v2\/pages"}],"about":[{"href":"https:\/\/www.start-discover.eu\/ro\/wp-json\/wp\/v2\/types\/page"}],"author":[{"embeddable":true,"href":"https:\/\/www.start-discover.eu\/ro\/wp-json\/wp\/v2\/users\/2"}],"replies":[{"embeddable":true,"href":"https:\/\/www.start-discover.eu\/ro\/wp-json\/wp\/v2\/comments?post=1862"}],"version-history":[{"count":10,"href":"https:\/\/www.start-discover.eu\/ro\/wp-json\/wp\/v2\/pages\/1862\/revisions"}],"predecessor-version":[{"id":5534,"href":"https:\/\/www.start-discover.eu\/ro\/wp-json\/wp\/v2\/pages\/1862\/revisions\/5534"}],"wp:attachment":[{"href":"https:\/\/www.start-discover.eu\/ro\/wp-json\/wp\/v2\/media?parent=1862"}],"curies":[{"name":"wp","href":"https:\/\/api.w.org\/{rel}","templated":true}]}}