{"id":1969,"date":"2023-10-18T14:11:14","date_gmt":"2023-10-18T14:11:14","guid":{"rendered":"https:\/\/v2.start-discover.eu\/get-started"},"modified":"2026-01-02T15:19:41","modified_gmt":"2026-01-02T15:19:41","slug":"get-started","status":"publish","type":"page","link":"https:\/\/www.start-discover.eu\/pt-pt\/get-started","title":{"rendered":"Get started"},"content":{"rendered":"<p>Queres mais informa\u00e7\u00f5es detalhadas?<\/p>\n","protected":false},"excerpt":{"rendered":"<p>Queres mais informa\u00e7\u00f5es detalhadas?<\/p>\n","protected":false},"author":10,"featured_media":0,"parent":0,"menu_order":0,"comment_status":"closed","ping_status":"closed","template":"","meta":{"footnotes":""},"acf":{"description":"<h1>Quais s\u00e3o as etapas do processo de <span style=\"color: #f0679b;\">reserva<\/span>?<\/h1>\r\n<p>Ao submeteres o teu formul\u00e1rio de reserva, iremos criar uma conta para ti. Receber\u00e1s todos os detalhes por e-mail. A conta d\u00e1-te acesso \u00e0 aplica\u00e7\u00e3o DiscoverEU Travel, onde podes consultar os itiner\u00e1rios e hor\u00e1rios dos comboios para planeares a tua viagem, aceder ao teu cart\u00e3o DiscoverEU EYCA, para beneficiares de milhares de descontos em toda a Europa, e aderir \u00e0 Comunidade DiscoverEU, para partilhares as tuas experi\u00eancias com os teus companheiros de viagem. Encontrar\u00e1s o teu DiscoverEU Pass diretamente na aplica\u00e7\u00e3o.<\/p>","steps_process":[{"title":"Acede ao teu formul\u00e1rio de reserva","description":"<p>Acede \u00e0 tua liga\u00e7\u00e3o pessoal de reserva (enviada para ti atrav\u00e9s de <strong>hello@start-discover.eu<\/strong>)<\/p>"},{"title":"Verifica a tua identidade","description":"<p>No \u00e2mbito do formul\u00e1rio de reserva, ser-te-\u00e1 pedido que verifiques a tua identidade.<\/p>"},{"title":"Submete o teu formul\u00e1rio de reserva","description":"<p>Quando estiveres pronto, preenche e envia o formul\u00e1rio de reserva<\/p>"}],"title_start_process":"Como inicio o processo de reserva?","image_start_process":1970,"description_start_process":"<p><strong>Receber\u00e1s um convite por e-mail com a liga\u00e7\u00e3o para o teu formul\u00e1rio de reserva pessoal.<\/strong><\/p>\r\n<p>Para concluir a reserva da viagem, ter\u00e1s de planear algumas coisas. O mais importante \u00e9 ter o cart\u00e3o de identidade ou o passaporte pronto para confirmar a tua identidade.<\/p>\r\n<div>\r\n<p>Ao preencheres o formul\u00e1rio de reserva da viagem, algumas informa\u00e7\u00f5es j\u00e1 estar\u00e3o pr\u00e9-preenchidas, com base nos dados que obtivemos durante o processo de verifica\u00e7\u00e3o da identidade. As informa\u00e7\u00f5es pr\u00e9-preenchidas incluem:<\/p>\r\n<ul>\r\n\t<li>Endere\u00e7o de e-mail<\/li>\r\n\t<li>C\u00f3digo da candidatura<\/li>\r\n\t<li>Primeiro nome<\/li>\r\n\t<li>Apelido<\/li>\r\n\t<li>Data de nascimento<\/li>\r\n\t<li>Pa\u00eds emissor do documento de identidade\/passaporte<\/li>\r\n<\/ul>\r\n<\/div>\r\n<p><strong>Queres mais informa\u00e7\u00f5es detalhadas?<\/strong><br \/>\r\nD\u00e1 uma vista de olhos ao Centro de Ajuda, onde podes encontrar respostas \u00e0s perguntas mais frequentes.<br \/>\r\n<br \/>\r\n<\/p>","link_start_process":{"title":"Consulta o Centro de Ajuda","url":"https:\/\/help.start-discover.eu\/","target":"_blank"},"title":"Tudo o que precisas de saber sobre o DiscoverEU Pass","flexible_travel":{"title_flexible":"-","sub_title":"Passe Interrail DiscoverEU","paragraph":"Vai onde quiseres, com total flexibilidade\r\n","flexible_option":[{"icon":2686,"title":"Viaja sem datas e destinos pr\u00e9-definidos","paragraph":"<p>Confirma o teu Interrail Passe M\u00f3vel e completa a tua pesquisa mais tarde. Poder\u00e1s utilizar o teu Passe M\u00f3vel na aplica\u00e7\u00e3o DiscoverEU. Podes ativar o teu Passe at\u00e9 ao dia em que come\u00e7as a viajar. Durante a viagem, planeia \u00e0 medida que vais viajando, altera a dire\u00e7\u00e3o e deixa a viagem seguir o seu pr\u00f3prio rumo.<\/p>","important":false},{"icon":2688,"title":"Viaja de comboio em 7 dias no per\u00edodo de um m\u00eas","paragraph":"<p>Podes utilizar o Passe em 7 dias \u00e0 tua escolha durante um per\u00edodo definido de 1 m\u00eas. Viaja em dias consecutivos ou repartidos ao longo do m\u00eas. Podes organizar tudo diretamente a partir da aplica\u00e7\u00e3o DiscoverEU Travel.<\/p>","important":false},{"icon":548,"title":"Viaja com quem quiseres","paragraph":"<p>Cabe-te a ti decidir se viajas sozinho, com um acompanhante ou em grupo. Podes escolher como e com quem viajas, e alterar isto a meio da viagem. Se viajares em grupo, cada um de v\u00f3s ter\u00e1 o seu pr\u00f3prio Passe.<\/p>","important":false},{"icon":492,"title":"Viaja no pa\u00eds de resid\u00eancia","paragraph":"<p>O teu passe s\u00f3 pode ser utilizado para duas viagens espec\u00edficas no teu pa\u00eds de resid\u00eancia (designadas por viagem de ida e viagem de regresso).<br \/>\r\nPodes viajar de qualquer ponto do pa\u00eds de resid\u00eancia para a fronteira ou para um aeroporto ou porto, e podes viajar com mais do que um comboio, desde que as viagens se realizem no mesmo dia de viagem.<\/p>","important":false},{"icon":464,"title":"Viaja ao teu pr\u00f3prio ritmo","paragraph":"<p>Com o Passe m\u00f3vel, podes ficar mais tempo numa cidade ou sair mais cedo de um destino do que tinhas planeado. Est\u00e1s a ter um contratempo na tua viagem, como um comboio atrasado ou cancelado? Podes apanhar o comboio seguinte ou alterar o teu percurso.<\/p>","important":false},{"icon":604,"title":"Importante saber","paragraph":"<p>Antes de embarcares num comboio, autocarro ou barco, cada viagem deve ser registada na aplica\u00e7\u00e3o DiscoverEU Travel, na sec\u00e7\u00e3o \"A minha viagem\", e adicionada ao teu Passe Interrail M\u00f3vel. Alguns comboios de longa dist\u00e2ncia exigem que fa\u00e7as reservas de lugares adicionais.<\/p>","important":true}]},"fixed_travel":{"title":"Op\u00e7\u00e3o de viagem fixa","sub_title":"Bilhetes ponto a ponto","paragraph":"Op\u00e7\u00e3o fixa e definida, o teu itiner\u00e1rio n\u00e3o pode ser modificado.\r\n","fixed_option":[{"icon":2687,"title":"Viaja de acordo com destinos pr\u00e9-definidos","paragraph":"<p>Pesquisa e planeia a tua viagem antes de confirmares os teus bilhetes de viagem. O teu itiner\u00e1rio de viagem ser\u00e1 reservado com bilhetes ponto a ponto e n\u00e3o poder\u00e1 ser modificado.<\/p>","important":false},{"icon":2689,"title":"Viaja de acordo com um plano fixo","paragraph":"<p>Sabes quando queres viajar. Tens as tuas datas prontas, tens um itiner\u00e1rio fixo e est\u00e1s preparado para te comprometeres com uma data e um comboio espec\u00edficos.<\/p>","important":false},{"icon":576,"title":"Viajar em grupo","paragraph":"<p>S\u00f3 podes viajar em grupo se tiveres sido premiado como grupo.<br \/>\r\nPara viajares em grupo, todos os elementos do grupo devem preencher o formul\u00e1rio de reserva de viagem.<\/p>","important":false},{"icon":492,"title":"Viaja no pa\u00eds de resid\u00eancia","paragraph":"<p>A tua viagem de ida e volta ser\u00e1 reservada como bilhetes ponto a ponto. Podes viajar com mais do que um comboio, desde que o teu primeiro destino seja o estrangeiro.<\/p>","important":false},{"icon":520,"title":"Altera\u00e7\u00f5es de viagem","paragraph":"<p>Os bilhetes s\u00e3o reservados apenas para comboios espec\u00edficos e sem altera\u00e7\u00e3o do plano de viagem. A Comiss\u00e3o Europeia n\u00e3o cobre quaisquer suplementos por altera\u00e7\u00f5es, novas reservas ou outros custos incorridos durante a viagem.<\/p>","important":false},{"icon":604,"title":"Importante saber","paragraph":"<p>Os itiner\u00e1rios de viagem ponto a ponto ser\u00e3o limitados aos comboios que permitem a reserva de bilhetes online. Em caso de cancelamentos ou atrasos, o viajante deve contactar diretamente a empresa de transportes. Descobre mais sobre os direitos dos passageiros da UE aqui.<\/p>","important":true}]},"link_travel_option":{"title":"Leva-me ao Centro de Ajuda","url":"https:\/\/help.start-discover.eu\/","target":"_blank"}},"yoast_head":"<!-- This site is optimized with the Yoast SEO plugin v21.9.1 - https:\/\/yoast.com\/wordpress\/plugins\/seo\/ -->\n<title>Get started - DiscoverEU<\/title>\n<meta name=\"robots\" content=\"index, follow, max-snippet:-1, max-image-preview:large, max-video-preview:-1\" \/>\n<link rel=\"canonical\" href=\"https:\/\/www.start-discover.eu\/pt-pt\/get-started\" \/>\n<meta property=\"og:locale\" content=\"pt_PT\" \/>\n<meta property=\"og:type\" content=\"article\" \/>\n<meta property=\"og:title\" content=\"Get started - DiscoverEU\" \/>\n<meta property=\"og:description\" content=\"Queres mais informa\u00e7\u00f5es detalhadas?\" \/>\n<meta property=\"og:url\" content=\"https:\/\/www.start-discover.eu\/pt-pt\/get-started\" \/>\n<meta property=\"og:site_name\" content=\"DiscoverEU\" \/>\n<meta property=\"article:modified_time\" content=\"2026-01-02T15:19:41+00:00\" \/>\n<meta property=\"og:image\" content=\"https:\/\/www.start-discover.eu\/app\/uploads\/2024\/07\/DEU-logo-1-scaled.jpg\" \/>\n\t<meta property=\"og:image:width\" content=\"2560\" \/>\n\t<meta property=\"og:image:height\" content=\"1440\" \/>\n\t<meta property=\"og:image:type\" content=\"image\/jpeg\" \/>\n<meta name=\"twitter:card\" content=\"summary_large_image\" \/>\n<meta name=\"twitter:label1\" content=\"Est. reading time\" \/>\n\t<meta name=\"twitter:data1\" content=\"1 minute\" \/>\n<script type=\"application\/ld+json\" class=\"yoast-schema-graph\">{\"@context\":\"https:\/\/schema.org\",\"@graph\":[{\"@type\":\"WebPage\",\"@id\":\"https:\/\/www.start-discover.eu\/pt-pt\/get-started\",\"url\":\"https:\/\/www.start-discover.eu\/pt-pt\/get-started\",\"name\":\"Get started - DiscoverEU\",\"isPartOf\":{\"@id\":\"https:\/\/www.start-discover.eu\/pt-pt#website\"},\"datePublished\":\"2023-10-18T14:11:14+00:00\",\"dateModified\":\"2026-01-02T15:19:41+00:00\",\"breadcrumb\":{\"@id\":\"https:\/\/www.start-discover.eu\/pt-pt\/get-started#breadcrumb\"},\"inLanguage\":\"pt-PT\",\"potentialAction\":[{\"@type\":\"ReadAction\",\"target\":[\"https:\/\/www.start-discover.eu\/pt-pt\/get-started\"]}]},{\"@type\":\"BreadcrumbList\",\"@id\":\"https:\/\/www.start-discover.eu\/pt-pt\/get-started#breadcrumb\",\"itemListElement\":[{\"@type\":\"ListItem\",\"position\":1,\"name\":\"Home\",\"item\":\"https:\/\/www.start-discover.eu\/pt-pt\"},{\"@type\":\"ListItem\",\"position\":2,\"name\":\"Get started\"}]},{\"@type\":\"WebSite\",\"@id\":\"https:\/\/www.start-discover.eu\/pt-pt#website\",\"url\":\"https:\/\/www.start-discover.eu\/pt-pt\",\"name\":\"DiscoverEU\",\"description\":\"\",\"publisher\":{\"@id\":\"https:\/\/www.start-discover.eu\/pt-pt#organization\"},\"potentialAction\":[{\"@type\":\"SearchAction\",\"target\":{\"@type\":\"EntryPoint\",\"urlTemplate\":\"https:\/\/www.start-discover.eu\/pt-pt?s={search_term_string}\"},\"query-input\":\"required name=search_term_string\"}],\"inLanguage\":\"pt-PT\"},{\"@type\":\"Organization\",\"@id\":\"https:\/\/www.start-discover.eu\/pt-pt#organization\",\"name\":\"DiscoverEU\",\"url\":\"https:\/\/www.start-discover.eu\/pt-pt\",\"logo\":{\"@type\":\"ImageObject\",\"inLanguage\":\"pt-PT\",\"@id\":\"https:\/\/www.start-discover.eu\/pt-pt#\/schema\/logo\/image\/\",\"url\":\"https:\/\/www.start-discover.eu\/app\/uploads\/2024\/07\/DEU-logo-696x696-1-scaled.jpg\",\"contentUrl\":\"https:\/\/www.start-discover.eu\/app\/uploads\/2024\/07\/DEU-logo-696x696-1-scaled.jpg\",\"width\":2560,\"height\":2560,\"caption\":\"DiscoverEU\"},\"image\":{\"@id\":\"https:\/\/www.start-discover.eu\/pt-pt#\/schema\/logo\/image\/\"}}]}<\/script>\n<!-- \/ Yoast SEO plugin. -->","yoast_head_json":{"title":"Get started - DiscoverEU","robots":{"index":"index","follow":"follow","max-snippet":"max-snippet:-1","max-image-preview":"max-image-preview:large","max-video-preview":"max-video-preview:-1"},"canonical":"https:\/\/www.start-discover.eu\/pt-pt\/get-started","og_locale":"pt_PT","og_type":"article","og_title":"Get started - DiscoverEU","og_description":"Queres mais informa\u00e7\u00f5es detalhadas?","og_url":"https:\/\/www.start-discover.eu\/pt-pt\/get-started","og_site_name":"DiscoverEU","article_modified_time":"2026-01-02T15:19:41+00:00","og_image":[{"width":2560,"height":1440,"url":"https:\/\/www.start-discover.eu\/app\/uploads\/2024\/07\/DEU-logo-1-scaled.jpg","type":"image\/jpeg"}],"twitter_card":"summary_large_image","twitter_misc":{"Est. reading time":"1 minute"},"schema":{"@context":"https:\/\/schema.org","@graph":[{"@type":"WebPage","@id":"https:\/\/www.start-discover.eu\/pt-pt\/get-started","url":"https:\/\/www.start-discover.eu\/pt-pt\/get-started","name":"Get started - DiscoverEU","isPartOf":{"@id":"https:\/\/www.start-discover.eu\/pt-pt#website"},"datePublished":"2023-10-18T14:11:14+00:00","dateModified":"2026-01-02T15:19:41+00:00","breadcrumb":{"@id":"https:\/\/www.start-discover.eu\/pt-pt\/get-started#breadcrumb"},"inLanguage":"pt-PT","potentialAction":[{"@type":"ReadAction","target":["https:\/\/www.start-discover.eu\/pt-pt\/get-started"]}]},{"@type":"BreadcrumbList","@id":"https:\/\/www.start-discover.eu\/pt-pt\/get-started#breadcrumb","itemListElement":[{"@type":"ListItem","position":1,"name":"Home","item":"https:\/\/www.start-discover.eu\/pt-pt"},{"@type":"ListItem","position":2,"name":"Get started"}]},{"@type":"WebSite","@id":"https:\/\/www.start-discover.eu\/pt-pt#website","url":"https:\/\/www.start-discover.eu\/pt-pt","name":"DiscoverEU","description":"","publisher":{"@id":"https:\/\/www.start-discover.eu\/pt-pt#organization"},"potentialAction":[{"@type":"SearchAction","target":{"@type":"EntryPoint","urlTemplate":"https:\/\/www.start-discover.eu\/pt-pt?s={search_term_string}"},"query-input":"required name=search_term_string"}],"inLanguage":"pt-PT"},{"@type":"Organization","@id":"https:\/\/www.start-discover.eu\/pt-pt#organization","name":"DiscoverEU","url":"https:\/\/www.start-discover.eu\/pt-pt","logo":{"@type":"ImageObject","inLanguage":"pt-PT","@id":"https:\/\/www.start-discover.eu\/pt-pt#\/schema\/logo\/image\/","url":"https:\/\/www.start-discover.eu\/app\/uploads\/2024\/07\/DEU-logo-696x696-1-scaled.jpg","contentUrl":"https:\/\/www.start-discover.eu\/app\/uploads\/2024\/07\/DEU-logo-696x696-1-scaled.jpg","width":2560,"height":2560,"caption":"DiscoverEU"},"image":{"@id":"https:\/\/www.start-discover.eu\/pt-pt#\/schema\/logo\/image\/"}}]}},"_links":{"self":[{"href":"https:\/\/www.start-discover.eu\/pt-pt\/wp-json\/wp\/v2\/pages\/1969"}],"collection":[{"href":"https:\/\/www.start-discover.eu\/pt-pt\/wp-json\/wp\/v2\/pages"}],"about":[{"href":"https:\/\/www.start-discover.eu\/pt-pt\/wp-json\/wp\/v2\/types\/page"}],"author":[{"embeddable":true,"href":"https:\/\/www.start-discover.eu\/pt-pt\/wp-json\/wp\/v2\/users\/10"}],"replies":[{"embeddable":true,"href":"https:\/\/www.start-discover.eu\/pt-pt\/wp-json\/wp\/v2\/comments?post=1969"}],"version-history":[{"count":6,"href":"https:\/\/www.start-discover.eu\/pt-pt\/wp-json\/wp\/v2\/pages\/1969\/revisions"}],"predecessor-version":[{"id":4835,"href":"https:\/\/www.start-discover.eu\/pt-pt\/wp-json\/wp\/v2\/pages\/1969\/revisions\/4835"}],"wp:attachment":[{"href":"https:\/\/www.start-discover.eu\/pt-pt\/wp-json\/wp\/v2\/media?parent=1969"}],"curies":[{"name":"wp","href":"https:\/\/api.w.org\/{rel}","templated":true}]}}