{"id":1861,"date":"2023-11-13T18:49:23","date_gmt":"2023-11-13T18:49:23","guid":{"rendered":"https:\/\/v2.start-discover.eu\/profile"},"modified":"2026-03-30T08:26:39","modified_gmt":"2026-03-30T08:26:39","slug":"profile","status":"publish","type":"page","link":"https:\/\/www.start-discover.eu\/pt-pt\/profile","title":{"rendered":"Profile"},"content":{"rendered":"","protected":false},"excerpt":{"rendered":"","protected":false},"author":2,"featured_media":0,"parent":0,"menu_order":0,"comment_status":"closed","ping_status":"closed","template":"","meta":{"footnotes":""},"acf":{"email":"<p>Ol\u00e1 {{firstname}}!<\/p>\r\n<p>Obrigado por completar o inqu\u00e9rito #DiscoverEU.<\/p>\r\n<p>O seu Certificado de Participa\u00e7\u00e3o j\u00e1 est\u00e1 dispon\u00edvel no seu perfil #DiscoverEU.<\/p>\r\n<p>S\u00f3 precisa de aceder ao link do seu formul\u00e1rio de reserva, aquele que usou para solicitar o seu Passe #DiscoverEU (o link come\u00e7a com '<a href=\"http:\/\/registrations.start-discover.eu\/\">registrations.start-discover.eu<\/a>') e clique no bot\u00e3o \u201cDescarregar o seu Certificado de Participa\u00e7\u00e3o #DiscoverEU\u201d.<\/p>\r\n<p>Esperamos que tenha criado mem\u00f3rias inesquec\u00edveis!<\/p>\r\n<p>Desejamos-lhe tudo de bom.<\/p>\r\n<p>A equipa de viagem DiscoverEU.<\/p>","infobox":{"title":"O seu Certificado de Participa\u00e7\u00e3o est\u00e1 pronto.","textual_content":"Pode descarreg\u00e1-lo clicando no bot\u00e3o abaixo.","button_label":"Descarregar o seu Certificado de Participa\u00e7\u00e3o #DiscoverEU."},"intro":{"title":{"hello_name":"Ol\u00e1 {{firstname}},","welcome_on_your_discovereu_profile":"Bem-vindo \u00e0 tua conta DiscoverEU!"},"this_page_gathers_all_the_information_necessary":"Esta p\u00e1gina re\u00fane todas as informa\u00e7\u00f5es necess\u00e1rias para a tua viagem, bem como os dados e o estado da inscri\u00e7\u00e3o."},"status_created":{"it_looks_like_you_havent_filled_out_your_booking_form_yet":"Parece que ainda n\u00e3o preencheste o teu formul\u00e1rio de reserva","dont_wait_too_long_created":"N\u00e3o esperes muito tempo, tens at\u00e9 {{closing_date}} para complet\u00e1-lo!","go_to_the_booking_form":"Ir para o formul\u00e1rio de reserva"},"requests_and_forms_section":{"visa_form_title":"Solicita\u00e7\u00e3o de visto:","refund_form_title":"Solicita\u00e7\u00e3o de reembolso:","visa_form_label":"Formul\u00e1rio de solicita\u00e7\u00e3o de seguro de viagem e carta-convite","refund_form_label":"Formul\u00e1rio de Reembolso","visa_form_processing":"Processamento da solicita\u00e7\u00e3o","refund_form_processing":"Processamento da solicita\u00e7\u00e3o","visa_form_processed":"Solicita\u00e7\u00e3o tratada","refund_form_processed":"Solicita\u00e7\u00e3o tratada"},"status_initialized":{"it_looks_like_you_havent_finished_filled_out_your_booking_form_yet":"Parece que ainda n\u00e3o terminaste de preencher o teu formul\u00e1rio de reserva","dont_wait_too_long_initialized":"N\u00e3o esperes muito tempo, tens at\u00e9 {{closing_date}} para complet\u00e1-lo!","continue_to_complete_your_booking_form":"Continua a preencher o teu formul\u00e1rio de reserva"},"status_pending":{"your_identity_documents_are_being_checked":"Os teus documentos de identidade est\u00e3o a ser verificados","once_your_identity_has_been_verified":"Assim que a tua identidade tiver sido verificada, receber\u00e1s uma confirma\u00e7\u00e3o autom\u00e1tica por e-mail. O e-mail tem o assunto \"O teu pedido est\u00e1 confirmado - eis o que se segue\" e \u00e9 enviado a partir do endere\u00e7o de e-mail \"customerservice@interrail.eu\".","tip:_check_your_spam":"Dica: verifica o teu spam","learn_more_about_verifying_my_documents":"Aprende mais sobre a verifica\u00e7\u00e3o de documentos","learn_more_about_verifying_my_documents_url":"https:\/\/registrations.start-discover.eu\/images\/EU_DiscoverEU_GuideID_en.jpg"},"status_declined_first_try":{"couldnt_verify_identity_documents":"Aten\u00e7\u00e3o: o teu formul\u00e1rio de reserva ainda n\u00e3o est\u00e1 completo","submitting_documents_a_second_time":"Os documentos que enviaste para verificar a tua identidade n\u00e3o foram aceites. Podes tentar submet\u00ea-los uma segunda vez.","back_to_submission_step":"Voltar ao passo de submiss\u00e3o","warning_can_only_submit_documents_twice":"Aviso : s\u00f3 podes submeter os teus documentos duas vezes."},"status_declined_second_try":{"identity_documents_could_not_be_verified_twice":"Aten\u00e7\u00e3o: o teu formul\u00e1rio de reserva ainda n\u00e3o est\u00e1 completo","not_accepted_for_the_second_time":"Os documentos que enviaste para verificar a tua identidade n\u00e3o foram aceites pela segunda vez. Por favor contacta-nos para resolveres este problema."},"status_success":{"flex_stnd":{"congratulations_your_reservation_is_completed_and_validated":"Parab\u00e9ns, o teu formul\u00e1rio de reserva est\u00e1 completo e validado!","your_pass_is_available_in_your_email":"<p>O teu passe foi enviado para o teu e-mail. Se n\u00e3o o encontrares, verifica a tua pasta de spam. Se ainda assim n\u00e3o o encontrares, entra em contacto com a Equipa de Viagens atrav\u00e9s da p\u00e1gina Enviar um pedido na <a href=\"https:\/\/discovereu-wave6.zendesk.com\/hc\/en-gb\/requests\/new\"><b>Central de Ajuda<\/b><\/a>.<\/p>"},"flex_ovs":{"congratulations_your_reservation_is_completed_and_validated":"Parab\u00e9ns, a tua reserva est\u00e1 completa e validada!","the_travel_team_will_contact_you_three_months_before_your_departure_date_to_book_your_flights":"O teu passe est\u00e1 dispon\u00edvel no teu email. Se n\u00e3o recebeste nada, verifica o teu correio n\u00e3o solicitado. Caso contr\u00e1rio, n\u00e3o hesites em contatar a Equipa de Viagens atrav\u00e9s da p\u00e1gina Submeter um pedido no Centro de Ajuda. A Equipa de Viagens ir\u00e1 contatar-te tr\u00eas meses antes da tua data de partida para reservar os teus voos."},"fix_stnd":{"congratulations_your_reservation_is_completed_and_validated":"Parab\u00e9ns, a tua reserva est\u00e1 completa e validada!","the_travel_team_will_contact_you_three_months_before_your_departure_date_to_book_your_fix_trip":"A Equipa de Viagens ir\u00e1 contatar-te tr\u00eas meses antes da tua data de partida para reservar a tua viagem FIX."},"fix_ovs":{"congratulations_your_reservation_is_completed_and_validated":"Parab\u00e9ns, a tua reserva est\u00e1 completa e validada!","the_travel_team_will_contact_you_three_months_before_your_departure_date_to_book_your_flights":"A equipa de Viagens entrar\u00e1 em contacto contigo tr\u00eas meses antes da data de partida para reservar a tua viagem FIX e os teus bilhetes de avi\u00e3o."}},"status_accessibility":{"booking_form_completed":"O teu formul\u00e1rio de reserva foi preenchido.","flex_pass_will_be_issued_only_if_you_have_any_accessibility_needs":"Deves ter recebido um e-mail sobre as tuas necessidades de acessibilidade. Responde \u00e0 equipa de viagens atrav\u00e9s do formul\u00e1rio de contacto para que possamos emitir o teu Passe DiscoverEU."},"discovereu_community_section":{"discovereu_community":"Comunidade DiscoverEU","looking_to_make_the_most_of_your_exciting_journey":"<p>\u00c0 procura de aproveitar ao m\u00e1ximo a tua excitante viagem enquanto descobres a Europa?<\/p>\r\n<p>Este espa\u00e7o comunit\u00e1rio DiscoverEU est\u00e1 aqui para TI, para te reunires, conheceres novas pessoas, discutires e partilhares os teus planos de viagem, constru\u00edres amizades e encontrares inspira\u00e7\u00e3o para experienciar ao m\u00e1ximo a tua viagem DiscoverEU!<\/p>","join_the_#discovereu_community_label":"JUNTA-TE \u00e0 Comunidade #DiscoverEU","join_the_#discovereu_community_url":"https:\/\/discovereucommunity.interrail.eu\/","accessible_through_the_discovereu_travel_app":"*acess\u00edvel atrav\u00e9s da aplica\u00e7\u00e3o DiscoverEU Travel ou directamente atrav\u00e9s dos detalhes da tua conta na aplica\u00e7\u00e3o DiscoverEU Travel App"},"european_youth_card_section":{"european_youth_card":"Cart\u00e3o Europeu da Juventude","with_your_discovereu_pass_you_have_won_the_european_youth_card":"<p>Com o teu passe DiscoverEU, ganhaste o Cart\u00e3o Jovem Europeu!<\/p>\r\n<p>Gra\u00e7as a este podes ter descontos em alojamento, visitas, transporte local e muito mais. Est\u00e1 dispon\u00edvel na tua conta na aplica\u00e7\u00e3o DiscoverEU Travel App, na sec\u00e7\u00e3o \"mais\".<\/p>"},"help_centre_articles_section":{"help_centre_articles":"Artigos do Centro de Ajuda","you_can_find_below_a_selection_of_articles":"Podes encontrar abaixo uma sele\u00e7\u00e3o de artigos que te podem ajudar a come\u00e7ar a preparar a tua viagem DiscoverEU.","flex_faq_links":{"how_to_get_started_with_your_interrail_mobile_pass":"How to get started with your Interrail Mobile Pass?","how_to_get_started_with_your_interrail_mobile_pass_url":"https:\/\/discovereu-wave6.zendesk.com\/hc\/en-gb\/articles\/6066864956945-How-to-get-started-with-your-Interrail-Mobile-Pass-","what_are_10_things_you_should_know_about_the_interrail_pass":"What are 10 things you should know about the Interrail Pass?","what_are_10_things_you_should_know_about_the_interrail_pass_url":"https:\/\/discovereu-wave6.zendesk.com\/hc\/en-gb\/articles\/11909290422673-What-are-10-things-you-should-know-about-the-Interrail-Pass-"}},"all_travellers_faq_links":{"travel_tips":"Travel Tips","travel_tips_url":"https:\/\/discovereu-wave6.zendesk.com\/hc\/en-gb\/categories\/5768672491409-Travel-Tips","how_can_i_save_money_while_travelling":"How can I save money while travelling?","how_can_i_save_money_while_travelling_url":"https:\/\/discovereu-wave6.zendesk.com\/hc\/en-gb\/articles\/6066862630929-How-can-I-save-money-while-travelling-","how_to_connect_with_other_discovereu_travellers":"How to connect with other DiscoverEU travellers?","how_to_connect_with_other_discovereu_travellers_url":"https:\/\/discovereu-wave6.zendesk.com\/hc\/en-gb\/articles\/6066910634513-How-to-connect-with-other-DiscoverEU-travellers-","what_is_the_discovereu_european_youth_card":"What is the DiscoverEU European Youth Card?","what_is_the_discovereu_european_youth_card_url":"https:\/\/discovereu-wave6.zendesk.com\/hc\/en-gb\/articles\/6066928796689-What-is-the-DiscoverEU-European-Youth-Card-"},"contact_us":"Contacta-nos","contact_us_url":"https:\/\/discovereu-wave6.zendesk.com\/hc\/en-gb\/requests\/new","login_items":{"email":"Email","password":"Palavra-passe","forgotten_password":"Esqueceste-te da palavra-passe?","modify_password_label":"Modificar a palavra-passe","login_label":"Login","log_out_label":"Logout","new_password":"Nova palavra-passe","confirm_password":"Confirmar palavra-passe","back_to_login":"Voltar \u00e0 p\u00e1gina do login","send_link":"Enviar link","your_are_not_firstname":"Tu n\u00e3o \u00e9s {{firstname}} ?"},"login_content":{"first_password_change":"Por raz\u00f5es de seguran\u00e7a, pedimos-te gentilmente que mudes a palavra-passe inicial.","email_for_password_modify":"Introduz o endere\u00e7o de e-mail que usas para iniciar sess\u00e3o, e enviar-te-emos um link para redefinires a tua palavra-passe.","strong_password_choice":"Por favor escolhe uma palavra-passe forte.","password_combination_instruction":"Escolhe uma combina\u00e7\u00e3o de letras, n\u00fameros e carateres especiais.","change_your_password":"Altera a tua palavra-passe","update_your_password":"Atualiza a tua palavra-passe","sign_in_with_password":"Entrar com palavra-passe"},"toasts_content":{"please_enter_a_valid_email_address":"Por favor introduz um endere\u00e7o de e-mail v\u00e1lido","please_enter_your_email_address":"Por favor introduz o valor do teu endere\u00e7o de e-mail","please_enter_your_password":"Por favor introduz a tua palavra-passe","please_enter_your_new_password":"Por favor introduz a tua palavra-passe","redirecting_you_to_the_app":"Redirecionando-te para a aplica\u00e7\u00e3o...","something_went_wrong":"Algo correu mal...","oops":"Oops...","sign_in":"Entrar","password_updated":"Palavra-passe atualizada","password_reset":"Reinicializa\u00e7\u00e3o da palavra-passe","sent_email_with_link_to_reset_password":"Envi\u00e1mos-te um e-mail com um link para redefinires a tua palavra-passe, podes fechar esta janela","password_6_characters":"A senha deve conter pelo menos 6 carateres","password_characters_format":"A palavra-passe deve conter pelo menos uma letra, um n\u00famero e um car\u00e1cter especial"},"do_you_have_questions_about_your_reservation":"Tens alguma d\u00favida sobre a tua reserva?","identity_verification_status":"Estado de Verifica\u00e7\u00e3o de Identidade","if_your_status_is_not_verified_be_sure_to_contact_the_travel_team_through_the_help_center":"<p>Se o teu estado n\u00e3o estiver <strong>VERIFICADO<\/strong>, n\u00e3o te esque\u00e7as de contatar a Equipa de Viagens atrav\u00e9s do Centro de Ajuda.<\/p>","reservation_status":"Estado da reserva","if_your_status_is_not_booked_it_means_there_was_a_problem_with_your_identity_verification_or_there_is_an_error_with_your_reservation_be_sure_to_contact_the_travel_team_via_the_center_help":"<p>Se o teu estado n\u00e3o estiver <strong>RESERVADO<\/strong>, significa que houve um problema com a tua verifica\u00e7\u00e3o de identidade ou que existe um erro na tua reserva. N\u00e3o te esque\u00e7as de contatar a Equipa de Viagens atrav\u00e9s do Centro de Ajuda.<\/p>","fix_booking_status":"FIX estado da reserva","if_your_status_is_not_registered_it_means_there_was_a_problem_with_your_identity_verification_or_there_is_an_error_with_your_reservation_be_sure_to_contact_the_travel_team_via_the_center_help":"<p>Se o teu estado n\u00e3o estiver <strong>REGISTADO<\/strong>, significa que houve um problema com a verifica\u00e7\u00e3o da tua identidade ou que existe um erro na tua reserva, n\u00e3o te esque\u00e7as de contatar a Equipa de Viagens atrav\u00e9s do Centro de Ajuda.<\/p>","discovereu_travel_app_account_2":"Conta DiscoverEU Travel App","interrail_pass_2":"Passe Interrail","identification":{"your_informations":"As tuas informa\u00e7\u00f5es","personal_data":"Dados pessoais","first_name":"Nome pr\u00f3prio","last_name":"Sobrenome","date_of_birth":"Data de nascimento","email":"Email","ticket_type":"Tipo de bilhete","document_country":"Pa\u00eds do documento","statuses":"Estado","document_verification":"Verifica\u00e7\u00e3o de documentos","booking_status":"Estado da Reserva","discovereu_travel_app_account":"Conta DiscoverEU Travel App","interrail_pass":"Passe DiscoverEU"}},"yoast_head":"<!-- This site is optimized with the Yoast SEO plugin v21.9.1 - https:\/\/yoast.com\/wordpress\/plugins\/seo\/ -->\n<title>Profile - DiscoverEU<\/title>\n<meta name=\"robots\" content=\"index, follow, max-snippet:-1, max-image-preview:large, max-video-preview:-1\" \/>\n<link rel=\"canonical\" href=\"https:\/\/www.start-discover.eu\/pt-pt\/profile\" \/>\n<meta property=\"og:locale\" content=\"pt_PT\" \/>\n<meta property=\"og:type\" content=\"article\" \/>\n<meta property=\"og:title\" content=\"Profile - DiscoverEU\" \/>\n<meta property=\"og:url\" content=\"https:\/\/www.start-discover.eu\/pt-pt\/profile\" \/>\n<meta property=\"og:site_name\" content=\"DiscoverEU\" \/>\n<meta property=\"article:modified_time\" content=\"2026-03-30T08:26:39+00:00\" \/>\n<meta property=\"og:image\" content=\"https:\/\/www.start-discover.eu\/app\/uploads\/2024\/07\/DEU-logo-1-scaled.jpg\" \/>\n\t<meta property=\"og:image:width\" content=\"2560\" \/>\n\t<meta property=\"og:image:height\" content=\"1440\" \/>\n\t<meta property=\"og:image:type\" content=\"image\/jpeg\" \/>\n<meta name=\"twitter:card\" content=\"summary_large_image\" \/>\n<script type=\"application\/ld+json\" class=\"yoast-schema-graph\">{\"@context\":\"https:\/\/schema.org\",\"@graph\":[{\"@type\":\"WebPage\",\"@id\":\"https:\/\/www.start-discover.eu\/pt-pt\/profile\",\"url\":\"https:\/\/www.start-discover.eu\/pt-pt\/profile\",\"name\":\"Profile - DiscoverEU\",\"isPartOf\":{\"@id\":\"https:\/\/www.start-discover.eu\/pt-pt#website\"},\"datePublished\":\"2023-11-13T18:49:23+00:00\",\"dateModified\":\"2026-03-30T08:26:39+00:00\",\"breadcrumb\":{\"@id\":\"https:\/\/www.start-discover.eu\/pt-pt\/profile#breadcrumb\"},\"inLanguage\":\"pt-PT\",\"potentialAction\":[{\"@type\":\"ReadAction\",\"target\":[\"https:\/\/www.start-discover.eu\/pt-pt\/profile\"]}]},{\"@type\":\"BreadcrumbList\",\"@id\":\"https:\/\/www.start-discover.eu\/pt-pt\/profile#breadcrumb\",\"itemListElement\":[{\"@type\":\"ListItem\",\"position\":1,\"name\":\"Home\",\"item\":\"https:\/\/www.start-discover.eu\/pt-pt\"},{\"@type\":\"ListItem\",\"position\":2,\"name\":\"Profile\"}]},{\"@type\":\"WebSite\",\"@id\":\"https:\/\/www.start-discover.eu\/pt-pt#website\",\"url\":\"https:\/\/www.start-discover.eu\/pt-pt\",\"name\":\"DiscoverEU\",\"description\":\"\",\"publisher\":{\"@id\":\"https:\/\/www.start-discover.eu\/pt-pt#organization\"},\"potentialAction\":[{\"@type\":\"SearchAction\",\"target\":{\"@type\":\"EntryPoint\",\"urlTemplate\":\"https:\/\/www.start-discover.eu\/pt-pt?s={search_term_string}\"},\"query-input\":\"required name=search_term_string\"}],\"inLanguage\":\"pt-PT\"},{\"@type\":\"Organization\",\"@id\":\"https:\/\/www.start-discover.eu\/pt-pt#organization\",\"name\":\"DiscoverEU\",\"url\":\"https:\/\/www.start-discover.eu\/pt-pt\",\"logo\":{\"@type\":\"ImageObject\",\"inLanguage\":\"pt-PT\",\"@id\":\"https:\/\/www.start-discover.eu\/pt-pt#\/schema\/logo\/image\/\",\"url\":\"https:\/\/www.start-discover.eu\/app\/uploads\/2024\/07\/DEU-logo-696x696-1-scaled.jpg\",\"contentUrl\":\"https:\/\/www.start-discover.eu\/app\/uploads\/2024\/07\/DEU-logo-696x696-1-scaled.jpg\",\"width\":2560,\"height\":2560,\"caption\":\"DiscoverEU\"},\"image\":{\"@id\":\"https:\/\/www.start-discover.eu\/pt-pt#\/schema\/logo\/image\/\"}}]}<\/script>\n<!-- \/ Yoast SEO plugin. -->","yoast_head_json":{"title":"Profile - DiscoverEU","robots":{"index":"index","follow":"follow","max-snippet":"max-snippet:-1","max-image-preview":"max-image-preview:large","max-video-preview":"max-video-preview:-1"},"canonical":"https:\/\/www.start-discover.eu\/pt-pt\/profile","og_locale":"pt_PT","og_type":"article","og_title":"Profile - DiscoverEU","og_url":"https:\/\/www.start-discover.eu\/pt-pt\/profile","og_site_name":"DiscoverEU","article_modified_time":"2026-03-30T08:26:39+00:00","og_image":[{"width":2560,"height":1440,"url":"https:\/\/www.start-discover.eu\/app\/uploads\/2024\/07\/DEU-logo-1-scaled.jpg","type":"image\/jpeg"}],"twitter_card":"summary_large_image","schema":{"@context":"https:\/\/schema.org","@graph":[{"@type":"WebPage","@id":"https:\/\/www.start-discover.eu\/pt-pt\/profile","url":"https:\/\/www.start-discover.eu\/pt-pt\/profile","name":"Profile - DiscoverEU","isPartOf":{"@id":"https:\/\/www.start-discover.eu\/pt-pt#website"},"datePublished":"2023-11-13T18:49:23+00:00","dateModified":"2026-03-30T08:26:39+00:00","breadcrumb":{"@id":"https:\/\/www.start-discover.eu\/pt-pt\/profile#breadcrumb"},"inLanguage":"pt-PT","potentialAction":[{"@type":"ReadAction","target":["https:\/\/www.start-discover.eu\/pt-pt\/profile"]}]},{"@type":"BreadcrumbList","@id":"https:\/\/www.start-discover.eu\/pt-pt\/profile#breadcrumb","itemListElement":[{"@type":"ListItem","position":1,"name":"Home","item":"https:\/\/www.start-discover.eu\/pt-pt"},{"@type":"ListItem","position":2,"name":"Profile"}]},{"@type":"WebSite","@id":"https:\/\/www.start-discover.eu\/pt-pt#website","url":"https:\/\/www.start-discover.eu\/pt-pt","name":"DiscoverEU","description":"","publisher":{"@id":"https:\/\/www.start-discover.eu\/pt-pt#organization"},"potentialAction":[{"@type":"SearchAction","target":{"@type":"EntryPoint","urlTemplate":"https:\/\/www.start-discover.eu\/pt-pt?s={search_term_string}"},"query-input":"required name=search_term_string"}],"inLanguage":"pt-PT"},{"@type":"Organization","@id":"https:\/\/www.start-discover.eu\/pt-pt#organization","name":"DiscoverEU","url":"https:\/\/www.start-discover.eu\/pt-pt","logo":{"@type":"ImageObject","inLanguage":"pt-PT","@id":"https:\/\/www.start-discover.eu\/pt-pt#\/schema\/logo\/image\/","url":"https:\/\/www.start-discover.eu\/app\/uploads\/2024\/07\/DEU-logo-696x696-1-scaled.jpg","contentUrl":"https:\/\/www.start-discover.eu\/app\/uploads\/2024\/07\/DEU-logo-696x696-1-scaled.jpg","width":2560,"height":2560,"caption":"DiscoverEU"},"image":{"@id":"https:\/\/www.start-discover.eu\/pt-pt#\/schema\/logo\/image\/"}}]}},"_links":{"self":[{"href":"https:\/\/www.start-discover.eu\/pt-pt\/wp-json\/wp\/v2\/pages\/1861"}],"collection":[{"href":"https:\/\/www.start-discover.eu\/pt-pt\/wp-json\/wp\/v2\/pages"}],"about":[{"href":"https:\/\/www.start-discover.eu\/pt-pt\/wp-json\/wp\/v2\/types\/page"}],"author":[{"embeddable":true,"href":"https:\/\/www.start-discover.eu\/pt-pt\/wp-json\/wp\/v2\/users\/2"}],"replies":[{"embeddable":true,"href":"https:\/\/www.start-discover.eu\/pt-pt\/wp-json\/wp\/v2\/comments?post=1861"}],"version-history":[{"count":8,"href":"https:\/\/www.start-discover.eu\/pt-pt\/wp-json\/wp\/v2\/pages\/1861\/revisions"}],"predecessor-version":[{"id":5533,"href":"https:\/\/www.start-discover.eu\/pt-pt\/wp-json\/wp\/v2\/pages\/1861\/revisions\/5533"}],"wp:attachment":[{"href":"https:\/\/www.start-discover.eu\/pt-pt\/wp-json\/wp\/v2\/media?parent=1861"}],"curies":[{"name":"wp","href":"https:\/\/api.w.org\/{rel}","templated":true}]}}