{"id":1967,"date":"2023-10-18T14:11:14","date_gmt":"2023-10-18T14:11:14","guid":{"rendered":"https:\/\/v2.start-discover.eu\/get-started"},"modified":"2026-01-02T15:18:45","modified_gmt":"2026-01-02T15:18:45","slug":"get-started","status":"publish","type":"page","link":"https:\/\/www.start-discover.eu\/pl\/get-started","title":{"rendered":"Get started"},"content":{"rendered":"","protected":false},"excerpt":{"rendered":"","protected":false},"author":10,"featured_media":0,"parent":0,"menu_order":0,"comment_status":"closed","ping_status":"closed","template":"","meta":{"footnotes":""},"acf":{"description":"<h1>Jakie s\u0105 etapy procesu <span style=\"color: #f0679b;\">rezerwacji<\/span>?<\/h1>\r\n<p>Po przes\u0142aniu przez Ciebie formularza rezerwacji utworzymy dla Ciebie konto. Wszystkie szczeg\u00f3\u0142y otrzymasz e-mailem. Konto zapewni Ci dost\u0119p do aplikacji DiscoverEU, w kt\u00f3rej mo\u017cesz sprawdzi\u0107 trasy i godziny poci\u0105g\u00f3w w celu zaplanowania podr\u00f3\u017cy, uzyskasz dost\u0119p do swojej karty EYCA DiscoverEU, aby skorzysta\u0107 z tysi\u0119cy zni\u017cek w ca\u0142ej Europie, a tak\u017ce pozwoli Ci do\u0142\u0105czy\u0107 do spo\u0142eczno\u015bci DiscoverEU, aby dzieli\u0107 si\u0119 swoimi do\u015bwiadczeniami z innymi podr\u00f3\u017cnikami. Znajdziesz sw\u00f3j DiscoverEU Pass bezpo\u015brednio w aplikacji.<\/p>","steps_process":[{"title":"Uzyskaj dost\u0119p do formularza rezerwacji","description":"<p>Uzyskaj dost\u0119p do swojego osobistego linku do rezerwacji (wys\u0142anego do Ciebie z adresu <strong>hello@start-discover.eu<\/strong>)<\/p>"},{"title":"Potwierd\u017a swoj\u0105 to\u017csamo\u015b\u0107","description":"<p>W ramach formularza rezerwacji otrzymasz pro\u015bb\u0119 o potwierdzenie swojej to\u017csamo\u015bci.<\/p>"},{"title":"Wy\u015blij sw\u00f3j formularz rezerwacji","description":"<p>Gdy wszystko b\u0119dzie ju\u017c gotowe, wype\u0142nij i prze\u015blij formularz rezerwacji.<\/p>"}],"title_start_process":"Jak mog\u0119 rozpocz\u0105\u0107 proces rezerwacji?","image_start_process":1968,"description_start_process":"<p><strong>Otrzymasz zaproszenie drog\u0105 e-mailow\u0105 z linkiem do osobistego formularza rezerwacji.<\/strong><\/p>\r\n<p>Aby doko\u0144czy\u0107 rezerwacj\u0119 podr\u00f3\u017cy, musisz zaplanowa\u0107 kilka rzeczy. Najwa\u017cniejsze jest, aby mie\u0107 przygotowany dow\u00f3d osobisty lub paszport w celu potwierdzenia to\u017csamo\u015bci.<\/p>\r\n<div>\r\n<p>Podczas wype\u0142niania formularza rezerwacyjnego niekt\u00f3re informacje b\u0119d\u0105 ju\u017c wst\u0119pnie wype\u0142nione na podstawie danych uzyskanych w procesie weryfikacji to\u017csamo\u015bci. Wst\u0119pnie wype\u0142nione informacje obejmuj\u0105:<\/p>\r\n<ul>\r\n\t<li>Adres e-mail<\/li>\r\n\t<li>Kod aplikacji<\/li>\r\n\t<li>Imi\u0119<\/li>\r\n\t<li>Nazwisko<\/li>\r\n\t<li>Data urodzenia<\/li>\r\n\t<li>Kraj wydania dowodu\/paszportu<\/li>\r\n<\/ul>\r\n<\/div>\r\n<p><strong>Chcesz uzyska\u0107 wi\u0119cej szczeg\u00f3\u0142owych informacji?<\/strong><br \/>\r\nZajrzyj do Centrum Pomocy, gdzie znajdziesz odpowiedzi na najcz\u0119\u015bciej zadawane pytania.<br \/>\r\n<br \/>\r\n<\/p>","link_start_process":{"title":"Skonsultuj si\u0119 z Centrum Pomocy","url":"https:\/\/help.start-discover.eu\/","target":"_blank"},"title":"Wszystko, co musisz wiedzie\u0107 o DiscoverEU Pass","flexible_travel":{"title_flexible":"-","sub_title":"Bilet mobilny DiscoverEU","paragraph":"B\u0105d\u017a tam, gdzie tylko zechcesz, pe\u0142na elastyczno\u015b\u0107\r\n","flexible_option":[{"icon":2679,"title":"Podr\u00f3\u017cuj bez wcze\u015bniej ustalonych dat i miejsc docelowych","paragraph":"<p>Potwierd\u017a sw\u00f3j mobilny bilet Interrail i doko\u0144cz poszukiwania p\u00f3\u017aniej.<br \/>\r\nB\u0119dziesz mie\u0107 mo\u017cliwo\u015b\u0107 korzystania z biletu mobilnego w aplikacji podr\u00f3\u017cnej DiscoverEU.<br \/>\r\nMo\u017cesz aktywowa\u0107 sw\u00f3j bilet a\u017c do dnia rozpocz\u0119cia podr\u00f3\u017cy.<br \/>\r\nPodczas swojej podr\u00f3\u017cy planuj na bie\u017c\u0105co, zmieniaj kierunki i pozw\u00f3l jej obra\u0107 w\u0142asny kurs.<\/p>","important":false},{"icon":2681,"title":"Podr\u00f3\u017cuj poci\u0105gami przez 7 dni w okresie jednego miesi\u0105ca","paragraph":"<p>Mo\u017cesz korzysta\u0107 z biletu przez 7 wybranych dni w ustalonym okresie o d\u0142ugo\u015bci 1 miesi\u0105ca.<br \/>\r\nPodr\u00f3\u017cuj w kolejnych, nast\u0119puj\u0105cych po sobie dniach lub roz\u0142\u00f3\u017c je na przestrzeni miesi\u0105ca.<br \/>\r\nWszystko mo\u017cesz za\u0142atwi\u0107 bezpo\u015brednio z aplikacji podr\u00f3\u017cnej DiscoverEU.<\/p>","important":false},{"icon":547,"title":"Podr\u00f3\u017cuj solo lub w grupie","paragraph":"<p>Do Ciebie nale\u017cy wyb\u00f3r, czy chcesz podr\u00f3\u017cowa\u0107 solo, z osob\u0105 towarzysz\u0105c\u0105, czy w grupie. Mo\u017cesz wybra\u0107 z kim chcesz podr\u00f3\u017cowa\u0107 na etapie aplikacji do programu DiscoverEU, mo\u017cesz r\u00f3wnie\u017c zmieni\u0107 to w trakcie podr\u00f3\u017cy.<br \/>\r\nJe\u015bli podr\u00f3\u017cujesz w grupie, ka\u017cdy podr\u00f3\u017cuj\u0105cy cz\u0142onek grupy b\u0119dzie mia\u0142 sw\u00f3j w\u0142asny bilet.<\/p>","important":false},{"icon":491,"title":"Podr\u00f3\u017c w kraju zamieszkania","paragraph":"<p>Tw\u00f3j bilet mo\u017ce by\u0107 wykorzystany tylko do dw\u00f3ch wybranych podr\u00f3\u017cy w kraju zamieszkania (zwanych podr\u00f3\u017c\u0105 wyjazdow\u0105 i podr\u00f3\u017c\u0105 przyjazdow\u0105). Mo\u017cesz podr\u00f3\u017cowa\u0107 z dowolnego miejsca w kraju zamieszkania do granicy, lotniska lub portu, mo\u017cesz podr\u00f3\u017cowa\u0107 wi\u0119cej ni\u017c jednym poci\u0105giem, pod warunkiem, \u017ce podr\u00f3\u017ce odbywaj\u0105 si\u0119 tego samego dnia.<\/p>","important":false},{"icon":463,"title":"Podr\u00f3\u017cuj w swoim w\u0142asnym tempie","paragraph":"<p>Dzi\u0119ki biletowi mobilnemu mo\u017cesz zosta\u0107 d\u0142u\u017cej w mie\u015bcie lub opu\u015bci\u0107 miejsce docelowe wcze\u015bniej ni\u017c by\u0142o to zaplanowane.<br \/>\r\nDo\u015bwiadczasz utrudnie\u0144 w trakcie podr\u00f3\u017cy, takich jak op\u00f3\u017aniony lub odwo\u0142any poci\u0105g?<br \/>\r\nMo\u017cesz wsi\u0105\u015b\u0107 do nast\u0119pnego poci\u0105gu lub zmieni\u0107 tras\u0119.<\/p>","important":false},{"icon":603,"title":"Wa\u017cne informacje","paragraph":"<p>Przed wej\u015bciem do poci\u0105gu, autobusu lub na statek ka\u017cda podr\u00f3\u017c musi zosta\u0107 zarejestrowana w aplikacji DiscoverEU w sekcji \"Moja podr\u00f3\u017c\" i dodana do Twojego mobilnego biletu Interrail.<br \/>\r\nNiekt\u00f3re poci\u0105gi dalekobie\u017cne wymagaj\u0105 dodatkowej rezerwacji miejsc.<\/p>","important":true}]},"fixed_travel":{"title":"Wariant podr\u00f3\u017cy \"FIX\"","sub_title":"Point-to-Point Tickets","paragraph":"Sta\u0142y i niezmienny wariant, Tw\u00f3j plan podr\u00f3\u017cy nie mo\u017ce zosta\u0107 poddany zmianom.\r\n","fixed_option":[{"icon":2680,"title":"Podr\u00f3\u017cuj zgodnie z wcze\u015bniej ustalonymi kierunkami","paragraph":"<p>Przemy\u015bl i zaplanuj swoj\u0105 podr\u00f3\u017c przed potwierdzeniem bilet\u00f3w. Tw\u00f3j plan podr\u00f3\u017cy zostanie zarezerwowany z biletami od wybranego punktu do okre\u015blonego punktu i nie b\u0119dzie mo\u017cna go zmodyfikowa\u0107.<\/p>","important":false},{"icon":2682,"title":"Podr\u00f3\u017c wed\u0142ug ustalonego planu","paragraph":"<p>Wiesz, kiedy chcesz odby\u0107 podr\u00f3\u017c.<br \/>\r\nMasz ju\u017c wyznaczone daty, ustalony plan podr\u00f3\u017cy i jeste\u015b w stanie zdecydowa\u0107 si\u0119 na konkretn\u0105 dat\u0119 i poci\u0105g.<\/p>","important":false},{"icon":575,"title":"Podr\u00f3\u017c w grupie","paragraph":"<p>Tylko osoby nagrodzone jako grupa b\u0119d\u0105 mog\u0142y podr\u00f3\u017cowa\u0107 w grupie.<br \/>\r\nAby podr\u00f3\u017cowa\u0107 w grupie, wszyscy cz\u0142onkowie grupy musz\u0105 wype\u0142ni\u0107 formularz rezerwacji podr\u00f3\u017cy.<\/p>","important":false},{"icon":491,"title":"Podr\u00f3\u017c w kraju zamieszkania","paragraph":"<p>Twoja podr\u00f3\u017c wyjazdowa i przyjazdowa zostan\u0105 zarezerwowane jako bilety od punktu do punktu. Mo\u017cesz podr\u00f3\u017cowa\u0107 wi\u0119cej ni\u017c jednym poci\u0105giem, pod warunkiem, \u017ce Tw\u00f3j pierwszy cel podr\u00f3\u017cy znajduje si\u0119 za granic\u0105.<\/p>","important":false},{"icon":519,"title":"Modyfikacje dotycz\u0105ce podr\u00f3\u017cy","paragraph":"<p>Bilety b\u0119d\u0105 rezerwowane tylko na konkretne poci\u0105gi, bez \u017cadnych zmian w planach podr\u00f3\u017cy. Komisja Europejska nie pokrywa \u017cadnych dodatkowych koszt\u00f3w zwi\u0105zanych z modyfikacjami, nowymi rezerwacjami lub innymi kosztami poniesionymi podczas podr\u00f3\u017cy.<\/p>","important":false},{"icon":603,"title":"Wa\u017cne informacje","paragraph":"<p>Trasy podr\u00f3\u017cy od punktu do punktu b\u0119d\u0105 ograniczone do poci\u0105g\u00f3w, kt\u00f3re umo\u017cliwiaj\u0105 rezerwacj\u0119 bilet\u00f3w online. W przypadku odwo\u0142ania lub op\u00f3\u017anienia, podr\u00f3\u017cny powinien skontaktowa\u0107 si\u0119 bezpo\u015brednio z przewo\u017anikiem. Dowiedz si\u0119 wi\u0119cej o prawach pasa\u017cer\u00f3w UE tutaj.<\/p>","important":true}]},"link_travel_option":{"title":"Zabierz mnie do Centrum pomocy","url":"https:\/\/help.start-discover.eu\/","target":"_blank"}},"yoast_head":"<!-- This site is optimized with the Yoast SEO plugin v21.9.1 - https:\/\/yoast.com\/wordpress\/plugins\/seo\/ -->\n<title>Get started - DiscoverEU<\/title>\n<meta name=\"robots\" content=\"index, follow, max-snippet:-1, max-image-preview:large, max-video-preview:-1\" \/>\n<link rel=\"canonical\" href=\"https:\/\/www.start-discover.eu\/pl\/get-started\" \/>\n<meta property=\"og:locale\" content=\"pl_PL\" \/>\n<meta property=\"og:type\" content=\"article\" \/>\n<meta property=\"og:title\" content=\"Get started - DiscoverEU\" \/>\n<meta property=\"og:url\" content=\"https:\/\/www.start-discover.eu\/pl\/get-started\" \/>\n<meta property=\"og:site_name\" content=\"DiscoverEU\" \/>\n<meta property=\"article:modified_time\" content=\"2026-01-02T15:18:45+00:00\" \/>\n<meta property=\"og:image\" content=\"https:\/\/www.start-discover.eu\/app\/uploads\/2024\/07\/DEU-logo-1-scaled.jpg\" \/>\n\t<meta property=\"og:image:width\" content=\"2560\" \/>\n\t<meta property=\"og:image:height\" content=\"1440\" \/>\n\t<meta property=\"og:image:type\" content=\"image\/jpeg\" \/>\n<meta name=\"twitter:card\" content=\"summary_large_image\" \/>\n<script type=\"application\/ld+json\" class=\"yoast-schema-graph\">{\"@context\":\"https:\/\/schema.org\",\"@graph\":[{\"@type\":\"WebPage\",\"@id\":\"https:\/\/www.start-discover.eu\/pl\/get-started\",\"url\":\"https:\/\/www.start-discover.eu\/pl\/get-started\",\"name\":\"Get started - DiscoverEU\",\"isPartOf\":{\"@id\":\"https:\/\/www.start-discover.eu\/pl#website\"},\"datePublished\":\"2023-10-18T14:11:14+00:00\",\"dateModified\":\"2026-01-02T15:18:45+00:00\",\"breadcrumb\":{\"@id\":\"https:\/\/www.start-discover.eu\/pl\/get-started#breadcrumb\"},\"inLanguage\":\"pl-PL\",\"potentialAction\":[{\"@type\":\"ReadAction\",\"target\":[\"https:\/\/www.start-discover.eu\/pl\/get-started\"]}]},{\"@type\":\"BreadcrumbList\",\"@id\":\"https:\/\/www.start-discover.eu\/pl\/get-started#breadcrumb\",\"itemListElement\":[{\"@type\":\"ListItem\",\"position\":1,\"name\":\"Home\",\"item\":\"https:\/\/www.start-discover.eu\/pl\"},{\"@type\":\"ListItem\",\"position\":2,\"name\":\"Get started\"}]},{\"@type\":\"WebSite\",\"@id\":\"https:\/\/www.start-discover.eu\/pl#website\",\"url\":\"https:\/\/www.start-discover.eu\/pl\",\"name\":\"DiscoverEU\",\"description\":\"\",\"publisher\":{\"@id\":\"https:\/\/www.start-discover.eu\/pl#organization\"},\"potentialAction\":[{\"@type\":\"SearchAction\",\"target\":{\"@type\":\"EntryPoint\",\"urlTemplate\":\"https:\/\/www.start-discover.eu\/pl?s={search_term_string}\"},\"query-input\":\"required name=search_term_string\"}],\"inLanguage\":\"pl-PL\"},{\"@type\":\"Organization\",\"@id\":\"https:\/\/www.start-discover.eu\/pl#organization\",\"name\":\"DiscoverEU\",\"url\":\"https:\/\/www.start-discover.eu\/pl\",\"logo\":{\"@type\":\"ImageObject\",\"inLanguage\":\"pl-PL\",\"@id\":\"https:\/\/www.start-discover.eu\/pl#\/schema\/logo\/image\/\",\"url\":\"https:\/\/www.start-discover.eu\/app\/uploads\/2024\/07\/DEU-logo-696x696-1-scaled.jpg\",\"contentUrl\":\"https:\/\/www.start-discover.eu\/app\/uploads\/2024\/07\/DEU-logo-696x696-1-scaled.jpg\",\"width\":2560,\"height\":2560,\"caption\":\"DiscoverEU\"},\"image\":{\"@id\":\"https:\/\/www.start-discover.eu\/pl#\/schema\/logo\/image\/\"}}]}<\/script>\n<!-- \/ Yoast SEO plugin. -->","yoast_head_json":{"title":"Get started - DiscoverEU","robots":{"index":"index","follow":"follow","max-snippet":"max-snippet:-1","max-image-preview":"max-image-preview:large","max-video-preview":"max-video-preview:-1"},"canonical":"https:\/\/www.start-discover.eu\/pl\/get-started","og_locale":"pl_PL","og_type":"article","og_title":"Get started - DiscoverEU","og_url":"https:\/\/www.start-discover.eu\/pl\/get-started","og_site_name":"DiscoverEU","article_modified_time":"2026-01-02T15:18:45+00:00","og_image":[{"width":2560,"height":1440,"url":"https:\/\/www.start-discover.eu\/app\/uploads\/2024\/07\/DEU-logo-1-scaled.jpg","type":"image\/jpeg"}],"twitter_card":"summary_large_image","schema":{"@context":"https:\/\/schema.org","@graph":[{"@type":"WebPage","@id":"https:\/\/www.start-discover.eu\/pl\/get-started","url":"https:\/\/www.start-discover.eu\/pl\/get-started","name":"Get started - DiscoverEU","isPartOf":{"@id":"https:\/\/www.start-discover.eu\/pl#website"},"datePublished":"2023-10-18T14:11:14+00:00","dateModified":"2026-01-02T15:18:45+00:00","breadcrumb":{"@id":"https:\/\/www.start-discover.eu\/pl\/get-started#breadcrumb"},"inLanguage":"pl-PL","potentialAction":[{"@type":"ReadAction","target":["https:\/\/www.start-discover.eu\/pl\/get-started"]}]},{"@type":"BreadcrumbList","@id":"https:\/\/www.start-discover.eu\/pl\/get-started#breadcrumb","itemListElement":[{"@type":"ListItem","position":1,"name":"Home","item":"https:\/\/www.start-discover.eu\/pl"},{"@type":"ListItem","position":2,"name":"Get started"}]},{"@type":"WebSite","@id":"https:\/\/www.start-discover.eu\/pl#website","url":"https:\/\/www.start-discover.eu\/pl","name":"DiscoverEU","description":"","publisher":{"@id":"https:\/\/www.start-discover.eu\/pl#organization"},"potentialAction":[{"@type":"SearchAction","target":{"@type":"EntryPoint","urlTemplate":"https:\/\/www.start-discover.eu\/pl?s={search_term_string}"},"query-input":"required name=search_term_string"}],"inLanguage":"pl-PL"},{"@type":"Organization","@id":"https:\/\/www.start-discover.eu\/pl#organization","name":"DiscoverEU","url":"https:\/\/www.start-discover.eu\/pl","logo":{"@type":"ImageObject","inLanguage":"pl-PL","@id":"https:\/\/www.start-discover.eu\/pl#\/schema\/logo\/image\/","url":"https:\/\/www.start-discover.eu\/app\/uploads\/2024\/07\/DEU-logo-696x696-1-scaled.jpg","contentUrl":"https:\/\/www.start-discover.eu\/app\/uploads\/2024\/07\/DEU-logo-696x696-1-scaled.jpg","width":2560,"height":2560,"caption":"DiscoverEU"},"image":{"@id":"https:\/\/www.start-discover.eu\/pl#\/schema\/logo\/image\/"}}]}},"_links":{"self":[{"href":"https:\/\/www.start-discover.eu\/pl\/wp-json\/wp\/v2\/pages\/1967"}],"collection":[{"href":"https:\/\/www.start-discover.eu\/pl\/wp-json\/wp\/v2\/pages"}],"about":[{"href":"https:\/\/www.start-discover.eu\/pl\/wp-json\/wp\/v2\/types\/page"}],"author":[{"embeddable":true,"href":"https:\/\/www.start-discover.eu\/pl\/wp-json\/wp\/v2\/users\/10"}],"replies":[{"embeddable":true,"href":"https:\/\/www.start-discover.eu\/pl\/wp-json\/wp\/v2\/comments?post=1967"}],"version-history":[{"count":5,"href":"https:\/\/www.start-discover.eu\/pl\/wp-json\/wp\/v2\/pages\/1967\/revisions"}],"predecessor-version":[{"id":4834,"href":"https:\/\/www.start-discover.eu\/pl\/wp-json\/wp\/v2\/pages\/1967\/revisions\/4834"}],"wp:attachment":[{"href":"https:\/\/www.start-discover.eu\/pl\/wp-json\/wp\/v2\/media?parent=1967"}],"curies":[{"name":"wp","href":"https:\/\/api.w.org\/{rel}","templated":true}]}}