{"id":1860,"date":"2023-11-13T18:49:23","date_gmt":"2023-11-13T18:49:23","guid":{"rendered":"https:\/\/v2.start-discover.eu\/profile"},"modified":"2026-03-30T08:26:15","modified_gmt":"2026-03-30T08:26:15","slug":"profile","status":"publish","type":"page","link":"https:\/\/www.start-discover.eu\/pl\/profile","title":{"rendered":"Profile"},"content":{"rendered":"","protected":false},"excerpt":{"rendered":"","protected":false},"author":2,"featured_media":0,"parent":0,"menu_order":0,"comment_status":"closed","ping_status":"closed","template":"","meta":{"footnotes":""},"acf":{"email":"<p>Cze\u015b\u0107 {{firstname}}!<\/p>\r\n<p>Dzi\u0119kujemy za wype\u0142nienie ankiety #DiscoverEU.<\/p>\r\n<p>Twoje Za\u015bwiadczenie o Udziale jest teraz dost\u0119pne w Twoim profilu #DiscoverEU.<\/p>\r\n<p>Musisz jedynie przej\u015b\u0107 do formularza rezerwacji, kt\u00f3rego u\u017cy\u0142e\u015b\/a\u015b do wnioskowania o Tw\u00f3j bilet #DiscoverEU (link zaczyna si\u0119 od '<a href=\"http:\/\/registrations.start-discover.eu\/\">registrations.start-discover.eu<\/a>') i klikn\u0105\u0107 przycisk \u201cPobierz swoje Za\u015bwiadczenie o Udziale w #DiscoverEU\u201d.<\/p>\r\n<p>Mamy nadziej\u0119, \u017ce stworzy\u0142e\u015b\/a\u015b niezapomniane wspomnienia!<\/p>\r\n<p>\u017byczymy Ci wszystkiego najlepszego.<\/p>\r\n<p>Zesp\u00f3\u0142 Podr\u00f3\u017cy DiscoverEU<\/p>","infobox":{"title":"Twoje Za\u015bwiadczenie o Udziale jest gotowe.","textual_content":"Mo\u017cesz je pobra\u0107, klikaj\u0105c przycisk poni\u017cej.","button_label":"Pobierz swoje Za\u015bwiadczenie o Udziale w #DiscoverEU."},"intro":{"title":{"hello_name":"Cze\u015b\u0107 {{firstname}}","welcome_on_your_discovereu_profile":"Witaj na swoim profilu DiscoverEU!"},"this_page_gathers_all_the_information_necessary":"Na tej stronie gromadzone s\u0105 wszystkie informacje niezb\u0119dne do twojej podr\u00f3\u017cy, a tak\u017ce dane i status rejestracji."},"status_created":{"it_looks_like_you_havent_filled_out_your_booking_form_yet":"Wygl\u0105da na to, \u017ce nie wype\u0142ni\u0142e\u015b\/a\u015b jeszcze formularza rezerwacji.","dont_wait_too_long_created":"Nie czekaj zbyt d\u0142ugo, masz czas do {{closing_date}}, aby go uko\u0144czy\u0107!","go_to_the_booking_form":"Przejd\u017a do formularza rezerwacji"},"requests_and_forms_section":{"visa_form_title":"Wniosek o wiz\u0119","refund_form_title":"Wniosek o zwrot pieni\u0119dzy","visa_form_label":"List z zaproszeniem i formularz wniosku o ubezpieczenie podr\u00f3\u017cne","refund_form_label":"Formularz zwrotu koszt\u00f3w","visa_form_processing":"Przetwarzanie wniosku","refund_form_processing":"Przetwarzanie wniosku","visa_form_processed":"Wniosek rozpatrzony","refund_form_processed":"Wniosek rozpatrzony"},"status_initialized":{"it_looks_like_you_havent_finished_filled_out_your_booking_form_yet":"Wygl\u0105da na to, \u017ce nie wype\u0142ni\u0142e\u015b\/a\u015b jeszcze formularza rezerwacji.","dont_wait_too_long_initialized":"Nie czekaj zbyt d\u0142ugo, masz czas do {{closing_date}}, aby go uko\u0144czy\u0107!","continue_to_complete_your_booking_form":"Przejd\u017a do formularza rezerwacji"},"status_pending":{"your_identity_documents_are_being_checked":"Sprawdzane s\u0105 Twoje dokumenty to\u017csamo\u015bci","once_your_identity_has_been_verified":"Po zweryfikowaniu Twojej to\u017csamo\u015bci otrzymasz automatyczne potwierdzenie poczt\u0105 elektroniczn\u0105. E-mail ma temat \"Your order is confirmed - here\u2019s what\u2019s next\" i jest wysy\u0142any z adresu e-mail \"customerservice@interrail.eu\".","tip:_check_your_spam":"  Translation results  Select target language. Currently selected:  Informal  Wskaz\u00f3wka: sprawd\u017a spam Po zweryfikowaniu Twojej to\u017csamo\u015bci otrzymasz automatyczne potwierdzenie poczt\u0105 elektroniczn\u0105. E-mail ma temat \"Your order is confirmed - here\u2019s what\u2019s next\" i jest wysy\u0142any z adresu e-mail \"customerservice@interrail.eu\".","learn_more_about_verifying_my_documents":"Dowiedz si\u0119 wi\u0119cej o weryfikacji dokument\u00f3w","learn_more_about_verifying_my_documents_url":"https:\/\/registrations.start-discover.eu\/images\/EU_DiscoverEU_GuideID_en.jpg"},"status_declined_first_try":{"couldnt_verify_identity_documents":"Uwaga: Tw\u00f3j formularz rezerwacji nie zosta\u0142 jeszcze wype\u0142niony","submitting_documents_a_second_time":"Dokumenty, kt\u00f3re z\u0142o\u017cy\u0142e\u015b\/a\u015b w celu weryfikacji swojej to\u017csamo\u015bci, nie zosta\u0142y zaakceptowane. Mo\u017cesz spr\u00f3bowa\u0107 przes\u0142a\u0107 je po raz drugi.","back_to_submission_step":"Powr\u00f3t do etapu wysy\u0142ania dokument\u00f3w","warning_can_only_submit_documents_twice":"Uwaga: dokumenty mo\u017cna z\u0142o\u017cy\u0107 tylko dwa razy."},"status_declined_second_try":{"identity_documents_could_not_be_verified_twice":"Uwaga: Tw\u00f3j formularz rezerwacji nie zosta\u0142 jeszcze wype\u0142niony","not_accepted_for_the_second_time":"Dokumenty, kt\u00f3re z\u0142o\u017cy\u0142e\u015b\/a\u015b w celu weryfikacji swojej to\u017csamo\u015bci, nie zosta\u0142y zaakceptowane po raz drugi. Skontaktuj si\u0119 z nami, aby rozwi\u0105za\u0107 ten problem."},"status_success":{"flex_stnd":{"congratulations_your_reservation_is_completed_and_validated":"Gratulacje, Tw\u00f3j formularz rezerwacji zosta\u0142 wype\u0142niony i zatwierdzony!","your_pass_is_available_in_your_email":"<p><span data-teams=\"true\">Twoja karta Pass zosta\u0142a wys\u0142ana na adres e-mail. Je\u015bli nie widzisz go w skrzynce odbiorczej, sprawd\u017a folder ze spamem. Je\u015bli tam te\u017c go nie ma, skontaktuj si\u0119 z zespo\u0142em ds. podr\u00f3\u017cy za po\u015brednictwem strony \u201ePrze\u015blij zg\u0142oszenie\u201d<\/span> <a href=\"https:\/\/discovereu-wave6.zendesk.com\/hc\/pl\/requests\/new\">w Centrum Pomocy<\/a>.<\/p>"},"flex_ovs":{"congratulations_your_reservation_is_completed_and_validated":"Gratulacje, twoja rezerwacja zosta\u0142a zako\u0144czona i potwierdzona!","the_travel_team_will_contact_you_three_months_before_your_departure_date_to_book_your_flights":"Tw\u00f3j bilet jest dost\u0119pny w twojej poczcie elektronicznej. Je\u015bli nic nie otrzyma\u0142e\u015b\/a\u015b, sprawd\u017a poczt\u0119 \u015bmieciow\u0105. W przeciwnym razie skontaktuj si\u0119 z Zespo\u0142em podr\u00f3\u017cy za po\u015brednictwem strony Wy\u015blij zg\u0142oszenie w Centrum Pomocy. Zesp\u00f3\u0142 podr\u00f3\u017cy skontaktuje si\u0119 z tob\u0105 trzy miesi\u0105ce przed dat\u0105 wyjazdu, aby zarezerwowa\u0107 loty."},"fix_stnd":{"congratulations_your_reservation_is_completed_and_validated":"Gratulacje, twoja rezerwacja zosta\u0142a zako\u0144czona i potwierdzona!","the_travel_team_will_contact_you_three_months_before_your_departure_date_to_book_your_fix_trip":"Zesp\u00f3\u0142 podr\u00f3\u017cy skontaktuje si\u0119 z tob\u0105 trzy miesi\u0105ce przed dat\u0105 wyjazdu, aby zarezerwowa\u0107 bilet FIX."},"fix_ovs":{"congratulations_your_reservation_is_completed_and_validated":"Gratulacje, twoja rezerwacja zosta\u0142a zako\u0144czona i potwierdzona!","the_travel_team_will_contact_you_three_months_before_your_departure_date_to_book_your_flights":"Zesp\u00f3\u0142 podr\u00f3\u017cy skontaktuje si\u0119 z tob\u0105 na trzy miesi\u0105ce przed dat\u0105 wyjazdu, aby zarezerwowa\u0107 podr\u00f3\u017c FIX i bilety lotnicze."}},"status_accessibility":{"booking_form_completed":"Tw\u00f3j formularz rezerwacji zosta\u0142 wype\u0142niony.","flex_pass_will_be_issued_only_if_you_have_any_accessibility_needs":"Powiniene\u015b otrzyma\u0107 wiadomo\u015b\u0107 e-mail dotycz\u0105c\u0105 Twoich potrzeb w zakresie dost\u0119pno\u015bci. Odpowiedz zespo\u0142owi ds. podr\u00f3\u017cy za pomoc\u0105 formularza kontaktowego, aby\u015bmy mogli wyda\u0107 Ci Twoj\u0105 kart\u0119 Pass."},"discovereu_community_section":{"discovereu_community":"DiscoverEU Community","looking_to_make_the_most_of_your_exciting_journey":"<p>Chcesz jak najlepiej wykorzysta\u0107 swoj\u0105 ekscytuj\u0105c\u0105 podr\u00f3\u017c, odkrywaj\u0105c Europ\u0119?<\/p>\r\n<p>Spo\u0142eczno\u015b\u0107 DiscoverEU jest po to, by\u015b m\u00f3g\u0142\/mog\u0142a si\u0119 spotka\u0107, pozna\u0107 nowych ludzi, om\u00f3wi\u0107 i podzieli\u0107 si\u0119 swoimi planami podr\u00f3\u017cy, nawi\u0105za\u0107 przyja\u017anie i znale\u017a\u0107 inspiracj\u0119 do prze\u017cycia swojej podr\u00f3\u017cy DiscoverEU w pe\u0142ni!<\/p>","join_the_#discovereu_community_label":"Do\u0142\u0105cz do #DiscoverEU Community*","join_the_#discovereu_community_url":"https:\/\/discovereucommunity.interrail.eu\/","accessible_through_the_discovereu_travel_app":"*dost\u0119pne poprzez aplikacj\u0119 DiscoverEU Travel App lub bezpo\u015brednio przy u\u017cyciu danych konta DiscoverEU Travel App"},"european_youth_card_section":{"european_youth_card":"Europejska Karta M\u0142odzie\u017cowa","with_your_discovereu_pass_you_have_won_the_european_youth_card":"<p>Z biletem DiscoverEU zdoby\u0142e\u015b\/a\u015b Europejsk\u0105 Kart\u0119 M\u0142odzie\u017cow\u0105!<\/p>\r\n<p>Dzi\u0119ki niej mo\u017cesz uzyska\u0107 zni\u017cki na zakwaterowanie, zwiedzanie, transport lokalny i wiele innych. Jest ona dost\u0119pna w aplikacji DiscoverEU Travel App, w sekcji \"wi\u0119cej\".<\/p>"},"help_centre_articles_section":{"help_centre_articles":"Artyku\u0142y Centrum Pomocy","you_can_find_below_a_selection_of_articles":"Poni\u017cej znajdziesz wyb\u00f3r artyku\u0142\u00f3w, kt\u00f3re pomog\u0105 ci rozpocz\u0105\u0107 przygotowania do podr\u00f3\u017cy DiscoverEU.","flex_faq_links":{"how_to_get_started_with_your_interrail_mobile_pass":"Jak zacz\u0105\u0107 korzysta\u0107 z karnetu mobilnego Interrail Pass?","how_to_get_started_with_your_interrail_mobile_pass_url":"https:\/\/discovereu-wave6.zendesk.com\/hc\/en-gb\/articles\/6066864956945-How-to-get-started-with-your-Interrail-Mobile-Pass-","what_are_10_things_you_should_know_about_the_interrail_pass":"Jakie jest 10 rzeczy, kt\u00f3re powiniene\u015b wiedzie\u0107 o Interrail Pass?","what_are_10_things_you_should_know_about_the_interrail_pass_url":"https:\/\/discovereu-wave6.zendesk.com\/hc\/en-gb\/articles\/11909290422673-What-are-10-things-you-should-know-about-the-Interrail-Pass-"}},"all_travellers_faq_links":{"travel_tips":"Wskaz\u00f3wki podr\u00f3\u017cnicze","travel_tips_url":"https:\/\/discovereu-wave6.zendesk.com\/hc\/en-gb\/categories\/5768672491409-Travel-Tips","how_can_i_save_money_while_travelling":"Jak mog\u0119 zaoszcz\u0119dzi\u0107 pieni\u0105dze podczas podr\u00f3\u017cowania?","how_can_i_save_money_while_travelling_url":"https:\/\/discovereu-wave6.zendesk.com\/hc\/en-gb\/articles\/6066862630929-How-can-I-save-money-while-travelling-","how_to_connect_with_other_discovereu_travellers":"Jak mog\u0119 po\u0142\u0105czy\u0107 si\u0119 z innymi podr\u00f3\u017cnikami DiscoverEU?","how_to_connect_with_other_discovereu_travellers_url":"https:\/\/discovereu-wave6.zendesk.com\/hc\/en-gb\/articles\/6066910634513-How-to-connect-with-other-DiscoverEU-travellers-","what_is_the_discovereu_european_youth_card":"Co to jest Europejska Karta M\u0142odzie\u017cowa?","what_is_the_discovereu_european_youth_card_url":"https:\/\/discovereu-wave6.zendesk.com\/hc\/en-gb\/articles\/6066928796689-What-is-the-DiscoverEU-European-Youth-Card-"},"contact_us":"Skontaktuj si\u0119 z nami","contact_us_url":"https:\/\/discovereu-wave6.zendesk.com\/hc\/en-gb\/requests\/new","login_items":{"email":"Email","password":"Has\u0142o","forgotten_password":"Nie pami\u0119tasz has\u0142a?","modify_password_label":"Modyfikacja has\u0142a","login_label":"Login","log_out_label":"Log out","new_password":"Nowe has\u0142o","confirm_password":"Potwierd\u017a has\u0142o","back_to_login":"Powr\u00f3t do strony logowania","send_link":"Wy\u015blij link","your_are_not_firstname":"Nie jeste\u015b {{firstname}}?"},"login_content":{"first_password_change":"Ze wzgl\u0119d\u00f3w bezpiecze\u0144stwa prosimy o zmian\u0119 has\u0142a.","email_for_password_modify":"Wpisz adres e-mail, kt\u00f3rego u\u017cywasz do logowania, a my wy\u015blemy ci link do zresetowania has\u0142a.","strong_password_choice":"Wybierz silne has\u0142o.","password_combination_instruction":"Wybierz kombinacj\u0119 liter, cyfr i znak\u00f3w specjalnych.","change_your_password":"Zmie\u0144 has\u0142o","update_your_password":"Zaktualizuj swoje has\u0142o","sign_in_with_password":"Zaloguj si\u0119 za pomoc\u0105 has\u0142a"},"toasts_content":{"please_enter_a_valid_email_address":"Wpisz prawid\u0142owy adres e-mail","please_enter_your_email_address":"Wpisz sw\u00f3j adres e-mail","please_enter_your_password":"Wpisz swoje has\u0142o","please_enter_your_new_password":"Wpisz swoje nowe has\u0142o","redirecting_you_to_the_app":"Przekierowanie do aplikacji...","something_went_wrong":"Co\u015b posz\u0142o nie tak...","oops":"Ups...","sign_in":"Zaloguj si\u0119","password_updated":"Has\u0142o zosta\u0142o zaktualizowane","password_reset":"Resetowanie has\u0142a","sent_email_with_link_to_reset_password":"Wys\u0142ali\u015bmy Ci wiadomo\u015b\u0107 e-mail z linkiem do zresetowania has\u0142a, mo\u017cesz zamkn\u0105\u0107 to okno","password_6_characters":"Has\u0142o musi zawiera\u0107 co najmniej 6 znak\u00f3w","password_characters_format":"Has\u0142o musi zawiera\u0107 co najmniej jedn\u0105 liter\u0119, jedn\u0105 cyfr\u0119 i jeden znak specjalny"},"do_you_have_questions_about_your_reservation":"Masz pytania dotycz\u0105ce swojej rezerwacji?","identity_verification_status":"Status weryfikacji to\u017csamo\u015bci","if_your_status_is_not_verified_be_sure_to_contact_the_travel_team_through_the_help_center":"<p>Je\u015bli tw\u00f3j status nie jest zweryfikowany \"<strong>verified<\/strong>\", skontaktuj si\u0119 z zespo\u0142em podr\u00f3\u017cy za po\u015brednictwem Centrum Pomocy.<\/p>","reservation_status":"Status rezerwacji","if_your_status_is_not_booked_it_means_there_was_a_problem_with_your_identity_verification_or_there_is_an_error_with_your_reservation_be_sure_to_contact_the_travel_team_via_the_center_help":"<p>Je\u015bli tw\u00f3j status nie jest zarezerwowany \"<strong>Booked<\/strong>\", oznacza to, \u017ce wyst\u0105pi\u0142 problem z weryfikacj\u0105 to\u017csamo\u015bci lub b\u0142\u0105d w rezerwacji, skontaktuj si\u0119 z zespo\u0142em podr\u00f3\u017cy za po\u015brednictwem Centrum Pomocy.<\/p>","fix_booking_status":"Status rezerwacji biletu Fix","if_your_status_is_not_registered_it_means_there_was_a_problem_with_your_identity_verification_or_there_is_an_error_with_your_reservation_be_sure_to_contact_the_travel_team_via_the_center_help":"<p>Je\u015bli tw\u00f3j status nie jest zarezerwowany \"<strong>Registered<\/strong>\", oznacza to, \u017ce wyst\u0105pi\u0142 problem z weryfikacj\u0105 to\u017csamo\u015bci lub b\u0142\u0105d w rezerwacji, skontaktuj si\u0119 z zespo\u0142em podr\u00f3\u017cy za po\u015brednictwem Centrum Pomocy.<\/p>","discovereu_travel_app_account_2":"Konto DiscoverEU Travel App","interrail_pass_2":"Interrail Pass","identification":{"your_informations":"Twoje dane","personal_data":"Dane osobowe","first_name":"Imi\u0119","last_name":"Nazwisko","date_of_birth":"Data urodzenia","email":"Email","ticket_type":"Typ biletu","document_country":"Kraj dokumentu","statuses":"Statusy","document_verification":"Weryfikacja dokumentu","booking_status":"Status rezerwacji","discovereu_travel_app_account":"Konto DiscoverEU Travel App","interrail_pass":"DiscoverEU Pass"}},"yoast_head":"<!-- This site is optimized with the Yoast SEO plugin v21.9.1 - https:\/\/yoast.com\/wordpress\/plugins\/seo\/ -->\n<title>Profile - DiscoverEU<\/title>\n<meta name=\"robots\" content=\"index, follow, max-snippet:-1, max-image-preview:large, max-video-preview:-1\" \/>\n<link rel=\"canonical\" href=\"https:\/\/www.start-discover.eu\/pl\/profile\" \/>\n<meta property=\"og:locale\" content=\"pl_PL\" \/>\n<meta property=\"og:type\" content=\"article\" \/>\n<meta property=\"og:title\" content=\"Profile - DiscoverEU\" \/>\n<meta property=\"og:url\" content=\"https:\/\/www.start-discover.eu\/pl\/profile\" \/>\n<meta property=\"og:site_name\" content=\"DiscoverEU\" \/>\n<meta property=\"article:modified_time\" content=\"2026-03-30T08:26:15+00:00\" \/>\n<meta property=\"og:image\" content=\"https:\/\/www.start-discover.eu\/app\/uploads\/2024\/07\/DEU-logo-1-scaled.jpg\" \/>\n\t<meta property=\"og:image:width\" content=\"2560\" \/>\n\t<meta property=\"og:image:height\" content=\"1440\" \/>\n\t<meta property=\"og:image:type\" content=\"image\/jpeg\" \/>\n<meta name=\"twitter:card\" content=\"summary_large_image\" \/>\n<script type=\"application\/ld+json\" class=\"yoast-schema-graph\">{\"@context\":\"https:\/\/schema.org\",\"@graph\":[{\"@type\":\"WebPage\",\"@id\":\"https:\/\/www.start-discover.eu\/pl\/profile\",\"url\":\"https:\/\/www.start-discover.eu\/pl\/profile\",\"name\":\"Profile - DiscoverEU\",\"isPartOf\":{\"@id\":\"https:\/\/www.start-discover.eu\/pl#website\"},\"datePublished\":\"2023-11-13T18:49:23+00:00\",\"dateModified\":\"2026-03-30T08:26:15+00:00\",\"breadcrumb\":{\"@id\":\"https:\/\/www.start-discover.eu\/pl\/profile#breadcrumb\"},\"inLanguage\":\"pl-PL\",\"potentialAction\":[{\"@type\":\"ReadAction\",\"target\":[\"https:\/\/www.start-discover.eu\/pl\/profile\"]}]},{\"@type\":\"BreadcrumbList\",\"@id\":\"https:\/\/www.start-discover.eu\/pl\/profile#breadcrumb\",\"itemListElement\":[{\"@type\":\"ListItem\",\"position\":1,\"name\":\"Home\",\"item\":\"https:\/\/www.start-discover.eu\/pl\"},{\"@type\":\"ListItem\",\"position\":2,\"name\":\"Profile\"}]},{\"@type\":\"WebSite\",\"@id\":\"https:\/\/www.start-discover.eu\/pl#website\",\"url\":\"https:\/\/www.start-discover.eu\/pl\",\"name\":\"DiscoverEU\",\"description\":\"\",\"publisher\":{\"@id\":\"https:\/\/www.start-discover.eu\/pl#organization\"},\"potentialAction\":[{\"@type\":\"SearchAction\",\"target\":{\"@type\":\"EntryPoint\",\"urlTemplate\":\"https:\/\/www.start-discover.eu\/pl?s={search_term_string}\"},\"query-input\":\"required name=search_term_string\"}],\"inLanguage\":\"pl-PL\"},{\"@type\":\"Organization\",\"@id\":\"https:\/\/www.start-discover.eu\/pl#organization\",\"name\":\"DiscoverEU\",\"url\":\"https:\/\/www.start-discover.eu\/pl\",\"logo\":{\"@type\":\"ImageObject\",\"inLanguage\":\"pl-PL\",\"@id\":\"https:\/\/www.start-discover.eu\/pl#\/schema\/logo\/image\/\",\"url\":\"https:\/\/www.start-discover.eu\/app\/uploads\/2024\/07\/DEU-logo-696x696-1-scaled.jpg\",\"contentUrl\":\"https:\/\/www.start-discover.eu\/app\/uploads\/2024\/07\/DEU-logo-696x696-1-scaled.jpg\",\"width\":2560,\"height\":2560,\"caption\":\"DiscoverEU\"},\"image\":{\"@id\":\"https:\/\/www.start-discover.eu\/pl#\/schema\/logo\/image\/\"}}]}<\/script>\n<!-- \/ Yoast SEO plugin. -->","yoast_head_json":{"title":"Profile - DiscoverEU","robots":{"index":"index","follow":"follow","max-snippet":"max-snippet:-1","max-image-preview":"max-image-preview:large","max-video-preview":"max-video-preview:-1"},"canonical":"https:\/\/www.start-discover.eu\/pl\/profile","og_locale":"pl_PL","og_type":"article","og_title":"Profile - DiscoverEU","og_url":"https:\/\/www.start-discover.eu\/pl\/profile","og_site_name":"DiscoverEU","article_modified_time":"2026-03-30T08:26:15+00:00","og_image":[{"width":2560,"height":1440,"url":"https:\/\/www.start-discover.eu\/app\/uploads\/2024\/07\/DEU-logo-1-scaled.jpg","type":"image\/jpeg"}],"twitter_card":"summary_large_image","schema":{"@context":"https:\/\/schema.org","@graph":[{"@type":"WebPage","@id":"https:\/\/www.start-discover.eu\/pl\/profile","url":"https:\/\/www.start-discover.eu\/pl\/profile","name":"Profile - DiscoverEU","isPartOf":{"@id":"https:\/\/www.start-discover.eu\/pl#website"},"datePublished":"2023-11-13T18:49:23+00:00","dateModified":"2026-03-30T08:26:15+00:00","breadcrumb":{"@id":"https:\/\/www.start-discover.eu\/pl\/profile#breadcrumb"},"inLanguage":"pl-PL","potentialAction":[{"@type":"ReadAction","target":["https:\/\/www.start-discover.eu\/pl\/profile"]}]},{"@type":"BreadcrumbList","@id":"https:\/\/www.start-discover.eu\/pl\/profile#breadcrumb","itemListElement":[{"@type":"ListItem","position":1,"name":"Home","item":"https:\/\/www.start-discover.eu\/pl"},{"@type":"ListItem","position":2,"name":"Profile"}]},{"@type":"WebSite","@id":"https:\/\/www.start-discover.eu\/pl#website","url":"https:\/\/www.start-discover.eu\/pl","name":"DiscoverEU","description":"","publisher":{"@id":"https:\/\/www.start-discover.eu\/pl#organization"},"potentialAction":[{"@type":"SearchAction","target":{"@type":"EntryPoint","urlTemplate":"https:\/\/www.start-discover.eu\/pl?s={search_term_string}"},"query-input":"required name=search_term_string"}],"inLanguage":"pl-PL"},{"@type":"Organization","@id":"https:\/\/www.start-discover.eu\/pl#organization","name":"DiscoverEU","url":"https:\/\/www.start-discover.eu\/pl","logo":{"@type":"ImageObject","inLanguage":"pl-PL","@id":"https:\/\/www.start-discover.eu\/pl#\/schema\/logo\/image\/","url":"https:\/\/www.start-discover.eu\/app\/uploads\/2024\/07\/DEU-logo-696x696-1-scaled.jpg","contentUrl":"https:\/\/www.start-discover.eu\/app\/uploads\/2024\/07\/DEU-logo-696x696-1-scaled.jpg","width":2560,"height":2560,"caption":"DiscoverEU"},"image":{"@id":"https:\/\/www.start-discover.eu\/pl#\/schema\/logo\/image\/"}}]}},"_links":{"self":[{"href":"https:\/\/www.start-discover.eu\/pl\/wp-json\/wp\/v2\/pages\/1860"}],"collection":[{"href":"https:\/\/www.start-discover.eu\/pl\/wp-json\/wp\/v2\/pages"}],"about":[{"href":"https:\/\/www.start-discover.eu\/pl\/wp-json\/wp\/v2\/types\/page"}],"author":[{"embeddable":true,"href":"https:\/\/www.start-discover.eu\/pl\/wp-json\/wp\/v2\/users\/2"}],"replies":[{"embeddable":true,"href":"https:\/\/www.start-discover.eu\/pl\/wp-json\/wp\/v2\/comments?post=1860"}],"version-history":[{"count":9,"href":"https:\/\/www.start-discover.eu\/pl\/wp-json\/wp\/v2\/pages\/1860\/revisions"}],"predecessor-version":[{"id":5532,"href":"https:\/\/www.start-discover.eu\/pl\/wp-json\/wp\/v2\/pages\/1860\/revisions\/5532"}],"wp:attachment":[{"href":"https:\/\/www.start-discover.eu\/pl\/wp-json\/wp\/v2\/media?parent=1860"}],"curies":[{"name":"wp","href":"https:\/\/api.w.org\/{rel}","templated":true}]}}