{"id":1965,"date":"2023-10-18T14:11:14","date_gmt":"2023-10-18T14:11:14","guid":{"rendered":"https:\/\/v2.start-discover.eu\/get-started"},"modified":"2026-01-02T15:17:58","modified_gmt":"2026-01-02T15:17:58","slug":"get-started","status":"publish","type":"page","link":"https:\/\/www.start-discover.eu\/no\/get-started","title":{"rendered":"Get started"},"content":{"rendered":"","protected":false},"excerpt":{"rendered":"","protected":false},"author":10,"featured_media":0,"parent":0,"menu_order":0,"comment_status":"closed","ping_status":"closed","template":"","meta":{"footnotes":""},"acf":{"description":"<h1>Hvilke trinn inng\u00e5r i <span style=\"color: #f0679b;\">bestillingsprosessen<\/span>?<\/h1>\r\n<p>N\u00e5r du har sendt inn bestilllingsskjemaet ditt, lager vi en konto til deg. Du vil f\u00e5 alle detaljene p\u00e5 e-post. Kontoen vil gi deg tilgang til DiscoverEU-reiseappen, hvor du kan sjekke togruter og tider for \u00e5 planlegge reisen din, finne ditt DiscoverEU European Youth Card-kort som gir deg hundrevis av rabatter over hele Europa, og bli med i DiscoverEU-samfunnet for \u00e5 dele opplevelsen din med andre reisende. Du finner DiscoverEU-passet ditt direkte i appen.<\/p>","steps_process":[{"title":"G\u00e5 til bestilingsskjemaet ditt","description":"<p>F\u00e5 tilgang til din personlige bestillingslenke (sendt til deg via <strong>hello@start-discover.eu<\/strong>)<\/p>"},{"title":"Bekreft identiteten din","description":"<p>Som en del av bestillingsskjemaet ditt, vil du bli bedt om \u00e5 bekrefte identiteten din.<\/p>"},{"title":"Send inn bestillingsskjemaet ditt","description":"<p>N\u00e5r du er ferdig, fyller du ut bestillingsskjemaet og sender det inn<\/p>"}],"title_start_process":"Hvordan starter jeg bestillingsprosessen?","image_start_process":1966,"description_start_process":"<p><strong>Du har f\u00e5tt, eller vil f\u00e5, en invitasjon via e-post med lenken til ditt personlige bestillingsskjema.<\/strong><\/p>\r\n<p>For \u00e5 fullf\u00f8re reisebestillingen m\u00e5 du planlegge noen ting. Det viktigste er \u00e5 ha et ID-kort eller pass klart for \u00e5 bekrefte identiteten din.<\/p>\r\n<div>\r\n<p>N\u00e5r du fyller ut bestillingsskjemaet, vil enkelte opplysninger allerede v\u00e6re forh\u00e5ndsutfylt basert p\u00e5 dataene vi hentet fra ID-verifiseringsprosessen. De forh\u00e5ndsutfylte opplysningene inkluderer:<\/p>\r\n<ul>\r\n\t<li>E-postadresse<\/li>\r\n\t<li>S\u00f8knadskode<\/li>\r\n\t<li>Fornavn<\/li>\r\n\t<li>Etternavn<\/li>\r\n\t<li>F\u00f8dselsdato<\/li>\r\n\t<li>Land som har utstedt ID\/passet<\/li>\r\n<\/ul>\r\n<\/div>\r\n<p><strong>Vil du ha mer detaljert informasjon?<\/strong><br \/>\r\nTa en titt p\u00e5 hjelpesenteret, hvor du kan finne svarene til de vanligste sp\u00f8rsm\u00e5lene.<br \/>\r\n<br \/>\r\n<\/p>","link_start_process":{"title":"F\u00e5 hjelp i hjelpesenteret","url":"https:\/\/help.start-discover.eu\/","target":"_blank"},"title":"Alt du trenger \u00e5 vite om DiscoverEU-passet","flexible_travel":{"title_flexible":"-","sub_title":"DiscoverEU interrail-billett","paragraph":"V\u00e6r hvor du vil v\u00e6re; fullstendig fleksibilitet\r\n","flexible_option":[{"icon":2834,"title":"Reis uten forh\u00e5ndsbestemte datoer og reisem\u00e5l","paragraph":"<p>Bekreft din mobile interrail-billett, og fullf\u00f8r unders\u00f8kelsene dine senere. Du vil kunne bruke mobilbilletten din i DiscoverEU-reiseappen.<br \/>\r\nDu kan aktivere billetten din frem til dagen du begynner \u00e5 reise. Planlegg underveis p\u00e5 reisen, skift retning og la reisen g\u00e5 dit den vil.<\/p>","important":false},{"icon":2836,"title":"Reis med tog p\u00e5 sju dager i l\u00f8pet av en periode p\u00e5 en m\u00e5ned","paragraph":"<p>Du kan bruke billetten p\u00e5 sju valgfrie dager i l\u00f8pet av en periode p\u00e5 1 m\u00e5ned.<br \/>\r\nReis flere dager p\u00e5 rad, eller spre dem utover m\u00e5neden.<br \/>\r\nDu kan organisere alt direkte fra DiscoverEU-reiseappen.<\/p>","important":false},{"icon":546,"title":"Reis alene eller i gruppe","paragraph":"<p>Det er opp til deg \u00e5 velge om du reiser alene eller i gruppe. Du kan velge hvem du reiser med n\u00e5r du s\u00f8ker p\u00e5 DiscoverEU og endre dette midtveis i turen. OHvis du reiser i en gruppe, f\u00e5r hvert gruppemedlem eget pass.<\/p>","important":false},{"icon":490,"title":"Reise i landet du bor i","paragraph":"<p>Billetten din kan bare brukes til to bestemte reiser i landet du bor i (omtalt som utreise og innreise).<br \/>\r\nDu kan reise fra alle steder i landet du bor i, til grensen eller en flyplass eller havn, og du kan reise med mer enn ett tog, s\u00e5 lenge reisene er p\u00e5 samme dag.<\/p>","important":false},{"icon":462,"title":"Reis i ditt eget tempo","paragraph":"<p>Med mobilbillett kan du bli lenger i en by, eller dra tidligere fra et reisem\u00e5l enn planlagt. Har du et problem p\u00e5 reisen, som et forsinket eller avlyst tog? Du kan ta neste tog, eller endre reiseruten.<\/p>","important":false},{"icon":602,"title":"Viktig \u00e5 vite","paragraph":"<p>F\u00f8r du g\u00e5r p\u00e5 et tog, buss eller b\u00e5t m\u00e5 hver reise registreres i DiscoverEU-reiseappen under delen \"Min Reise\" og legges til i din mobile interrail-billett. Noen langdistansetog krever at du ogs\u00e5 reserverer sitteplass.<\/p>","important":true}]},"fixed_travel":{"title":"Fastsatt reisealternativ","sub_title":"Billetter fra sted til sted","paragraph":"Fastsatt valg, reiseruten din kan ikke endres.\r\n","fixed_option":[{"icon":2835,"title":"Reis til forh\u00e5ndsbestemte reisem\u00e5l","paragraph":"<p>Unders\u00f8k og planlegg reisen din f\u00f8r du bekrefter billettene dine. Reiseruten din blir bestilt med billetter fra sted til sted, og den kan ikke endres.<\/p>","important":false},{"icon":2837,"title":"Reis bare etter en fastsatt plan","paragraph":"<p>Du vet n\u00e5r du vil reise.<br \/>\r\nDu har datoene klare, har en fast reiserute og er klar til \u00e5 forplikte deg til en spesifikk dato og tog.<\/p>","important":false},{"icon":574,"title":"Reis i gruppe","paragraph":"<p>Kun de som har blitt tilordnet som en gruppe, kan reise i en gruppe. For \u00e5 f\u00e5 reise i en gruppe m\u00e5 alle i gruppen s\u00f8rge for \u00e5 fullf\u00f8re bestillingsskjemaet for reisen.<\/p>","important":false},{"icon":490,"title":"Reise i landet du bor i","paragraph":"<p>Utreise og innreise blir bestilt som billetter fra sted til sted. Du kan reise med mer enn ett tog, s\u00e5 lenge det f\u00f8rste reisem\u00e5let er i utlandet.<\/p>","important":false},{"icon":518,"title":"Endringer i reisen","paragraph":"<p>Billetter blir bestilt for spesifikke tog, og reiseplanene kan ikke endres. EU-kommisjonen dekker ingen tillegg for endringer, nye reservasjoner eller andre kostnader som oppst\u00e5r i l\u00f8pet av reisen.<\/p>","important":false},{"icon":602,"title":"Viktig \u00e5 vite","paragraph":"<p>Reiseruter fra sted til sted vil bli begrenset til tog som tillater nettbestilling av tog. Om det oppst\u00e5r kanselleringer eller forsinkelser, m\u00e5 den reisende kontakte firmaet som driver reisen direkte.<br \/>\r\nFinn ut mer om EUs passasjerrettigheter\u00a0her.<\/p>","important":true}]},"link_travel_option":{"title":"Ta meg til hjelpesenteret","url":"https:\/\/help.start-discover.eu\/","target":"_blank"}},"yoast_head":"<!-- This site is optimized with the Yoast SEO plugin v21.9.1 - https:\/\/yoast.com\/wordpress\/plugins\/seo\/ -->\n<title>Get started - DiscoverEU<\/title>\n<meta name=\"robots\" content=\"index, follow, max-snippet:-1, max-image-preview:large, max-video-preview:-1\" \/>\n<link rel=\"canonical\" href=\"https:\/\/www.start-discover.eu\/no\/get-started\" \/>\n<meta property=\"og:locale\" content=\"nb_NO\" \/>\n<meta property=\"og:type\" content=\"article\" \/>\n<meta property=\"og:title\" content=\"Get started - DiscoverEU\" \/>\n<meta property=\"og:url\" content=\"https:\/\/www.start-discover.eu\/no\/get-started\" \/>\n<meta property=\"og:site_name\" content=\"DiscoverEU\" \/>\n<meta property=\"article:modified_time\" content=\"2026-01-02T15:17:58+00:00\" \/>\n<meta property=\"og:image\" content=\"https:\/\/www.start-discover.eu\/app\/uploads\/2024\/07\/DEU-logo-1-scaled.jpg\" \/>\n\t<meta property=\"og:image:width\" content=\"2560\" \/>\n\t<meta property=\"og:image:height\" content=\"1440\" \/>\n\t<meta property=\"og:image:type\" content=\"image\/jpeg\" \/>\n<meta name=\"twitter:card\" content=\"summary_large_image\" \/>\n<script type=\"application\/ld+json\" class=\"yoast-schema-graph\">{\"@context\":\"https:\/\/schema.org\",\"@graph\":[{\"@type\":\"WebPage\",\"@id\":\"https:\/\/www.start-discover.eu\/no\/get-started\",\"url\":\"https:\/\/www.start-discover.eu\/no\/get-started\",\"name\":\"Get started - DiscoverEU\",\"isPartOf\":{\"@id\":\"https:\/\/www.start-discover.eu\/no#website\"},\"datePublished\":\"2023-10-18T14:11:14+00:00\",\"dateModified\":\"2026-01-02T15:17:58+00:00\",\"breadcrumb\":{\"@id\":\"https:\/\/www.start-discover.eu\/no\/get-started#breadcrumb\"},\"inLanguage\":\"nb-NO\",\"potentialAction\":[{\"@type\":\"ReadAction\",\"target\":[\"https:\/\/www.start-discover.eu\/no\/get-started\"]}]},{\"@type\":\"BreadcrumbList\",\"@id\":\"https:\/\/www.start-discover.eu\/no\/get-started#breadcrumb\",\"itemListElement\":[{\"@type\":\"ListItem\",\"position\":1,\"name\":\"Home\",\"item\":\"https:\/\/www.start-discover.eu\/no\"},{\"@type\":\"ListItem\",\"position\":2,\"name\":\"Get started\"}]},{\"@type\":\"WebSite\",\"@id\":\"https:\/\/www.start-discover.eu\/no#website\",\"url\":\"https:\/\/www.start-discover.eu\/no\",\"name\":\"DiscoverEU\",\"description\":\"\",\"publisher\":{\"@id\":\"https:\/\/www.start-discover.eu\/no#organization\"},\"potentialAction\":[{\"@type\":\"SearchAction\",\"target\":{\"@type\":\"EntryPoint\",\"urlTemplate\":\"https:\/\/www.start-discover.eu\/no?s={search_term_string}\"},\"query-input\":\"required name=search_term_string\"}],\"inLanguage\":\"nb-NO\"},{\"@type\":\"Organization\",\"@id\":\"https:\/\/www.start-discover.eu\/no#organization\",\"name\":\"DiscoverEU\",\"url\":\"https:\/\/www.start-discover.eu\/no\",\"logo\":{\"@type\":\"ImageObject\",\"inLanguage\":\"nb-NO\",\"@id\":\"https:\/\/www.start-discover.eu\/no#\/schema\/logo\/image\/\",\"url\":\"https:\/\/www.start-discover.eu\/app\/uploads\/2024\/07\/DEU-logo-696x696-1-scaled.jpg\",\"contentUrl\":\"https:\/\/www.start-discover.eu\/app\/uploads\/2024\/07\/DEU-logo-696x696-1-scaled.jpg\",\"width\":2560,\"height\":2560,\"caption\":\"DiscoverEU\"},\"image\":{\"@id\":\"https:\/\/www.start-discover.eu\/no#\/schema\/logo\/image\/\"}}]}<\/script>\n<!-- \/ Yoast SEO plugin. -->","yoast_head_json":{"title":"Get started - DiscoverEU","robots":{"index":"index","follow":"follow","max-snippet":"max-snippet:-1","max-image-preview":"max-image-preview:large","max-video-preview":"max-video-preview:-1"},"canonical":"https:\/\/www.start-discover.eu\/no\/get-started","og_locale":"nb_NO","og_type":"article","og_title":"Get started - DiscoverEU","og_url":"https:\/\/www.start-discover.eu\/no\/get-started","og_site_name":"DiscoverEU","article_modified_time":"2026-01-02T15:17:58+00:00","og_image":[{"width":2560,"height":1440,"url":"https:\/\/www.start-discover.eu\/app\/uploads\/2024\/07\/DEU-logo-1-scaled.jpg","type":"image\/jpeg"}],"twitter_card":"summary_large_image","schema":{"@context":"https:\/\/schema.org","@graph":[{"@type":"WebPage","@id":"https:\/\/www.start-discover.eu\/no\/get-started","url":"https:\/\/www.start-discover.eu\/no\/get-started","name":"Get started - DiscoverEU","isPartOf":{"@id":"https:\/\/www.start-discover.eu\/no#website"},"datePublished":"2023-10-18T14:11:14+00:00","dateModified":"2026-01-02T15:17:58+00:00","breadcrumb":{"@id":"https:\/\/www.start-discover.eu\/no\/get-started#breadcrumb"},"inLanguage":"nb-NO","potentialAction":[{"@type":"ReadAction","target":["https:\/\/www.start-discover.eu\/no\/get-started"]}]},{"@type":"BreadcrumbList","@id":"https:\/\/www.start-discover.eu\/no\/get-started#breadcrumb","itemListElement":[{"@type":"ListItem","position":1,"name":"Home","item":"https:\/\/www.start-discover.eu\/no"},{"@type":"ListItem","position":2,"name":"Get started"}]},{"@type":"WebSite","@id":"https:\/\/www.start-discover.eu\/no#website","url":"https:\/\/www.start-discover.eu\/no","name":"DiscoverEU","description":"","publisher":{"@id":"https:\/\/www.start-discover.eu\/no#organization"},"potentialAction":[{"@type":"SearchAction","target":{"@type":"EntryPoint","urlTemplate":"https:\/\/www.start-discover.eu\/no?s={search_term_string}"},"query-input":"required name=search_term_string"}],"inLanguage":"nb-NO"},{"@type":"Organization","@id":"https:\/\/www.start-discover.eu\/no#organization","name":"DiscoverEU","url":"https:\/\/www.start-discover.eu\/no","logo":{"@type":"ImageObject","inLanguage":"nb-NO","@id":"https:\/\/www.start-discover.eu\/no#\/schema\/logo\/image\/","url":"https:\/\/www.start-discover.eu\/app\/uploads\/2024\/07\/DEU-logo-696x696-1-scaled.jpg","contentUrl":"https:\/\/www.start-discover.eu\/app\/uploads\/2024\/07\/DEU-logo-696x696-1-scaled.jpg","width":2560,"height":2560,"caption":"DiscoverEU"},"image":{"@id":"https:\/\/www.start-discover.eu\/no#\/schema\/logo\/image\/"}}]}},"_links":{"self":[{"href":"https:\/\/www.start-discover.eu\/no\/wp-json\/wp\/v2\/pages\/1965"}],"collection":[{"href":"https:\/\/www.start-discover.eu\/no\/wp-json\/wp\/v2\/pages"}],"about":[{"href":"https:\/\/www.start-discover.eu\/no\/wp-json\/wp\/v2\/types\/page"}],"author":[{"embeddable":true,"href":"https:\/\/www.start-discover.eu\/no\/wp-json\/wp\/v2\/users\/10"}],"replies":[{"embeddable":true,"href":"https:\/\/www.start-discover.eu\/no\/wp-json\/wp\/v2\/comments?post=1965"}],"version-history":[{"count":6,"href":"https:\/\/www.start-discover.eu\/no\/wp-json\/wp\/v2\/pages\/1965\/revisions"}],"predecessor-version":[{"id":4833,"href":"https:\/\/www.start-discover.eu\/no\/wp-json\/wp\/v2\/pages\/1965\/revisions\/4833"}],"wp:attachment":[{"href":"https:\/\/www.start-discover.eu\/no\/wp-json\/wp\/v2\/media?parent=1965"}],"curies":[{"name":"wp","href":"https:\/\/api.w.org\/{rel}","templated":true}]}}