{"id":1845,"date":"2023-11-13T18:49:23","date_gmt":"2023-11-13T18:49:23","guid":{"rendered":"https:\/\/v2.start-discover.eu\/profile"},"modified":"2026-03-30T08:17:24","modified_gmt":"2026-03-30T08:17:24","slug":"profile","status":"publish","type":"page","link":"https:\/\/www.start-discover.eu\/nl\/profile","title":{"rendered":"Profile"},"content":{"rendered":"","protected":false},"excerpt":{"rendered":"","protected":false},"author":2,"featured_media":0,"parent":0,"menu_order":0,"comment_status":"closed","ping_status":"closed","template":"","meta":{"footnotes":""},"acf":{"email":"<p>Hallo {{firstname}},<\/p>\r\n<p>Bedankt voor het invullen van de #DiscoverEU-enqu\u00eate.<\/p>\r\n<p>Je deelnamecertificaat is nu beschikbaar in je #DiscoverEU-profiel.<\/p>\r\n<p>Je hoeft alleen maar naar de boekingsformulierlink te gaan, die je gebruikte om uw #DiscoverEU Pass aan te vragen (de link begint met 'registrations.start-discover.eu') en klik op de \u201cDownload je #DiscoverEU Deelnamecertificaat\u201d knop.<\/p>\r\n<p>We hopen dat je onvergetelijke herinneringen hebt gemaakt!<\/p>\r\n<p>Wij wensen je het allerbeste.<\/p>\r\n<p>Het DiscoverEU Reisteam<\/p>","infobox":{"title":"Je Deelnamecertificaat is klaar.","textual_content":"Je kunt het downloaden door op de knop hieronder te klikken","button_label":"Download je #DiscoverEU Deelnamecertificaat."},"intro":{"title":{"hello_name":"Hallo {{firstname}}","welcome_on_your_discovereu_profile":"Welkom op je DiscoverEU-profiel!"},"this_page_gathers_all_the_information_necessary":"Deze pagina verzamelt alle informatie die nodig is voor je reis, evenals de gegevens en de registratiestatus."},"status_created":{"it_looks_like_you_havent_filled_out_your_booking_form_yet":"Het lijkt erop dat je je boekingsformulier nog niet hebt ingevuld","dont_wait_too_long_created":"Wacht niet te lang, je hebt tot {{closing_date}} om het in te vullen!","go_to_the_booking_form":"Ga naar het boekingsformulier"},"requests_and_forms_section":{"visa_form_title":"Visumaanvraag:","refund_form_title":"Verzoek om terugbetaling:","visa_form_label":"Aanvraagformulier reisverzekering en uitnodigingsbrief","refund_form_label":"Vergoedingsformulier","visa_form_processing":"Aanvraag verwerking","refund_form_processing":"Aanvraag verwerking","visa_form_processed":"Behandelde aanvraag","refund_form_processed":"Behandelde aanvraag"},"status_initialized":{"it_looks_like_you_havent_finished_filled_out_your_booking_form_yet":"Het lijkt erop dat je nog niet klaar bent met het invullen van je boekingsformulier","dont_wait_too_long_initialized":"Wacht niet te lang, je hebt tot {{closing_date}} om het in te vullen!","continue_to_complete_your_booking_form":"Vul je boekingsformulier verder in"},"status_pending":{"your_identity_documents_are_being_checked":"Je identiteitsdocumenten worden gecontroleerd","once_your_identity_has_been_verified":"Zodra je identiteit is geverifieerd, ontvang je een automatische bevestiging per e-mail. De e-mail heeft als onderwerp \"Je bestelling is bevestigd - wat nu volgt\" en wordt verstuurd vanaf het e-mailadres \"customerservice@interrail.eu\".","tip:_check_your_spam":"Tip: check je spam","learn_more_about_verifying_my_documents":"Meer informatie over het verifi\u00ebren van mijn documenten","learn_more_about_verifying_my_documents_url":"https:\/\/discovereu-wave6.zendesk.com\/hc\/nl\/articles\/6066889353617-Hoe-komt-het-dat-mijn-verificatie-is-geweigerd-"},"status_declined_first_try":{"couldnt_verify_identity_documents":"Let op: je boekingsformulier is nog niet volledig ingevuld","submitting_documents_a_second_time":"Je ingediende documenten om je identiteit te verifi\u00ebren zijn niet geaccepteerd. Probeer ze een tweede keer in te dienen.","back_to_submission_step":"Terug naar de indieningsstap","warning_can_only_submit_documents_twice":"Waarschuwing: je kunt je documenten maar twee keer indienen."},"status_declined_second_try":{"identity_documents_could_not_be_verified_twice":"Let op: je boekingsformulier is nog niet volledig ingevuld","not_accepted_for_the_second_time":"De documenten die je hebt ingediend om je identiteit te verifi\u00ebren werden voor de tweede keer niet geaccepteerd. Neem contact met ons op om dit probleem op te lossen."},"status_success":{"flex_stnd":{"congratulations_your_reservation_is_completed_and_validated":"Gefeliciteerd, je boekingsformulier is ingevuld en gevalideerd!","your_pass_is_available_in_your_email":"<p><span data-teams=\"true\">Je pas is naar je e-mailadres verzonden. Als je deze niet zie, controleer dan je spambox. Als je de e-mail daar ook niet vindt, neem dan contact op met het Travel Team via de pagina Een verzoek indienen in het <a href=\"https:\/\/helpcentre.start-discover.eu\/hc\/nl\/requests\/new\">Helpcentrum<\/a>.<br \/>\r\n<br \/>\r\n<\/span><\/p>"},"flex_ovs":{"congratulations_your_reservation_is_completed_and_validated":"Gefeliciteerd, je reservering is voltooid en gevalideerd! *","the_travel_team_will_contact_you_three_months_before_your_departure_date_to_book_your_flights":"Je pas is beschikbaar in je e-mailbox. Als je niets hebt ontvangen, controleer dan je ongewenste e-mails. Aarzel anders niet om contact op te nemen met het Reisteam via Een aanvraag indienen via het Hulpcentrum. Het Reisteam neemt drie maanden voor je vertrekdatum contact met je op om je vluchten te boeken."},"fix_stnd":{"congratulations_your_reservation_is_completed_and_validated":"Gefeliciteerd, je reservering is voltooid en gevalideerd! *","the_travel_team_will_contact_you_three_months_before_your_departure_date_to_book_your_fix_trip":"Het Reisteam neemt drie maanden voor je vertrekdatum contact met je op om je FIX-reis te boeken. *"},"fix_ovs":{"congratulations_your_reservation_is_completed_and_validated":"Gefeliciteerd, je reservering is voltooid en gevalideerd! *","the_travel_team_will_contact_you_three_months_before_your_departure_date_to_book_your_flights":"Het reisteam neemt drie maanden voor je vertrekdatum contact met je op om je FIX-reis en vliegtickets te boeken. "}},"status_accessibility":{"booking_form_completed":"Je boekingsformulier is ingevuld","flex_pass_will_be_issued_only_if_you_have_any_accessibility_needs":"Je zou een e-mail moeten hebben ontvangen over je toegankelijkheidsbehoeften. Reageer via het contactformulier op het Travel Team, zodat we je pas kunnen verstrekken."},"discovereu_community_section":{"discovereu_community":"DiscoverEU Gemeenschap","looking_to_make_the_most_of_your_exciting_journey":"<p>Wil je het meeste halen uit je spannende reis, waarbij je Europa ontdekt?<\/p>\r\n<p>Deze DiscoverEU Gemeenschap space is er voor JOU om samen te komen, nieuwe mensen te ontmoeten, je reisplannen te bespreken en te delen, vriendschappen op te bouwen en inspiratie op te doen om je DiscoverEU-reis optimaal te beleven!<\/p>","join_the_#discovereu_community_label":"Word lid van de #DiscoverEU Gemeenschap*","join_the_#discovereu_community_url":"https:\/\/discovereucommunity.interrail.eu\/","accessible_through_the_discovereu_travel_app":"*toegankelijk via de DiscoverEU Travel app of rechtstreeks via je DiscoverEU Travel app accountgegevens"},"european_youth_card_section":{"european_youth_card":"European Youth Card","with_your_discovereu_pass_you_have_won_the_european_youth_card":"<p>Met je DiscoverEU-pas heb je de European Youth Card!<\/p>\r\n<p>Dankzij deze kaart krijg je korting op accommodatie, bezoeken, lokaal vervoer en nog veel meer. Het is beschikbaar in je DiscoverEU Travel App, onder de rubriek \"meer\".<\/p>"},"help_centre_articles_section":{"help_centre_articles":"Helpcentrum artikelen","you_can_find_below_a_selection_of_articles":"Hieronder vind je een selectie van artikelen die je kunnen helpen om je DiscoverEU reis voor te bereiden. ","flex_faq_links":{"how_to_get_started_with_your_interrail_mobile_pass":"Hoe aan de slag te gaan met je Interrail Mobile Pas?","how_to_get_started_with_your_interrail_mobile_pass_url":"https:\/\/discovereu-wave6.zendesk.com\/hc\/en-gb\/articles\/6066864956945-How-to-get-started-with-your-Interrail-Mobile-Pass-","what_are_10_things_you_should_know_about_the_interrail_pass":"Wat zijn 10 dingen die je moet weten over de Interrail Pas?","what_are_10_things_you_should_know_about_the_interrail_pass_url":"https:\/\/discovereu-wave6.zendesk.com\/hc\/en-gb\/articles\/11909290422673-What-are-10-things-you-should-know-about-the-Interrail-Pass-"}},"all_travellers_faq_links":{"travel_tips":"Reistips","travel_tips_url":"https:\/\/discovereu-wave6.zendesk.com\/hc\/en-gb\/categories\/5768672491409-Travel-Tips","how_can_i_save_money_while_travelling":"Hoe kan ik geld besparen tijdens het reizen?","how_can_i_save_money_while_travelling_url":"https:\/\/discovereu-wave6.zendesk.com\/hc\/nl\/articles\/6066862630929-Hoe-kan-ik-geld-besparen-tijdens-het-reizen-","how_to_connect_with_other_discovereu_travellers":"Hoe kom je in contact met andere DiscoverEU-reizigers?","how_to_connect_with_other_discovereu_travellers_url":"https:\/\/discovereu-wave6.zendesk.com\/hc\/en-gb\/articles\/6066910634513-How-to-connect-with-other-DiscoverEU-travellers-","what_is_the_discovereu_european_youth_card":"Wat is de DiscoverEU Europese Jeugdkaart?","what_is_the_discovereu_european_youth_card_url":"https:\/\/discovereu-wave6.zendesk.com\/hc\/en-gb\/articles\/6066928796689-What-is-the-DiscoverEU-European-Youth-Card-"},"contact_us":"Contacteer ons","contact_us_url":"https:\/\/discovereu-wave6.zendesk.com\/hc\/nl\/requests\/new","login_items":{"email":"E-mail","password":"Wachtwoord","forgotten_password":"Wachtwoord vergeten?","modify_password_label":"Wachtwoord weizigen","login_label":"Login","log_out_label":"Log out label","new_password":"Nieuw wachtwoord","confirm_password":"Wachtwoord bevestigen","back_to_login":"Terug naar de inlogpagina","send_link":"Verstuur link","your_are_not_firstname":"Je bent niet {{firstname}} ?"},"login_content":{"first_password_change":"Om veiligheidsredenen vragen we je vriendelijk het oorspronkelijke wachtwoord te veranderen.","email_for_password_modify":"Voer het e-mailadres in waarmee je je aanmeldt, en we sturen je een link om je wachtwoord opnieuw in te stellen.","strong_password_choice":"Kies een sterk wachtwoord.","password_combination_instruction":"Kies een combinatie van letters, cijfers en speciale tekens.","change_your_password":"Wijzig je wachtwoord","update_your_password":"Je wachtwoord bijwerken","sign_in_with_password":"Inloggen met wachtwoord"},"toasts_content":{"please_enter_a_valid_email_address":"Voer een geldig e-mailadres in","please_enter_your_email_address":"Voer je e-mailadres in","please_enter_your_password":"Vul je wachtwoord in","please_enter_your_new_password":"Vul je nieuwe wachtwoord in","redirecting_you_to_the_app":"Je wordt doorgestuurd naar de app...","something_went_wrong":"Er is iets misgegaan...","oops":"Oeps...","sign_in":"Inloggen","password_updated":"Wachtwoord bijgewerkt","password_reset":"Wachtwoord opnieuw instellen","sent_email_with_link_to_reset_password":"We hebben je een e-mail gestuurd met een link om je wachtwoord te resetten, je kunt dit venster sluiten.","password_6_characters":"Wachtwoord moet minstens 6 tekens bevatten","password_characters_format":"Wachtwoord moet minstens \u00e9\u00e9n letter, \u00e9\u00e9n cijfer en \u00e9\u00e9n speciaal teken bevatten"},"do_you_have_questions_about_your_reservation":"Heb je vragen over je reservering?","identity_verification_status":"Status identiteitsverificatie","if_your_status_is_not_verified_be_sure_to_contact_the_travel_team_through_the_help_center":"<p>Als je status niet <strong>Verified<\/strong> is, neem dan contact op met het Reisteam via het Hulpcentrum.<\/p>","reservation_status":"Reservatiestatus","if_your_status_is_not_booked_it_means_there_was_a_problem_with_your_identity_verification_or_there_is_an_error_with_your_reservation_be_sure_to_contact_the_travel_team_via_the_center_help":"<p>Als je status op niet <strong>Booked<\/strong> staat, betekent dit dat er een probleem was met je identiteitsverificatie of dat er een fout is met je reservering, neem dan contact op met het Reisteam via het Hulpcentrum.<\/p>","fix_booking_status":"FIX boekingsstatus","if_your_status_is_not_registered_it_means_there_was_a_problem_with_your_identity_verification_or_there_is_an_error_with_your_reservation_be_sure_to_contact_the_travel_team_via_the_center_help":"<p>Als je status op niet <strong>Registered<\/strong> staat, betekent dit dat er een probleem was met je identiteitsverificatie of dat er een fout is met je reservering, neem dan contact op met het Reisteam via het Hulpcentrum.<\/p>","discovereu_travel_app_account_2":"DiscoverEU Travel App Account","interrail_pass_2":"Interrail Pas","identification":{"your_informations":"Jouw informatie","personal_data":"Persoonlijke gegevens","first_name":"Voornaam","last_name":"Achternaam","date_of_birth":"Geboortedatum","email":"Email","ticket_type":"Ticket type","document_country":"Land document","statuses":"Statussen","document_verification":"Controle van documenten","booking_status":"Boekingsstatus","discovereu_travel_app_account":"DiscoverEU Travel App Account","interrail_pass":"DiscoverEU Pas"}},"yoast_head":"<!-- This site is optimized with the Yoast SEO plugin v21.9.1 - https:\/\/yoast.com\/wordpress\/plugins\/seo\/ -->\n<title>Profile - DiscoverEU<\/title>\n<meta name=\"robots\" content=\"index, follow, max-snippet:-1, max-image-preview:large, max-video-preview:-1\" \/>\n<link rel=\"canonical\" href=\"https:\/\/www.start-discover.eu\/nl\/profile\" \/>\n<meta property=\"og:locale\" content=\"nl_NL\" \/>\n<meta property=\"og:type\" content=\"article\" \/>\n<meta property=\"og:title\" content=\"Profile - DiscoverEU\" \/>\n<meta property=\"og:url\" content=\"https:\/\/www.start-discover.eu\/nl\/profile\" \/>\n<meta property=\"og:site_name\" content=\"DiscoverEU\" \/>\n<meta property=\"article:modified_time\" content=\"2026-03-30T08:17:24+00:00\" \/>\n<meta property=\"og:image\" content=\"https:\/\/www.start-discover.eu\/app\/uploads\/2024\/07\/DEU-logo-1-scaled.jpg\" \/>\n\t<meta property=\"og:image:width\" content=\"2560\" \/>\n\t<meta property=\"og:image:height\" content=\"1440\" \/>\n\t<meta property=\"og:image:type\" content=\"image\/jpeg\" \/>\n<meta name=\"twitter:card\" content=\"summary_large_image\" \/>\n<script type=\"application\/ld+json\" class=\"yoast-schema-graph\">{\"@context\":\"https:\/\/schema.org\",\"@graph\":[{\"@type\":\"WebPage\",\"@id\":\"https:\/\/www.start-discover.eu\/nl\/profile\",\"url\":\"https:\/\/www.start-discover.eu\/nl\/profile\",\"name\":\"Profile - DiscoverEU\",\"isPartOf\":{\"@id\":\"https:\/\/www.start-discover.eu\/nl#website\"},\"datePublished\":\"2023-11-13T18:49:23+00:00\",\"dateModified\":\"2026-03-30T08:17:24+00:00\",\"breadcrumb\":{\"@id\":\"https:\/\/www.start-discover.eu\/nl\/profile#breadcrumb\"},\"inLanguage\":\"nl-NL\",\"potentialAction\":[{\"@type\":\"ReadAction\",\"target\":[\"https:\/\/www.start-discover.eu\/nl\/profile\"]}]},{\"@type\":\"BreadcrumbList\",\"@id\":\"https:\/\/www.start-discover.eu\/nl\/profile#breadcrumb\",\"itemListElement\":[{\"@type\":\"ListItem\",\"position\":1,\"name\":\"Home\",\"item\":\"https:\/\/www.start-discover.eu\/nl\"},{\"@type\":\"ListItem\",\"position\":2,\"name\":\"Profile\"}]},{\"@type\":\"WebSite\",\"@id\":\"https:\/\/www.start-discover.eu\/nl#website\",\"url\":\"https:\/\/www.start-discover.eu\/nl\",\"name\":\"DiscoverEU\",\"description\":\"\",\"publisher\":{\"@id\":\"https:\/\/www.start-discover.eu\/nl#organization\"},\"potentialAction\":[{\"@type\":\"SearchAction\",\"target\":{\"@type\":\"EntryPoint\",\"urlTemplate\":\"https:\/\/www.start-discover.eu\/nl?s={search_term_string}\"},\"query-input\":\"required name=search_term_string\"}],\"inLanguage\":\"nl-NL\"},{\"@type\":\"Organization\",\"@id\":\"https:\/\/www.start-discover.eu\/nl#organization\",\"name\":\"DiscoverEU\",\"url\":\"https:\/\/www.start-discover.eu\/nl\",\"logo\":{\"@type\":\"ImageObject\",\"inLanguage\":\"nl-NL\",\"@id\":\"https:\/\/www.start-discover.eu\/nl#\/schema\/logo\/image\/\",\"url\":\"https:\/\/www.start-discover.eu\/app\/uploads\/2024\/07\/DEU-logo-696x696-1-scaled.jpg\",\"contentUrl\":\"https:\/\/www.start-discover.eu\/app\/uploads\/2024\/07\/DEU-logo-696x696-1-scaled.jpg\",\"width\":2560,\"height\":2560,\"caption\":\"DiscoverEU\"},\"image\":{\"@id\":\"https:\/\/www.start-discover.eu\/nl#\/schema\/logo\/image\/\"}}]}<\/script>\n<!-- \/ Yoast SEO plugin. -->","yoast_head_json":{"title":"Profile - DiscoverEU","robots":{"index":"index","follow":"follow","max-snippet":"max-snippet:-1","max-image-preview":"max-image-preview:large","max-video-preview":"max-video-preview:-1"},"canonical":"https:\/\/www.start-discover.eu\/nl\/profile","og_locale":"nl_NL","og_type":"article","og_title":"Profile - DiscoverEU","og_url":"https:\/\/www.start-discover.eu\/nl\/profile","og_site_name":"DiscoverEU","article_modified_time":"2026-03-30T08:17:24+00:00","og_image":[{"width":2560,"height":1440,"url":"https:\/\/www.start-discover.eu\/app\/uploads\/2024\/07\/DEU-logo-1-scaled.jpg","type":"image\/jpeg"}],"twitter_card":"summary_large_image","schema":{"@context":"https:\/\/schema.org","@graph":[{"@type":"WebPage","@id":"https:\/\/www.start-discover.eu\/nl\/profile","url":"https:\/\/www.start-discover.eu\/nl\/profile","name":"Profile - DiscoverEU","isPartOf":{"@id":"https:\/\/www.start-discover.eu\/nl#website"},"datePublished":"2023-11-13T18:49:23+00:00","dateModified":"2026-03-30T08:17:24+00:00","breadcrumb":{"@id":"https:\/\/www.start-discover.eu\/nl\/profile#breadcrumb"},"inLanguage":"nl-NL","potentialAction":[{"@type":"ReadAction","target":["https:\/\/www.start-discover.eu\/nl\/profile"]}]},{"@type":"BreadcrumbList","@id":"https:\/\/www.start-discover.eu\/nl\/profile#breadcrumb","itemListElement":[{"@type":"ListItem","position":1,"name":"Home","item":"https:\/\/www.start-discover.eu\/nl"},{"@type":"ListItem","position":2,"name":"Profile"}]},{"@type":"WebSite","@id":"https:\/\/www.start-discover.eu\/nl#website","url":"https:\/\/www.start-discover.eu\/nl","name":"DiscoverEU","description":"","publisher":{"@id":"https:\/\/www.start-discover.eu\/nl#organization"},"potentialAction":[{"@type":"SearchAction","target":{"@type":"EntryPoint","urlTemplate":"https:\/\/www.start-discover.eu\/nl?s={search_term_string}"},"query-input":"required name=search_term_string"}],"inLanguage":"nl-NL"},{"@type":"Organization","@id":"https:\/\/www.start-discover.eu\/nl#organization","name":"DiscoverEU","url":"https:\/\/www.start-discover.eu\/nl","logo":{"@type":"ImageObject","inLanguage":"nl-NL","@id":"https:\/\/www.start-discover.eu\/nl#\/schema\/logo\/image\/","url":"https:\/\/www.start-discover.eu\/app\/uploads\/2024\/07\/DEU-logo-696x696-1-scaled.jpg","contentUrl":"https:\/\/www.start-discover.eu\/app\/uploads\/2024\/07\/DEU-logo-696x696-1-scaled.jpg","width":2560,"height":2560,"caption":"DiscoverEU"},"image":{"@id":"https:\/\/www.start-discover.eu\/nl#\/schema\/logo\/image\/"}}]}},"_links":{"self":[{"href":"https:\/\/www.start-discover.eu\/nl\/wp-json\/wp\/v2\/pages\/1845"}],"collection":[{"href":"https:\/\/www.start-discover.eu\/nl\/wp-json\/wp\/v2\/pages"}],"about":[{"href":"https:\/\/www.start-discover.eu\/nl\/wp-json\/wp\/v2\/types\/page"}],"author":[{"embeddable":true,"href":"https:\/\/www.start-discover.eu\/nl\/wp-json\/wp\/v2\/users\/2"}],"replies":[{"embeddable":true,"href":"https:\/\/www.start-discover.eu\/nl\/wp-json\/wp\/v2\/comments?post=1845"}],"version-history":[{"count":9,"href":"https:\/\/www.start-discover.eu\/nl\/wp-json\/wp\/v2\/pages\/1845\/revisions"}],"predecessor-version":[{"id":5517,"href":"https:\/\/www.start-discover.eu\/nl\/wp-json\/wp\/v2\/pages\/1845\/revisions\/5517"}],"wp:attachment":[{"href":"https:\/\/www.start-discover.eu\/nl\/wp-json\/wp\/v2\/media?parent=1845"}],"curies":[{"name":"wp","href":"https:\/\/api.w.org\/{rel}","templated":true}]}}