{"id":1957,"date":"2023-10-18T14:11:14","date_gmt":"2023-10-18T14:11:14","guid":{"rendered":"https:\/\/v2.start-discover.eu\/get-started"},"modified":"2026-01-02T15:14:04","modified_gmt":"2026-01-02T15:14:04","slug":"get-started","status":"publish","type":"page","link":"https:\/\/www.start-discover.eu\/lv\/get-started","title":{"rendered":"Get started"},"content":{"rendered":"","protected":false},"excerpt":{"rendered":"","protected":false},"author":10,"featured_media":0,"parent":0,"menu_order":0,"comment_status":"closed","ping_status":"closed","template":"","meta":{"footnotes":""},"acf":{"description":"<h1>K\u0101di ir rezerv\u0101cijas <span style=\"color: #f0679b;\">procesa posmi<\/span>?<\/h1>\r\n<p>Kad iesniegsi rezerv\u0101cijas veidlapu, m\u0113s tev izveidosim kontu. Tu sa\u0146emsi visu inform\u0101ciju pa e-pastu. Konts tev pie\u0161\u0137irs piek\u013cuvi DiscoverEU ce\u013cojumu lietotnei, kur var\u0113si apskat\u012bt vilcienu mar\u0161rutus un laikus, lai sapl\u0101notu braucienu, piek\u013c\u016bt savai DiscoverEU EYCA kartei, lai izmantotu t\u016bksto\u0161iem atlai\u017eu vis\u0101 Eirop\u0101, un pievienoties DiscoverEU kopienai, lai dal\u012btos sav\u0101 pieredz\u0113 ar citiem. Tu atrad\u012bsi savu DiscoverEU pasi tie\u0161i lietotn\u0113.<\/p>","steps_process":[{"title":"Piek\u013c\u016bsti savai rezerv\u0101cijas veidlapai","description":"<p>Piek\u013c\u016bsti savai person\u012bgajai rezerv\u0101cijas saitei (nos\u016bt\u012bta tev uz <strong>hello@start-discover.eu<\/strong>)<\/p>"},{"title":"Verific\u0113 savu identit\u0101ti","description":"<p>Rezerv\u0101cijas ietvaros tev tiks l\u016bgts verific\u0113t savu identit\u0101ti.<\/p>"},{"title":"Iesniedz savu rezerv\u0101cijas veidlapu","description":"<p>Kad tas izdar\u012bts, pabeidz un iesniedz rezerv\u0101cijas veidlapu<\/p>"}],"title_start_process":"K\u0101 s\u0101kt rezerv\u0101cijas procesu?","image_start_process":1958,"description_start_process":"<p><strong>Tu sa\u0146emsi vai jau sa\u0146\u0113mi iel\u016bguma e-pastu ar savu person\u012bgo rezerv\u0101cijas veidlapas saiti.<\/strong><\/p>\r\n<p>Lai pabeigtu ce\u013cojuma rezerv\u0101ciju, tev b\u016bs j\u0101pl\u0101no da\u017eas lietas. Svar\u012bg\u0101kais ir sagatavot personu apliecino\u0161u dokumentu vai pasi, lai apstiprin\u0101tu savu identit\u0101ti.<\/p>\r\n<div>\r\n<p>Aizpildot ce\u013cojuma rezerv\u0101cijas veidlapu, da\u013ca inform\u0101cijas jau b\u016bs iepriek\u0161 aizpild\u012bta, pamatojoties uz datiem, ko ieguv\u0101m no identit\u0101tes p\u0101rbaudes procesa. Iepriek\u0161 aizpild\u012bt\u0101 inform\u0101cija ietver:<\/p>\r\n<ul>\r\n\t<li>E-pasta adresi<\/li>\r\n\t<li>Pieteikuma kodu<\/li>\r\n\t<li>V\u0101rdu<\/li>\r\n\t<li>Uzv\u0101rdu<\/li>\r\n\t<li>Dzim\u0161anas datumu<\/li>\r\n\t<li>Valsti, kas izdevusi ID\/pasi<\/li>\r\n<\/ul>\r\n<\/div>\r\n<p><strong>Nepiecie\u0161ama s\u012bk\u0101ka papildu inform\u0101cija?<\/strong><br \/>\r\nMekl\u0113 inform\u0101ciju Pal\u012bdz\u012bbas centr\u0101, kur atrad\u012bsi atbildes uz bie\u017ei uzdotajiem jaut\u0101jumiem.<\/p>","link_start_process":{"title":"Konsult\u0113jies Pal\u012bdz\u012bbas centr\u0101","url":"https:\/\/help.start-discover.eu\/","target":"_blank"},"title":"Viss, kas tev j\u0101zina par DiscoverEU pasi","flexible_travel":{"title_flexible":"-","sub_title":"DiscoverEU Interrail bi\u013cete","paragraph":"Dodies, kurp vien v\u0113lies, piln\u012bb\u0101 elast\u012bgi","flexible_option":[{"icon":2775,"title":"Ce\u013co\u0161ana bez iepriek\u0161 izv\u0113l\u0113tiem datumiem un galam\u0113r\u0137iem","paragraph":"<p>Apstiprini savu Interrail mobilo bi\u013ceti un pabeidz izp\u0113ti v\u0113l\u0101k. Savu mobilo bi\u013ceti var\u0113si izmantot DiscoverEU ce\u013co\u0161anas lietotn\u0113. Savu bi\u013ceti vari aktiviz\u0113t l\u012bdz pat ce\u013co\u0161anas s\u0101k\u0161anas dienai. Ce\u013co\u0161anas laik\u0101 pl\u0101no uz vietas, maini pl\u0101nus un \u013cauj piedz\u012bvojumiem va\u013cu.<\/p>","important":false},{"icon":2777,"title":"Ce\u013co ar vilcienu 7 dienas viena m\u0113ne\u0161a period\u0101","paragraph":"<p>Savu bi\u013ceti vari izmantot 7 dienas p\u0113c savas izv\u0113les 1 m\u0113ne\u0161a laik\u0101. Ce\u013co katru dienu p\u0113c k\u0101rtas vai ce\u013co taj\u0101s dien\u0101s, kur\u0101s v\u0113lies vesela m\u0113ne\u0161a garum\u0101. Visu var sagatavot, izmantojot DiscoverEU ce\u013co\u0161anas lietotni.<\/p>","important":false},{"icon":542,"title":"Ce\u013co vienatn\u0113 vai grup\u0101","paragraph":"<p>Vari br\u012bvi izv\u0113l\u0113ties, vai ce\u013cot vienatn\u0113 vai grup\u0101. Piesakoties \u201cDiscoverEU\u201d, tu vari izv\u0113l\u0113ties, ar ko kop\u0101 ce\u013cot, un vari ar\u012b main\u012bt \u0161o izv\u0113li ce\u013cojuma laik\u0101. Ja ce\u013co grup\u0101, katram grupas dal\u012bbniekam b\u016bs sava karte.<\/p>","important":false},{"icon":486,"title":"Ce\u013co\u0161ana dz\u012bvesvietas valst\u012b","paragraph":"<p>Tava bi\u013cete b\u016bs der\u012bga tikai diviem konkr\u0113tiem ce\u013cojumiem tav\u0101 dz\u012bvesvietas valst\u012b (ce\u013cojums turp un atpaka\u013c). Vari ce\u013cot no jebkuras atra\u0161an\u0101s vietas sav\u0101 dz\u012bvesvietas valst\u012b uz robe\u017eu vai lidostu, vai ostu, vari ce\u013cot vair\u0101k nek\u0101 ar vienu vilcienu, ja braucieni ir taj\u0101 pa\u0161\u0101 dien\u0101.<\/p>","important":false},{"icon":458,"title":"Ce\u013co\u0161ana sav\u0101 ritm\u0101","paragraph":"<p>Ar elast\u012bgo bi\u013ceti vari ilg\u0101k uzkav\u0113ties pils\u0113t\u0101 vai doties no galam\u0113r\u0137a proj\u0101m \u0101tr\u0101k, nek\u0101 pl\u0101noji. Sask\u0101ries ar sare\u017e\u0123\u012bjumiem braucien\u0101, piem\u0113ram, aizkav\u0113tu vai atceltu vilcienu? Vari braukt ar n\u0101kamo vilcienu vai main\u012bt mar\u0161rutu.<\/p>","important":false},{"icon":598,"title":"Svar\u012bgi zin\u0101t","paragraph":"<p>Pirms iek\u0101p\u0161anas vilcien\u0101, autobus\u0101 vai ku\u0123\u012b katrs brauciens j\u0101re\u0123istr\u0113 DiscoverEU ce\u013co\u0161anas lietotnes sada\u013c\u0101 ''Mans ce\u013cojums'' un j\u0101pievieno mobilajai Interrail bi\u013cetei. Da\u017eos t\u0101lo braucienu vilcienos b\u016bs papildus j\u0101rezerv\u0113 s\u0113dvietas.<\/p>","important":true}]},"fixed_travel":{"title":"Fiks\u0113t\u0101s ce\u013co\u0161anas iesp\u0113ja","sub_title":"Bi\u013cetes no punkta l\u012bdz punktam","paragraph":"Fiks\u0113ta un konkretiz\u0113ta iesp\u0113ja, tavs mar\u0161ruts nav main\u0101ms.","fixed_option":[{"icon":2776,"title":"Ce\u013co\u0161ana ar iepriek\u0161 izv\u0113l\u0113tiem galam\u0113r\u0137iem","paragraph":"<p>Izp\u0113ti un izpl\u0101no ce\u013cojumu pirms bi\u013ce\u0161u apstiprin\u0101\u0161anas. Tavu ce\u013cojumu rezerv\u0113s ar bi\u013cet\u0113m no punkta l\u012bdz punktam, un tas neb\u016bs main\u0101ms.<\/p>","important":false},{"icon":2778,"title":"Ce\u013co\u0161ana p\u0113c fiks\u0113ta pl\u0101na","paragraph":"<p>Tu zini, kad v\u0113lies ce\u013cot. Tev ir zin\u0101mi datumi, fiks\u0113ts mar\u0161ruts un esi gatavs(-a) izmantot konkr\u0113tu vilcienu konkr\u0113t\u0101 datum\u0101.<\/p>","important":false},{"icon":570,"title":"Ce\u013co\u0161ana grup\u0101","paragraph":"<p>Tikai tie, kuriem bi\u013cete pie\u0161\u0137irta k\u0101 grupai var ce\u013cot k\u0101 grupa. Lai ce\u013cotu k\u0101 grupa, vis\u0101m person\u0101m grup\u0101 j\u0101aizpilda rezerv\u0101cijas veidlapa.<\/p>","important":false},{"icon":486,"title":"Ce\u013co\u0161ana dz\u012bvesvietas valst\u012b","paragraph":"<p>Tavu ce\u013cojumu turp un atpaka\u013c rezerv\u0113s k\u0101 braucienu no punkta l\u012bdz punktam. Vari ce\u013cot ar vair\u0101k nek\u0101 vienu vilcienu, ja tavs pirmais galam\u0113r\u0137is ir \u0101rzem\u0113s.<\/p>","important":false},{"icon":514,"title":"Ce\u013cojumu modifik\u0101cijas","paragraph":"<p>Bi\u013cetes rezerv\u0113s konkr\u0113tam vilcienam, ce\u013cojuma pl\u0101nus nevar\u0113s main\u012bt. Nek\u0101das papildin\u0101jumu modifik\u0101cijas, papildu rezerv\u0101cijas vai citas izmaksas ce\u013cojuma laik\u0101 Eiropas Komisija nesegs.<\/p>","important":false},{"icon":598,"title":"Svar\u012bgi zin\u0101t","paragraph":"<p>Mar\u0161ruti no punkta l\u012bdz punktam ir ierobe\u017eoti ar vilcieniem, kuri pie\u013cauj bi\u013ce\u0161u rezerv\u0101ciju tie\u0161saist\u0113. Gad\u012bjum\u0101, ja notiek aizkav\u0113\u0161an\u0101s vai atcel\u0161ana, ce\u013cot\u0101jam j\u0101sazin\u0101s tie\u0161\u0101 veid\u0101 ar transporta uz\u0146\u0113mumu. Uzzini vair\u0101k part ES pasa\u017eieru ties\u012bb\u0101m\u00a0\u0161eit.<\/p>","important":true}]},"link_travel_option":{"title":"Doties uz Pal\u012bdz\u012bbas centru","url":"https:\/\/help.start-discover.eu\/","target":"_blank"}},"yoast_head":"<!-- This site is optimized with the Yoast SEO plugin v21.9.1 - https:\/\/yoast.com\/wordpress\/plugins\/seo\/ -->\n<title>Get started - DiscoverEU<\/title>\n<meta name=\"robots\" content=\"index, follow, max-snippet:-1, max-image-preview:large, max-video-preview:-1\" \/>\n<link rel=\"canonical\" href=\"https:\/\/www.start-discover.eu\/lv\/get-started\" \/>\n<meta property=\"og:locale\" content=\"lv_LV\" \/>\n<meta property=\"og:type\" content=\"article\" \/>\n<meta property=\"og:title\" content=\"Get started - DiscoverEU\" \/>\n<meta property=\"og:url\" content=\"https:\/\/www.start-discover.eu\/lv\/get-started\" \/>\n<meta property=\"og:site_name\" content=\"DiscoverEU\" \/>\n<meta property=\"article:modified_time\" content=\"2026-01-02T15:14:04+00:00\" \/>\n<meta property=\"og:image\" content=\"https:\/\/www.start-discover.eu\/app\/uploads\/2024\/07\/DEU-logo-1-scaled.jpg\" \/>\n\t<meta property=\"og:image:width\" content=\"2560\" \/>\n\t<meta property=\"og:image:height\" content=\"1440\" \/>\n\t<meta property=\"og:image:type\" content=\"image\/jpeg\" \/>\n<meta name=\"twitter:card\" content=\"summary_large_image\" \/>\n<script type=\"application\/ld+json\" class=\"yoast-schema-graph\">{\"@context\":\"https:\/\/schema.org\",\"@graph\":[{\"@type\":\"WebPage\",\"@id\":\"https:\/\/www.start-discover.eu\/lv\/get-started\",\"url\":\"https:\/\/www.start-discover.eu\/lv\/get-started\",\"name\":\"Get started - DiscoverEU\",\"isPartOf\":{\"@id\":\"https:\/\/www.start-discover.eu\/lv#website\"},\"datePublished\":\"2023-10-18T14:11:14+00:00\",\"dateModified\":\"2026-01-02T15:14:04+00:00\",\"breadcrumb\":{\"@id\":\"https:\/\/www.start-discover.eu\/lv\/get-started#breadcrumb\"},\"inLanguage\":\"lv-LV\",\"potentialAction\":[{\"@type\":\"ReadAction\",\"target\":[\"https:\/\/www.start-discover.eu\/lv\/get-started\"]}]},{\"@type\":\"BreadcrumbList\",\"@id\":\"https:\/\/www.start-discover.eu\/lv\/get-started#breadcrumb\",\"itemListElement\":[{\"@type\":\"ListItem\",\"position\":1,\"name\":\"Home\",\"item\":\"https:\/\/www.start-discover.eu\/lv\"},{\"@type\":\"ListItem\",\"position\":2,\"name\":\"Get started\"}]},{\"@type\":\"WebSite\",\"@id\":\"https:\/\/www.start-discover.eu\/lv#website\",\"url\":\"https:\/\/www.start-discover.eu\/lv\",\"name\":\"DiscoverEU\",\"description\":\"\",\"publisher\":{\"@id\":\"https:\/\/www.start-discover.eu\/lv#organization\"},\"potentialAction\":[{\"@type\":\"SearchAction\",\"target\":{\"@type\":\"EntryPoint\",\"urlTemplate\":\"https:\/\/www.start-discover.eu\/lv?s={search_term_string}\"},\"query-input\":\"required name=search_term_string\"}],\"inLanguage\":\"lv-LV\"},{\"@type\":\"Organization\",\"@id\":\"https:\/\/www.start-discover.eu\/lv#organization\",\"name\":\"DiscoverEU\",\"url\":\"https:\/\/www.start-discover.eu\/lv\",\"logo\":{\"@type\":\"ImageObject\",\"inLanguage\":\"lv-LV\",\"@id\":\"https:\/\/www.start-discover.eu\/lv#\/schema\/logo\/image\/\",\"url\":\"https:\/\/www.start-discover.eu\/app\/uploads\/2024\/07\/DEU-logo-696x696-1-scaled.jpg\",\"contentUrl\":\"https:\/\/www.start-discover.eu\/app\/uploads\/2024\/07\/DEU-logo-696x696-1-scaled.jpg\",\"width\":2560,\"height\":2560,\"caption\":\"DiscoverEU\"},\"image\":{\"@id\":\"https:\/\/www.start-discover.eu\/lv#\/schema\/logo\/image\/\"}}]}<\/script>\n<!-- \/ Yoast SEO plugin. -->","yoast_head_json":{"title":"Get started - DiscoverEU","robots":{"index":"index","follow":"follow","max-snippet":"max-snippet:-1","max-image-preview":"max-image-preview:large","max-video-preview":"max-video-preview:-1"},"canonical":"https:\/\/www.start-discover.eu\/lv\/get-started","og_locale":"lv_LV","og_type":"article","og_title":"Get started - DiscoverEU","og_url":"https:\/\/www.start-discover.eu\/lv\/get-started","og_site_name":"DiscoverEU","article_modified_time":"2026-01-02T15:14:04+00:00","og_image":[{"width":2560,"height":1440,"url":"https:\/\/www.start-discover.eu\/app\/uploads\/2024\/07\/DEU-logo-1-scaled.jpg","type":"image\/jpeg"}],"twitter_card":"summary_large_image","schema":{"@context":"https:\/\/schema.org","@graph":[{"@type":"WebPage","@id":"https:\/\/www.start-discover.eu\/lv\/get-started","url":"https:\/\/www.start-discover.eu\/lv\/get-started","name":"Get started - DiscoverEU","isPartOf":{"@id":"https:\/\/www.start-discover.eu\/lv#website"},"datePublished":"2023-10-18T14:11:14+00:00","dateModified":"2026-01-02T15:14:04+00:00","breadcrumb":{"@id":"https:\/\/www.start-discover.eu\/lv\/get-started#breadcrumb"},"inLanguage":"lv-LV","potentialAction":[{"@type":"ReadAction","target":["https:\/\/www.start-discover.eu\/lv\/get-started"]}]},{"@type":"BreadcrumbList","@id":"https:\/\/www.start-discover.eu\/lv\/get-started#breadcrumb","itemListElement":[{"@type":"ListItem","position":1,"name":"Home","item":"https:\/\/www.start-discover.eu\/lv"},{"@type":"ListItem","position":2,"name":"Get started"}]},{"@type":"WebSite","@id":"https:\/\/www.start-discover.eu\/lv#website","url":"https:\/\/www.start-discover.eu\/lv","name":"DiscoverEU","description":"","publisher":{"@id":"https:\/\/www.start-discover.eu\/lv#organization"},"potentialAction":[{"@type":"SearchAction","target":{"@type":"EntryPoint","urlTemplate":"https:\/\/www.start-discover.eu\/lv?s={search_term_string}"},"query-input":"required name=search_term_string"}],"inLanguage":"lv-LV"},{"@type":"Organization","@id":"https:\/\/www.start-discover.eu\/lv#organization","name":"DiscoverEU","url":"https:\/\/www.start-discover.eu\/lv","logo":{"@type":"ImageObject","inLanguage":"lv-LV","@id":"https:\/\/www.start-discover.eu\/lv#\/schema\/logo\/image\/","url":"https:\/\/www.start-discover.eu\/app\/uploads\/2024\/07\/DEU-logo-696x696-1-scaled.jpg","contentUrl":"https:\/\/www.start-discover.eu\/app\/uploads\/2024\/07\/DEU-logo-696x696-1-scaled.jpg","width":2560,"height":2560,"caption":"DiscoverEU"},"image":{"@id":"https:\/\/www.start-discover.eu\/lv#\/schema\/logo\/image\/"}}]}},"_links":{"self":[{"href":"https:\/\/www.start-discover.eu\/lv\/wp-json\/wp\/v2\/pages\/1957"}],"collection":[{"href":"https:\/\/www.start-discover.eu\/lv\/wp-json\/wp\/v2\/pages"}],"about":[{"href":"https:\/\/www.start-discover.eu\/lv\/wp-json\/wp\/v2\/types\/page"}],"author":[{"embeddable":true,"href":"https:\/\/www.start-discover.eu\/lv\/wp-json\/wp\/v2\/users\/10"}],"replies":[{"embeddable":true,"href":"https:\/\/www.start-discover.eu\/lv\/wp-json\/wp\/v2\/comments?post=1957"}],"version-history":[{"count":10,"href":"https:\/\/www.start-discover.eu\/lv\/wp-json\/wp\/v2\/pages\/1957\/revisions"}],"predecessor-version":[{"id":4829,"href":"https:\/\/www.start-discover.eu\/lv\/wp-json\/wp\/v2\/pages\/1957\/revisions\/4829"}],"wp:attachment":[{"href":"https:\/\/www.start-discover.eu\/lv\/wp-json\/wp\/v2\/media?parent=1957"}],"curies":[{"name":"wp","href":"https:\/\/api.w.org\/{rel}","templated":true}]}}