{"id":1855,"date":"2023-11-13T18:49:23","date_gmt":"2023-11-13T18:49:23","guid":{"rendered":"https:\/\/v2.start-discover.eu\/profile"},"modified":"2026-03-30T08:24:05","modified_gmt":"2026-03-30T08:24:05","slug":"profile","status":"publish","type":"page","link":"https:\/\/www.start-discover.eu\/lv\/profile","title":{"rendered":"Profile"},"content":{"rendered":"","protected":false},"excerpt":{"rendered":"","protected":false},"author":2,"featured_media":0,"parent":0,"menu_order":0,"comment_status":"closed","ping_status":"closed","template":"","meta":{"footnotes":""},"acf":{"email":"<p>Sveiki, {{firstname}}!<\/p>\r\n<p>Paldies, ka aizpild\u012bj\u0101t #DiscoverEU aptauju.<\/p>\r\n<p>J\u016bsu Dal\u012bbas sertifik\u0101ts tagad ir pieejams j\u016bsu #DiscoverEU profil\u0101.<\/p>\r\n<p>Jums vienk\u0101r\u0161i j\u0101piek\u013c\u016bst j\u016bsu rezerv\u0101cijas formas saitei, tai, kuru izmantoj\u0101t, lai piepras\u012btu savu #DiscoverEU Pasi (saite s\u0101kas ar '<a href=\"http:\/\/registrations.start-discover.eu\/\">registrations.start-discover.eu<\/a>') un j\u0101spie\u017e uz pogas \u201cLejupiel\u0101d\u0113t j\u016bsu #DiscoverEU Dal\u012bbas sertifik\u0101tu\u201d.<\/p>\r\n<p>Ceram, ka jums izdev\u0101s rad\u012bt neaizmirstamas atmi\u0146as!<\/p>\r\n<p>Nov\u0113lam jums visu to lab\u0101ko.<\/p>\r\n<p>DiscoverEU Ce\u013cojumu komanda.<\/p>","infobox":{"title":"J\u016bsu Dal\u012bbas sertifik\u0101ts ir gatavs.","textual_content":"To var lejupiel\u0101d\u0113t, noklik\u0161\u0137inot uz zem\u0101k eso\u0161\u0101s pogas.","button_label":"Lejupiel\u0101d\u0113t j\u016bsu #DiscoverEU Dal\u012bbas sertifik\u0101tu."},"intro":{"title":{"hello_name":"Sveiki, {{firstname}}!","welcome_on_your_discovereu_profile":"Laipni l\u016bdzam tav\u0101 \u201cDiscoverEU\u201d profil\u0101!"},"this_page_gathers_all_the_information_necessary":"\u0160aj\u0101 lap\u0101 ir apkopota visa ce\u013cojumam nepiecie\u0161am\u0101 inform\u0101cija, k\u0101 ar\u012b dati un re\u0123istr\u0101cijas statuss."},"status_created":{"it_looks_like_you_havent_filled_out_your_booking_form_yet":"\u0160\u0137iet, ka v\u0113l neaizpild\u012bji rezerv\u0101cijas veidlapu","dont_wait_too_long_created":"Nevilcinies un aizpildi to l\u012bdz {{closing_date}}!","go_to_the_booking_form":"Doties uz rezerv\u0101cijas veidlapu"},"requests_and_forms_section":{"visa_form_title":"V\u012bzu piepras\u012bjums:","refund_form_title":"Atmaksas piepras\u012bjums:","visa_form_label":"Uzaicin\u0101juma v\u0113stules un ce\u013cojumu apdro\u0161in\u0101\u0161anas piepras\u012bjuma veidlapa","refund_form_label":"Kompens\u0101cijas veidlapa","visa_form_processing":"Piepras\u012bjuma apstr\u0101de","refund_form_processing":"Piepras\u012bjuma apstr\u0101de","visa_form_processed":"Apstr\u0101d\u0101ts piepras\u012bjums","refund_form_processed":"Apstr\u0101d\u0101ts piepras\u012bjums"},"status_initialized":{"it_looks_like_you_havent_finished_filled_out_your_booking_form_yet":"\u0160\u0137iet, ka v\u0113l neaizpild\u012bji rezerv\u0101cijas veidlapu","dont_wait_too_long_initialized":"Nevilcinies un aizpildi to l\u012bdz {{closing_date}}!","continue_to_complete_your_booking_form":"Turpin\u0101t aizpild\u012bt rezerv\u0101cijas veidlapu"},"status_pending":{"your_identity_documents_are_being_checked":"P\u0101rbauda tavus personu apliecino\u0161us dokumentus","once_your_identity_has_been_verified":"Kad identit\u0101te b\u016bs p\u0101rbaud\u012bta, tu sa\u0146emsi autom\u0101tisku apstiprin\u0101juma zi\u0146ojumu sav\u0101 e-past\u0101. E-pasta zi\u0146ojuma temats b\u016bs: \u201cTavs pas\u016bt\u012bjums ir apstiprin\u0101ts un papildinform\u0101cija pieejama \u0161eit\u201d, un \u0161is zi\u0146ojums b\u016bs nos\u016bt\u012bts no \u0161\u0101das e-pasta adreses: customerservice@interrail.eu.","tip:_check_your_spam":"Padoms! P\u0101rbaudi savu surog\u0101tpasta mapi.","learn_more_about_verifying_my_documents":"Papildinform\u0101cija par dokumentu verifik\u0101ciju","learn_more_about_verifying_my_documents_url":"https:\/\/registrations.start-discover.eu\/images\/EU_DiscoverEU_GuideID_en.jpg"},"status_declined_first_try":{"couldnt_verify_identity_documents":"Uzman\u012bbu: j\u016bsu rezerv\u0101cijas veidlapa v\u0113l nav aizpild\u012bta","submitting_documents_a_second_time":"Dokumenti, ko iesniedzi, lai apstiprin\u0101tu savu identit\u0101ti, netika pie\u0146emti. Vari m\u0113\u0123in\u0101t iesniegt tos otrreiz.","back_to_submission_step":"Atpaka\u013c pie iesnieg\u0161anas darb\u012bbas","warning_can_only_submit_documents_twice":"Br\u012bdin\u0101jums! Dokumentus vari iesniegt tikai divas reizes."},"status_declined_second_try":{"identity_documents_could_not_be_verified_twice":"Uzman\u012bbu: j\u016bsu rezerv\u0101cijas veidlapa v\u0113l nav aizpild\u012bta","not_accepted_for_the_second_time":"Dokumenti, ko iesniedzi, lai apstiprin\u0101tu savu identit\u0101ti, otro reizi netika pie\u0146emti. L\u016bdzu, sazinies ar mums, lai atrisin\u0101tu \u0161o probl\u0113mu."},"status_success":{"flex_stnd":{"congratulations_your_reservation_is_completed_and_validated":"Apsveicam, j\u016bsu rezerv\u0101cijas veidlapa ir aizpild\u012bta un apstiprin\u0101ta!","your_pass_is_available_in_your_email":"<p>J\u016bsu bi\u013cete ir nos\u016bt\u012bta uz j\u016bsu e-pastu. Ja j\u016bs to neredzat, l\u016bdzu, p\u0101rbaudiet savu junk mapi. Ja t\u0101 joproj\u0101m nav tur, sazinieties ar Ce\u013cojumu komandu, izmantojot piepras\u012bjuma iesnieg\u0161anas lapu <a href=\"https:\/\/discovereu-wave6.zendesk.com\/hc\/en-gb\/requests\/new\"><b>Pal\u012bdz\u012bbas centr\u0101<\/b><\/a>.<\/p>"},"flex_ovs":{"congratulations_your_reservation_is_completed_and_validated":"Apsveicam, tava rezerv\u0101cija ir pabeigta un apstiprin\u0101ta!","the_travel_team_will_contact_you_three_months_before_your_departure_date_to_book_your_flights":"Kuponu atrad\u012bsi sav\u0101 e-past\u0101. Ja e-past\u0101 neatrodi kuponu, p\u0101rbaudi surog\u0101tpasta mapi. Ja ar\u012b tur neatrodi e-pasta zi\u0146ojumu ar kuponu, sazinies ar par ce\u013co\u0161anu atbild\u012bgo komandu, apmekl\u0113jot Pal\u012bdz\u012bbas centra lapu un izv\u0113loties \u201cIesniegt piepras\u012bjumu\u201d. Par ce\u013co\u0161anu atbild\u012bg\u0101 komanda sazin\u0101sies ar tevi tr\u012bs m\u0113ne\u0161us pirms tava izlido\u0161anas datuma, lai rezerv\u0113tu lidojumus."},"fix_stnd":{"congratulations_your_reservation_is_completed_and_validated":"Apsveicam, tava rezerv\u0101cija ir pabeigta un apstiprin\u0101ta!","the_travel_team_will_contact_you_three_months_before_your_departure_date_to_book_your_fix_trip":"Par ce\u013co\u0161anu atbild\u012bg\u0101 komanda sazin\u0101sies ar tevi tr\u012bs m\u0113ne\u0161us pirms tava izbrauk\u0161anas datuma, lai rezerv\u0113tu tavu fiks\u0113to ce\u013cojumu."},"fix_ovs":{"congratulations_your_reservation_is_completed_and_validated":"Apsveicam, tava rezerv\u0101cija ir pabeigta un apstiprin\u0101ta!","the_travel_team_will_contact_you_three_months_before_your_departure_date_to_book_your_flights":"Ce\u013cojumu komanda sazin\u0101sies ar jums tr\u012bs m\u0113ne\u0161us pirms izbrauk\u0161anas datuma, lai rezerv\u0113tu FIX ce\u013cojumu un lidojumus."}},"status_accessibility":{"booking_form_completed":"J\u016bsu rezerv\u0101cijas veidlapa ir aizpild\u012bta.","flex_pass_will_be_issued_only_if_you_have_any_accessibility_needs":"Jums vajadz\u0113tu b\u016bt sa\u0146\u0113mu\u0161i e-pastu par j\u016bsu pieejam\u012bbas vajadz\u012bb\u0101m. L\u016bdzu, atbildiet ce\u013cojumu komandai, izmantojot kontaktformu, lai m\u0113s var\u0113tu izsniegt jums DiscoverEU Pass."},"discovereu_community_section":{"discovereu_community":"\u201cDiscoverEU\u201d kopiena","looking_to_make_the_most_of_your_exciting_journey":"<p>Vai v\u0113lies maksim\u0101li izmantot iesp\u0113jas, ko sniedz tavs aizraujo\u0161ais ce\u013cojums, atkl\u0101jot Eiropu? \u0160\u012b \u201cDiscoverEU\u201d kopiena ir vieta, kur\u0101 vari \u201csan\u0101kt\u201d kop\u0101, iepaz\u012bt jaunus cilv\u0113kus, diskut\u0113t un dal\u012bties savos ce\u013cojuma pl\u0101nos, veidot draudz\u012bbas un rast iedvesmu, lai piln\u012bb\u0101 izbaud\u012btu savu \u201cDiscoverEU\u201d ce\u013cojumu!<\/p>","join_the_#discovereu_community_label":"PIEVIENOJIES #DiscoverEU kopienai*","join_the_#discovereu_community_url":"https:\/\/discovereucommunity.interrail.eu\/","accessible_through_the_discovereu_travel_app":"*pieejama, izmantojot DiscoverEU Travel App, vai ievadot sava DiscoverEU Travel App konta inform\u0101ciju"},"european_youth_card_section":{"european_youth_card":"Eiropas Jaunatnes karte","with_your_discovereu_pass_you_have_won_the_european_youth_card":"<p>Ar savu \u201cDiscoverEU\u201d caurlaidi tu ieg\u016bsti Eiropas Jaunatnes karti! Pateicoties Eiropas Jaunatnes kartei, tu vari sa\u0146emt atlaides nor\u0113\u0137inoties par naktsm\u012btni, apmekl\u0113jot apskates objektus, izmantojot sabiedrisko transportu un v\u0113l daudz kam citam. To atrad\u012bsi sav\u0101 DiscoverEU Travel App sada\u013c\u0101 Vair\u0101k.<\/p>"},"help_centre_articles_section":{"help_centre_articles":"Pal\u012bdz\u012bbas centra raksti","you_can_find_below_a_selection_of_articles":"Zem\u0101k atrad\u012bsi rakstu izlasi, kas var tev pal\u012bdz\u0113t s\u0101kt gatavoties \u201cDiscoverEU\u201d ce\u013cojumam.","flex_faq_links":{"how_to_get_started_with_your_interrail_mobile_pass":"How to get started with your Interrail Mobile Pass?","how_to_get_started_with_your_interrail_mobile_pass_url":"https:\/\/discovereu-wave6.zendesk.com\/hc\/en-gb\/articles\/6066864956945-How-to-get-started-with-your-Interrail-Mobile-Pass-","what_are_10_things_you_should_know_about_the_interrail_pass":"What are 10 things you should know about the Interrail Pass?","what_are_10_things_you_should_know_about_the_interrail_pass_url":"https:\/\/discovereu-wave6.zendesk.com\/hc\/en-gb\/articles\/11909290422673-What-are-10-things-you-should-know-about-the-Interrail-Pass-"}},"all_travellers_faq_links":{"travel_tips":"Travel Tips","travel_tips_url":"https:\/\/discovereu-wave6.zendesk.com\/hc\/en-gb\/categories\/5768672491409-Travel-Tips","how_can_i_save_money_while_travelling":"How can I save money while travelling?","how_can_i_save_money_while_travelling_url":"https:\/\/discovereu-wave6.zendesk.com\/hc\/en-gb\/articles\/6066862630929-How-can-I-save-money-while-travelling-","how_to_connect_with_other_discovereu_travellers":"How to connect with other DiscoverEU travellers?","how_to_connect_with_other_discovereu_travellers_url":"https:\/\/discovereu-wave6.zendesk.com\/hc\/en-gb\/articles\/6066910634513-How-to-connect-with-other-DiscoverEU-travellers-","what_is_the_discovereu_european_youth_card":"What is the DiscoverEU European Youth Card?","what_is_the_discovereu_european_youth_card_url":"https:\/\/discovereu-wave6.zendesk.com\/hc\/en-gb\/articles\/6066928796689-What-is-the-DiscoverEU-European-Youth-Card-"},"contact_us":"Sazi\u0146a ar mums","contact_us_url":"https:\/\/discovereu-wave6.zendesk.com\/hc\/en-gb\/requests\/new","login_items":{"email":"E-pasts","password":"Parole","forgotten_password":"Aizmirsi paroli?","modify_password_label":"Main\u012bt paroli","login_label":"Pieteikties","log_out_label":"Izrakst\u012bties","new_password":"Jaun\u0101 parole","confirm_password":"Apstiprin\u0101t savu paroli","back_to_login":"Atgriezieties uz pieteik\u0161an\u0101s lapu","send_link":"S\u016bt\u012bt saiti","your_are_not_firstname":"Neesi {{firstname}}?"},"login_content":{"first_password_change":"Dro\u0161\u012bbas apsv\u0113rumu d\u0113\u013c m\u0113s l\u016bdzam tev nomain\u012bt s\u0101kotn\u0113jo paroli.","email_for_password_modify":"Ievadi e-pasta adresi, ko izmantoji, lai pierakst\u012btos, un m\u0113s nos\u016bt\u012bsim saiti paroles atiestat\u012b\u0161anai.","strong_password_choice":"L\u016bdzu, izv\u0113lies paroli","password_combination_instruction":"Izv\u0113lies burtu, ciparu un speci\u0101lo rakstz\u012bmju kombin\u0101ciju.","change_your_password":"Nomain\u012bt paroli","update_your_password":"Atjaunin\u0101t paroli","sign_in_with_password":"Pierakst\u012bties, izmantojot paroli"},"toasts_content":{"please_enter_a_valid_email_address":"L\u016bdzu, ievadi pareizu e-pasta adresi","please_enter_your_email_address":"L\u016bdzu, ievadi savu e-pasta adresi","please_enter_your_password":"L\u016bdzu, ievadi savu paroli","please_enter_your_new_password":"L\u016bdzu, ievadi jauno paroli","redirecting_you_to_the_app":"Notiek novirz\u012b\u0161ana uz lietotni\u2026","something_went_wrong":"Rad\u0101s k\u013c\u016bda.","oops":"Atvaino!","sign_in":"Pierakst\u012bties","password_updated":"Parole atjaunin\u0101ta","password_reset":"Paroles atiestat\u012b\u0161ana","sent_email_with_link_to_reset_password":"Nos\u016bt\u012bj\u0101m tev e-pasta zi\u0146ojumu ar saiti paroles atiestat\u012b\u0161anai. Vari aizv\u0113rt \u0161o logu","password_6_characters":"Parolei j\u0101sast\u0101v no vismaz 6\u00a0rakstz\u012bm\u0113m.","password_characters_format":"Parolei j\u0101sast\u0101v no vismaz viena burta, viena cipara un vienas \u012bpa\u0161\u0101s rakstz\u012bmes"},"do_you_have_questions_about_your_reservation":"Vai tev ir jaut\u0101jumi par rezerv\u0101ciju?","identity_verification_status":"Identit\u0101tes p\u0101rbaudes statuss","if_your_status_is_not_verified_be_sure_to_contact_the_travel_team_through_the_help_center":"<p>Ja tavs statuss nav <strong>P\u0101rbaud\u012bts<\/strong>, noteikti sazinies ar par ce\u013co\u0161anu atbild\u012bgo komandu, izmantojot Pal\u012bdz\u012bbas centru.<\/p>","reservation_status":"Rezerv\u0101cijas statuss","if_your_status_is_not_booked_it_means_there_was_a_problem_with_your_identity_verification_or_there_is_an_error_with_your_reservation_be_sure_to_contact_the_travel_team_via_the_center_help":"<p>Ja tavs statuss nav <strong>Rezerv\u0113ts<\/strong>, tas noz\u012bm\u0113, ka rad\u0101s probl\u0113ma ar tavu identit\u0101tes p\u0101rbaudi vai ar rezerv\u0101ciju saist\u012bta k\u013c\u016bda, sazinies ar par ce\u013co\u0161anu atbild\u012bgo komandu, izmantojot Pal\u012bdz\u012bbas centru.<\/p>","fix_booking_status":"Fiks\u0113t\u0101s ce\u013co\u0161anas rezerv\u0101cijas statuss","if_your_status_is_not_registered_it_means_there_was_a_problem_with_your_identity_verification_or_there_is_an_error_with_your_reservation_be_sure_to_contact_the_travel_team_via_the_center_help":"<p>Ja tavs statuss nav <strong>Re\u0123istr\u0113ts<\/strong>, tas noz\u012bm\u0113, ka ir radusies probl\u0113ma ar tavu identit\u0101tes p\u0101rbaudi vai ir radusies k\u013c\u016bda rezerv\u0101cij\u0101. Sazinies ar par ce\u013co\u0161anu atbild\u012bgo komandu, izmantojot Pal\u012bdz\u012bbas centru.<\/p>","discovereu_travel_app_account_2":"DiscoverEU Travel App konts *","interrail_pass_2":"Interrail Pass","identification":{"your_informations":"Tava inform\u0101cija","personal_data":"Personas dati","first_name":"V\u0101rds","last_name":"Uzv\u0101rds","date_of_birth":"Dzim\u0161anas datums","email":"E-pasts","ticket_type":"Bi\u013cetes veids","document_country":"Dokumenta valsts","statuses":"Statusi","document_verification":"Dokumenta verifik\u0101cija","booking_status":"Rezerv\u0101cijas statuss","discovereu_travel_app_account":"DiscoverEU Travel App konts","interrail_pass":"DiscoverEU Pass"}},"yoast_head":"<!-- This site is optimized with the Yoast SEO plugin v21.9.1 - https:\/\/yoast.com\/wordpress\/plugins\/seo\/ -->\n<title>Profile - DiscoverEU<\/title>\n<meta name=\"robots\" content=\"index, follow, max-snippet:-1, max-image-preview:large, max-video-preview:-1\" \/>\n<link rel=\"canonical\" href=\"https:\/\/www.start-discover.eu\/lv\/profile\" \/>\n<meta property=\"og:locale\" content=\"lv_LV\" \/>\n<meta property=\"og:type\" content=\"article\" \/>\n<meta property=\"og:title\" content=\"Profile - DiscoverEU\" \/>\n<meta property=\"og:url\" content=\"https:\/\/www.start-discover.eu\/lv\/profile\" \/>\n<meta property=\"og:site_name\" content=\"DiscoverEU\" \/>\n<meta property=\"article:modified_time\" content=\"2026-03-30T08:24:05+00:00\" \/>\n<meta property=\"og:image\" content=\"https:\/\/www.start-discover.eu\/app\/uploads\/2024\/07\/DEU-logo-1-scaled.jpg\" \/>\n\t<meta property=\"og:image:width\" content=\"2560\" \/>\n\t<meta property=\"og:image:height\" content=\"1440\" \/>\n\t<meta property=\"og:image:type\" content=\"image\/jpeg\" \/>\n<meta name=\"twitter:card\" content=\"summary_large_image\" \/>\n<script type=\"application\/ld+json\" class=\"yoast-schema-graph\">{\"@context\":\"https:\/\/schema.org\",\"@graph\":[{\"@type\":\"WebPage\",\"@id\":\"https:\/\/www.start-discover.eu\/lv\/profile\",\"url\":\"https:\/\/www.start-discover.eu\/lv\/profile\",\"name\":\"Profile - DiscoverEU\",\"isPartOf\":{\"@id\":\"https:\/\/www.start-discover.eu\/lv#website\"},\"datePublished\":\"2023-11-13T18:49:23+00:00\",\"dateModified\":\"2026-03-30T08:24:05+00:00\",\"breadcrumb\":{\"@id\":\"https:\/\/www.start-discover.eu\/lv\/profile#breadcrumb\"},\"inLanguage\":\"lv-LV\",\"potentialAction\":[{\"@type\":\"ReadAction\",\"target\":[\"https:\/\/www.start-discover.eu\/lv\/profile\"]}]},{\"@type\":\"BreadcrumbList\",\"@id\":\"https:\/\/www.start-discover.eu\/lv\/profile#breadcrumb\",\"itemListElement\":[{\"@type\":\"ListItem\",\"position\":1,\"name\":\"Home\",\"item\":\"https:\/\/www.start-discover.eu\/lv\"},{\"@type\":\"ListItem\",\"position\":2,\"name\":\"Profile\"}]},{\"@type\":\"WebSite\",\"@id\":\"https:\/\/www.start-discover.eu\/lv#website\",\"url\":\"https:\/\/www.start-discover.eu\/lv\",\"name\":\"DiscoverEU\",\"description\":\"\",\"publisher\":{\"@id\":\"https:\/\/www.start-discover.eu\/lv#organization\"},\"potentialAction\":[{\"@type\":\"SearchAction\",\"target\":{\"@type\":\"EntryPoint\",\"urlTemplate\":\"https:\/\/www.start-discover.eu\/lv?s={search_term_string}\"},\"query-input\":\"required name=search_term_string\"}],\"inLanguage\":\"lv-LV\"},{\"@type\":\"Organization\",\"@id\":\"https:\/\/www.start-discover.eu\/lv#organization\",\"name\":\"DiscoverEU\",\"url\":\"https:\/\/www.start-discover.eu\/lv\",\"logo\":{\"@type\":\"ImageObject\",\"inLanguage\":\"lv-LV\",\"@id\":\"https:\/\/www.start-discover.eu\/lv#\/schema\/logo\/image\/\",\"url\":\"https:\/\/www.start-discover.eu\/app\/uploads\/2024\/07\/DEU-logo-696x696-1-scaled.jpg\",\"contentUrl\":\"https:\/\/www.start-discover.eu\/app\/uploads\/2024\/07\/DEU-logo-696x696-1-scaled.jpg\",\"width\":2560,\"height\":2560,\"caption\":\"DiscoverEU\"},\"image\":{\"@id\":\"https:\/\/www.start-discover.eu\/lv#\/schema\/logo\/image\/\"}}]}<\/script>\n<!-- \/ Yoast SEO plugin. -->","yoast_head_json":{"title":"Profile - DiscoverEU","robots":{"index":"index","follow":"follow","max-snippet":"max-snippet:-1","max-image-preview":"max-image-preview:large","max-video-preview":"max-video-preview:-1"},"canonical":"https:\/\/www.start-discover.eu\/lv\/profile","og_locale":"lv_LV","og_type":"article","og_title":"Profile - DiscoverEU","og_url":"https:\/\/www.start-discover.eu\/lv\/profile","og_site_name":"DiscoverEU","article_modified_time":"2026-03-30T08:24:05+00:00","og_image":[{"width":2560,"height":1440,"url":"https:\/\/www.start-discover.eu\/app\/uploads\/2024\/07\/DEU-logo-1-scaled.jpg","type":"image\/jpeg"}],"twitter_card":"summary_large_image","schema":{"@context":"https:\/\/schema.org","@graph":[{"@type":"WebPage","@id":"https:\/\/www.start-discover.eu\/lv\/profile","url":"https:\/\/www.start-discover.eu\/lv\/profile","name":"Profile - DiscoverEU","isPartOf":{"@id":"https:\/\/www.start-discover.eu\/lv#website"},"datePublished":"2023-11-13T18:49:23+00:00","dateModified":"2026-03-30T08:24:05+00:00","breadcrumb":{"@id":"https:\/\/www.start-discover.eu\/lv\/profile#breadcrumb"},"inLanguage":"lv-LV","potentialAction":[{"@type":"ReadAction","target":["https:\/\/www.start-discover.eu\/lv\/profile"]}]},{"@type":"BreadcrumbList","@id":"https:\/\/www.start-discover.eu\/lv\/profile#breadcrumb","itemListElement":[{"@type":"ListItem","position":1,"name":"Home","item":"https:\/\/www.start-discover.eu\/lv"},{"@type":"ListItem","position":2,"name":"Profile"}]},{"@type":"WebSite","@id":"https:\/\/www.start-discover.eu\/lv#website","url":"https:\/\/www.start-discover.eu\/lv","name":"DiscoverEU","description":"","publisher":{"@id":"https:\/\/www.start-discover.eu\/lv#organization"},"potentialAction":[{"@type":"SearchAction","target":{"@type":"EntryPoint","urlTemplate":"https:\/\/www.start-discover.eu\/lv?s={search_term_string}"},"query-input":"required name=search_term_string"}],"inLanguage":"lv-LV"},{"@type":"Organization","@id":"https:\/\/www.start-discover.eu\/lv#organization","name":"DiscoverEU","url":"https:\/\/www.start-discover.eu\/lv","logo":{"@type":"ImageObject","inLanguage":"lv-LV","@id":"https:\/\/www.start-discover.eu\/lv#\/schema\/logo\/image\/","url":"https:\/\/www.start-discover.eu\/app\/uploads\/2024\/07\/DEU-logo-696x696-1-scaled.jpg","contentUrl":"https:\/\/www.start-discover.eu\/app\/uploads\/2024\/07\/DEU-logo-696x696-1-scaled.jpg","width":2560,"height":2560,"caption":"DiscoverEU"},"image":{"@id":"https:\/\/www.start-discover.eu\/lv#\/schema\/logo\/image\/"}}]}},"_links":{"self":[{"href":"https:\/\/www.start-discover.eu\/lv\/wp-json\/wp\/v2\/pages\/1855"}],"collection":[{"href":"https:\/\/www.start-discover.eu\/lv\/wp-json\/wp\/v2\/pages"}],"about":[{"href":"https:\/\/www.start-discover.eu\/lv\/wp-json\/wp\/v2\/types\/page"}],"author":[{"embeddable":true,"href":"https:\/\/www.start-discover.eu\/lv\/wp-json\/wp\/v2\/users\/2"}],"replies":[{"embeddable":true,"href":"https:\/\/www.start-discover.eu\/lv\/wp-json\/wp\/v2\/comments?post=1855"}],"version-history":[{"count":9,"href":"https:\/\/www.start-discover.eu\/lv\/wp-json\/wp\/v2\/pages\/1855\/revisions"}],"predecessor-version":[{"id":5527,"href":"https:\/\/www.start-discover.eu\/lv\/wp-json\/wp\/v2\/pages\/1855\/revisions\/5527"}],"wp:attachment":[{"href":"https:\/\/www.start-discover.eu\/lv\/wp-json\/wp\/v2\/media?parent=1855"}],"curies":[{"name":"wp","href":"https:\/\/api.w.org\/{rel}","templated":true}]}}