{"id":1959,"date":"2023-10-18T14:11:14","date_gmt":"2023-10-18T14:11:14","guid":{"rendered":"https:\/\/v2.start-discover.eu\/get-started"},"modified":"2026-01-02T15:15:02","modified_gmt":"2026-01-02T15:15:02","slug":"get-started","status":"publish","type":"page","link":"https:\/\/www.start-discover.eu\/lt\/get-started","title":{"rendered":"Get started"},"content":{"rendered":"","protected":false},"excerpt":{"rendered":"","protected":false},"author":10,"featured_media":0,"parent":0,"menu_order":0,"comment_status":"closed","ping_status":"closed","template":"","meta":{"footnotes":""},"acf":{"description":"<h1>Kaip <span style=\"color: #f0679b;\">u\u017esakyti<\/span>?<\/h1>\r\n<p>Kai pateiksi u\u017esakymo form\u0105, sukursime tavo paskyr\u0105. Vis\u0105 informacij\u0105 gausi el. pa\u0161tu. Paskyra leis tau naudotis program\u0117le DiscoverEU Travel, kurioje matysi traukini\u0173 reisus ir tvarkara\u0161\u010dius, kad gal\u0117tum suplanuoti savo kelion\u0119, savo DiscoverEU EYCA kortele, kuri suteiks t\u016bkstan\u010dius nuolaid\u0173 visoje Europoje, ir prisijungti prie DiscoverEU bendruomen\u0117s, kurioje gal\u0117si dalintis \u012fsp\u016bd\u017eiais su kitais keliautojais. Savo DiscoverEU pas\u0105 rasi tiesiogiai program\u0117l\u0117je.<\/p>","steps_process":[{"title":"Atsidaryk u\u017esakymo form\u0105","description":"<p>Atidaryk savo asmenin\u0119 rezervacijos nuorod\u0105 (atsi\u0173st\u0105 tau el. pa\u0161tu <strong>hello@start-discover.eu<\/strong>)<\/p>"},{"title":"Patvirtink savo tapatyb\u0119","description":"<p>Pildydamas u\u017esakymo form\u0105 tur\u0117si patvirtinti savo tapatyb\u0119.<\/p>"},{"title":"Pateik u\u017esakymo form\u0105","description":"<p>Visk\u0105 u\u017epild\u0119s pateik u\u017esakymo form\u0105<\/p>"}],"title_start_process":"Kaip prad\u0117ti u\u017esakymo proces\u0105?","image_start_process":1960,"description_start_process":"<p><strong>Gavai (arba gausi) kvietim\u0105 el. pa\u0161tu su asmenine u\u017esakymo formos nuoroda.<\/strong><\/p>\r\n<p>Norint u\u017ebaigti kelion\u0117s rezervacij\u0105, reik\u0117s suplanuoti kelet\u0105 dalyk\u0173. Svarbiausia \u2013 tur\u0117ti paruo\u0161t\u0105 asmens tapatyb\u0117s kortel\u0119 arba pas\u0105, kad gal\u0117tum patvirtinti savo tapatyb\u0119.<\/p>\r\n<div>\r\n<p>Pildant kelion\u0117s rezervacijos form\u0105, tam tikra informacija jau bus i\u0161 anksto u\u017epildyta, remiantis duomenimis, kuriuos gavome i\u0161 tavo tapatyb\u0117s patvirtinimo proceso. I\u0161 anksto u\u017epildyta informacija apima:<\/p>\r\n<ul>\r\n\t<li>El. pa\u0161to adres\u0105<\/li>\r\n\t<li>Parai\u0161kos kod\u0105<\/li>\r\n\t<li>Vard\u0105<\/li>\r\n\t<li>Pavard\u0119<\/li>\r\n\t<li>Gimimo dat\u0105<\/li>\r\n\t<li>\u0160al\u012f, i\u0161davusi\u0105 asmens dokument\u0105\/pas\u0105<\/li>\r\n<\/ul>\r\n<\/div>\r\n<p><strong>Nori daugiau informacijos?<\/strong><br \/>\r\nEik \u012f pagalbos centr\u0105 ir su\u017einok atsakymus \u012f da\u017eniausiai u\u017eduodamus klausimus.<\/p>","link_start_process":{"title":"Eiti \u012f pagalbos centr\u0105","url":"https:\/\/help.start-discover.eu\/","target":"_blank"},"title":"Viskas, k\u0105 reikia \u017einoti apie DiscoverEU pas\u0105","flexible_travel":{"title_flexible":"-","sub_title":"DiscoverEU Interrail pasas","paragraph":"Va\u017eiuok ten, kur nori\r\n","flexible_option":[{"icon":2226,"title":"Keliauk be i\u0161ankstini\u0173 dat\u0173 ir kelion\u0117s viet\u0173","paragraph":"<p>Patvirtink savo Interrail Mobile pas\u0105, o v\u0117liau susipa\u017eink su galimyb\u0117mis.<br \/>\r\n\u0160iuo pasu gal\u0117si naudotis per program\u0117l\u0119 DiscoverEU Travel.<br \/>\r\nPas\u0105 gali aktyvuoti prie\u0161 pat kelion\u0117s prad\u017ei\u0105.<br \/>\r\nKelion\u0117s metu planuok tolesnius veiksmus, keisk kelion\u0117s krypt\u012f ir leisk jai vesti tave.<\/p>","important":false},{"icon":2228,"title":"Keliauk traukiniais 7 dienas per m\u0117nes\u012f","paragraph":"<p>Pas\u0105 gali naudoti iki 7 pasirinkt\u0173 dien\u0173 per 1 m\u0117nesio laikotarp\u012f. 1 m\u0117n. laikotarpiu keliauk norimomis dienomis i\u0161 eil\u0117s ar konkre\u010diomis dienomis.<br \/>\r\nVisk\u0105 gali suplanuoti program\u0117l\u0117je DiscoverEU Travel.<br \/>\r\n<br \/>\r\n<\/p>","important":false},{"icon":543,"title":"Keliaukite vieni arba su grupe","paragraph":"<p>Tik nuo j\u016bs\u0173 priklauso, ar keliausite vieni, ar grup\u0117je.<br \/>\r\nTaikdami pra\u0161ym\u0105 \u012f \u201eDiscoverEU\u201c galite pasirinkti, su kuo keliausite, ir pakeisti \u0161i\u0105 informacij\u0105 \u012fpus\u0117jus kelionei.<br \/>\r\nJei keliausite grup\u0117je, kiekvienas grup\u0117s narys tur\u0117s savo biliet\u0105.<\/p>","important":false},{"icon":487,"title":"Kelion\u0117 gyvenamojoje \u0161alyje","paragraph":"<p>Savo gyvenamojoje \u0161alyje pas\u0105 gali naudoti tik dviem kelion\u0117m (kelionei i\u0161 \u0161alies ir \u012f \u0161al\u012f).<br \/>\r\nSavo gyvenamojoje \u0161alyje gali keliauti i\u0161 bet kurios vietos iki \u0161alies sienos, oro ar j\u016br\u0173 uosto, gali keliauti keliais traukiniais (tik jei jos vyksta t\u0105 pa\u010di\u0105 dien\u0105).<\/p>","important":false},{"icon":459,"title":"Keliauk norimu grei\u010diu","paragraph":"<p>Pasas leid\u017eia ilgiau pab\u016bti norimame mieste arba i\u0161va\u017eiuoti anks\u010diau, nei planavai.<br \/>\r\nKelion\u0117s met\u0173 susiduri su nesklandumais, pavyzd\u017eiui, traukinys v\u0117luoja ar buvo at\u0161auktas?<br \/>\r\nGali s\u0117sti \u012f kit\u0105 traukin\u012f arba pakeisti mar\u0161rut\u0105.<\/p>","important":false},{"icon":599,"title":"Svarbu \u017einoti","paragraph":"<p>Prie\u0161 s\u0117sdamas \u012f traukin\u012f, autobus\u0105 ar laiv\u0105, kelion\u0119 turi pasi\u017eym\u0117ti program\u0117l\u0117je DiscoverEU Travel, skiltyje \u201eMy Trip\u201c ir \u012ftraukti j\u0105 \u012f savo Interrail pas\u0105.<br \/>\r\nKai kuri\u0173 tolimojo susisiekimo traukini\u0173 atveju turi u\u017esisakyti viet\u0105 i\u0161 anksto.<\/p>","important":true}]},"fixed_travel":{"title":"Fiksuota kelion\u0117","sub_title":"Bilietai i\u0161 vieno ta\u0161ko \u012f kit\u0105","paragraph":"Fiksuotas variantas \u2013 mar\u0161ruto keisti negalima.\r\n","fixed_option":[{"icon":2227,"title":"Kelion\u0117 \u012f i\u0161 anksto numatytas vietas","paragraph":"<p>Prie\u0161 patvirtindamas bilietus, gerai suplanuok savo kelion\u0119.<br \/>\r\nMar\u0161rutas bus u\u017esakytas su bilietais i\u0161 vieno ta\u0161ko \u012f kit\u0105, jo keisti negal\u0117si.<\/p>","important":false},{"icon":2229,"title":"Keliauk pagal sudaryt\u0105 plan\u0105","paragraph":"<p>\u017dinai, kada nori keliauti.<br \/>\r\n\u017dinai kelion\u0117s datas, turi fiksuot\u0105 mar\u0161rut\u0105 ir esi pasiruo\u0161\u0119s keliauti konkre\u010di\u0105 dat\u0105 konkre\u010diu traukiniu.<\/p>","important":false},{"icon":571,"title":"Keliauk su grupe","paragraph":"<p>Grupe gal\u0117s keliauti tik tie, kurie galimyb\u0119 keliauti gavo kaip grup\u0117.<br \/>\r\nJei nori keliauti su grupe, visi grup\u0117s nariai turi u\u017epildyti kelion\u0117s u\u017esakymo form\u0105.<\/p>","important":false},{"icon":487,"title":"Kelion\u0117 gyvenamojoje \u0161alyje","paragraph":"<p>Kelion\u0117s i\u0161 \u0161alies ir \u012f \u0161al\u012f bus u\u017esakytos kaip bilietai i\u0161 vieno ta\u0161ko \u012f kit\u0105.<br \/>\r\nGali keliauti keliais traukiniais, ta\u010diau pirma atvykimo vieta yra u\u017esienyje.<\/p>","important":false},{"icon":515,"title":"Kelion\u0117s keitimai","paragraph":"<p>Bilietai bus u\u017esakyti \u012f konkret\u0173 traukin\u012f, kelion\u0117s nebus galima keisti.<br \/>\r\nEuropos Komisija nepadengs joki\u0173 kelion\u0117s metu patirt\u0173 rezervacijos papildym\u0173, keitim\u0173 ar kit\u0173 i\u0161laid\u0173.<\/p>","important":false},{"icon":599,"title":"Svarbu \u017einoti","paragraph":"<p>Keliauti i\u0161 ta\u0161ko \u012f ta\u0161k\u0105 galima tik traukiniais, kuri\u0173 bilietus galima u\u017esakyti internetu. At\u0161aukus ar nuk\u0117lus kelion\u0119, keliautojas turi kreiptis tiesiai \u012f transporto \u012fmon\u0119.<br \/>\r\nSu\u017einok apie ES keleivi\u0173 teises \u010dia.<\/p>","important":true}]},"link_travel_option":{"title":"Noriu \u012f pagalbos centr\u0105","url":"https:\/\/help.start-discover.eu\/","target":"_blank"}},"yoast_head":"<!-- This site is optimized with the Yoast SEO plugin v21.9.1 - https:\/\/yoast.com\/wordpress\/plugins\/seo\/ -->\n<title>Get started - DiscoverEU<\/title>\n<meta name=\"robots\" content=\"index, follow, max-snippet:-1, max-image-preview:large, max-video-preview:-1\" \/>\n<link rel=\"canonical\" href=\"https:\/\/www.start-discover.eu\/lt\/get-started\" \/>\n<meta property=\"og:locale\" content=\"lt_LT\" \/>\n<meta property=\"og:type\" content=\"article\" \/>\n<meta property=\"og:title\" content=\"Get started - DiscoverEU\" \/>\n<meta property=\"og:url\" content=\"https:\/\/www.start-discover.eu\/lt\/get-started\" \/>\n<meta property=\"og:site_name\" content=\"DiscoverEU\" \/>\n<meta property=\"article:modified_time\" content=\"2026-01-02T15:15:02+00:00\" \/>\n<meta property=\"og:image\" content=\"https:\/\/www.start-discover.eu\/app\/uploads\/2024\/07\/DEU-logo-1-scaled.jpg\" \/>\n\t<meta property=\"og:image:width\" content=\"2560\" \/>\n\t<meta property=\"og:image:height\" content=\"1440\" \/>\n\t<meta property=\"og:image:type\" content=\"image\/jpeg\" \/>\n<meta name=\"twitter:card\" content=\"summary_large_image\" \/>\n<script type=\"application\/ld+json\" class=\"yoast-schema-graph\">{\"@context\":\"https:\/\/schema.org\",\"@graph\":[{\"@type\":\"WebPage\",\"@id\":\"https:\/\/www.start-discover.eu\/lt\/get-started\",\"url\":\"https:\/\/www.start-discover.eu\/lt\/get-started\",\"name\":\"Get started - DiscoverEU\",\"isPartOf\":{\"@id\":\"https:\/\/www.start-discover.eu\/lt#website\"},\"datePublished\":\"2023-10-18T14:11:14+00:00\",\"dateModified\":\"2026-01-02T15:15:02+00:00\",\"breadcrumb\":{\"@id\":\"https:\/\/www.start-discover.eu\/lt\/get-started#breadcrumb\"},\"inLanguage\":\"lt-LT\",\"potentialAction\":[{\"@type\":\"ReadAction\",\"target\":[\"https:\/\/www.start-discover.eu\/lt\/get-started\"]}]},{\"@type\":\"BreadcrumbList\",\"@id\":\"https:\/\/www.start-discover.eu\/lt\/get-started#breadcrumb\",\"itemListElement\":[{\"@type\":\"ListItem\",\"position\":1,\"name\":\"Home\",\"item\":\"https:\/\/www.start-discover.eu\/lt\"},{\"@type\":\"ListItem\",\"position\":2,\"name\":\"Get started\"}]},{\"@type\":\"WebSite\",\"@id\":\"https:\/\/www.start-discover.eu\/lt#website\",\"url\":\"https:\/\/www.start-discover.eu\/lt\",\"name\":\"DiscoverEU\",\"description\":\"\",\"publisher\":{\"@id\":\"https:\/\/www.start-discover.eu\/lt#organization\"},\"potentialAction\":[{\"@type\":\"SearchAction\",\"target\":{\"@type\":\"EntryPoint\",\"urlTemplate\":\"https:\/\/www.start-discover.eu\/lt?s={search_term_string}\"},\"query-input\":\"required name=search_term_string\"}],\"inLanguage\":\"lt-LT\"},{\"@type\":\"Organization\",\"@id\":\"https:\/\/www.start-discover.eu\/lt#organization\",\"name\":\"DiscoverEU\",\"url\":\"https:\/\/www.start-discover.eu\/lt\",\"logo\":{\"@type\":\"ImageObject\",\"inLanguage\":\"lt-LT\",\"@id\":\"https:\/\/www.start-discover.eu\/lt#\/schema\/logo\/image\/\",\"url\":\"https:\/\/www.start-discover.eu\/app\/uploads\/2024\/07\/DEU-logo-696x696-1-scaled.jpg\",\"contentUrl\":\"https:\/\/www.start-discover.eu\/app\/uploads\/2024\/07\/DEU-logo-696x696-1-scaled.jpg\",\"width\":2560,\"height\":2560,\"caption\":\"DiscoverEU\"},\"image\":{\"@id\":\"https:\/\/www.start-discover.eu\/lt#\/schema\/logo\/image\/\"}}]}<\/script>\n<!-- \/ Yoast SEO plugin. -->","yoast_head_json":{"title":"Get started - DiscoverEU","robots":{"index":"index","follow":"follow","max-snippet":"max-snippet:-1","max-image-preview":"max-image-preview:large","max-video-preview":"max-video-preview:-1"},"canonical":"https:\/\/www.start-discover.eu\/lt\/get-started","og_locale":"lt_LT","og_type":"article","og_title":"Get started - DiscoverEU","og_url":"https:\/\/www.start-discover.eu\/lt\/get-started","og_site_name":"DiscoverEU","article_modified_time":"2026-01-02T15:15:02+00:00","og_image":[{"width":2560,"height":1440,"url":"https:\/\/www.start-discover.eu\/app\/uploads\/2024\/07\/DEU-logo-1-scaled.jpg","type":"image\/jpeg"}],"twitter_card":"summary_large_image","schema":{"@context":"https:\/\/schema.org","@graph":[{"@type":"WebPage","@id":"https:\/\/www.start-discover.eu\/lt\/get-started","url":"https:\/\/www.start-discover.eu\/lt\/get-started","name":"Get started - DiscoverEU","isPartOf":{"@id":"https:\/\/www.start-discover.eu\/lt#website"},"datePublished":"2023-10-18T14:11:14+00:00","dateModified":"2026-01-02T15:15:02+00:00","breadcrumb":{"@id":"https:\/\/www.start-discover.eu\/lt\/get-started#breadcrumb"},"inLanguage":"lt-LT","potentialAction":[{"@type":"ReadAction","target":["https:\/\/www.start-discover.eu\/lt\/get-started"]}]},{"@type":"BreadcrumbList","@id":"https:\/\/www.start-discover.eu\/lt\/get-started#breadcrumb","itemListElement":[{"@type":"ListItem","position":1,"name":"Home","item":"https:\/\/www.start-discover.eu\/lt"},{"@type":"ListItem","position":2,"name":"Get started"}]},{"@type":"WebSite","@id":"https:\/\/www.start-discover.eu\/lt#website","url":"https:\/\/www.start-discover.eu\/lt","name":"DiscoverEU","description":"","publisher":{"@id":"https:\/\/www.start-discover.eu\/lt#organization"},"potentialAction":[{"@type":"SearchAction","target":{"@type":"EntryPoint","urlTemplate":"https:\/\/www.start-discover.eu\/lt?s={search_term_string}"},"query-input":"required name=search_term_string"}],"inLanguage":"lt-LT"},{"@type":"Organization","@id":"https:\/\/www.start-discover.eu\/lt#organization","name":"DiscoverEU","url":"https:\/\/www.start-discover.eu\/lt","logo":{"@type":"ImageObject","inLanguage":"lt-LT","@id":"https:\/\/www.start-discover.eu\/lt#\/schema\/logo\/image\/","url":"https:\/\/www.start-discover.eu\/app\/uploads\/2024\/07\/DEU-logo-696x696-1-scaled.jpg","contentUrl":"https:\/\/www.start-discover.eu\/app\/uploads\/2024\/07\/DEU-logo-696x696-1-scaled.jpg","width":2560,"height":2560,"caption":"DiscoverEU"},"image":{"@id":"https:\/\/www.start-discover.eu\/lt#\/schema\/logo\/image\/"}}]}},"_links":{"self":[{"href":"https:\/\/www.start-discover.eu\/lt\/wp-json\/wp\/v2\/pages\/1959"}],"collection":[{"href":"https:\/\/www.start-discover.eu\/lt\/wp-json\/wp\/v2\/pages"}],"about":[{"href":"https:\/\/www.start-discover.eu\/lt\/wp-json\/wp\/v2\/types\/page"}],"author":[{"embeddable":true,"href":"https:\/\/www.start-discover.eu\/lt\/wp-json\/wp\/v2\/users\/10"}],"replies":[{"embeddable":true,"href":"https:\/\/www.start-discover.eu\/lt\/wp-json\/wp\/v2\/comments?post=1959"}],"version-history":[{"count":6,"href":"https:\/\/www.start-discover.eu\/lt\/wp-json\/wp\/v2\/pages\/1959\/revisions"}],"predecessor-version":[{"id":4830,"href":"https:\/\/www.start-discover.eu\/lt\/wp-json\/wp\/v2\/pages\/1959\/revisions\/4830"}],"wp:attachment":[{"href":"https:\/\/www.start-discover.eu\/lt\/wp-json\/wp\/v2\/media?parent=1959"}],"curies":[{"name":"wp","href":"https:\/\/api.w.org\/{rel}","templated":true}]}}