{"id":1856,"date":"2023-11-13T18:49:23","date_gmt":"2023-11-13T18:49:23","guid":{"rendered":"https:\/\/v2.start-discover.eu\/profile"},"modified":"2026-03-30T08:24:32","modified_gmt":"2026-03-30T08:24:32","slug":"profile","status":"publish","type":"page","link":"https:\/\/www.start-discover.eu\/lt\/profile","title":{"rendered":"Profile"},"content":{"rendered":"","protected":false},"excerpt":{"rendered":"","protected":false},"author":2,"featured_media":0,"parent":0,"menu_order":0,"comment_status":"closed","ping_status":"closed","template":"","meta":{"footnotes":""},"acf":{"email":"<p>Sveiki, {{firstname}}!<\/p>\r\n<p>A\u010di\u016b, kad u\u017epild\u0117te #DiscoverEU apklaus\u0105.<\/p>\r\n<p>J\u016bs\u0173 Dalyvavimo pa\u017eym\u0117jimas dabar yra prieinamas j\u016bs\u0173 #DiscoverEU profilyje.<\/p>\r\n<p>Jums tiesiog reikia pasiekti savo rezervacijos formos nuorod\u0105, t\u0105, kuri\u0105 naudojote pra\u0161ydami savo #DiscoverEU Pasa (nuoroda prasideda '<a href=\"http:\/\/registrations.start-discover.eu\/\">registrations.start-discover.eu<\/a>') ir paspauskite mygtuk\u0105 \u201cAtsisi\u0173sti j\u016bs\u0173 #DiscoverEU Dalyvavimo pa\u017eym\u0117jim\u0105\u201d.<\/p>\r\n<p>Tikim\u0117s, kad suk\u016br\u0117te ne\u012fkainojamas atmintis!<\/p>\r\n<p>Linkime jums viso geriausio.<\/p>\r\n<p>DiscoverEU Kelioni\u0173 komanda.<\/p>","infobox":{"title":"J\u016bs\u0173 Dalyvavimo pa\u017eym\u0117jimas yra paruo\u0161tas.","textual_content":"Galite j\u012f atsisi\u0173sti paspaud\u0119 mygtuk\u0105 \u017eemiau.","button_label":"Atsisi\u0173sti j\u016bs\u0173 #DiscoverEU Dalyvavimo pa\u017eym\u0117jim\u0105."},"intro":{"title":{"hello_name":"Sveiki,  {{firstname}}.","welcome_on_your_discovereu_profile":"Sveiki apsilank\u0119 savo DiscoverEU profilyje!"},"this_page_gathers_all_the_information_necessary":"\u0160iame puslapyje pateikiama visa j\u016bs\u0173 kelionei reikalinga informacija, duomenys ir registracijos b\u016bsena."},"status_created":{"it_looks_like_you_havent_filled_out_your_booking_form_yet":"Atrodo, kad dar neu\u017epild\u0117te u\u017esakymo formos","dont_wait_too_long_created":"Nelaukite per ilgai\u00a0\u2013 u\u017epildyti reikia iki {{closing_date}}!","go_to_the_booking_form":"Eiti \u012f u\u017esakymo form\u0105"},"requests_and_forms_section":{"visa_form_title":"Pra\u0161ymas i\u0161duoti viz\u0105:","refund_form_title":"Gr\u0105\u017einimo pra\u0161ymas:","visa_form_label":"Pakvietimo lai\u0161ko ir kelion\u0117s draudimo pra\u0161ymo forma","refund_form_label":"Kompensacijos forma","visa_form_processing":"Pra\u0161ymo nagrin\u0117jimas","refund_form_processing":"Pra\u0161ymo nagrin\u0117jimas","visa_form_processed":"Pra\u0161ymas apdorotas","refund_form_processed":"Pra\u0161ymas apdorotas"},"status_initialized":{"it_looks_like_you_havent_finished_filled_out_your_booking_form_yet":"Atrodo, kad dar nebaig\u0117te pildyti u\u017esakymo formos","dont_wait_too_long_initialized":"Nelaukite per ilgai\u00a0\u2013 u\u017epildyti reikia iki {{closing_date}}!","continue_to_complete_your_booking_form":"U\u017epildykite u\u017esakymo form\u0105"},"status_pending":{"your_identity_documents_are_being_checked":"Tikrinami j\u016bs\u0173 tapatyb\u0117s dokumentai","once_your_identity_has_been_verified":"Kai j\u016bs\u0173 tapatyb\u0117 bus patvirtinta, gausite automatin\u012f patvirtinim\u0105 el.\u00a0pa\u0161tu. El.\u00a0lai\u0161ko tema yra \u201eJ\u016bs\u0173 u\u017esakymas patvirtintas\u00a0\u2013 \u0161tai visa kita\u201c, jis siun\u010diamas i\u0161 el.\u00a0pa\u0161to adreso \u201ecustomerservice@interrail.eu\u201c.","tip:_check_your_spam":"Patarimas: patikrinkite \u0161lam\u0161to skyri\u0173","learn_more_about_verifying_my_documents":"Su\u017einokite daugiau apie dokument\u0173 patvirtinim\u0105","learn_more_about_verifying_my_documents_url":"https:\/\/registrations.start-discover.eu\/images\/EU_DiscoverEU_GuideID_en.jpg"},"status_declined_first_try":{"couldnt_verify_identity_documents":"D\u0117mesio: j\u016bs\u0173 u\u017esakymo forma dar n\u0117ra u\u017epildyta","submitting_documents_a_second_time":"Dokumentai, kuriuos pateik\u0117te savo tapatybei patvirtinti, nepriimti. Galite pabandyti pateikti juos pakartotinai.","back_to_submission_step":"Gr\u012f\u017eti \u012f pateikimo etap\u0105","warning_can_only_submit_documents_twice":"\u012esp\u0117jimas: dokumentus galite pateikti tik du kartus."},"status_declined_second_try":{"identity_documents_could_not_be_verified_twice":"D\u0117mesio: j\u016bs\u0173 u\u017esakymo forma dar n\u0117ra u\u017epildyta","not_accepted_for_the_second_time":"Dokumentai, kuriuos pateik\u0117te savo tapatybei patvirtinti, nepriimti ir antr\u0105j\u012f kart\u0105. Susisiekite su mumis, kad \u0161i problema b\u016bt\u0173 i\u0161spr\u0119sta."},"status_success":{"flex_stnd":{"congratulations_your_reservation_is_completed_and_validated":"Sveikiname, j\u016bs\u0173 u\u017esakymo forma yra u\u017epildyta ir patvirtinta!","your_pass_is_available_in_your_email":"<p>J\u016bs\u0173 bilietas buvo i\u0161si\u0173stas \u012f j\u016bs\u0173 el. pa\u0161t\u0105. Jei jo nematote, patikrinkite savo \u0161iuk\u0161li\u0173 aplank\u0105. Jei jo vis tiek n\u0117ra, susisiekite su kelioni\u0173 komanda per \u201ePateikti u\u017eklaus\u0105\u201c puslap\u012f <a href=\"https:\/\/discovereu-wave6.zendesk.com\/hc\/en-gb\/requests\/new\"><b>Pagalbos centre<\/b><\/a>.<\/p>"},"flex_ovs":{"congratulations_your_reservation_is_completed_and_validated":"Sveikiname, j\u016bs\u0173 u\u017esakymas baigtas ir patvirtintas!","the_travel_team_will_contact_you_three_months_before_your_departure_date_to_book_your_flights":"Jums skirtas terminuotas bilietas i\u0161si\u0173stas jums el.\u00a0pa\u0161tu. Jei nieko negavote, patikrinkite \u0161lam\u0161to skyrel\u012f. Kitu atveju b\u016btinai susisiekite su Kelioni\u0173 komanda Pagalbos centro puslapyje Pateikti u\u017eklaus\u0105. Kelioni\u0173 komanda susisieks su jumis likus trims m\u0117nesiams iki i\u0161vykimo dienos, kad u\u017esakyt\u0173 jums skryd\u017eius."},"fix_stnd":{"congratulations_your_reservation_is_completed_and_validated":"Sveikiname, j\u016bs\u0173 u\u017esakymas baigtas ir patvirtintas!","the_travel_team_will_contact_you_three_months_before_your_departure_date_to_book_your_fix_trip":"Kelioni\u0173 komanda susisieks su jumis likus trims m\u0117nesiams iki i\u0161vykimo datos, kad u\u017esakyt\u0173 jums FIX tipo kelion\u0119."},"fix_ovs":{"congratulations_your_reservation_is_completed_and_validated":"Sveikiname, j\u016bs\u0173 u\u017esakymas baigtas ir patvirtintas!","the_travel_team_will_contact_you_three_months_before_your_departure_date_to_book_your_flights":"Kelioni\u0173 komanda susisieks su jumis likus trims m\u0117nesiams iki i\u0161vykimo dienos, kad u\u017esakyt\u0173 jums skryd\u017eius ir FIX kelion\u0119."}},"status_accessibility":{"booking_form_completed":"J\u016bs\u0173 u\u017esakymo forma u\u017epildyta.","flex_pass_will_be_issued_only_if_you_have_any_accessibility_needs":"Tur\u0117tum\u0117te b\u016bti gav\u0119 elektronin\u012f lai\u0161k\u0105 d\u0117l j\u016bs\u0173 prieinamumo poreiki\u0173. Pra\u0161ome atsakyti kelioni\u0173 komandai per kontaktin\u0119 form\u0105, kad gal\u0117tume i\u0161duoti j\u016bs\u0173 \u201eDiscoverEU Pass\u201c biliet\u0105."},"discovereu_community_section":{"discovereu_community":"DiscoverEU bendruomen\u0117","looking_to_make_the_most_of_your_exciting_journey":"<p>Norite kuo geriau praleisti laik\u0105 \u012fdomioje kelion\u0117je pa\u017eindami Europ\u0105? \u0160i DiscoverEU bendruomen\u0117s erdv\u0117 skirta tam, kad gal\u0117tum\u0117te susiburti, susitikti su naujais \u017emon\u0117mis, aptarti savo kelioni\u0173 planus ir jais pasidalyti, u\u017emegzti draugystes ir rasti \u012fkv\u0117pimo visapusi\u0161kai m\u0117gautis sav\u0105ja DiscoverEU kelione!<\/p>","join_the_#discovereu_community_label":"PRISIJUNKITE prie #DiscoverEU bendruomen\u0117s*","join_the_#discovereu_community_url":"https:\/\/discovereucommunity.interrail.eu\/","accessible_through_the_discovereu_travel_app":"*pasiekiama per DiscoverEU kelioni\u0173 program\u0117l\u0119 arba tiesiogiai naudojant DiscoverEU kelioni\u0173 program\u0117l\u0117s paskyros informacij\u0105"},"european_youth_card_section":{"european_youth_card":"Europos jaunimo kortel\u0117","with_your_discovereu_pass_you_have_won_the_european_youth_card":"<p>Gav\u0119 DiscoverEU biliet\u0105, \u012fgijote ir Europos jaunimo kortel\u0119! Su Europos jaunimo kortele galite gauti nuolaid\u0173 apgyvendinimui, objekt\u0173 lankymui, vietiniam transportui ir dar daug kam. J\u0105 rasite savo DiscoverEU kelioni\u0173 program\u0117l\u0117s skiltyje Daugiau.<\/p>"},"help_centre_articles_section":{"help_centre_articles":"Pagalbos centro straipsniai","you_can_find_below_a_selection_of_articles":"\u017demiau pateikta straipsni\u0173, kurie gali pad\u0117ti jums prad\u0117ti ruo\u0161tis DiscoverEU kelionei.","flex_faq_links":{"how_to_get_started_with_your_interrail_mobile_pass":"How to get started with your Interrail Mobile Pass?","how_to_get_started_with_your_interrail_mobile_pass_url":"https:\/\/discovereu-wave6.zendesk.com\/hc\/en-gb\/articles\/6066864956945-How-to-get-started-with-your-Interrail-Mobile-Pass-","what_are_10_things_you_should_know_about_the_interrail_pass":"What are 10 things you should know about the Interrail Pass?","what_are_10_things_you_should_know_about_the_interrail_pass_url":"https:\/\/discovereu-wave6.zendesk.com\/hc\/en-gb\/articles\/11909290422673-What-are-10-things-you-should-know-about-the-Interrail-Pass-"}},"all_travellers_faq_links":{"travel_tips":"Travel Tips","travel_tips_url":"https:\/\/discovereu-wave6.zendesk.com\/hc\/en-gb\/categories\/5768672491409-Travel-Tips","how_can_i_save_money_while_travelling":"How can I save money while travelling?","how_can_i_save_money_while_travelling_url":"https:\/\/discovereu-wave6.zendesk.com\/hc\/en-gb\/articles\/6066862630929-How-can-I-save-money-while-travelling-","how_to_connect_with_other_discovereu_travellers":"How to connect with other DiscoverEU travellers?","how_to_connect_with_other_discovereu_travellers_url":"https:\/\/discovereu-wave6.zendesk.com\/hc\/en-gb\/articles\/6066910634513-How-to-connect-with-other-DiscoverEU-travellers-","what_is_the_discovereu_european_youth_card":"What is the DiscoverEU European Youth Card?","what_is_the_discovereu_european_youth_card_url":"https:\/\/discovereu-wave6.zendesk.com\/hc\/en-gb\/articles\/6066928796689-What-is-the-DiscoverEU-European-Youth-Card-"},"contact_us":"Kontaktinis asmuo","contact_us_url":"https:\/\/discovereu-wave6.zendesk.com\/hc\/en-gb\/requests\/new","login_items":{"email":"El.\u00a0pa\u0161tas","password":"Slapta\u017eodis","forgotten_password":"Pamir\u0161ote slapta\u017eod\u012f?","modify_password_label":"Pakeisti slapta\u017eod\u012f","login_label":"Prisijungti","log_out_label":"Atsijungti","new_password":"Naujas slapta\u017eodis","confirm_password":"Patvirtinkite slapta\u017eod\u012f","back_to_login":"Gr\u012f\u017eti \u012f prisijungimo puslap\u012f","send_link":"Si\u0173sti nuorod\u0105","your_are_not_firstname":"{{firstname}}\u00a0\u2013 ne j\u016bs?"},"login_content":{"first_password_change":"Saugumo sumetimais pra\u0161ome pakeisti pradin\u012f slapta\u017eod\u012f.","email_for_password_modify":"\u012eveskite el.\u00a0pa\u0161to adres\u0105, kur\u012f naudojate prisijungdami, ir atsi\u0173sime jums nuorod\u0105 slapta\u017eod\u017eiui pakeisti.","strong_password_choice":"Pasirinkite sunk\u0173 slapta\u017eod\u012f.","password_combination_instruction":"Pasirinkite raid\u017ei\u0173, skai\u010di\u0173 ir speciali\u0173j\u0173 simboli\u0173 derin\u012f.","change_your_password":"Pasikeiskite slapta\u017eod\u012f","update_your_password":"Atnaujinkite slapta\u017eod\u012f","sign_in_with_password":"Prisijungti su slapta\u017eod\u017eiu"},"toasts_content":{"please_enter_a_valid_email_address":"\u012eveskite tinkam\u0105 el.\u00a0pa\u0161to adres\u0105","please_enter_your_email_address":"\u012eveskite savo el.\u00a0pa\u0161to adres\u0105","please_enter_your_password":"\u012eveskite savo slapta\u017eod\u012f","please_enter_your_new_password":"\u012eveskite nauj\u0105 slapta\u017eod\u012f","redirecting_you_to_the_app":"Nukreipiame jus \u012f program\u0117l\u0119...","something_went_wrong":"Ka\u017ekas ne taip...","oops":"Oi...","sign_in":"Prisijungti","password_updated":"Slapta\u017eodis atnaujintas","password_reset":"Slapta\u017eod\u017eio pakeitimas","sent_email_with_link_to_reset_password":"I\u0161siunt\u0117me jums el.\u00a0lai\u0161k\u0105 su nuoroda slapta\u017eod\u017eiui pakeisti. Galite u\u017edaryti \u0161\u012f lang\u0105.","password_6_characters":"Slapta\u017eodyje turi b\u016bti bent 6 \u017eenklai","password_characters_format":"Slapta\u017eodyje turi b\u016bti bent viena raid\u0117, vienas skai\u010dius ir vienas specialusis \u017eenklas"},"do_you_have_questions_about_your_reservation":"Ar turite klausim\u0173 apie u\u017esakym\u0105?","identity_verification_status":"Tapatyb\u0117s patvirtinimo b\u016bsena","if_your_status_is_not_verified_be_sure_to_contact_the_travel_team_through_the_help_center":"<p>Jei j\u016bs\u0173 b\u016bsena n\u0117ra <strong>Patvirtinta<\/strong>, b\u016btinai susisiekite su Kelioni\u0173 komanda per Pagalbos centr\u0105.<\/p>","reservation_status":"U\u017esakymo b\u016bsena","if_your_status_is_not_booked_it_means_there_was_a_problem_with_your_identity_verification_or_there_is_an_error_with_your_reservation_be_sure_to_contact_the_travel_team_via_the_center_help":"<p>Jei j\u016bs\u0173 b\u016bsena n\u0117ra <strong>U\u017esakyta<\/strong>, tai rei\u0161kia, kad ka\u017ekas negerai su j\u016bs\u0173 tapatyb\u0117s patvirtinimu arba su pa\u010diu u\u017esakymu\u00a0\u2013 b\u016btinai susisiekite su Kelioni\u0173 komanda per Pagalbos centr\u0105.<\/p>","fix_booking_status":"U\u017esakymo statusas FIX","if_your_status_is_not_registered_it_means_there_was_a_problem_with_your_identity_verification_or_there_is_an_error_with_your_reservation_be_sure_to_contact_the_travel_team_via_the_center_help":"<p>Jei j\u016bs\u0173 b\u016bsena n\u0117ra <strong>U\u017esakyta<\/strong>, tai rei\u0161kia, kad ka\u017ekas negerai su j\u016bs\u0173 tapatyb\u0117s patvirtinimu arba su pa\u010diu u\u017esakymu\u00a0\u2013 b\u016btinai susisiekite su Kelioni\u0173 komanda per Pagalbos centr\u0105.<\/p>","discovereu_travel_app_account_2":"DiscoverEU kelioni\u0173 program\u0117l\u0117s paskyra *","interrail_pass_2":"Interrail terminuotas bilietas","identification":{"your_informations":"J\u016bs\u0173 duomenys","personal_data":"Asmens duomenys","first_name":"Vardas","last_name":"Pavard\u0117","date_of_birth":"Gimimo data","email":"El.\u00a0pa\u0161tas","ticket_type":"Bilieto tipas","document_country":"Dokument\u0105 i\u0161davusi \u0161alis","statuses":"B\u016bsenos","document_verification":"Dokumento patikrinimas","booking_status":"U\u017esakymo statusas","discovereu_travel_app_account":"DiscoverEU kelioni\u0173 program\u0117l\u0117s paskyra","interrail_pass":"DiscoverEU Pass"}},"yoast_head":"<!-- This site is optimized with the Yoast SEO plugin v21.9.1 - https:\/\/yoast.com\/wordpress\/plugins\/seo\/ -->\n<title>Profile - DiscoverEU<\/title>\n<meta name=\"robots\" content=\"index, follow, max-snippet:-1, max-image-preview:large, max-video-preview:-1\" \/>\n<link rel=\"canonical\" href=\"https:\/\/www.start-discover.eu\/lt\/profile\" \/>\n<meta property=\"og:locale\" content=\"lt_LT\" \/>\n<meta property=\"og:type\" content=\"article\" \/>\n<meta property=\"og:title\" content=\"Profile - DiscoverEU\" \/>\n<meta property=\"og:url\" content=\"https:\/\/www.start-discover.eu\/lt\/profile\" \/>\n<meta property=\"og:site_name\" content=\"DiscoverEU\" \/>\n<meta property=\"article:modified_time\" content=\"2026-03-30T08:24:32+00:00\" \/>\n<meta property=\"og:image\" content=\"https:\/\/www.start-discover.eu\/app\/uploads\/2024\/07\/DEU-logo-1-scaled.jpg\" \/>\n\t<meta property=\"og:image:width\" content=\"2560\" \/>\n\t<meta property=\"og:image:height\" content=\"1440\" \/>\n\t<meta property=\"og:image:type\" content=\"image\/jpeg\" \/>\n<meta name=\"twitter:card\" content=\"summary_large_image\" \/>\n<script type=\"application\/ld+json\" class=\"yoast-schema-graph\">{\"@context\":\"https:\/\/schema.org\",\"@graph\":[{\"@type\":\"WebPage\",\"@id\":\"https:\/\/www.start-discover.eu\/lt\/profile\",\"url\":\"https:\/\/www.start-discover.eu\/lt\/profile\",\"name\":\"Profile - DiscoverEU\",\"isPartOf\":{\"@id\":\"https:\/\/www.start-discover.eu\/lt#website\"},\"datePublished\":\"2023-11-13T18:49:23+00:00\",\"dateModified\":\"2026-03-30T08:24:32+00:00\",\"breadcrumb\":{\"@id\":\"https:\/\/www.start-discover.eu\/lt\/profile#breadcrumb\"},\"inLanguage\":\"lt-LT\",\"potentialAction\":[{\"@type\":\"ReadAction\",\"target\":[\"https:\/\/www.start-discover.eu\/lt\/profile\"]}]},{\"@type\":\"BreadcrumbList\",\"@id\":\"https:\/\/www.start-discover.eu\/lt\/profile#breadcrumb\",\"itemListElement\":[{\"@type\":\"ListItem\",\"position\":1,\"name\":\"Home\",\"item\":\"https:\/\/www.start-discover.eu\/lt\"},{\"@type\":\"ListItem\",\"position\":2,\"name\":\"Profile\"}]},{\"@type\":\"WebSite\",\"@id\":\"https:\/\/www.start-discover.eu\/lt#website\",\"url\":\"https:\/\/www.start-discover.eu\/lt\",\"name\":\"DiscoverEU\",\"description\":\"\",\"publisher\":{\"@id\":\"https:\/\/www.start-discover.eu\/lt#organization\"},\"potentialAction\":[{\"@type\":\"SearchAction\",\"target\":{\"@type\":\"EntryPoint\",\"urlTemplate\":\"https:\/\/www.start-discover.eu\/lt?s={search_term_string}\"},\"query-input\":\"required name=search_term_string\"}],\"inLanguage\":\"lt-LT\"},{\"@type\":\"Organization\",\"@id\":\"https:\/\/www.start-discover.eu\/lt#organization\",\"name\":\"DiscoverEU\",\"url\":\"https:\/\/www.start-discover.eu\/lt\",\"logo\":{\"@type\":\"ImageObject\",\"inLanguage\":\"lt-LT\",\"@id\":\"https:\/\/www.start-discover.eu\/lt#\/schema\/logo\/image\/\",\"url\":\"https:\/\/www.start-discover.eu\/app\/uploads\/2024\/07\/DEU-logo-696x696-1-scaled.jpg\",\"contentUrl\":\"https:\/\/www.start-discover.eu\/app\/uploads\/2024\/07\/DEU-logo-696x696-1-scaled.jpg\",\"width\":2560,\"height\":2560,\"caption\":\"DiscoverEU\"},\"image\":{\"@id\":\"https:\/\/www.start-discover.eu\/lt#\/schema\/logo\/image\/\"}}]}<\/script>\n<!-- \/ Yoast SEO plugin. -->","yoast_head_json":{"title":"Profile - DiscoverEU","robots":{"index":"index","follow":"follow","max-snippet":"max-snippet:-1","max-image-preview":"max-image-preview:large","max-video-preview":"max-video-preview:-1"},"canonical":"https:\/\/www.start-discover.eu\/lt\/profile","og_locale":"lt_LT","og_type":"article","og_title":"Profile - DiscoverEU","og_url":"https:\/\/www.start-discover.eu\/lt\/profile","og_site_name":"DiscoverEU","article_modified_time":"2026-03-30T08:24:32+00:00","og_image":[{"width":2560,"height":1440,"url":"https:\/\/www.start-discover.eu\/app\/uploads\/2024\/07\/DEU-logo-1-scaled.jpg","type":"image\/jpeg"}],"twitter_card":"summary_large_image","schema":{"@context":"https:\/\/schema.org","@graph":[{"@type":"WebPage","@id":"https:\/\/www.start-discover.eu\/lt\/profile","url":"https:\/\/www.start-discover.eu\/lt\/profile","name":"Profile - DiscoverEU","isPartOf":{"@id":"https:\/\/www.start-discover.eu\/lt#website"},"datePublished":"2023-11-13T18:49:23+00:00","dateModified":"2026-03-30T08:24:32+00:00","breadcrumb":{"@id":"https:\/\/www.start-discover.eu\/lt\/profile#breadcrumb"},"inLanguage":"lt-LT","potentialAction":[{"@type":"ReadAction","target":["https:\/\/www.start-discover.eu\/lt\/profile"]}]},{"@type":"BreadcrumbList","@id":"https:\/\/www.start-discover.eu\/lt\/profile#breadcrumb","itemListElement":[{"@type":"ListItem","position":1,"name":"Home","item":"https:\/\/www.start-discover.eu\/lt"},{"@type":"ListItem","position":2,"name":"Profile"}]},{"@type":"WebSite","@id":"https:\/\/www.start-discover.eu\/lt#website","url":"https:\/\/www.start-discover.eu\/lt","name":"DiscoverEU","description":"","publisher":{"@id":"https:\/\/www.start-discover.eu\/lt#organization"},"potentialAction":[{"@type":"SearchAction","target":{"@type":"EntryPoint","urlTemplate":"https:\/\/www.start-discover.eu\/lt?s={search_term_string}"},"query-input":"required name=search_term_string"}],"inLanguage":"lt-LT"},{"@type":"Organization","@id":"https:\/\/www.start-discover.eu\/lt#organization","name":"DiscoverEU","url":"https:\/\/www.start-discover.eu\/lt","logo":{"@type":"ImageObject","inLanguage":"lt-LT","@id":"https:\/\/www.start-discover.eu\/lt#\/schema\/logo\/image\/","url":"https:\/\/www.start-discover.eu\/app\/uploads\/2024\/07\/DEU-logo-696x696-1-scaled.jpg","contentUrl":"https:\/\/www.start-discover.eu\/app\/uploads\/2024\/07\/DEU-logo-696x696-1-scaled.jpg","width":2560,"height":2560,"caption":"DiscoverEU"},"image":{"@id":"https:\/\/www.start-discover.eu\/lt#\/schema\/logo\/image\/"}}]}},"_links":{"self":[{"href":"https:\/\/www.start-discover.eu\/lt\/wp-json\/wp\/v2\/pages\/1856"}],"collection":[{"href":"https:\/\/www.start-discover.eu\/lt\/wp-json\/wp\/v2\/pages"}],"about":[{"href":"https:\/\/www.start-discover.eu\/lt\/wp-json\/wp\/v2\/types\/page"}],"author":[{"embeddable":true,"href":"https:\/\/www.start-discover.eu\/lt\/wp-json\/wp\/v2\/users\/2"}],"replies":[{"embeddable":true,"href":"https:\/\/www.start-discover.eu\/lt\/wp-json\/wp\/v2\/comments?post=1856"}],"version-history":[{"count":9,"href":"https:\/\/www.start-discover.eu\/lt\/wp-json\/wp\/v2\/pages\/1856\/revisions"}],"predecessor-version":[{"id":5528,"href":"https:\/\/www.start-discover.eu\/lt\/wp-json\/wp\/v2\/pages\/1856\/revisions\/5528"}],"wp:attachment":[{"href":"https:\/\/www.start-discover.eu\/lt\/wp-json\/wp\/v2\/media?parent=1856"}],"curies":[{"name":"wp","href":"https:\/\/api.w.org\/{rel}","templated":true}]}}