{"id":1955,"date":"2023-10-18T14:11:14","date_gmt":"2023-10-18T14:11:14","guid":{"rendered":"https:\/\/v2.start-discover.eu\/get-started"},"modified":"2026-01-02T15:13:21","modified_gmt":"2026-01-02T15:13:21","slug":"get-started","status":"publish","type":"page","link":"https:\/\/www.start-discover.eu\/it\/get-started","title":{"rendered":"Get started"},"content":{"rendered":"","protected":false},"excerpt":{"rendered":"","protected":false},"author":10,"featured_media":0,"parent":0,"menu_order":0,"comment_status":"closed","ping_status":"closed","template":"","meta":{"footnotes":""},"acf":{"description":"<h1>Quali sono le fasi del processo di <span style=\"color: #f0679b;\">prenotazione<\/span>?<\/h1>\r\n<p>Dopo aver inviato il modulo di prenotazione, creeremo un account per te. Riceverai tutti i dettagli via e-mail. L'account ti dar\u00e0 accesso all'app DiscoverEU Travel, dove potrai controllare i percorsi e gli orari dei treni per pianificare il tuo viaggio, accedere alla tua Carta Europea dei giovani DiscoverEU per beneficiare di migliaia di sconti in tutta Europa e unirti alla DiscoverEU Community per condividere le tue esperienze con i tuoi compagni di viaggio. Troverai il tuo DiscoverEU Pass direttamente nell\u2019app.<br \/>\r\n<br \/>\r\n<br \/>\r\n<\/p>","steps_process":[{"title":"Accedi al tuo modulo di prenotazione","description":"<p>Accedi al tuo link personale di prenotazione (inviato a te tramite <strong>hello@start-discover.eu<\/strong>)<\/p>"},{"title":"Verifica la tua identit\u00e0","description":"<p>Nel modulo di prenotazione ti verr\u00e0 chiesto di verificare la tua identit\u00e0.<\/p>"},{"title":"Invia il tuo modulo di prenotazione","description":"<p>Una volta pronto\/a, completa e invia il modulo di prenotazione.<\/p>"}],"title_start_process":"Come comincio il processo di prenotazione?","image_start_process":1956,"description_start_process":"<p><strong>Hai ricevuto o riceverai un invito via e-mail con il link al tuo modulo di prenotazione personale.<\/strong><\/p>\r\n<p>Per completare la prenotazione del viaggio, dovrai organizzare alcune cose. La pi\u00f9 importante \u00e8 avere pronta una carta d\u2019identit\u00e0 o un passaporto per verificare la tua identit\u00e0.<\/p>\r\n<div>\r\n<p>Durante la compilazione del modulo di prenotazione, alcune informazioni saranno gi\u00e0 precompilate, sulla base dei dati che abbiamo ottenuto dal processo di verifica dell\u2019identit\u00e0. Le informazioni precompilate includono:<\/p>\r\n<ul>\r\n\t<li>Indirizzo e-mail<\/li>\r\n\t<li>Codice di candidatura<\/li>\r\n\t<li>Nome<\/li>\r\n\t<li>Cognome<\/li>\r\n\t<li>Data di nascita<\/li>\r\n\t<li>Paese di emissione della carta d\u2019identit\u00e0\/passaporto<\/li>\r\n<\/ul>\r\n<\/div>\r\n<p><strong>Vuoi pi\u00f9 informazioni dettagliate?<\/strong><br \/>\r\nDai un'occhiata al Centro assistenza, dove puoi trovare le risposte alle domande pi\u00f9 frequenti.<\/p>","link_start_process":{"title":"Consulta il Centro assistenza","url":"https:\/\/help.start-discover.eu\/","target":"_blank"},"title":"Tutto quello che devi sapere sul DiscoverEU Pass","flexible_travel":{"title_flexible":"-","sub_title":"Pass Interrail DiscoverEU","paragraph":"Puoi essere dove desideri, in piena flessibilit\u00e0\r\n","flexible_option":[{"icon":2156,"title":"Viaggiare senza date e destinazioni prestabilite","paragraph":"<p>Conferma il tuo Interrail mobile Pass e completa la tua ricerca in seguito. Potrai utilizzare il tuo Pass mobile nell'app DiscoverEU Travel.<br \/>\r\nL'ultimo giorno per attivare il pass pu\u00f2 essere quello in cui inizi a viaggiare.<br \/>\r\nPianifica man mano che viaggi, cambia direzione e lascia che il viaggio segua il suo corso.<br \/>\r\n<br \/>\r\n<\/p>","important":false},{"icon":2158,"title":"Viaggi in treno per 7 giorni nell'arco di un mese","paragraph":"<p>Puoi utilizzare il Pass per 7 giorni a tua scelta durante un periodo determinato di 1 mese.<br \/>\r\nViaggia in giorni consecutivi o ripartiti nel corso del mese.<br \/>\r\nPuoi organizzare tutto direttamente dall'app DiscoverEU Travel.<\/p>","important":false},{"icon":541,"title":"Viaggiare da solo\/a o in gruppo","paragraph":"<p>Sta a te scegliere se viaggiare da solo\/a o in gruppo.<br \/>\r\nPuoi scegliere con chi viaggiare al momento della domanda di iscrizione a DiscoverEU e cambiare a met\u00e0 del viaggio.<br \/>\r\nSe viaggi in gruppo, ognuno\/a dei membri del gruppo avr\u00e0 il proprio pass.<\/p>","important":false},{"icon":485,"title":"Viaggio nel Paese di residenza","paragraph":"<p>Il tuo Pass pu\u00f2 essere utilizzato solo per due viaggi specifici nel tuo paese di residenza (definiti viaggio di entrata e viaggio d'uscita).<br \/>\r\nPuoi viaggiare da qualsiasi localit\u00e0 del paese di residenza fino al confine, all'aeroporto o al porto; puoi viaggiare con pi\u00f9 di un treno, purch\u00e9 i viaggi avvengano nello stesso giorno.<\/p>","important":false},{"icon":457,"title":"Viaggia al tuo ritmo","paragraph":"<p>Con il Mobile Pass puoi fermarti pi\u00f9 a lungo in una citt\u00e0 o partire prima del previsto da una destinazione.<br \/>\r\nHai avuto un contrattempo durante il tuo viaggio, ad esempio un treno in ritardo o cancellato?<br \/>\r\nPuoi prendere il treno successivo o cambiare itinerario.<\/p>","important":false},{"icon":597,"title":"Importante da sapere","paragraph":"<p>Prima di salire su un treno, un autobus o una nave, ogni viaggio deve essere registrato sull'app DiscoverEU Travel nella sezione \"Il mio viaggio\" e aggiunto al tuo Interrail Pass mobile.<br \/>\r\nAlcuni treni a lunga percorrenza richiedono la prenotazione aggiuntiva di posti a sedere.<\/p>","important":true}]},"fixed_travel":{"title":"Opzione di viaggio fissa","sub_title":"Biglietti da punto a punto","paragraph":"L'opzione fissa e prefissata, il tuo itinerario non pu\u00f2 essere modificato.\r\n","fixed_option":[{"icon":2157,"title":"Viaggia in base alle destinazioni prestabilite","paragraph":"<p>Fai ricerche e pianifica il tuo viaggio prima di confermare i biglietti.<br \/>\r\nIl tuo itinerario di viaggio sar\u00e0 prenotato con biglietti da punto a punto e non potr\u00e0 essere modificato.<\/p>","important":false},{"icon":2159,"title":"Viaggia secondo un piano prestabilito","paragraph":"<p>Sai quando vuoi viaggiare.<br \/>\r\nHai gi\u00e0 pronte le date, hai un itinerario fisso e sei pronto a rispettare una data e un treno specifici.<\/p>","important":false},{"icon":569,"title":"Viaggiare in gruppo","paragraph":"<p>Solo coloro che sono stati premiati come gruppo potranno viaggiare in gruppo.<br \/>\r\nPer viaggiare in gruppo, tutti i membri del gruppo devono compilare il modulo di prenotazione del viaggio.<\/p>","important":false},{"icon":485,"title":"Travel in Country of Residence","paragraph":"<p>Il viaggio di andata e quello di ritorno saranno prenotati come biglietti da punto a punto.<br \/>\r\nPuoi viaggiare con pi\u00f9 di un treno, a patto che la tua prima destinazione sia all'estero.<\/p>","important":false},{"icon":513,"title":"Cambiamenti di viaggio","paragraph":"<p>I biglietti saranno prenotati solo per treni specifici e senza modifiche ai piani di viaggio.<br \/>\r\nLa Commissione Europea non coprir\u00e0 alcun supplemento per modifiche, nuove prenotazioni o altri costi riscontrati durante il viaggio.<\/p>","important":false},{"icon":597,"title":"Importante da sapere","paragraph":"<p>Gli itinerari da punto a punto saranno limitati ai treni che consentono la prenotazione online dei biglietti. In caso di cancellazioni o ritardi, il viaggiatore dovr\u00e0 contattare direttamente la compagnia di trasporto.<br \/>\r\nPer saperne di pi\u00f9 sui Diritti del Passeggero dell'UE, clicca qui.<\/p>","important":true}]},"link_travel_option":{"title":"Portami al Centro assistenza","url":"https:\/\/help.start-discover.eu\/","target":"_blank"}},"yoast_head":"<!-- This site is optimized with the Yoast SEO plugin v21.9.1 - https:\/\/yoast.com\/wordpress\/plugins\/seo\/ -->\n<title>Get started - DiscoverEU<\/title>\n<meta name=\"robots\" content=\"index, follow, max-snippet:-1, max-image-preview:large, max-video-preview:-1\" \/>\n<link rel=\"canonical\" href=\"https:\/\/www.start-discover.eu\/it\/get-started\" \/>\n<meta property=\"og:locale\" content=\"it_IT\" \/>\n<meta property=\"og:type\" content=\"article\" \/>\n<meta property=\"og:title\" content=\"Get started - DiscoverEU\" \/>\n<meta property=\"og:url\" content=\"https:\/\/www.start-discover.eu\/it\/get-started\" \/>\n<meta property=\"og:site_name\" content=\"DiscoverEU\" \/>\n<meta property=\"article:modified_time\" content=\"2026-01-02T15:13:21+00:00\" \/>\n<meta property=\"og:image\" content=\"https:\/\/www.start-discover.eu\/app\/uploads\/2024\/07\/DEU-logo-1-scaled.jpg\" \/>\n\t<meta property=\"og:image:width\" content=\"2560\" \/>\n\t<meta property=\"og:image:height\" content=\"1440\" \/>\n\t<meta property=\"og:image:type\" content=\"image\/jpeg\" \/>\n<meta name=\"twitter:card\" content=\"summary_large_image\" \/>\n<script type=\"application\/ld+json\" class=\"yoast-schema-graph\">{\"@context\":\"https:\/\/schema.org\",\"@graph\":[{\"@type\":\"WebPage\",\"@id\":\"https:\/\/www.start-discover.eu\/it\/get-started\",\"url\":\"https:\/\/www.start-discover.eu\/it\/get-started\",\"name\":\"Get started - DiscoverEU\",\"isPartOf\":{\"@id\":\"https:\/\/www.start-discover.eu\/it#website\"},\"datePublished\":\"2023-10-18T14:11:14+00:00\",\"dateModified\":\"2026-01-02T15:13:21+00:00\",\"breadcrumb\":{\"@id\":\"https:\/\/www.start-discover.eu\/it\/get-started#breadcrumb\"},\"inLanguage\":\"it-IT\",\"potentialAction\":[{\"@type\":\"ReadAction\",\"target\":[\"https:\/\/www.start-discover.eu\/it\/get-started\"]}]},{\"@type\":\"BreadcrumbList\",\"@id\":\"https:\/\/www.start-discover.eu\/it\/get-started#breadcrumb\",\"itemListElement\":[{\"@type\":\"ListItem\",\"position\":1,\"name\":\"Home\",\"item\":\"https:\/\/www.start-discover.eu\/it\"},{\"@type\":\"ListItem\",\"position\":2,\"name\":\"Get started\"}]},{\"@type\":\"WebSite\",\"@id\":\"https:\/\/www.start-discover.eu\/it#website\",\"url\":\"https:\/\/www.start-discover.eu\/it\",\"name\":\"DiscoverEU\",\"description\":\"\",\"publisher\":{\"@id\":\"https:\/\/www.start-discover.eu\/it#organization\"},\"potentialAction\":[{\"@type\":\"SearchAction\",\"target\":{\"@type\":\"EntryPoint\",\"urlTemplate\":\"https:\/\/www.start-discover.eu\/it?s={search_term_string}\"},\"query-input\":\"required name=search_term_string\"}],\"inLanguage\":\"it-IT\"},{\"@type\":\"Organization\",\"@id\":\"https:\/\/www.start-discover.eu\/it#organization\",\"name\":\"DiscoverEU\",\"url\":\"https:\/\/www.start-discover.eu\/it\",\"logo\":{\"@type\":\"ImageObject\",\"inLanguage\":\"it-IT\",\"@id\":\"https:\/\/www.start-discover.eu\/it#\/schema\/logo\/image\/\",\"url\":\"https:\/\/www.start-discover.eu\/app\/uploads\/2024\/07\/DEU-logo-696x696-1-scaled.jpg\",\"contentUrl\":\"https:\/\/www.start-discover.eu\/app\/uploads\/2024\/07\/DEU-logo-696x696-1-scaled.jpg\",\"width\":2560,\"height\":2560,\"caption\":\"DiscoverEU\"},\"image\":{\"@id\":\"https:\/\/www.start-discover.eu\/it#\/schema\/logo\/image\/\"}}]}<\/script>\n<!-- \/ Yoast SEO plugin. -->","yoast_head_json":{"title":"Get started - DiscoverEU","robots":{"index":"index","follow":"follow","max-snippet":"max-snippet:-1","max-image-preview":"max-image-preview:large","max-video-preview":"max-video-preview:-1"},"canonical":"https:\/\/www.start-discover.eu\/it\/get-started","og_locale":"it_IT","og_type":"article","og_title":"Get started - DiscoverEU","og_url":"https:\/\/www.start-discover.eu\/it\/get-started","og_site_name":"DiscoverEU","article_modified_time":"2026-01-02T15:13:21+00:00","og_image":[{"width":2560,"height":1440,"url":"https:\/\/www.start-discover.eu\/app\/uploads\/2024\/07\/DEU-logo-1-scaled.jpg","type":"image\/jpeg"}],"twitter_card":"summary_large_image","schema":{"@context":"https:\/\/schema.org","@graph":[{"@type":"WebPage","@id":"https:\/\/www.start-discover.eu\/it\/get-started","url":"https:\/\/www.start-discover.eu\/it\/get-started","name":"Get started - DiscoverEU","isPartOf":{"@id":"https:\/\/www.start-discover.eu\/it#website"},"datePublished":"2023-10-18T14:11:14+00:00","dateModified":"2026-01-02T15:13:21+00:00","breadcrumb":{"@id":"https:\/\/www.start-discover.eu\/it\/get-started#breadcrumb"},"inLanguage":"it-IT","potentialAction":[{"@type":"ReadAction","target":["https:\/\/www.start-discover.eu\/it\/get-started"]}]},{"@type":"BreadcrumbList","@id":"https:\/\/www.start-discover.eu\/it\/get-started#breadcrumb","itemListElement":[{"@type":"ListItem","position":1,"name":"Home","item":"https:\/\/www.start-discover.eu\/it"},{"@type":"ListItem","position":2,"name":"Get started"}]},{"@type":"WebSite","@id":"https:\/\/www.start-discover.eu\/it#website","url":"https:\/\/www.start-discover.eu\/it","name":"DiscoverEU","description":"","publisher":{"@id":"https:\/\/www.start-discover.eu\/it#organization"},"potentialAction":[{"@type":"SearchAction","target":{"@type":"EntryPoint","urlTemplate":"https:\/\/www.start-discover.eu\/it?s={search_term_string}"},"query-input":"required name=search_term_string"}],"inLanguage":"it-IT"},{"@type":"Organization","@id":"https:\/\/www.start-discover.eu\/it#organization","name":"DiscoverEU","url":"https:\/\/www.start-discover.eu\/it","logo":{"@type":"ImageObject","inLanguage":"it-IT","@id":"https:\/\/www.start-discover.eu\/it#\/schema\/logo\/image\/","url":"https:\/\/www.start-discover.eu\/app\/uploads\/2024\/07\/DEU-logo-696x696-1-scaled.jpg","contentUrl":"https:\/\/www.start-discover.eu\/app\/uploads\/2024\/07\/DEU-logo-696x696-1-scaled.jpg","width":2560,"height":2560,"caption":"DiscoverEU"},"image":{"@id":"https:\/\/www.start-discover.eu\/it#\/schema\/logo\/image\/"}}]}},"_links":{"self":[{"href":"https:\/\/www.start-discover.eu\/it\/wp-json\/wp\/v2\/pages\/1955"}],"collection":[{"href":"https:\/\/www.start-discover.eu\/it\/wp-json\/wp\/v2\/pages"}],"about":[{"href":"https:\/\/www.start-discover.eu\/it\/wp-json\/wp\/v2\/types\/page"}],"author":[{"embeddable":true,"href":"https:\/\/www.start-discover.eu\/it\/wp-json\/wp\/v2\/users\/10"}],"replies":[{"embeddable":true,"href":"https:\/\/www.start-discover.eu\/it\/wp-json\/wp\/v2\/comments?post=1955"}],"version-history":[{"count":15,"href":"https:\/\/www.start-discover.eu\/it\/wp-json\/wp\/v2\/pages\/1955\/revisions"}],"predecessor-version":[{"id":4828,"href":"https:\/\/www.start-discover.eu\/it\/wp-json\/wp\/v2\/pages\/1955\/revisions\/4828"}],"wp:attachment":[{"href":"https:\/\/www.start-discover.eu\/it\/wp-json\/wp\/v2\/media?parent=1955"}],"curies":[{"name":"wp","href":"https:\/\/api.w.org\/{rel}","templated":true}]}}