{"id":1854,"date":"2023-11-13T18:49:23","date_gmt":"2023-11-13T18:49:23","guid":{"rendered":"https:\/\/v2.start-discover.eu\/profile"},"modified":"2026-03-30T08:23:40","modified_gmt":"2026-03-30T08:23:40","slug":"profile","status":"publish","type":"page","link":"https:\/\/www.start-discover.eu\/it\/profile","title":{"rendered":"Profile"},"content":{"rendered":"","protected":false},"excerpt":{"rendered":"","protected":false},"author":2,"featured_media":0,"parent":0,"menu_order":0,"comment_status":"closed","ping_status":"closed","template":"","meta":{"footnotes":""},"acf":{"email":"<p>Ciao {{firstname}},<\/p>\r\n<p>Grazie per aver completato il sondaggio #DiscoverEU.<\/p>\r\n<p>Il tuo Certificato di Partecipazione \u00e8 ora disponibile nel tuo profilo #DiscoverEU.<\/p>\r\n<p>Ti basta accedere al link del modulo di prenotazione, quello che hai usato per richiedere il tuo Pass #DiscoverEU (il link inizia con '<a href=\"http:\/\/registrations.start-discover.eu\/\">registrations.start-discover.eu<\/a>') e clicca sul pulsante \"Scarica il tuo Certificato di Partecipazione #DiscoverEU\".<\/p>\r\n<p>Speriamo tu abbia creato ricordi indimenticabili!<\/p>\r\n<p>Ti auguriamo tutto il meglio.<\/p>\r\n<p>Il team di viaggio DiscoverEU.<\/p>","infobox":{"title":"Il tuo Certificato di Partecipazione \u00e8 pronto.","textual_content":"Puoi scaricarlo cliccando sul pulsante qui sotto.","button_label":"Scarica il tuo Certificato di Partecipazione #DiscoverEU."},"intro":{"title":{"hello_name":"Ciao {{firstname}}","welcome_on_your_discovereu_profile":"Benvenuto\/a sul tuo profilo DiscoverEU!"},"this_page_gathers_all_the_information_necessary":"Questa pagina raccoglie tutte le informazioni necessarie per il tuo viaggio, i dati e lo stato di registrazione."},"status_created":{"it_looks_like_you_havent_filled_out_your_booking_form_yet":"Sembra che tu non abbia ancora compilato il tuo modulo di prenotazione","dont_wait_too_long_created":"Non aspettare troppo, hai tempo fino a {{closing_date}} per completarlo!","go_to_the_booking_form":"Vai al modulo di prenotazione"},"requests_and_forms_section":{"visa_form_title":"Richiesta di visto:","refund_form_title":"Richiesta di rimborso:","visa_form_label":"Lettera di invito e modulo di richiesta di assicurazione di viaggio","refund_form_label":"Modulo per il rimborso","visa_form_processing":"Elaborazione della richiesta","refund_form_processing":"Elaborazione della richiesta","visa_form_processed":"Richiesta trattata","refund_form_processed":"Richiesta trattata"},"status_initialized":{"it_looks_like_you_havent_finished_filled_out_your_booking_form_yet":"Sembra che tu non abbia ancora finito di compilare il tuo modulo di registrazione","dont_wait_too_long_initialized":"Non aspettare troppo, hai tempo fino a  {{closing_date}} per completarlo!","continue_to_complete_your_booking_form":"Continua a compilare il tuo modulo di prenotazione"},"status_pending":{"your_identity_documents_are_being_checked":"I tuoi documenti d'identit\u00e0 sono in fase di verifica","once_your_identity_has_been_verified":"Una volta verificata la tua identit\u00e0, riceverai una conferma automatica via e-mail. L'e-mail avr\u00e0 come oggetto ''Your order is confirmed - here's what's next'' e verr\u00e0 inviata dall'indirizzo e-mail ''customerservice@interrail.eu''.","tip:_check_your_spam":"Suggerimento: controlla lo spam","learn_more_about_verifying_my_documents":"Per saperne di pi\u00f9 sulla verifica dei miei documenti","learn_more_about_verifying_my_documents_url":"https:\/\/discovereu-wave6.zendesk.com\/hc\/en-gb\/articles\/6066889353617-How-come-my-verification-has-been-declined-"},"status_declined_first_try":{"couldnt_verify_identity_documents":"Attenzione: il tuo modulo di prenotazione non \u00e8 ancora completo","submitting_documents_a_second_time":"I documenti inviati per verificare della tua identit\u00e0 non sono stati accettati. Puoi provare ad inviarli di nuovo.","back_to_submission_step":"Torna alla fase di inoltro","warning_can_only_submit_documents_twice":"Attenzione: puoi inoltrare i tuoi documenti solo due volte."},"status_declined_second_try":{"identity_documents_could_not_be_verified_twice":"Attenzione: il tuo modulo di prenotazione non \u00e8 ancora completo","not_accepted_for_the_second_time":"I documenti inviati per verificare la tua identit\u00e0 non sono stati accettati per la seconda volta. Ti preghiamo di contattarci per risolvere il problema. "},"status_success":{"flex_stnd":{"congratulations_your_reservation_is_completed_and_validated":"Congratulazioni, il tuo modulo di prenotazione \u00e8 completo e confermato!","your_pass_is_available_in_your_email":"<p>Il tuo pass \u00e8 stato inviato alla tua email. Se non lo vedi, controlla la cartella della posta indesiderata. Se non \u00e8 nemmeno l\u00ec, contatta il Travel Team tramite la pagina Invia una richiesta nel <a id=\"menurlri\" class=\"fui-Link ___1q1shib f2hkw1w f3rmtva f1ewtqcl fyind8e f1k6fduh f1w7gpdv fk6fouc fjoy568 figsok6 f1s184ao f1mk8lai fnbmjn9 f1o700av f13mvf36 f1cmlufx f9n3di6 f1ids18y f1tx3yz7 f1deo86v f1eh06m1 f1iescvh fhgqx19 f1olyrje f1p93eir f1nev41a f1h8hb77 f1lqvz6u f10aw75t fsle3fq f17ae5zn\" title=\"https:\/\/discovereu-wave6.zendesk.com\/hc\/en-gb\/requests\/new\" href=\"https:\/\/discovereu-wave6.zendesk.com\/hc\/en-gb\/requests\/new\" target=\"_blank\" rel=\"noreferrer noopener\" aria-label=\"Link Centro assistenza\"><strong>Centro assistenza<\/strong><\/a>.<\/p>"},"flex_ovs":{"congratulations_your_reservation_is_completed_and_validated":"Congratulazioni, la tua prenotazione \u00e8 stata completata e convalidata!","the_travel_team_will_contact_you_three_months_before_your_departure_date_to_book_your_flights":"Il tuo biglietto \u00e8 disponibile nella tua e-mail. Se non l'hai ricevuto, controlla nella posta indesiderata. In caso contrario non esitare a contattare il Travel Team tramite la pagina Invia una richiesta nel Centro Assistenza. Il Travel Team ti contatter\u00e0 tre mesi prima della data di partenza per prenotare i tuoi voli. "},"fix_stnd":{"congratulations_your_reservation_is_completed_and_validated":"Congratulazioni, la tua prenotazione \u00e8 stata completata e convalidata!","the_travel_team_will_contact_you_three_months_before_your_departure_date_to_book_your_fix_trip":"Il Travel Team ti contatter\u00e0 tre mesi prima della data di partenza per prenotare il tuo viaggio FIX. "},"fix_ovs":{"congratulations_your_reservation_is_completed_and_validated":"Congratulazioni, la tua prenotazione \u00e8 stata completata e convalidata!","the_travel_team_will_contact_you_three_months_before_your_departure_date_to_book_your_flights":"Il Travel Team ti contatter\u00e0 tre mesi prima della data di partenza per prenotare il tuo viaggio FIX e i biglietti aerei."}},"status_accessibility":{"booking_form_completed":"Il tuo modulo di prenotazione \u00e8 stato completato.","flex_pass_will_be_issued_only_if_you_have_any_accessibility_needs":"Dovresti aver ricevuto un'e-mail relativa alle tue esigenze relative all'accessibilit\u00e0. Ti preghiamo di rispondere al Team Viaggi tramite il modulo di contatto in modo da poterti rilasciare il pass DiscoverEU."},"discovereu_community_section":{"discovereu_community":"DiscoverEU Community","looking_to_make_the_most_of_your_exciting_journey":"<p>Vuoi sfruttare al meglio il tuo emozionante viaggio alla scoperta dell'Europa? La DiscoveryEU Community \u00e8 qui per TE, per farti conoscere nuove persone, discutere e condividere i tuoi piani di viaggio, costruire amicizie e trova ispirazione per vivere al meglio il tuo viaggio DiscoverEU!<\/p>","join_the_#discovereu_community_label":"UNISCITI alla #DiscoverEU Community*","join_the_#discovereu_community_url":"https:\/\/discovereucommunity.interrail.eu\/","accessible_through_the_discovereu_travel_app":"*accessibile attraverso la DiscoverEU Travel App o usando direttamente le credenziali del tuo accont DiscoverEU Travel App"},"european_youth_card_section":{"european_youth_card":"Carta Europea per i Giovani","with_your_discovereu_pass_you_have_won_the_european_youth_card":"<p>Con il tuo biglietto DiscoverEU, hai vinto la Carta Europea per i Giovani! Grazie alla Carta potrai accedere a diversi sconti su alloggio, visite, trasporti locali e molto altro. \u00c8 disponibile nella tua DiscoverEU Travel App, sotto alla sezione \"Altro\".<\/p>"},"help_centre_articles_section":{"help_centre_articles":"Articoli del Centro Assistenza","you_can_find_below_a_selection_of_articles":"Di seguito puoi trovare una selezione di articoli che possono aiutarti a iniziare la preparazione del tuo viaggio DiscoverEU.","flex_faq_links":{"how_to_get_started_with_your_interrail_mobile_pass":"Come iniziare a utilizzare l'Interrail Mobile Pass?","how_to_get_started_with_your_interrail_mobile_pass_url":"https:\/\/discovereu-wave6.zendesk.com\/hc\/en-gb\/articles\/6066864956945-Using-the-Interrail-mobile-Pass","what_are_10_things_you_should_know_about_the_interrail_pass":"Quali sono le 10 cose da sapere sul Pass Interrail?","what_are_10_things_you_should_know_about_the_interrail_pass_url":"https:\/\/discovereu-wave6.zendesk.com\/hc\/en-gb\/articles\/11909290422673-What-are-10-things-you-should-know-about-the-Interrail-Pass-"}},"all_travellers_faq_links":{"travel_tips":"Travel Tips","travel_tips_url":"https:\/\/discovereu-wave6.zendesk.com\/hc\/en-gb\/categories\/5768672491409-Travel-Tips","how_can_i_save_money_while_travelling":"Come posso risparmiare durante il viaggio?","how_can_i_save_money_while_travelling_url":"https:\/\/discovereu-wave6.zendesk.com\/hc\/en-gb\/articles\/6066862630929-How-can-I-save-money-while-travelling-","how_to_connect_with_other_discovereu_travellers":"Come entrare in contatto con altri viaggiatori DiscoverEU?","how_to_connect_with_other_discovereu_travellers_url":"https:\/\/discovereu-wave6.zendesk.com\/hc\/en-gb\/articles\/6066910634513-How-to-connect-with-other-DiscoverEU-travellers-","what_is_the_discovereu_european_youth_card":"Che cos'\u00e8 la carta europea per i giovani DiscoverEU?","what_is_the_discovereu_european_youth_card_url":"https:\/\/discovereu-wave6.zendesk.com\/hc\/en-gb\/articles\/6066928796689-What-is-the-DiscoverEU-European-Youth-Card-"},"contact_us":"Contattaci","contact_us_url":"https:\/\/discovereu-wave6.zendesk.com\/hc\/en-gb\/requests\/new","login_items":{"email":"Email","password":"Password","forgotten_password":"Hai dimenticato la password?","modify_password_label":"Modifica la password","login_label":"Login","log_out_label":"Logout","new_password":"Nuova password","confirm_password":"Conferma la password","back_to_login":"Torna al login","send_link":"Invia link","your_are_not_firstname":"Non sei {{firstname}} ?"},"login_content":{"first_password_change":"Per ragioni di sicurezza vi preghiamo di cambiare la password iniziale.","email_for_password_modify":"Inserisci il tuo indirizzo email che usi per accedere, e ti manderemo un lin per fare il reset della tua password.","strong_password_choice":"Scegli una password forte.","password_combination_instruction":"Scegli una combinazione di lettere, numeri e caratteri speciali.","change_your_password":"Cambia la tua password","update_your_password":"Aggiorna la tua password","sign_in_with_password":"Accedi con la tua password"},"toasts_content":{"please_enter_a_valid_email_address":"Inserisci un indirizzo email valido ","please_enter_your_email_address":"Inserisci un indirizzo email","please_enter_your_password":"Inserisci la tua password","please_enter_your_new_password":"Inserisci la tua nuova password","redirecting_you_to_the_app":"Reindirizzamento all'app...","something_went_wrong":"Qualcosa \u00e8 andato storto...","oops":"Ops...","sign_in":"Accedi","password_updated":"Password aggiornata","password_reset":"Reset della password","sent_email_with_link_to_reset_password":"Ti abbiamo inviato un'email contenente un link per effettuare il reset della tua password, puoi chiudere questa pagina","password_6_characters":"La password deve contenere almeno 6 caratteri","password_characters_format":"La password deve contenere almeno una lettera, un numbero e un carattere speciale"},"do_you_have_questions_about_your_reservation":"Hai domande sulla tua prenotazione?","identity_verification_status":"Stato della verifica dell'identit\u00e0 ","if_your_status_is_not_verified_be_sure_to_contact_the_travel_team_through_the_help_center":"<p>Se il tuo stato non \u00e8 verificato, assicurati di contattare il Travel Team attraverso il Centro Assistenza.<\/p>","reservation_status":"Stato della prenotazione","if_your_status_is_not_booked_it_means_there_was_a_problem_with_your_identity_verification_or_there_is_an_error_with_your_reservation_be_sure_to_contact_the_travel_team_via_the_center_help":"<p>Se il tuo stato non \u00e8 Prenotato, significa che c'\u00e8 stato un problema con la verifica della tua identit\u00e0 o c'\u00e8 un errore nella tua prenotazione, assicurati di contattare il Travel Team attraverso il Centro Assistenza.<\/p>","fix_booking_status":"Stato di prenotazione FIX ","if_your_status_is_not_registered_it_means_there_was_a_problem_with_your_identity_verification_or_there_is_an_error_with_your_reservation_be_sure_to_contact_the_travel_team_via_the_center_help":"<p>Se il tuo stato non \u00e8 Registrato, significa che c'\u00e8 stato un problema con la verifica della tua identit\u00e0 o c'\u00e8 un errore nella tua prenotazione, assicurati di contattare il Travel Team attraverso il Centro Assistenza.<\/p>","discovereu_travel_app_account_2":"Account DiscoverEU Travel App","interrail_pass_2":"Biglietto Interrail","identification":{"your_informations":"Le tue informazioni","personal_data":"Dati personali","first_name":"Nome","last_name":"Cognome","date_of_birth":"Data di nascita","email":"Email","ticket_type":"Tipo di biglietto","document_country":"Paese del documento","statuses":"Stato della registrazione","document_verification":"Verifica dei documenti","booking_status":"Stato della prenotazione","discovereu_travel_app_account":"Account della DiscoverEU Travel App","interrail_pass":"Biglietto DiscoverEU"}},"yoast_head":"<!-- This site is optimized with the Yoast SEO plugin v21.9.1 - https:\/\/yoast.com\/wordpress\/plugins\/seo\/ -->\n<title>Profile - DiscoverEU<\/title>\n<meta name=\"robots\" content=\"index, follow, max-snippet:-1, max-image-preview:large, max-video-preview:-1\" \/>\n<link rel=\"canonical\" href=\"https:\/\/www.start-discover.eu\/it\/profile\" \/>\n<meta property=\"og:locale\" content=\"it_IT\" \/>\n<meta property=\"og:type\" content=\"article\" \/>\n<meta property=\"og:title\" content=\"Profile - DiscoverEU\" \/>\n<meta property=\"og:url\" content=\"https:\/\/www.start-discover.eu\/it\/profile\" \/>\n<meta property=\"og:site_name\" content=\"DiscoverEU\" \/>\n<meta property=\"article:modified_time\" content=\"2026-03-30T08:23:40+00:00\" \/>\n<meta property=\"og:image\" content=\"https:\/\/www.start-discover.eu\/app\/uploads\/2024\/07\/DEU-logo-1-scaled.jpg\" \/>\n\t<meta property=\"og:image:width\" content=\"2560\" \/>\n\t<meta property=\"og:image:height\" content=\"1440\" \/>\n\t<meta property=\"og:image:type\" content=\"image\/jpeg\" \/>\n<meta name=\"twitter:card\" content=\"summary_large_image\" \/>\n<script type=\"application\/ld+json\" class=\"yoast-schema-graph\">{\"@context\":\"https:\/\/schema.org\",\"@graph\":[{\"@type\":\"WebPage\",\"@id\":\"https:\/\/www.start-discover.eu\/it\/profile\",\"url\":\"https:\/\/www.start-discover.eu\/it\/profile\",\"name\":\"Profile - DiscoverEU\",\"isPartOf\":{\"@id\":\"https:\/\/www.start-discover.eu\/it#website\"},\"datePublished\":\"2023-11-13T18:49:23+00:00\",\"dateModified\":\"2026-03-30T08:23:40+00:00\",\"breadcrumb\":{\"@id\":\"https:\/\/www.start-discover.eu\/it\/profile#breadcrumb\"},\"inLanguage\":\"it-IT\",\"potentialAction\":[{\"@type\":\"ReadAction\",\"target\":[\"https:\/\/www.start-discover.eu\/it\/profile\"]}]},{\"@type\":\"BreadcrumbList\",\"@id\":\"https:\/\/www.start-discover.eu\/it\/profile#breadcrumb\",\"itemListElement\":[{\"@type\":\"ListItem\",\"position\":1,\"name\":\"Home\",\"item\":\"https:\/\/www.start-discover.eu\/it\"},{\"@type\":\"ListItem\",\"position\":2,\"name\":\"Profile\"}]},{\"@type\":\"WebSite\",\"@id\":\"https:\/\/www.start-discover.eu\/it#website\",\"url\":\"https:\/\/www.start-discover.eu\/it\",\"name\":\"DiscoverEU\",\"description\":\"\",\"publisher\":{\"@id\":\"https:\/\/www.start-discover.eu\/it#organization\"},\"potentialAction\":[{\"@type\":\"SearchAction\",\"target\":{\"@type\":\"EntryPoint\",\"urlTemplate\":\"https:\/\/www.start-discover.eu\/it?s={search_term_string}\"},\"query-input\":\"required name=search_term_string\"}],\"inLanguage\":\"it-IT\"},{\"@type\":\"Organization\",\"@id\":\"https:\/\/www.start-discover.eu\/it#organization\",\"name\":\"DiscoverEU\",\"url\":\"https:\/\/www.start-discover.eu\/it\",\"logo\":{\"@type\":\"ImageObject\",\"inLanguage\":\"it-IT\",\"@id\":\"https:\/\/www.start-discover.eu\/it#\/schema\/logo\/image\/\",\"url\":\"https:\/\/www.start-discover.eu\/app\/uploads\/2024\/07\/DEU-logo-696x696-1-scaled.jpg\",\"contentUrl\":\"https:\/\/www.start-discover.eu\/app\/uploads\/2024\/07\/DEU-logo-696x696-1-scaled.jpg\",\"width\":2560,\"height\":2560,\"caption\":\"DiscoverEU\"},\"image\":{\"@id\":\"https:\/\/www.start-discover.eu\/it#\/schema\/logo\/image\/\"}}]}<\/script>\n<!-- \/ Yoast SEO plugin. -->","yoast_head_json":{"title":"Profile - DiscoverEU","robots":{"index":"index","follow":"follow","max-snippet":"max-snippet:-1","max-image-preview":"max-image-preview:large","max-video-preview":"max-video-preview:-1"},"canonical":"https:\/\/www.start-discover.eu\/it\/profile","og_locale":"it_IT","og_type":"article","og_title":"Profile - DiscoverEU","og_url":"https:\/\/www.start-discover.eu\/it\/profile","og_site_name":"DiscoverEU","article_modified_time":"2026-03-30T08:23:40+00:00","og_image":[{"width":2560,"height":1440,"url":"https:\/\/www.start-discover.eu\/app\/uploads\/2024\/07\/DEU-logo-1-scaled.jpg","type":"image\/jpeg"}],"twitter_card":"summary_large_image","schema":{"@context":"https:\/\/schema.org","@graph":[{"@type":"WebPage","@id":"https:\/\/www.start-discover.eu\/it\/profile","url":"https:\/\/www.start-discover.eu\/it\/profile","name":"Profile - DiscoverEU","isPartOf":{"@id":"https:\/\/www.start-discover.eu\/it#website"},"datePublished":"2023-11-13T18:49:23+00:00","dateModified":"2026-03-30T08:23:40+00:00","breadcrumb":{"@id":"https:\/\/www.start-discover.eu\/it\/profile#breadcrumb"},"inLanguage":"it-IT","potentialAction":[{"@type":"ReadAction","target":["https:\/\/www.start-discover.eu\/it\/profile"]}]},{"@type":"BreadcrumbList","@id":"https:\/\/www.start-discover.eu\/it\/profile#breadcrumb","itemListElement":[{"@type":"ListItem","position":1,"name":"Home","item":"https:\/\/www.start-discover.eu\/it"},{"@type":"ListItem","position":2,"name":"Profile"}]},{"@type":"WebSite","@id":"https:\/\/www.start-discover.eu\/it#website","url":"https:\/\/www.start-discover.eu\/it","name":"DiscoverEU","description":"","publisher":{"@id":"https:\/\/www.start-discover.eu\/it#organization"},"potentialAction":[{"@type":"SearchAction","target":{"@type":"EntryPoint","urlTemplate":"https:\/\/www.start-discover.eu\/it?s={search_term_string}"},"query-input":"required name=search_term_string"}],"inLanguage":"it-IT"},{"@type":"Organization","@id":"https:\/\/www.start-discover.eu\/it#organization","name":"DiscoverEU","url":"https:\/\/www.start-discover.eu\/it","logo":{"@type":"ImageObject","inLanguage":"it-IT","@id":"https:\/\/www.start-discover.eu\/it#\/schema\/logo\/image\/","url":"https:\/\/www.start-discover.eu\/app\/uploads\/2024\/07\/DEU-logo-696x696-1-scaled.jpg","contentUrl":"https:\/\/www.start-discover.eu\/app\/uploads\/2024\/07\/DEU-logo-696x696-1-scaled.jpg","width":2560,"height":2560,"caption":"DiscoverEU"},"image":{"@id":"https:\/\/www.start-discover.eu\/it#\/schema\/logo\/image\/"}}]}},"_links":{"self":[{"href":"https:\/\/www.start-discover.eu\/it\/wp-json\/wp\/v2\/pages\/1854"}],"collection":[{"href":"https:\/\/www.start-discover.eu\/it\/wp-json\/wp\/v2\/pages"}],"about":[{"href":"https:\/\/www.start-discover.eu\/it\/wp-json\/wp\/v2\/types\/page"}],"author":[{"embeddable":true,"href":"https:\/\/www.start-discover.eu\/it\/wp-json\/wp\/v2\/users\/2"}],"replies":[{"embeddable":true,"href":"https:\/\/www.start-discover.eu\/it\/wp-json\/wp\/v2\/comments?post=1854"}],"version-history":[{"count":9,"href":"https:\/\/www.start-discover.eu\/it\/wp-json\/wp\/v2\/pages\/1854\/revisions"}],"predecessor-version":[{"id":5526,"href":"https:\/\/www.start-discover.eu\/it\/wp-json\/wp\/v2\/pages\/1854\/revisions\/5526"}],"wp:attachment":[{"href":"https:\/\/www.start-discover.eu\/it\/wp-json\/wp\/v2\/media?parent=1854"}],"curies":[{"name":"wp","href":"https:\/\/api.w.org\/{rel}","templated":true}]}}