{"id":1951,"date":"2023-10-18T14:11:14","date_gmt":"2023-10-18T14:11:14","guid":{"rendered":"https:\/\/v2.start-discover.eu\/get-started"},"modified":"2026-01-02T15:11:46","modified_gmt":"2026-01-02T15:11:46","slug":"get-started","status":"publish","type":"page","link":"https:\/\/www.start-discover.eu\/is\/get-started","title":{"rendered":"Get started"},"content":{"rendered":"<p>&nbsp;<\/p>\n<p>&nbsp;<\/p>\n","protected":false},"excerpt":{"rendered":"<p>&nbsp; &nbsp;<\/p>\n","protected":false},"author":10,"featured_media":0,"parent":0,"menu_order":0,"comment_status":"closed","ping_status":"closed","template":"","meta":{"footnotes":""},"acf":{"description":"<h1>Hver eru skrefin \u00ed <span style=\"color: #f0679b;\"> b\u00f3kunarferlinu<\/span> ?<\/h1>\r\n<p>\u00deegar \u00fe\u00fa hefur sent inn b\u00f3kunarey\u00f0ubla\u00f0i\u00f0 \u00feitt munum vi\u00f0 b\u00faa til reikning fyrir \u00feig. \u00de\u00fa f\u00e6r\u00f0 allar uppl\u00fdsingar \u00ed t\u00f6lvup\u00f3sti. Reikningurinn mun veita \u00fe\u00e9r a\u00f0gang a\u00f0 DiscoverEU Travel-appinu, \u00fear sem \u00fe\u00fa getur athuga\u00f0 lestarlei\u00f0ir og -t\u00edma til a\u00f0 skipuleggja fer\u00f0ina \u00fe\u00edna, fengi\u00f0 a\u00f0gang a\u00f0 DiscoverEU European Youth Card-kortinu \u00fe\u00ednu til a\u00f0 nj\u00f3ta g\u00f3\u00f0s af \u00fe\u00fasundum afsl\u00e1ttartilbo\u00f0a um alla Evr\u00f3pu og gengi\u00f0 \u00ed DiscoverEU-samf\u00e9lagi\u00f0 til a\u00f0 deila reynslu \u00feinni me\u00f0 samfer\u00f0af\u00f3lki \u00fe\u00ednu. \u00de\u00fa finnur DiscoverEU-passann \u00feinn beint \u00ed appinu.<\/p>","steps_process":[{"title":"A\u00f0gangur a\u00f0 b\u00f3kunarey\u00f0ubla\u00f0i","description":"<p>Opna\u00f0u pers\u00f3nulega b\u00f3kunartengilinn \u00feinn (sendur til \u00fe\u00edn \u00ed gegnum <strong>hello@start-discover.eu<\/strong>)<\/p>"},{"title":"Sta\u00f0festu skilr\u00edki \u00fe\u00edn","description":"<p>\u00d3ska\u00f0 ver\u00f0ur eftir \u00fev\u00ed a\u00f0 \u00fe\u00fa sta\u00f0festir skilr\u00edki \u00fe\u00edn \u00ed b\u00f3kunarey\u00f0ubla\u00f0inu.<\/p>"},{"title":"Sendu inn b\u00f3kunarey\u00f0ubla\u00f0i\u00f0","description":"<p>\u00deegar \u00fea\u00f0 er tilb\u00fai\u00f0 skaltu fylla \u00fat og senda inn b\u00f3kunarey\u00f0ubla\u00f0i\u00f0<\/p>"}],"title_start_process":"Hvernig byrja \u00e9g b\u00f3kunarferli\u00f0?","image_start_process":1952,"description_start_process":"<p><strong>\u00de\u00fa f\u00e6r\u00f0\/f\u00e9kkst bo\u00f0 \u00ed t\u00f6lvup\u00f3sti me\u00f0 hlekknum \u00e1 pers\u00f3nulega b\u00f3kunarey\u00f0ubla\u00f0i\u00f0 \u00feitt.<\/strong><\/p>\r\n<p>Til a\u00f0 lj\u00faka fer\u00f0ab\u00f3kuninni \u00fearftu a\u00f0 undirb\u00faa nokkur atri\u00f0i. \u00dea\u00f0 mikilv\u00e6gasta er a\u00f0 hafa skilr\u00edki e\u00f0a vegabr\u00e9f tilb\u00fai\u00f0 til a\u00f0 sta\u00f0festa au\u00f0kenni \u00feitt.<\/p>\r\n<div>\r\n<p>\u00deegar \u00fe\u00fa fyllir \u00fat b\u00f3kunarey\u00f0ubla\u00f0i\u00f0 ver\u00f0a \u00e1kve\u00f0nar uppl\u00fdsingar \u00feegar for\u00fatfylltar, bygg\u00f0ar \u00e1 g\u00f6gnum sem vi\u00f0 fengum \u00far au\u00f0kennissta\u00f0festingarferlinu. For\u00fatfylltu uppl\u00fdsingarnar innihalda:<\/p>\r\n<ul>\r\n\t<li>Netfang<\/li>\r\n\t<li>Ums\u00f3knark\u00f3\u00f0a<\/li>\r\n\t<li>Fornafn<\/li>\r\n\t<li>Eftirnafn<\/li>\r\n\t<li>F\u00e6\u00f0ingardag<\/li>\r\n\t<li>Land sem gaf \u00fat skilr\u00edki\/vegabr\u00e9f<\/li>\r\n<\/ul>\r\n<\/div>\r\n<p><strong>Vantar \u00feig \u00edtarlegri uppl\u00fdsingar?<\/strong><br \/>\r\nSko\u00f0a\u00f0u hj\u00e1lparmi\u00f0st\u00f6\u00f0ina, \u00fear sem \u00fe\u00fa getur fundi\u00f0 sv\u00f6r vi\u00f0 algengustu spurningunum.<br \/>\r\n<br \/>\r\n<\/p>","link_start_process":{"title":"Kynntu \u00fe\u00e9r hj\u00e1lparmi\u00f0st\u00f6\u00f0ina","url":"https:\/\/help.start-discover.eu\/","target":"_blank"},"title":"Allt sem \u00fe\u00fa \u00fearft a\u00f0 vita um DiscoverEU Pass","flexible_travel":{"title_flexible":"-","sub_title":"Kynntu \u00fe\u00e9r EU Interrail Pass","paragraph":"M\u00e6ttu \u00e1 \u00feann sta\u00f0 sem \u00feig langar, algj\u00f6r sveigjanleiki\r\n","flexible_option":[{"icon":2815,"title":"Fer\u00f0ast \u00e1n fyrirfram \u00e1kve\u00f0inna dagsetninga og \u00e1fangasta\u00f0a","paragraph":"<p>Sta\u00f0festu Interrail Mobile Pass og lj\u00faktu vi\u00f0 ranns\u00f3knina s\u00ed\u00f0ar. \u00de\u00fa munt geta nota\u00f0 fars\u00edmapassann \u00feinn \u00ed DiscoverEU Travel-appinu. \u00de\u00fa getur virkja\u00f0 passann \u00feinn fram a\u00f0 \u00feeim degi sem \u00fe\u00fa byrjar a\u00f0 fer\u00f0ast. \u00c1 me\u00f0an \u00e1 fer\u00f0alaginu stendur getur \u00fe\u00fa skipulagt eftir \u00fev\u00ed sem \u00fev\u00ed vindur fram, breytt um stefnu e\u00f0a l\u00e1ti\u00f0 fer\u00f0ina bara koma \u00ed lj\u00f3s.<\/p>","important":false},{"icon":2817,"title":"Fer\u00f0ast me\u00f0 lestum \u00e1 7 d\u00f6gum innan eins m\u00e1na\u00f0ar","paragraph":"<p>\u00de\u00fa getur nota\u00f0 passann \u00e1 7 d\u00f6gum a\u00f0 eigin vali \u00e1 tilteknu t\u00edmabili sem er 1 m\u00e1nu\u00f0ur. Fer\u00f0ast \u00ed r\u00f6\u00f0, \u00ed samfellda daga, e\u00f0a dreift yfir m\u00e1nu\u00f0inn. \u00de\u00fa getur skipulagt allt \u00ed DiscoverEU Travel-appinu.<\/p>","important":false},{"icon":539,"title":"Fer\u00f0astu ein (n) e\u00f0a \u00ed h\u00f3pi","paragraph":"<p>\u00dea\u00f0 er undir \u00fe\u00e9r komi\u00f0 hvort \u00fe\u00fa fer\u00f0ast ein (n) e\u00f0a \u00ed h\u00f3pi. \u00de\u00fa getur vali\u00f0 me\u00f0 hverjum \u00fe\u00fa fer\u00f0ast \u00feegar \u00fe\u00fa s\u00e6kir um hj\u00e1 Uppg\u00f6tva\u00f0u Evr\u00f3pusambandi\u00f0 (e.DiscoverEU) og breytt fer\u00f0inni \u00feinni um lei\u00f0.<br \/>\r\nEf \u00fe\u00fa fer\u00f0ast \u00ed h\u00f3pi f\u00e6r hver h\u00f3pme\u00f0limur sinn passa.<\/p>","important":false},{"icon":483,"title":"Fer\u00f0ast \u00ed b\u00fasetulandi","paragraph":"<p>A\u00f0eins er h\u00e6gt a\u00f0 nota passann \u00feinn fyrir tv\u00e6r s\u00e9rstakar fer\u00f0ir \u00ed b\u00fasetulandi \u00fe\u00ednu (v\u00edsa\u00f0 til sem fer\u00f0alag \u00fat og heimfer\u00f0). \u00de\u00fa getur fer\u00f0ast fr\u00e1 hva\u00f0a sta\u00f0 sem er \u00ed b\u00fasetulandinu til landam\u00e6ra e\u00f0a flugvallar e\u00f0a hafnar, og \u00fe\u00fa getur fer\u00f0ast me\u00f0 fleiri en einni lest, a\u00f0 \u00fev\u00ed gefnu a\u00f0 fer\u00f0irnar s\u00e9u \u00e1 sama fer\u00f0adegi.<\/p>","important":false},{"icon":455,"title":"Fer\u00f0ast \u00e1 eigin hra\u00f0a","paragraph":"<p>Me\u00f0 fars\u00edmapassanum getur\u00f0u dvali\u00f0 lengur \u00ed borg e\u00f0a fari\u00f0 fyrr fr\u00e1 \u00e1fangasta\u00f0 en \u00fe\u00fa \u00e6tla\u00f0ir. Ertu a\u00f0 upplifa hn\u00f6kra \u00e1 fer\u00f0inni, svo sem seinku\u00f0 e\u00f0a afl\u00fdst lest? \u00de\u00fa getur teki\u00f0 n\u00e6stu lest e\u00f0a breytt lei\u00f0 \u00feinni.<\/p>","important":false},{"icon":595,"title":"Mikilv\u00e6gt","paragraph":"<p>\u00c1\u00f0ur en fari\u00f0 er um bor\u00f0 \u00ed lest, r\u00fatu e\u00f0a b\u00e1t ver\u00f0ur a\u00f0 skr\u00e1 hverja fer\u00f0 \u00ed DiscoverEU Travel-appinu undir hlutanum \u201eMy Trip\u201c (m\u00edn fer\u00f0) og b\u00e6ta vi\u00f0 Interrail fars\u00edmapassann \u00feinn. \u00cd sumum langfer\u00f0alestum \u00fearf a\u00f0 b\u00f3ka s\u00e6ti.<\/p>","important":true}]},"fixed_travel":{"title":"Fastur fer\u00f0avalkostur","sub_title":"Farse\u00f0lar \u00e1 milli tveggja sta\u00f0a","paragraph":"Ekki er h\u00e6gt a\u00f0 breyta fer\u00f0a\u00e1\u00e6tluninni \u00feegar um fastan valkost er a\u00f0 r\u00e6\u00f0a.\r\n","fixed_option":[{"icon":2816,"title":"Fer\u00f0ast samkv\u00e6mt fyrirfram \u00e1kve\u00f0num \u00e1fangast\u00f6\u00f0um","paragraph":"<p>Rannsaka\u00f0u og skipulegg\u00f0u fer\u00f0 \u00fe\u00edna \u00e1\u00f0ur en \u00fe\u00fa sta\u00f0festir farse\u00f0lana \u00fe\u00edna.<br \/>\r\nFer\u00f0a\u00e1\u00e6tlunin \u00fe\u00edn ver\u00f0ur b\u00f3ku\u00f0 me\u00f0 farse\u00f0lum \u00e1 milli tveggja sta\u00f0a og ekki er h\u00e6gt a\u00f0 breyta sl\u00edku.<\/p>","important":false},{"icon":2818,"title":"Fer\u00f0ast samkv\u00e6mt f\u00f6stu skipulagi","paragraph":"<p>\u00de\u00fa veist hven\u00e6r \u00fe\u00fa vilt fer\u00f0ast. \u00de\u00fa ert me\u00f0 dagsetningarnar \u00fe\u00ednar tilb\u00fanar, ert me\u00f0 fasta fer\u00f0a\u00e1\u00e6tlun og ert tilb\u00fain(n) a\u00f0 skuldbinda \u00feig til \u00e1kve\u00f0innar dagsetningar og lesta.<\/p>","important":false},{"icon":567,"title":"Fer\u00f0ast \u00ed h\u00f3p","paragraph":"<p>A\u00f0eins \u00feeir sem hafa fengi\u00f0 a\u00f0 fer\u00f0ast \u00ed h\u00f3p geta fer\u00f0ast \u00ed h\u00f3p. Til \u00feess a\u00f0 \u00fe\u00fa getir fer\u00f0ast \u00ed h\u00f3p \u00feurfa allir einstaklingar \u00ed h\u00f3pnum a\u00f0 ganga \u00far skugga um a\u00f0 fylla \u00fat fer\u00f0ab\u00f3kunarey\u00f0ubla\u00f0i\u00f0.<\/p>","important":false},{"icon":483,"title":"Fer\u00f0ast \u00ed b\u00fasetulandi","paragraph":"<p>Fer\u00f0in \u00fe\u00edn \u00fat og heimfer\u00f0 ver\u00f0ur b\u00f3ku\u00f0 sem farse\u00f0lar \u00e1 milli tveggja sta\u00f0a. \u00de\u00fa getur fer\u00f0ast me\u00f0 fleiri en einni lest, a\u00f0 \u00fev\u00ed gefnu a\u00f0 fyrsti \u00e1fangasta\u00f0ur \u00feinn s\u00e9 erlendis.<\/p>","important":false},{"icon":511,"title":"Fer\u00f0abreytingar","paragraph":"<p>Farse\u00f0lar ver\u00f0a b\u00f3ka\u00f0ir \u00e1 grundvelli s\u00e9rstakra lestar, \u00e1n breytinga \u00e1 fer\u00f0a\u00e1\u00e6tlun.<br \/>\r\nEngar vi\u00f0b\u00e6tur vegna breytinga, n\u00fdrra b\u00f3kana e\u00f0a annars kostna\u00f0ar sem til fellur \u00ed fer\u00f0inni mun falla \u00e1 framkv\u00e6mdastj\u00f3rn Evr\u00f3pusambandsins.<\/p>","important":false},{"icon":595,"title":"Mikilv\u00e6gt","paragraph":"<p>Fer\u00f0a\u00e1\u00e6tlanir \u00e1 milli tveggja sta\u00f0a ver\u00f0a takmarka\u00f0ar vi\u00f0 lestir sem leyfa b\u00f3kun \u00e1 farse\u00f0lum \u00e1 netinu. Ef afb\u00f3kanir e\u00f0a tafir ver\u00f0a \u00e6tti fer\u00f0ama\u00f0urinn a\u00f0 hafa samband vi\u00f0 samg\u00f6ngufyrirt\u00e6ki\u00f0.<br \/>\r\nKynntu \u00fe\u00e9r betur r\u00e9ttindi far\u00feega \u00ed ESB\u00a0h\u00e9r.<\/p>","important":true}]},"link_travel_option":{"title":"Far\u00f0u me\u00f0 mig \u00ed hj\u00e1lparmi\u00f0st\u00f6\u00f0ina","url":"https:\/\/help.start-discover.eu\/","target":"_blank"}},"yoast_head":"<!-- This site is optimized with the Yoast SEO plugin v21.9.1 - https:\/\/yoast.com\/wordpress\/plugins\/seo\/ -->\n<title>Get started - DiscoverEU<\/title>\n<meta name=\"robots\" content=\"index, follow, max-snippet:-1, max-image-preview:large, max-video-preview:-1\" \/>\n<link rel=\"canonical\" href=\"https:\/\/www.start-discover.eu\/is\/get-started\" \/>\n<meta property=\"og:locale\" content=\"is_IS\" \/>\n<meta property=\"og:type\" content=\"article\" \/>\n<meta property=\"og:title\" content=\"Get started - DiscoverEU\" \/>\n<meta property=\"og:description\" content=\"&nbsp; &nbsp;\" \/>\n<meta property=\"og:url\" content=\"https:\/\/www.start-discover.eu\/is\/get-started\" \/>\n<meta property=\"og:site_name\" content=\"DiscoverEU\" \/>\n<meta property=\"article:modified_time\" content=\"2026-01-02T15:11:46+00:00\" \/>\n<meta property=\"og:image\" content=\"https:\/\/www.start-discover.eu\/app\/uploads\/2024\/07\/DEU-logo-1-scaled.jpg\" \/>\n\t<meta property=\"og:image:width\" content=\"2560\" \/>\n\t<meta property=\"og:image:height\" content=\"1440\" \/>\n\t<meta property=\"og:image:type\" content=\"image\/jpeg\" \/>\n<meta name=\"twitter:card\" content=\"summary_large_image\" \/>\n<script type=\"application\/ld+json\" class=\"yoast-schema-graph\">{\"@context\":\"https:\/\/schema.org\",\"@graph\":[{\"@type\":\"WebPage\",\"@id\":\"https:\/\/www.start-discover.eu\/is\/get-started\",\"url\":\"https:\/\/www.start-discover.eu\/is\/get-started\",\"name\":\"Get started - DiscoverEU\",\"isPartOf\":{\"@id\":\"https:\/\/www.start-discover.eu\/is#website\"},\"datePublished\":\"2023-10-18T14:11:14+00:00\",\"dateModified\":\"2026-01-02T15:11:46+00:00\",\"breadcrumb\":{\"@id\":\"https:\/\/www.start-discover.eu\/is\/get-started#breadcrumb\"},\"inLanguage\":\"is-IS\",\"potentialAction\":[{\"@type\":\"ReadAction\",\"target\":[\"https:\/\/www.start-discover.eu\/is\/get-started\"]}]},{\"@type\":\"BreadcrumbList\",\"@id\":\"https:\/\/www.start-discover.eu\/is\/get-started#breadcrumb\",\"itemListElement\":[{\"@type\":\"ListItem\",\"position\":1,\"name\":\"Home\",\"item\":\"https:\/\/www.start-discover.eu\/is\"},{\"@type\":\"ListItem\",\"position\":2,\"name\":\"Get started\"}]},{\"@type\":\"WebSite\",\"@id\":\"https:\/\/www.start-discover.eu\/is#website\",\"url\":\"https:\/\/www.start-discover.eu\/is\",\"name\":\"DiscoverEU\",\"description\":\"\",\"publisher\":{\"@id\":\"https:\/\/www.start-discover.eu\/is#organization\"},\"potentialAction\":[{\"@type\":\"SearchAction\",\"target\":{\"@type\":\"EntryPoint\",\"urlTemplate\":\"https:\/\/www.start-discover.eu\/is?s={search_term_string}\"},\"query-input\":\"required name=search_term_string\"}],\"inLanguage\":\"is-IS\"},{\"@type\":\"Organization\",\"@id\":\"https:\/\/www.start-discover.eu\/is#organization\",\"name\":\"DiscoverEU\",\"url\":\"https:\/\/www.start-discover.eu\/is\",\"logo\":{\"@type\":\"ImageObject\",\"inLanguage\":\"is-IS\",\"@id\":\"https:\/\/www.start-discover.eu\/is#\/schema\/logo\/image\/\",\"url\":\"https:\/\/www.start-discover.eu\/app\/uploads\/2024\/07\/DEU-logo-696x696-1-scaled.jpg\",\"contentUrl\":\"https:\/\/www.start-discover.eu\/app\/uploads\/2024\/07\/DEU-logo-696x696-1-scaled.jpg\",\"width\":2560,\"height\":2560,\"caption\":\"DiscoverEU\"},\"image\":{\"@id\":\"https:\/\/www.start-discover.eu\/is#\/schema\/logo\/image\/\"}}]}<\/script>\n<!-- \/ Yoast SEO plugin. -->","yoast_head_json":{"title":"Get started - DiscoverEU","robots":{"index":"index","follow":"follow","max-snippet":"max-snippet:-1","max-image-preview":"max-image-preview:large","max-video-preview":"max-video-preview:-1"},"canonical":"https:\/\/www.start-discover.eu\/is\/get-started","og_locale":"is_IS","og_type":"article","og_title":"Get started - DiscoverEU","og_description":"&nbsp; &nbsp;","og_url":"https:\/\/www.start-discover.eu\/is\/get-started","og_site_name":"DiscoverEU","article_modified_time":"2026-01-02T15:11:46+00:00","og_image":[{"width":2560,"height":1440,"url":"https:\/\/www.start-discover.eu\/app\/uploads\/2024\/07\/DEU-logo-1-scaled.jpg","type":"image\/jpeg"}],"twitter_card":"summary_large_image","schema":{"@context":"https:\/\/schema.org","@graph":[{"@type":"WebPage","@id":"https:\/\/www.start-discover.eu\/is\/get-started","url":"https:\/\/www.start-discover.eu\/is\/get-started","name":"Get started - DiscoverEU","isPartOf":{"@id":"https:\/\/www.start-discover.eu\/is#website"},"datePublished":"2023-10-18T14:11:14+00:00","dateModified":"2026-01-02T15:11:46+00:00","breadcrumb":{"@id":"https:\/\/www.start-discover.eu\/is\/get-started#breadcrumb"},"inLanguage":"is-IS","potentialAction":[{"@type":"ReadAction","target":["https:\/\/www.start-discover.eu\/is\/get-started"]}]},{"@type":"BreadcrumbList","@id":"https:\/\/www.start-discover.eu\/is\/get-started#breadcrumb","itemListElement":[{"@type":"ListItem","position":1,"name":"Home","item":"https:\/\/www.start-discover.eu\/is"},{"@type":"ListItem","position":2,"name":"Get started"}]},{"@type":"WebSite","@id":"https:\/\/www.start-discover.eu\/is#website","url":"https:\/\/www.start-discover.eu\/is","name":"DiscoverEU","description":"","publisher":{"@id":"https:\/\/www.start-discover.eu\/is#organization"},"potentialAction":[{"@type":"SearchAction","target":{"@type":"EntryPoint","urlTemplate":"https:\/\/www.start-discover.eu\/is?s={search_term_string}"},"query-input":"required name=search_term_string"}],"inLanguage":"is-IS"},{"@type":"Organization","@id":"https:\/\/www.start-discover.eu\/is#organization","name":"DiscoverEU","url":"https:\/\/www.start-discover.eu\/is","logo":{"@type":"ImageObject","inLanguage":"is-IS","@id":"https:\/\/www.start-discover.eu\/is#\/schema\/logo\/image\/","url":"https:\/\/www.start-discover.eu\/app\/uploads\/2024\/07\/DEU-logo-696x696-1-scaled.jpg","contentUrl":"https:\/\/www.start-discover.eu\/app\/uploads\/2024\/07\/DEU-logo-696x696-1-scaled.jpg","width":2560,"height":2560,"caption":"DiscoverEU"},"image":{"@id":"https:\/\/www.start-discover.eu\/is#\/schema\/logo\/image\/"}}]}},"_links":{"self":[{"href":"https:\/\/www.start-discover.eu\/is\/wp-json\/wp\/v2\/pages\/1951"}],"collection":[{"href":"https:\/\/www.start-discover.eu\/is\/wp-json\/wp\/v2\/pages"}],"about":[{"href":"https:\/\/www.start-discover.eu\/is\/wp-json\/wp\/v2\/types\/page"}],"author":[{"embeddable":true,"href":"https:\/\/www.start-discover.eu\/is\/wp-json\/wp\/v2\/users\/10"}],"replies":[{"embeddable":true,"href":"https:\/\/www.start-discover.eu\/is\/wp-json\/wp\/v2\/comments?post=1951"}],"version-history":[{"count":6,"href":"https:\/\/www.start-discover.eu\/is\/wp-json\/wp\/v2\/pages\/1951\/revisions"}],"predecessor-version":[{"id":4826,"href":"https:\/\/www.start-discover.eu\/is\/wp-json\/wp\/v2\/pages\/1951\/revisions\/4826"}],"wp:attachment":[{"href":"https:\/\/www.start-discover.eu\/is\/wp-json\/wp\/v2\/media?parent=1951"}],"curies":[{"name":"wp","href":"https:\/\/api.w.org\/{rel}","templated":true}]}}