{"id":1852,"date":"2023-11-13T18:49:23","date_gmt":"2023-11-13T18:49:23","guid":{"rendered":"https:\/\/v2.start-discover.eu\/profile"},"modified":"2026-03-30T08:20:26","modified_gmt":"2026-03-30T08:20:26","slug":"profile","status":"publish","type":"page","link":"https:\/\/www.start-discover.eu\/is\/profile","title":{"rendered":"Profile"},"content":{"rendered":"","protected":false},"excerpt":{"rendered":"","protected":false},"author":2,"featured_media":0,"parent":0,"menu_order":0,"comment_status":"closed","ping_status":"closed","template":"","meta":{"footnotes":""},"acf":{"email":"<p>Hall\u00f3 {{firstname}}<\/p>\r\n<p>\u00deakka \u00fe\u00e9r fyrir a\u00f0 fylla \u00fat #DiscoverEU k\u00f6nnunina.<\/p>\r\n<p>\u00de\u00e1ttt\u00f6kusk\u00edrteini \u00feitt er n\u00fa f\u00e1anlegt \u00e1 #DiscoverEU pr\u00f3f\u00edlnum \u00fe\u00ednum.<\/p>\r\n<p>\u00de\u00fa \u00fearft einfaldlega a\u00f0 komast inn \u00e1 b\u00f3kunarey\u00f0ubla\u00f0stengilinn \u00feinn, \u00feann sem \u00fe\u00fa nota\u00f0ir til a\u00f0 bi\u00f0ja um #DiscoverEU Pass (tengillinn byrjar \u00e1 '<a href=\"http:\/\/registrations.start-discover.eu\/\">registrations.start-discover.eu<\/a>') og smelltu \u00e1 hnappinn \u201eHla\u00f0a ni\u00f0ur #DiscoverEU \u00fe\u00e1ttt\u00f6kusk\u00edrteini \u00fe\u00ednu\u201c.<\/p>\r\n<p>Vi\u00f0 vonum a\u00f0 \u00fe\u00fa hafir b\u00fai\u00f0 til \u00f3gleymanlegar minningar!<\/p>\r\n<p>\u00d3ska \u00fe\u00e9r alls hins besta.<\/p>\r\n<p>Fer\u00f0ateymi DiscoverEU<\/p>","infobox":{"title":"\u00de\u00e1ttt\u00f6kusk\u00edrteini\u00f0 \u00feitt er tilb\u00fai\u00f0.","textual_content":"\u00de\u00fa getur hala\u00f0 \u00fev\u00ed ni\u00f0ur me\u00f0 \u00fev\u00ed a\u00f0 smella \u00e1 hnappinn h\u00e9r a\u00f0 ne\u00f0an.","button_label":"S\u00e6ktu #DiscoverEU \u00fe\u00e1ttt\u00f6kusk\u00edrteini\u00f0 \u00feitt"},"intro":{"title":{"hello_name":"Hall\u00f3 {{firstname}}","welcome_on_your_discovereu_profile":"Gaman a\u00f0 f\u00e1 \u00feig \u00e1 notandas\u00ed\u00f0u \u00fe\u00edna \u00e1 DiscoverEU!"},"this_page_gathers_all_the_information_necessary":"\u00c1 \u00feessari s\u00ed\u00f0u getur \u00fe\u00fa n\u00e1lgast allar nau\u00f0synlegar uppl\u00fdsingar fyrir fer\u00f0ina \u00fe\u00edna \u00e1samt skr\u00e1ningaruppl\u00fdsingum og st\u00f6\u00f0u."},"status_created":{"it_looks_like_you_havent_filled_out_your_booking_form_yet":"\u00de\u00fa vir\u00f0ist ekki enn hafa fyllt \u00fat b\u00f3kunarey\u00f0ubla\u00f0i\u00f0","dont_wait_too_long_created":"Ekki b\u00ed\u00f0a of lengi me\u00f0 \u00fea\u00f0! \u00de\u00fa \u00fearft a\u00f0 fylla \u00fea\u00f0 \u00fat fyrir {{closing_date}}","go_to_the_booking_form":"Opna b\u00f3kunarey\u00f0ubla\u00f0"},"requests_and_forms_section":{"visa_form_title":"Bei\u00f0ni um vegabr\u00e9fs\u00e1ritun:","refund_form_title":"Bei\u00f0ni um endurgrei\u00f0slu:","visa_form_label":"Ey\u00f0ubla\u00f0 fyrir bei\u00f0ni um bo\u00f0sbr\u00e9f og fer\u00f0atryggingu","refund_form_label":"Ey\u00f0ubla\u00f0 vegna endurgrei\u00f0slu","visa_form_processing":"Vinnsla bei\u00f0ni","refund_form_processing":"Vinnsla bei\u00f0ni","visa_form_processed":"Bei\u00f0ni me\u00f0h\u00f6ndlu\u00f0","refund_form_processed":"Bei\u00f0ni me\u00f0h\u00f6ndlu\u00f0"},"status_initialized":{"it_looks_like_you_havent_finished_filled_out_your_booking_form_yet":"\u00de\u00fa vir\u00f0ist ekki hafa loki\u00f0 vi\u00f0 a\u00f0 fylla \u00fat b\u00f3kunarey\u00f0ubla\u00f0i\u00f0","dont_wait_too_long_initialized":"Ekki b\u00ed\u00f0a of lengi me\u00f0 \u00fea\u00f0! \u00de\u00fa \u00fearft a\u00f0 fylla \u00fea\u00f0 \u00fat fyrir {{closing_date}}","continue_to_complete_your_booking_form":"Halda \u00e1fram til a\u00f0 fylla \u00fat b\u00f3kunarey\u00f0ubla\u00f0"},"status_pending":{"your_identity_documents_are_being_checked":"Veri\u00f0 er a\u00f0 fara yfir skilr\u00edki \u00fe\u00edn","once_your_identity_has_been_verified":"\u00deegar skilr\u00edkin hafa veri\u00f0 yfirfarin berst \u00fe\u00e9r sj\u00e1lfvirk sta\u00f0festing \u00ed t\u00f6lvup\u00f3sti. T\u00f6lvup\u00f3sturinn ber yfirskriftina \u201ep\u00f6ntun \u00fe\u00edn hefur veri\u00f0 sta\u00f0fest, h\u00e9r eru n\u00e1nari uppl\u00fdsingar\u201c og er sendur fr\u00e1 netfanginu \u201ecustomerservice@interrail.eu\u201c.","tip:_check_your_spam":"\u00c1bending: Athuga\u00f0u hvort t\u00f6lvup\u00f3sturinn hafi lent \u00ed rustlp\u00f3stinum","learn_more_about_verifying_my_documents":"Frekari uppl\u00fdsingar um sta\u00f0festingu skilr\u00edkja","learn_more_about_verifying_my_documents_url":"https:\/\/registrations.start-discover.eu\/images\/EU_DiscoverEU_GuideID_en.jpg"},"status_declined_first_try":{"couldnt_verify_identity_documents":"Athugi\u00f0: p\u00f6ntunarey\u00f0ubla\u00f0 \u00feitt er enn ekki fullkl\u00e1ra\u00f0.","submitting_documents_a_second_time":"G\u00f6gnin sem \u00fe\u00fa sendir inn til a\u00f0 sta\u00f0festa au\u00f0kenni \u00feitt voru ekki sam\u00feykkt. \u00de\u00fa getur pr\u00f3fa\u00f0 a\u00f0 senda \u00feau inn \u00ed anna\u00f0 sinn.","back_to_submission_step":"Til baka \u00ed innsendingu","warning_can_only_submit_documents_twice":"Athuga\u00f0u: \u00de\u00fa getur a\u00f0eins sent g\u00f6gn inn tvisvar."},"status_declined_second_try":{"identity_documents_could_not_be_verified_twice":"Athugi\u00f0: p\u00f6ntunarey\u00f0ubla\u00f0 \u00feitt er enn ekki fullkl\u00e1ra\u00f0.","not_accepted_for_the_second_time":"G\u00f6gnin sem \u00fe\u00fa sendir inn til a\u00f0 sta\u00f0festa au\u00f0kenni \u00feitt voru ekki sam\u00feykkt \u00ed anna\u00f0 sinn. Haf\u00f0u samband vi\u00f0 okkur til a\u00f0 leysa \u00far m\u00e1linu."},"status_success":{"flex_stnd":{"congratulations_your_reservation_is_completed_and_validated":"Til hamingju, ey\u00f0ubla\u00f0 \u00feitt er fullkl\u00e1ra\u00f0 og sta\u00f0fest!","your_pass_is_available_in_your_email":"<p>A\u00f0gangseyririnn \u00feinn hefur veri\u00f0 sendur \u00e1 netfangi\u00f0 \u00feitt. Ef \u00fe\u00fa s\u00e9r\u00f0 hann ekki, vinsamlegast athuga\u00f0u ruslp\u00f3stm\u00f6ppuna \u00fe\u00edna. Ef hann er enn ekki \u00fear, haf\u00f0u samband vi\u00f0 Fer\u00f0ateymi\u00f0 \u00ed gegnum s\u00ed\u00f0una til a\u00f0 senda bei\u00f0ni \u00ed <a href=\"https:\/\/discovereu-wave6.zendesk.com\/hc\/en-gb\/requests\/new\"><strong>Hj\u00e1lparmi\u00f0st\u00f6\u00f0ina<\/strong><\/a>.<br \/>\r\n<br \/>\r\n<\/p>"},"flex_ovs":{"congratulations_your_reservation_is_completed_and_validated":"Til hamingju, b\u00f3kun \u00fe\u00edn er n\u00fa fr\u00e1gengin og sta\u00f0fest!","the_travel_team_will_contact_you_three_months_before_your_departure_date_to_book_your_flights":"Passinn hefur veri\u00f0 sendur til \u00fe\u00edn \u00ed t\u00f6lvup\u00f3sti. Ef t\u00f6lvup\u00f3sturinn barst \u00fe\u00e9r ekki skaltu pr\u00f3fa a\u00f0 athuga \u00ed ruslp\u00f3stinum. A\u00f0 \u00f6\u00f0rum kosti skaltu ekki hika vi\u00f0 a\u00f0 hafa samband vi\u00f0 fer\u00f0ateymi\u00f0 me\u00f0 \u00fev\u00ed a\u00f0 senda bei\u00f0ni \u00ed gegnum hj\u00e1lparmi\u00f0st\u00f6\u00f0ina. Fer\u00f0ateymi\u00f0 mun hafa samband vi\u00f0 \u00feig \u00feremur m\u00e1nu\u00f0um fyrir brottfarardag til a\u00f0 b\u00f3ka flugin \u00fe\u00edn."},"fix_stnd":{"congratulations_your_reservation_is_completed_and_validated":"Til hamingju, b\u00f3kun \u00fe\u00edn er n\u00fa fr\u00e1gengin og sta\u00f0fest!","the_travel_team_will_contact_you_three_months_before_your_departure_date_to_book_your_fix_trip":"Fer\u00f0ateymi\u00f0 mun hafa samband vi\u00f0 \u00feig \u00feremur m\u00e1nu\u00f0um fyrir brottfarardag til a\u00f0 b\u00f3ka FIX-fer\u00f0ina \u00fe\u00edna."},"fix_ovs":{"congratulations_your_reservation_is_completed_and_validated":"Til hamingju, b\u00f3kun \u00fe\u00edn er n\u00fa fr\u00e1gengin og sta\u00f0fest!","the_travel_team_will_contact_you_three_months_before_your_departure_date_to_book_your_flights":"Fer\u00f0ateymi\u00f0 mun hafa samband vi\u00f0 \u00feig \u00feremur m\u00e1nu\u00f0um \u00e1\u00f0ur en \u00fe\u00fa fer\u00f0 til a\u00f0 b\u00f3ka FIX fer\u00f0ina \u00fe\u00edna og flugmi\u00f0a \u00fe\u00edna."}},"status_accessibility":{"booking_form_completed":"B\u00f3kunarey\u00f0ubla\u00f0i\u00f0 \u00feitt hefur veri\u00f0 \u00fatfyllt.","flex_pass_will_be_issued_only_if_you_have_any_accessibility_needs":"\u00de\u00fa \u00e6ttir a\u00f0 hafa fengi\u00f0 t\u00f6lvup\u00f3st var\u00f0andi a\u00f0gengis\u00fearfir \u00fe\u00ednar. Vinsamlegast svara\u00f0u Fer\u00f0ateyminu \u00ed gegnum tengili\u00f0arey\u00f0ubla\u00f0i\u00f0 svo vi\u00f0 getum \u00fatvega\u00f0 \u00fe\u00e9r DiscoverEU-passann."},"discovereu_community_section":{"discovereu_community":"Samf\u00e9lag DiscoverEU","looking_to_make_the_most_of_your_exciting_journey":"<p>Viltu f\u00e1 sem mest \u00fat \u00far fer\u00f0inni \u00feinni \u00e1 me\u00f0an \u00fe\u00fa kannar Evr\u00f3pu? Samf\u00e9lagsvettvangur DiscoverEU er samkomusta\u00f0ur \u00fear sem \u00fe\u00fa getur kynnst n\u00fdju f\u00f3lki, \u00e1tt \u00ed samr\u00e6\u00f0um, deilt fer\u00f0a\u00e1\u00e6tlun \u00feinni, mynda\u00f0 tengsl og noti\u00f0 innbl\u00e1sturs til a\u00f0 f\u00e1 sem mest \u00fat \u00far fer\u00f0 \u00feinni me\u00f0 DiscoverEU!<\/p>","join_the_#discovereu_community_label":"Gakktu \u00ed h\u00f3p samf\u00e9lags #DiscoverEU*","join_the_#discovereu_community_url":"https:\/\/discovereucommunity.interrail.eu\/","accessible_through_the_discovereu_travel_app":"*A\u00f0gangur f\u00e6st \u00ed gegnum fer\u00f0aapp DiscoverEU e\u00f0a beint \u00far a\u00f0gangsuppl\u00fdsingum appsins"},"european_youth_card_section":{"european_youth_card":"Evr\u00f3pska ungmennakorti\u00f0","with_your_discovereu_pass_you_have_won_the_european_youth_card":"<p>\u00de\u00fa vannst \u00fe\u00e9r inn evr\u00f3pska ungmennakorti\u00f0, \u00fe\u00f6kk s\u00e9 DiscoverEU passanum! Me\u00f0 evr\u00f3pska ungmennakortinu b\u00fd\u00f0st \u00fe\u00e9r afsl\u00e1ttur af gistingu, sko\u00f0unarfer\u00f0um, samg\u00f6ngum og fleiru. \u00de\u00fa getur n\u00e1lgast \u00fea\u00f0 \u00ed DiscoverEU fer\u00f0aappinu undir hlutanum \u201emeira\u201c.<\/p>"},"help_centre_articles_section":{"help_centre_articles":"Greinar \u00ed hj\u00e1lparmi\u00f0st\u00f6\u00f0inni","you_can_find_below_a_selection_of_articles":"H\u00e9r a\u00f0 ne\u00f0an er a\u00f0 finna safn greina sem geta hj\u00e1lpa\u00f0 \u00fe\u00e9r a\u00f0 undirb\u00faa DicoverEU fer\u00f0ina \u00fe\u00edna.","flex_faq_links":{"how_to_get_started_with_your_interrail_mobile_pass":"How to get started with your Interrail Mobile Pass?","how_to_get_started_with_your_interrail_mobile_pass_url":"https:\/\/discovereu-wave6.zendesk.com\/hc\/en-gb\/articles\/6066864956945-How-to-get-started-with-your-Interrail-Mobile-Pass-","what_are_10_things_you_should_know_about_the_interrail_pass":"What are 10 things you should know about the Interrail Pass?","what_are_10_things_you_should_know_about_the_interrail_pass_url":"https:\/\/discovereu-wave6.zendesk.com\/hc\/en-gb\/articles\/11909290422673-What-are-10-things-you-should-know-about-the-Interrail-Pass-"}},"all_travellers_faq_links":{"travel_tips":"Travel Tips","travel_tips_url":"https:\/\/discovereu-wave6.zendesk.com\/hc\/en-gb\/categories\/5768672491409-Travel-Tips","how_can_i_save_money_while_travelling":"How can I save money while travelling?","how_can_i_save_money_while_travelling_url":"https:\/\/discovereu-wave6.zendesk.com\/hc\/en-gb\/articles\/6066862630929-How-can-I-save-money-while-travelling-","how_to_connect_with_other_discovereu_travellers":"How to connect with other DiscoverEU travellers?","how_to_connect_with_other_discovereu_travellers_url":"https:\/\/discovereu-wave6.zendesk.com\/hc\/en-gb\/articles\/6066910634513-How-to-connect-with-other-DiscoverEU-travellers-","what_is_the_discovereu_european_youth_card":"What is the DiscoverEU European Youth Card?","what_is_the_discovereu_european_youth_card_url":"https:\/\/discovereu-wave6.zendesk.com\/hc\/en-gb\/articles\/6066928796689-What-is-the-DiscoverEU-European-Youth-Card-"},"contact_us":"Hafa samband","contact_us_url":"https:\/\/discovereu-wave6.zendesk.com\/hc\/en-gb\/requests\/new","login_items":{"email":"Netfang","password":"Lykilor\u00f0","forgotten_password":"Gleymdir \u00fe\u00fa lykilor\u00f0inu?","modify_password_label":"Breyta lykilor\u00f0i","login_label":"Innskr\u00e1ning","log_out_label":"Skr\u00e1 \u00fat","new_password":"N\u00fdtt lykilor\u00f0","confirm_password":"Sta\u00f0festu lykilor\u00f0i\u00f0","back_to_login":"Til baka \u00e1 innskr\u00e1ningars\u00ed\u00f0u","send_link":"Senda hlekk","your_are_not_firstname":"Ert \u00fe\u00fa ekki {{firstname}}?"},"login_content":{"first_password_change":"Af \u00f6ryggis\u00e1st\u00e6\u00f0um bi\u00f0jum vi\u00f0 \u00feig um a\u00f0 breyta upphaflega lykilor\u00f0inu.","email_for_password_modify":"Sl\u00e1\u00f0u inn netfangi\u00f0 sem \u00fe\u00fa notar til a\u00f0 skr\u00e1 \u00feig inn og vi\u00f0 sendum \u00fe\u00e9r hlekk til a\u00f0 endurstilla lykilor\u00f0i\u00f0.","strong_password_choice":"Veldu sterkt lykilor\u00f0.","password_combination_instruction":"Veldu samsetningu b\u00f3kstafa, t\u00f6lustafa og s\u00e9rstafa.","change_your_password":"Breyta lykilor\u00f0inu","update_your_password":"Uppf\u00e6ra lykilor\u00f0","sign_in_with_password":"Innskr\u00e1ning me\u00f0 lykilor\u00f0i"},"toasts_content":{"please_enter_a_valid_email_address":"Vinsamlegast sl\u00e1\u00f0u inn r\u00e9tt netfang","please_enter_your_email_address":"Vinsamlegast sl\u00e1\u00f0u inn netfang \u00feitt","please_enter_your_password":"Vinsamlegast sl\u00e1\u00f0u inn lykilor\u00f0 \u00feitt","please_enter_your_new_password":"Vinsamlegast sl\u00e1\u00f0u inn n\u00fdtt lykilor\u00f0","redirecting_you_to_the_app":"Sendi \u00feig \u00e1fram \u00ed appi\u00f0\u2026","something_went_wrong":"Eitthva\u00f0 f\u00f3r \u00farskei\u00f0is...","oops":"\u00daps...","sign_in":"N\u00fdskr\u00e1ning","password_updated":"Lykilor\u00f0 uppf\u00e6rt","password_reset":"Endustilla lykilor\u00f0","sent_email_with_link_to_reset_password":"Vi\u00f0 sendum \u00fe\u00e9r t\u00f6lvup\u00f3st me\u00f0 hlekk til a\u00f0 endurstilla lykilor\u00f0i\u00f0. \u00de\u00fa getur loka\u00f0 \u00feessum glugga","password_6_characters":"Lykilor\u00f0i\u00f0 ver\u00f0ur a\u00f0 innihalda a\u00f0 minnsta kosti sex stafi","password_characters_format":"Lykilor\u00f0i\u00f0 ver\u00f0ur a\u00f0 innihalda a\u00f0 minnsta kosti einn b\u00f3kstaf, eina t\u00f6lu og einn s\u00e9rstaf."},"do_you_have_questions_about_your_reservation":"Ertu me\u00f0 spurningar var\u00f0andi b\u00f3kun \u00fe\u00edna?","identity_verification_status":"Sta\u00f0a sta\u00f0festingar \u00e1 skilr\u00edkjum","if_your_status_is_not_verified_be_sure_to_contact_the_travel_team_through_the_help_center":"<p>Ef ekki er b\u00fai\u00f0 a\u00f0 <strong>sta\u00f0festa<\/strong> skilr\u00edkin skaltu hafa samband vi\u00f0 fer\u00f0ateymi\u00f0 \u00ed gegnum hj\u00e1lparmi\u00f0st\u00f6\u00f0ina.<\/p>","reservation_status":"Sta\u00f0a b\u00f3kunar","if_your_status_is_not_booked_it_means_there_was_a_problem_with_your_identity_verification_or_there_is_an_error_with_your_reservation_be_sure_to_contact_the_travel_team_via_the_center_help":"<p>Ef b\u00f3kun er ekki <strong>fr\u00e1gengin<\/strong> \u00fe\u00fd\u00f0ir \u00fea\u00f0 a\u00f0 vandam\u00e1l hafi komi\u00f0 upp vi\u00f0 sta\u00f0festingu skilr\u00edkja e\u00f0a a\u00f0 villa hafi komi\u00f0 upp vi\u00f0 b\u00f3kun. Haf\u00f0u samband vi\u00f0 fer\u00f0ateymi\u00f0 \u00ed gegnum hj\u00e1lparmi\u00f0st\u00f6\u00f0ina.<\/p>","fix_booking_status":"Sta\u00f0a FIX-b\u00f3kunar","if_your_status_is_not_registered_it_means_there_was_a_problem_with_your_identity_verification_or_there_is_an_error_with_your_reservation_be_sure_to_contact_the_travel_team_via_the_center_help":"<p>Ef skr\u00e1ning er ekki <strong>fr\u00e1gengin<\/strong> \u00fe\u00fd\u00f0ir \u00fea\u00f0 a\u00f0 vandam\u00e1l hafi komi\u00f0 upp vi\u00f0 sta\u00f0festingu skilr\u00edkja e\u00f0a a\u00f0 villa hafi komi\u00f0 upp vi\u00f0 b\u00f3kun. Haf\u00f0u samband vi\u00f0 fer\u00f0ateymi\u00f0 \u00ed gegnum hj\u00e1lparmi\u00f0st\u00f6\u00f0ina.<\/p>","discovereu_travel_app_account_2":"A\u00f0gangur a\u00f0 fer\u00f0aappi DiscoverEU*","interrail_pass_2":"Interrail passi","identification":{"your_informations":"\u00de\u00ednar uppl\u00fdsingar","personal_data":"Pers\u00f3nuuppl\u00fdsingar","first_name":"Eiginnafn","last_name":"Kenninafn","date_of_birth":"F\u00e6\u00f0ingardagur","email":"Netfang","ticket_type":"Tegund mi\u00f0a","document_country":"\u00datg\u00e1fuland skilr\u00edkja","statuses":"St\u00f6\u00f0ur","document_verification":"Sta\u00f0festing skilr\u00edkja","booking_status":"Sta\u00f0a b\u00f3kunar","discovereu_travel_app_account":"A\u00f0gangur a\u00f0 fer\u00f0aappi DiscoverEU","interrail_pass":"DicoverEU passi"}},"yoast_head":"<!-- This site is optimized with the Yoast SEO plugin v21.9.1 - https:\/\/yoast.com\/wordpress\/plugins\/seo\/ -->\n<title>Profile - DiscoverEU<\/title>\n<meta name=\"robots\" content=\"index, follow, max-snippet:-1, max-image-preview:large, max-video-preview:-1\" \/>\n<link rel=\"canonical\" href=\"https:\/\/www.start-discover.eu\/is\/profile\" \/>\n<meta property=\"og:locale\" content=\"is_IS\" \/>\n<meta property=\"og:type\" content=\"article\" \/>\n<meta property=\"og:title\" content=\"Profile - DiscoverEU\" \/>\n<meta property=\"og:url\" content=\"https:\/\/www.start-discover.eu\/is\/profile\" \/>\n<meta property=\"og:site_name\" content=\"DiscoverEU\" \/>\n<meta property=\"article:modified_time\" content=\"2026-03-30T08:20:26+00:00\" \/>\n<meta property=\"og:image\" content=\"https:\/\/www.start-discover.eu\/app\/uploads\/2024\/07\/DEU-logo-1-scaled.jpg\" \/>\n\t<meta property=\"og:image:width\" content=\"2560\" \/>\n\t<meta property=\"og:image:height\" content=\"1440\" \/>\n\t<meta property=\"og:image:type\" content=\"image\/jpeg\" \/>\n<meta name=\"twitter:card\" content=\"summary_large_image\" \/>\n<script type=\"application\/ld+json\" class=\"yoast-schema-graph\">{\"@context\":\"https:\/\/schema.org\",\"@graph\":[{\"@type\":\"WebPage\",\"@id\":\"https:\/\/www.start-discover.eu\/is\/profile\",\"url\":\"https:\/\/www.start-discover.eu\/is\/profile\",\"name\":\"Profile - DiscoverEU\",\"isPartOf\":{\"@id\":\"https:\/\/www.start-discover.eu\/is#website\"},\"datePublished\":\"2023-11-13T18:49:23+00:00\",\"dateModified\":\"2026-03-30T08:20:26+00:00\",\"breadcrumb\":{\"@id\":\"https:\/\/www.start-discover.eu\/is\/profile#breadcrumb\"},\"inLanguage\":\"is-IS\",\"potentialAction\":[{\"@type\":\"ReadAction\",\"target\":[\"https:\/\/www.start-discover.eu\/is\/profile\"]}]},{\"@type\":\"BreadcrumbList\",\"@id\":\"https:\/\/www.start-discover.eu\/is\/profile#breadcrumb\",\"itemListElement\":[{\"@type\":\"ListItem\",\"position\":1,\"name\":\"Home\",\"item\":\"https:\/\/www.start-discover.eu\/is\"},{\"@type\":\"ListItem\",\"position\":2,\"name\":\"Profile\"}]},{\"@type\":\"WebSite\",\"@id\":\"https:\/\/www.start-discover.eu\/is#website\",\"url\":\"https:\/\/www.start-discover.eu\/is\",\"name\":\"DiscoverEU\",\"description\":\"\",\"publisher\":{\"@id\":\"https:\/\/www.start-discover.eu\/is#organization\"},\"potentialAction\":[{\"@type\":\"SearchAction\",\"target\":{\"@type\":\"EntryPoint\",\"urlTemplate\":\"https:\/\/www.start-discover.eu\/is?s={search_term_string}\"},\"query-input\":\"required name=search_term_string\"}],\"inLanguage\":\"is-IS\"},{\"@type\":\"Organization\",\"@id\":\"https:\/\/www.start-discover.eu\/is#organization\",\"name\":\"DiscoverEU\",\"url\":\"https:\/\/www.start-discover.eu\/is\",\"logo\":{\"@type\":\"ImageObject\",\"inLanguage\":\"is-IS\",\"@id\":\"https:\/\/www.start-discover.eu\/is#\/schema\/logo\/image\/\",\"url\":\"https:\/\/www.start-discover.eu\/app\/uploads\/2024\/07\/DEU-logo-696x696-1-scaled.jpg\",\"contentUrl\":\"https:\/\/www.start-discover.eu\/app\/uploads\/2024\/07\/DEU-logo-696x696-1-scaled.jpg\",\"width\":2560,\"height\":2560,\"caption\":\"DiscoverEU\"},\"image\":{\"@id\":\"https:\/\/www.start-discover.eu\/is#\/schema\/logo\/image\/\"}}]}<\/script>\n<!-- \/ Yoast SEO plugin. -->","yoast_head_json":{"title":"Profile - DiscoverEU","robots":{"index":"index","follow":"follow","max-snippet":"max-snippet:-1","max-image-preview":"max-image-preview:large","max-video-preview":"max-video-preview:-1"},"canonical":"https:\/\/www.start-discover.eu\/is\/profile","og_locale":"is_IS","og_type":"article","og_title":"Profile - DiscoverEU","og_url":"https:\/\/www.start-discover.eu\/is\/profile","og_site_name":"DiscoverEU","article_modified_time":"2026-03-30T08:20:26+00:00","og_image":[{"width":2560,"height":1440,"url":"https:\/\/www.start-discover.eu\/app\/uploads\/2024\/07\/DEU-logo-1-scaled.jpg","type":"image\/jpeg"}],"twitter_card":"summary_large_image","schema":{"@context":"https:\/\/schema.org","@graph":[{"@type":"WebPage","@id":"https:\/\/www.start-discover.eu\/is\/profile","url":"https:\/\/www.start-discover.eu\/is\/profile","name":"Profile - DiscoverEU","isPartOf":{"@id":"https:\/\/www.start-discover.eu\/is#website"},"datePublished":"2023-11-13T18:49:23+00:00","dateModified":"2026-03-30T08:20:26+00:00","breadcrumb":{"@id":"https:\/\/www.start-discover.eu\/is\/profile#breadcrumb"},"inLanguage":"is-IS","potentialAction":[{"@type":"ReadAction","target":["https:\/\/www.start-discover.eu\/is\/profile"]}]},{"@type":"BreadcrumbList","@id":"https:\/\/www.start-discover.eu\/is\/profile#breadcrumb","itemListElement":[{"@type":"ListItem","position":1,"name":"Home","item":"https:\/\/www.start-discover.eu\/is"},{"@type":"ListItem","position":2,"name":"Profile"}]},{"@type":"WebSite","@id":"https:\/\/www.start-discover.eu\/is#website","url":"https:\/\/www.start-discover.eu\/is","name":"DiscoverEU","description":"","publisher":{"@id":"https:\/\/www.start-discover.eu\/is#organization"},"potentialAction":[{"@type":"SearchAction","target":{"@type":"EntryPoint","urlTemplate":"https:\/\/www.start-discover.eu\/is?s={search_term_string}"},"query-input":"required name=search_term_string"}],"inLanguage":"is-IS"},{"@type":"Organization","@id":"https:\/\/www.start-discover.eu\/is#organization","name":"DiscoverEU","url":"https:\/\/www.start-discover.eu\/is","logo":{"@type":"ImageObject","inLanguage":"is-IS","@id":"https:\/\/www.start-discover.eu\/is#\/schema\/logo\/image\/","url":"https:\/\/www.start-discover.eu\/app\/uploads\/2024\/07\/DEU-logo-696x696-1-scaled.jpg","contentUrl":"https:\/\/www.start-discover.eu\/app\/uploads\/2024\/07\/DEU-logo-696x696-1-scaled.jpg","width":2560,"height":2560,"caption":"DiscoverEU"},"image":{"@id":"https:\/\/www.start-discover.eu\/is#\/schema\/logo\/image\/"}}]}},"_links":{"self":[{"href":"https:\/\/www.start-discover.eu\/is\/wp-json\/wp\/v2\/pages\/1852"}],"collection":[{"href":"https:\/\/www.start-discover.eu\/is\/wp-json\/wp\/v2\/pages"}],"about":[{"href":"https:\/\/www.start-discover.eu\/is\/wp-json\/wp\/v2\/types\/page"}],"author":[{"embeddable":true,"href":"https:\/\/www.start-discover.eu\/is\/wp-json\/wp\/v2\/users\/2"}],"replies":[{"embeddable":true,"href":"https:\/\/www.start-discover.eu\/is\/wp-json\/wp\/v2\/comments?post=1852"}],"version-history":[{"count":11,"href":"https:\/\/www.start-discover.eu\/is\/wp-json\/wp\/v2\/pages\/1852\/revisions"}],"predecessor-version":[{"id":5524,"href":"https:\/\/www.start-discover.eu\/is\/wp-json\/wp\/v2\/pages\/1852\/revisions\/5524"}],"wp:attachment":[{"href":"https:\/\/www.start-discover.eu\/is\/wp-json\/wp\/v2\/media?parent=1852"}],"curies":[{"name":"wp","href":"https:\/\/api.w.org\/{rel}","templated":true}]}}