{"id":1949,"date":"2023-10-18T14:11:14","date_gmt":"2023-10-18T14:11:14","guid":{"rendered":"https:\/\/v2.start-discover.eu\/get-started"},"modified":"2026-01-02T15:11:01","modified_gmt":"2026-01-02T15:11:01","slug":"get-started","status":"publish","type":"page","link":"https:\/\/www.start-discover.eu\/hu\/get-started","title":{"rendered":"Get started"},"content":{"rendered":"","protected":false},"excerpt":{"rendered":"","protected":false},"author":10,"featured_media":0,"parent":0,"menu_order":0,"comment_status":"closed","ping_status":"closed","template":"","meta":{"footnotes":""},"acf":{"description":"<h1>Melyek a <span style=\"color: #f0679b;\">foglal\u00e1si folyamat<\/span> l\u00e9p\u00e9sei?<\/h1>\r\n<p>A foglal\u00e1si \u0171rlap bek\u00fcld\u00e9sekor egy fi\u00f3kot hozunk l\u00e9tre sz\u00e1modra. A r\u00e9szleteket e-mailben k\u00fcldj\u00fck el. A fi\u00f3kkal hozz\u00e1f\u00e9rhetsz a DiscoverEU Travel alkalmaz\u00e1shoz, ahol ellen\u0151rizheted a vonat \u00fatvonalakat \u00e9s id\u0151pontokat az utaz\u00e1sod megtervez\u00e9s\u00e9hez, hozz\u00e1f\u00e9rhetsz a DiscoverEU EYCA k\u00e1rty\u00e1hoz, amellyel sz\u00e1mtalan kedvezm\u00e9nyt vehetsz ig\u00e9nybe szerte Eur\u00f3p\u00e1ban \u00e9s csatlakozhatsz a DiscoverEU K\u00f6z\u00f6ss\u00e9ghez, amelyben megoszthatod \u00e9lm\u00e9nyeidet a hozz\u00e1d hasonl\u00f3 utaz\u00f3kkal. A DiscoverEU-passedet k\u00f6zvetlen\u00fcl az alkalmaz\u00e1sban tal\u00e1lod meg.<\/p>","steps_process":[{"title":"Nyisd meg a foglal\u00e1si \u0171rlapot","description":"<p>Nyisd meg a szem\u00e9lyes foglal\u00e1si linkedet (elk\u00fcldve neked a <strong>hello@start-discover.eu<\/strong> c\u00edmr\u0151l)<\/p>"},{"title":"Hiteles\u00edtsd a szem\u00e9lyazonoss\u00e1god","description":"<p>A foglal\u00e1si \u0171rlap r\u00e9szek\u00e9nt, hiteles\u00edtened kell a szem\u00e9lyazonoss\u00e1god.<\/p>"},{"title":"K\u00fcldd el a foglal\u00e1si \u0171rlapot","description":"<p>Amint elk\u00e9sz\u00fclt\u00e9l, fejezd be \u00e9s k\u00fcldd el a foglal\u00e1si \u0171rlapot<\/p>"}],"title_start_process":"Hogyan ind\u00edthatom el a foglal\u00e1si folyamatot?","image_start_process":1950,"description_start_process":"<p><strong>E-mailben megkapod a szem\u00e9lyes foglal\u00e1si hivatkoz\u00e1sodat tartalmaz\u00f3 megh\u00edv\u00f3t.<\/strong><\/p>\r\n<p>Ahhoz, hogy befejezd az utaz\u00e1s foglal\u00e1s\u00e1t, n\u00e9h\u00e1ny dolgot el\u0151re meg kell tervezned. A legfontosabb, hogy legyen n\u00e1lad szem\u00e9lyi igazolv\u00e1ny vagy \u00fatlev\u00e9l, hogy igazolni tudd a szem\u00e9lyazonoss\u00e1godat.<\/p>\r\n<div>\r\n<p>A foglal\u00e1si \u0171rlap kit\u00f6lt\u00e9se k\u00f6zben bizonyos adatok m\u00e1r el\u0151re ki lesznek t\u00f6ltve az alapj\u00e1n, amit az azonos\u00edt\u00e1si folyamat sor\u00e1n kaptunk. Az el\u0151re kit\u00f6lt\u00f6tt adatok a k\u00f6vetkez\u0151k:<\/p>\r\n<ul>\r\n\t<li>E-mail c\u00edm<\/li>\r\n\t<li>Jelentkez\u00e9si k\u00f3d<\/li>\r\n\t<li>Keresztn\u00e9v<\/li>\r\n\t<li>Vezet\u00e9kn\u00e9v<\/li>\r\n\t<li>Sz\u00fclet\u00e9si d\u00e1tum<\/li>\r\n\t<li>Az igazolv\u00e1ny\/\u00fatlev\u00e9l kibocs\u00e1t\u00f3 orsz\u00e1ga<\/li>\r\n<\/ul>\r\n<\/div>\r\n<p><strong>Tov\u00e1bbi, r\u00e9szletesebb t\u00e1j\u00e9koztat\u00e1sra van sz\u00fcks\u00e9ged?<\/strong><br \/>\r\nL\u00e1togass el a T\u00e1mogat\u00e1si k\u00f6zpontba, ahol megtal\u00e1lod a leggyakrabban ism\u00e9telt k\u00e9rd\u00e9sekre adott v\u00e1laszokat.<\/p>","link_start_process":{"title":"L\u00e1togat\u00e1s a T\u00e1mogat\u00e1si k\u00f6zpontba","url":"https:\/\/help.start-discover.eu\/","target":"_blank"},"title":"Minden, amit tudnod kell a DiscoverEU Pass-r\u00f3l","flexible_travel":{"title_flexible":"-","sub_title":"DiscoverEU Interrail Pass","paragraph":"B\u00e1rhov\u00e1 utazhatsz, teljes rugalmass\u00e1ggal","flexible_option":[{"icon":2714,"title":"Utaz\u00e1s el\u0151re meghat\u00e1rozott d\u00e1tumok \u00e9s c\u00e9l\u00e1llom\u00e1sok n\u00e9lk\u00fcl","paragraph":"<p>Er\u0151s\u00edtsd meg az Interrail mobiljegy k\u00e9relmedet, \u00e9s fejezd be a keres\u00e9st k\u00e9s\u0151bb. A mobiljegyet a DiscoverEU Travel alkalmaz\u00e1sban haszn\u00e1lhatod. A jegyet az utaz\u00e1s megkezd\u00e9s\u00e9nek napj\u00e1ig b\u00e1rmikor aktiv\u00e1lhatod. Utaz\u00e1sod sor\u00e1n menet k\u00f6zben tervezhetsz, m\u00f3dos\u00edthatod a c\u00e9l\u00e1llom\u00e1st \u00e9s rugalmasan alak\u00edthatod az utad.<\/p>","important":false},{"icon":2716,"title":"Utazz vonattal 7 napon egy h\u00f3napos id\u0151szakon bel\u00fcl","paragraph":"<p>A jegy 7 \u00e1ltalad kiv\u00e1lasztott napon haszn\u00e1lhat\u00f3 egy meghat\u00e1rozott 1 h\u00f3napos id\u0151szakon bel\u00fcl. Utazz oda-vissza, egym\u00e1s ut\u00e1ni napokon, vagy oszd el az utaz\u00e1sokat egy h\u00f3napon bel\u00fcl. Mindent k\u00f6zvetlen\u00fcl megszervezhetsz a DiscoverEU Travel alkalmaz\u00e1sban.<\/p>","important":false},{"icon":538,"title":"Utazz egyed\u00fcl vagy csoportosan!","paragraph":"<p>Te d\u00f6nt\u00f6d el, hogy egyed\u00fcl vagy csoportosan utazol-e. A DiscoverEU-ra val\u00f3 jelentkez\u00e9skor kiv\u00e1laszthatod, hogy kivel utazol, \u00e9s ezt az utaz\u00e1s k\u00f6zben meg is v\u00e1ltoztathatod. Ha csoportosan utazol, a csoport minden tagj\u00e1nak saj\u00e1t b\u00e9rlete lesz.<\/p>","important":false},{"icon":482,"title":"Utaz\u00e1s a lakhelyed szerinti orsz\u00e1godon bel\u00fcl","paragraph":"<p>A jegy csak k\u00e9t meghat\u00e1rozott utaz\u00e1sra haszn\u00e1lhat\u00f3 fel a lakhely szerinti orsz\u00e1godban (a kimen\u0151 \u00e9s a bej\u00f6v\u0151 utaz\u00e1s). A lakhelyed szerinti orsz\u00e1godban b\u00e1rmely kiindul\u00e1si pontt\u00f3l utazhatsz a hat\u00e1rig, egy rep\u00fcl\u0151t\u00e9rig vagy kik\u00f6t\u0151ig, utazhatsz t\u00f6bb vonattal is ugyanazon az utaz\u00e1si napon bel\u00fcl.<\/p>","important":false},{"icon":454,"title":"Utaz\u00e1s a saj\u00e1t ritmusodban","paragraph":"<p>A mobiljeggyel hosszabb id\u0151t t\u00f6lthetsz egy v\u00e1rosban, vagy egy \u00e1llom\u00e1sr\u00f3l a tervezettn\u00e9l kor\u00e1bban tov\u00e1bbutazhatsz. Fennakad\u00e1sokat tapasztalsz \u00fatk\u00f6zben, k\u00e9sik a vonat, vagy t\u00f6r\u00f6lt\u00e9k a j\u00e1ratot?Utazhatsz a k\u00f6vetkez\u0151 vonattal, vagy m\u00f3dos\u00edthatsz az \u00fatvonaladon.<\/p>","important":false},{"icon":594,"title":"Fontos tudnival\u00f3k","paragraph":"<p>A vonatra, aut\u00f3buszra vagy haj\u00f3ra val\u00f3 felsz\u00e1ll\u00e1s el\u0151tt minden utaz\u00e1st r\u00f6gz\u00edteni kell a DiscoverEU Travel alkalmaz\u00e1s 'Utaz\u00e1saim' r\u00e9sz\u00e9ben \u00e9s hozz\u00e1adni a mobil Interrail Pass jegyedhez. Bizonyos t\u00e1vols\u00e1gi vonatj\u00e1ratokon el\u0151fordulhat, hogy el\u0151zetesen \u00fcl\u0151helyet kell foglalnod.\u00a0<\/p>","important":true}]},"fixed_travel":{"title":"R\u00f6gz\u00edtett utaz\u00e1si opci\u00f3 (Fix)","sub_title":"Kiindul\u00e1si pontt\u00f3l c\u00e9l\u00e1llom\u00e1sra sz\u00f3l\u00f3 jegyek","paragraph":"R\u00f6gz\u00edtett \u00e9s meghat\u00e1rozott opci\u00f3, az \u00fatvonal nem m\u00f3dos\u00edthat\u00f3.","fixed_option":[{"icon":2715,"title":"Utaz\u00e1s el\u0151re meghat\u00e1rozott c\u00e9l\u00e1llom\u00e1sokra","paragraph":"<p>Ellen\u0151rizd \u00e9s tervezd meg az utaz\u00e1st miel\u0151tt lefoglaln\u00e1d a jegyeket. Az utaz\u00e1shoz meghat\u00e1rozott kiindul\u00e1si pontt\u00f3l a c\u00e9l\u00e1llom\u00e1sra sz\u00f3l\u00f3 jegyeket foglalsz, amelyek nem m\u00f3dos\u00edthat\u00f3k.<\/p>","important":false},{"icon":2717,"title":"Utaz\u00e1s el\u0151re megtervezett \u00fatvonalon","paragraph":"<p>Tudod, hogy mikor akarsz utazni. Pontosan tudod a d\u00e1tumokat, megvan a r\u00f6gz\u00edtett \u00fatvonal \u00e9s ki tudod v\u00e1lasztani az adott d\u00e1tumot \u00e9s vonatot.<\/p>","important":false},{"icon":566,"title":"Utaz\u00e1s csoportban","paragraph":"<p>Csak azok utazhatnak csoportban, akik csoportk\u00e9nt jogosultak az utaz\u00e1sra. Ahhoz, hogy csoportban utazhass, a csoport \u00f6sszes tagj\u00e1nak ki kell t\u00f6ltenie az utaz\u00e1sfoglal\u00e1si \u0171rlapot.<\/p>","important":false},{"icon":482,"title":"Utaz\u00e1s a lakhelyed szerinti orsz\u00e1godon bel\u00fcl","paragraph":"<p>A kimen\u0151 \u00e9s bej\u00f6v\u0151 utaz\u00e1sokat kiindul\u00e1si pontt\u00f3l c\u00e9l\u00e1llom\u00e1sig sz\u00f3l\u00f3 jegyekk\u00e9nt foglalod. Utazhatsz t\u00f6bb vonattal, felt\u00e9ve, hogy az els\u0151 c\u00e9l\u00e1llom\u00e1s k\u00fclf\u00f6ld\u00f6n van.<\/p>","important":false},{"icon":510,"title":"Utaz\u00e1si m\u00f3dos\u00edt\u00e1sok","paragraph":"<p>A jegyek csak egy bizonyos vonatra foglalhat\u00f3k, az utaz\u00e1si \u00e1llom\u00e1sok \u00e9s \u00fatvonal nem m\u00f3dos\u00edthat\u00f3k. Nincs lehet\u0151s\u00e9g m\u00f3dos\u00edt\u00e1sra, az \u00faj foglal\u00e1sok k\u00f6lts\u00e9gei, vagy m\u00e1s, az utaz\u00e1s sor\u00e1n felmer\u00fcl\u0151 k\u00f6lts\u00e9geket az Eur\u00f3pai Bizotts\u00e1g nem t\u00e9r\u00edti meg.<\/p>","important":false},{"icon":594,"title":"Fontos tudnival\u00f3k","paragraph":"<p>A kiindul\u00e1si pontt\u00f3l c\u00e9l\u00e1llom\u00e1sra sz\u00f3l\u00f3 utaz\u00e1sok csak olyan vonatokra foglalhat\u00f3k, amelyekn\u00e9l a jegyek online megv\u00e1s\u00e1rolhat\u00f3k. Lemond\u00e1sok vagy k\u00e9s\u00e9sek eset\u00e9n az utaz\u00f3nak k\u00f6zvetlen\u00fcl a vas\u00fatt\u00e1rsas\u00e1ghoz kell fordulnia. Tudj meg t\u00f6bbet az EU utasjogokr\u00f3l\u00a0itt.<\/p>","important":true}]},"link_travel_option":{"title":"L\u00e9p\u00e9s a T\u00e1mogat\u00e1si k\u00f6zponthoz","url":"https:\/\/help.start-discover.eu\/","target":"_blank"}},"yoast_head":"<!-- This site is optimized with the Yoast SEO plugin v21.9.1 - https:\/\/yoast.com\/wordpress\/plugins\/seo\/ -->\n<title>Get started - DiscoverEU<\/title>\n<meta name=\"robots\" content=\"index, follow, max-snippet:-1, max-image-preview:large, max-video-preview:-1\" \/>\n<link rel=\"canonical\" href=\"https:\/\/www.start-discover.eu\/hu\/get-started\" \/>\n<meta property=\"og:locale\" content=\"hu_HU\" \/>\n<meta property=\"og:type\" content=\"article\" \/>\n<meta property=\"og:title\" content=\"Get started - DiscoverEU\" \/>\n<meta property=\"og:url\" content=\"https:\/\/www.start-discover.eu\/hu\/get-started\" \/>\n<meta property=\"og:site_name\" content=\"DiscoverEU\" \/>\n<meta property=\"article:modified_time\" content=\"2026-01-02T15:11:01+00:00\" \/>\n<meta property=\"og:image\" content=\"https:\/\/www.start-discover.eu\/app\/uploads\/2024\/07\/DEU-logo-1-scaled.jpg\" \/>\n\t<meta property=\"og:image:width\" content=\"2560\" \/>\n\t<meta property=\"og:image:height\" content=\"1440\" \/>\n\t<meta property=\"og:image:type\" content=\"image\/jpeg\" \/>\n<meta name=\"twitter:card\" content=\"summary_large_image\" \/>\n<script type=\"application\/ld+json\" class=\"yoast-schema-graph\">{\"@context\":\"https:\/\/schema.org\",\"@graph\":[{\"@type\":\"WebPage\",\"@id\":\"https:\/\/www.start-discover.eu\/hu\/get-started\",\"url\":\"https:\/\/www.start-discover.eu\/hu\/get-started\",\"name\":\"Get started - DiscoverEU\",\"isPartOf\":{\"@id\":\"https:\/\/www.start-discover.eu\/hu#website\"},\"datePublished\":\"2023-10-18T14:11:14+00:00\",\"dateModified\":\"2026-01-02T15:11:01+00:00\",\"breadcrumb\":{\"@id\":\"https:\/\/www.start-discover.eu\/hu\/get-started#breadcrumb\"},\"inLanguage\":\"hu-HU\",\"potentialAction\":[{\"@type\":\"ReadAction\",\"target\":[\"https:\/\/www.start-discover.eu\/hu\/get-started\"]}]},{\"@type\":\"BreadcrumbList\",\"@id\":\"https:\/\/www.start-discover.eu\/hu\/get-started#breadcrumb\",\"itemListElement\":[{\"@type\":\"ListItem\",\"position\":1,\"name\":\"Home\",\"item\":\"https:\/\/www.start-discover.eu\/hu\"},{\"@type\":\"ListItem\",\"position\":2,\"name\":\"Get started\"}]},{\"@type\":\"WebSite\",\"@id\":\"https:\/\/www.start-discover.eu\/hu#website\",\"url\":\"https:\/\/www.start-discover.eu\/hu\",\"name\":\"DiscoverEU\",\"description\":\"\",\"publisher\":{\"@id\":\"https:\/\/www.start-discover.eu\/hu#organization\"},\"potentialAction\":[{\"@type\":\"SearchAction\",\"target\":{\"@type\":\"EntryPoint\",\"urlTemplate\":\"https:\/\/www.start-discover.eu\/hu?s={search_term_string}\"},\"query-input\":\"required name=search_term_string\"}],\"inLanguage\":\"hu-HU\"},{\"@type\":\"Organization\",\"@id\":\"https:\/\/www.start-discover.eu\/hu#organization\",\"name\":\"DiscoverEU\",\"url\":\"https:\/\/www.start-discover.eu\/hu\",\"logo\":{\"@type\":\"ImageObject\",\"inLanguage\":\"hu-HU\",\"@id\":\"https:\/\/www.start-discover.eu\/hu#\/schema\/logo\/image\/\",\"url\":\"https:\/\/www.start-discover.eu\/app\/uploads\/2024\/07\/DEU-logo-696x696-1-scaled.jpg\",\"contentUrl\":\"https:\/\/www.start-discover.eu\/app\/uploads\/2024\/07\/DEU-logo-696x696-1-scaled.jpg\",\"width\":2560,\"height\":2560,\"caption\":\"DiscoverEU\"},\"image\":{\"@id\":\"https:\/\/www.start-discover.eu\/hu#\/schema\/logo\/image\/\"}}]}<\/script>\n<!-- \/ Yoast SEO plugin. -->","yoast_head_json":{"title":"Get started - DiscoverEU","robots":{"index":"index","follow":"follow","max-snippet":"max-snippet:-1","max-image-preview":"max-image-preview:large","max-video-preview":"max-video-preview:-1"},"canonical":"https:\/\/www.start-discover.eu\/hu\/get-started","og_locale":"hu_HU","og_type":"article","og_title":"Get started - DiscoverEU","og_url":"https:\/\/www.start-discover.eu\/hu\/get-started","og_site_name":"DiscoverEU","article_modified_time":"2026-01-02T15:11:01+00:00","og_image":[{"width":2560,"height":1440,"url":"https:\/\/www.start-discover.eu\/app\/uploads\/2024\/07\/DEU-logo-1-scaled.jpg","type":"image\/jpeg"}],"twitter_card":"summary_large_image","schema":{"@context":"https:\/\/schema.org","@graph":[{"@type":"WebPage","@id":"https:\/\/www.start-discover.eu\/hu\/get-started","url":"https:\/\/www.start-discover.eu\/hu\/get-started","name":"Get started - DiscoverEU","isPartOf":{"@id":"https:\/\/www.start-discover.eu\/hu#website"},"datePublished":"2023-10-18T14:11:14+00:00","dateModified":"2026-01-02T15:11:01+00:00","breadcrumb":{"@id":"https:\/\/www.start-discover.eu\/hu\/get-started#breadcrumb"},"inLanguage":"hu-HU","potentialAction":[{"@type":"ReadAction","target":["https:\/\/www.start-discover.eu\/hu\/get-started"]}]},{"@type":"BreadcrumbList","@id":"https:\/\/www.start-discover.eu\/hu\/get-started#breadcrumb","itemListElement":[{"@type":"ListItem","position":1,"name":"Home","item":"https:\/\/www.start-discover.eu\/hu"},{"@type":"ListItem","position":2,"name":"Get started"}]},{"@type":"WebSite","@id":"https:\/\/www.start-discover.eu\/hu#website","url":"https:\/\/www.start-discover.eu\/hu","name":"DiscoverEU","description":"","publisher":{"@id":"https:\/\/www.start-discover.eu\/hu#organization"},"potentialAction":[{"@type":"SearchAction","target":{"@type":"EntryPoint","urlTemplate":"https:\/\/www.start-discover.eu\/hu?s={search_term_string}"},"query-input":"required name=search_term_string"}],"inLanguage":"hu-HU"},{"@type":"Organization","@id":"https:\/\/www.start-discover.eu\/hu#organization","name":"DiscoverEU","url":"https:\/\/www.start-discover.eu\/hu","logo":{"@type":"ImageObject","inLanguage":"hu-HU","@id":"https:\/\/www.start-discover.eu\/hu#\/schema\/logo\/image\/","url":"https:\/\/www.start-discover.eu\/app\/uploads\/2024\/07\/DEU-logo-696x696-1-scaled.jpg","contentUrl":"https:\/\/www.start-discover.eu\/app\/uploads\/2024\/07\/DEU-logo-696x696-1-scaled.jpg","width":2560,"height":2560,"caption":"DiscoverEU"},"image":{"@id":"https:\/\/www.start-discover.eu\/hu#\/schema\/logo\/image\/"}}]}},"_links":{"self":[{"href":"https:\/\/www.start-discover.eu\/hu\/wp-json\/wp\/v2\/pages\/1949"}],"collection":[{"href":"https:\/\/www.start-discover.eu\/hu\/wp-json\/wp\/v2\/pages"}],"about":[{"href":"https:\/\/www.start-discover.eu\/hu\/wp-json\/wp\/v2\/types\/page"}],"author":[{"embeddable":true,"href":"https:\/\/www.start-discover.eu\/hu\/wp-json\/wp\/v2\/users\/10"}],"replies":[{"embeddable":true,"href":"https:\/\/www.start-discover.eu\/hu\/wp-json\/wp\/v2\/comments?post=1949"}],"version-history":[{"count":9,"href":"https:\/\/www.start-discover.eu\/hu\/wp-json\/wp\/v2\/pages\/1949\/revisions"}],"predecessor-version":[{"id":4825,"href":"https:\/\/www.start-discover.eu\/hu\/wp-json\/wp\/v2\/pages\/1949\/revisions\/4825"}],"wp:attachment":[{"href":"https:\/\/www.start-discover.eu\/hu\/wp-json\/wp\/v2\/media?parent=1949"}],"curies":[{"name":"wp","href":"https:\/\/api.w.org\/{rel}","templated":true}]}}