{"id":1851,"date":"2023-11-13T18:49:23","date_gmt":"2023-11-13T18:49:23","guid":{"rendered":"https:\/\/v2.start-discover.eu\/profile"},"modified":"2026-03-30T08:20:02","modified_gmt":"2026-03-30T08:20:02","slug":"profile","status":"publish","type":"page","link":"https:\/\/www.start-discover.eu\/hu\/profile","title":{"rendered":"Profile"},"content":{"rendered":"","protected":false},"excerpt":{"rendered":"","protected":false},"author":2,"featured_media":0,"parent":0,"menu_order":0,"comment_status":"closed","ping_status":"closed","template":"","meta":{"footnotes":""},"acf":{"email":"<p>Szia {{firstname}}!<\/p>\r\n<p>K\u00f6sz\u00f6nj\u00fck, hogy kit\u00f6lt\u00f6tte a #DiscoverEU felm\u00e9r\u00e9st.<\/p>\r\n<p>A R\u00e9sztv\u00e9teli Igazol\u00e1sa m\u00e1r el\u00e9rhet\u0151 a #DiscoverEU profilj\u00e1ban.<\/p>\r\n<p>Egyszer\u0171en csak meg kell nyitnia a foglal\u00e1si \u0171rlap linkj\u00e9t, amelyet a #DiscoverEU Pass k\u00e9r\u00e9s\u00e9hez haszn\u00e1lt (a link '<a href=\"http:\/\/registrations.start-discover.eu\/\">registrations.start-discover.eu<\/a>' kezdet\u0171) \u00e9s kattintson a \u201cT\u00f6ltse le a #DiscoverEU R\u00e9sztv\u00e9teli Igazol\u00e1s\u00e1t\u201d gombra.<\/p>\r\n<p>Rem\u00e9lj\u00fck, felejthetetlen eml\u00e9keket teremtett!<\/p>\r\n<p>Minden j\u00f3t k\u00edv\u00e1nunk \u00d6nnek.<\/p>\r\n<p>A DiscoverEU Utaz\u00e1si Csapat.<\/p>","infobox":{"title":"A R\u00e9sztv\u00e9teli Igazol\u00e1sa k\u00e9sz.","textual_content":"Let\u00f6ltheti az al\u00e1bbi gombra kattintva.","button_label":"T\u00f6ltse le a #DiscoverEU R\u00e9sztv\u00e9teli Igazol\u00e1s\u00e1t."},"intro":{"title":{"hello_name":"Szia {{firstname}}","welcome_on_your_discovereu_profile":"\u00dcdv\u00f6zl\u00fcnk a DiscoverEU-profilodban!"},"this_page_gathers_all_the_information_necessary":"Ez az oldal \u00f6sszegy\u0171jti az utaz\u00e1sodhoz sz\u00fcks\u00e9ges \u00f6sszes inform\u00e1ci\u00f3t, valamint az adatokat \u00e9s a regisztr\u00e1ci\u00f3s \u00e1llapotot."},"status_created":{"it_looks_like_you_havent_filled_out_your_booking_form_yet":"\u00dagy t\u0171nik, m\u00e9g nem t\u00f6lt\u00f6tted ki a foglal\u00e1si \u0171rlapot","dont_wait_too_long_created":"Ne v\u00e1rj t\u00fal sok\u00e1ig, eddig {{closing_date}} kell befejezned!","go_to_the_booking_form":"Ugr\u00e1s a foglal\u00e1si \u0171rlapra"},"requests_and_forms_section":{"visa_form_title":"V\u00edzumk\u00e9relem:","refund_form_title":"Visszat\u00e9r\u00edt\u00e9si k\u00e9relem:","visa_form_label":"Megh\u00edv\u00f3lev\u00e9l \u00e9s utasbiztos\u00edt\u00e1si ig\u00e9nyl\u0151lap","refund_form_label":"Visszat\u00e9r\u00edt\u00e9si \u0171rlap","visa_form_processing":"K\u00e9relem feldolgoz\u00e1sa","refund_form_processing":"K\u00e9relem feldolgoz\u00e1sa","visa_form_processed":"Kezelt k\u00e9relem","refund_form_processed":"Kezelt k\u00e9relem"},"status_initialized":{"it_looks_like_you_havent_finished_filled_out_your_booking_form_yet":"\u00dagy t\u0171nik, m\u00e9g mindig nem t\u00f6lt\u00f6tted ki a foglal\u00e1si \u0171rlapot","dont_wait_too_long_initialized":"Ne v\u00e1rj t\u00fal sok\u00e1ig, eddig {{closing_date}} kell befejezned!","continue_to_complete_your_booking_form":"Folytasd a foglal\u00e1si \u0171rlap kit\u00f6lt\u00e9s\u00e9t"},"status_pending":{"your_identity_documents_are_being_checked":"A szem\u00e9lyazonos\u00edt\u00f3 okm\u00e1nyaid ellen\u0151rz\u00e9se folyamatban van","once_your_identity_has_been_verified":"A szem\u00e9lyazonoss\u00e1god igazol\u00e1s\u00e1t k\u00f6vet\u0151en e-mailben automatikus visszaigazol\u00e1st kapsz. Az e-mail t\u00e1rgya: \"Megrendel\u00e9s\u00e9t visszaigazoltuk - itt a t\u00f6bbi\", \u00e9s a \"customerservice@interrail.eu\" e-mail c\u00edmr\u0151l k\u00fcldj\u00fck.","tip:_check_your_spam":"Tipp: ellen\u0151rizd a spamet","learn_more_about_verifying_my_documents":"Tov\u00e1bbi inform\u00e1ci\u00f3 a dokumentumaim ellen\u0151rz\u00e9s\u00e9r\u0151l","learn_more_about_verifying_my_documents_url":"https:\/\/registrations.start-discover.eu\/images\/EU_DiscoverEU_GuideID_en.jpg"},"status_declined_first_try":{"couldnt_verify_identity_documents":"Figyelem: a foglal\u00e1si \u0171rlap m\u00e9g nem ker\u00fclt kit\u00f6lt\u00e9sre","submitting_documents_a_second_time":"A szem\u00e9lyazonoss\u00e1god igazol\u00e1s\u00e1ra bek\u00fcld\u00f6tt dokumentumokat nem fogadt\u00e1k el. Megpr\u00f3b\u00e1lhatod m\u00e1sodszor is bek\u00fcldeni.","back_to_submission_step":"Vissza a bek\u00fcld\u00e9si l\u00e9p\u00e9shez","warning_can_only_submit_documents_twice":"Figyelem : csak k\u00e9tszer k\u00fcldheted el a dokumentumaidat."},"status_declined_second_try":{"identity_documents_could_not_be_verified_twice":"Figyelem: a foglal\u00e1si \u0171rlap m\u00e9g nem ker\u00fclt kit\u00f6lt\u00e9sre","not_accepted_for_the_second_time":"A szem\u00e9lyazonoss\u00e1god igazol\u00e1s\u00e1ra bek\u00fcld\u00f6tt dokumentumokat m\u00e1sodszorra nem fogadt\u00e1k el. K\u00e9r\u00fcnk, hogy vedd fel vel\u00fcnk a kapcsolatot a probl\u00e9ma megold\u00e1sa \u00e9rdek\u00e9ben."},"status_success":{"flex_stnd":{"congratulations_your_reservation_is_completed_and_validated":"Gratul\u00e1lunk, a foglal\u00e1si \u0171rlap kit\u00f6lt\u00e9se \u00e9s \u00e9rv\u00e9nyes\u00edt\u00e9se megt\u00f6rt\u00e9nt!","your_pass_is_available_in_your_email":"<p>A b\u00e9rletet elk\u00fcldt\u00fck az e-mail c\u00edm\u00e9re. Ha nem l\u00e1tja, ellen\u0151rizze a lev\u00e9lszem\u00e9t mapp\u00e1t. Ha ott sem tal\u00e1lja, vegye fel a kapcsolatot az utaz\u00e1si csapattal a <a href=\"https:\/\/discovereu-wave6.zendesk.com\/hc\/en-gb\/requests\/new\"><b>S\u00fag\u00f3<\/b><\/a> \u201eK\u00e9r\u00e9s beny\u00fajt\u00e1sa\u201d oldalon.<\/p>"},"flex_ovs":{"congratulations_your_reservation_is_completed_and_validated":"Gratul\u00e1lunk, a foglal\u00e1sodat teljes\u00edtett\u00fck \u00e9s \u00e9rv\u00e9nyes\u00edtett\u00fck!","the_travel_team_will_contact_you_three_months_before_your_departure_date_to_book_your_flights":"A bel\u00e9p\u0151k\u00e1rty\u00e1d el\u00e9rhet\u0151 az e-mail-c\u00edmeden. Ha nem kapt\u00e1l semmit, n\u00e9zd meg a k\u00e9retlen leveleket. Ellenkez\u0151 esetben ne habozz kapcsolatba l\u00e9pni az Utaz\u00e1si csapattal a S\u00fag\u00f3ban tal\u00e1lhat\u00f3 K\u00e9relem elk\u00fcld\u00e9se oldalon. Az Utaz\u00e1si csapat h\u00e1rom h\u00f3nappal az indul\u00e1s el\u0151tt felveszi veled a kapcsolatot, hogy lefoglalja a j\u00e1rataidat."},"fix_stnd":{"congratulations_your_reservation_is_completed_and_validated":"Gratul\u00e1lunk, a foglal\u00e1sodat teljes\u00edtett\u00fck \u00e9s \u00e9rv\u00e9nyes\u00edtett\u00fck!","the_travel_team_will_contact_you_three_months_before_your_departure_date_to_book_your_fix_trip":"Az Utaz\u00e1si csapat h\u00e1rom h\u00f3nappal az indul\u00e1s el\u0151tt felveszi veled a kapcsolatot, hogy lefoglalja a FIX utaz\u00e1sodat."},"fix_ovs":{"congratulations_your_reservation_is_completed_and_validated":"Gratul\u00e1lunk, a foglal\u00e1sodat teljes\u00edtett\u00fck \u00e9s \u00e9rv\u00e9nyes\u00edtett\u00fck!","the_travel_team_will_contact_you_three_months_before_your_departure_date_to_book_your_flights":"Az utaz\u00e1si csapat h\u00e1rom h\u00f3nappal az indul\u00e1s el\u0151tt felveszi \u00d6nnel a kapcsolatot, hogy lefoglalja FIX-utaz\u00e1s\u00e1t \u00e9s rep\u00fcl\u0151jegyeit."}},"status_accessibility":{"booking_form_completed":"Az \u00d6n foglal\u00e1si \u0171rlapj\u00e1nak kit\u00f6lt\u00e9se megt\u00f6rt\u00e9nt.","flex_pass_will_be_issued_only_if_you_have_any_accessibility_needs":"Kapott egy e-mailt az akad\u00e1lymentess\u00e9gi ig\u00e9nyeivel kapcsolatban. K\u00e9rj\u00fck, v\u00e1laszoljon az utaz\u00e1si csapatnak a kapcsolatfelv\u00e9teli \u0171rlapon kereszt\u00fcl, hogy ki\u00e1ll\u00edthassuk a DiscoverEU Pass k\u00e1rty\u00e1j\u00e1t."},"discovereu_community_section":{"discovereu_community":"DiscoverEU k\u00f6z\u00f6ss\u00e9g","looking_to_make_the_most_of_your_exciting_journey":"<p>\u00faSzeretn\u00e9d a legt\u00f6bbet kihozni ebb\u0151l az izgalmas utaz\u00e1sb\u00f3l, Eur\u00f3pa felfedez\u00e9s\u00e9b\u0151l?<\/p>\r\n<p>Ezt a DiscoverEU k\u00f6z\u00f6ss\u00e9gi helyet NEKTEK hoztuk l\u00e9tre, hogy egy\u00fctt legyetek, \u00faj emberekkel tal\u00e1lkozatok, megvitass\u00e1tok \u00e9s megossz\u00e1tok az utaz\u00e1si terveiteket, bar\u00e1ts\u00e1gokat \u00e9p\u00edtsetek, \u00e9s inspir\u00e1ci\u00f3t tal\u00e1ljatok a DiscoverEU utaz\u00e1s teljes megtapasztal\u00e1s\u00e1hoz!<\/p>","join_the_#discovereu_community_label":"CSATLAKOZZ a #DiscoverEU k\u00f6z\u00f6ss\u00e9ghez*","join_the_#discovereu_community_url":"https:\/\/discovereucommunity.interrail.eu\/","accessible_through_the_discovereu_travel_app":"* a DiscoverEU Travel alkalmaz\u00e1son kereszt\u00fcl vagy k\u00f6zvetlen\u00fcl a DiscoverEU Travel alkalmaz\u00e1s fi\u00f3kadatainak haszn\u00e1lat\u00e1val \u00e9rhet\u0151 el"},"european_youth_card_section":{"european_youth_card":"Eur\u00f3pai ifj\u00fas\u00e1gi k\u00e1rtya","with_your_discovereu_pass_you_have_won_the_european_youth_card":"<p>A DiscoverEU b\u00e9rlettel elnyerted az Eur\u00f3pai Ifj\u00fas\u00e1gi K\u00e1rty\u00e1t!<\/p>\r\n<p>Az Eur\u00f3pai Ifj\u00fas\u00e1gi K\u00e1rty\u00e1nak k\u00f6sz\u00f6nhet\u0151en kedvezm\u00e9nyeket kaphatsz a sz\u00e1ll\u00e1s, a l\u00e1togat\u00e1sok, a helyi k\u00f6zleked\u00e9s \u00e9s m\u00e9g sok m\u00e1s \u00e1r\u00e1b\u00f3l. El\u00e9rhet\u0151 a DiscoverEU Travel alkalmaz\u00e1sban, a \"Tov\u00e1bb\" r\u00e9szben.<\/p>"},"help_centre_articles_section":{"help_centre_articles":"S\u00fag\u00f3cikkek","you_can_find_below_a_selection_of_articles":"Az al\u00e1bbiakban olyan cikkeket tal\u00e1lhatsz, amelyek seg\u00edts\u00e9g\u00e9vel elkezdhetsz felk\u00e9sz\u00fclni a DiscoverEU-utaz\u00e1sra.","flex_faq_links":{"how_to_get_started_with_your_interrail_mobile_pass":"How to get started with your Interrail Mobile Pass?","how_to_get_started_with_your_interrail_mobile_pass_url":"https:\/\/discovereu-wave6.zendesk.com\/hc\/en-gb\/articles\/6066864956945-How-to-get-started-with-your-Interrail-Mobile-Pass-","what_are_10_things_you_should_know_about_the_interrail_pass":"What are 10 things you should know about the Interrail Pass?","what_are_10_things_you_should_know_about_the_interrail_pass_url":"https:\/\/discovereu-wave6.zendesk.com\/hc\/en-gb\/articles\/11909290422673-What-are-10-things-you-should-know-about-the-Interrail-Pass-"}},"all_travellers_faq_links":{"travel_tips":"Travel Tips","travel_tips_url":"https:\/\/discovereu-wave6.zendesk.com\/hc\/en-gb\/categories\/5768672491409-Travel-Tips","how_can_i_save_money_while_travelling":"Hogyan sp\u00f3rolhatok p\u00e9nzt utaz\u00e1s k\u00f6zben?","how_can_i_save_money_while_travelling_url":"https:\/\/discovereu-wave6.zendesk.com\/hc\/en-gb\/articles\/6066862630929-How-can-I-save-money-while-travelling-","how_to_connect_with_other_discovereu_travellers":"How to connect with other DiscoverEU travellers?","how_to_connect_with_other_discovereu_travellers_url":"https:\/\/discovereu-wave6.zendesk.com\/hc\/en-gb\/articles\/6066910634513-How-to-connect-with-other-DiscoverEU-travellers-","what_is_the_discovereu_european_youth_card":"What is the DiscoverEU European Youth Card?","what_is_the_discovereu_european_youth_card_url":"https:\/\/discovereu-wave6.zendesk.com\/hc\/en-gb\/articles\/6066928796689-What-is-the-DiscoverEU-European-Youth-Card-"},"contact_us":"Kapcsolatfelv\u00e9tel","contact_us_url":"https:\/\/discovereu-wave6.zendesk.com\/hc\/en-gb\/requests\/new","login_items":{"email":"E-mail","password":"Jelsz\u00f3","forgotten_password":"Elfelejtetted a jelszavad?","modify_password_label":"Jelsz\u00f3 m\u00f3dos\u00edt\u00e1sa","login_label":"Bel\u00e9p\u00e9s","log_out_label":"Kijelentkez\u00e9s","new_password":"\u00daj jelsz\u00f3","confirm_password":"Jelsz\u00f3 meger\u0151s\u00edt\u00e9se","back_to_login":"Vissza a bejelentkez\u00e9shez","send_link":"Hivatkoz\u00e1s k\u00fcld\u00e9se","your_are_not_firstname":"Nem vagy {{firstname}}?"},"login_content":{"first_password_change":"Biztons\u00e1gi okokb\u00f3l k\u00e9r\u00fcnk, hogy m\u00f3dos\u00edtsd az eredeti jelszavad.","email_for_password_modify":"Add meg a bejelentkez\u00e9shez haszn\u00e1lt e-mail-c\u00edmet, \u00e9s k\u00fcld\u00fcnk neked egy linket a jelszavad vissza\u00e1ll\u00edt\u00e1s\u00e1hoz.","strong_password_choice":"K\u00e9r\u00fcnk, v\u00e1lassz jelsz\u00f3t.","password_combination_instruction":"V\u00e1laszd bet\u0171k, sz\u00e1mok \u00e9s speci\u00e1lis karakterek kombin\u00e1ci\u00f3j\u00e1t.","change_your_password":"Jelsz\u00f3m\u00f3dos\u00edt\u00e1s","update_your_password":"Friss\u00edtsd a jelszavad","sign_in_with_password":"Bejelentkez\u00e9s jelsz\u00f3val"},"toasts_content":{"please_enter_a_valid_email_address":"Val\u00f3s e-mail-c\u00edmet adj meg","please_enter_your_email_address":"Add meg az e-mail-c\u00edmed","please_enter_your_password":"K\u00e9r\u00fcnk, hogy add meg a jelszavad","please_enter_your_new_password":"Add meg az \u00faj jelszavad","redirecting_you_to_the_app":"\u00c1tir\u00e1ny\u00edt\u00e1s az alkalmaz\u00e1shoz\u2026","something_went_wrong":"Valami hiba t\u00f6rt\u00e9nt...","oops":"Hopp\u00e1...","sign_in":"Bejelentkez\u00e9s","password_updated":"Jelsz\u00f3 friss\u00edtve","password_reset":"Jelsz\u00f3 vissza\u00e1ll\u00edt\u00e1sa","sent_email_with_link_to_reset_password":"K\u00fcldt\u00fcnk neked egy e-mailt egy hivatkoz\u00e1ssal a jelszavad vissza\u00e1ll\u00edt\u00e1s\u00e1hoz, bez\u00e1rhatod ezt az ablakot","password_6_characters":"A jelsz\u00f3nak legal\u00e1bb 6 karakterb\u0151l kell \u00e1llnia","password_characters_format":"A jelsz\u00f3nak legal\u00e1bb egy bet\u0171t, egy sz\u00e1mot \u00e9s egy speci\u00e1lis karaktert kell tartalmaznia"},"do_you_have_questions_about_your_reservation":"K\u00e9rd\u00e9sed van a foglal\u00e1soddal kapcsolatban?","identity_verification_status":"Szem\u00e9lyazonoss\u00e1g-ellen\u0151rz\u00e9si \u00e1llapot","if_your_status_is_not_verified_be_sure_to_contact_the_travel_team_through_the_help_center":"<p>Ha az \u00e1llapotod nem <strong>igazolt<\/strong>, mindenk\u00e9ppen vedd fel a kapcsolatot az Utaz\u00e1si csapattal a S\u00fag\u00f3k\u00f6zponton kereszt\u00fcl.<\/p>","reservation_status":"Foglal\u00e1si \u00e1llapot","if_your_status_is_not_booked_it_means_there_was_a_problem_with_your_identity_verification_or_there_is_an_error_with_your_reservation_be_sure_to_contact_the_travel_team_via_the_center_help":"<p>Ha az \u00e1llapotod nem <strong>lefoglalt<\/strong>, az azt jelenti, hogy probl\u00e9ma mer\u00fclt fel a szem\u00e9lyazonoss\u00e1god igazol\u00e1s\u00e1val vagy a foglal\u00e1soddal kapcsolatban, mindenk\u00e9ppen vedd fel a kapcsolatot az Utaz\u00e1si csapattal a S\u00fag\u00f3k\u00f6zponton kereszt\u00fcl.<\/p>","fix_booking_status":"FIX foglal\u00e1s \u00e1llapota","if_your_status_is_not_registered_it_means_there_was_a_problem_with_your_identity_verification_or_there_is_an_error_with_your_reservation_be_sure_to_contact_the_travel_team_via_the_center_help":"<p>Ha az \u00e1llapotod nem <strong>regisztr\u00e1lva<\/strong>, az azt jelenti, hogy probl\u00e9ma mer\u00fclt fel a szem\u00e9lyazonoss\u00e1god igazol\u00e1s\u00e1val vagy a foglal\u00e1soddal kapcsolatban, mindenk\u00e9ppen vedd fel a kapcsolatot az Utaz\u00e1si csapattal a S\u00fag\u00f3k\u00f6zponton kereszt\u00fcl.<\/p>","discovereu_travel_app_account_2":"DiscoverEU Travel App fi\u00f3k *","interrail_pass_2":"Interrail b\u00e9rlet","identification":{"your_informations":"Az adataid","personal_data":"Szem\u00e9lyes adat","first_name":"Keresztn\u00e9v","last_name":"Vezet\u00e9kn\u00e9v","date_of_birth":"Sz\u00fclet\u00e9si id\u0151","email":"E-mail","ticket_type":"Jegy t\u00edpusa","document_country":"Dokumentum orsz\u00e1ga","statuses":"St\u00e1tuszok","document_verification":"Dokumentumok ellen\u0151rz\u00e9se","booking_status":"Jelentkez\u00e9s \u00e1llapota","discovereu_travel_app_account":"DiscoverEU Travel App fi\u00f3k","interrail_pass":"DiscoverEU b\u00e9rlet"}},"yoast_head":"<!-- This site is optimized with the Yoast SEO plugin v21.9.1 - https:\/\/yoast.com\/wordpress\/plugins\/seo\/ -->\n<title>Profile - DiscoverEU<\/title>\n<meta name=\"robots\" content=\"index, follow, max-snippet:-1, max-image-preview:large, max-video-preview:-1\" \/>\n<link rel=\"canonical\" href=\"https:\/\/www.start-discover.eu\/hu\/profile\" \/>\n<meta property=\"og:locale\" content=\"hu_HU\" \/>\n<meta property=\"og:type\" content=\"article\" \/>\n<meta property=\"og:title\" content=\"Profile - DiscoverEU\" \/>\n<meta property=\"og:url\" content=\"https:\/\/www.start-discover.eu\/hu\/profile\" \/>\n<meta property=\"og:site_name\" content=\"DiscoverEU\" \/>\n<meta property=\"article:modified_time\" content=\"2026-03-30T08:20:02+00:00\" \/>\n<meta property=\"og:image\" content=\"https:\/\/www.start-discover.eu\/app\/uploads\/2024\/07\/DEU-logo-1-scaled.jpg\" \/>\n\t<meta property=\"og:image:width\" content=\"2560\" \/>\n\t<meta property=\"og:image:height\" content=\"1440\" \/>\n\t<meta property=\"og:image:type\" content=\"image\/jpeg\" \/>\n<meta name=\"twitter:card\" content=\"summary_large_image\" \/>\n<script type=\"application\/ld+json\" class=\"yoast-schema-graph\">{\"@context\":\"https:\/\/schema.org\",\"@graph\":[{\"@type\":\"WebPage\",\"@id\":\"https:\/\/www.start-discover.eu\/hu\/profile\",\"url\":\"https:\/\/www.start-discover.eu\/hu\/profile\",\"name\":\"Profile - DiscoverEU\",\"isPartOf\":{\"@id\":\"https:\/\/www.start-discover.eu\/hu#website\"},\"datePublished\":\"2023-11-13T18:49:23+00:00\",\"dateModified\":\"2026-03-30T08:20:02+00:00\",\"breadcrumb\":{\"@id\":\"https:\/\/www.start-discover.eu\/hu\/profile#breadcrumb\"},\"inLanguage\":\"hu-HU\",\"potentialAction\":[{\"@type\":\"ReadAction\",\"target\":[\"https:\/\/www.start-discover.eu\/hu\/profile\"]}]},{\"@type\":\"BreadcrumbList\",\"@id\":\"https:\/\/www.start-discover.eu\/hu\/profile#breadcrumb\",\"itemListElement\":[{\"@type\":\"ListItem\",\"position\":1,\"name\":\"Home\",\"item\":\"https:\/\/www.start-discover.eu\/hu\"},{\"@type\":\"ListItem\",\"position\":2,\"name\":\"Profile\"}]},{\"@type\":\"WebSite\",\"@id\":\"https:\/\/www.start-discover.eu\/hu#website\",\"url\":\"https:\/\/www.start-discover.eu\/hu\",\"name\":\"DiscoverEU\",\"description\":\"\",\"publisher\":{\"@id\":\"https:\/\/www.start-discover.eu\/hu#organization\"},\"potentialAction\":[{\"@type\":\"SearchAction\",\"target\":{\"@type\":\"EntryPoint\",\"urlTemplate\":\"https:\/\/www.start-discover.eu\/hu?s={search_term_string}\"},\"query-input\":\"required name=search_term_string\"}],\"inLanguage\":\"hu-HU\"},{\"@type\":\"Organization\",\"@id\":\"https:\/\/www.start-discover.eu\/hu#organization\",\"name\":\"DiscoverEU\",\"url\":\"https:\/\/www.start-discover.eu\/hu\",\"logo\":{\"@type\":\"ImageObject\",\"inLanguage\":\"hu-HU\",\"@id\":\"https:\/\/www.start-discover.eu\/hu#\/schema\/logo\/image\/\",\"url\":\"https:\/\/www.start-discover.eu\/app\/uploads\/2024\/07\/DEU-logo-696x696-1-scaled.jpg\",\"contentUrl\":\"https:\/\/www.start-discover.eu\/app\/uploads\/2024\/07\/DEU-logo-696x696-1-scaled.jpg\",\"width\":2560,\"height\":2560,\"caption\":\"DiscoverEU\"},\"image\":{\"@id\":\"https:\/\/www.start-discover.eu\/hu#\/schema\/logo\/image\/\"}}]}<\/script>\n<!-- \/ Yoast SEO plugin. -->","yoast_head_json":{"title":"Profile - DiscoverEU","robots":{"index":"index","follow":"follow","max-snippet":"max-snippet:-1","max-image-preview":"max-image-preview:large","max-video-preview":"max-video-preview:-1"},"canonical":"https:\/\/www.start-discover.eu\/hu\/profile","og_locale":"hu_HU","og_type":"article","og_title":"Profile - DiscoverEU","og_url":"https:\/\/www.start-discover.eu\/hu\/profile","og_site_name":"DiscoverEU","article_modified_time":"2026-03-30T08:20:02+00:00","og_image":[{"width":2560,"height":1440,"url":"https:\/\/www.start-discover.eu\/app\/uploads\/2024\/07\/DEU-logo-1-scaled.jpg","type":"image\/jpeg"}],"twitter_card":"summary_large_image","schema":{"@context":"https:\/\/schema.org","@graph":[{"@type":"WebPage","@id":"https:\/\/www.start-discover.eu\/hu\/profile","url":"https:\/\/www.start-discover.eu\/hu\/profile","name":"Profile - DiscoverEU","isPartOf":{"@id":"https:\/\/www.start-discover.eu\/hu#website"},"datePublished":"2023-11-13T18:49:23+00:00","dateModified":"2026-03-30T08:20:02+00:00","breadcrumb":{"@id":"https:\/\/www.start-discover.eu\/hu\/profile#breadcrumb"},"inLanguage":"hu-HU","potentialAction":[{"@type":"ReadAction","target":["https:\/\/www.start-discover.eu\/hu\/profile"]}]},{"@type":"BreadcrumbList","@id":"https:\/\/www.start-discover.eu\/hu\/profile#breadcrumb","itemListElement":[{"@type":"ListItem","position":1,"name":"Home","item":"https:\/\/www.start-discover.eu\/hu"},{"@type":"ListItem","position":2,"name":"Profile"}]},{"@type":"WebSite","@id":"https:\/\/www.start-discover.eu\/hu#website","url":"https:\/\/www.start-discover.eu\/hu","name":"DiscoverEU","description":"","publisher":{"@id":"https:\/\/www.start-discover.eu\/hu#organization"},"potentialAction":[{"@type":"SearchAction","target":{"@type":"EntryPoint","urlTemplate":"https:\/\/www.start-discover.eu\/hu?s={search_term_string}"},"query-input":"required name=search_term_string"}],"inLanguage":"hu-HU"},{"@type":"Organization","@id":"https:\/\/www.start-discover.eu\/hu#organization","name":"DiscoverEU","url":"https:\/\/www.start-discover.eu\/hu","logo":{"@type":"ImageObject","inLanguage":"hu-HU","@id":"https:\/\/www.start-discover.eu\/hu#\/schema\/logo\/image\/","url":"https:\/\/www.start-discover.eu\/app\/uploads\/2024\/07\/DEU-logo-696x696-1-scaled.jpg","contentUrl":"https:\/\/www.start-discover.eu\/app\/uploads\/2024\/07\/DEU-logo-696x696-1-scaled.jpg","width":2560,"height":2560,"caption":"DiscoverEU"},"image":{"@id":"https:\/\/www.start-discover.eu\/hu#\/schema\/logo\/image\/"}}]}},"_links":{"self":[{"href":"https:\/\/www.start-discover.eu\/hu\/wp-json\/wp\/v2\/pages\/1851"}],"collection":[{"href":"https:\/\/www.start-discover.eu\/hu\/wp-json\/wp\/v2\/pages"}],"about":[{"href":"https:\/\/www.start-discover.eu\/hu\/wp-json\/wp\/v2\/types\/page"}],"author":[{"embeddable":true,"href":"https:\/\/www.start-discover.eu\/hu\/wp-json\/wp\/v2\/users\/2"}],"replies":[{"embeddable":true,"href":"https:\/\/www.start-discover.eu\/hu\/wp-json\/wp\/v2\/comments?post=1851"}],"version-history":[{"count":9,"href":"https:\/\/www.start-discover.eu\/hu\/wp-json\/wp\/v2\/pages\/1851\/revisions"}],"predecessor-version":[{"id":5523,"href":"https:\/\/www.start-discover.eu\/hu\/wp-json\/wp\/v2\/pages\/1851\/revisions\/5523"}],"wp:attachment":[{"href":"https:\/\/www.start-discover.eu\/hu\/wp-json\/wp\/v2\/media?parent=1851"}],"curies":[{"name":"wp","href":"https:\/\/api.w.org\/{rel}","templated":true}]}}