{"id":1933,"date":"2023-10-18T14:11:14","date_gmt":"2023-10-18T14:11:14","guid":{"rendered":"https:\/\/v2.start-discover.eu\/get-started"},"modified":"2026-01-02T15:01:00","modified_gmt":"2026-01-02T15:01:00","slug":"get-started","status":"publish","type":"page","link":"https:\/\/www.start-discover.eu\/hr\/get-started","title":{"rendered":"Get started"},"content":{"rendered":"","protected":false},"excerpt":{"rendered":"","protected":false},"author":10,"featured_media":0,"parent":0,"menu_order":0,"comment_status":"closed","ping_status":"closed","template":"","meta":{"footnotes":""},"acf":{"description":"<h1>Koji su koraci <span style=\"color: #f0679b;\">postupka rezervacije<\/span>?<\/h1>\r\n<p>Nakon slanja obrasca za rezervaciju izradit \u0107emo Va\u0161 ra\u010dun. Sve detalje dobit \u0107ete e -po\u0161tom. Ra\u010dun \u0107e vam omogu\u0107iti pristup aplikaciji DiscoverEU Travel, gdje mo\u017eete provjeriti rute vlakova i vremena za planiranje va\u0161eg putovanja, pristupiti svojoj kartici DiscoverEU EYCA kako biste upotrebljavali tisu\u0107e popusta u cijeloj Europi i pridru\u017eiti se zajednici DiscoverEU da biste podijelili svoja iskustva s ostalim putnicima i putnicama. Svoj DiscoverEU Pass prona\u0107i \u0107e\u0161 izravno u aplikaciji.<\/p>","steps_process":[{"title":"Pristupite svom obrascu za rezervaciju","description":"<p>Pristupite svojoj osobnoj poveznici za rezervaciju (poslana vam putem <strong>hello@start-discover.eu<\/strong>)<\/p>"},{"title":"Potvrdite svoj identitet","description":"<p>U sklopu obrasca za rezervaciju od Vas \u0107e se tra\u017eiti da potvrdite svoj identitet.<\/p>"},{"title":"Predajte obrazac za rezervaciju","description":"<p>Kad ste spremni, dovr\u0161ite i predajte obrazac za rezervaciju<\/p>"}],"title_start_process":"Kako zapo\u010deti postupak rezervacije?","image_start_process":1934,"description_start_process":"<p><strong>E-po\u0161tom ste dobili ili \u0107ete dobiti pozivnicu s Va\u0161om osobnom vezom na obrazac za rezervaciju.<\/strong><\/p>\r\n<p>Kako bi dovr\u0161io rezervaciju putovanja, trebat \u0107e\u0161 isplanirati nekoliko stvari. Najva\u017enije je imati spremnu osobnu iskaznicu ili putovnicu kako bi potvrdio svoj identitet.<\/p>\r\n<div>\r\n<p>Dok ispunjava\u0161 obrazac za rezervaciju putovanja, odre\u0111eni podaci bit \u0107e ve\u0107 unaprijed popunjeni na temelju informacija koje smo dobili iz procesa provjere identiteta. Unaprijed popunjeni podaci uklju\u010duju:<\/p>\r\n<ul>\r\n\t<li>Adresu e-po\u0161te<\/li>\r\n\t<li>Kod prijave<\/li>\r\n\t<li>Ime<\/li>\r\n\t<li>Prezime<\/li>\r\n\t<li>Datum ro\u0111enja<\/li>\r\n\t<li>Dr\u017eavu izdavanja osobne iskaznice\/putovnice<\/li>\r\n<\/ul>\r\n<\/div>\r\n<p><strong>\u017delite li vi\u0161e detaljnih informacija?<\/strong><br \/>\r\nPosjetite Centar za pomo\u0107, gdje mo\u017eete prona\u0107i odgovore na naj\u010de\u0161\u0107e postavljana pitanja.<\/p>","link_start_process":{"title":"Posjetite Centar za pomo\u0107","url":"https:\/\/help.start-discover.eu\/","target":"_blank"},"title":"Sve \u0161to treba\u0161 znati o DiscoverEU Passu","flexible_travel":{"title_flexible":"-","sub_title":"DiscoverEU Interrail propusnica","paragraph":"Budite gdje god \u017eelite, puna fleksibilnost","flexible_option":[{"icon":2755,"title":"Putujte bez unaprijed postavljenih datuma i odredi\u0161ta","paragraph":"<p>Potvrdite svoju mobilnu Interrail propusnicu i kasnije dovr\u0161ite istra\u017eivanje. Svoju \u0107ete mobilnu propusnicu mo\u0107i koristiti u aplikaciji DiscoverEU Travel. Svoju propusnicu mo\u017eete aktivirati do dana kada po\u010dnete putovati. Tijekom putovanja planirajte putem, mijenjajte smjer i neka se putovanje samo razvija.<\/p>","important":false},{"icon":2757,"title":"Putujte vlakovima 7 dana unutar razdoblja od mjesec dana","paragraph":"<p>Propusnicu mo\u017eete koristiti tijekom 7 dana po Va\u0161em izboru unutar postavljenog razdoblja od 1 mjeseca. Putujte uzastopnim danima ili ih razdijelite tijekom mjeseca. Sve mo\u017eete organizirati izravno iz aplikacije DiscoverEU Travel.<\/p>","important":false},{"icon":2762,"title":"Putuj samostalno ili u grupi","paragraph":"<p>Ti odlu\u010duje\u0161 o tome \u017eeli\u0161 li putovati samostalno ili u grupi. Kada se prijavljuje\u0161 za DiscoverEU, mo\u017ee\u0161 birati s kim \u0107e\u0161 putovati i promijeniti svoj izbor usred putovanja. Ako putuje\u0161 u grupi, svaki od \u010dlanova grupe imat \u0107e svoju propusnicu.<\/p>","important":false},{"icon":2760,"title":"Putujte u zemlji prebivali\u0161ta","paragraph":"<p>Va\u0161a se propusnica mo\u017ee koristiti samo za dva definirana putovanja u Va\u0161oj zemlji prebivali\u0161ta (nazivaju se odlaznim i dolaznim putovanjem). Mo\u017eete putovati s bilo koje lokacije u zemlji prebivali\u0161ta do granice, aerodroma ili luke te mo\u017eete putovati na vi\u0161e vlakova pod uvjetom da su putovanja u istom danu.<\/p>","important":false},{"icon":2759,"title":"Putujte svojim tempom","paragraph":"<p>Pomo\u0107u mobilne propusnice mo\u017eete se dulje zadr\u017eati u gradu ili napustiti odredi\u0161te ranije no \u0161to ste planirali. Do\u0161lo je do zastoja u Va\u0161im putovanjima, primjerice zbog odgo\u0111enog ili otkazanog vlaka? Mo\u017eete putovati sljede\u0107im vlakom ili promijeniti rutu.<\/p>","important":false},{"icon":2764,"title":"Va\u017eno je znati","paragraph":"<p>Prije ukrcaja na vlak, autobus ili brod, svako putovanje mora biti zabilje\u017eeno na aplikaciji DiscoverEU Travel u odjeljku 'Moje putovanje' i dodano na va\u0161u mobilnu Interrail propusnicu.\u00a0<\/p>","important":true}]},"fixed_travel":{"title":"Fiksna opcija putovanja","sub_title":"Karte od to\u010dke do to\u010dke","paragraph":"Fiksna i definirana opcija, Va\u0161 itinerar ne mo\u017ee se mijenjati.","fixed_option":[{"icon":2756,"title":"Putujte prema unaprijed definiranim destinacijama","paragraph":"<p>Istra\u017eite i planirajte putovanje prije no \u0161to potvrdite svoje putne karte. Va\u0161 putni itinerar uklju\u010divat \u0107e rezervacije karata od to\u010dke do to\u010dke i ne\u0107e se mo\u0107i izmijeniti.<\/p>","important":false},{"icon":2758,"title":"Putujte prema fiksnom planu","paragraph":"<p>Znate kada \u017eelite putovati. Imate spremne datume, fiksni plan putovanja i spremni ste obvezati se na odre\u0111eni datum i vlak.<\/p>","important":false},{"icon":2763,"title":"Putujte u grupi","paragraph":"<p>Samo oni koji su definirani kao grupa mo\u0107i \u0107e putovati u grupi. Da biste putovali u grupi, svi pojedinci u grupi moraju se pobrinuti da ispune obrazac za rezervaciju putovanja.<\/p>","important":false},{"icon":2760,"title":"Putujte u zemlji prebivali\u0161ta","paragraph":"<p>Va\u0161e odlazno i dolazno putovanje bit \u0107e rezervirano na temelju karata od to\u010dke do to\u010dke. Mo\u017eete putovati koriste\u0107i vi\u0161e od jednog vlaka pod uvjetom da je Va\u0161e prvo odredi\u0161te u inozemstvu.<\/p>","important":false},{"icon":2761,"title":"Izmjene putovanja","paragraph":"<p>Karte \u0107e biti rezervirane samo za odre\u0111eni vlak, bez mogu\u0107nosti izmjena plana putovanja. Europska komisija ne\u0107e snositi nikakve dodatne tro\u0161kove izmjena ili novih rezervacija, kao ni eventualne druge tro\u0161kove tijekom putovanja.<\/p>","important":false},{"icon":2764,"title":"Va\u017eno je znati","paragraph":"<p>Putni itinerari od to\u010dke do to\u010dke bit \u0107e ograni\u010deni na vlakove koji dopu\u0161taju internetsku rezervaciju karata. U slu\u010daju otkazivanja ili ka\u0161njenja, putnik treba izravno kontaktirati prijevozni\u010dku tvrtku. Doznajte vi\u0161e o pravima putnika u EU\u00a0ovdje.<\/p>","important":true}]},"link_travel_option":{"title":"Odvedi me do Centra za pomo\u0107","url":"https:\/\/help.start-discover.eu\/","target":"_blank"}},"yoast_head":"<!-- This site is optimized with the Yoast SEO plugin v21.9.1 - https:\/\/yoast.com\/wordpress\/plugins\/seo\/ -->\n<title>Get started - DiscoverEU<\/title>\n<meta name=\"robots\" content=\"index, follow, max-snippet:-1, max-image-preview:large, max-video-preview:-1\" \/>\n<link rel=\"canonical\" href=\"https:\/\/www.start-discover.eu\/hr\/get-started\" \/>\n<meta property=\"og:locale\" content=\"hr_HR\" \/>\n<meta property=\"og:type\" content=\"article\" \/>\n<meta property=\"og:title\" content=\"Get started - DiscoverEU\" \/>\n<meta property=\"og:url\" content=\"https:\/\/www.start-discover.eu\/hr\/get-started\" \/>\n<meta property=\"og:site_name\" content=\"DiscoverEU\" \/>\n<meta property=\"article:modified_time\" content=\"2026-01-02T15:01:00+00:00\" \/>\n<meta property=\"og:image\" content=\"https:\/\/www.start-discover.eu\/app\/uploads\/2024\/07\/DEU-logo-1-scaled.jpg\" \/>\n\t<meta property=\"og:image:width\" content=\"2560\" \/>\n\t<meta property=\"og:image:height\" content=\"1440\" \/>\n\t<meta property=\"og:image:type\" content=\"image\/jpeg\" \/>\n<meta name=\"twitter:card\" content=\"summary_large_image\" \/>\n<script type=\"application\/ld+json\" class=\"yoast-schema-graph\">{\"@context\":\"https:\/\/schema.org\",\"@graph\":[{\"@type\":\"WebPage\",\"@id\":\"https:\/\/www.start-discover.eu\/hr\/get-started\",\"url\":\"https:\/\/www.start-discover.eu\/hr\/get-started\",\"name\":\"Get started - DiscoverEU\",\"isPartOf\":{\"@id\":\"https:\/\/www.start-discover.eu\/hr#website\"},\"datePublished\":\"2023-10-18T14:11:14+00:00\",\"dateModified\":\"2026-01-02T15:01:00+00:00\",\"breadcrumb\":{\"@id\":\"https:\/\/www.start-discover.eu\/hr\/get-started#breadcrumb\"},\"inLanguage\":\"hr\",\"potentialAction\":[{\"@type\":\"ReadAction\",\"target\":[\"https:\/\/www.start-discover.eu\/hr\/get-started\"]}]},{\"@type\":\"BreadcrumbList\",\"@id\":\"https:\/\/www.start-discover.eu\/hr\/get-started#breadcrumb\",\"itemListElement\":[{\"@type\":\"ListItem\",\"position\":1,\"name\":\"Home\",\"item\":\"https:\/\/www.start-discover.eu\/hr\"},{\"@type\":\"ListItem\",\"position\":2,\"name\":\"Get started\"}]},{\"@type\":\"WebSite\",\"@id\":\"https:\/\/www.start-discover.eu\/hr#website\",\"url\":\"https:\/\/www.start-discover.eu\/hr\",\"name\":\"DiscoverEU\",\"description\":\"\",\"publisher\":{\"@id\":\"https:\/\/www.start-discover.eu\/hr#organization\"},\"potentialAction\":[{\"@type\":\"SearchAction\",\"target\":{\"@type\":\"EntryPoint\",\"urlTemplate\":\"https:\/\/www.start-discover.eu\/hr?s={search_term_string}\"},\"query-input\":\"required name=search_term_string\"}],\"inLanguage\":\"hr\"},{\"@type\":\"Organization\",\"@id\":\"https:\/\/www.start-discover.eu\/hr#organization\",\"name\":\"DiscoverEU\",\"url\":\"https:\/\/www.start-discover.eu\/hr\",\"logo\":{\"@type\":\"ImageObject\",\"inLanguage\":\"hr\",\"@id\":\"https:\/\/www.start-discover.eu\/hr#\/schema\/logo\/image\/\",\"url\":\"https:\/\/www.start-discover.eu\/app\/uploads\/2024\/07\/DEU-logo-696x696-1-scaled.jpg\",\"contentUrl\":\"https:\/\/www.start-discover.eu\/app\/uploads\/2024\/07\/DEU-logo-696x696-1-scaled.jpg\",\"width\":2560,\"height\":2560,\"caption\":\"DiscoverEU\"},\"image\":{\"@id\":\"https:\/\/www.start-discover.eu\/hr#\/schema\/logo\/image\/\"}}]}<\/script>\n<!-- \/ Yoast SEO plugin. -->","yoast_head_json":{"title":"Get started - DiscoverEU","robots":{"index":"index","follow":"follow","max-snippet":"max-snippet:-1","max-image-preview":"max-image-preview:large","max-video-preview":"max-video-preview:-1"},"canonical":"https:\/\/www.start-discover.eu\/hr\/get-started","og_locale":"hr_HR","og_type":"article","og_title":"Get started - DiscoverEU","og_url":"https:\/\/www.start-discover.eu\/hr\/get-started","og_site_name":"DiscoverEU","article_modified_time":"2026-01-02T15:01:00+00:00","og_image":[{"width":2560,"height":1440,"url":"https:\/\/www.start-discover.eu\/app\/uploads\/2024\/07\/DEU-logo-1-scaled.jpg","type":"image\/jpeg"}],"twitter_card":"summary_large_image","schema":{"@context":"https:\/\/schema.org","@graph":[{"@type":"WebPage","@id":"https:\/\/www.start-discover.eu\/hr\/get-started","url":"https:\/\/www.start-discover.eu\/hr\/get-started","name":"Get started - DiscoverEU","isPartOf":{"@id":"https:\/\/www.start-discover.eu\/hr#website"},"datePublished":"2023-10-18T14:11:14+00:00","dateModified":"2026-01-02T15:01:00+00:00","breadcrumb":{"@id":"https:\/\/www.start-discover.eu\/hr\/get-started#breadcrumb"},"inLanguage":"hr","potentialAction":[{"@type":"ReadAction","target":["https:\/\/www.start-discover.eu\/hr\/get-started"]}]},{"@type":"BreadcrumbList","@id":"https:\/\/www.start-discover.eu\/hr\/get-started#breadcrumb","itemListElement":[{"@type":"ListItem","position":1,"name":"Home","item":"https:\/\/www.start-discover.eu\/hr"},{"@type":"ListItem","position":2,"name":"Get started"}]},{"@type":"WebSite","@id":"https:\/\/www.start-discover.eu\/hr#website","url":"https:\/\/www.start-discover.eu\/hr","name":"DiscoverEU","description":"","publisher":{"@id":"https:\/\/www.start-discover.eu\/hr#organization"},"potentialAction":[{"@type":"SearchAction","target":{"@type":"EntryPoint","urlTemplate":"https:\/\/www.start-discover.eu\/hr?s={search_term_string}"},"query-input":"required name=search_term_string"}],"inLanguage":"hr"},{"@type":"Organization","@id":"https:\/\/www.start-discover.eu\/hr#organization","name":"DiscoverEU","url":"https:\/\/www.start-discover.eu\/hr","logo":{"@type":"ImageObject","inLanguage":"hr","@id":"https:\/\/www.start-discover.eu\/hr#\/schema\/logo\/image\/","url":"https:\/\/www.start-discover.eu\/app\/uploads\/2024\/07\/DEU-logo-696x696-1-scaled.jpg","contentUrl":"https:\/\/www.start-discover.eu\/app\/uploads\/2024\/07\/DEU-logo-696x696-1-scaled.jpg","width":2560,"height":2560,"caption":"DiscoverEU"},"image":{"@id":"https:\/\/www.start-discover.eu\/hr#\/schema\/logo\/image\/"}}]}},"_links":{"self":[{"href":"https:\/\/www.start-discover.eu\/hr\/wp-json\/wp\/v2\/pages\/1933"}],"collection":[{"href":"https:\/\/www.start-discover.eu\/hr\/wp-json\/wp\/v2\/pages"}],"about":[{"href":"https:\/\/www.start-discover.eu\/hr\/wp-json\/wp\/v2\/types\/page"}],"author":[{"embeddable":true,"href":"https:\/\/www.start-discover.eu\/hr\/wp-json\/wp\/v2\/users\/10"}],"replies":[{"embeddable":true,"href":"https:\/\/www.start-discover.eu\/hr\/wp-json\/wp\/v2\/comments?post=1933"}],"version-history":[{"count":10,"href":"https:\/\/www.start-discover.eu\/hr\/wp-json\/wp\/v2\/pages\/1933\/revisions"}],"predecessor-version":[{"id":4816,"href":"https:\/\/www.start-discover.eu\/hr\/wp-json\/wp\/v2\/pages\/1933\/revisions\/4816"}],"wp:attachment":[{"href":"https:\/\/www.start-discover.eu\/hr\/wp-json\/wp\/v2\/media?parent=1933"}],"curies":[{"name":"wp","href":"https:\/\/api.w.org\/{rel}","templated":true}]}}