{"id":1873,"date":"2023-11-13T18:49:23","date_gmt":"2023-11-13T18:49:23","guid":{"rendered":"https:\/\/v2.start-discover.eu\/profile"},"modified":"2026-03-30T08:16:16","modified_gmt":"2026-03-30T08:16:16","slug":"profile","status":"publish","type":"page","link":"https:\/\/www.start-discover.eu\/hr\/profile","title":{"rendered":"Profile"},"content":{"rendered":"","protected":false},"excerpt":{"rendered":"","protected":false},"author":2,"featured_media":0,"parent":0,"menu_order":0,"comment_status":"closed","ping_status":"closed","template":"","meta":{"footnotes":""},"acf":{"email":"<p>Pozdrav {{firstname}},<\/p>\r\n<p>Hvala vam \u0161to ste ispunili anketu #DiscoverEU.<\/p>\r\n<p>Va\u0161a Potvrda o sudjelovanju sada je dostupna u va\u0161em #DiscoverEU profilu.<\/p>\r\n<p>Jednostavno morate pristupiti poveznici obrasca za rezervaciju koju ste koristili za zatra\u017eiti svoj #DiscoverEU Pass (poveznica po\u010dinje s '<a href=\"http:\/\/registrations.start-discover.eu\/\">registrations.start-discover.eu<\/a>') i kliknuti na \u201cPreuzmi svoj #DiscoverEU Certifikat o sudjelovanju\u201d gumb.<\/p>\r\n<p>Nadamo se da ste stvorili nezaboravne uspomene!<\/p>\r\n<p>\u017delimo vam sve najbolje.<\/p>\r\n<p>DiscoverEU Putni\u010dki tim.<\/p>","infobox":{"title":"Va\u0161a Potvrda o sudjelovanju je spremna.","textual_content":"Mo\u017eete je preuzeti klikom na gumb ispod.","button_label":"Preuzmite svoj #DiscoverEU Certifikat o sudjelovanju."},"intro":{"title":{"hello_name":"Pozdrav, {{firstname}}!","welcome_on_your_discovereu_profile":"Dobro do\u0161li na svoj DiscoverEU profil!"},"this_page_gathers_all_the_information_necessary":"Na ovoj se stranici prikupljaju svi podaci potrebni za va\u0161e putovanje te ostali podaci i status registracije."},"status_created":{"it_looks_like_you_havent_filled_out_your_booking_form_yet":"Jo\u0161 niste ispunili obrazac za rezervaciju","dont_wait_too_long_created":"Ne \u010dekajte predugo, morate ga ispuniti do {{closing_date}}!","go_to_the_booking_form":"Otvori obrazac za rezervaciju"},"requests_and_forms_section":{"visa_form_title":"Zahtjev za vizu:","refund_form_title":"Zahtjev za povrat novca:","visa_form_label":"Pozivno pismo i obrazac zahtjeva za putno osiguranje","refund_form_label":"Obrazac za povrat tro\u0161kova","visa_form_processing":"Obrada zahtjeva","refund_form_processing":"Obrada zahtjeva","visa_form_processed":"Zahtjev je obra\u0111en","refund_form_processed":"Zahtjev je obra\u0111en"},"status_initialized":{"it_looks_like_you_havent_finished_filled_out_your_booking_form_yet":"Jo\u0161 niste dovr\u0161ili ispunjavanje obrasca za rezervaciju","dont_wait_too_long_initialized":"Ne \u010dekajte predugo, morate ga ispuniti do {{closing_date}}!","continue_to_complete_your_booking_form":"Nastavite s ispunjavanjem obrasca za rezervaciju"},"status_pending":{"your_identity_documents_are_being_checked":"Va\u0161i se osobni dokumenti provjeravaju","once_your_identity_has_been_verified":"Nakon \u0161to autenti\u010dnost va\u0161eg identiteta bude potvr\u0111ena, dobit \u0107ete automatsku potvrdu e-mailom. Predmet e-maila bit \u0107e \u201eVa\u0161a je narud\u017eba potvr\u0111ena \u2013 ovdje je ostatak\u201d, a e-mail adresa po\u0161iljatelja \u201ecustomerservice@interrail.eu\u201d.","tip:_check_your_spam":"Savjet: provjerite ne\u017eeljenu po\u0161tu","learn_more_about_verifying_my_documents":"Saznajte vi\u0161e o provjeri dokumenata","learn_more_about_verifying_my_documents_url":"https:\/\/registrations.start-discover.eu\/images\/EU_DiscoverEU_GuideID_en.jpg"},"status_declined_first_try":{"couldnt_verify_identity_documents":"Pa\u017enja: va\u0161 obrazac za rezervaciju jo\u0161 nije dovr\u0161en","submitting_documents_a_second_time":"Dokumenti koje ste poslali za potvrdu autenti\u010dnosti va\u0161eg identiteta nisu prihva\u0107eni. Mo\u017eete ih poku\u0161ati ponovno poslati.","back_to_submission_step":"Natrag na korak slanja dokumenata","warning_can_only_submit_documents_twice":"Upozorenje: dokumente mo\u017eete poslati samo dva puta."},"status_declined_second_try":{"identity_documents_could_not_be_verified_twice":"Pa\u017enja: va\u0161 obrazac za rezervaciju jo\u0161 nije dovr\u0161en","not_accepted_for_the_second_time":"Dokumenti koje ste poslali za potvrdu autenti\u010dnosti va\u0161eg identiteta ve\u0107 drugi put nisu prihva\u0107eni. Obratite nam se kako bismo rije\u0161ili ovaj problem."},"status_success":{"flex_stnd":{"congratulations_your_reservation_is_completed_and_validated":"\u010cestitamo, va\u0161a je rezervacija dovr\u0161ena i valjana!","your_pass_is_available_in_your_email":"<p>Va\u0161a propusnica je poslana na va\u0161u e-po\u0161tu. Ako je ne vidite, provjerite mapu ne\u017eeljene po\u0161te. Ako je jo\u0161 uvijek nema, kontaktirajte Tim za putovanja putem stranice Po\u0161aljite zahtjev u <a href=\"https:\/\/discovereu-wave6.zendesk.com\/hc\/en-gb\/requests\/new\"><strong>Centru za pomo\u0107<\/strong><\/a>.<\/p>"},"flex_ovs":{"congratulations_your_reservation_is_completed_and_validated":"\u010cestitamo, va\u0161a je rezervacija dovr\u0161ena i valjana!","the_travel_team_will_contact_you_three_months_before_your_departure_date_to_book_your_flights":"Propusnicu smo vam poslali e-mailom. Ako je niste primili, provjerite bezvrijednu po\u0161tu. U suprotnom, slobodno se obratite timu za pomo\u0107 za putovanja putem stranice za slanje zahtjeva u Centru za pomo\u0107. Tim za pomo\u0107 za putovanja obratit \u0107e vam se tri mjeseca prije datuma polaska radi kupnje karti za va\u0161e letove."},"fix_stnd":{"congratulations_your_reservation_is_completed_and_validated":"\u010cestitamo, va\u0161a je rezervacija dovr\u0161ena i valjana!","the_travel_team_will_contact_you_three_months_before_your_departure_date_to_book_your_fix_trip":"Cestovn\u00ed t\u00fdm v\u00e1s bude kontaktovat t\u0159i m\u011bs\u00edce p\u0159ed datem odjezdu, abyste si mohli rezervovat cestu FIX."},"fix_ovs":{"congratulations_your_reservation_is_completed_and_validated":"\u010cestitamo, va\u0161a je rezervacija dovr\u0161ena i valjana!","the_travel_team_will_contact_you_three_months_before_your_departure_date_to_book_your_flights":"Cestovn\u00ed t\u00fdm v\u00e1s bude kontaktovat t\u0159i m\u011bs\u00edce p\u0159ed datem odjezdu, abyste si mohli rezervovat cestu FIX a letenky."}},"status_accessibility":{"booking_form_completed":"Tvoj je obrazac za rezervaciju ispunjen.","flex_pass_will_be_issued_only_if_you_have_any_accessibility_needs":"Trebali ste primiti e-mail u vezi s va\u0161im potrebama vezanim uz pristupa\u010dnost. Molimo odgovorite timu za putovanja putem kontakt obrasca kako bismo vam mogli izdati propusnicu."},"discovereu_community_section":{"discovereu_community":"Zajednica inicijative DiscoverEU","looking_to_make_the_most_of_your_exciting_journey":"<p>\u017delite li maksimalno iskoristiti svoje uzbudljivo putovanje po Europi?<\/p>\r\n<p>Svrha je ovog prostora zajednice inicijative DiscoverEU da se VI, \u010dlanovi zajednice, mo\u017eete okupiti, upoznati nove ljude, razgovarati i podijeliti s drugima svoje planove putovanja, izgraditi prijateljstva i prona\u0107i inspiraciju za potpuno iskustvo putovanja u okviru inicijative DiscoverEU!<\/p>","join_the_#discovereu_community_label":"PRIDRU\u017dITE SE #zajednici inicijative DiscoverEU*","join_the_#discovereu_community_url":"https:\/\/discovereucommunity.interrail.eu\/","accessible_through_the_discovereu_travel_app":"*dostupno putem aplikacije DiscoverEU Travel App ili izravno koriste\u0107i podatke o svom ra\u010dunu aplikacije DiscoverEU Travel App"},"european_youth_card_section":{"european_youth_card":"Europska iskaznica za mlade","with_your_discovereu_pass_you_have_won_the_european_youth_card":"<p>Svojom DiscoverEU propusnicom osvojili ste Europsku iskaznicu za mlade!<\/p>\r\n<p>Zahvaljuju\u0107i svojoj Europskoj iskaznici za mlade mo\u017eete ostvariti popuste na smje\u0161taj, posjete, lokalni prijevoz i jo\u0161 mnogo toga. Dostupna je u aplikaciji DiscoverEU Travel App, u rubrici \u201eVi\u0161e\u201d.<\/p>"},"help_centre_articles_section":{"help_centre_articles":"\u010clanci Centra za pomo\u0107","you_can_find_below_a_selection_of_articles":"U nastavku mo\u017eete prona\u0107i izbor \u010dlanaka koji vam mogu pomo\u0107i da se po\u010dnete pripremati za svoje putovanje u okviru inicijative DiscoverEU.","flex_faq_links":{"how_to_get_started_with_your_interrail_mobile_pass":"How to get started with your Interrail Mobile Pass?","how_to_get_started_with_your_interrail_mobile_pass_url":"https:\/\/discovereu-wave6.zendesk.com\/hc\/en-gb\/articles\/6066864956945-How-to-get-started-with-your-Interrail-Mobile-Pass-","what_are_10_things_you_should_know_about_the_interrail_pass":"What are 10 things you should know about the Interrail Pass?","what_are_10_things_you_should_know_about_the_interrail_pass_url":"https:\/\/discovereu-wave6.zendesk.com\/hc\/en-gb\/articles\/11909290422673-What-are-10-things-you-should-know-about-the-Interrail-Pass-"}},"all_travellers_faq_links":{"travel_tips":"Travel Tips","travel_tips_url":"https:\/\/discovereu-wave6.zendesk.com\/hc\/en-gb\/categories\/5768672491409-Travel-Tips","how_can_i_save_money_while_travelling":"How can I save money while travelling?","how_can_i_save_money_while_travelling_url":"https:\/\/discovereu-wave6.zendesk.com\/hc\/en-gb\/articles\/6066862630929-How-can-I-save-money-while-travelling-","how_to_connect_with_other_discovereu_travellers":"How to connect with other DiscoverEU travellers?","how_to_connect_with_other_discovereu_travellers_url":"https:\/\/discovereu-wave6.zendesk.com\/hc\/en-gb\/articles\/6066910634513-How-to-connect-with-other-DiscoverEU-travellers-","what_is_the_discovereu_european_youth_card":"What is the DiscoverEU European Youth Card?","what_is_the_discovereu_european_youth_card_url":"https:\/\/discovereu-wave6.zendesk.com\/hc\/en-gb\/articles\/6066928796689-What-is-the-DiscoverEU-European-Youth-Card-"},"contact_us":"Obratite nam se","contact_us_url":"https:\/\/discovereu-wave6.zendesk.com\/hc\/en-gb\/requests\/new","login_items":{"email":"E-mail adresa","password":"Lozinka","forgotten_password":"Zaboravili ste lozinku?","modify_password_label":"Izmijenite lozinku","login_label":"Prijava","log_out_label":"Odjava","new_password":"Nova lozinka","confirm_password":"Potvrdite svoju lozinku","back_to_login":"Natrag na stranicu za prijavu","send_link":"Po\u0161aljite poveznicu","your_are_not_firstname":"Vi niste {{firstname}}?"},"login_content":{"first_password_change":"Iz sigurnosnih razloga bilo bi uputno promijeniti po\u010detnu lozinku.","email_for_password_modify":"Unesite e-mail adresu kojom se prijavljujete i poslat \u0107emo vam poveznicu za ponovno postavljanje lozinke.","strong_password_choice":"Odaberite lozinku koju je te\u0161ko pogoditi.","password_combination_instruction":"Odaberite kombinaciju slova, brojeva i posebnih znakova.","change_your_password":"Promijenite lozinku","update_your_password":"A\u017eurirajte lozinku","sign_in_with_password":"Prijava s lozinkom"},"toasts_content":{"please_enter_a_valid_email_address":"Unesite valjanu e-mail adresu","please_enter_your_email_address":"Unesite svoju e-mail adresu","please_enter_your_password":"Unesite svoju lozinku","please_enter_your_new_password":"Unesite novu lozinku","redirecting_you_to_the_app":"Preusmjeravanje na aplikaciju\u2026","something_went_wrong":"Do\u0161lo je do pogre\u0161ke...","oops":"Ups...","sign_in":"Prijava","password_updated":"Lozinka je a\u017eurirana","password_reset":"Ponovno postavljanje lozinke","sent_email_with_link_to_reset_password":"E-mailom smo vam poslali poveznicu za resetiranje lozinke. Ovaj prozor mo\u017eete zatvoriti","password_6_characters":"Lozinka mora sadr\u017eavati najmanje 6 znakova","password_characters_format":"Lozinka mora sadr\u017eavati najmanje jedno slovo, jedan broj i jedan poseban znak"},"do_you_have_questions_about_your_reservation":"Imate li pitanja o rezervaciji?","identity_verification_status":"Status potvrde autenti\u010dnosti identiteta","if_your_status_is_not_verified_be_sure_to_contact_the_travel_team_through_the_help_center":"<p>Ako va\u0161 status nije <strong>Potvr\u0111eno<\/strong>, svakako se obratite timu za pomo\u0107 za putovanja putem Centra za pomo\u0107.<\/p>","reservation_status":"Status rezervacije","if_your_status_is_not_booked_it_means_there_was_a_problem_with_your_identity_verification_or_there_is_an_error_with_your_reservation_be_sure_to_contact_the_travel_team_via_the_center_help":"<p>Ako va\u0161 status nije <strong>Rezervirano<\/strong>, to zna\u010di da je do\u0161lo do problema s potvrdom autenti\u010dnosti va\u0161eg identiteta ili do pogre\u0161ke s va\u0161om rezervacijom. U tom se slu\u010daju obratite timu za pomo\u0107 za putovanja putem Centra za pomo\u0107.<\/p>","fix_booking_status":"Status rezervacije fiksnog putovanja","if_your_status_is_not_registered_it_means_there_was_a_problem_with_your_identity_verification_or_there_is_an_error_with_your_reservation_be_sure_to_contact_the_travel_team_via_the_center_help":"<p>Ako va\u0161 status nije <strong>Registriran(a)<\/strong>, to zna\u010di da je do\u0161lo do problema s potvrdom autenti\u010dnosti va\u0161eg identiteta ili da je do\u0161lo do pogre\u0161ke s va\u0161om rezervacijom. U tom se slu\u010daju obratite timu za pomo\u0107 za putovanja putem Centra za pomo\u0107.<\/p>","discovereu_travel_app_account_2":"Ra\u010dun aplikacije DiscoverEU Travel App *","interrail_pass_2":"Propusnica Interrail Pass","identification":{"your_informations":"Va\u0161i podaci","personal_data":"Osobni podaci","first_name":"Ime","last_name":"Prezime","date_of_birth":"Datum ro\u0111enja","email":"E-mail adresa","ticket_type":"Vrsta karte","document_country":"Zemlja u kojoj je dokument izdan","statuses":"Statusi","document_verification":"Provjera dokumenata","booking_status":"Status rezervacije","discovereu_travel_app_account":"Ra\u010dun aplikacije DiscoverEU Travel App","interrail_pass":"DiscoverEU Pass"}},"yoast_head":"<!-- This site is optimized with the Yoast SEO plugin v21.9.1 - https:\/\/yoast.com\/wordpress\/plugins\/seo\/ -->\n<title>Profile - DiscoverEU<\/title>\n<meta name=\"robots\" content=\"index, follow, max-snippet:-1, max-image-preview:large, max-video-preview:-1\" \/>\n<link rel=\"canonical\" href=\"https:\/\/www.start-discover.eu\/hr\/profile\" \/>\n<meta property=\"og:locale\" content=\"hr_HR\" \/>\n<meta property=\"og:type\" content=\"article\" \/>\n<meta property=\"og:title\" content=\"Profile - DiscoverEU\" \/>\n<meta property=\"og:url\" content=\"https:\/\/www.start-discover.eu\/hr\/profile\" \/>\n<meta property=\"og:site_name\" content=\"DiscoverEU\" \/>\n<meta property=\"article:modified_time\" content=\"2026-03-30T08:16:16+00:00\" \/>\n<meta property=\"og:image\" content=\"https:\/\/www.start-discover.eu\/app\/uploads\/2024\/07\/DEU-logo-1-scaled.jpg\" \/>\n\t<meta property=\"og:image:width\" content=\"2560\" \/>\n\t<meta property=\"og:image:height\" content=\"1440\" \/>\n\t<meta property=\"og:image:type\" content=\"image\/jpeg\" \/>\n<meta name=\"twitter:card\" content=\"summary_large_image\" \/>\n<script type=\"application\/ld+json\" class=\"yoast-schema-graph\">{\"@context\":\"https:\/\/schema.org\",\"@graph\":[{\"@type\":\"WebPage\",\"@id\":\"https:\/\/www.start-discover.eu\/hr\/profile\",\"url\":\"https:\/\/www.start-discover.eu\/hr\/profile\",\"name\":\"Profile - DiscoverEU\",\"isPartOf\":{\"@id\":\"https:\/\/www.start-discover.eu\/hr#website\"},\"datePublished\":\"2023-11-13T18:49:23+00:00\",\"dateModified\":\"2026-03-30T08:16:16+00:00\",\"breadcrumb\":{\"@id\":\"https:\/\/www.start-discover.eu\/hr\/profile#breadcrumb\"},\"inLanguage\":\"hr\",\"potentialAction\":[{\"@type\":\"ReadAction\",\"target\":[\"https:\/\/www.start-discover.eu\/hr\/profile\"]}]},{\"@type\":\"BreadcrumbList\",\"@id\":\"https:\/\/www.start-discover.eu\/hr\/profile#breadcrumb\",\"itemListElement\":[{\"@type\":\"ListItem\",\"position\":1,\"name\":\"Home\",\"item\":\"https:\/\/www.start-discover.eu\/hr\"},{\"@type\":\"ListItem\",\"position\":2,\"name\":\"Profile\"}]},{\"@type\":\"WebSite\",\"@id\":\"https:\/\/www.start-discover.eu\/hr#website\",\"url\":\"https:\/\/www.start-discover.eu\/hr\",\"name\":\"DiscoverEU\",\"description\":\"\",\"publisher\":{\"@id\":\"https:\/\/www.start-discover.eu\/hr#organization\"},\"potentialAction\":[{\"@type\":\"SearchAction\",\"target\":{\"@type\":\"EntryPoint\",\"urlTemplate\":\"https:\/\/www.start-discover.eu\/hr?s={search_term_string}\"},\"query-input\":\"required name=search_term_string\"}],\"inLanguage\":\"hr\"},{\"@type\":\"Organization\",\"@id\":\"https:\/\/www.start-discover.eu\/hr#organization\",\"name\":\"DiscoverEU\",\"url\":\"https:\/\/www.start-discover.eu\/hr\",\"logo\":{\"@type\":\"ImageObject\",\"inLanguage\":\"hr\",\"@id\":\"https:\/\/www.start-discover.eu\/hr#\/schema\/logo\/image\/\",\"url\":\"https:\/\/www.start-discover.eu\/app\/uploads\/2024\/07\/DEU-logo-696x696-1-scaled.jpg\",\"contentUrl\":\"https:\/\/www.start-discover.eu\/app\/uploads\/2024\/07\/DEU-logo-696x696-1-scaled.jpg\",\"width\":2560,\"height\":2560,\"caption\":\"DiscoverEU\"},\"image\":{\"@id\":\"https:\/\/www.start-discover.eu\/hr#\/schema\/logo\/image\/\"}}]}<\/script>\n<!-- \/ Yoast SEO plugin. -->","yoast_head_json":{"title":"Profile - DiscoverEU","robots":{"index":"index","follow":"follow","max-snippet":"max-snippet:-1","max-image-preview":"max-image-preview:large","max-video-preview":"max-video-preview:-1"},"canonical":"https:\/\/www.start-discover.eu\/hr\/profile","og_locale":"hr_HR","og_type":"article","og_title":"Profile - DiscoverEU","og_url":"https:\/\/www.start-discover.eu\/hr\/profile","og_site_name":"DiscoverEU","article_modified_time":"2026-03-30T08:16:16+00:00","og_image":[{"width":2560,"height":1440,"url":"https:\/\/www.start-discover.eu\/app\/uploads\/2024\/07\/DEU-logo-1-scaled.jpg","type":"image\/jpeg"}],"twitter_card":"summary_large_image","schema":{"@context":"https:\/\/schema.org","@graph":[{"@type":"WebPage","@id":"https:\/\/www.start-discover.eu\/hr\/profile","url":"https:\/\/www.start-discover.eu\/hr\/profile","name":"Profile - DiscoverEU","isPartOf":{"@id":"https:\/\/www.start-discover.eu\/hr#website"},"datePublished":"2023-11-13T18:49:23+00:00","dateModified":"2026-03-30T08:16:16+00:00","breadcrumb":{"@id":"https:\/\/www.start-discover.eu\/hr\/profile#breadcrumb"},"inLanguage":"hr","potentialAction":[{"@type":"ReadAction","target":["https:\/\/www.start-discover.eu\/hr\/profile"]}]},{"@type":"BreadcrumbList","@id":"https:\/\/www.start-discover.eu\/hr\/profile#breadcrumb","itemListElement":[{"@type":"ListItem","position":1,"name":"Home","item":"https:\/\/www.start-discover.eu\/hr"},{"@type":"ListItem","position":2,"name":"Profile"}]},{"@type":"WebSite","@id":"https:\/\/www.start-discover.eu\/hr#website","url":"https:\/\/www.start-discover.eu\/hr","name":"DiscoverEU","description":"","publisher":{"@id":"https:\/\/www.start-discover.eu\/hr#organization"},"potentialAction":[{"@type":"SearchAction","target":{"@type":"EntryPoint","urlTemplate":"https:\/\/www.start-discover.eu\/hr?s={search_term_string}"},"query-input":"required name=search_term_string"}],"inLanguage":"hr"},{"@type":"Organization","@id":"https:\/\/www.start-discover.eu\/hr#organization","name":"DiscoverEU","url":"https:\/\/www.start-discover.eu\/hr","logo":{"@type":"ImageObject","inLanguage":"hr","@id":"https:\/\/www.start-discover.eu\/hr#\/schema\/logo\/image\/","url":"https:\/\/www.start-discover.eu\/app\/uploads\/2024\/07\/DEU-logo-696x696-1-scaled.jpg","contentUrl":"https:\/\/www.start-discover.eu\/app\/uploads\/2024\/07\/DEU-logo-696x696-1-scaled.jpg","width":2560,"height":2560,"caption":"DiscoverEU"},"image":{"@id":"https:\/\/www.start-discover.eu\/hr#\/schema\/logo\/image\/"}}]}},"_links":{"self":[{"href":"https:\/\/www.start-discover.eu\/hr\/wp-json\/wp\/v2\/pages\/1873"}],"collection":[{"href":"https:\/\/www.start-discover.eu\/hr\/wp-json\/wp\/v2\/pages"}],"about":[{"href":"https:\/\/www.start-discover.eu\/hr\/wp-json\/wp\/v2\/types\/page"}],"author":[{"embeddable":true,"href":"https:\/\/www.start-discover.eu\/hr\/wp-json\/wp\/v2\/users\/2"}],"replies":[{"embeddable":true,"href":"https:\/\/www.start-discover.eu\/hr\/wp-json\/wp\/v2\/comments?post=1873"}],"version-history":[{"count":10,"href":"https:\/\/www.start-discover.eu\/hr\/wp-json\/wp\/v2\/pages\/1873\/revisions"}],"predecessor-version":[{"id":5514,"href":"https:\/\/www.start-discover.eu\/hr\/wp-json\/wp\/v2\/pages\/1873\/revisions\/5514"}],"wp:attachment":[{"href":"https:\/\/www.start-discover.eu\/hr\/wp-json\/wp\/v2\/media?parent=1873"}],"curies":[{"name":"wp","href":"https:\/\/api.w.org\/{rel}","templated":true}]}}