{"id":1953,"date":"2023-10-18T14:11:14","date_gmt":"2023-10-18T14:11:14","guid":{"rendered":"https:\/\/v2.start-discover.eu\/get-started"},"modified":"2026-01-02T15:12:35","modified_gmt":"2026-01-02T15:12:35","slug":"get-started","status":"publish","type":"page","link":"https:\/\/www.start-discover.eu\/ga\/get-started","title":{"rendered":"Get started"},"content":{"rendered":"","protected":false},"excerpt":{"rendered":"","protected":false},"author":10,"featured_media":0,"parent":0,"menu_order":0,"comment_status":"closed","ping_status":"closed","template":"","meta":{"footnotes":""},"acf":{"description":"<h1>Cad iad c\u00e9imeanna an <span style=\"color: #f0679b;\">phr\u00f3isis \u00e1irithinte<\/span>?<\/h1>\r\n<p>Nuair a chuireann t\u00fa d\u2019fhoirm \u00e1irithinte isteach, cruth\u00f3imid cuntas duit. Gheobhaidh t\u00fa na sonra\u00ed go l\u00e9ir tr\u00ed r\u00edomhphost. Tabharfaidh an cuntas seo rochtain duit ar an aip DiscoverEU Travel, \u00e1it ar f\u00e9idir leat beala\u00ed agus amanna traenach a sheice\u00e1il chun do thuras a phlean\u00e1il, rochtain a fh\u00e1il ar do ch\u00e1rta DiscoverEU EYCA chun leas a bhaint as na m\u00edlte lascaine ar fud na hEorpa, agus a bheith p\u00e1irteach i gComhphobal DiscoverEU chun d\u2019eisp\u00e9iris a roinnt le taistealaithe eile. Gheobhaidh t\u00fa do DiscoverEU Pass go d\u00edreach san aip.<\/p>","steps_process":[{"title":"Faigh rochtain ar d'fhoirm \u00e1irithinte","description":"<p>Rochtain ar do nasc pearsanta \u00e1irithinte (seolta chugat tr\u00ed <strong>hello@start-discover.eu<\/strong>)<\/p>"},{"title":"F\u00edoraigh d'aitheantas","description":"<p>Mar chuid den fhoirm \u00e1irithinte, iarrfar ort d\u2019aitheantas a fh\u00edor\u00fa.<\/p>"},{"title":"Cuir isteach d\u2019fhoirm \u00e1irithinte","description":"<p>Nuair a bheidh t\u00fa r\u00e9idh, comhl\u00e1naigh agus cuir isteach d\u2019fhoirm \u00e1irithinte<\/p>"}],"title_start_process":"Conas a chuirim t\u00fas leis an bpr\u00f3iseas \u00e1irithinte?","image_start_process":1954,"description_start_process":"<p><strong>Fuair\/Gheobhaidh t\u00fa cuireadh r\u00edomhphoist le do nasc foirm \u00e1irithinte pearsanta.<\/strong><\/p>\r\n<p>Chun an \u00e1irithint taistil a chr\u00edochn\u00fa, beidh ort c\u00fapla rud a phlean\u00e1il. Is \u00e9 an rud is t\u00e1bhachta\u00ed n\u00e1 c\u00e1rta aitheantais n\u00f3 pas a bheith r\u00e9idh agat chun d\u2019aitheantas a fh\u00edor\u00fa.<\/p>\r\n<div>\r\n<p>Agus t\u00fa ag l\u00edonadh na foirme \u00e1irithinte taistil, beidh roinnt faisn\u00e9ise r\u00e9amh-l\u00edonta cheana f\u00e9in, bunaithe ar na sonra\u00ed a fuair muid \u00f3n bpr\u00f3iseas f\u00edoraithe aitheantais. \u00c1ir\u00edtear leis an bhfaisn\u00e9is r\u00e9amh-l\u00edonta:<\/p>\r\n<ul>\r\n\t<li>Seoladh r\u00edomhphoist<\/li>\r\n\t<li>C\u00f3d iarratais<\/li>\r\n\t<li>C\u00e9adainm<\/li>\r\n\t<li>Sloinne<\/li>\r\n\t<li>D\u00e1ta breithe<\/li>\r\n\t<li>T\u00edr a d\u2019eisigh an c\u00e1rta aitheantais\/pas<\/li>\r\n<\/ul>\r\n<\/div>\r\n<p><strong>Ar mhaith leat eolas n\u00edos mionsonraithe?<\/strong><br \/>\r\nF\u00e9ach ar an Ionad Cabhrach, \u00e1it ar f\u00e9idir leat freagra\u00ed a fh\u00e1il ar na ceisteanna is minice a chuirtear.<\/p>","link_start_process":{"title":"T\u00e9igh i gcomhairle leis an Ionad Cabhrach","url":"https:\/\/help.start-discover.eu\/","target":"_blank"},"title":"Gach rud at\u00e1 uait a fh\u00e1il amach faoin DiscoverEU Pass","flexible_travel":{"title_flexible":"-","sub_title":"Pas Interrail DiscoverEU","paragraph":"B\u00ed cib\u00e9 \u00e1it is mian leat a bheith, le sol\u00fabthacht ioml\u00e1n","flexible_option":[{"icon":2645,"title":"Taistil gan d\u00e1ta\u00ed agus gan cinn scr\u00edbe r\u00e9amhshocraithe","paragraph":"<p>Deimhnigh do Phas soghluaiste Interrail, agus cr\u00edochnaigh do thaighde n\u00edos moille. Beidh t\u00fa in ann do Phas soghluaiste a \u00fas\u00e1id san aip taistil DiscoverEU. Is f\u00e9idir leat do Phas a ghn\u00edomhacht\u00fa suas go dt\u00ed an l\u00e1 a thosa\u00edonn t\u00fa ag taisteal. Le linn do thaistil, d\u00e9an plean don bhealach, athraigh treo agus lig don turas a ch\u00farsa f\u00e9in a dh\u00e9anamh.<\/p>","important":false},{"icon":2647,"title":"Taistil ar thraenacha ar feadh 7 l\u00e1 laistigh de thr\u00e9imhse m\u00edosa","paragraph":"<p>Is f\u00e9idir leat an Pas a \u00fas\u00e1id ar 7 l\u00e1 de do rogha f\u00e9in le linn tr\u00e9imhse shocraithe de mh\u00ed amh\u00e1in. Taistil ar laethanta i ndiaidh a ch\u00e9ile, n\u00f3 scaip na laethanta amach i rith na m\u00edosa. Is f\u00e9idir leat gach rud a shocr\u00fa go d\u00edreach \u00f3n aip taistil DiscoverEU.<\/p>","important":false},{"icon":540,"title":"T\u00e9igh ag taisteal leat f\u00e9in n\u00f3 i ngr\u00fapa","paragraph":"<p>Is f\u00fat f\u00e9in at\u00e1 s\u00e9 an dtaisteal\u00f3idh t\u00fa leat f\u00e9in, n\u00f3 i ngr\u00fapa. Is f\u00e9idir leat a roghn\u00fa c\u00e9 leis a dtaisteal\u00f3idh t\u00fa agus iarratas \u00e1 dh\u00e9anamh agat ar DiscoverEU, agus is f\u00e9idir \u00e9 sin a athr\u00fa i l\u00e1r do thurais. M\u00e1 thaisteala\u00edonn t\u00fa i ngr\u00fapa, beidh a phas f\u00e9in ag gach duine sa ghr\u00fapa.<\/p>","important":false},{"icon":484,"title":"Taisteal i dT\u00edr Ch\u00f3naithe","paragraph":"<p>N\u00ed f\u00e9idir do phas a \u00fas\u00e1id ach le haghaidh dh\u00e1 thuras shonracha i do th\u00edr ch\u00f3naithe (tugtar an turas amach agus isteach air sin). Is f\u00e9idir leat taisteal \u00f3 aon su\u00edomh sa t\u00edr ch\u00f3naithe go dt\u00ed an teorainn n\u00f3 aerfort n\u00f3 calafort, is f\u00e9idir leat taisteal ar n\u00edos m\u00f3 n\u00e1 traein amh\u00e1in, ar choinn\u00edoll go bhfuil na turais ar an l\u00e1 taistil c\u00e9anna.<\/p>","important":false},{"icon":456,"title":"Taistil ar do luas f\u00e9in","paragraph":"<p>Leis an bPas soghluaiste, is f\u00e9idir leat fanacht n\u00edos faide i gcathair n\u00f3 imeacht n\u00edos luaithe \u00f3 cheann scr\u00edbe n\u00e1 mar a bh\u00ed beartaithe ar dt\u00fas. An bhfuil fadhb agat le linn do thaistil, cos\u00fail le traein a bheith mall n\u00f3 a cuireadh ar ceal? Is f\u00e9idir leat an ch\u00e9ad traein eile a ghlacadh, n\u00f3 do bhealach a athr\u00fa.<\/p>","important":false},{"icon":596,"title":"Eolas t\u00e1bhachtach","paragraph":"<p>Sula dt\u00e9ann t\u00fa ar bord traenach, bus n\u00f3 b\u00e1id, n\u00ed m\u00f3r duit gach turas a thaifeadadh ar an aip taistil DiscoverEU, faoin gcuid \u2018Mo Thuras\u2019 agus \u00e9 a chur le do Phas Interrail soghluaiste. Ar chiantraenacha \u00e1irithe, caithfidh t\u00fa \u00e1irithint\u00ed su\u00edoch\u00e1n breise a chur in \u00e1irithe.<\/p>","important":true}]},"fixed_travel":{"title":"Rogha taisteal seasta","sub_title":"Tic\u00e9id \u00f3 Phointe go Pointe","paragraph":"Rogha sheasta agus shocraithe, n\u00ed f\u00e9idir do ch\u00farsa taistil a athr\u00fa.\r\n","fixed_option":[{"icon":2646,"title":"Taistil de r\u00e9ir cinn scr\u00edbe r\u00e9amhshocraithe","paragraph":"<p>D\u00e9an taighde agus plean\u00e1il do thuras sula ndearbha\u00edtear do thic\u00e9id taistil. Cuirfear do chl\u00e1r taistil in \u00e1irithe le tic\u00e9id \u00f3 phointe go pointe, n\u00ed f\u00e9idir \u00e9 a athr\u00fa.<\/p>","important":false},{"icon":2648,"title":"Taistil de r\u00e9ir plean seasta","paragraph":"<p>B\u00edonn a fhios agat nuair is mian leat taisteal. B\u00edonn do dh\u00e1ta\u00ed r\u00e9idh, t\u00e1 cl\u00e1r taistil socraithe agat agus t\u00e1 t\u00fa r\u00e9idh chun clo\u00ed le traein agus le d\u00e1ta ar leith.<\/p>","important":false},{"icon":568,"title":"Taistil i ngr\u00fapa","paragraph":"<p>N\u00ed bheidh ach na daoine a ainmn\u00edodh mar ghr\u00fapa in ann taisteal i ngr\u00fapa. Ionas gur f\u00e9idir leat taisteal i ngr\u00fapa, n\u00ed m\u00f3r do gach duine sa ghr\u00fapa an fhoirm \u00e1irithinte taistil a chomhl\u00e1n\u00fa.<\/p>","important":false},{"icon":484,"title":"Taisteal i dT\u00edr Ch\u00f3naithe","paragraph":"<p>Cuirfear do thuras amach agus isteach in \u00e1irithe mar thic\u00e9id \u00f3 phointe go pointe. Is f\u00e9idir leat taisteal ar n\u00edos m\u00f3 n\u00e1 traein amh\u00e1in, \u00f3s rud \u00e9 go bhfuil do ch\u00e9ad cheann scr\u00edbe thar lear.<\/p>","important":false},{"icon":512,"title":"Modhnuithe taistil","paragraph":"<p>Cuirfear tic\u00e9id in \u00e1irithe ar bhonn a bhaineann go sonrach le traein \u00e1irithe gan aon athr\u00fa ar phleananna taistil. N\u00ed chumhd\u00f3idh an Coimisi\u00fan Eorpach aon t\u00e1ill\u00ed breise le haghaidh modhnuithe, \u00e1irithint\u00ed nua n\u00e1 aon chostais eile a bhainfear le linn an turais.<\/p>","important":false},{"icon":596,"title":"Eolas t\u00e1bhachtach","paragraph":"<p>Beidh c\u00farsa taistil \u00f3 phointe go pointe teoranta do thraenacha a cheada\u00edonn \u00e1irithint\u00ed ar l\u00edne. I gc\u00e1s cealuithe n\u00f3 moilleanna, ba cheart don taisteala\u00ed teagmh\u00e1il dh\u00edreach a dh\u00e9anamh leis an gcuideachta iompair. Faigh tuilleadh eolais faoi Chearta Paisin\u00e9ir\u00ed an AE\u00a0anseo.<\/p>","important":true}]},"link_travel_option":{"title":"T\u00f3g go dt\u00ed an t-ionad cabhrach m\u00e9","url":"https:\/\/help.start-discover.eu\/","target":"_blank"}},"yoast_head":"<!-- This site is optimized with the Yoast SEO plugin v21.9.1 - https:\/\/yoast.com\/wordpress\/plugins\/seo\/ -->\n<title>Get started - DiscoverEU<\/title>\n<meta name=\"robots\" content=\"index, follow, max-snippet:-1, max-image-preview:large, max-video-preview:-1\" \/>\n<link rel=\"canonical\" href=\"https:\/\/www.start-discover.eu\/ga\/get-started\" \/>\n<meta property=\"og:locale\" content=\"ga_IE\" \/>\n<meta property=\"og:type\" content=\"article\" \/>\n<meta property=\"og:title\" content=\"Get started - DiscoverEU\" \/>\n<meta property=\"og:url\" content=\"https:\/\/www.start-discover.eu\/ga\/get-started\" \/>\n<meta property=\"og:site_name\" content=\"DiscoverEU\" \/>\n<meta property=\"article:modified_time\" content=\"2026-01-02T15:12:35+00:00\" \/>\n<meta property=\"og:image\" content=\"https:\/\/www.start-discover.eu\/app\/uploads\/2024\/07\/DEU-logo-1-scaled.jpg\" \/>\n\t<meta property=\"og:image:width\" content=\"2560\" \/>\n\t<meta property=\"og:image:height\" content=\"1440\" \/>\n\t<meta property=\"og:image:type\" content=\"image\/jpeg\" \/>\n<meta name=\"twitter:card\" content=\"summary_large_image\" \/>\n<script type=\"application\/ld+json\" class=\"yoast-schema-graph\">{\"@context\":\"https:\/\/schema.org\",\"@graph\":[{\"@type\":\"WebPage\",\"@id\":\"https:\/\/www.start-discover.eu\/ga\/get-started\",\"url\":\"https:\/\/www.start-discover.eu\/ga\/get-started\",\"name\":\"Get started - DiscoverEU\",\"isPartOf\":{\"@id\":\"https:\/\/www.start-discover.eu\/ga#website\"},\"datePublished\":\"2023-10-18T14:11:14+00:00\",\"dateModified\":\"2026-01-02T15:12:35+00:00\",\"breadcrumb\":{\"@id\":\"https:\/\/www.start-discover.eu\/ga\/get-started#breadcrumb\"},\"inLanguage\":\"ga-IE\",\"potentialAction\":[{\"@type\":\"ReadAction\",\"target\":[\"https:\/\/www.start-discover.eu\/ga\/get-started\"]}]},{\"@type\":\"BreadcrumbList\",\"@id\":\"https:\/\/www.start-discover.eu\/ga\/get-started#breadcrumb\",\"itemListElement\":[{\"@type\":\"ListItem\",\"position\":1,\"name\":\"Home\",\"item\":\"https:\/\/www.start-discover.eu\/ga\"},{\"@type\":\"ListItem\",\"position\":2,\"name\":\"Get started\"}]},{\"@type\":\"WebSite\",\"@id\":\"https:\/\/www.start-discover.eu\/ga#website\",\"url\":\"https:\/\/www.start-discover.eu\/ga\",\"name\":\"DiscoverEU\",\"description\":\"\",\"publisher\":{\"@id\":\"https:\/\/www.start-discover.eu\/ga#organization\"},\"potentialAction\":[{\"@type\":\"SearchAction\",\"target\":{\"@type\":\"EntryPoint\",\"urlTemplate\":\"https:\/\/www.start-discover.eu\/ga?s={search_term_string}\"},\"query-input\":\"required name=search_term_string\"}],\"inLanguage\":\"ga-IE\"},{\"@type\":\"Organization\",\"@id\":\"https:\/\/www.start-discover.eu\/ga#organization\",\"name\":\"DiscoverEU\",\"url\":\"https:\/\/www.start-discover.eu\/ga\",\"logo\":{\"@type\":\"ImageObject\",\"inLanguage\":\"ga-IE\",\"@id\":\"https:\/\/www.start-discover.eu\/ga#\/schema\/logo\/image\/\",\"url\":\"https:\/\/www.start-discover.eu\/app\/uploads\/2024\/07\/DEU-logo-696x696-1-scaled.jpg\",\"contentUrl\":\"https:\/\/www.start-discover.eu\/app\/uploads\/2024\/07\/DEU-logo-696x696-1-scaled.jpg\",\"width\":2560,\"height\":2560,\"caption\":\"DiscoverEU\"},\"image\":{\"@id\":\"https:\/\/www.start-discover.eu\/ga#\/schema\/logo\/image\/\"}}]}<\/script>\n<!-- \/ Yoast SEO plugin. -->","yoast_head_json":{"title":"Get started - DiscoverEU","robots":{"index":"index","follow":"follow","max-snippet":"max-snippet:-1","max-image-preview":"max-image-preview:large","max-video-preview":"max-video-preview:-1"},"canonical":"https:\/\/www.start-discover.eu\/ga\/get-started","og_locale":"ga_IE","og_type":"article","og_title":"Get started - DiscoverEU","og_url":"https:\/\/www.start-discover.eu\/ga\/get-started","og_site_name":"DiscoverEU","article_modified_time":"2026-01-02T15:12:35+00:00","og_image":[{"width":2560,"height":1440,"url":"https:\/\/www.start-discover.eu\/app\/uploads\/2024\/07\/DEU-logo-1-scaled.jpg","type":"image\/jpeg"}],"twitter_card":"summary_large_image","schema":{"@context":"https:\/\/schema.org","@graph":[{"@type":"WebPage","@id":"https:\/\/www.start-discover.eu\/ga\/get-started","url":"https:\/\/www.start-discover.eu\/ga\/get-started","name":"Get started - DiscoverEU","isPartOf":{"@id":"https:\/\/www.start-discover.eu\/ga#website"},"datePublished":"2023-10-18T14:11:14+00:00","dateModified":"2026-01-02T15:12:35+00:00","breadcrumb":{"@id":"https:\/\/www.start-discover.eu\/ga\/get-started#breadcrumb"},"inLanguage":"ga-IE","potentialAction":[{"@type":"ReadAction","target":["https:\/\/www.start-discover.eu\/ga\/get-started"]}]},{"@type":"BreadcrumbList","@id":"https:\/\/www.start-discover.eu\/ga\/get-started#breadcrumb","itemListElement":[{"@type":"ListItem","position":1,"name":"Home","item":"https:\/\/www.start-discover.eu\/ga"},{"@type":"ListItem","position":2,"name":"Get started"}]},{"@type":"WebSite","@id":"https:\/\/www.start-discover.eu\/ga#website","url":"https:\/\/www.start-discover.eu\/ga","name":"DiscoverEU","description":"","publisher":{"@id":"https:\/\/www.start-discover.eu\/ga#organization"},"potentialAction":[{"@type":"SearchAction","target":{"@type":"EntryPoint","urlTemplate":"https:\/\/www.start-discover.eu\/ga?s={search_term_string}"},"query-input":"required name=search_term_string"}],"inLanguage":"ga-IE"},{"@type":"Organization","@id":"https:\/\/www.start-discover.eu\/ga#organization","name":"DiscoverEU","url":"https:\/\/www.start-discover.eu\/ga","logo":{"@type":"ImageObject","inLanguage":"ga-IE","@id":"https:\/\/www.start-discover.eu\/ga#\/schema\/logo\/image\/","url":"https:\/\/www.start-discover.eu\/app\/uploads\/2024\/07\/DEU-logo-696x696-1-scaled.jpg","contentUrl":"https:\/\/www.start-discover.eu\/app\/uploads\/2024\/07\/DEU-logo-696x696-1-scaled.jpg","width":2560,"height":2560,"caption":"DiscoverEU"},"image":{"@id":"https:\/\/www.start-discover.eu\/ga#\/schema\/logo\/image\/"}}]}},"_links":{"self":[{"href":"https:\/\/www.start-discover.eu\/ga\/wp-json\/wp\/v2\/pages\/1953"}],"collection":[{"href":"https:\/\/www.start-discover.eu\/ga\/wp-json\/wp\/v2\/pages"}],"about":[{"href":"https:\/\/www.start-discover.eu\/ga\/wp-json\/wp\/v2\/types\/page"}],"author":[{"embeddable":true,"href":"https:\/\/www.start-discover.eu\/ga\/wp-json\/wp\/v2\/users\/10"}],"replies":[{"embeddable":true,"href":"https:\/\/www.start-discover.eu\/ga\/wp-json\/wp\/v2\/comments?post=1953"}],"version-history":[{"count":8,"href":"https:\/\/www.start-discover.eu\/ga\/wp-json\/wp\/v2\/pages\/1953\/revisions"}],"predecessor-version":[{"id":4827,"href":"https:\/\/www.start-discover.eu\/ga\/wp-json\/wp\/v2\/pages\/1953\/revisions\/4827"}],"wp:attachment":[{"href":"https:\/\/www.start-discover.eu\/ga\/wp-json\/wp\/v2\/media?parent=1953"}],"curies":[{"name":"wp","href":"https:\/\/api.w.org\/{rel}","templated":true}]}}