{"id":1853,"date":"2023-11-13T18:49:23","date_gmt":"2023-11-13T18:49:23","guid":{"rendered":"https:\/\/v2.start-discover.eu\/profile"},"modified":"2026-03-30T08:20:56","modified_gmt":"2026-03-30T08:20:56","slug":"profile","status":"publish","type":"page","link":"https:\/\/www.start-discover.eu\/ga\/profile","title":{"rendered":"Profile"},"content":{"rendered":"","protected":false},"excerpt":{"rendered":"","protected":false},"author":2,"featured_media":0,"parent":0,"menu_order":0,"comment_status":"closed","ping_status":"closed","template":"","meta":{"footnotes":""},"acf":{"email":"<p>Dia dhuit {{firstname}},<\/p>\r\n<p>Go raibh maith agat as an suirbh\u00e9 #DiscoverEU a chomhl\u00e1n\u00fa.<\/p>\r\n<p>T\u00e1 do Theastas Rannph\u00e1irt\u00edochta anois ar f\u00e1il i do phr\u00f3if\u00edl #DiscoverEU.<\/p>\r\n<p>N\u00ed g\u00e1 duit ach rochtain a fh\u00e1il ar do nasc foirm \u00e1irithint, an ceann a \u00fas\u00e1id t\u00fa chun d'Pas #DiscoverEU a iarraidh (tosa\u00edonn an nasc le '<a href=\"http:\/\/registrations.start-discover.eu\/\">registrations.start-discover.eu<\/a>') agus clice\u00e1il ar an gcnaipe \u201c\u00cdosl\u00f3d\u00e1il do Theastas Rannph\u00e1irt\u00edochta #DiscoverEU\u201d.<\/p>\r\n<p>T\u00e1 s\u00fail againn go chruthaigh t\u00fa cuimhn\u00ed dochlo\u00edte!<\/p>\r\n<p>Go n-\u00e9ir\u00ed an b\u00f3thar leat.<\/p>\r\n<p>Foireann Taistil DiscoverEU.<\/p>","infobox":{"title":"T\u00e1 do Theastas Rannph\u00e1irt\u00edochta r\u00e9idh.","textual_content":"Is f\u00e9idir leat \u00e9 a \u00edosl\u00f3d\u00e1il tr\u00ed chlice\u00e1il ar an gcnaipe th\u00edos.","button_label":"\u00cdosl\u00f3d\u00e1il do Theastas Rannph\u00e1irt\u00edochta #DiscoverEU."},"intro":{"title":{"hello_name":"Dia dhuit {{firstname}}","welcome_on_your_discovereu_profile":"F\u00e1ilte ar do phr\u00f3if\u00edl DiscoverEU!"},"this_page_gathers_all_the_information_necessary":"Bail\u00edonn an leathanach seo an t - eolas go l\u00e9ir at\u00e1 riachtanach do do thuras chomh maith leis na sonra\u00ed agus an st\u00e1das cl\u00e1r\u00fach\u00e1in."},"status_created":{"it_looks_like_you_havent_filled_out_your_booking_form_yet":"Is cos\u00fail n\u00e1r l\u00edon t\u00fa d'fhoirm \u00e1irithinte amach go f\u00f3ill","dont_wait_too_long_created":"N\u00e1 fan r\u00f3fhada, caithfidh t\u00fa fanacht go {{closing_date}} dt\u00ed go gcr\u00edochna\u00edonn t\u00fa \u00e9!","go_to_the_booking_form":"T\u00e9igh go dt\u00ed an fhoirm \u00e1irithinte"},"requests_and_forms_section":{"visa_form_title":"Iarratas ar v\u00edosa:","refund_form_title":"Iarratas ar ais\u00edoca\u00edocht:","visa_form_label":"Litir Chuiridh agus Foirm Iarratais ar \u00c1rachas Taistil","refund_form_label":"Foirm Ais\u00edoca\u00edochta","visa_form_processing":"Pr\u00f3ise\u00e1il iarratais","refund_form_processing":"Pr\u00f3ise\u00e1il iarratais","visa_form_processed":"Iarratas ar d\u00e9ile\u00e1ladh leis","refund_form_processed":"Iarratas ar d\u00e9ile\u00e1ladh leis"},"status_initialized":{"it_looks_like_you_havent_finished_filled_out_your_booking_form_yet":"Is cos\u00fail n\u00e1r l\u00edon t\u00fa d'fhoirm \u00e1irithinte cr\u00edochnaithe agat f\u00f3s","dont_wait_too_long_initialized":"N\u00e1 fan r\u00f3fhada, caithfidh t\u00fa fanacht go {{closing_date}} dt\u00ed go gcr\u00edochna\u00edonn t\u00fa \u00e9!","continue_to_complete_your_booking_form":"Lean ar aghaidh chun d'fhoirm \u00e1irithinte a chr\u00edochn\u00fa"},"status_pending":{"your_identity_documents_are_being_checked":"T\u00e1 do dhoicim\u00e9id aitheantais \u00e1 seice\u00e1il","once_your_identity_has_been_verified":"Nuair a bheidh do ch\u00e9annacht f\u00edoraithe, gheobhaidh t\u00fa deimhni\u00fa uathoibr\u00edoch tr\u00ed r\u00edomhphost. T\u00e1 an t - \u00e1bhar ag an r\u00edomhphost \"Deimhn\u00edtear d'ord\u00fa - anseo an chuid eile\" agus seoltar \u00e9 \u00f3n seoladh r\u00edomhphoist \"customerservice@interrail.eu \".","tip:_check_your_spam":"Leid: seice\u00e1il do thurscar","learn_more_about_verifying_my_documents":"Faigh tuilleadh eolais faoi mo dhoicim\u00e9id a dheimhni\u00fa","learn_more_about_verifying_my_documents_url":"https:\/\/registrations.start-discover.eu\/images\/EU_DiscoverEU_GuideID_en.jpg"},"status_declined_first_try":{"couldnt_verify_identity_documents":"Airde: n\u00edl do fhoirm \u00e1irithinte comhl\u00e1naithe go f\u00f3ill","submitting_documents_a_second_time":"N\u00edor glacadh leis na doicim\u00e9id a chuir t\u00fa isteach chun d'aitheantas a dheimhni\u00fa. Is f\u00e9idir leat triail a bhaint as iad a chur isteach an dara huair.","back_to_submission_step":"Ar ais chuig c\u00e9im an iarratais","warning_can_only_submit_documents_twice":"Rabhadh : n\u00ed f\u00e9idir leat ach do dhoicim\u00e9id a chur isteach faoi dh\u00f3."},"status_declined_second_try":{"identity_documents_could_not_be_verified_twice":"Airde: n\u00edl do fhoirm \u00e1irithinte comhl\u00e1naithe go f\u00f3ill","not_accepted_for_the_second_time":"N\u00edor glacadh leis na doicim\u00e9id a chuir t\u00fa isteach chun d'aitheantas a dheimhni\u00fa. D\u00e9an teagmh\u00e1il linn chun an fhadhb seo a r\u00e9iteach."},"status_success":{"flex_stnd":{"congratulations_your_reservation_is_completed_and_validated":"Comhghairdeas, t\u00e1 do fhoirm \u00e1irithinte comhl\u00e1naithe agus bail\u00edochtaithe!","your_pass_is_available_in_your_email":"<p>Seoladh do phas chuig do r\u00edomhphost. Mura bhfeiceann t\u00fa \u00e9, seice\u00e1il do fhillte\u00e1n bruscair, le do thoil. Mura bhfuil s\u00e9 ann f\u00f3s, d\u00e9an teagmh\u00e1il leis an bhFoireann Taistil tr\u00edd an leathanach 'Iarratas a Chur Isteach' san Ionad <a href=\"https:\/\/discovereu-wave6.zendesk.com\/hc\/en-gb\/requests\/new\"><strong>Cabhrach<\/strong><\/a>.<br \/>\r\n<br \/>\r\n<\/p>"},"flex_ovs":{"congratulations_your_reservation_is_completed_and_validated":"Comhghairdeas, t\u00e1 d'\u00e1irithint cr\u00edochnaithe agus bail\u00edochtaithe!","the_travel_team_will_contact_you_three_months_before_your_departure_date_to_book_your_flights":"T\u00e1 do phas ar f\u00e1il i do r\u00edomhphost. Mura bhfuair t\u00fa aon rud, seice\u00e1il do dhramhphost. Seachas sin, n\u00e1 b\u00edodh aon leisce ort teagmh\u00e1il a dh\u00e9anamh leis an bhFoireann Taistil tr\u00edd an leathanach Cuir iarratas isteach ar an Ionad Cabhrach. Rachaidh an Fhoireann Taistil i dteagmh\u00e1il leat tr\u00ed mh\u00ed roimh do dh\u00e1ta imeachta chun d'eitilt\u00ed a chur in \u00e1irithe."},"fix_stnd":{"congratulations_your_reservation_is_completed_and_validated":"Comhghairdeas, t\u00e1 d'\u00e1irithint cr\u00edochnaithe agus bail\u00edochtaithe!","the_travel_team_will_contact_you_three_months_before_your_departure_date_to_book_your_fix_trip":"Rachaidh an Fhoireann Taistil i dteagmh\u00e1il leat tr\u00ed mh\u00ed roimh do dh\u00e1ta imeachta chun do thuras FIX a chur in \u00e1irithe."},"fix_ovs":{"congratulations_your_reservation_is_completed_and_validated":"Comhghairdeas, t\u00e1 d'\u00e1irithint cr\u00edochnaithe agus bail\u00edochtaithe!","the_travel_team_will_contact_you_three_months_before_your_departure_date_to_book_your_flights":"Rachaidh an Fhoireann Taistil i dteagmh\u00e1il leat tr\u00ed mh\u00ed roimh do dh\u00e1ta imeachta chun do thuras FIX agus do thic\u00e9id eitilte a chur in \u00e1irithe."}},"status_accessibility":{"booking_form_completed":"T\u00e1 d'fhoirm \u00e1irithinte comhl\u00e1naithe.","flex_pass_will_be_issued_only_if_you_have_any_accessibility_needs":"Ba ch\u00f3ir go mbeadh r\u00edomhphost faighte agat maidir le do riachtanais inrochtaineachta. Freagair don Fhoireann Taistil, le do thoil, tr\u00edd an bhfoirm teagmh\u00e1la ionas gur f\u00e9idir linn do Phas DiscoverEU a eisi\u00faint."},"discovereu_community_section":{"discovereu_community":"Comhphobal DiscoverEU","looking_to_make_the_most_of_your_exciting_journey":"<p>An bhfuil t\u00fa ag iarraidh an leas is fearr a bhaint as do thuras spreag\u00fail, agus t\u00fa ag f\u00e1il amach faoin Eoraip?<\/p>\r\n<p>T\u00e1 an pobal DiscoverEU seo anseo chun teacht le ch\u00e9ile, bualadh le daoine nua, do phleananna taistil a phl\u00e9 agus a roinnt, cairdeas a choth\u00fa agus inspior\u00e1id a fh\u00e1il chun do thuras DiscoverEU a bhlaiseadh go hioml\u00e1n!<\/p>","join_the_#discovereu_community_label":"T\u00c9IGH ISTEACH i #DiscoverEU Community*","join_the_#discovereu_community_url":"https:\/\/discovereucommunity.interrail.eu\/","accessible_through_the_discovereu_travel_app":"*inrochtana tr\u00ed Aip Taistil DiscoverEU n\u00f3 go d\u00edreach tr\u00ed do shonra\u00ed cuntais Aip Taistil DiscoverEU a \u00fas\u00e1id"},"european_youth_card_section":{"european_youth_card":"An C\u00e1rta \u00d3ige Eorpach","with_your_discovereu_pass_you_have_won_the_european_youth_card":"<p>Le do phas DiscoverEU, bhuaigh t\u00fa C\u00e1rta Eorpach na h\u00d3ige!<\/p>\r\n<p>A bhu\u00ed le do Ch\u00e1rta Eorpach don \u00d3ige, is f\u00e9idir leat lascain\u00ed a fh\u00e1il ar l\u00f3ist\u00edn, cuairteanna, iompar \u00e1iti\u00fail agus go leor eile. T\u00e1 s\u00e9 ar f\u00e1il i d'Aip Taistil DiscoverEU, faoin rann\u00e1n \"tuilleadh eolais \".<\/p>"},"help_centre_articles_section":{"help_centre_articles":"M\u00edreanna an Ionaid Chabhrach","you_can_find_below_a_selection_of_articles":"Is f\u00e9idir leat rogha m\u00edreanna a fh\u00e1il th\u00edos a chabhr\u00f3idh leat tos\u00fa ag ullmh\u00fa do do thuras DiscoverEU.","flex_faq_links":{"how_to_get_started_with_your_interrail_mobile_pass":"How to get started with your Interrail Mobile Pass?","how_to_get_started_with_your_interrail_mobile_pass_url":"https:\/\/discovereu-wave6.zendesk.com\/hc\/en-gb\/articles\/6066864956945-How-to-get-started-with-your-Interrail-Mobile-Pass-","what_are_10_things_you_should_know_about_the_interrail_pass":"What are 10 things you should know about the Interrail Pass?","what_are_10_things_you_should_know_about_the_interrail_pass_url":"https:\/\/discovereu-wave6.zendesk.com\/hc\/en-gb\/articles\/11909290422673-What-are-10-things-you-should-know-about-the-Interrail-Pass-"}},"all_travellers_faq_links":{"travel_tips":"Travel Tips","travel_tips_url":"https:\/\/discovereu-wave6.zendesk.com\/hc\/en-gb\/categories\/5768672491409-Travel-Tips","how_can_i_save_money_while_travelling":"How can I save money while travelling?","how_can_i_save_money_while_travelling_url":"https:\/\/discovereu-wave6.zendesk.com\/hc\/en-gb\/articles\/6066862630929-How-can-I-save-money-while-travelling-","how_to_connect_with_other_discovereu_travellers":"How to connect with other DiscoverEU travellers?","how_to_connect_with_other_discovereu_travellers_url":"https:\/\/discovereu-wave6.zendesk.com\/hc\/en-gb\/articles\/6066910634513-How-to-connect-with-other-DiscoverEU-travellers-","what_is_the_discovereu_european_youth_card":"What is the DiscoverEU European Youth Card?","what_is_the_discovereu_european_youth_card_url":"https:\/\/discovereu-wave6.zendesk.com\/hc\/en-gb\/articles\/6066928796689-What-is-the-DiscoverEU-European-Youth-Card-"},"contact_us":"Teagmh\u00e1il linn","contact_us_url":"https:\/\/discovereu-wave6.zendesk.com\/hc\/en-gb\/requests\/new","login_items":{"email":"R\u00edomhphost","password":"Pasfhocal","forgotten_password":"Pasfhocal dearmadta?","modify_password_label":"Athraigh an pasfhocal","login_label":"Log\u00e1il Isteach","log_out_label":"Log\u00e1il amach","new_password":"Focal Faire Nua:","confirm_password":"Deimhnigh do phasfhocal","back_to_login":"Ar ais chuig an leathanach log\u00e1la isteach","send_link":"Seol nasc","your_are_not_firstname":"Nach bhfuil do chuid smaointe go maith {{firstname}} ?"},"login_content":{"first_password_change":"Ar ch\u00faiseanna sl\u00e1nd\u00e1la iarraimid ort an pasfhocal tosaigh a athr\u00fa.","email_for_password_modify":"Cuir isteach an seoladh r\u00edomhphoist a \u00fas\u00e1ideann t\u00fa chun s\u00edni\u00fa isteach, agus seolfaimid nasc chugat chun do phasfhocal a athshocr\u00fa.","strong_password_choice":"Roghnaigh pasfhocal l\u00e1idir, le do thoil.","password_combination_instruction":"Roghnaigh measc\u00e1n de litreacha, uimhreacha agus carachtair speisialta.","change_your_password":"Athraigh do phasfhocal","update_your_password":"Nuashonraigh do phasfhocal","sign_in_with_password":"S\u00ednigh isteach le pasfhocal"},"toasts_content":{"please_enter_a_valid_email_address":"Cuir isteach seoladh r\u00edomhphoist bail\u00ed le do thoil.","please_enter_your_email_address":"Iontr\u00e1il Do Sheoladh le do thoil","please_enter_your_password":"Iontr\u00e1il do phasfhocal","please_enter_your_new_password":"Iontr\u00e1il focal faire nua, le do thoil:","redirecting_you_to_the_app":"T\u00fa a atreor\u00fa chuig an aip...","something_went_wrong":"Chuaigh rud \u00e9igin ar seachr\u00e1n","oops":"\u00daps","sign_in":"Log\u00e1il Isteach","password_updated":"Nuashonra\u00edodh an pasfhocal","password_reset":"Athshocr\u00fa Pasfhocail","sent_email_with_link_to_reset_password":"Sheolamar r\u00edomhphost chugat le nasc chun do phasfhocal a athshocr\u00fa, is f\u00e9idir leat an fhuinneog seo a dh\u00fanadh","password_6_characters":"Caithfidh 6 charachtar ar a laghad a bheith sa phasfhocal","password_characters_format":"N\u00ed m\u00f3r litir amh\u00e1in, uimhir amh\u00e1in agus carachtar speisialta amh\u00e1in ar a laghad a bheith sa phasfhocal"},"do_you_have_questions_about_your_reservation":"An bhfuil ceisteanna agat faoi d'\u00e1irithint?","identity_verification_status":"St\u00e1das Deimhnithe Aitheantais","if_your_status_is_not_verified_be_sure_to_contact_the_travel_team_through_the_help_center":"<p>Mura bhfuil do st\u00e1das <strong>Deimhnithe<\/strong>, b\u00ed cinnte go nd\u00e9anfaidh t\u00fa teagmh\u00e1il leis an bhFoireann Taistil tr\u00edd an Ionad Cabhrach.<\/p>","reservation_status":"St\u00e1das na h\u00e1irithinte","if_your_status_is_not_booked_it_means_there_was_a_problem_with_your_identity_verification_or_there_is_an_error_with_your_reservation_be_sure_to_contact_the_travel_team_via_the_center_help":"<p>Mura bhfuil do st\u00e1das <strong>curtha in \u00e1irithe<\/strong>, cialla\u00edonn s\u00e9 go raibh fadhb ann le deimhni\u00fa d'aitheantais n\u00f3 m\u00e1 t\u00e1 earr\u00e1id ann le d'\u00e1irithint, b\u00ed cinnte go nd\u00e9anfaidh t\u00fa teagmh\u00e1il leis an bhFoireann Taistil tr\u00edd an Ionad Cabhrach.<\/p>","fix_booking_status":"St\u00e1das na h\u00c1irithinte","if_your_status_is_not_registered_it_means_there_was_a_problem_with_your_identity_verification_or_there_is_an_error_with_your_reservation_be_sure_to_contact_the_travel_team_via_the_center_help":"<p>Mura bhfuil do st\u00e1das <strong>Cl\u00e1raithe<\/strong>, cialla\u00edonn s\u00e9 go raibh fadhb ann le deimhni\u00fa d'aitheantais n\u00f3 m\u00e1 tharla earr\u00e1id le d'\u00e1irithint, b\u00ed cinnte go nd\u00e9anfaidh t\u00fa teagmh\u00e1il leis an bhFoireann Taistil tr\u00edd an Ionad Cabhrach.<\/p>","discovereu_travel_app_account_2":"Cuntas Aipeanna Taistil DiscoverEU","interrail_pass_2":"Pas idirr\u00e1ille","identification":{"your_informations":"Do chuid sonra\u00ed","personal_data":"Eolas Pearsanta","first_name":"C\u00e9adainm","last_name":"Sloinne","date_of_birth":"D\u00e1ta breithe","email":"R\u00edomhphost","ticket_type":"Saghas tic\u00e9id taistil","document_country":"T\u00edr an doicim\u00e9id","statuses":"Staitistic\u00ed","document_verification":"F\u00edor\u00fa doicim\u00e9ad","booking_status":"St\u00e1das na h\u00c1irithinte","discovereu_travel_app_account":"Cuntas Aipeanna Taistil DiscoverEU","interrail_pass":"Pas DiscoverEU"}},"yoast_head":"<!-- This site is optimized with the Yoast SEO plugin v21.9.1 - https:\/\/yoast.com\/wordpress\/plugins\/seo\/ -->\n<title>Profile - DiscoverEU<\/title>\n<meta name=\"robots\" content=\"index, follow, max-snippet:-1, max-image-preview:large, max-video-preview:-1\" \/>\n<link rel=\"canonical\" href=\"https:\/\/www.start-discover.eu\/ga\/profile\" \/>\n<meta property=\"og:locale\" content=\"ga_IE\" \/>\n<meta property=\"og:type\" content=\"article\" \/>\n<meta property=\"og:title\" content=\"Profile - DiscoverEU\" \/>\n<meta property=\"og:url\" content=\"https:\/\/www.start-discover.eu\/ga\/profile\" \/>\n<meta property=\"og:site_name\" content=\"DiscoverEU\" \/>\n<meta property=\"article:modified_time\" content=\"2026-03-30T08:20:56+00:00\" \/>\n<meta property=\"og:image\" content=\"https:\/\/www.start-discover.eu\/app\/uploads\/2024\/07\/DEU-logo-1-scaled.jpg\" \/>\n\t<meta property=\"og:image:width\" content=\"2560\" \/>\n\t<meta property=\"og:image:height\" content=\"1440\" \/>\n\t<meta property=\"og:image:type\" content=\"image\/jpeg\" \/>\n<meta name=\"twitter:card\" content=\"summary_large_image\" \/>\n<script type=\"application\/ld+json\" class=\"yoast-schema-graph\">{\"@context\":\"https:\/\/schema.org\",\"@graph\":[{\"@type\":\"WebPage\",\"@id\":\"https:\/\/www.start-discover.eu\/ga\/profile\",\"url\":\"https:\/\/www.start-discover.eu\/ga\/profile\",\"name\":\"Profile - DiscoverEU\",\"isPartOf\":{\"@id\":\"https:\/\/www.start-discover.eu\/ga#website\"},\"datePublished\":\"2023-11-13T18:49:23+00:00\",\"dateModified\":\"2026-03-30T08:20:56+00:00\",\"breadcrumb\":{\"@id\":\"https:\/\/www.start-discover.eu\/ga\/profile#breadcrumb\"},\"inLanguage\":\"ga-IE\",\"potentialAction\":[{\"@type\":\"ReadAction\",\"target\":[\"https:\/\/www.start-discover.eu\/ga\/profile\"]}]},{\"@type\":\"BreadcrumbList\",\"@id\":\"https:\/\/www.start-discover.eu\/ga\/profile#breadcrumb\",\"itemListElement\":[{\"@type\":\"ListItem\",\"position\":1,\"name\":\"Home\",\"item\":\"https:\/\/www.start-discover.eu\/ga\"},{\"@type\":\"ListItem\",\"position\":2,\"name\":\"Profile\"}]},{\"@type\":\"WebSite\",\"@id\":\"https:\/\/www.start-discover.eu\/ga#website\",\"url\":\"https:\/\/www.start-discover.eu\/ga\",\"name\":\"DiscoverEU\",\"description\":\"\",\"publisher\":{\"@id\":\"https:\/\/www.start-discover.eu\/ga#organization\"},\"potentialAction\":[{\"@type\":\"SearchAction\",\"target\":{\"@type\":\"EntryPoint\",\"urlTemplate\":\"https:\/\/www.start-discover.eu\/ga?s={search_term_string}\"},\"query-input\":\"required name=search_term_string\"}],\"inLanguage\":\"ga-IE\"},{\"@type\":\"Organization\",\"@id\":\"https:\/\/www.start-discover.eu\/ga#organization\",\"name\":\"DiscoverEU\",\"url\":\"https:\/\/www.start-discover.eu\/ga\",\"logo\":{\"@type\":\"ImageObject\",\"inLanguage\":\"ga-IE\",\"@id\":\"https:\/\/www.start-discover.eu\/ga#\/schema\/logo\/image\/\",\"url\":\"https:\/\/www.start-discover.eu\/app\/uploads\/2024\/07\/DEU-logo-696x696-1-scaled.jpg\",\"contentUrl\":\"https:\/\/www.start-discover.eu\/app\/uploads\/2024\/07\/DEU-logo-696x696-1-scaled.jpg\",\"width\":2560,\"height\":2560,\"caption\":\"DiscoverEU\"},\"image\":{\"@id\":\"https:\/\/www.start-discover.eu\/ga#\/schema\/logo\/image\/\"}}]}<\/script>\n<!-- \/ Yoast SEO plugin. -->","yoast_head_json":{"title":"Profile - DiscoverEU","robots":{"index":"index","follow":"follow","max-snippet":"max-snippet:-1","max-image-preview":"max-image-preview:large","max-video-preview":"max-video-preview:-1"},"canonical":"https:\/\/www.start-discover.eu\/ga\/profile","og_locale":"ga_IE","og_type":"article","og_title":"Profile - DiscoverEU","og_url":"https:\/\/www.start-discover.eu\/ga\/profile","og_site_name":"DiscoverEU","article_modified_time":"2026-03-30T08:20:56+00:00","og_image":[{"width":2560,"height":1440,"url":"https:\/\/www.start-discover.eu\/app\/uploads\/2024\/07\/DEU-logo-1-scaled.jpg","type":"image\/jpeg"}],"twitter_card":"summary_large_image","schema":{"@context":"https:\/\/schema.org","@graph":[{"@type":"WebPage","@id":"https:\/\/www.start-discover.eu\/ga\/profile","url":"https:\/\/www.start-discover.eu\/ga\/profile","name":"Profile - DiscoverEU","isPartOf":{"@id":"https:\/\/www.start-discover.eu\/ga#website"},"datePublished":"2023-11-13T18:49:23+00:00","dateModified":"2026-03-30T08:20:56+00:00","breadcrumb":{"@id":"https:\/\/www.start-discover.eu\/ga\/profile#breadcrumb"},"inLanguage":"ga-IE","potentialAction":[{"@type":"ReadAction","target":["https:\/\/www.start-discover.eu\/ga\/profile"]}]},{"@type":"BreadcrumbList","@id":"https:\/\/www.start-discover.eu\/ga\/profile#breadcrumb","itemListElement":[{"@type":"ListItem","position":1,"name":"Home","item":"https:\/\/www.start-discover.eu\/ga"},{"@type":"ListItem","position":2,"name":"Profile"}]},{"@type":"WebSite","@id":"https:\/\/www.start-discover.eu\/ga#website","url":"https:\/\/www.start-discover.eu\/ga","name":"DiscoverEU","description":"","publisher":{"@id":"https:\/\/www.start-discover.eu\/ga#organization"},"potentialAction":[{"@type":"SearchAction","target":{"@type":"EntryPoint","urlTemplate":"https:\/\/www.start-discover.eu\/ga?s={search_term_string}"},"query-input":"required name=search_term_string"}],"inLanguage":"ga-IE"},{"@type":"Organization","@id":"https:\/\/www.start-discover.eu\/ga#organization","name":"DiscoverEU","url":"https:\/\/www.start-discover.eu\/ga","logo":{"@type":"ImageObject","inLanguage":"ga-IE","@id":"https:\/\/www.start-discover.eu\/ga#\/schema\/logo\/image\/","url":"https:\/\/www.start-discover.eu\/app\/uploads\/2024\/07\/DEU-logo-696x696-1-scaled.jpg","contentUrl":"https:\/\/www.start-discover.eu\/app\/uploads\/2024\/07\/DEU-logo-696x696-1-scaled.jpg","width":2560,"height":2560,"caption":"DiscoverEU"},"image":{"@id":"https:\/\/www.start-discover.eu\/ga#\/schema\/logo\/image\/"}}]}},"_links":{"self":[{"href":"https:\/\/www.start-discover.eu\/ga\/wp-json\/wp\/v2\/pages\/1853"}],"collection":[{"href":"https:\/\/www.start-discover.eu\/ga\/wp-json\/wp\/v2\/pages"}],"about":[{"href":"https:\/\/www.start-discover.eu\/ga\/wp-json\/wp\/v2\/types\/page"}],"author":[{"embeddable":true,"href":"https:\/\/www.start-discover.eu\/ga\/wp-json\/wp\/v2\/users\/2"}],"replies":[{"embeddable":true,"href":"https:\/\/www.start-discover.eu\/ga\/wp-json\/wp\/v2\/comments?post=1853"}],"version-history":[{"count":9,"href":"https:\/\/www.start-discover.eu\/ga\/wp-json\/wp\/v2\/pages\/1853\/revisions"}],"predecessor-version":[{"id":5525,"href":"https:\/\/www.start-discover.eu\/ga\/wp-json\/wp\/v2\/pages\/1853\/revisions\/5525"}],"wp:attachment":[{"href":"https:\/\/www.start-discover.eu\/ga\/wp-json\/wp\/v2\/media?parent=1853"}],"curies":[{"name":"wp","href":"https:\/\/api.w.org\/{rel}","templated":true}]}}