{"id":430,"date":"2023-10-18T14:11:14","date_gmt":"2023-10-18T14:11:14","guid":{"rendered":"https:\/\/discovereu.local\/?page_id=430"},"modified":"2026-01-02T15:07:53","modified_gmt":"2026-01-02T15:07:53","slug":"get-started","status":"publish","type":"page","link":"https:\/\/www.start-discover.eu\/fr\/get-started","title":{"rendered":"Commencer"},"content":{"rendered":"","protected":false},"excerpt":{"rendered":"","protected":false},"author":10,"featured_media":0,"parent":0,"menu_order":0,"comment_status":"closed","ping_status":"closed","template":"","meta":{"footnotes":""},"acf":{"description":"<h1>Quelles sont les \u00e9tapes du <span style=\"color: #f0679b;\">formulaire de r\u00e9servation<\/span> ?<\/h1>\r\n<p>Apr\u00e8s avoir soumis ton formulaire de r\u00e9servation, un compte sera cr\u00e9\u00e9 pour toi sur l\u2019application DiscoverEU Travel, o\u00f9 tu trouveras ton Pass DiscoverEU. Sur l\u2019application, tu pourras planifier ton voyage en consultant les itin\u00e9raires et horaires des trains, utiliser ta carte European Youth pour profiter de milliers de r\u00e9ductions \u00e0 travers l\u2019Europe et \u00e9changer avec d\u2019autres voyageurs dans la communaut\u00e9 DiscoverEU pour partager tes exp\u00e9riences.<\/p>","steps_process":[{"title":"Acc\u00e8de \u00e0 ton formulaire de r\u00e9servation","description":"<p>Acc\u00e8de \u00e0 ton lien de r\u00e9servation personnel (envoy\u00e9 par <strong>hello@start-discover.eu<\/strong>)<\/p>"},{"title":"V\u00e9rifie ton identit\u00e9","description":"<p>Il te sera demand\u00e9, au moment de remplir le formulaire de r\u00e9servation, de v\u00e9rifier ton identit\u00e9.<\/p>"},{"title":"Envoie ton formulaire de r\u00e9servation","description":"<p>Une fois pr\u00eat\/e, compl\u00e8te et envoie le formulaire de r\u00e9servation.<\/p>"}],"title_start_process":"Comment puis-je commencer le processus de r\u00e9servation ?","image_start_process":190,"description_start_process":"<p><strong>Tu recevras une invitation par e-mail avec le lien de ton formulaire de r\u00e9servation personnel.<\/strong><\/p>\r\n<p>Pour finaliser la r\u00e9servation de ton voyage, tu devras pr\u00e9voir quelques \u00e9l\u00e9ments. Le plus important est d\u2019avoir une carte d\u2019identit\u00e9 ou un passeport pr\u00eat afin de v\u00e9rifier ton identit\u00e9.<\/p>\r\n<div>\r\n<p>Lors du remplissage de ton formulaire de r\u00e9servation, certaines informations seront d\u00e9j\u00e0 pr\u00e9remplies, sur la base des donn\u00e9es que nous avons r\u00e9cup\u00e9r\u00e9es lors du processus de v\u00e9rification d\u2019identit\u00e9. Les informations pr\u00e9remplies incluent :<\/p>\r\n<ul>\r\n\t<li>Adresse e-mail<\/li>\r\n\t<li>Code de candidature<\/li>\r\n\t<li>Pr\u00e9nom<\/li>\r\n\t<li>Nom<\/li>\r\n\t<li>Date de naissance<\/li>\r\n\t<li>Pays d\u2019\u00e9mission de la carte d\u2019identit\u00e9\/passeport<\/li>\r\n<\/ul>\r\n<\/div>\r\n<p><strong>Tu souhaites obtenir des informations plus d\u00e9taill\u00e9es ?<\/strong><br \/>\r\nJette un coup d'\u0153il au Centre d'aide, o\u00f9 tu trouveras les r\u00e9ponses aux questions les plus fr\u00e9quentes.<\/p>","link_start_process":{"title":"Consulte le Centre d'aide","url":"https:\/\/discovereu.local\/fr\/?page_id=430","target":""},"title":"Tout ce que tu dois savoir sur le DiscoverEU Pass","flexible_travel":{"title_flexible":"-","sub_title":"Pass Interrail DiscoverEU","paragraph":"Voyage o\u00f9 tu veux, avec une flexibilit\u00e9 totale","flexible_option":[{"icon":215,"title":"Voyage sans dates ni destinations pr\u00e9d\u00e9termin\u00e9es","paragraph":"<p>Confirme ton Pass Interrail mobile, et effectue des recherches ult\u00e9rieurement. Tu pourras utiliser ton Pass mobile dans l'application de voyage DiscoverEU. Tu peux activer ton Pass au plus tard le jour o\u00f9 tu commences \u00e0 voyager. Pendant ton voyage, tu peux planifier au fur et \u00e0 mesure, modifier ta route et laisser le voyage suivre son cours.<\/p>","important":false},{"icon":221,"title":"Voyage en train pendant 7 jours au cours d'une p\u00e9riode d'un mois.","paragraph":"<p>Tu peux utiliser le Pass pendant 7 jours de ton choix au cours d'une p\u00e9riode d\u00e9termin\u00e9e d'un mois. Tu peux voyager pendant plusieurs jours cons\u00e9cutifs ou bien les \u00e9taler au cours du mois. Tu peux tout organiser directement \u00e0 partir de l'application DiscoverEU Travel.<\/p>","important":false},{"icon":2868,"title":"Voyage seul\/e ou en groupe","paragraph":"<p>Tu es libre de choisir de voyager seul\/e ou en groupe. Tu peux choisir la personne avec laquelle tu voyageras lorsque tu d\u00e9poses ta candidature \u00e0 DiscoverEU, et changer ce choix durant ton voyage. Si tu voyages en groupe, chaque membre du groupe recevra son propre pass.<\/p>","important":false},{"icon":2897,"title":"Voyager dans le pays de r\u00e9sidence","paragraph":"<p>Ton Pass ne peut \u00eatre utilis\u00e9 que pour deux trajets sp\u00e9cifiques dans ton pays de r\u00e9sidence (nomm\u00e9s trajet aller et trajet retour). Tu peux voyager depuis le lieu de ton choix au sein de ton pays de r\u00e9sidence jusqu'\u00e0 la fronti\u00e8re, un a\u00e9roport ou un port et tu peux voyager en empruntant un ou plusieurs trains, \u00e0 condition que les trajets se fassent durant le m\u00eame jour de voyage.<\/p>","important":false},{"icon":451,"title":"Voyage \u00e0 ton propre rythme","paragraph":"<p>Avec le Pass flexible, tu peux t'attarder plus longtemps dans une ville, ou bien partir plus t\u00f4t que pr\u00e9vu d'une destination. Tu as un contretemps dans tes d\u00e9placements, par exemple un train retard\u00e9 ou annul\u00e9 ? Tu peux prendre le train suivant ou changer d'itin\u00e9raire.<\/p>","important":false},{"icon":591,"title":"Important \u00e0 savoir","paragraph":"<p>Avant de monter \u00e0 bord d'un train, d'un bus ou d'un bateau, chaque trajet doit \u00eatre enregistr\u00e9 dans l'application DiscoverEU Travel dans la section \"My Trip\" et ajout\u00e9 \u00e0 ton Pass Interrail mobile. Certains trains longue distance requi\u00e8rent des r\u00e9servations de places suppl\u00e9mentaires.<\/p>","important":false}]},"fixed_travel":{"title":"Option de voyage fixe","sub_title":"Billets de point \u00e0 point","paragraph":"Option fixe et d\u00e9termin\u00e9e, ton itin\u00e9raire ne peut pas \u00eatre modifi\u00e9.","fixed_option":[{"icon":218,"title":"Voyage conform\u00e9ment aux destinations pr\u00e9\u00e9tablies","paragraph":"<p>Fais des recherches et planifie ton voyage avant de confirmer tes billets de voyage. Ton itin\u00e9raire de voyage sera r\u00e9serv\u00e9 avec des billets point \u00e0 point, et ne pourra pas \u00eatre modifi\u00e9 par la suite.<\/p>","important":false},{"icon":232,"title":"Voyage en suivant un programme fixe","paragraph":"<p>Tu sais d\u00e9j\u00e0 quand tu souhaites voyager. Tu as choisi tes dates, tu as un itin\u00e9raire fixe et tu es pr\u00eat\/e \u00e0 t'engager pour une date et un train pr\u00e9cis.<\/p>","important":false},{"icon":563,"title":"Voyage en groupe","paragraph":"<p>Seules les personnes s\u00e9lectionn\u00e9es en tant que groupe pourront voyager en groupe. Pour que tu puisses voyager en groupe, tous les individus du groupe doivent s'assurer de remplir le formulaire de r\u00e9servation de voyage.<\/p>","important":false},{"icon":479,"title":"Voyage dans le pays de r\u00e9sidence","paragraph":"<p>Ton voyage aller et ton voyage retour seront r\u00e9serv\u00e9s en tant que billets point \u00e0 point. Tu peux voyager \u00e0 bord de plusieurs trains, \u00e0 condition que ta premi\u00e8re destination soit \u00e0 l'\u00e9tranger.<\/p>","important":false},{"icon":507,"title":"Modifications de voyage","paragraph":"<p>Les billets seront r\u00e9serv\u00e9s sur la base d'un train sp\u00e9cifique uniquement, sans modification des plans de voyage. Aucun suppl\u00e9ment li\u00e9 \u00e0 des modifications, \u00e0 de nouvelles r\u00e9servations ou \u00e0 d'autres frais pay\u00e9s au cours du voyage ne sera pris en charge par la Commission europ\u00e9enne.<\/p>","important":false},{"icon":591,"title":"Important \u00e0 savoir","paragraph":"<p>Les itin\u00e9raires de voyage point \u00e0 point seront limit\u00e9s aux trains qui peuvent \u00eatre r\u00e9serv\u00e9s en ligne. En cas d'annulation ou de retard, le voyageur doit contacter directement la compagnie ferroviaire. Pour en savoir plus sur les droits des passagers de l'UE, clique ici.<\/p>","important":false}]},"link_travel_option":{"title":"Centre d'aide","url":"https:\/\/help.start-discover.eu\/","target":""}},"yoast_head":"<!-- This site is optimized with the Yoast SEO plugin v21.9.1 - https:\/\/yoast.com\/wordpress\/plugins\/seo\/ -->\n<title>Commencer - DiscoverEU<\/title>\n<meta name=\"robots\" content=\"index, follow, max-snippet:-1, max-image-preview:large, max-video-preview:-1\" \/>\n<link rel=\"canonical\" href=\"https:\/\/www.start-discover.eu\/fr\/get-started\" \/>\n<meta property=\"og:locale\" content=\"fr_FR\" \/>\n<meta property=\"og:type\" content=\"article\" \/>\n<meta property=\"og:title\" content=\"Commencer - DiscoverEU\" \/>\n<meta property=\"og:url\" content=\"https:\/\/www.start-discover.eu\/fr\/get-started\" \/>\n<meta property=\"og:site_name\" content=\"DiscoverEU\" \/>\n<meta property=\"article:modified_time\" content=\"2026-01-02T15:07:53+00:00\" \/>\n<meta property=\"og:image\" content=\"https:\/\/www.start-discover.eu\/app\/uploads\/2024\/07\/DEU-logo-1-scaled.jpg\" \/>\n\t<meta property=\"og:image:width\" content=\"2560\" \/>\n\t<meta property=\"og:image:height\" content=\"1440\" \/>\n\t<meta property=\"og:image:type\" content=\"image\/jpeg\" \/>\n<meta name=\"twitter:card\" content=\"summary_large_image\" \/>\n<script type=\"application\/ld+json\" class=\"yoast-schema-graph\">{\"@context\":\"https:\/\/schema.org\",\"@graph\":[{\"@type\":\"WebPage\",\"@id\":\"https:\/\/www.start-discover.eu\/fr\/get-started\",\"url\":\"https:\/\/www.start-discover.eu\/fr\/get-started\",\"name\":\"Commencer - DiscoverEU\",\"isPartOf\":{\"@id\":\"https:\/\/www.start-discover.eu\/fr#website\"},\"datePublished\":\"2023-10-18T14:11:14+00:00\",\"dateModified\":\"2026-01-02T15:07:53+00:00\",\"breadcrumb\":{\"@id\":\"https:\/\/www.start-discover.eu\/fr\/get-started#breadcrumb\"},\"inLanguage\":\"fr-FR\",\"potentialAction\":[{\"@type\":\"ReadAction\",\"target\":[\"https:\/\/www.start-discover.eu\/fr\/get-started\"]}]},{\"@type\":\"BreadcrumbList\",\"@id\":\"https:\/\/www.start-discover.eu\/fr\/get-started#breadcrumb\",\"itemListElement\":[{\"@type\":\"ListItem\",\"position\":1,\"name\":\"Home\",\"item\":\"https:\/\/www.start-discover.eu\/fr\"},{\"@type\":\"ListItem\",\"position\":2,\"name\":\"Commencer\"}]},{\"@type\":\"WebSite\",\"@id\":\"https:\/\/www.start-discover.eu\/fr#website\",\"url\":\"https:\/\/www.start-discover.eu\/fr\",\"name\":\"DiscoverEU\",\"description\":\"\",\"publisher\":{\"@id\":\"https:\/\/www.start-discover.eu\/fr#organization\"},\"potentialAction\":[{\"@type\":\"SearchAction\",\"target\":{\"@type\":\"EntryPoint\",\"urlTemplate\":\"https:\/\/www.start-discover.eu\/fr?s={search_term_string}\"},\"query-input\":\"required name=search_term_string\"}],\"inLanguage\":\"fr-FR\"},{\"@type\":\"Organization\",\"@id\":\"https:\/\/www.start-discover.eu\/fr#organization\",\"name\":\"DiscoverEU\",\"url\":\"https:\/\/www.start-discover.eu\/fr\",\"logo\":{\"@type\":\"ImageObject\",\"inLanguage\":\"fr-FR\",\"@id\":\"https:\/\/www.start-discover.eu\/fr#\/schema\/logo\/image\/\",\"url\":\"https:\/\/www.start-discover.eu\/app\/uploads\/2024\/07\/DEU-logo-696x696-1-scaled.jpg\",\"contentUrl\":\"https:\/\/www.start-discover.eu\/app\/uploads\/2024\/07\/DEU-logo-696x696-1-scaled.jpg\",\"width\":2560,\"height\":2560,\"caption\":\"DiscoverEU\"},\"image\":{\"@id\":\"https:\/\/www.start-discover.eu\/fr#\/schema\/logo\/image\/\"}}]}<\/script>\n<!-- \/ Yoast SEO plugin. -->","yoast_head_json":{"title":"Commencer - DiscoverEU","robots":{"index":"index","follow":"follow","max-snippet":"max-snippet:-1","max-image-preview":"max-image-preview:large","max-video-preview":"max-video-preview:-1"},"canonical":"https:\/\/www.start-discover.eu\/fr\/get-started","og_locale":"fr_FR","og_type":"article","og_title":"Commencer - DiscoverEU","og_url":"https:\/\/www.start-discover.eu\/fr\/get-started","og_site_name":"DiscoverEU","article_modified_time":"2026-01-02T15:07:53+00:00","og_image":[{"width":2560,"height":1440,"url":"https:\/\/www.start-discover.eu\/app\/uploads\/2024\/07\/DEU-logo-1-scaled.jpg","type":"image\/jpeg"}],"twitter_card":"summary_large_image","schema":{"@context":"https:\/\/schema.org","@graph":[{"@type":"WebPage","@id":"https:\/\/www.start-discover.eu\/fr\/get-started","url":"https:\/\/www.start-discover.eu\/fr\/get-started","name":"Commencer - DiscoverEU","isPartOf":{"@id":"https:\/\/www.start-discover.eu\/fr#website"},"datePublished":"2023-10-18T14:11:14+00:00","dateModified":"2026-01-02T15:07:53+00:00","breadcrumb":{"@id":"https:\/\/www.start-discover.eu\/fr\/get-started#breadcrumb"},"inLanguage":"fr-FR","potentialAction":[{"@type":"ReadAction","target":["https:\/\/www.start-discover.eu\/fr\/get-started"]}]},{"@type":"BreadcrumbList","@id":"https:\/\/www.start-discover.eu\/fr\/get-started#breadcrumb","itemListElement":[{"@type":"ListItem","position":1,"name":"Home","item":"https:\/\/www.start-discover.eu\/fr"},{"@type":"ListItem","position":2,"name":"Commencer"}]},{"@type":"WebSite","@id":"https:\/\/www.start-discover.eu\/fr#website","url":"https:\/\/www.start-discover.eu\/fr","name":"DiscoverEU","description":"","publisher":{"@id":"https:\/\/www.start-discover.eu\/fr#organization"},"potentialAction":[{"@type":"SearchAction","target":{"@type":"EntryPoint","urlTemplate":"https:\/\/www.start-discover.eu\/fr?s={search_term_string}"},"query-input":"required name=search_term_string"}],"inLanguage":"fr-FR"},{"@type":"Organization","@id":"https:\/\/www.start-discover.eu\/fr#organization","name":"DiscoverEU","url":"https:\/\/www.start-discover.eu\/fr","logo":{"@type":"ImageObject","inLanguage":"fr-FR","@id":"https:\/\/www.start-discover.eu\/fr#\/schema\/logo\/image\/","url":"https:\/\/www.start-discover.eu\/app\/uploads\/2024\/07\/DEU-logo-696x696-1-scaled.jpg","contentUrl":"https:\/\/www.start-discover.eu\/app\/uploads\/2024\/07\/DEU-logo-696x696-1-scaled.jpg","width":2560,"height":2560,"caption":"DiscoverEU"},"image":{"@id":"https:\/\/www.start-discover.eu\/fr#\/schema\/logo\/image\/"}}]}},"_links":{"self":[{"href":"https:\/\/www.start-discover.eu\/fr\/wp-json\/wp\/v2\/pages\/430"}],"collection":[{"href":"https:\/\/www.start-discover.eu\/fr\/wp-json\/wp\/v2\/pages"}],"about":[{"href":"https:\/\/www.start-discover.eu\/fr\/wp-json\/wp\/v2\/types\/page"}],"author":[{"embeddable":true,"href":"https:\/\/www.start-discover.eu\/fr\/wp-json\/wp\/v2\/users\/10"}],"replies":[{"embeddable":true,"href":"https:\/\/www.start-discover.eu\/fr\/wp-json\/wp\/v2\/comments?post=430"}],"version-history":[{"count":20,"href":"https:\/\/www.start-discover.eu\/fr\/wp-json\/wp\/v2\/pages\/430\/revisions"}],"predecessor-version":[{"id":4822,"href":"https:\/\/www.start-discover.eu\/fr\/wp-json\/wp\/v2\/pages\/430\/revisions\/4822"}],"wp:attachment":[{"href":"https:\/\/www.start-discover.eu\/fr\/wp-json\/wp\/v2\/media?parent=430"}],"curies":[{"name":"wp","href":"https:\/\/api.w.org\/{rel}","templated":true}]}}