{"id":1848,"date":"2023-11-13T18:49:23","date_gmt":"2023-11-13T18:49:23","guid":{"rendered":"https:\/\/v2.start-discover.eu\/profile"},"modified":"2026-03-30T08:18:36","modified_gmt":"2026-03-30T08:18:36","slug":"profile","status":"publish","type":"page","link":"https:\/\/www.start-discover.eu\/fr\/profile","title":{"rendered":"Profile"},"content":{"rendered":"","protected":false},"excerpt":{"rendered":"","protected":false},"author":2,"featured_media":0,"parent":0,"menu_order":0,"comment_status":"closed","ping_status":"closed","template":"","meta":{"footnotes":""},"acf":{"email":"<p>Bonjour {{firstname}},<\/p>\r\n<p>Merci d'avoir compl\u00e9t\u00e9 le sondage #DiscoverEU.<\/p>\r\n<p>Ton Certificat de Participation est maintenant disponible dans ton profil #DiscoverEU.<\/p>\r\n<p>Tu dois simplement acc\u00e9der au lien du formulaire de r\u00e9servation que tu as utilis\u00e9 pour demander ton Pass #DiscoverEU (le lien commence par '<a href=\"http:\/\/registrations.start-discover.eu\/\">registrations.start-discover.eu<\/a>') et cliquer sur le bouton \u201cT\u00e9l\u00e9charge ton Certificat de Participation #DiscoverEU\u201d.<\/p>\r\n<p>Nous esp\u00e9rons que tu as cr\u00e9\u00e9 des souvenirs inoubliables!<\/p>\r\n<p>Nous te souhaitons tout le meilleur.<\/p>\r\n<p>L'\u00e9quipe de voyage DiscoverEU.<\/p>","infobox":{"title":"Ton Certificat de Participation est pr\u00eat.","textual_content":"Tu peux le t\u00e9l\u00e9charger en cliquant sur le bouton ci-dessous.","button_label":"T\u00e9l\u00e9charge ton Certificat de Participation #DiscoverEU."},"intro":{"title":{"hello_name":"Bonjour {{firstname}}","welcome_on_your_discovereu_profile":"Bienvenue sur ton profil DiscoverEU !"},"this_page_gathers_all_the_information_necessary":"Cette page contient toutes les informations n\u00e9cessaires pour ton voyage ainsi que les donn\u00e9es et le statut d'enregistrement."},"status_created":{"it_looks_like_you_havent_filled_out_your_booking_form_yet":"Il semble que tu n'aies pas encore rempli ton formulaire de r\u00e9servation.","dont_wait_too_long_created":"N'attends pas trop longtemps, tu as jusqu'au {{closing_date}} pour le compl\u00e9ter !","go_to_the_booking_form":"Acc\u00e9der au formulaire de r\u00e9servation"},"requests_and_forms_section":{"visa_form_title":"Demande de visa :","refund_form_title":"Demande de remboursement :","visa_form_label":"Lettre d'invitation \u00e0 l'obtention d'un visa et formulaire de demande d'assurance voyage","refund_form_label":"Formulaire de remboursement","visa_form_processing":"Demande en cours de traitement","refund_form_processing":"Demande en cours de traitement","visa_form_processed":"Demande trait\u00e9e","refund_form_processed":"Demande trait\u00e9e"},"status_initialized":{"it_looks_like_you_havent_finished_filled_out_your_booking_form_yet":"Il semble que tu n'aies pas encore fini de remplir ton formulaire de r\u00e9servation.","dont_wait_too_long_initialized":"N'attends pas trop longtemps, tu as jusqu'\u00e0 {{closing_date}} pour le compl\u00e9ter !","continue_to_complete_your_booking_form":"Continuer \u00e0 remplir ton formulaire de r\u00e9servation"},"status_pending":{"your_identity_documents_are_being_checked":"Tes documents d'identit\u00e9 sont contr\u00f4l\u00e9s","once_your_identity_has_been_verified":"Une fois ton identit\u00e9 v\u00e9rifi\u00e9e, tu recevras une confirmation automatique par e-mail. L'e-mail a pour objet \" Ta commande est confirm\u00e9e - voici la suite \" et est envoy\u00e9 \u00e0 partir de l'adresse e-mail \"customerservice@interrail.eu\".","tip:_check_your_spam":"Conseil : v\u00e9rifie tes spams","learn_more_about_verifying_my_documents":"En savoir plus sur la v\u00e9rification de mes documents","learn_more_about_verifying_my_documents_url":"https:\/\/discovereu-wave6.zendesk.com\/hc\/fr\/articles\/6066889353617-Pourquoi-mon-identit%C3%A9-n-a-pas-%C3%A9t%C3%A9-confirm%C3%A9e-"},"status_declined_first_try":{"couldnt_verify_identity_documents":"Attention : ton formulaire de r\u00e9servation n'est pas encore compl\u00e9t\u00e9","submitting_documents_a_second_time":"Les documents que tu as soumis pour v\u00e9rifier ton identit\u00e9 n'ont pas \u00e9t\u00e9 accept\u00e9s. Tu peux essayer de les soumettre une deuxi\u00e8me fois.","back_to_submission_step":"Retour \u00e0 l'\u00e9tape de soumission","warning_can_only_submit_documents_twice":"Attention : tu ne peux soumettre tes documents que deux fois."},"status_declined_second_try":{"identity_documents_could_not_be_verified_twice":"Attention : ton formulaire de r\u00e9servation n'est pas encore compl\u00e9t\u00e9","not_accepted_for_the_second_time":"Les documents que tu as soumis pour v\u00e9rifier ton identit\u00e9 n'ont pas \u00e9t\u00e9 accept\u00e9s pour la deuxi\u00e8me fois. Merci de nous contacter pour r\u00e9soudre ce probl\u00e8me."},"status_success":{"flex_stnd":{"congratulations_your_reservation_is_completed_and_validated":"F\u00e9licitations, ton formulaire de r\u00e9servation est compl\u00e9t\u00e9 et valid\u00e9 !","your_pass_is_available_in_your_email":"<p>Ton pass a \u00e9t\u00e9 envoy\u00e9 \u00e0 ton adresse e-mail. Si tu ne le trouves pas, regarde dans ton dossier spam. S'il n'y est toujours pas, contacte l'\u00e9quipe de voyage via la page Envoyer une demande dans le <a href=\"https:\/\/discovereu-wave6.zendesk.com\/hc\/en-gb\/requests\/new\"><b>Centre d'aide<\/b><\/a>.<\/p>"},"flex_ovs":{"congratulations_your_reservation_is_completed_and_validated":"F\u00e9licitations, ta r\u00e9servation est termin\u00e9e et valid\u00e9e ! ","the_travel_team_will_contact_you_three_months_before_your_departure_date_to_book_your_flights":"Ton pass est disponible dans ton e-mail. Si tu n'as rien re\u00e7u, v\u00e9rifie dans tes courriers ind\u00e9sirables. Sinon, n'h\u00e9site pas \u00e0 contacter l'\u00e9quipe de voyage via la page Soumettre une demande du Centre d'aide. L'\u00e9quipe de voyage prendra contact avec toi trois mois avant la date de ton d\u00e9part pour r\u00e9server tes vols."},"fix_stnd":{"congratulations_your_reservation_is_completed_and_validated":"F\u00e9licitations, ta r\u00e9servation est termin\u00e9e et valid\u00e9e ! ","the_travel_team_will_contact_you_three_months_before_your_departure_date_to_book_your_fix_trip":"L'\u00e9quipe de voyage prendra contact avec toi trois mois avant la date de ton d\u00e9part pour r\u00e9server ton voyage FIX."},"fix_ovs":{"congratulations_your_reservation_is_completed_and_validated":"F\u00e9licitations, ta r\u00e9servation est termin\u00e9e et valid\u00e9e ! ","the_travel_team_will_contact_you_three_months_before_your_departure_date_to_book_your_flights":"L'\u00e9quipe de voyage prendra contact avec toi trois mois avant la date de ton d\u00e9part pour r\u00e9server ton voyage FIX et tes vols."}},"status_accessibility":{"booking_form_completed":"Ton formulaire de r\u00e9servation est compl\u00e9t\u00e9.","flex_pass_will_be_issued_only_if_you_have_any_accessibility_needs":"Tu devrais avoir re\u00e7u un e-mail au sujet de tes besoins en mati\u00e8re d'accessibilit\u00e9. R\u00e9ponds \u00e0 l'\u00e9quipe de voyages via le formulaire de contact afin que nous puissions te d\u00e9livrer ton pass DiscoverEU."},"discovereu_community_section":{"discovereu_community":"Communaut\u00e9 DiscoverEU ","looking_to_make_the_most_of_your_exciting_journey":"<p>Tu cherches \u00e0 tirer le meilleur parti de ton voyage passionnant \u00e0 la d\u00e9couverte de l'Europe ?<\/p>\r\n<p>Cet espace Communaut\u00e9 DiscoverEU est l\u00e0 pour TOI, pour se r\u00e9unir, rencontrer de nouvelles personnes, discuter et partager tes projets de voyage, cr\u00e9er des amiti\u00e9s et trouver l'inspiration pour vivre pleinement ton voyage DiscoverEU !<\/p>","join_the_#discovereu_community_label":"REJOINS la Communaut\u00e9 #DiscoverEU*","join_the_#discovereu_community_url":"https:\/\/www.google.com","accessible_through_the_discovereu_travel_app":"*accessible par l'application DiscoverEU Travel ou directement en utilisant les d\u00e9tails de ton compte DiscoverEU Travel."},"european_youth_card_section":{"european_youth_card":"Carte Jeunesse Europ\u00e9enne","with_your_discovereu_pass_you_have_won_the_european_youth_card":"<p>Avec ton pass DiscoverEU, tu as gagn\u00e9 la Carte Jeunesse Europ\u00e9enne !<\/p>\r\n<p>Gr\u00e2ce \u00e0 elle, tu peux avoir des r\u00e9ductions sur l'h\u00e9bergement, les visites, les transports public et bien plus encore. Elle est disponible dans ton application DiscoverEU Travel, dans la section \"plus\".<\/p>"},"help_centre_articles_section":{"help_centre_articles":"Articles du centre d'aide","you_can_find_below_a_selection_of_articles":"Tu trouveras ci-dessous une s\u00e9lection d'articles qui peuvent t'aider \u00e0 commencer \u00e0 pr\u00e9parer ton voyage DiscoverEU.","flex_faq_links":{"how_to_get_started_with_your_interrail_mobile_pass":"Comment d\u00e9marrer avec ton Interrail Mobile Pass ?","how_to_get_started_with_your_interrail_mobile_pass_url":"https:\/\/discovereu-wave6.zendesk.com\/hc\/en-gb\/articles\/6066864956945-Using-the-Interrail-mobile-Pass","what_are_10_things_you_should_know_about_the_interrail_pass":"Quelles sont les 10 choses que vous devez savoir sur le Pass Interrail ?","what_are_10_things_you_should_know_about_the_interrail_pass_url":"https:\/\/discovereu-wave6.zendesk.com\/hc\/en-gb\/articles\/11909290422673-What-are-10-things-you-should-know-about-the-Interrail-Pass-"}},"all_travellers_faq_links":{"travel_tips":"Astuces de voyage","travel_tips_url":"https:\/\/discovereu-wave6.zendesk.com\/hc\/en-gb\/categories\/5768672491409-Travel-Tips","how_can_i_save_money_while_travelling":"Comment puis-je \u00e9conomiser de l'argent en voyageant ?","how_can_i_save_money_while_travelling_url":"https:\/\/discovereu-wave6.zendesk.com\/hc\/en-gb\/articles\/6066862630929-How-can-I-save-money-while-travelling-","how_to_connect_with_other_discovereu_travellers":"Comment entrer en contact avec d'autres voyageurs DiscoverEU\u00a0?","how_to_connect_with_other_discovereu_travellers_url":"https:\/\/discovereu-wave6.zendesk.com\/hc\/en-gb\/articles\/6066910634513-How-to-connect-with-other-DiscoverEU-travellers-","what_is_the_discovereu_european_youth_card":"Qu'est-ce que la Carte Jeune Europ\u00e9enne DiscoverEU ?","what_is_the_discovereu_european_youth_card_url":"https:\/\/discovereu-wave6.zendesk.com\/hc\/en-gb\/articles\/6066928796689-What-is-the-DiscoverEU-European-Youth-Card-"},"contact_us":"Nous contacter","contact_us_url":"https:\/\/discovereu-wave6.zendesk.com\/hc\/de\/requests\/new","login_items":{"email":"E-mail","password":"Mot de passe","forgotten_password":"Mot de passe oubli\u00e9 ?","modify_password_label":"Modifier le mot de passe","login_label":"Connexion","log_out_label":"D\u00e9connexion","new_password":"Nouveau mot de passe","confirm_password":"Confirmer le mot de passe","back_to_login":"Retour \u00e0 la page de connexion","send_link":"Envoyer le lien","your_are_not_firstname":"Tu n'es pas {{firstname}} ?"},"login_content":{"first_password_change":"Pour des raisons de s\u00e9curit\u00e9, nous te demandons de changer ton mot de passe initial.","email_for_password_modify":"Ins\u00e8re l'adresse \u00e9lectronique que tu utilises pour te connecter et nous t'enverrons un lien pour r\u00e9initialiser ton mot de passe.","strong_password_choice":"Merci de choisir un mot de passe fort","password_combination_instruction":"Choisis une combinaison de lettres, de chiffres et de caract\u00e8res sp\u00e9ciaux.","change_your_password":"Change ton mot de passe","update_your_password":"Mets ton mot de passe \u00e0 jour","sign_in_with_password":"Connecte-toi avec ton mot de passe"},"toasts_content":{"please_enter_a_valid_email_address":"Merci d'utiliser une adresse e-mail valide","please_enter_your_email_address":"Ins\u00e8re ton adresse e-mail","please_enter_your_password":"Ins\u00e8re ton mot de passe","please_enter_your_new_password":"Ins\u00e8re ton nouveau mot de passe","redirecting_you_to_the_app":"Redirection vers l'application...","something_went_wrong":"Il y a eu un probl\u00e8me...","oops":"Oups...","sign_in":"S'inscrire","password_updated":"Mot de passe mis \u00e0 jour","password_reset":"Mot de passe r\u00e9initialis\u00e9","sent_email_with_link_to_reset_password":"Nous t'avons envoy\u00e9 un e-mail avec un lien pour r\u00e9initialiser ton mot de passe, tu peux fermer cette fen\u00eatre.","password_6_characters":"Le mot de passe doit contenir au moins 6 charact\u00e8res.","password_characters_format":"Le mot de passe doit contenir au moins une lettre, un chiffre et un caract\u00e8re sp\u00e9cial"},"do_you_have_questions_about_your_reservation":"Aurais-tu des questions sur ta r\u00e9servation ?","identity_verification_status":"Statut de v\u00e9rification de l'identit\u00e9","if_your_status_is_not_verified_be_sure_to_contact_the_travel_team_through_the_help_center":"<p>Si ton statut n'est pas <strong>V\u00e9rifi\u00e9<\/strong>, assure-toi de contacter l'\u00e9quipe de voyage via le Centre d'aide.<\/p>","reservation_status":"Statut de la r\u00e9servation","if_your_status_is_not_booked_it_means_there_was_a_problem_with_your_identity_verification_or_there_is_an_error_with_your_reservation_be_sure_to_contact_the_travel_team_via_the_center_help":"<p>Si ton statut n'est pas <strong>R\u00e9serv\u00e9<\/strong>, cela signifie qu'il y a eu un probl\u00e8me avec la v\u00e9rification de ton identit\u00e9 ou qu'il y a une erreur avec ta r\u00e9servation, assure-toi de contacter l'\u00e9quipe de voyage via le Centre d'aide.<\/p>","fix_booking_status":"Statut de r\u00e9servation FIX","if_your_status_is_not_registered_it_means_there_was_a_problem_with_your_identity_verification_or_there_is_an_error_with_your_reservation_be_sure_to_contact_the_travel_team_via_the_center_help":"<p>Si ton statut n'est pas <strong>Registered<\/strong>, cela signifie qu'il y a eu un probl\u00e8me avec la v\u00e9rification de ton identit\u00e9 ou qu'il y a une erreur avec ta r\u00e9servation, assure-toi de contacter l'\u00e9quipe de voyage via le Centre d'aide.<\/p>","discovereu_travel_app_account_2":"Compte de l'application de voyage DiscoverEU","interrail_pass_2":"Pass Interrail","identification":{"your_informations":"Tes informations","personal_data":"Donn\u00e9es personnelles","first_name":"Pr\u00e9nom","last_name":"Nom de famille","date_of_birth":"Date de naissance","email":"E-mail","ticket_type":"Type de billet","document_country":"Pays de d\u00e9livrance","statuses":"Statuts","document_verification":"Document de v\u00e9rification","booking_status":"Statut de la r\u00e9servation","discovereu_travel_app_account":"Compte de l'application DiscoverEU Travel","interrail_pass":"Pass DiscoverEU"}},"yoast_head":"<!-- This site is optimized with the Yoast SEO plugin v21.9.1 - https:\/\/yoast.com\/wordpress\/plugins\/seo\/ -->\n<title>Profile - DiscoverEU<\/title>\n<meta name=\"robots\" content=\"index, follow, max-snippet:-1, max-image-preview:large, max-video-preview:-1\" \/>\n<link rel=\"canonical\" href=\"https:\/\/www.start-discover.eu\/fr\/profile\" \/>\n<meta property=\"og:locale\" content=\"fr_FR\" \/>\n<meta property=\"og:type\" content=\"article\" \/>\n<meta property=\"og:title\" content=\"Profile - DiscoverEU\" \/>\n<meta property=\"og:url\" content=\"https:\/\/www.start-discover.eu\/fr\/profile\" \/>\n<meta property=\"og:site_name\" content=\"DiscoverEU\" \/>\n<meta property=\"article:modified_time\" content=\"2026-03-30T08:18:36+00:00\" \/>\n<meta property=\"og:image\" content=\"https:\/\/www.start-discover.eu\/app\/uploads\/2024\/07\/DEU-logo-1-scaled.jpg\" \/>\n\t<meta property=\"og:image:width\" content=\"2560\" \/>\n\t<meta property=\"og:image:height\" content=\"1440\" \/>\n\t<meta property=\"og:image:type\" content=\"image\/jpeg\" \/>\n<meta name=\"twitter:card\" content=\"summary_large_image\" \/>\n<script type=\"application\/ld+json\" class=\"yoast-schema-graph\">{\"@context\":\"https:\/\/schema.org\",\"@graph\":[{\"@type\":\"WebPage\",\"@id\":\"https:\/\/www.start-discover.eu\/fr\/profile\",\"url\":\"https:\/\/www.start-discover.eu\/fr\/profile\",\"name\":\"Profile - DiscoverEU\",\"isPartOf\":{\"@id\":\"https:\/\/www.start-discover.eu\/fr#website\"},\"datePublished\":\"2023-11-13T18:49:23+00:00\",\"dateModified\":\"2026-03-30T08:18:36+00:00\",\"breadcrumb\":{\"@id\":\"https:\/\/www.start-discover.eu\/fr\/profile#breadcrumb\"},\"inLanguage\":\"fr-FR\",\"potentialAction\":[{\"@type\":\"ReadAction\",\"target\":[\"https:\/\/www.start-discover.eu\/fr\/profile\"]}]},{\"@type\":\"BreadcrumbList\",\"@id\":\"https:\/\/www.start-discover.eu\/fr\/profile#breadcrumb\",\"itemListElement\":[{\"@type\":\"ListItem\",\"position\":1,\"name\":\"Home\",\"item\":\"https:\/\/www.start-discover.eu\/fr\"},{\"@type\":\"ListItem\",\"position\":2,\"name\":\"Profile\"}]},{\"@type\":\"WebSite\",\"@id\":\"https:\/\/www.start-discover.eu\/fr#website\",\"url\":\"https:\/\/www.start-discover.eu\/fr\",\"name\":\"DiscoverEU\",\"description\":\"\",\"publisher\":{\"@id\":\"https:\/\/www.start-discover.eu\/fr#organization\"},\"potentialAction\":[{\"@type\":\"SearchAction\",\"target\":{\"@type\":\"EntryPoint\",\"urlTemplate\":\"https:\/\/www.start-discover.eu\/fr?s={search_term_string}\"},\"query-input\":\"required name=search_term_string\"}],\"inLanguage\":\"fr-FR\"},{\"@type\":\"Organization\",\"@id\":\"https:\/\/www.start-discover.eu\/fr#organization\",\"name\":\"DiscoverEU\",\"url\":\"https:\/\/www.start-discover.eu\/fr\",\"logo\":{\"@type\":\"ImageObject\",\"inLanguage\":\"fr-FR\",\"@id\":\"https:\/\/www.start-discover.eu\/fr#\/schema\/logo\/image\/\",\"url\":\"https:\/\/www.start-discover.eu\/app\/uploads\/2024\/07\/DEU-logo-696x696-1-scaled.jpg\",\"contentUrl\":\"https:\/\/www.start-discover.eu\/app\/uploads\/2024\/07\/DEU-logo-696x696-1-scaled.jpg\",\"width\":2560,\"height\":2560,\"caption\":\"DiscoverEU\"},\"image\":{\"@id\":\"https:\/\/www.start-discover.eu\/fr#\/schema\/logo\/image\/\"}}]}<\/script>\n<!-- \/ Yoast SEO plugin. -->","yoast_head_json":{"title":"Profile - DiscoverEU","robots":{"index":"index","follow":"follow","max-snippet":"max-snippet:-1","max-image-preview":"max-image-preview:large","max-video-preview":"max-video-preview:-1"},"canonical":"https:\/\/www.start-discover.eu\/fr\/profile","og_locale":"fr_FR","og_type":"article","og_title":"Profile - DiscoverEU","og_url":"https:\/\/www.start-discover.eu\/fr\/profile","og_site_name":"DiscoverEU","article_modified_time":"2026-03-30T08:18:36+00:00","og_image":[{"width":2560,"height":1440,"url":"https:\/\/www.start-discover.eu\/app\/uploads\/2024\/07\/DEU-logo-1-scaled.jpg","type":"image\/jpeg"}],"twitter_card":"summary_large_image","schema":{"@context":"https:\/\/schema.org","@graph":[{"@type":"WebPage","@id":"https:\/\/www.start-discover.eu\/fr\/profile","url":"https:\/\/www.start-discover.eu\/fr\/profile","name":"Profile - DiscoverEU","isPartOf":{"@id":"https:\/\/www.start-discover.eu\/fr#website"},"datePublished":"2023-11-13T18:49:23+00:00","dateModified":"2026-03-30T08:18:36+00:00","breadcrumb":{"@id":"https:\/\/www.start-discover.eu\/fr\/profile#breadcrumb"},"inLanguage":"fr-FR","potentialAction":[{"@type":"ReadAction","target":["https:\/\/www.start-discover.eu\/fr\/profile"]}]},{"@type":"BreadcrumbList","@id":"https:\/\/www.start-discover.eu\/fr\/profile#breadcrumb","itemListElement":[{"@type":"ListItem","position":1,"name":"Home","item":"https:\/\/www.start-discover.eu\/fr"},{"@type":"ListItem","position":2,"name":"Profile"}]},{"@type":"WebSite","@id":"https:\/\/www.start-discover.eu\/fr#website","url":"https:\/\/www.start-discover.eu\/fr","name":"DiscoverEU","description":"","publisher":{"@id":"https:\/\/www.start-discover.eu\/fr#organization"},"potentialAction":[{"@type":"SearchAction","target":{"@type":"EntryPoint","urlTemplate":"https:\/\/www.start-discover.eu\/fr?s={search_term_string}"},"query-input":"required name=search_term_string"}],"inLanguage":"fr-FR"},{"@type":"Organization","@id":"https:\/\/www.start-discover.eu\/fr#organization","name":"DiscoverEU","url":"https:\/\/www.start-discover.eu\/fr","logo":{"@type":"ImageObject","inLanguage":"fr-FR","@id":"https:\/\/www.start-discover.eu\/fr#\/schema\/logo\/image\/","url":"https:\/\/www.start-discover.eu\/app\/uploads\/2024\/07\/DEU-logo-696x696-1-scaled.jpg","contentUrl":"https:\/\/www.start-discover.eu\/app\/uploads\/2024\/07\/DEU-logo-696x696-1-scaled.jpg","width":2560,"height":2560,"caption":"DiscoverEU"},"image":{"@id":"https:\/\/www.start-discover.eu\/fr#\/schema\/logo\/image\/"}}]}},"_links":{"self":[{"href":"https:\/\/www.start-discover.eu\/fr\/wp-json\/wp\/v2\/pages\/1848"}],"collection":[{"href":"https:\/\/www.start-discover.eu\/fr\/wp-json\/wp\/v2\/pages"}],"about":[{"href":"https:\/\/www.start-discover.eu\/fr\/wp-json\/wp\/v2\/types\/page"}],"author":[{"embeddable":true,"href":"https:\/\/www.start-discover.eu\/fr\/wp-json\/wp\/v2\/users\/2"}],"replies":[{"embeddable":true,"href":"https:\/\/www.start-discover.eu\/fr\/wp-json\/wp\/v2\/comments?post=1848"}],"version-history":[{"count":10,"href":"https:\/\/www.start-discover.eu\/fr\/wp-json\/wp\/v2\/pages\/1848\/revisions"}],"predecessor-version":[{"id":5520,"href":"https:\/\/www.start-discover.eu\/fr\/wp-json\/wp\/v2\/pages\/1848\/revisions\/5520"}],"wp:attachment":[{"href":"https:\/\/www.start-discover.eu\/fr\/wp-json\/wp\/v2\/media?parent=1848"}],"curies":[{"name":"wp","href":"https:\/\/api.w.org\/{rel}","templated":true}]}}