{"id":1943,"date":"2023-10-18T14:11:14","date_gmt":"2023-10-18T14:11:14","guid":{"rendered":"https:\/\/v2.start-discover.eu\/get-started"},"modified":"2026-01-02T15:06:55","modified_gmt":"2026-01-02T15:06:55","slug":"get-started","status":"publish","type":"page","link":"https:\/\/www.start-discover.eu\/fi\/get-started","title":{"rendered":"Get started"},"content":{"rendered":"","protected":false},"excerpt":{"rendered":"","protected":false},"author":10,"featured_media":0,"parent":0,"menu_order":0,"comment_status":"closed","ping_status":"closed","template":"","meta":{"footnotes":""},"acf":{"description":"<h1>Mitk\u00e4 ovat <span style=\"color: #f0679b;\">varausprosessin<\/span> vaiheet?<\/h1>\r\n<p>Kun l\u00e4het\u00e4t varauslomakkeesi, luomme sinulle tilin. Saat kaikki tiedot s\u00e4hk\u00f6postitse. Tili antaa sinulle p\u00e4\u00e4syn DiscoverEU-matkasovellukseen, jossa voit tarkistaa junareittej\u00e4 ja -aikatauluja matkasi suunnittelun aikana, k\u00e4ytt\u00e4\u00e4 DiscoverEU EYCA -korttiasi saadaksesi tuhansia alennuksia kaikkialla Euroopassa ja liitty\u00e4 DiscoverEU-yhteis\u00f6\u00f6n jakaaksesi kokemuksiasi matkatovereidesi kanssa. L\u00f6yd\u00e4t DiscoverEU-passin suoraan sovelluksesta.<\/p>","steps_process":[{"title":"Avaa varauslomake","description":"<p>Avaa henkil\u00f6kohtainen varauslinkkisi (l\u00e4hetetty sinulle osoitteesta <strong>hello@start-discover.eu<\/strong>)<\/p>"},{"title":"Vahvista henkil\u00f6llisyytesi","description":"<p>Varauslomakkeen t\u00e4ytt\u00e4misen yhteydess\u00e4 sinua pyydet\u00e4\u00e4n vahvistamaan henkil\u00f6llisyytesi.<\/p>"},{"title":"L\u00e4het\u00e4 varauslomakkeesi","description":"<p>Kun olet valmis, l\u00e4het\u00e4 varauslomake<\/p>"}],"title_start_process":"Kuinka varausprosessi aloitetaan?","image_start_process":1944,"description_start_process":"<p><strong>Saat s\u00e4hk\u00f6postikutsun, jossa on henkil\u00f6kohtainen varauslomakelinkki.<\/strong><\/p>\r\n<p>Jotta voit viimeistell\u00e4 matkavarauksesi, sinun t\u00e4ytyy suunnitella muutamia asioita. T\u00e4rkeint\u00e4 on, ett\u00e4 sinulla on henkil\u00f6kortti tai passi valmiina henkil\u00f6llisyytesi vahvistamiseksi.<\/p>\r\n<div>\r\n<p>Kun t\u00e4yt\u00e4t matkavarauksen lomaketta, tietyt tiedot ovat jo valmiiksi t\u00e4ytettyj\u00e4 sen perusteella, mit\u00e4 saimme henkil\u00f6llisyyden tarkistusprosessista. Valmiiksi t\u00e4ytetyt tiedot sis\u00e4lt\u00e4v\u00e4t:<\/p>\r\n<ul>\r\n\t<li>S\u00e4hk\u00f6postiosoite<\/li>\r\n\t<li>Hakemuskoodi<\/li>\r\n\t<li>Etunimi<\/li>\r\n\t<li>Sukunimi<\/li>\r\n\t<li>Syntym\u00e4aika<\/li>\r\n\t<li>Maa, joka on my\u00f6nt\u00e4nyt henkil\u00f6kortin\/passin<\/li>\r\n<\/ul>\r\n<\/div>\r\n<p><strong>Haluatko tarkempia lis\u00e4tietoja?<\/strong><br \/>\r\nTutustu ohjekeskukseen, josta l\u00f6yd\u00e4t vastauksia useimmin kysyttyihin kysymyksiin.<\/p>","link_start_process":{"title":"Ota yhteytt\u00e4 ohjekeskukseen","url":"https:\/\/help.start-discover.eu\/","target":"_blank"},"title":"Kaikki, mit\u00e4 sinun tarvitsee tiet\u00e4\u00e4 DiscoverEU-passista","flexible_travel":{"title_flexible":"-","sub_title":"DiscoverEU Interrail Pass","paragraph":"Kulje miss\u00e4 haluat \u2013 t\u00e4ysi joustavuus","flexible_option":[{"icon":2724,"title":"Matkusta ilman ennalta m\u00e4\u00e4r\u00e4ttyj\u00e4 p\u00e4iv\u00e4m\u00e4\u00e4ri\u00e4 ja m\u00e4\u00e4r\u00e4np\u00e4it\u00e4","paragraph":"<p>Vahvista Interrail-mobiilipassisi ja tee matkasuunnitelmat my\u00f6hemmin. Voit k\u00e4ytt\u00e4\u00e4 mobiilipassia DiscoverEU-matkasovelluksessa. Voit aktivoida Passin viimeist\u00e4\u00e4n sin\u00e4 p\u00e4iv\u00e4n\u00e4, jolloin l\u00e4hdet matkalle. Matkasi aikana voit tehd\u00e4 joustavia muutoksia suunnitelmiisi, vaihtaa reitti\u00e4 ja anna matkan kulkea omaa kulkuaan.<\/p>","important":false},{"icon":2726,"title":"Matkusta junissa 7 p\u00e4iv\u00e4n\u00e4 kuukauden sis\u00e4ll\u00e4","paragraph":"<p>Voit k\u00e4ytt\u00e4\u00e4 Passia 7 p\u00e4iv\u00e4n\u00e4 valitsemasi 1 kuukauden ajanjakson aikana. Voit matkustaa per\u00e4kk\u00e4isin\u00e4 p\u00e4ivin\u00e4 tai hajauttaa matkustusp\u00e4iv\u00e4t kuukauden ajalle. Voit j\u00e4rjest\u00e4\u00e4 kaiken suoraan DiscoverEU-matkasovelluksesta.<\/p>","important":false},{"icon":534,"title":"Matkusta yksin tai ryhm\u00e4ss\u00e4","paragraph":"<p>Voit itse valita, matkustatko yksin vai ryhm\u00e4ss\u00e4. Voit valita, kenen kanssa matkustat, kun haet DiscoverEU:hun, ja muuttaa valintaasi kesken matkasi. Jos matkustat ryhm\u00e4ss\u00e4, jokaisella ryhm\u00e4n j\u00e4senell\u00e4 on oma matkakorttinsa.<\/p>","important":false},{"icon":478,"title":"Matkusta asuinmaassasi","paragraph":"<p>Passiasi voi k\u00e4ytt\u00e4\u00e4 vain kahdelle yksitt\u00e4iselle matkalle asuinmaassasi (kutsutaan l\u00e4htev\u00e4ksi ja saapuvaksi matkaksi). Voit matkustaa mist\u00e4 tahansa asuinmaasi paikasta rajalle tai lentokent\u00e4lle tai satamaan ja voit matkustaa useammalla kuin yhdell\u00e4 junalla, mik\u00e4li matkat ovat samana matkap\u00e4iv\u00e4n\u00e4.<\/p>","important":false},{"icon":450,"title":"Matkusta omaan tahtiisi","paragraph":"<p>Mobiilipassilla voit viipy\u00e4 kaupungissa pidemp\u00e4\u00e4n tai l\u00e4hte\u00e4 matkakohteesta aikaisemmin kuin olit suunnitellut. T\u00f6rm\u00e4sitk\u00f6 matkallasi hankaluuksiin, kuten junan my\u00f6h\u00e4stymiseen tai peruuntumiseen? Voit siirty\u00e4 seuraavaan junaan tai muuttaa reitti\u00e4si.<\/p>","important":false},{"icon":590,"title":"T\u00e4rke\u00e4\u00e4 tietoa","paragraph":"<p>Ennen kuin nouset junaan, bussiin tai veneeseen, jokainen matka on tallennettava DiscoverEU-matkasovelluksen Oma matka -osioon ja lis\u00e4tt\u00e4v\u00e4 Interrail Pass -mobiilipassiin. Jotkin pitk\u00e4n matkan junat edellytt\u00e4v\u00e4t lis\u00e4paikkavarausten tekemist\u00e4.<\/p>","important":true}]},"fixed_travel":{"title":"Kiinte\u00e4 matkustusvaihtoehto","sub_title":"Liput ennalta m\u00e4\u00e4r\u00e4tylle matkustusv\u00e4lille","paragraph":"Kiinte\u00e4 vaihtoehto, matkasuunnitelmaasi ei voi muokata.","fixed_option":[{"icon":2725,"title":"Matkusta ennalta m\u00e4\u00e4ritettyjen kohteiden mukaan","paragraph":"<p>Tutki ja suunnittele matkaasi ennen matkalippujen vahvistamista. Matkasuunnitelmasi varataan kiinte\u00e4ll\u00e4 matkustusv\u00e4lill\u00e4, eik\u00e4 sit\u00e4 voida muuttaa.<\/p>","important":false},{"icon":2727,"title":"Matkusta kiinte\u00e4n suunnitelman mukaan","paragraph":"<p>Tied\u00e4t, milloin haluat matkustaa. Sinulla on p\u00e4iv\u00e4m\u00e4\u00e4r\u00e4t valmiina, sinulla on kiinte\u00e4 reittisuunnitelma ja olet valmis sitoutumaan tiettyyn p\u00e4iv\u00e4m\u00e4\u00e4r\u00e4\u00e4n ja junaan.<\/p>","important":false},{"icon":562,"title":"Matkusta ryhm\u00e4ss\u00e4","paragraph":"<p>Vain ryhm\u00e4n\u00e4 palkitut voivat matkustaa ryhm\u00e4ss\u00e4. Jotta voit matkustaa ryhm\u00e4ss\u00e4, kaikkien ryhm\u00e4\u00e4n kuuluvien henkil\u00f6iden on t\u00e4ytett\u00e4v\u00e4 matkavarauslomake.<\/p>","important":false},{"icon":478,"title":"Matkusta asuinmaassasi","paragraph":"<p>L\u00e4htev\u00e4 ja saapuva matkasi varataan kiinte\u00e4ll\u00e4 matkustusv\u00e4lill\u00e4. Voit matkustaa useammalla kuin yhdell\u00e4 junalla edellytt\u00e4en, ett\u00e4 ensimm\u00e4inen m\u00e4\u00e4r\u00e4np\u00e4\u00e4si on ulkomailla.<\/p>","important":false},{"icon":506,"title":"Matkasuunnitelman muutokset","paragraph":"<p>Liput varataan vain tiettyyn junaan, eik\u00e4 matkasuunnitelmaan voi tehd\u00e4 muutoksia. Euroopan komissio ei korvaa muutoksista, uusista varauksista tai muista matkan aikana aiheutuneista kuluista aiheutuvia lis\u00e4kustannuksia.<\/p>","important":false},{"icon":590,"title":"T\u00e4rke\u00e4\u00e4 tietoa","paragraph":"<p>M\u00e4\u00e4r\u00e4tyn matkustusv\u00e4lin matkareitit rajoitetaan juniin, jotka mahdollistavat lippujen varaamisen verkosta. Peruutusten tai viiv\u00e4stysten sattuessa matkustajan tulee ottaa yhteytt\u00e4 suoraan kuljetusyhti\u00f6\u00f6n. Lue lis\u00e4\u00e4 EU:n matkustajien oikeuksista t\u00e4\u00e4lt\u00e4.<\/p>","important":true}]},"link_travel_option":{"title":"Vie minut tukikeskukseen","url":"https:\/\/help.start-discover.eu\/","target":"_blank"}},"yoast_head":"<!-- This site is optimized with the Yoast SEO plugin v21.9.1 - https:\/\/yoast.com\/wordpress\/plugins\/seo\/ -->\n<title>Get started - DiscoverEU<\/title>\n<meta name=\"robots\" content=\"index, follow, max-snippet:-1, max-image-preview:large, max-video-preview:-1\" \/>\n<link rel=\"canonical\" href=\"https:\/\/www.start-discover.eu\/fi\/get-started\" \/>\n<meta property=\"og:locale\" content=\"fi_FI\" \/>\n<meta property=\"og:type\" content=\"article\" \/>\n<meta property=\"og:title\" content=\"Get started - DiscoverEU\" \/>\n<meta property=\"og:url\" content=\"https:\/\/www.start-discover.eu\/fi\/get-started\" \/>\n<meta property=\"og:site_name\" content=\"DiscoverEU\" \/>\n<meta property=\"article:modified_time\" content=\"2026-01-02T15:06:55+00:00\" \/>\n<meta property=\"og:image\" content=\"https:\/\/www.start-discover.eu\/app\/uploads\/2024\/07\/DEU-logo-1-scaled.jpg\" \/>\n\t<meta property=\"og:image:width\" content=\"2560\" \/>\n\t<meta property=\"og:image:height\" content=\"1440\" \/>\n\t<meta property=\"og:image:type\" content=\"image\/jpeg\" \/>\n<meta name=\"twitter:card\" content=\"summary_large_image\" \/>\n<script type=\"application\/ld+json\" class=\"yoast-schema-graph\">{\"@context\":\"https:\/\/schema.org\",\"@graph\":[{\"@type\":\"WebPage\",\"@id\":\"https:\/\/www.start-discover.eu\/fi\/get-started\",\"url\":\"https:\/\/www.start-discover.eu\/fi\/get-started\",\"name\":\"Get started - DiscoverEU\",\"isPartOf\":{\"@id\":\"https:\/\/www.start-discover.eu\/fi#website\"},\"datePublished\":\"2023-10-18T14:11:14+00:00\",\"dateModified\":\"2026-01-02T15:06:55+00:00\",\"breadcrumb\":{\"@id\":\"https:\/\/www.start-discover.eu\/fi\/get-started#breadcrumb\"},\"inLanguage\":\"fi\",\"potentialAction\":[{\"@type\":\"ReadAction\",\"target\":[\"https:\/\/www.start-discover.eu\/fi\/get-started\"]}]},{\"@type\":\"BreadcrumbList\",\"@id\":\"https:\/\/www.start-discover.eu\/fi\/get-started#breadcrumb\",\"itemListElement\":[{\"@type\":\"ListItem\",\"position\":1,\"name\":\"Home\",\"item\":\"https:\/\/www.start-discover.eu\/fi\"},{\"@type\":\"ListItem\",\"position\":2,\"name\":\"Get started\"}]},{\"@type\":\"WebSite\",\"@id\":\"https:\/\/www.start-discover.eu\/fi#website\",\"url\":\"https:\/\/www.start-discover.eu\/fi\",\"name\":\"DiscoverEU\",\"description\":\"\",\"publisher\":{\"@id\":\"https:\/\/www.start-discover.eu\/fi#organization\"},\"potentialAction\":[{\"@type\":\"SearchAction\",\"target\":{\"@type\":\"EntryPoint\",\"urlTemplate\":\"https:\/\/www.start-discover.eu\/fi?s={search_term_string}\"},\"query-input\":\"required name=search_term_string\"}],\"inLanguage\":\"fi\"},{\"@type\":\"Organization\",\"@id\":\"https:\/\/www.start-discover.eu\/fi#organization\",\"name\":\"DiscoverEU\",\"url\":\"https:\/\/www.start-discover.eu\/fi\",\"logo\":{\"@type\":\"ImageObject\",\"inLanguage\":\"fi\",\"@id\":\"https:\/\/www.start-discover.eu\/fi#\/schema\/logo\/image\/\",\"url\":\"https:\/\/www.start-discover.eu\/app\/uploads\/2024\/07\/DEU-logo-696x696-1-scaled.jpg\",\"contentUrl\":\"https:\/\/www.start-discover.eu\/app\/uploads\/2024\/07\/DEU-logo-696x696-1-scaled.jpg\",\"width\":2560,\"height\":2560,\"caption\":\"DiscoverEU\"},\"image\":{\"@id\":\"https:\/\/www.start-discover.eu\/fi#\/schema\/logo\/image\/\"}}]}<\/script>\n<!-- \/ Yoast SEO plugin. -->","yoast_head_json":{"title":"Get started - DiscoverEU","robots":{"index":"index","follow":"follow","max-snippet":"max-snippet:-1","max-image-preview":"max-image-preview:large","max-video-preview":"max-video-preview:-1"},"canonical":"https:\/\/www.start-discover.eu\/fi\/get-started","og_locale":"fi_FI","og_type":"article","og_title":"Get started - DiscoverEU","og_url":"https:\/\/www.start-discover.eu\/fi\/get-started","og_site_name":"DiscoverEU","article_modified_time":"2026-01-02T15:06:55+00:00","og_image":[{"width":2560,"height":1440,"url":"https:\/\/www.start-discover.eu\/app\/uploads\/2024\/07\/DEU-logo-1-scaled.jpg","type":"image\/jpeg"}],"twitter_card":"summary_large_image","schema":{"@context":"https:\/\/schema.org","@graph":[{"@type":"WebPage","@id":"https:\/\/www.start-discover.eu\/fi\/get-started","url":"https:\/\/www.start-discover.eu\/fi\/get-started","name":"Get started - DiscoverEU","isPartOf":{"@id":"https:\/\/www.start-discover.eu\/fi#website"},"datePublished":"2023-10-18T14:11:14+00:00","dateModified":"2026-01-02T15:06:55+00:00","breadcrumb":{"@id":"https:\/\/www.start-discover.eu\/fi\/get-started#breadcrumb"},"inLanguage":"fi","potentialAction":[{"@type":"ReadAction","target":["https:\/\/www.start-discover.eu\/fi\/get-started"]}]},{"@type":"BreadcrumbList","@id":"https:\/\/www.start-discover.eu\/fi\/get-started#breadcrumb","itemListElement":[{"@type":"ListItem","position":1,"name":"Home","item":"https:\/\/www.start-discover.eu\/fi"},{"@type":"ListItem","position":2,"name":"Get started"}]},{"@type":"WebSite","@id":"https:\/\/www.start-discover.eu\/fi#website","url":"https:\/\/www.start-discover.eu\/fi","name":"DiscoverEU","description":"","publisher":{"@id":"https:\/\/www.start-discover.eu\/fi#organization"},"potentialAction":[{"@type":"SearchAction","target":{"@type":"EntryPoint","urlTemplate":"https:\/\/www.start-discover.eu\/fi?s={search_term_string}"},"query-input":"required name=search_term_string"}],"inLanguage":"fi"},{"@type":"Organization","@id":"https:\/\/www.start-discover.eu\/fi#organization","name":"DiscoverEU","url":"https:\/\/www.start-discover.eu\/fi","logo":{"@type":"ImageObject","inLanguage":"fi","@id":"https:\/\/www.start-discover.eu\/fi#\/schema\/logo\/image\/","url":"https:\/\/www.start-discover.eu\/app\/uploads\/2024\/07\/DEU-logo-696x696-1-scaled.jpg","contentUrl":"https:\/\/www.start-discover.eu\/app\/uploads\/2024\/07\/DEU-logo-696x696-1-scaled.jpg","width":2560,"height":2560,"caption":"DiscoverEU"},"image":{"@id":"https:\/\/www.start-discover.eu\/fi#\/schema\/logo\/image\/"}}]}},"_links":{"self":[{"href":"https:\/\/www.start-discover.eu\/fi\/wp-json\/wp\/v2\/pages\/1943"}],"collection":[{"href":"https:\/\/www.start-discover.eu\/fi\/wp-json\/wp\/v2\/pages"}],"about":[{"href":"https:\/\/www.start-discover.eu\/fi\/wp-json\/wp\/v2\/types\/page"}],"author":[{"embeddable":true,"href":"https:\/\/www.start-discover.eu\/fi\/wp-json\/wp\/v2\/users\/10"}],"replies":[{"embeddable":true,"href":"https:\/\/www.start-discover.eu\/fi\/wp-json\/wp\/v2\/comments?post=1943"}],"version-history":[{"count":10,"href":"https:\/\/www.start-discover.eu\/fi\/wp-json\/wp\/v2\/pages\/1943\/revisions"}],"predecessor-version":[{"id":4821,"href":"https:\/\/www.start-discover.eu\/fi\/wp-json\/wp\/v2\/pages\/1943\/revisions\/4821"}],"wp:attachment":[{"href":"https:\/\/www.start-discover.eu\/fi\/wp-json\/wp\/v2\/media?parent=1943"}],"curies":[{"name":"wp","href":"https:\/\/api.w.org\/{rel}","templated":true}]}}