{"id":1847,"date":"2023-11-13T18:49:23","date_gmt":"2023-11-13T18:49:23","guid":{"rendered":"https:\/\/v2.start-discover.eu\/profile"},"modified":"2026-03-30T08:18:09","modified_gmt":"2026-03-30T08:18:09","slug":"profile","status":"publish","type":"page","link":"https:\/\/www.start-discover.eu\/fi\/profile","title":{"rendered":"Profile"},"content":{"rendered":"","protected":false},"excerpt":{"rendered":"","protected":false},"author":2,"featured_media":0,"parent":0,"menu_order":0,"comment_status":"closed","ping_status":"closed","template":"","meta":{"footnotes":""},"acf":{"email":"<p>Hei {{firstname}},<\/p>\r\n<p>Kiitos, ett\u00e4 t\u00e4ytit #DiscoverEU-kyselyn.<\/p>\r\n<p>Osallistumistodistuksesi on nyt saatavilla #DiscoverEU-profiilissasi.<\/p>\r\n<p>Sinun tarvitsee vain menn\u00e4 varauslomakkeen linkkiin, jonka k\u00e4ytit pyyt\u00e4ess\u00e4si #DiscoverEU Passiasi (linkki alkaa '<a href=\"http:\/\/registrations.start-discover.eu\/\">registrations.start-discover.eu<\/a>') ja klikata \u201cLataa #DiscoverEU osallistumistodistuksesi\u201d -painiketta.<\/p>\r\n<p>Toivomme, ett\u00e4 loit unohtumattomia muistoja!<\/p>\r\n<p>Toivotamme sinulle kaikkea hyv\u00e4\u00e4.<\/p>\r\n<p>DiscoverEU Matkailutiimi.<\/p>","infobox":{"title":"Osallistumistodistuksesi on valmis.","textual_content":"Voit ladata sen napsauttamalla alla olevaa painiketta.","button_label":"Lataa #DiscoverEU osallistumistodistuksesi."},"intro":{"title":{"hello_name":"Hei {{firstname}}","welcome_on_your_discovereu_profile":"Tervetuloa DiscoverEU-profiiliisi!"},"this_page_gathers_all_the_information_necessary":"T\u00e4lle sivulle on koottu kaikki matkasi kannalta tarpeelliset tiedot sek\u00e4 data ja rekister\u00f6innin tila."},"status_created":{"it_looks_like_you_havent_filled_out_your_booking_form_yet":"N\u00e4ytt\u00e4\u00e4 silt\u00e4, ett\u00e4 et ole viel\u00e4 t\u00e4ytt\u00e4nyt varauslomakettasi","dont_wait_too_long_created":"\u00c4l\u00e4 odota liian kauan, sill\u00e4 sinun on teht\u00e4v\u00e4 se {{closing_date}} menness\u00e4!","go_to_the_booking_form":"Siirry varauslomakkeeseen"},"requests_and_forms_section":{"visa_form_title":"Viisumipyynt\u00f6:","refund_form_title":"Palautuspyynt\u00f6:","visa_form_label":"Kutsukirje ja matkavakuutuksen hakulomake","refund_form_label":"Korvauslomake","visa_form_processing":"Pyynt\u00f6jen k\u00e4sittely","refund_form_processing":"Pyynt\u00f6jen k\u00e4sittely","visa_form_processed":"K\u00e4sitelty pyynt\u00f6","refund_form_processed":"K\u00e4sitelty pyynt\u00f6"},"status_initialized":{"it_looks_like_you_havent_finished_filled_out_your_booking_form_yet":"N\u00e4ytt\u00e4\u00e4 silt\u00e4, ett\u00e4 et ole viel\u00e4 t\u00e4ytt\u00e4nyt varauslomakettasi loppuun","dont_wait_too_long_initialized":"\u00c4l\u00e4 odota liian kauan, sill\u00e4 sinun on teht\u00e4v\u00e4 se {{closing_date}} menness\u00e4!","continue_to_complete_your_booking_form":"Jatka varauslomakkeen t\u00e4ytt\u00e4mist\u00e4"},"status_pending":{"your_identity_documents_are_being_checked":"Henkil\u00f6llisyystodistuksiasi tarkistetaan","once_your_identity_has_been_verified":"Kun henkil\u00f6llisyytesi on vahvistettu, saat automaattisen vahvistuksen s\u00e4hk\u00f6postitse. S\u00e4hk\u00f6postin otsikko on \"Your order is confirmed - here is the rest\" ja se l\u00e4hetet\u00e4\u00e4n s\u00e4hk\u00f6postiosoitteesta \"customerservice@interrail.eu\".","tip:_check_your_spam":"Vihje: tarkista roskapostisi","learn_more_about_verifying_my_documents":"Lis\u00e4tietoja asiakirjojeni vahvistamisesta","learn_more_about_verifying_my_documents_url":"https:\/\/registrations.start-discover.eu\/images\/EU_DiscoverEU_GuideID_en.jpg"},"status_declined_first_try":{"couldnt_verify_identity_documents":"Huomio: varauslomake ei ole viel\u00e4 t\u00e4ytetty","submitting_documents_a_second_time":"Henkil\u00f6llisyytesi vahvistamiseksi l\u00e4hett\u00e4mi\u00e4si asiakirjoja ei hyv\u00e4ksytty. Voit yritt\u00e4\u00e4 l\u00e4hett\u00e4\u00e4 ne toisen kerran.","back_to_submission_step":"Takaisin l\u00e4hetysvaiheeseen","warning_can_only_submit_documents_twice":"Varoitus: voit l\u00e4hett\u00e4\u00e4 asiakirjat vain kahdesti."},"status_declined_second_try":{"identity_documents_could_not_be_verified_twice":"Huomio: varauslomake ei ole viel\u00e4 t\u00e4ytetty","not_accepted_for_the_second_time":"Henkil\u00f6llisyytesi vahvistamiseksi l\u00e4hett\u00e4mi\u00e4si asiakirjoja ei hyv\u00e4ksytty toista kertaa. Ota meihin yhteytt\u00e4 ongelman ratkaisemiseksi."},"status_success":{"flex_stnd":{"congratulations_your_reservation_is_completed_and_validated":"Onnittelut, varauslomake on t\u00e4ytetty ja vahvistettu!","your_pass_is_available_in_your_email":"<p>Passisi on l\u00e4hetetty s\u00e4hk\u00f6postiisi. Jos et n\u00e4e sit\u00e4, tarkista roskapostikansiosi. Jos se ei viel\u00e4k\u00e4\u00e4n ole siell\u00e4, ota yhteytt\u00e4 matkatiimiin <a href=\"https:\/\/discovereu-wave6.zendesk.com\/hc\/en-gb\/requests\/new\"><b>Ohjekeskuksen<\/b><\/a> L\u00e4het\u00e4 pyynt\u00f6 -sivun kautta.<\/p>"},"flex_ovs":{"congratulations_your_reservation_is_completed_and_validated":"Onnittelut, varauksesi on valmis ja vahvistettu!","the_travel_team_will_contact_you_three_months_before_your_departure_date_to_book_your_flights":"Matkakorttisi on saatavilla s\u00e4hk\u00f6postissasi. Jos et ole saanut mit\u00e4\u00e4n, tarkista roskapostisi. Muussa tapauksessa voit ottaa yhteytt\u00e4 Travel-tiimiin apukeskuksen \"Submit a request\" (L\u00e4het\u00e4 pyynt\u00f6) -sivun kautta. Travel-tiimi ottaa sinuun yhteytt\u00e4 kolme kuukautta ennen l\u00e4ht\u00f6p\u00e4iv\u00e4\u00e4 varatakseen lentosi."},"fix_stnd":{"congratulations_your_reservation_is_completed_and_validated":"Onnittelut, varauksesi on valmis ja vahvistettu!","the_travel_team_will_contact_you_three_months_before_your_departure_date_to_book_your_fix_trip":"Travel-tiimi ottaa sinuun yhteytt\u00e4 kolme kuukautta ennen l\u00e4ht\u00f6p\u00e4iv\u00e4\u00e4 varatakseen FIX-matkasi."},"fix_ovs":{"congratulations_your_reservation_is_completed_and_validated":"Onnittelut, varauksesi on valmis ja vahvistettu!","the_travel_team_will_contact_you_three_months_before_your_departure_date_to_book_your_flights":"Matkatiimi ottaa sinuun yhteytt\u00e4 kolme kuukautta ennen l\u00e4ht\u00f6p\u00e4iv\u00e4\u00e4si FIX-matkan ja lentolippujen varaamiseksi."}},"status_accessibility":{"booking_form_completed":"Varauslomake on t\u00e4ytetty.","flex_pass_will_be_issued_only_if_you_have_any_accessibility_needs":"Sinun pit\u00e4isi olla saanut s\u00e4hk\u00f6postiviestin esteett\u00f6myystarpeistasi. Vastaa matkatiimille yhteydenottolomakkeella, jotta voimme my\u00f6nt\u00e4\u00e4 sinulle DiscoverEU-passin."},"discovereu_community_section":{"discovereu_community":"DiscoverEU Community","looking_to_make_the_most_of_your_exciting_journey":"<p>Haluatko saada kaiken irti j\u00e4nnitt\u00e4v\u00e4st\u00e4 matkastasi ja tutustua Eurooppaan?<\/p>\r\n<p>T\u00e4m\u00e4 DiscoverEU:n yhteis\u00f6tila on t\u00e4\u00e4ll\u00e4, jotta SIN\u00c4 voit kokoontua, tavata uusia ihmisi\u00e4, keskustella ja jakaa matkasuunnitelmiasi, rakentaa yst\u00e4vyyssuhteita ja l\u00f6yt\u00e4\u00e4 inspiraatiota kokeaksesi DiscoverEU-matkasi t\u00e4ysimittaisesti!<\/p>","join_the_#discovereu_community_label":"Liity #DiscoverEU Communityyn*","join_the_#discovereu_community_url":"https:\/\/discovereucommunity.interrail.eu\/","accessible_through_the_discovereu_travel_app":"* saatavilla DiscoverEU Travel -sovelluksen kautta tai suoraan DiscoverEU Travel -sovelluksen tilitietojen kautta"},"european_youth_card_section":{"european_youth_card":"Eurooppalainen nuorisokortti","with_your_discovereu_pass_you_have_won_the_european_youth_card":"<p>DiscoverEU-matkakortillasi olet voittanut Euroopan nuorisokortin!<\/p>\r\n<p>Eurooppalaisella nuorisokortilla voit saada alennuksia majoituksesta, vierailuista, paikallisliikenteest\u00e4 ja monesta muusta. Se on saatavilla DiscoverEU Travel -sovelluksen kohdassa \"more\".<\/p>"},"help_centre_articles_section":{"help_centre_articles":"Apukeskuksen artikkelit","you_can_find_below_a_selection_of_articles":"Alla on valikoima artikkeleita, jotka voivat auttaa sinua aloittamaan valmistautumisen DiscoverEU-matkallesi.","flex_faq_links":{"how_to_get_started_with_your_interrail_mobile_pass":"How to get started with your Interrail Mobile Pass?","how_to_get_started_with_your_interrail_mobile_pass_url":"https:\/\/discovereu-wave6.zendesk.com\/hc\/en-gb\/articles\/6066864956945-How-to-get-started-with-your-Interrail-Mobile-Pass-","what_are_10_things_you_should_know_about_the_interrail_pass":"What are 10 things you should know about the Interrail Pass?","what_are_10_things_you_should_know_about_the_interrail_pass_url":"https:\/\/discovereu-wave6.zendesk.com\/hc\/en-gb\/articles\/11909290422673-What-are-10-things-you-should-know-about-the-Interrail-Pass-"}},"all_travellers_faq_links":{"travel_tips":"Travel Tips","travel_tips_url":"https:\/\/discovereu-wave6.zendesk.com\/hc\/en-gb\/categories\/5768672491409-Travel-Tips","how_can_i_save_money_while_travelling":"How can I save money while travelling?","how_can_i_save_money_while_travelling_url":"https:\/\/discovereu-wave6.zendesk.com\/hc\/en-gb\/articles\/6066862630929-How-can-I-save-money-while-travelling-","how_to_connect_with_other_discovereu_travellers":"How to connect with other DiscoverEU travellers?","how_to_connect_with_other_discovereu_travellers_url":"https:\/\/discovereu-wave6.zendesk.com\/hc\/en-gb\/articles\/6066910634513-How-to-connect-with-other-DiscoverEU-travellers-","what_is_the_discovereu_european_youth_card":"What is the DiscoverEU European Youth Card?","what_is_the_discovereu_european_youth_card_url":"https:\/\/discovereu-wave6.zendesk.com\/hc\/en-gb\/articles\/6066928796689-What-is-the-DiscoverEU-European-Youth-Card-"},"contact_us":"Ota meihin yhteytt\u00e4","contact_us_url":"https:\/\/discovereu-wave6.zendesk.com\/hc\/en-gb\/requests\/new","login_items":{"email":"S\u00e4hk\u00f6posti","password":"Salasana","forgotten_password":"Unohditko salasanan?","modify_password_label":"Muokkaa salasanaa","login_label":"Kirjaudu sis\u00e4\u00e4n","log_out_label":"Kirjaudu ulos","new_password":"Uusi salasana","confirm_password":"Vahvista salasanasi","back_to_login":"Takaisin sis\u00e4\u00e4nkirjautumissivulle","send_link":"L\u00e4het\u00e4 linkki","your_are_not_firstname":"Etk\u00f6 sin\u00e4 ole {{firstname}}?"},"login_content":{"first_password_change":"Turvallisuussyist\u00e4 pyyd\u00e4mme sinua vaihtamaan alkuper\u00e4isen salasanan.","email_for_password_modify":"Sy\u00f6t\u00e4 s\u00e4hk\u00f6postiosoite, jota k\u00e4yt\u00e4t kirjautumiseen, niin l\u00e4het\u00e4mme sinulle linkin salasanan vaihtamiseen.","strong_password_choice":"Valitse vahva salasana.","password_combination_instruction":"Valitse kirjainten, numeroiden ja erikoismerkkien yhdistelm\u00e4.","change_your_password":"Muuta salasanaasi","update_your_password":"P\u00e4ivit\u00e4 salasanasi","sign_in_with_password":"Kirjaudu sis\u00e4\u00e4n salasanalla"},"toasts_content":{"please_enter_a_valid_email_address":"Sy\u00f6t\u00e4 toimiva s\u00e4hk\u00f6postiosoite","please_enter_your_email_address":"Sy\u00f6t\u00e4 s\u00e4hk\u00f6postiosoitteesi","please_enter_your_password":"Sy\u00f6t\u00e4 salasanasi","please_enter_your_new_password":"Sy\u00f6t\u00e4 uusi salasanasi","redirecting_you_to_the_app":"Ohjataan sinut sovellukseen\u2026","something_went_wrong":"Jokin meni pieleen...","oops":"Hups...","sign_in":"Kirjaudu sis\u00e4\u00e4n","password_updated":"Salasana p\u00e4ivitetty","password_reset":"Salasanan nollaus","sent_email_with_link_to_reset_password":"Olemme l\u00e4hett\u00e4neet sinulle s\u00e4hk\u00f6postin, jossa on linkki salasanasi vaihtamiseen, ja voit sulkea t\u00e4m\u00e4n ikkunan.","password_6_characters":"Salasanassa on oltava v\u00e4hint\u00e4\u00e4n 6 merkki\u00e4","password_characters_format":"Salasanassa on oltava v\u00e4hint\u00e4\u00e4n yksi kirjain, yksi numero ja yksi erikoismerkki"},"do_you_have_questions_about_your_reservation":"Onko sinulla kysytt\u00e4v\u00e4\u00e4 varauksestasi?","identity_verification_status":"Henkil\u00f6llisyyden vahvistamisen tila","if_your_status_is_not_verified_be_sure_to_contact_the_travel_team_through_the_help_center":"<p>Jos tilasi ei ole <strong>vahvistettu<\/strong>, muista ottaa yhteytt\u00e4 Travel-tiimiin apukeskuksen kautta.<\/p>","reservation_status":"Varaustilanne","if_your_status_is_not_booked_it_means_there_was_a_problem_with_your_identity_verification_or_there_is_an_error_with_your_reservation_be_sure_to_contact_the_travel_team_via_the_center_help":"<p>Jos tilasi ei ole <strong>varattu<\/strong>, se tarkoittaa, ett\u00e4 henkil\u00f6llisyytesi vahvistamisessa oli ongelma tai varauksessasi oli virhe, otathan yhteytt\u00e4 Travel-tiimiin apukeskuksen kautta.<\/p>","fix_booking_status":"FIX-varauksen tila","if_your_status_is_not_registered_it_means_there_was_a_problem_with_your_identity_verification_or_there_is_an_error_with_your_reservation_be_sure_to_contact_the_travel_team_via_the_center_help":"<p>Jos tilasi ei ole <strong>rekister\u00f6ity<\/strong>, se tarkoittaa, ett\u00e4 henkil\u00f6llisyytesi vahvistamisessa oli ongelma tai varauksessasi oli virhe, otathan yhteytt\u00e4 Travel-tiimiin apukeskuksen kautta.<\/p>","discovereu_travel_app_account_2":"DiscoverEU Travel -sovelluksen tili*","interrail_pass_2":"Interrail-matkakortti","identification":{"your_informations":"Tietosi","personal_data":"Henkil\u00f6tiedot","first_name":"Etunimi","last_name":"Sukunimi","date_of_birth":"Syntym\u00e4aika","email":"S\u00e4hk\u00f6posti","ticket_type":"Lipputyyppi","document_country":"Asiakirjan maa","statuses":"Tilat","document_verification":"Asiakirjojen vahvistaminen","booking_status":"Varauksen tila","discovereu_travel_app_account":"DiscoverEU Travel -sovelluksen tili","interrail_pass":"DiscoverEU-matkakortti"}},"yoast_head":"<!-- This site is optimized with the Yoast SEO plugin v21.9.1 - https:\/\/yoast.com\/wordpress\/plugins\/seo\/ -->\n<title>Profile - DiscoverEU<\/title>\n<meta name=\"robots\" content=\"index, follow, max-snippet:-1, max-image-preview:large, max-video-preview:-1\" \/>\n<link rel=\"canonical\" href=\"https:\/\/www.start-discover.eu\/fi\/profile\" \/>\n<meta property=\"og:locale\" content=\"fi_FI\" \/>\n<meta property=\"og:type\" content=\"article\" \/>\n<meta property=\"og:title\" content=\"Profile - DiscoverEU\" \/>\n<meta property=\"og:url\" content=\"https:\/\/www.start-discover.eu\/fi\/profile\" \/>\n<meta property=\"og:site_name\" content=\"DiscoverEU\" \/>\n<meta property=\"article:modified_time\" content=\"2026-03-30T08:18:09+00:00\" \/>\n<meta property=\"og:image\" content=\"https:\/\/www.start-discover.eu\/app\/uploads\/2024\/07\/DEU-logo-1-scaled.jpg\" \/>\n\t<meta property=\"og:image:width\" content=\"2560\" \/>\n\t<meta property=\"og:image:height\" content=\"1440\" \/>\n\t<meta property=\"og:image:type\" content=\"image\/jpeg\" \/>\n<meta name=\"twitter:card\" content=\"summary_large_image\" \/>\n<script type=\"application\/ld+json\" class=\"yoast-schema-graph\">{\"@context\":\"https:\/\/schema.org\",\"@graph\":[{\"@type\":\"WebPage\",\"@id\":\"https:\/\/www.start-discover.eu\/fi\/profile\",\"url\":\"https:\/\/www.start-discover.eu\/fi\/profile\",\"name\":\"Profile - DiscoverEU\",\"isPartOf\":{\"@id\":\"https:\/\/www.start-discover.eu\/fi#website\"},\"datePublished\":\"2023-11-13T18:49:23+00:00\",\"dateModified\":\"2026-03-30T08:18:09+00:00\",\"breadcrumb\":{\"@id\":\"https:\/\/www.start-discover.eu\/fi\/profile#breadcrumb\"},\"inLanguage\":\"fi\",\"potentialAction\":[{\"@type\":\"ReadAction\",\"target\":[\"https:\/\/www.start-discover.eu\/fi\/profile\"]}]},{\"@type\":\"BreadcrumbList\",\"@id\":\"https:\/\/www.start-discover.eu\/fi\/profile#breadcrumb\",\"itemListElement\":[{\"@type\":\"ListItem\",\"position\":1,\"name\":\"Home\",\"item\":\"https:\/\/www.start-discover.eu\/fi\"},{\"@type\":\"ListItem\",\"position\":2,\"name\":\"Profile\"}]},{\"@type\":\"WebSite\",\"@id\":\"https:\/\/www.start-discover.eu\/fi#website\",\"url\":\"https:\/\/www.start-discover.eu\/fi\",\"name\":\"DiscoverEU\",\"description\":\"\",\"publisher\":{\"@id\":\"https:\/\/www.start-discover.eu\/fi#organization\"},\"potentialAction\":[{\"@type\":\"SearchAction\",\"target\":{\"@type\":\"EntryPoint\",\"urlTemplate\":\"https:\/\/www.start-discover.eu\/fi?s={search_term_string}\"},\"query-input\":\"required name=search_term_string\"}],\"inLanguage\":\"fi\"},{\"@type\":\"Organization\",\"@id\":\"https:\/\/www.start-discover.eu\/fi#organization\",\"name\":\"DiscoverEU\",\"url\":\"https:\/\/www.start-discover.eu\/fi\",\"logo\":{\"@type\":\"ImageObject\",\"inLanguage\":\"fi\",\"@id\":\"https:\/\/www.start-discover.eu\/fi#\/schema\/logo\/image\/\",\"url\":\"https:\/\/www.start-discover.eu\/app\/uploads\/2024\/07\/DEU-logo-696x696-1-scaled.jpg\",\"contentUrl\":\"https:\/\/www.start-discover.eu\/app\/uploads\/2024\/07\/DEU-logo-696x696-1-scaled.jpg\",\"width\":2560,\"height\":2560,\"caption\":\"DiscoverEU\"},\"image\":{\"@id\":\"https:\/\/www.start-discover.eu\/fi#\/schema\/logo\/image\/\"}}]}<\/script>\n<!-- \/ Yoast SEO plugin. -->","yoast_head_json":{"title":"Profile - DiscoverEU","robots":{"index":"index","follow":"follow","max-snippet":"max-snippet:-1","max-image-preview":"max-image-preview:large","max-video-preview":"max-video-preview:-1"},"canonical":"https:\/\/www.start-discover.eu\/fi\/profile","og_locale":"fi_FI","og_type":"article","og_title":"Profile - DiscoverEU","og_url":"https:\/\/www.start-discover.eu\/fi\/profile","og_site_name":"DiscoverEU","article_modified_time":"2026-03-30T08:18:09+00:00","og_image":[{"width":2560,"height":1440,"url":"https:\/\/www.start-discover.eu\/app\/uploads\/2024\/07\/DEU-logo-1-scaled.jpg","type":"image\/jpeg"}],"twitter_card":"summary_large_image","schema":{"@context":"https:\/\/schema.org","@graph":[{"@type":"WebPage","@id":"https:\/\/www.start-discover.eu\/fi\/profile","url":"https:\/\/www.start-discover.eu\/fi\/profile","name":"Profile - DiscoverEU","isPartOf":{"@id":"https:\/\/www.start-discover.eu\/fi#website"},"datePublished":"2023-11-13T18:49:23+00:00","dateModified":"2026-03-30T08:18:09+00:00","breadcrumb":{"@id":"https:\/\/www.start-discover.eu\/fi\/profile#breadcrumb"},"inLanguage":"fi","potentialAction":[{"@type":"ReadAction","target":["https:\/\/www.start-discover.eu\/fi\/profile"]}]},{"@type":"BreadcrumbList","@id":"https:\/\/www.start-discover.eu\/fi\/profile#breadcrumb","itemListElement":[{"@type":"ListItem","position":1,"name":"Home","item":"https:\/\/www.start-discover.eu\/fi"},{"@type":"ListItem","position":2,"name":"Profile"}]},{"@type":"WebSite","@id":"https:\/\/www.start-discover.eu\/fi#website","url":"https:\/\/www.start-discover.eu\/fi","name":"DiscoverEU","description":"","publisher":{"@id":"https:\/\/www.start-discover.eu\/fi#organization"},"potentialAction":[{"@type":"SearchAction","target":{"@type":"EntryPoint","urlTemplate":"https:\/\/www.start-discover.eu\/fi?s={search_term_string}"},"query-input":"required name=search_term_string"}],"inLanguage":"fi"},{"@type":"Organization","@id":"https:\/\/www.start-discover.eu\/fi#organization","name":"DiscoverEU","url":"https:\/\/www.start-discover.eu\/fi","logo":{"@type":"ImageObject","inLanguage":"fi","@id":"https:\/\/www.start-discover.eu\/fi#\/schema\/logo\/image\/","url":"https:\/\/www.start-discover.eu\/app\/uploads\/2024\/07\/DEU-logo-696x696-1-scaled.jpg","contentUrl":"https:\/\/www.start-discover.eu\/app\/uploads\/2024\/07\/DEU-logo-696x696-1-scaled.jpg","width":2560,"height":2560,"caption":"DiscoverEU"},"image":{"@id":"https:\/\/www.start-discover.eu\/fi#\/schema\/logo\/image\/"}}]}},"_links":{"self":[{"href":"https:\/\/www.start-discover.eu\/fi\/wp-json\/wp\/v2\/pages\/1847"}],"collection":[{"href":"https:\/\/www.start-discover.eu\/fi\/wp-json\/wp\/v2\/pages"}],"about":[{"href":"https:\/\/www.start-discover.eu\/fi\/wp-json\/wp\/v2\/types\/page"}],"author":[{"embeddable":true,"href":"https:\/\/www.start-discover.eu\/fi\/wp-json\/wp\/v2\/users\/2"}],"replies":[{"embeddable":true,"href":"https:\/\/www.start-discover.eu\/fi\/wp-json\/wp\/v2\/comments?post=1847"}],"version-history":[{"count":9,"href":"https:\/\/www.start-discover.eu\/fi\/wp-json\/wp\/v2\/pages\/1847\/revisions"}],"predecessor-version":[{"id":5519,"href":"https:\/\/www.start-discover.eu\/fi\/wp-json\/wp\/v2\/pages\/1847\/revisions\/5519"}],"wp:attachment":[{"href":"https:\/\/www.start-discover.eu\/fi\/wp-json\/wp\/v2\/media?parent=1847"}],"curies":[{"name":"wp","href":"https:\/\/api.w.org\/{rel}","templated":true}]}}