{"id":1846,"date":"2023-11-13T18:49:23","date_gmt":"2023-11-13T18:49:23","guid":{"rendered":"https:\/\/v2.start-discover.eu\/profile"},"modified":"2026-03-30T08:17:46","modified_gmt":"2026-03-30T08:17:46","slug":"profile","status":"publish","type":"page","link":"https:\/\/www.start-discover.eu\/et\/profile","title":{"rendered":"Profile"},"content":{"rendered":"","protected":false},"excerpt":{"rendered":"","protected":false},"author":2,"featured_media":0,"parent":0,"menu_order":0,"comment_status":"closed","ping_status":"closed","template":"","meta":{"footnotes":""},"acf":{"email":"<p>Tere {{firstname}},<\/p>\r\n<p>Ait\u00e4h, et t\u00e4itsite #DiscoverEU k\u00fcsitluse.<\/p>\r\n<p>Teie osalemistunnistus on n\u00fc\u00fcd teie #DiscoverEU profiilis saadaval.<\/p>\r\n<p>Teil tuleb lihtsalt juurde p\u00e4\u00e4seda broneerimisvormi lingile, mida kasutasite oma #DiscoverEU Passi taotlemiseks (link algab '<a href=\"http:\/\/registrations.start-discover.eu\/\">registrations.start-discover.eu<\/a>') ja kl\u00f5psata nupul \u201cLaadige alla oma #DiscoverEU osalemistunnistus\u201d.<\/p>\r\n<p>Loodame, et l\u00f5ite unustamatuid m\u00e4lestusi!<\/p>\r\n<p>Soovime teile k\u00f5ike head.<\/p>\r\n<p>DiscoverEU Reisimeeskond.<\/p>\r\n<p>I'll proceed with the next languages once you confirm or provide further instructions.<\/p>","infobox":{"title":"Teie osalemistunnistus on valmis.","textual_content":"Saate selle alla laadida, kl\u00f5psates allpool olevat nuppu.","button_label":"Laadige alla oma #DiscoverEU osalemistunnistus."},"intro":{"title":{"hello_name":"Tere {{firstname}}","welcome_on_your_discovereu_profile":"Tere tulemast oma DiscoverEU profiilile!"},"this_page_gathers_all_the_information_necessary":"Sellele lehele on kokku koondatud k\u00f5ik andmed, mis on vajalikud sinu reisi jaoks, samuti andmed ja registreerimise olek."},"status_created":{"it_looks_like_you_havent_filled_out_your_booking_form_yet":"N\u00e4ib, et te pole veel broneerimisvormi t\u00e4itnud","dont_wait_too_long_created":"\u00c4rge oodake liiga kaua, teil on aega selle l\u00f5puleviimiseks kuni {{closing_date}}!","go_to_the_booking_form":"Mine broneeringuvormile"},"requests_and_forms_section":{"visa_form_title":"Viisataotlus:","refund_form_title":"Tagasimaksetaotlus:","visa_form_label":"Kutse ja reisikindlustuse taotlusvorm","refund_form_label":"H\u00fcvitamise vorm","visa_form_processing":"Taotluse menetlemine","refund_form_processing":"Taotluse menetlemine","visa_form_processed":"K\u00e4sitletud taotlus","refund_form_processed":"K\u00e4sitletud taotlus"},"status_initialized":{"it_looks_like_you_havent_finished_filled_out_your_booking_form_yet":"N\u00e4ib, et te pole veel broneerimisvormi t\u00e4itnud","dont_wait_too_long_initialized":"\u00c4rge oodake liiga kaua, teil on aega selle l\u00f5puleviimiseks kuni {{closing_date}}!","continue_to_complete_your_booking_form":"J\u00e4tka broneeringuvormi t\u00e4itmist"},"status_pending":{"your_identity_documents_are_being_checked":"Sinu isikut t\u00f5endavaid dokumente kontrollitakse","once_your_identity_has_been_verified":"Kui teie isik on kinnitatud, saate meili teel automaatse kinnituse. E-kirja teema on \"Teie tellimus on kinnitatud - siin on \u00fclej\u00e4\u00e4nu\" ja see saadetakse e-posti aadressilt \"customerservice@interrail.eu\".","tip:_check_your_spam":"N\u00f5uanne: kontrollige oma r\u00e4mpsposti","learn_more_about_verifying_my_documents":"Lisateave minu dokumentide kinnitamise kohta","learn_more_about_verifying_my_documents_url":"https:\/\/registrations.start-discover.eu\/images\/EU_DiscoverEU_GuideID_en.jpg"},"status_declined_first_try":{"couldnt_verify_identity_documents":"T\u00e4helepanu: teie broneeringuvorm ei ole veel t\u00e4idetud","submitting_documents_a_second_time":"Sinu isiku kinnitamiseks esitatud dokumente ei aktsepteeritud. V\u00f5id proovida neid teist korda esitada.","back_to_submission_step":"Tagasi esitamise etapi juurde","warning_can_only_submit_documents_twice":"Hoiatus: saate dokumente esitada ainult kaks korda."},"status_declined_second_try":{"identity_documents_could_not_be_verified_twice":"T\u00e4helepanu: teie broneeringuvorm ei ole veel t\u00e4idetud","not_accepted_for_the_second_time":"Sinu isiku kinnitamiseks esitatud dokumente ei aktsepteeritud. Selle probleemi lahendamiseks v\u00f5tke meiega \u00fchendust."},"status_success":{"flex_stnd":{"congratulations_your_reservation_is_completed_and_validated":"\u00d5nnitlused, teie broneeringuvorm on t\u00e4idetud ja kinnitatud!","your_pass_is_available_in_your_email":"<p>Teie pass on saadetud teie e-posti aadressile. Kui te seda ei n\u00e4e, kontrollige palun oma r\u00e4mpsposti kausta. Kui see ikka veel seal ei ole, v\u00f5tke \u00fchendust reisimeeskonnaga <a href=\"https:\/\/discovereu-wave6.zendesk.com\/hc\/en-gb\/requests\/new\"><b>abikeskuse<\/b><\/a> lehek\u00fclje \u201eEsita taotlus\u201d kaudu.<\/p>"},"flex_ovs":{"congratulations_your_reservation_is_completed_and_validated":"\u00d5nnitleme, sinu broneering on l\u00f5pule viidud ja kinnitatud!","the_travel_team_will_contact_you_three_months_before_your_departure_date_to_book_your_flights":"Teie reisipass on saadaval teie e-posti aadressil. Kui te pole midagi saanud, kontrollige oma r\u00e4mpsposti. Muul juhul v\u00f5ta kindlasti \u00fchendust reisitiimiga abikeskuse lehe Esita taotlus kaudu. Reisimeeskond v\u00f5tab teiega \u00fchendust kolm kuud enne teie lahkumiskuup\u00e4eva, et teie lennud broneerida."},"fix_stnd":{"congratulations_your_reservation_is_completed_and_validated":"\u00d5nnitleme, sinu broneering on l\u00f5pule viidud ja kinnitatud!","the_travel_team_will_contact_you_three_months_before_your_departure_date_to_book_your_fix_trip":"Reisimeeskond v\u00f5tab teiega \u00fchendust kolm kuud enne teie v\u00e4ljumiskuup\u00e4eva, et broneerida teie FIX-reis."},"fix_ovs":{"congratulations_your_reservation_is_completed_and_validated":"\u00d5nnitleme, sinu broneering on l\u00f5pule viidud ja kinnitatud!","the_travel_team_will_contact_you_three_months_before_your_departure_date_to_book_your_flights":"Reisimeeskond v\u00f5tab teiega \u00fchendust kolm kuud enne teie v\u00e4ljumisp\u00e4eva, et broneerida teie FIX-reis ja lennupiletid."}},"status_accessibility":{"booking_form_completed":"Sinu broneerimisvorm on t\u00e4idetud.","flex_pass_will_be_issued_only_if_you_have_any_accessibility_needs":"Te peaksite olema saanud e-kirja oma ligip\u00e4\u00e4setavuse vajaduste kohta. Palun vastake reisimeeskonnale kontaktivormi kaudu, et saaksime teile v\u00e4ljastada DiscoverEU passi."},"discovereu_community_section":{"discovereu_community":"DiscoverEU kogukond","looking_to_make_the_most_of_your_exciting_journey":"<p>Kas soovid oma p\u00f5nevast teekonnast ja Euroopa avastamisest maksimumi v\u00f5tta?<\/p>\r\n<p>See DiscoverEU kogukond on loodud selleks, et saaksid kokku tulla, kohtuda uute inimestega, arutada ja jagada oma reisiplaane, luua s\u00f5prussidemeid ja leida inspiratsiooni, et saaksid kogeda oma DiscoverEU reisi t\u00e4iel rinnal!<\/p>","join_the_#discovereu_community_label":"LIITU #DiscoverEU kogukonnaga*","join_the_#discovereu_community_url":"https:\/\/discovereucommunity.interrail.eu\/","accessible_through_the_discovereu_travel_app":"*p\u00e4\u00e4seb ligi DiscoverEU Travel rakenduse kaudu v\u00f5i otse oma DiscoverEU Travel konto andmete kaudu"},"european_youth_card_section":{"european_youth_card":"Euroopa noortekaart","with_your_discovereu_pass_you_have_won_the_european_youth_card":"<p>DiscoverEU p\u00e4\u00e4smega oled v\u00f5itnud Euroopa noortekaardi!<\/p>\r\n<p>T\u00e4nu Euroopa noortekaardile saate majutuse, kohapealseid reise, kohalikku transporti ja palju muud soodsamalt. See on saadaval DiscoverEU Travel rakenduse jaotises \u201emore\u201c.<\/p>"},"help_centre_articles_section":{"help_centre_articles":"Abikeskuse artiklid","you_can_find_below_a_selection_of_articles":"Altpoolt leiate valiku artikleid, mis aitavad teil DiscoverEU reisiks valmistuda.","flex_faq_links":{"how_to_get_started_with_your_interrail_mobile_pass":"How to get started with your Interrail Mobile Pass?","how_to_get_started_with_your_interrail_mobile_pass_url":"https:\/\/discovereu-wave6.zendesk.com\/hc\/en-gb\/articles\/6066864956945-How-to-get-started-with-your-Interrail-Mobile-Pass-","what_are_10_things_you_should_know_about_the_interrail_pass":"What are 10 things you should know about the Interrail Pass?","what_are_10_things_you_should_know_about_the_interrail_pass_url":"https:\/\/discovereu-wave6.zendesk.com\/hc\/en-gb\/articles\/11909290422673-What-are-10-things-you-should-know-about-the-Interrail-Pass-"}},"all_travellers_faq_links":{"travel_tips":"Travel Tips","travel_tips_url":"https:\/\/discovereu-wave6.zendesk.com\/hc\/en-gb\/categories\/5768672491409-Travel-Tips","how_can_i_save_money_while_travelling":"How can I save money while travelling?","how_can_i_save_money_while_travelling_url":"https:\/\/discovereu-wave6.zendesk.com\/hc\/en-gb\/articles\/6066862630929-How-can-I-save-money-while-travelling-","how_to_connect_with_other_discovereu_travellers":"How to connect with other DiscoverEU travellers?","how_to_connect_with_other_discovereu_travellers_url":"https:\/\/discovereu-wave6.zendesk.com\/hc\/en-gb\/articles\/6066910634513-How-to-connect-with-other-DiscoverEU-travellers-","what_is_the_discovereu_european_youth_card":"What is the DiscoverEU European Youth Card?","what_is_the_discovereu_european_youth_card_url":"https:\/\/discovereu-wave6.zendesk.com\/hc\/en-gb\/articles\/6066928796689-What-is-the-DiscoverEU-European-Youth-Card-"},"contact_us":"V\u00f5ta meiega \u00fchendust","contact_us_url":"https:\/\/discovereu-wave6.zendesk.com\/hc\/en-gb\/requests\/new","login_items":{"email":"E-post","password":"Parool","forgotten_password":"Unustasite salas\u00f5na?","modify_password_label":"Muuda parooli","login_label":"Logi sisse","log_out_label":"Logi v\u00e4lja","new_password":"Uus salas\u00f5na","confirm_password":"Kinnitage salas\u00f5na","back_to_login":"Tagasi sisselogimislehele","send_link":"Saada link","your_are_not_firstname":"Sa ei ole{{firstname}}?"},"login_content":{"first_password_change":"Turvalisuse huvides palume teil muuta algset parooli.","email_for_password_modify":"Sisestage e-posti aadress, mida kasutate sisselogimiseks, ja me saadame teile lingi parooli l\u00e4htestamiseks.","strong_password_choice":"Palun valige parool.","password_combination_instruction":"Valige t\u00e4htede, numbrite ja erim\u00e4rkide kombinatsioon.","change_your_password":"Muutke oma salas\u00f5na","update_your_password":"Uuenda oma parooli","sign_in_with_password":"Logige sisse parooliga"},"toasts_content":{"please_enter_a_valid_email_address":"Palun sisesta kehtiv e-posti aadress","please_enter_your_email_address":"Palun sisestage oma e-posti aadress","please_enter_your_password":"Palun sisestage oma parool","please_enter_your_new_password":"Palun sisesta oma uus parool","redirecting_you_to_the_app":"Suunamine rakendusse\u2026","something_went_wrong":"Midagi l\u00e4ks valesti...","oops":"Oih...","sign_in":"Logi sisse","password_updated":"Parool uuendati","password_reset":"Parooli vahetus","sent_email_with_link_to_reset_password":"Saatsime sulle e-kirja lingiga parooli l\u00e4htestamiseks. V\u00f5id selle akna sulgeda","password_6_characters":"Parool peab olema v\u00e4hemalt 6 t\u00e4hem\u00e4rki","password_characters_format":"Salas\u00f5na peab sisaldama v\u00e4hemalt \u00fchte t\u00e4hte, \u00fchte numbrit ja \u00fchte erim\u00e4rki"},"do_you_have_questions_about_your_reservation":"Kas sul on broneeringu kohta k\u00fcsimusi?","identity_verification_status":"Isiku tuvastamise olek","if_your_status_is_not_verified_be_sure_to_contact_the_travel_team_through_the_help_center":"<p>Kui sinu olekut <strong>ei kinnitata<\/strong>, v\u00f5ta kindlasti \u00fchendust reisitiimiga abikeskuse kaudu.<\/p>","reservation_status":"Reserveerimise olek","if_your_status_is_not_booked_it_means_there_was_a_problem_with_your_identity_verification_or_there_is_an_error_with_your_reservation_be_sure_to_contact_the_travel_team_via_the_center_help":"<p>Kui sinu olek ei ole <strong>Broneeritud<\/strong>, t\u00e4hendab see, et sinu isiku tuvastamisega tekkis probleem v\u00f5i sinu broneeringuga tekkis viga, v\u00f5ta kindlasti abikeskuse kaudu \u00fchendust reisitiimiga.<\/p>","fix_booking_status":"Broneeringu staatus","if_your_status_is_not_registered_it_means_there_was_a_problem_with_your_identity_verification_or_there_is_an_error_with_your_reservation_be_sure_to_contact_the_travel_team_via_the_center_help":"<p>Kui sinu olek ei ole <strong>registreeritud<\/strong>, t\u00e4hendab see, et sinu isiku tuvastamisega tekkis probleem v\u00f5i sinu broneeringuga tekkis viga, v\u00f5ta kindlasti abikeskuse kaudu \u00fchendust reisitiimiga.<\/p>","discovereu_travel_app_account_2":"DiscoverEU Travel rakenduse konto *","interrail_pass_2":"Interrail rongipass","identification":{"your_informations":"Sinu andmed","personal_data":"Isikuandmed","first_name":"Eesnimi","last_name":"Perekonnanimi","date_of_birth":"S\u00fcnniaeg","email":"E-post","ticket_type":"Pileti t\u00fc\u00fcp","document_country":"Dokumendi v\u00e4ljastanud riik","statuses":"Staatused","document_verification":"Dokumentide kontrollimine","booking_status":"Broneeringu staatus","discovereu_travel_app_account":"DiscoverEU Travel rakenduse konto","interrail_pass":"DiscoverEU rongipass"}},"yoast_head":"<!-- This site is optimized with the Yoast SEO plugin v21.9.1 - https:\/\/yoast.com\/wordpress\/plugins\/seo\/ -->\n<title>Profile - DiscoverEU<\/title>\n<meta name=\"robots\" content=\"index, follow, max-snippet:-1, max-image-preview:large, max-video-preview:-1\" \/>\n<link rel=\"canonical\" href=\"https:\/\/www.start-discover.eu\/et\/profile\" \/>\n<meta property=\"og:locale\" content=\"et_EE\" \/>\n<meta property=\"og:type\" content=\"article\" \/>\n<meta property=\"og:title\" content=\"Profile - DiscoverEU\" \/>\n<meta property=\"og:url\" content=\"https:\/\/www.start-discover.eu\/et\/profile\" \/>\n<meta property=\"og:site_name\" content=\"DiscoverEU\" \/>\n<meta property=\"article:modified_time\" content=\"2026-03-30T08:17:46+00:00\" \/>\n<meta property=\"og:image\" content=\"https:\/\/www.start-discover.eu\/app\/uploads\/2024\/07\/DEU-logo-1-scaled.jpg\" \/>\n\t<meta property=\"og:image:width\" content=\"2560\" \/>\n\t<meta property=\"og:image:height\" content=\"1440\" \/>\n\t<meta property=\"og:image:type\" content=\"image\/jpeg\" \/>\n<meta name=\"twitter:card\" content=\"summary_large_image\" \/>\n<script type=\"application\/ld+json\" class=\"yoast-schema-graph\">{\"@context\":\"https:\/\/schema.org\",\"@graph\":[{\"@type\":\"WebPage\",\"@id\":\"https:\/\/www.start-discover.eu\/et\/profile\",\"url\":\"https:\/\/www.start-discover.eu\/et\/profile\",\"name\":\"Profile - DiscoverEU\",\"isPartOf\":{\"@id\":\"https:\/\/www.start-discover.eu\/et#website\"},\"datePublished\":\"2023-11-13T18:49:23+00:00\",\"dateModified\":\"2026-03-30T08:17:46+00:00\",\"breadcrumb\":{\"@id\":\"https:\/\/www.start-discover.eu\/et\/profile#breadcrumb\"},\"inLanguage\":\"et\",\"potentialAction\":[{\"@type\":\"ReadAction\",\"target\":[\"https:\/\/www.start-discover.eu\/et\/profile\"]}]},{\"@type\":\"BreadcrumbList\",\"@id\":\"https:\/\/www.start-discover.eu\/et\/profile#breadcrumb\",\"itemListElement\":[{\"@type\":\"ListItem\",\"position\":1,\"name\":\"Home\",\"item\":\"https:\/\/www.start-discover.eu\/et\"},{\"@type\":\"ListItem\",\"position\":2,\"name\":\"Profile\"}]},{\"@type\":\"WebSite\",\"@id\":\"https:\/\/www.start-discover.eu\/et#website\",\"url\":\"https:\/\/www.start-discover.eu\/et\",\"name\":\"DiscoverEU\",\"description\":\"\",\"publisher\":{\"@id\":\"https:\/\/www.start-discover.eu\/et#organization\"},\"potentialAction\":[{\"@type\":\"SearchAction\",\"target\":{\"@type\":\"EntryPoint\",\"urlTemplate\":\"https:\/\/www.start-discover.eu\/et?s={search_term_string}\"},\"query-input\":\"required name=search_term_string\"}],\"inLanguage\":\"et\"},{\"@type\":\"Organization\",\"@id\":\"https:\/\/www.start-discover.eu\/et#organization\",\"name\":\"DiscoverEU\",\"url\":\"https:\/\/www.start-discover.eu\/et\",\"logo\":{\"@type\":\"ImageObject\",\"inLanguage\":\"et\",\"@id\":\"https:\/\/www.start-discover.eu\/et#\/schema\/logo\/image\/\",\"url\":\"https:\/\/www.start-discover.eu\/app\/uploads\/2024\/07\/DEU-logo-696x696-1-scaled.jpg\",\"contentUrl\":\"https:\/\/www.start-discover.eu\/app\/uploads\/2024\/07\/DEU-logo-696x696-1-scaled.jpg\",\"width\":2560,\"height\":2560,\"caption\":\"DiscoverEU\"},\"image\":{\"@id\":\"https:\/\/www.start-discover.eu\/et#\/schema\/logo\/image\/\"}}]}<\/script>\n<!-- \/ Yoast SEO plugin. -->","yoast_head_json":{"title":"Profile - DiscoverEU","robots":{"index":"index","follow":"follow","max-snippet":"max-snippet:-1","max-image-preview":"max-image-preview:large","max-video-preview":"max-video-preview:-1"},"canonical":"https:\/\/www.start-discover.eu\/et\/profile","og_locale":"et_EE","og_type":"article","og_title":"Profile - DiscoverEU","og_url":"https:\/\/www.start-discover.eu\/et\/profile","og_site_name":"DiscoverEU","article_modified_time":"2026-03-30T08:17:46+00:00","og_image":[{"width":2560,"height":1440,"url":"https:\/\/www.start-discover.eu\/app\/uploads\/2024\/07\/DEU-logo-1-scaled.jpg","type":"image\/jpeg"}],"twitter_card":"summary_large_image","schema":{"@context":"https:\/\/schema.org","@graph":[{"@type":"WebPage","@id":"https:\/\/www.start-discover.eu\/et\/profile","url":"https:\/\/www.start-discover.eu\/et\/profile","name":"Profile - DiscoverEU","isPartOf":{"@id":"https:\/\/www.start-discover.eu\/et#website"},"datePublished":"2023-11-13T18:49:23+00:00","dateModified":"2026-03-30T08:17:46+00:00","breadcrumb":{"@id":"https:\/\/www.start-discover.eu\/et\/profile#breadcrumb"},"inLanguage":"et","potentialAction":[{"@type":"ReadAction","target":["https:\/\/www.start-discover.eu\/et\/profile"]}]},{"@type":"BreadcrumbList","@id":"https:\/\/www.start-discover.eu\/et\/profile#breadcrumb","itemListElement":[{"@type":"ListItem","position":1,"name":"Home","item":"https:\/\/www.start-discover.eu\/et"},{"@type":"ListItem","position":2,"name":"Profile"}]},{"@type":"WebSite","@id":"https:\/\/www.start-discover.eu\/et#website","url":"https:\/\/www.start-discover.eu\/et","name":"DiscoverEU","description":"","publisher":{"@id":"https:\/\/www.start-discover.eu\/et#organization"},"potentialAction":[{"@type":"SearchAction","target":{"@type":"EntryPoint","urlTemplate":"https:\/\/www.start-discover.eu\/et?s={search_term_string}"},"query-input":"required name=search_term_string"}],"inLanguage":"et"},{"@type":"Organization","@id":"https:\/\/www.start-discover.eu\/et#organization","name":"DiscoverEU","url":"https:\/\/www.start-discover.eu\/et","logo":{"@type":"ImageObject","inLanguage":"et","@id":"https:\/\/www.start-discover.eu\/et#\/schema\/logo\/image\/","url":"https:\/\/www.start-discover.eu\/app\/uploads\/2024\/07\/DEU-logo-696x696-1-scaled.jpg","contentUrl":"https:\/\/www.start-discover.eu\/app\/uploads\/2024\/07\/DEU-logo-696x696-1-scaled.jpg","width":2560,"height":2560,"caption":"DiscoverEU"},"image":{"@id":"https:\/\/www.start-discover.eu\/et#\/schema\/logo\/image\/"}}]}},"_links":{"self":[{"href":"https:\/\/www.start-discover.eu\/et\/wp-json\/wp\/v2\/pages\/1846"}],"collection":[{"href":"https:\/\/www.start-discover.eu\/et\/wp-json\/wp\/v2\/pages"}],"about":[{"href":"https:\/\/www.start-discover.eu\/et\/wp-json\/wp\/v2\/types\/page"}],"author":[{"embeddable":true,"href":"https:\/\/www.start-discover.eu\/et\/wp-json\/wp\/v2\/users\/2"}],"replies":[{"embeddable":true,"href":"https:\/\/www.start-discover.eu\/et\/wp-json\/wp\/v2\/comments?post=1846"}],"version-history":[{"count":9,"href":"https:\/\/www.start-discover.eu\/et\/wp-json\/wp\/v2\/pages\/1846\/revisions"}],"predecessor-version":[{"id":5518,"href":"https:\/\/www.start-discover.eu\/et\/wp-json\/wp\/v2\/pages\/1846\/revisions\/5518"}],"wp:attachment":[{"href":"https:\/\/www.start-discover.eu\/et\/wp-json\/wp\/v2\/media?parent=1846"}],"curies":[{"name":"wp","href":"https:\/\/api.w.org\/{rel}","templated":true}]}}