{"id":1979,"date":"2023-10-18T14:11:14","date_gmt":"2023-10-18T14:11:14","guid":{"rendered":"https:\/\/v2.start-discover.eu\/get-started"},"modified":"2026-01-02T15:25:19","modified_gmt":"2026-01-02T15:25:19","slug":"get-started","status":"publish","type":"page","link":"https:\/\/www.start-discover.eu\/es\/get-started","title":{"rendered":"Get started"},"content":{"rendered":"","protected":false},"excerpt":{"rendered":"","protected":false},"author":10,"featured_media":0,"parent":0,"menu_order":0,"comment_status":"closed","ping_status":"closed","template":"","meta":{"footnotes":""},"acf":{"description":"<h1>\u00bfCu\u00e1les son los pasos del proceso de <span style=\"color: #f0679b;\"> reserva<\/span>?<\/h1>\r\n<p>Al enviar tu formulario de reserva, crearemos una cuenta para ti. Recibir\u00e1s todos los detalles por correo electr\u00f3nico. La cuenta te dar\u00e1 acceso a la aplicaci\u00f3n de viajes DiscoverEU, donde podr\u00e1s consultar las rutas y horarios de los trenes para planificar tu viaje, acceder a tu Carn\u00e9 Joven Europeo DiscoverEU para beneficiarte de miles de descuentos en toda Europa, y unirte a la Comunidad DiscoverEU para compartir tus experiencias con tus compa\u00f1eros\/as de viaje. Encontrar\u00e1s tu Pase DiscoverEU directamente en la aplicaci\u00f3n.<\/p>","steps_process":[{"title":"Accede a tu formulario de reserva","description":"<p>Accede a tu enlace personal de reserva (enviado a ti a trav\u00e9s de <strong>hello@start-discover.eu<\/strong>)<\/p>"},{"title":"Verifica tu identidad","description":"<p>Como parte del formulario de reserva, se te pedir\u00e1 que verifiques tu identidad.<\/p>"},{"title":"Env\u00eda tu formulario de reserva","description":"<p>Una vez listo\/a, rellena y env\u00eda el formulario de reserva<\/p>"}],"title_start_process":"\u00bfC\u00f3mo inicio el proceso de reserva?","image_start_process":1980,"description_start_process":"<p><strong>Recibir\u00e1s (recibiste) una invitaci\u00f3n por correo electr\u00f3nico con el enlace a tu formulario de reserva personal.<\/strong><\/p>\r\n<p>Para completar la reserva del viaje, tendr\u00e1s que planificar algunas cosas. Lo m\u00e1s importante es tener preparada tu tarjeta de identidad o pasaporte para verificar tu identidad.<\/p>\r\n<div>\r\n<p>Al completar el formulario de reserva, cierta informaci\u00f3n ya estar\u00e1 pre-rellenada, basada en los datos que obtuvimos durante el proceso de verificaci\u00f3n de identidad. La informaci\u00f3n pre-rellenada incluye:<\/p>\r\n<ul>\r\n\t<li>Direcci\u00f3n de correo electr\u00f3nico<\/li>\r\n\t<li>C\u00f3digo de solicitud<\/li>\r\n\t<li>Nombre<\/li>\r\n\t<li>Apellidos<\/li>\r\n\t<li>Fecha de nacimiento<\/li>\r\n\t<li>Pa\u00eds emisor del documento de identidad\/pasaporte<\/li>\r\n<\/ul>\r\n<\/div>\r\n<p><strong>\u00bfQuieres informaci\u00f3n m\u00e1s detallada?<\/strong><br \/>\r\nEcha un vistazo al Centro de Ayuda, donde encontrar\u00e1s respuestas a las preguntas m\u00e1s frecuentes.<br \/>\r\n<br \/>\r\n<\/p>","link_start_process":{"title":"Consulta el Centro de Ayuda","url":"https:\/\/help.start-discover.eu\/","target":"_blank"},"title":"Todo lo que necesitas saber sobre el DiscoverEU Pass","flexible_travel":{"title_flexible":"-","sub_title":"Pase Interrail DiscoverEU","paragraph":"Estar donde quieras estar con una flexibilidad total\r\n","flexible_option":[{"icon":2257,"title":"Viaja sin fechas ni destinos preestablecidos","paragraph":"<p>Confirma tu Pase m\u00f3vil Interrail, y completa tu b\u00fasqueda m\u00e1s tarde.<br \/>\r\nPodr\u00e1s utilizar tu Pase m\u00f3vil en la aplicaci\u00f3n de viajes DiscoverEU.<br \/>\r\nPuedes activar tu Pase hasta el d\u00eda en que empieces a viajar.<br \/>\r\nDurante el viaje, puedes planificar sobre la marcha, cambiar de ruta y dejar que el viaje siga su curso.<\/p>","important":false},{"icon":2259,"title":"Viajar en tren 7 d\u00edas en el plazo de un mes","paragraph":"<p>Puedes utilizar el Pase los 7 d\u00edas que elijas durante un periodo determinado de 1 mes.<br \/>\r\nPuedes viajar durante varios d\u00edas consecutivos o repartirlos a lo largo del mes.<br \/>\r\nPuedes organizarlo todo directamente desde la aplicaci\u00f3n de viajes DiscoverEU.<\/p>","important":false},{"icon":553,"title":"Viajar solo\/a o en grupo","paragraph":"<p>T\u00fa decides si viajas solo\/a o en grupo. Puedes elegir con qui\u00e9n viajas al solicitar DiscoverEU, y cambiarlo a mitad del viaje. Si viajas en grupo, cada uno\/a de los miembros del grupo tendr\u00e1 su propio pase.<\/p>","important":false},{"icon":497,"title":"Viajes en el pa\u00eds de residencia","paragraph":"<p>Tu Pase s\u00f3lo puede utilizarse para dos viajes concretos en tu pa\u00eds de residencia (denominados viaje de ida y viaje de vuelta).<br \/>\r\nPuedes viajar desde el lugar que elijas dentro de tu pa\u00eds de residencia hasta la frontera o hasta un aeropuerto o puerto, o puedes viajar en uno o varios trenes, siempre que los trayectos se realicen el mismo d\u00eda.<\/p>","important":false},{"icon":469,"title":"Viaja a tu propio ritmo","paragraph":"<p>Con el Pase m\u00f3vil puedes quedarte m\u00e1s tiempo en una ciudad, o salir antes de un destino de lo que hab\u00edas planeado.<br \/>\r\n\u00bfSufres un contratiempo en tus viajes, como un tren retrasado o cancelado?<br \/>\r\nPuedes coger el siguiente tren o cambiar de ruta.<\/p>","important":false},{"icon":609,"title":"Lo que debes saber","paragraph":"<p>Antes de subir a un tren, autob\u00fas o barco, cada viaje debe registrarse en la aplicaci\u00f3n de viajes DiscoverEU en la secci\u00f3n \"My Trip\" y a\u00f1adirse a tu Pase Interrail m\u00f3vil.<br \/>\r\nAlgunos trenes de larga distancia requieren que reserves asientos adicionales.<\/p>","important":true}]},"fixed_travel":{"title":"Opci\u00f3n de viaje fijo","sub_title":"Billetes Punto a Punto","paragraph":"Opci\u00f3n fija y establecida, tu itinerario no se puede modificar.\r\n","fixed_option":[{"icon":2258,"title":"Viaja seg\u00fan destinos preestablecidos","paragraph":"<p>Viaja seg\u00fan destinos preestablecidos<br \/>\r\nInvestiga y planifica tu viaje antes de confirmar los billetes.<br \/>\r\nTu itinerario de viaje se reservar\u00e1 con billetes de punto a punto, y no podr\u00e1 modificarse.<\/p>","important":false},{"icon":2260,"title":"Viaja seg\u00fan una planificaci\u00f3n fija","paragraph":"<p>Ya sabes cu\u00e1ndo quieres viajar.<br \/>\r\nTienes las fechas preparadas, un itinerario fijo y est\u00e1s dispuesto\/a a comprometerte con una fecha y un tren concretos.<\/p>","important":false},{"icon":581,"title":"Viaja en grupo","paragraph":"<p>S\u00f3lo podr\u00e1n viajar en grupo quienes hayan sido seleccionados\/as.<br \/>\r\nPara que puedas viajar en grupo, todas las personas del grupo deben asegurarse de cumplimentar el formulario de reserva de viaje.<\/p>","important":false},{"icon":497,"title":"Viajes en el pa\u00eds de residencia","paragraph":"<p>Tu viaje de ida y de vuelta se reservar\u00e1n como billetes de punto a punto.<br \/>\r\nPuedes viajar en varios trenes, siempre que tu primer destino sea al extranjero.<\/p>","important":false},{"icon":525,"title":"Modificaciones de viaje","paragraph":"<p>Los billetes se reservar\u00e1n s\u00f3lo para un tren concreto, sin cambios en los planes de viaje.<br \/>\r\nLa Comisi\u00f3n Europea no cubrir\u00e1 ning\u00fan suplemento por modificaciones, nuevas reservas u otros gastos que se produzcan durante el viaje.<\/p>","important":false},{"icon":609,"title":"Lo que debes saber","paragraph":"<p>Los itinerarios de viaje de punto a punto se limitar\u00e1n a los trenes que permitan la reserva de billetes en l\u00ednea. En caso de cancelaci\u00f3n o retraso, los pasajeros deber\u00e1n ponerse en contacto directamente con la compa\u00f1\u00eda ferroviaria.<br \/>\r\nM\u00e1s informaci\u00f3n sobre los Derechos de los Pasajeros de la UE aqu\u00ed.<\/p>","important":true}]},"link_travel_option":{"title":"Dir\u00edgeme al Centro de Ayuda","url":"https:\/\/help.start-discover.eu\/","target":"_blank"}},"yoast_head":"<!-- This site is optimized with the Yoast SEO plugin v21.9.1 - https:\/\/yoast.com\/wordpress\/plugins\/seo\/ -->\n<title>Get started - DiscoverEU<\/title>\n<meta name=\"robots\" content=\"index, follow, max-snippet:-1, max-image-preview:large, max-video-preview:-1\" \/>\n<link rel=\"canonical\" href=\"https:\/\/www.start-discover.eu\/es\/get-started\" \/>\n<meta property=\"og:locale\" content=\"es_ES\" \/>\n<meta property=\"og:type\" content=\"article\" \/>\n<meta property=\"og:title\" content=\"Get started - DiscoverEU\" \/>\n<meta property=\"og:url\" content=\"https:\/\/www.start-discover.eu\/es\/get-started\" \/>\n<meta property=\"og:site_name\" content=\"DiscoverEU\" \/>\n<meta property=\"article:modified_time\" content=\"2026-01-02T15:25:19+00:00\" \/>\n<meta property=\"og:image\" content=\"https:\/\/www.start-discover.eu\/app\/uploads\/2024\/07\/DEU-logo-1-scaled.jpg\" \/>\n\t<meta property=\"og:image:width\" content=\"2560\" \/>\n\t<meta property=\"og:image:height\" content=\"1440\" \/>\n\t<meta property=\"og:image:type\" content=\"image\/jpeg\" \/>\n<meta name=\"twitter:card\" content=\"summary_large_image\" \/>\n<script type=\"application\/ld+json\" class=\"yoast-schema-graph\">{\"@context\":\"https:\/\/schema.org\",\"@graph\":[{\"@type\":\"WebPage\",\"@id\":\"https:\/\/www.start-discover.eu\/es\/get-started\",\"url\":\"https:\/\/www.start-discover.eu\/es\/get-started\",\"name\":\"Get started - DiscoverEU\",\"isPartOf\":{\"@id\":\"https:\/\/www.start-discover.eu\/es#website\"},\"datePublished\":\"2023-10-18T14:11:14+00:00\",\"dateModified\":\"2026-01-02T15:25:19+00:00\",\"breadcrumb\":{\"@id\":\"https:\/\/www.start-discover.eu\/es\/get-started#breadcrumb\"},\"inLanguage\":\"es-ES\",\"potentialAction\":[{\"@type\":\"ReadAction\",\"target\":[\"https:\/\/www.start-discover.eu\/es\/get-started\"]}]},{\"@type\":\"BreadcrumbList\",\"@id\":\"https:\/\/www.start-discover.eu\/es\/get-started#breadcrumb\",\"itemListElement\":[{\"@type\":\"ListItem\",\"position\":1,\"name\":\"Home\",\"item\":\"https:\/\/www.start-discover.eu\/es\"},{\"@type\":\"ListItem\",\"position\":2,\"name\":\"Get started\"}]},{\"@type\":\"WebSite\",\"@id\":\"https:\/\/www.start-discover.eu\/es#website\",\"url\":\"https:\/\/www.start-discover.eu\/es\",\"name\":\"DiscoverEU\",\"description\":\"\",\"publisher\":{\"@id\":\"https:\/\/www.start-discover.eu\/es#organization\"},\"potentialAction\":[{\"@type\":\"SearchAction\",\"target\":{\"@type\":\"EntryPoint\",\"urlTemplate\":\"https:\/\/www.start-discover.eu\/es?s={search_term_string}\"},\"query-input\":\"required name=search_term_string\"}],\"inLanguage\":\"es-ES\"},{\"@type\":\"Organization\",\"@id\":\"https:\/\/www.start-discover.eu\/es#organization\",\"name\":\"DiscoverEU\",\"url\":\"https:\/\/www.start-discover.eu\/es\",\"logo\":{\"@type\":\"ImageObject\",\"inLanguage\":\"es-ES\",\"@id\":\"https:\/\/www.start-discover.eu\/es#\/schema\/logo\/image\/\",\"url\":\"https:\/\/www.start-discover.eu\/app\/uploads\/2024\/07\/DEU-logo-696x696-1-scaled.jpg\",\"contentUrl\":\"https:\/\/www.start-discover.eu\/app\/uploads\/2024\/07\/DEU-logo-696x696-1-scaled.jpg\",\"width\":2560,\"height\":2560,\"caption\":\"DiscoverEU\"},\"image\":{\"@id\":\"https:\/\/www.start-discover.eu\/es#\/schema\/logo\/image\/\"}}]}<\/script>\n<!-- \/ Yoast SEO plugin. -->","yoast_head_json":{"title":"Get started - DiscoverEU","robots":{"index":"index","follow":"follow","max-snippet":"max-snippet:-1","max-image-preview":"max-image-preview:large","max-video-preview":"max-video-preview:-1"},"canonical":"https:\/\/www.start-discover.eu\/es\/get-started","og_locale":"es_ES","og_type":"article","og_title":"Get started - DiscoverEU","og_url":"https:\/\/www.start-discover.eu\/es\/get-started","og_site_name":"DiscoverEU","article_modified_time":"2026-01-02T15:25:19+00:00","og_image":[{"width":2560,"height":1440,"url":"https:\/\/www.start-discover.eu\/app\/uploads\/2024\/07\/DEU-logo-1-scaled.jpg","type":"image\/jpeg"}],"twitter_card":"summary_large_image","schema":{"@context":"https:\/\/schema.org","@graph":[{"@type":"WebPage","@id":"https:\/\/www.start-discover.eu\/es\/get-started","url":"https:\/\/www.start-discover.eu\/es\/get-started","name":"Get started - DiscoverEU","isPartOf":{"@id":"https:\/\/www.start-discover.eu\/es#website"},"datePublished":"2023-10-18T14:11:14+00:00","dateModified":"2026-01-02T15:25:19+00:00","breadcrumb":{"@id":"https:\/\/www.start-discover.eu\/es\/get-started#breadcrumb"},"inLanguage":"es-ES","potentialAction":[{"@type":"ReadAction","target":["https:\/\/www.start-discover.eu\/es\/get-started"]}]},{"@type":"BreadcrumbList","@id":"https:\/\/www.start-discover.eu\/es\/get-started#breadcrumb","itemListElement":[{"@type":"ListItem","position":1,"name":"Home","item":"https:\/\/www.start-discover.eu\/es"},{"@type":"ListItem","position":2,"name":"Get started"}]},{"@type":"WebSite","@id":"https:\/\/www.start-discover.eu\/es#website","url":"https:\/\/www.start-discover.eu\/es","name":"DiscoverEU","description":"","publisher":{"@id":"https:\/\/www.start-discover.eu\/es#organization"},"potentialAction":[{"@type":"SearchAction","target":{"@type":"EntryPoint","urlTemplate":"https:\/\/www.start-discover.eu\/es?s={search_term_string}"},"query-input":"required name=search_term_string"}],"inLanguage":"es-ES"},{"@type":"Organization","@id":"https:\/\/www.start-discover.eu\/es#organization","name":"DiscoverEU","url":"https:\/\/www.start-discover.eu\/es","logo":{"@type":"ImageObject","inLanguage":"es-ES","@id":"https:\/\/www.start-discover.eu\/es#\/schema\/logo\/image\/","url":"https:\/\/www.start-discover.eu\/app\/uploads\/2024\/07\/DEU-logo-696x696-1-scaled.jpg","contentUrl":"https:\/\/www.start-discover.eu\/app\/uploads\/2024\/07\/DEU-logo-696x696-1-scaled.jpg","width":2560,"height":2560,"caption":"DiscoverEU"},"image":{"@id":"https:\/\/www.start-discover.eu\/es#\/schema\/logo\/image\/"}}]}},"_links":{"self":[{"href":"https:\/\/www.start-discover.eu\/es\/wp-json\/wp\/v2\/pages\/1979"}],"collection":[{"href":"https:\/\/www.start-discover.eu\/es\/wp-json\/wp\/v2\/pages"}],"about":[{"href":"https:\/\/www.start-discover.eu\/es\/wp-json\/wp\/v2\/types\/page"}],"author":[{"embeddable":true,"href":"https:\/\/www.start-discover.eu\/es\/wp-json\/wp\/v2\/users\/10"}],"replies":[{"embeddable":true,"href":"https:\/\/www.start-discover.eu\/es\/wp-json\/wp\/v2\/comments?post=1979"}],"version-history":[{"count":6,"href":"https:\/\/www.start-discover.eu\/es\/wp-json\/wp\/v2\/pages\/1979\/revisions"}],"predecessor-version":[{"id":4840,"href":"https:\/\/www.start-discover.eu\/es\/wp-json\/wp\/v2\/pages\/1979\/revisions\/4840"}],"wp:attachment":[{"href":"https:\/\/www.start-discover.eu\/es\/wp-json\/wp\/v2\/media?parent=1979"}],"curies":[{"name":"wp","href":"https:\/\/api.w.org\/{rel}","templated":true}]}}