{"id":1866,"date":"2023-11-13T18:49:23","date_gmt":"2023-11-13T18:49:23","guid":{"rendered":"https:\/\/v2.start-discover.eu\/profile"},"modified":"2026-03-30T08:28:52","modified_gmt":"2026-03-30T08:28:52","slug":"profile","status":"publish","type":"page","link":"https:\/\/www.start-discover.eu\/es\/profile","title":{"rendered":"Profile"},"content":{"rendered":"","protected":false},"excerpt":{"rendered":"","protected":false},"author":2,"featured_media":0,"parent":0,"menu_order":0,"comment_status":"closed","ping_status":"closed","template":"","meta":{"footnotes":""},"acf":{"email":"<p>Hola {{firstname}}!<\/p>\r\n<p>Gracias por completar la encuesta #DiscoverEU.<\/p>\r\n<p>Tu Certificado de Participaci\u00f3n ya est\u00e1 disponible en tu perfil #DiscoverEU.<\/p>\r\n<p>Simplemente necesitas acceder al enlace de tu formulario de reserva, aquel que utilizaste para solicitar tu Pase #DiscoverEU (el enlace comienza con '<a href=\"http:\/\/registrations.start-discover.eu\/\">registrations.start-discover.eu<\/a>') y haz clic en el bot\u00f3n \u201cDescarga tu Certificado de Participaci\u00f3n #DiscoverEU\u201d.<\/p>\r\n<p>Esperamos que hayas creado recuerdos inolvidables!<\/p>\r\n<p>Te deseamos lo mejor.<\/p>\r\n<p>El equipo de Viajes de DiscoverEU.<\/p>","infobox":{"title":"Tu Certificado de Participaci\u00f3n est\u00e1 listo.","textual_content":"Puedes descargarlo haciendo clic en el bot\u00f3n de abajo.","button_label":"Descarga tu Certificado de Participaci\u00f3n #DiscoverEU."},"intro":{"title":{"hello_name":"Hola {{firstname}} *","welcome_on_your_discovereu_profile":"Bienvenido a tu perfil de DiscoverEU! *"},"this_page_gathers_all_the_information_necessary":"Esta p\u00e1gina recoge toda la informaci\u00f3n necesaria para tu viaje, as\u00ed como los datos y el estado de inscripci\u00f3n."},"status_created":{"it_looks_like_you_havent_filled_out_your_booking_form_yet":"Parece que a\u00fan no has rellenado el formulario de reserva.","dont_wait_too_long_created":"No esperes demasiado, \u00a1tienes hasta {{closing_date}} para completarlo!","go_to_the_booking_form":"Ir al formulario de reserva"},"requests_and_forms_section":{"visa_form_title":"Solicitud de visado:","refund_form_title":"Solicitud de reembolso:","visa_form_label":"Letra de invitaci\u00f3n y formulario de solicitud de seguro de viaje","refund_form_label":"Formulario de reembolso","visa_form_processing":"Tramitaci\u00f3n de la solicitud","refund_form_processing":"Tramitaci\u00f3n de la solicitud","visa_form_processed":"Solicitud tratada","refund_form_processed":"Solicitud tratada"},"status_initialized":{"it_looks_like_you_havent_finished_filled_out_your_booking_form_yet":"Parece que a\u00fan no has terminado de rellenar el formulario de reserva.","dont_wait_too_long_initialized":"No esperes demasiado, \u00a1tienes hasta {{closing_date}} para completarlo!","continue_to_complete_your_booking_form":"Seguir rellenando el formulario de reserva"},"status_pending":{"your_identity_documents_are_being_checked":"Se comprueban tus documentos de identidad","once_your_identity_has_been_verified":"Una vez verificada tu identidad, recibir\u00e1s una confirmaci\u00f3n autom\u00e1tica por correo electr\u00f3nico. El correo electr\u00f3nico tiene por asunto \"Your order is confirmed - here's what's next\" y se env\u00eda desde la direcci\u00f3n de correo electr\u00f3nico \"customerservice@interrail.eu\".","tip:_check_your_spam":"Consejo: comprueba tu correo no deseado","learn_more_about_verifying_my_documents":"M\u00e1s informaci\u00f3n sobre la verificaci\u00f3n de mis documentos","learn_more_about_verifying_my_documents_url":"https:\/\/discovereu-wave6.zendesk.com\/hc\/en-gb\/articles\/6066889353617-How-come-my-verification-has-been-declined-"},"status_declined_first_try":{"couldnt_verify_identity_documents":"Atenci\u00f3n: tu formulario de reserva a\u00fan no est\u00e1 cumplimentado","submitting_documents_a_second_time":"Los documentos que presentaste para verificar tu identidad no fueron aceptados. Puedes intentar presentarlos por segunda vez.","back_to_submission_step":"Volver al paso de presentaci\u00f3n","warning_can_only_submit_documents_twice":"Atenci\u00f3n: s\u00f3lo puedes presentar tus documentos dos veces."},"status_declined_second_try":{"identity_documents_could_not_be_verified_twice":"Atenci\u00f3n: tu formulario de reserva a\u00fan no est\u00e1 cumplimentado","not_accepted_for_the_second_time":"Los documentos que presentaste para verificar tu identidad no fueron aceptados por segunda vez. P\u00f3nte en contacto con nosotros para resolver este problema."},"status_success":{"flex_stnd":{"congratulations_your_reservation_is_completed_and_validated":"Enhorabuena, \u00a1tu formulario de reserva est\u00e1 cumplimentado y validado!","your_pass_is_available_in_your_email":"<p>Tu pase ha sido enviado a tu correo electr\u00f3nico. Si no lo ves, comprueba tu carpeta de correo no deseado. Si sigue sin aparecer, ponte en contacto con el Equipo de Viajes a trav\u00e9s de la p\u00e1gina Enviar una solicitud del <a href=\"https:\/\/discovereu-wave6.zendesk.com\/hc\/en-gb\/requests\/new\"><b>Centro de Ayuda<\/b><\/a>.<\/p>"},"flex_ovs":{"congratulations_your_reservation_is_completed_and_validated":"Enhorabuena, tu reserva ha sido completada y validada.  *","the_travel_team_will_contact_you_three_months_before_your_departure_date_to_book_your_flights":"Tu pase est\u00e1 disponible en tu correo electr\u00f3nico. Si no has recibido nada, comprueba tu correo no deseado. De lo contrario, no dudes en ponerte en contacto con el Equipo de Viajes a trav\u00e9s de la p\u00e1gina Enviar una solicitud del Centro de Ayuda. El equipo de viajes se pondr\u00e1 en contacto contigo tres meses antes de la fecha de salida para reservar tus vuelos."},"fix_stnd":{"congratulations_your_reservation_is_completed_and_validated":"Enhorabuena, tu reserva ha sido completada y validada. *","the_travel_team_will_contact_you_three_months_before_your_departure_date_to_book_your_fix_trip":"El equipo de viajes se pondr\u00e1 en contacto contigo tres meses antes de la fecha de salida para reservar tu viaje FIX. *"},"fix_ovs":{"congratulations_your_reservation_is_completed_and_validated":"Enhorabuena, tu reserva ha sido completada y validada. *","the_travel_team_will_contact_you_three_months_before_your_departure_date_to_book_your_flights":"El equipo de viajes se pondr\u00e1 en contacto contigo tres meses antes de la fecha de salida para reservar tu viaje FIX y tus billetes de avi\u00f3n. "}},"status_accessibility":{"booking_form_completed":"Tu formulario de reserva ha sido rellenado.","flex_pass_will_be_issued_only_if_you_have_any_accessibility_needs":"Deber\u00edas haber recibido un correo electr\u00f3nico sobre tus necesidades de accesibilidad. Responde al Equipo de Viajes a trav\u00e9s del formulario de contacto para que podamos emitir tu Pase DiscoverEU."},"discovereu_community_section":{"discovereu_community":"Comunidad DiscoverEU *","looking_to_make_the_most_of_your_exciting_journey":"<p>\u00bfQuieres aprovechar al m\u00e1ximo tu viaje emocionante para descubrir Europa?<\/p>\r\n<p>Este espacio de la Comunidad DiscoverEU est\u00e1 aqu\u00ed para que TU te re\u00fanas y conozcas gente nueva, discutas y compartas tus planes de viaje, hagas amigos y encuentras inspiraci\u00f3n para vivir al m\u00e1ximo tu viaje DiscoverEU.<\/p>","join_the_#discovereu_community_label":"\u00daNETE a la Comunidad #DiscoverEU. *","join_the_#discovereu_community_url":"https:\/\/discovereucommunity.interrail.eu\/","accessible_through_the_discovereu_travel_app":"*accesible a trav\u00e9s de la aplicaci\u00f3n DiscoverEU Travel o directamente utilizando los datos de tu cuenta de la aplicaci\u00f3n DiscoverEU Travel"},"european_youth_card_section":{"european_youth_card":"Carn\u00e9 Joven Europeo *","with_your_discovereu_pass_you_have_won_the_european_youth_card":"<p>Con tu pase DiscoverEU, \u00a1has ganado el Carn\u00e9 Joven Europeo!<\/p>\r\n<p>Gracias a ella podr\u00e1s tener descuentos en alojamiento, visitas, transporte local y mucho m\u00e1s. Est\u00e1 disponible en tu aplicaci\u00f3n DiscoverEU Travel, en la secci\u00f3n \"m\u00e1s\". *<\/p>"},"help_centre_articles_section":{"help_centre_articles":"Art\u00edculos del Centro de ayuda *","you_can_find_below_a_selection_of_articles":"A continuaci\u00f3n, encontrar\u00e1s una selecci\u00f3n de art\u00edculos que pueden ayudarte a empezar a preparar tu viaje DiscoverEU. *","flex_faq_links":{"how_to_get_started_with_your_interrail_mobile_pass":"\u00bfC\u00f3mo empezar con tu Pase M\u00f3vil Interrail?","how_to_get_started_with_your_interrail_mobile_pass_url":"https:\/\/discovereu-wave6.zendesk.com\/hc\/en-gb\/articles\/6066864956945-How-to-get-started-with-your-Interrail-Mobile-Pass-","what_are_10_things_you_should_know_about_the_interrail_pass":"\u00bfQu\u00e9 son las 10 cosas que deber\u00edas saber del Pase Interrail?","what_are_10_things_you_should_know_about_the_interrail_pass_url":"https:\/\/discovereu-wave6.zendesk.com\/hc\/en-gb\/articles\/11909290422673-What-are-10-things-you-should-know-about-the-Interrail-Pass-"}},"all_travellers_faq_links":{"travel_tips":"Consejos de viaje","travel_tips_url":"https:\/\/discovereu-wave6.zendesk.com\/hc\/en-gb\/categories\/5768672491409-Travel-Tips","how_can_i_save_money_while_travelling":"\u00bfC\u00f3mo puedo ahorrar dinero viajando?","how_can_i_save_money_while_travelling_url":"https:\/\/discovereu-wave6.zendesk.com\/hc\/en-gb\/articles\/6066862630929-How-can-I-save-money-while-travelling-","how_to_connect_with_other_discovereu_travellers":"\u00bfC\u00f3mo conectarse con otros viajeros de DiscoverEU?","how_to_connect_with_other_discovereu_travellers_url":"https:\/\/discovereu-wave6.zendesk.com\/hc\/en-gb\/articles\/6066910634513-How-to-connect-with-other-DiscoverEU-travellers-","what_is_the_discovereu_european_youth_card":"\u00bfQu\u00e9 es el Carn\u00e9 Joven Europeo?","what_is_the_discovereu_european_youth_card_url":"https:\/\/discovereu-wave6.zendesk.com\/hc\/en-gb\/articles\/6066928796689-What-is-the-DiscoverEU-European-Youth-Card-"},"contact_us":"P\u00f3nte en contacto con nosotros","contact_us_url":"https:\/\/discovereu-wave6.zendesk.com\/hc\/en-gb\/requests\/new","login_items":{"email":"Correo electr\u00f3nico","password":"Contrase\u00f1a","forgotten_password":"\u00bfHas olvidado tu contrase\u00f1a?","modify_password_label":"Modificar contrase\u00f1a","login_label":"Inicio de sesi\u00f3n","log_out_label":"Etiqueta de desconexi\u00f3n","new_password":"Nueva contrase\u00f1a","confirm_password":"Confirmar contrase\u00f1a","back_to_login":"Volver a la p\u00e1gina de inicio de sesi\u00f3n","send_link":"Enviar el enlace","your_are_not_firstname":"\u00bfNo eres {{firstname}}?"},"login_content":{"first_password_change":"Por razones de seguridad, te rogamos que cambies la contrase\u00f1a inicial.","email_for_password_modify":"Introduce la direcci\u00f3n de correo electr\u00f3nico que utilizas para iniciar sesi\u00f3n y te enviaremos un enlace para restablecer tu contrase\u00f1a.","strong_password_choice":"Elije una contrase\u00f1a segura.","password_combination_instruction":"Elije una combinaci\u00f3n de letras, n\u00fameros y caracteres especiales.","change_your_password":"Cambia tu contrase\u00f1a","update_your_password":"Actualiza tu contrase\u00f1a","sign_in_with_password":"Iniciar sesi\u00f3n con contrase\u00f1a"},"toasts_content":{"please_enter_a_valid_email_address":"Introduce una direcci\u00f3n de correo electr\u00f3nico v\u00e1lida","please_enter_your_email_address":"Introduce tu direcci\u00f3n de correo electr\u00f3nico","please_enter_your_password":"Introduce tu contrase\u00f1a","please_enter_your_new_password":"Introduce tu nueva contrase\u00f1a","redirecting_you_to_the_app":"Redirigi\u00e9ndote a la aplicaci\u00f3n...","something_went_wrong":"Algo sali\u00f3 mal...","oops":"Ups...","sign_in":"Iniciar sesi\u00f3n","password_updated":"Contrase\u00f1a actualizada","password_reset":"Restablecer contrase\u00f1a","sent_email_with_link_to_reset_password":"Te hemos enviado un correo electr\u00f3nico con un enlace para restablecer tu contrase\u00f1a, puedes cerrar esta ventana","password_6_characters":"La contrase\u00f1a debe contener al menos 6 caracteres","password_characters_format":"La contrase\u00f1a debe contener al menos una letra, un n\u00famero y un car\u00e1cter especial."},"do_you_have_questions_about_your_reservation":"\u00bfTienes preguntas sobre tu reserva? *","identity_verification_status":"Estado de la verificaci\u00f3n de identidad *","if_your_status_is_not_verified_be_sure_to_contact_the_travel_team_through_the_help_center":"<p>Si tu estado no es <strong>Verified<\/strong>, aseg\u00farate de ponerte en contacto con el Equipo de Viajes a trav\u00e9s del Centro de Ayuda.<\/p>","reservation_status":"Estado de la reserva*","if_your_status_is_not_booked_it_means_there_was_a_problem_with_your_identity_verification_or_there_is_an_error_with_your_reservation_be_sure_to_contact_the_travel_team_via_the_center_help":"<p>Si tu estado no es <strong>Booked<\/strong>, significa que hubo un problema con la verificaci\u00f3n de tu identidad o que hay un error con tu reserva, aseg\u00farate de ponerte en contacto con el Equipo de Viajes a trav\u00e9s del Centro de Ayuda.<\/p>","fix_booking_status":"Estado de la reserva FIX *","if_your_status_is_not_registered_it_means_there_was_a_problem_with_your_identity_verification_or_there_is_an_error_with_your_reservation_be_sure_to_contact_the_travel_team_via_the_center_help":"<p>Si tu estado no es <strong>Registered<\/strong>, significa que hubo un problema con la verificaci\u00f3n de tu identidad o que hay un error con tu reserva, aseg\u00farate de ponerte en contacto con el Equipo de Viajes a trav\u00e9s del Centro de Ayuda. *<\/p>","discovereu_travel_app_account_2":"Cuenta de la aplicaci\u00f3n DiscoverEU Travel ","interrail_pass_2":"Pase DiscoverEU","identification":{"your_informations":"Tus informaciones ","personal_data":"Datos personales ","first_name":"Nombre ","last_name":"Apellido ","date_of_birth":"Fecha de nacimiento ","email":"Correo electr\u00f3nico ","ticket_type":"Tipo de billete ","document_country":"Pa\u00eds del documento ","statuses":"Estados ","document_verification":"Verificaci\u00f3n de los documentos ","booking_status":"Situaci\u00f3n de la reserva ","discovereu_travel_app_account":"Cuenta de la aplicaci\u00f3n DiscoverEU Travel ","interrail_pass":"Pase DiscoverEU"}},"yoast_head":"<!-- This site is optimized with the Yoast SEO plugin v21.9.1 - https:\/\/yoast.com\/wordpress\/plugins\/seo\/ -->\n<title>Profile - DiscoverEU<\/title>\n<meta name=\"robots\" content=\"index, follow, max-snippet:-1, max-image-preview:large, max-video-preview:-1\" \/>\n<link rel=\"canonical\" href=\"https:\/\/www.start-discover.eu\/es\/profile\" \/>\n<meta property=\"og:locale\" content=\"es_ES\" \/>\n<meta property=\"og:type\" content=\"article\" \/>\n<meta property=\"og:title\" content=\"Profile - DiscoverEU\" \/>\n<meta property=\"og:url\" content=\"https:\/\/www.start-discover.eu\/es\/profile\" \/>\n<meta property=\"og:site_name\" content=\"DiscoverEU\" \/>\n<meta property=\"article:modified_time\" content=\"2026-03-30T08:28:52+00:00\" \/>\n<meta property=\"og:image\" content=\"https:\/\/www.start-discover.eu\/app\/uploads\/2024\/07\/DEU-logo-1-scaled.jpg\" \/>\n\t<meta property=\"og:image:width\" content=\"2560\" \/>\n\t<meta property=\"og:image:height\" content=\"1440\" \/>\n\t<meta property=\"og:image:type\" content=\"image\/jpeg\" \/>\n<meta name=\"twitter:card\" content=\"summary_large_image\" \/>\n<script type=\"application\/ld+json\" class=\"yoast-schema-graph\">{\"@context\":\"https:\/\/schema.org\",\"@graph\":[{\"@type\":\"WebPage\",\"@id\":\"https:\/\/www.start-discover.eu\/es\/profile\",\"url\":\"https:\/\/www.start-discover.eu\/es\/profile\",\"name\":\"Profile - DiscoverEU\",\"isPartOf\":{\"@id\":\"https:\/\/www.start-discover.eu\/es#website\"},\"datePublished\":\"2023-11-13T18:49:23+00:00\",\"dateModified\":\"2026-03-30T08:28:52+00:00\",\"breadcrumb\":{\"@id\":\"https:\/\/www.start-discover.eu\/es\/profile#breadcrumb\"},\"inLanguage\":\"es-ES\",\"potentialAction\":[{\"@type\":\"ReadAction\",\"target\":[\"https:\/\/www.start-discover.eu\/es\/profile\"]}]},{\"@type\":\"BreadcrumbList\",\"@id\":\"https:\/\/www.start-discover.eu\/es\/profile#breadcrumb\",\"itemListElement\":[{\"@type\":\"ListItem\",\"position\":1,\"name\":\"Home\",\"item\":\"https:\/\/www.start-discover.eu\/es\"},{\"@type\":\"ListItem\",\"position\":2,\"name\":\"Profile\"}]},{\"@type\":\"WebSite\",\"@id\":\"https:\/\/www.start-discover.eu\/es#website\",\"url\":\"https:\/\/www.start-discover.eu\/es\",\"name\":\"DiscoverEU\",\"description\":\"\",\"publisher\":{\"@id\":\"https:\/\/www.start-discover.eu\/es#organization\"},\"potentialAction\":[{\"@type\":\"SearchAction\",\"target\":{\"@type\":\"EntryPoint\",\"urlTemplate\":\"https:\/\/www.start-discover.eu\/es?s={search_term_string}\"},\"query-input\":\"required name=search_term_string\"}],\"inLanguage\":\"es-ES\"},{\"@type\":\"Organization\",\"@id\":\"https:\/\/www.start-discover.eu\/es#organization\",\"name\":\"DiscoverEU\",\"url\":\"https:\/\/www.start-discover.eu\/es\",\"logo\":{\"@type\":\"ImageObject\",\"inLanguage\":\"es-ES\",\"@id\":\"https:\/\/www.start-discover.eu\/es#\/schema\/logo\/image\/\",\"url\":\"https:\/\/www.start-discover.eu\/app\/uploads\/2024\/07\/DEU-logo-696x696-1-scaled.jpg\",\"contentUrl\":\"https:\/\/www.start-discover.eu\/app\/uploads\/2024\/07\/DEU-logo-696x696-1-scaled.jpg\",\"width\":2560,\"height\":2560,\"caption\":\"DiscoverEU\"},\"image\":{\"@id\":\"https:\/\/www.start-discover.eu\/es#\/schema\/logo\/image\/\"}}]}<\/script>\n<!-- \/ Yoast SEO plugin. -->","yoast_head_json":{"title":"Profile - DiscoverEU","robots":{"index":"index","follow":"follow","max-snippet":"max-snippet:-1","max-image-preview":"max-image-preview:large","max-video-preview":"max-video-preview:-1"},"canonical":"https:\/\/www.start-discover.eu\/es\/profile","og_locale":"es_ES","og_type":"article","og_title":"Profile - DiscoverEU","og_url":"https:\/\/www.start-discover.eu\/es\/profile","og_site_name":"DiscoverEU","article_modified_time":"2026-03-30T08:28:52+00:00","og_image":[{"width":2560,"height":1440,"url":"https:\/\/www.start-discover.eu\/app\/uploads\/2024\/07\/DEU-logo-1-scaled.jpg","type":"image\/jpeg"}],"twitter_card":"summary_large_image","schema":{"@context":"https:\/\/schema.org","@graph":[{"@type":"WebPage","@id":"https:\/\/www.start-discover.eu\/es\/profile","url":"https:\/\/www.start-discover.eu\/es\/profile","name":"Profile - DiscoverEU","isPartOf":{"@id":"https:\/\/www.start-discover.eu\/es#website"},"datePublished":"2023-11-13T18:49:23+00:00","dateModified":"2026-03-30T08:28:52+00:00","breadcrumb":{"@id":"https:\/\/www.start-discover.eu\/es\/profile#breadcrumb"},"inLanguage":"es-ES","potentialAction":[{"@type":"ReadAction","target":["https:\/\/www.start-discover.eu\/es\/profile"]}]},{"@type":"BreadcrumbList","@id":"https:\/\/www.start-discover.eu\/es\/profile#breadcrumb","itemListElement":[{"@type":"ListItem","position":1,"name":"Home","item":"https:\/\/www.start-discover.eu\/es"},{"@type":"ListItem","position":2,"name":"Profile"}]},{"@type":"WebSite","@id":"https:\/\/www.start-discover.eu\/es#website","url":"https:\/\/www.start-discover.eu\/es","name":"DiscoverEU","description":"","publisher":{"@id":"https:\/\/www.start-discover.eu\/es#organization"},"potentialAction":[{"@type":"SearchAction","target":{"@type":"EntryPoint","urlTemplate":"https:\/\/www.start-discover.eu\/es?s={search_term_string}"},"query-input":"required name=search_term_string"}],"inLanguage":"es-ES"},{"@type":"Organization","@id":"https:\/\/www.start-discover.eu\/es#organization","name":"DiscoverEU","url":"https:\/\/www.start-discover.eu\/es","logo":{"@type":"ImageObject","inLanguage":"es-ES","@id":"https:\/\/www.start-discover.eu\/es#\/schema\/logo\/image\/","url":"https:\/\/www.start-discover.eu\/app\/uploads\/2024\/07\/DEU-logo-696x696-1-scaled.jpg","contentUrl":"https:\/\/www.start-discover.eu\/app\/uploads\/2024\/07\/DEU-logo-696x696-1-scaled.jpg","width":2560,"height":2560,"caption":"DiscoverEU"},"image":{"@id":"https:\/\/www.start-discover.eu\/es#\/schema\/logo\/image\/"}}]}},"_links":{"self":[{"href":"https:\/\/www.start-discover.eu\/es\/wp-json\/wp\/v2\/pages\/1866"}],"collection":[{"href":"https:\/\/www.start-discover.eu\/es\/wp-json\/wp\/v2\/pages"}],"about":[{"href":"https:\/\/www.start-discover.eu\/es\/wp-json\/wp\/v2\/types\/page"}],"author":[{"embeddable":true,"href":"https:\/\/www.start-discover.eu\/es\/wp-json\/wp\/v2\/users\/2"}],"replies":[{"embeddable":true,"href":"https:\/\/www.start-discover.eu\/es\/wp-json\/wp\/v2\/comments?post=1866"}],"version-history":[{"count":11,"href":"https:\/\/www.start-discover.eu\/es\/wp-json\/wp\/v2\/pages\/1866\/revisions"}],"predecessor-version":[{"id":5538,"href":"https:\/\/www.start-discover.eu\/es\/wp-json\/wp\/v2\/pages\/1866\/revisions\/5538"}],"wp:attachment":[{"href":"https:\/\/www.start-discover.eu\/es\/wp-json\/wp\/v2\/media?parent=1866"}],"curies":[{"name":"wp","href":"https:\/\/api.w.org\/{rel}","templated":true}]}}