{"id":1945,"date":"2023-10-18T14:11:14","date_gmt":"2023-10-18T14:11:14","guid":{"rendered":"https:\/\/v2.start-discover.eu\/get-started"},"modified":"2026-01-02T15:08:49","modified_gmt":"2026-01-02T15:08:49","slug":"get-started","status":"publish","type":"page","link":"https:\/\/www.start-discover.eu\/de\/get-started","title":{"rendered":"Get started"},"content":{"rendered":"","protected":false},"excerpt":{"rendered":"","protected":false},"author":10,"featured_media":0,"parent":0,"menu_order":0,"comment_status":"closed","ping_status":"closed","template":"","meta":{"footnotes":""},"acf":{"description":"<h1>Was sind die einzelnen Schritte des <span style=\"color: #f0679b;\">Buchungsprozesses<\/span>?<\/h1>\r\n<p>Nachdem du dein Buchungsformular abgeschickt hast, werden wir ein Konto f\u00fcr dich anlegen. Alle Details dazu erh\u00e4ltst du per E-Mail. Mit dem Konto erh\u00e4ltst du Zugang zur DiscoverEU Travel App, in der du Zugstrecken und -zeiten abrufen kannst, um deine Reise zu planen, auf deine DiscoverEU European Youth Card zugreifen kannst, um von Tausenden von Rabatten in ganz Europa zu profitieren, und der DiscoverEU Community beitreten kannst, um deine Erfahrungen mit anderen Reisenden zu teilen. Du findest deinen DiscoverEU-Pass direkt in der App.<\/p>","steps_process":[{"title":"Zugang zu deinem Buchungsformular","description":"<p>Greife auf deinen pers\u00f6nlichen Buchungslink zu (gesendet an dich \u00fcber <strong>hello@start-discover.eu<\/strong>)<\/p>"},{"title":"\u00dcberpr\u00fcfe deine Identit\u00e4t","description":"<p>Im Rahmen des Buchungsformulars wirst du aufgefordert, deine Identit\u00e4t zu best\u00e4tigen.<\/p>"},{"title":"Sende dein Buchungsformular ab","description":"<p>Sobald du fertig bist, f\u00fclle das Buchungsformular aus und sende es ab.<\/p>"}],"title_start_process":"Wie beginne ich den Buchungsprozess?","image_start_process":1946,"description_start_process":"<p><strong>Du erh\u00e4ltst eine E-Mail-Einladung mit einem Link zu deinem pers\u00f6nlichen Buchungsformular.<\/strong><\/p>\r\n<p>Um die Reisebuchung abzuschlie\u00dfen, musst du ein paar Dinge vorbereiten. Das Wichtigste ist, dass du einen Personalausweis oder Reisepass bereith\u00e4ltst, um deine Identit\u00e4t zu best\u00e4tigen.<\/p>\r\n<div>\r\n<p>Beim Ausf\u00fcllen deines Buchungsformulars sind bestimmte Informationen bereits vorausgef\u00fcllt, basierend auf den Daten, die wir aus deinem Identit\u00e4tspr\u00fcfungsprozess erhalten haben. Die vorausgef\u00fcllten Informationen umfassen:<\/p>\r\n<ul>\r\n\t<li>E-Mail-Adresse<\/li>\r\n\t<li>Antragscode<\/li>\r\n\t<li>Vorname<\/li>\r\n\t<li>Nachname<\/li>\r\n\t<li>Geburtsdatum<\/li>\r\n\t<li>Ausstellungsland des Ausweises\/Reisepasses<\/li>\r\n<\/ul>\r\n<\/div>\r\n<p><strong>Weitere, detaillierte Informationen?<\/strong><br \/>\r\nSchau im Help Center nach, wo du Antworten auf die am h\u00e4ufigsten gestellten Fragen findest.<\/p>","link_start_process":{"title":"Help Center ansehen","url":"https:\/\/help.start-discover.eu\/","target":"_blank"},"title":"Alles, was du \u00fcber den DiscoverEU-Pass wissen musst","flexible_travel":{"title_flexible":"-","sub_title":"DiscoverEU-Interrail-Pass","paragraph":"Reise, wo immer du willst, volle Flexibilit\u00e4t\r\n","flexible_option":[{"icon":2106,"title":"Reise ohne vorgegebene Daten und Ziele","paragraph":"<p>Best\u00e4tige deinen mobilen Interrail-Pass und vervollst\u00e4ndige deine Recherche sp\u00e4ter. Du kannst deinen mobilen Pass in der DiscoverEU Travel App verwenden. Du kannst deinen Pass bis zum Tag deines Reiseantritts aktivieren. Plane w\u00e4hrend deiner Reise nach Lust und Laune, \u00e4ndere die Richtung und lass die Reise ihren eigenen Lauf nehmen.<\/p>","important":false},{"icon":2108,"title":"Reise mit dem Zug an 7 Tagen innerhalb eines Zeitraums von einem Monat","paragraph":"<p>Du kannst den Pass an 7 Tagen deiner Wahl innerhalb eines festgelegten Zeitraums von 1 Monat nutzen. Reise an aufeinander folgenden Tagen oder verteile sie \u00fcber den Monat. Du kannst alles direkt \u00fcber die DiscoverEU Travel App organisieren.<\/p>","important":false},{"icon":536,"title":"Allein\/e oder in einer Gruppe reisen","paragraph":"<p>Du kannst selbst entscheiden, ob du allein\/e oder in einer Gruppe reist. Du kannst ausw\u00e4hlen, mit wem du reist, wenn du dich bei DiscoverEU anmeldest, und diese Entscheidung w\u00e4hrend deiner Reise \u00e4ndern. Wenn du in einer Gruppe reist, hat jedes Gruppenmitglied seinen eigenen Pass.<\/p>","important":false},{"icon":480,"title":"Reisen im Wohnsitzland","paragraph":"<p>Dein Pass kann nur f\u00fcr zwei bestimmte Fahrten in deinem Wohnsitzland verwendet werden (als Hin- und R\u00fcckfahrt bezeichnet). Du kannst von jedem Ort in deinem Wohnsitzland zur Grenze oder zu einem Flughafen oder Hafen reisen, du kannst mit mehr als einem Zug reisen, vorausgesetzt, die Reisen finden am selben Tag statt.<\/p>","important":false},{"icon":452,"title":"Reise in deinem eigenen Tempo","paragraph":"<p>Mit dem Mobile Pass kannst du dich l\u00e4nger in einer Stadt aufhalten oder fr\u00fcher als geplant abreisen. Kommt es auf deiner Reise zu einer St\u00f6rung, z. B. durch einen versp\u00e4teten oder ausgefallenen Zug? Du kannst den n\u00e4chsten Zug nehmen oder deine Route \u00e4ndern.<\/p>","important":false},{"icon":592,"title":"Wichtig zu wissen","paragraph":"<p>Bevor du in einen Zug, Bus oder ein Schiff einsteigst, musst du jede Reise in der DiscoverEU Travel App unter dem Abschnitt \"Meine Reise\" aufzeichnen und zu deinem mobilen Interrail-Pass hinzuf\u00fcgen. In einigen Fernverkehrsz\u00fcgen musst du eine zus\u00e4tzliche Sitzplatzreservierung vornehmen.<\/p>","important":true}]},"fixed_travel":{"title":"Fixe Reiseoption","sub_title":"Punkt-zu-Punkt-Tickets","paragraph":"Fixe und festgelegte Option, deine Reiseroute kann nicht ge\u00e4ndert werden.","fixed_option":[{"icon":2107,"title":"Reise nach voreingestellten Zielen","paragraph":"<p>Informiere dich und plane deine Reise, bevor du deine Fahrkarten best\u00e4tigst. Deine Reiseroute wird mit Punkt-zu-Punkt-Tickets gebucht und kann nicht mehr ge\u00e4ndert werden.<\/p>","important":false},{"icon":2109,"title":"Reise nach einer festen Planung","paragraph":"<p>Du wei\u00dft, wann du reisen willst. Du hast deine Daten bereit, hast eine feste Reiseroute und bist bereit, dich auf ein bestimmtes Datum und einen bestimmten Zug festzulegen.<\/p>","important":false},{"icon":564,"title":"In Gruppe reisen","paragraph":"<p>Nur diejenigen, die als Gruppe ausgezeichnet wurden, k\u00f6nnen in der Gruppe reisen. Damit du in einer Gruppe reisen kannst, m\u00fcssen alle Personen in der Gruppe das Reisebuchungsformular ausf\u00fcllen.<\/p>","important":false},{"icon":480,"title":"Reisen im Wohnsitzland","paragraph":"<p>Deine Hin- und R\u00fcckreise wird als Punkt-zu-Punkt-Ticket gebucht. Du kannst mit mehr als einem Zug reisen, vorausgesetzt, dein erstes Ziel liegt im Ausland.<\/p>","important":false},{"icon":508,"title":"\u00c4nderungen der Reise","paragraph":"<p>Die Fahrkarten werden nur f\u00fcr bestimmte Z\u00fcge gebucht, keine \u00c4nderung des Reiseplans ist m\u00f6glich. Die Europ\u00e4ische Kommission \u00fcbernimmt keine Zuschl\u00e4ge f\u00fcr \u00c4nderungen, neue Buchungen oder andere Kosten, die w\u00e4hrend der Reise anfallen.<\/p>","important":false},{"icon":592,"title":"Wichtig zu wissen","paragraph":"<p>Punkt-zu-Punkt-Reisen sind auf Z\u00fcge beschr\u00e4nkt, bei denen eine Online-Buchung von Fahrkarten m\u00f6glich ist. Bei Annullierungen oder Versp\u00e4tungen sollten sich die Reisenden direkt an das Verkehrsunternehmen wenden. Weitere Informationen \u00fcber die EU-Fahrgastrechte findest du hier.<\/p>","important":true}]},"link_travel_option":{"title":"Zum Help Center bringen","url":"https:\/\/help.start-discover.eu\/","target":"_blank"}},"yoast_head":"<!-- This site is optimized with the Yoast SEO plugin v21.9.1 - https:\/\/yoast.com\/wordpress\/plugins\/seo\/ -->\n<title>Get started - DiscoverEU<\/title>\n<meta name=\"robots\" content=\"index, follow, max-snippet:-1, max-image-preview:large, max-video-preview:-1\" \/>\n<link rel=\"canonical\" href=\"https:\/\/www.start-discover.eu\/de\/get-started\" \/>\n<meta property=\"og:locale\" content=\"de_DE\" \/>\n<meta property=\"og:type\" content=\"article\" \/>\n<meta property=\"og:title\" content=\"Get started - DiscoverEU\" \/>\n<meta property=\"og:url\" content=\"https:\/\/www.start-discover.eu\/de\/get-started\" \/>\n<meta property=\"og:site_name\" content=\"DiscoverEU\" \/>\n<meta property=\"article:modified_time\" content=\"2026-01-02T15:08:49+00:00\" \/>\n<meta property=\"og:image\" content=\"https:\/\/www.start-discover.eu\/app\/uploads\/2024\/07\/DEU-logo-1-scaled.jpg\" \/>\n\t<meta property=\"og:image:width\" content=\"2560\" \/>\n\t<meta property=\"og:image:height\" content=\"1440\" \/>\n\t<meta property=\"og:image:type\" content=\"image\/jpeg\" \/>\n<meta name=\"twitter:card\" content=\"summary_large_image\" \/>\n<script type=\"application\/ld+json\" class=\"yoast-schema-graph\">{\"@context\":\"https:\/\/schema.org\",\"@graph\":[{\"@type\":\"WebPage\",\"@id\":\"https:\/\/www.start-discover.eu\/de\/get-started\",\"url\":\"https:\/\/www.start-discover.eu\/de\/get-started\",\"name\":\"Get started - DiscoverEU\",\"isPartOf\":{\"@id\":\"https:\/\/www.start-discover.eu\/de#website\"},\"datePublished\":\"2023-10-18T14:11:14+00:00\",\"dateModified\":\"2026-01-02T15:08:49+00:00\",\"breadcrumb\":{\"@id\":\"https:\/\/www.start-discover.eu\/de\/get-started#breadcrumb\"},\"inLanguage\":\"de-DE\",\"potentialAction\":[{\"@type\":\"ReadAction\",\"target\":[\"https:\/\/www.start-discover.eu\/de\/get-started\"]}]},{\"@type\":\"BreadcrumbList\",\"@id\":\"https:\/\/www.start-discover.eu\/de\/get-started#breadcrumb\",\"itemListElement\":[{\"@type\":\"ListItem\",\"position\":1,\"name\":\"Home\",\"item\":\"https:\/\/www.start-discover.eu\/de\"},{\"@type\":\"ListItem\",\"position\":2,\"name\":\"Get started\"}]},{\"@type\":\"WebSite\",\"@id\":\"https:\/\/www.start-discover.eu\/de#website\",\"url\":\"https:\/\/www.start-discover.eu\/de\",\"name\":\"DiscoverEU\",\"description\":\"\",\"publisher\":{\"@id\":\"https:\/\/www.start-discover.eu\/de#organization\"},\"potentialAction\":[{\"@type\":\"SearchAction\",\"target\":{\"@type\":\"EntryPoint\",\"urlTemplate\":\"https:\/\/www.start-discover.eu\/de?s={search_term_string}\"},\"query-input\":\"required name=search_term_string\"}],\"inLanguage\":\"de-DE\"},{\"@type\":\"Organization\",\"@id\":\"https:\/\/www.start-discover.eu\/de#organization\",\"name\":\"DiscoverEU\",\"url\":\"https:\/\/www.start-discover.eu\/de\",\"logo\":{\"@type\":\"ImageObject\",\"inLanguage\":\"de-DE\",\"@id\":\"https:\/\/www.start-discover.eu\/de#\/schema\/logo\/image\/\",\"url\":\"https:\/\/www.start-discover.eu\/app\/uploads\/2024\/07\/DEU-logo-696x696-1-scaled.jpg\",\"contentUrl\":\"https:\/\/www.start-discover.eu\/app\/uploads\/2024\/07\/DEU-logo-696x696-1-scaled.jpg\",\"width\":2560,\"height\":2560,\"caption\":\"DiscoverEU\"},\"image\":{\"@id\":\"https:\/\/www.start-discover.eu\/de#\/schema\/logo\/image\/\"}}]}<\/script>\n<!-- \/ Yoast SEO plugin. -->","yoast_head_json":{"title":"Get started - DiscoverEU","robots":{"index":"index","follow":"follow","max-snippet":"max-snippet:-1","max-image-preview":"max-image-preview:large","max-video-preview":"max-video-preview:-1"},"canonical":"https:\/\/www.start-discover.eu\/de\/get-started","og_locale":"de_DE","og_type":"article","og_title":"Get started - DiscoverEU","og_url":"https:\/\/www.start-discover.eu\/de\/get-started","og_site_name":"DiscoverEU","article_modified_time":"2026-01-02T15:08:49+00:00","og_image":[{"width":2560,"height":1440,"url":"https:\/\/www.start-discover.eu\/app\/uploads\/2024\/07\/DEU-logo-1-scaled.jpg","type":"image\/jpeg"}],"twitter_card":"summary_large_image","schema":{"@context":"https:\/\/schema.org","@graph":[{"@type":"WebPage","@id":"https:\/\/www.start-discover.eu\/de\/get-started","url":"https:\/\/www.start-discover.eu\/de\/get-started","name":"Get started - DiscoverEU","isPartOf":{"@id":"https:\/\/www.start-discover.eu\/de#website"},"datePublished":"2023-10-18T14:11:14+00:00","dateModified":"2026-01-02T15:08:49+00:00","breadcrumb":{"@id":"https:\/\/www.start-discover.eu\/de\/get-started#breadcrumb"},"inLanguage":"de-DE","potentialAction":[{"@type":"ReadAction","target":["https:\/\/www.start-discover.eu\/de\/get-started"]}]},{"@type":"BreadcrumbList","@id":"https:\/\/www.start-discover.eu\/de\/get-started#breadcrumb","itemListElement":[{"@type":"ListItem","position":1,"name":"Home","item":"https:\/\/www.start-discover.eu\/de"},{"@type":"ListItem","position":2,"name":"Get started"}]},{"@type":"WebSite","@id":"https:\/\/www.start-discover.eu\/de#website","url":"https:\/\/www.start-discover.eu\/de","name":"DiscoverEU","description":"","publisher":{"@id":"https:\/\/www.start-discover.eu\/de#organization"},"potentialAction":[{"@type":"SearchAction","target":{"@type":"EntryPoint","urlTemplate":"https:\/\/www.start-discover.eu\/de?s={search_term_string}"},"query-input":"required name=search_term_string"}],"inLanguage":"de-DE"},{"@type":"Organization","@id":"https:\/\/www.start-discover.eu\/de#organization","name":"DiscoverEU","url":"https:\/\/www.start-discover.eu\/de","logo":{"@type":"ImageObject","inLanguage":"de-DE","@id":"https:\/\/www.start-discover.eu\/de#\/schema\/logo\/image\/","url":"https:\/\/www.start-discover.eu\/app\/uploads\/2024\/07\/DEU-logo-696x696-1-scaled.jpg","contentUrl":"https:\/\/www.start-discover.eu\/app\/uploads\/2024\/07\/DEU-logo-696x696-1-scaled.jpg","width":2560,"height":2560,"caption":"DiscoverEU"},"image":{"@id":"https:\/\/www.start-discover.eu\/de#\/schema\/logo\/image\/"}}]}},"_links":{"self":[{"href":"https:\/\/www.start-discover.eu\/de\/wp-json\/wp\/v2\/pages\/1945"}],"collection":[{"href":"https:\/\/www.start-discover.eu\/de\/wp-json\/wp\/v2\/pages"}],"about":[{"href":"https:\/\/www.start-discover.eu\/de\/wp-json\/wp\/v2\/types\/page"}],"author":[{"embeddable":true,"href":"https:\/\/www.start-discover.eu\/de\/wp-json\/wp\/v2\/users\/10"}],"replies":[{"embeddable":true,"href":"https:\/\/www.start-discover.eu\/de\/wp-json\/wp\/v2\/comments?post=1945"}],"version-history":[{"count":11,"href":"https:\/\/www.start-discover.eu\/de\/wp-json\/wp\/v2\/pages\/1945\/revisions"}],"predecessor-version":[{"id":4823,"href":"https:\/\/www.start-discover.eu\/de\/wp-json\/wp\/v2\/pages\/1945\/revisions\/4823"}],"wp:attachment":[{"href":"https:\/\/www.start-discover.eu\/de\/wp-json\/wp\/v2\/media?parent=1945"}],"curies":[{"name":"wp","href":"https:\/\/api.w.org\/{rel}","templated":true}]}}