{"id":1849,"date":"2023-11-13T18:49:23","date_gmt":"2023-11-13T18:49:23","guid":{"rendered":"https:\/\/v2.start-discover.eu\/profile"},"modified":"2026-03-30T08:18:58","modified_gmt":"2026-03-30T08:18:58","slug":"profile","status":"publish","type":"page","link":"https:\/\/www.start-discover.eu\/de\/profile","title":{"rendered":"Profile"},"content":{"rendered":"","protected":false},"excerpt":{"rendered":"","protected":false},"author":2,"featured_media":0,"parent":0,"menu_order":0,"comment_status":"closed","ping_status":"closed","template":"","meta":{"footnotes":""},"acf":{"email":"<p>Hallo {{firstname}},<\/p>\r\n<p>Vielen Dank, dass du die #DiscoverEU-Umfrage ausgef\u00fcllt hast.<\/p>\r\n<p>Deine Teilnahmebescheinigung ist jetzt in deinem #DiscoverEU-Profil verf\u00fcgbar.<\/p>\r\n<p>Du musst nur den Link zum Buchungsformular aufrufen, den du verwendet hast, um deinen #DiscoverEU Pass anzufordern (der Link beginnt mit '<a href=\"http:\/\/registrations.start-discover.eu\/\">registrations.start-discover.eu<\/a>') und auf den Button \u201cLade dein #DiscoverEU Teilnahmezertifikat herunter\u201d klicken.<\/p>\r\n<p>Wir hoffen, dass du unvergessliche Erinnerungen geschaffen hast!<\/p>\r\n<p>Wir w\u00fcnschen dir alles Gute.<\/p>\r\n<p>Das DiscoverEU Reiseteam<\/p>","infobox":{"title":"Deine Teilnahmebescheinigung ist fertig.","textual_content":"Du kannst dich herunterladen, indem du auf den untenstehenden Button klicken.","button_label":"Lade dein #DiscoverEU Teilnahmezertifikat herunter."},"intro":{"title":{"hello_name":"Hallo {{firstname}}","welcome_on_your_discovereu_profile":"Willkommen auf deinem DiscoverEU-Profil!"},"this_page_gathers_all_the_information_necessary":"Diese Seite sammelt alle Informationen, die du f\u00fcr deine Reise brauchst, sowie die Daten und den Anmeldestatus."},"status_created":{"it_looks_like_you_havent_filled_out_your_booking_form_yet":"Es sieht so aus, als h\u00e4ttest du dein Buchungsformular noch nicht ausgef\u00fcllt","dont_wait_too_long_created":"Warte nicht zu lange, du hast bis zum {{closing_date}} Zeit, es auszuf\u00fcllen!","go_to_the_booking_form":"Gehe zum Buchungsformular"},"requests_and_forms_section":{"visa_form_title":"Visumantrag:","refund_form_title":"Erstattungsantrag:","visa_form_label":"Visa-Einladungsschreiben & Antragsformular f\u00fcr die Reiseversicherung","refund_form_label":"R\u00fcckerstattungsformular","visa_form_processing":"Bearbeitung des Antrags","refund_form_processing":"Bearbeitung des Antrags","visa_form_processed":"Antrag behandelt","refund_form_processed":"Antrag behandelt"},"status_initialized":{"it_looks_like_you_havent_finished_filled_out_your_booking_form_yet":"Es sieht so aus, als h\u00e4ttest du dein Buchungsformular noch nicht fertig ausgef\u00fcllt","dont_wait_too_long_initialized":"Warte nicht zu lange, du hast bis {{closing_date}} Zeit, es auszuf\u00fcllen!","continue_to_complete_your_booking_form":"Fahre fort, dein Buchungsformular auszuf\u00fcllen"},"status_pending":{"your_identity_documents_are_being_checked":"Deine Identit\u00e4tsdokumente werden \u00fcberpr\u00fcft","once_your_identity_has_been_verified":"Sobald deine Identit\u00e4t \u00fcberpr\u00fcft worden ist, erh\u00e4ltst du eine automatische Best\u00e4tigung per E-Mail. Die E-Mail hat den Betreff \"Deine Bestellung ist best\u00e4tigt - so geht's weiter\" und wird von der E-Mail-Adresse \"customerservice@interrail.eu\" gesendet.","tip:_check_your_spam":"Tipp: Pr\u00fcfe deinen Spam","learn_more_about_verifying_my_documents":"Erfahre mehr \u00fcber die \u00dcberpr\u00fcfung meiner Dokumente","learn_more_about_verifying_my_documents_url":"https:\/\/discovereu-wave6.zendesk.com\/hc\/de\/articles\/6066889353617-Warum-wurde-meine-Verifizierung-abgelehnt-"},"status_declined_first_try":{"couldnt_verify_identity_documents":"Achtung: Dein Buchungsformular ist noch nicht vollst\u00e4ndig ausgef\u00fcllt","submitting_documents_a_second_time":"Die Dokumente, die du zur \u00dcberpr\u00fcfung deiner Identit\u00e4t eingereicht hast, wurden nicht akzeptiert. Du kannst versuchen, sie ein zweites Mal einzureichen.","back_to_submission_step":"Zur\u00fcck zum Anmeldeschritt","warning_can_only_submit_documents_twice":"Warnung: Du kannst deine Dokumente nur zweimal einreichen."},"status_declined_second_try":{"identity_documents_could_not_be_verified_twice":"Achtung: Dein Buchungsformular ist noch nicht vollst\u00e4ndig ausgef\u00fcllt","not_accepted_for_the_second_time":"Die Dokumente, die du zur \u00dcberpr\u00fcfung deiner Identit\u00e4t eingereicht hast, wurden beim zweiten Mal nicht akzeptiert. Bitte kontaktiere uns, um dieses Problem zu l\u00f6sen."},"status_success":{"flex_stnd":{"congratulations_your_reservation_is_completed_and_validated":"Herzlichen Gl\u00fcckwunsch, dein Buchungsformular ist vollst\u00e4ndig ausgef\u00fcllt und best\u00e4tigt!","your_pass_is_available_in_your_email":"<p><span data-teams=\"true\">Dein Pass wurde an deine E-Mail-Adresse gesendet. Wenn Du ihn nicht finden kannst, \u00fcberpr\u00fcf bitte deinen Spam-Ordner. Wenn er dort auch nicht zu finden ist, wende dich bitte \u00fcber die Seite \u201eAnfrage senden\u201c im <a href=\"https:\/\/helpcentre.start-discover.eu\/hc\/de\/requests\/new\">Hilfe-Center<\/a> an das Travel Team.<br \/>\r\n<br \/>\r\n<\/span><\/p>"},"flex_ovs":{"congratulations_your_reservation_is_completed_and_validated":"Herzlichen Gl\u00fcckwunsch, deine Reservierung ist abgeschlossen und best\u00e4tigt!","the_travel_team_will_contact_you_three_months_before_your_departure_date_to_book_your_flights":"Dein Pass ist in deiner E-Mail verf\u00fcgbar. Wenn du nichts erhalten hast, schau in deiner Junk-Mail nach. Andernfalls kannst du das Reiseteam \u00fcber die Seite Antrag einreichen im Hilfe-Center kontaktieren. Das Reiseteam wird dich drei Monate vor deinem Abreisedatum kontaktieren, um deine Fl\u00fcge zu buchen."},"fix_stnd":{"congratulations_your_reservation_is_completed_and_validated":"Herzlichen Gl\u00fcckwunsch, deine Reservierung ist abgeschlossen und best\u00e4tigt!","the_travel_team_will_contact_you_three_months_before_your_departure_date_to_book_your_fix_trip":"Das Reiseteam wird dich drei Monate vor deinem Abreisedatum kontaktieren, um deine FIX-Reise zu buchen."},"fix_ovs":{"congratulations_your_reservation_is_completed_and_validated":"Herzlichen Gl\u00fcckwunsch, deine Reservierung ist abgeschlossen und best\u00e4tigt!","the_travel_team_will_contact_you_three_months_before_your_departure_date_to_book_your_flights":"Das Reiseteam kontaktiert dich drei Monate vor deinem Abreisedatum, um deine FIX-Reise und deine Flugtickets zu buchen."}},"status_accessibility":{"booking_form_completed":"Dein Buchungsformular ist ausgef\u00fcllt.","flex_pass_will_be_issued_only_if_you_have_any_accessibility_needs":"Du sollst eine E-Mail bez\u00fcglich deiner Barrierefreiheitsanforderungen erhalten haben. Bitte antwort dem Reiseteam \u00fcber das Kontaktformular, damit wir deinen Pass ausstellen k\u00f6nnen."},"discovereu_community_section":{"discovereu_community":"DiscoverEU Gemeinschaft","looking_to_make_the_most_of_your_exciting_journey":"<p>Willst du das Beste aus deiner spannenden Reise machen und Europa entdecken?<\/p>\r\n<p>Die DiscoverEU-Gemeinschaft ist f\u00fcr dich da, um neue Leute kennenzulernen, deine Reisepl\u00e4ne zu diskutieren und zu teilen, Freundschaften zu schlie\u00dfen und dich inspirieren zu lassen, damit du deine DiscoverEU-Reise in vollen Z\u00fcgen genie\u00dfen kannst!<\/p>","join_the_#discovereu_community_label":"Werde Mitglied in der #DiscoverEU Gemeinschaft*","join_the_#discovereu_community_url":"https:\/\/discovereucommunity.interrail.eu\/","accessible_through_the_discovereu_travel_app":"*erreichbar \u00fcber die DiscoverEU Travel App oder direkt \u00fcber deine DiscoverEU Travel App-Kontodaten"},"european_youth_card_section":{"european_youth_card":"European Youth Card","with_your_discovereu_pass_you_have_won_the_european_youth_card":"<p>Mit deinem DiscoverEU Pass hast du die European Youth Card gewonnen!<\/p>\r\n<p>Mit ihr bekommst du Rabatte auf Unterk\u00fcnfte, Besichtigungen, Nahverkehr und vieles mehr. Du findest sie in deiner DiscoverEU Travel App unter der Rubrik \"Mehr\".<\/p>"},"help_centre_articles_section":{"help_centre_articles":"Hilfe-Center Artikeln","you_can_find_below_a_selection_of_articles":"Hier findest du eine Auswahl an Artikeln, die dir bei der Vorbereitung deiner DiscoverEU-Reise helfen k\u00f6nnen. *","flex_faq_links":{"how_to_get_started_with_your_interrail_mobile_pass":"Wie sehen die ersten Schritte mit meinem Mobile-Pass von Interrail aus?","how_to_get_started_with_your_interrail_mobile_pass_url":"https:\/\/discovereu-wave6.zendesk.com\/hc\/de\/articles\/6066864956945-Nutzung-dem-Mobile-Pass","what_are_10_things_you_should_know_about_the_interrail_pass":"Welche 10 Dinge muss ich \u00fcber den Interrail-Pass wissen?","what_are_10_things_you_should_know_about_the_interrail_pass_url":"https:\/\/discovereu-wave6.zendesk.com\/hc\/en-gb\/articles\/11909290422673-What-are-10-things-you-should-know-about-the-Interrail-Pass-"}},"all_travellers_faq_links":{"travel_tips":"Reisetipps","travel_tips_url":"https:\/\/discovereu-wave6.zendesk.com\/hc\/en-gb\/categories\/5768672491409-Travel-Tips","how_can_i_save_money_while_travelling":"Wie kann ich auf Reisen Geld sparen?","how_can_i_save_money_while_travelling_url":"https:\/\/discovereu-wave6.zendesk.com\/hc\/de\/articles\/6066862630929-Wie-kann-ich-bei-der-Reise-Geld-sparen-","how_to_connect_with_other_discovereu_travellers":"Wie verbinde ich mich mit anderen DiscoverEU-Reisenden?","how_to_connect_with_other_discovereu_travellers_url":"https:\/\/discovereu-wave6.zendesk.com\/hc\/en-gb\/articles\/6066910634513-How-to-connect-with-other-DiscoverEU-travellers-","what_is_the_discovereu_european_youth_card":"Was ist die DiscoverEU European Youth Card?","what_is_the_discovereu_european_youth_card_url":"https:\/\/discovereu-wave6.zendesk.com\/hc\/en-gb\/articles\/6066928796689-What-is-the-DiscoverEU-European-Youth-Card-"},"contact_us":"Kontaktiere uns","contact_us_url":"https:\/\/discovereu-wave6.zendesk.com\/hc\/de\/requests\/new","login_items":{"email":"E-mail","password":"Passwort","forgotten_password":"Passwort vergessen?","modify_password_label":"Passwort \u00e4ndern label","login_label":"Anmelden label","log_out_label":"Log out label","new_password":"Neues Passwort","confirm_password":"Best\u00e4tige Passwort","back_to_login":"Zur\u00fcck zur Anmeldeseite","send_link":"Link senden","your_are_not_firstname":"Du bist nicht {{firstname}} ?"},"login_content":{"first_password_change":"Aus Sicherheitsgr\u00fcnden bitten wir dich, dein urspr\u00fcngliches Passwort zu \u00e4ndern.","email_for_password_modify":"Gib die E-Mail-Adresse ein, mit der du dich angemeldet hast, und wir schicken dir einen Link, um dein Passwort zur\u00fcckzusetzen.","strong_password_choice":"Bitte w\u00e4hle ein sicheres Passwort.","password_combination_instruction":"W\u00e4hle eine Kombination aus Buchstaben, Zahlen und Sonderzeichen.","change_your_password":"\u00c4ndere dein Passwort","update_your_password":"Aktualisiere dein Passwort","sign_in_with_password":"Mit Passwort anmelden"},"toasts_content":{"please_enter_a_valid_email_address":"Bitte gib eine g\u00fcltige E-Mail Adresse ein","please_enter_your_email_address":"Bitte gib deine E-Mail-Adresse ein","please_enter_your_password":"Bitte gib dein Passwort ein","please_enter_your_new_password":"Bitte gib dein neues Passwort ein","redirecting_you_to_the_app":"Weiterleitung zur App...","something_went_wrong":"Etwas ist schief gelaufen...","oops":"Ups...","sign_in":"Anmelden","password_updated":"Passwort aktualisiert","password_reset":"Passwort zur\u00fccksetzen","sent_email_with_link_to_reset_password":"Wir haben dir eine E-Mail mit einem Link zum Zur\u00fccksetzen deines Passworts geschickt, du kannst dieses Fenster schlie\u00dfen","password_6_characters":"Das Passwort muss mindestens 6 Zeichen enthalten","password_characters_format":"Das Passwort muss mindestens einen Buchstaben, eine Zahl und ein Sonderzeichen enthalten"},"do_you_have_questions_about_your_reservation":"Hast du Fragen zu deiner Reservierung?","identity_verification_status":"Status der Identit\u00e4ts\u00fcberpr\u00fcfung","if_your_status_is_not_verified_be_sure_to_contact_the_travel_team_through_the_help_center":"<p>Wenn dein Status nicht <strong>Verified<\/strong> ist, wende dich bitte \u00fcber das Hilfe-Center an das Reiseteam. *<\/p>","reservation_status":"Reservierungsstatus","if_your_status_is_not_booked_it_means_there_was_a_problem_with_your_identity_verification_or_there_is_an_error_with_your_reservation_be_sure_to_contact_the_travel_team_via_the_center_help":"<p>Wenn dein Status nicht <strong>\"Booked\"<\/strong> lautet, bedeutet das, dass es ein Problem mit deiner Identit\u00e4ts\u00fcberpr\u00fcfung gab oder ein Fehler bei deiner Reservierung aufgetreten ist. Bitte kontaktiere das Reiseteam \u00fcber das Hilfe-Center.<\/p>","fix_booking_status":"FIX Buchungsstatus","if_your_status_is_not_registered_it_means_there_was_a_problem_with_your_identity_verification_or_there_is_an_error_with_your_reservation_be_sure_to_contact_the_travel_team_via_the_center_help":"<p>Wenn dein Status nicht <strong>Registered<\/strong> ist, bedeutet das, dass es ein Problem mit deiner Identit\u00e4ts\u00fcberpr\u00fcfung gab oder ein Fehler bei deiner Reservierung vorliegt. Bitte kontaktiere das Reiseteam \u00fcber das Hilfe-Center.<\/p>","discovereu_travel_app_account_2":"DiscoverEU Travel App Account","interrail_pass_2":"Interrail Pass","identification":{"your_informations":"Deine Informationen","personal_data":"Pers\u00f6nliche Daten","first_name":"Vorname","last_name":"Nachname","date_of_birth":"Geburtsdatum","email":"E-Mail","ticket_type":"Ticket-Typ","document_country":"Land des Dokuments","statuses":"Status","document_verification":"Dokumentenpr\u00fcfung","booking_status":"Buchungsstatus","discovereu_travel_app_account":"DiscoverEU Travel App-Konto","interrail_pass":"DiscoverEU Pass"}},"yoast_head":"<!-- This site is optimized with the Yoast SEO plugin v21.9.1 - https:\/\/yoast.com\/wordpress\/plugins\/seo\/ -->\n<title>Profile - DiscoverEU<\/title>\n<meta name=\"robots\" content=\"index, follow, max-snippet:-1, max-image-preview:large, max-video-preview:-1\" \/>\n<link rel=\"canonical\" href=\"https:\/\/www.start-discover.eu\/de\/profile\" \/>\n<meta property=\"og:locale\" content=\"de_DE\" \/>\n<meta property=\"og:type\" content=\"article\" \/>\n<meta property=\"og:title\" content=\"Profile - DiscoverEU\" \/>\n<meta property=\"og:url\" content=\"https:\/\/www.start-discover.eu\/de\/profile\" \/>\n<meta property=\"og:site_name\" content=\"DiscoverEU\" \/>\n<meta property=\"article:modified_time\" content=\"2026-03-30T08:18:58+00:00\" \/>\n<meta property=\"og:image\" content=\"https:\/\/www.start-discover.eu\/app\/uploads\/2024\/07\/DEU-logo-1-scaled.jpg\" \/>\n\t<meta property=\"og:image:width\" content=\"2560\" \/>\n\t<meta property=\"og:image:height\" content=\"1440\" \/>\n\t<meta property=\"og:image:type\" content=\"image\/jpeg\" \/>\n<meta name=\"twitter:card\" content=\"summary_large_image\" \/>\n<script type=\"application\/ld+json\" class=\"yoast-schema-graph\">{\"@context\":\"https:\/\/schema.org\",\"@graph\":[{\"@type\":\"WebPage\",\"@id\":\"https:\/\/www.start-discover.eu\/de\/profile\",\"url\":\"https:\/\/www.start-discover.eu\/de\/profile\",\"name\":\"Profile - DiscoverEU\",\"isPartOf\":{\"@id\":\"https:\/\/www.start-discover.eu\/de#website\"},\"datePublished\":\"2023-11-13T18:49:23+00:00\",\"dateModified\":\"2026-03-30T08:18:58+00:00\",\"breadcrumb\":{\"@id\":\"https:\/\/www.start-discover.eu\/de\/profile#breadcrumb\"},\"inLanguage\":\"de-DE\",\"potentialAction\":[{\"@type\":\"ReadAction\",\"target\":[\"https:\/\/www.start-discover.eu\/de\/profile\"]}]},{\"@type\":\"BreadcrumbList\",\"@id\":\"https:\/\/www.start-discover.eu\/de\/profile#breadcrumb\",\"itemListElement\":[{\"@type\":\"ListItem\",\"position\":1,\"name\":\"Home\",\"item\":\"https:\/\/www.start-discover.eu\/de\"},{\"@type\":\"ListItem\",\"position\":2,\"name\":\"Profile\"}]},{\"@type\":\"WebSite\",\"@id\":\"https:\/\/www.start-discover.eu\/de#website\",\"url\":\"https:\/\/www.start-discover.eu\/de\",\"name\":\"DiscoverEU\",\"description\":\"\",\"publisher\":{\"@id\":\"https:\/\/www.start-discover.eu\/de#organization\"},\"potentialAction\":[{\"@type\":\"SearchAction\",\"target\":{\"@type\":\"EntryPoint\",\"urlTemplate\":\"https:\/\/www.start-discover.eu\/de?s={search_term_string}\"},\"query-input\":\"required name=search_term_string\"}],\"inLanguage\":\"de-DE\"},{\"@type\":\"Organization\",\"@id\":\"https:\/\/www.start-discover.eu\/de#organization\",\"name\":\"DiscoverEU\",\"url\":\"https:\/\/www.start-discover.eu\/de\",\"logo\":{\"@type\":\"ImageObject\",\"inLanguage\":\"de-DE\",\"@id\":\"https:\/\/www.start-discover.eu\/de#\/schema\/logo\/image\/\",\"url\":\"https:\/\/www.start-discover.eu\/app\/uploads\/2024\/07\/DEU-logo-696x696-1-scaled.jpg\",\"contentUrl\":\"https:\/\/www.start-discover.eu\/app\/uploads\/2024\/07\/DEU-logo-696x696-1-scaled.jpg\",\"width\":2560,\"height\":2560,\"caption\":\"DiscoverEU\"},\"image\":{\"@id\":\"https:\/\/www.start-discover.eu\/de#\/schema\/logo\/image\/\"}}]}<\/script>\n<!-- \/ Yoast SEO plugin. -->","yoast_head_json":{"title":"Profile - DiscoverEU","robots":{"index":"index","follow":"follow","max-snippet":"max-snippet:-1","max-image-preview":"max-image-preview:large","max-video-preview":"max-video-preview:-1"},"canonical":"https:\/\/www.start-discover.eu\/de\/profile","og_locale":"de_DE","og_type":"article","og_title":"Profile - DiscoverEU","og_url":"https:\/\/www.start-discover.eu\/de\/profile","og_site_name":"DiscoverEU","article_modified_time":"2026-03-30T08:18:58+00:00","og_image":[{"width":2560,"height":1440,"url":"https:\/\/www.start-discover.eu\/app\/uploads\/2024\/07\/DEU-logo-1-scaled.jpg","type":"image\/jpeg"}],"twitter_card":"summary_large_image","schema":{"@context":"https:\/\/schema.org","@graph":[{"@type":"WebPage","@id":"https:\/\/www.start-discover.eu\/de\/profile","url":"https:\/\/www.start-discover.eu\/de\/profile","name":"Profile - DiscoverEU","isPartOf":{"@id":"https:\/\/www.start-discover.eu\/de#website"},"datePublished":"2023-11-13T18:49:23+00:00","dateModified":"2026-03-30T08:18:58+00:00","breadcrumb":{"@id":"https:\/\/www.start-discover.eu\/de\/profile#breadcrumb"},"inLanguage":"de-DE","potentialAction":[{"@type":"ReadAction","target":["https:\/\/www.start-discover.eu\/de\/profile"]}]},{"@type":"BreadcrumbList","@id":"https:\/\/www.start-discover.eu\/de\/profile#breadcrumb","itemListElement":[{"@type":"ListItem","position":1,"name":"Home","item":"https:\/\/www.start-discover.eu\/de"},{"@type":"ListItem","position":2,"name":"Profile"}]},{"@type":"WebSite","@id":"https:\/\/www.start-discover.eu\/de#website","url":"https:\/\/www.start-discover.eu\/de","name":"DiscoverEU","description":"","publisher":{"@id":"https:\/\/www.start-discover.eu\/de#organization"},"potentialAction":[{"@type":"SearchAction","target":{"@type":"EntryPoint","urlTemplate":"https:\/\/www.start-discover.eu\/de?s={search_term_string}"},"query-input":"required name=search_term_string"}],"inLanguage":"de-DE"},{"@type":"Organization","@id":"https:\/\/www.start-discover.eu\/de#organization","name":"DiscoverEU","url":"https:\/\/www.start-discover.eu\/de","logo":{"@type":"ImageObject","inLanguage":"de-DE","@id":"https:\/\/www.start-discover.eu\/de#\/schema\/logo\/image\/","url":"https:\/\/www.start-discover.eu\/app\/uploads\/2024\/07\/DEU-logo-696x696-1-scaled.jpg","contentUrl":"https:\/\/www.start-discover.eu\/app\/uploads\/2024\/07\/DEU-logo-696x696-1-scaled.jpg","width":2560,"height":2560,"caption":"DiscoverEU"},"image":{"@id":"https:\/\/www.start-discover.eu\/de#\/schema\/logo\/image\/"}}]}},"_links":{"self":[{"href":"https:\/\/www.start-discover.eu\/de\/wp-json\/wp\/v2\/pages\/1849"}],"collection":[{"href":"https:\/\/www.start-discover.eu\/de\/wp-json\/wp\/v2\/pages"}],"about":[{"href":"https:\/\/www.start-discover.eu\/de\/wp-json\/wp\/v2\/types\/page"}],"author":[{"embeddable":true,"href":"https:\/\/www.start-discover.eu\/de\/wp-json\/wp\/v2\/users\/2"}],"replies":[{"embeddable":true,"href":"https:\/\/www.start-discover.eu\/de\/wp-json\/wp\/v2\/comments?post=1849"}],"version-history":[{"count":9,"href":"https:\/\/www.start-discover.eu\/de\/wp-json\/wp\/v2\/pages\/1849\/revisions"}],"predecessor-version":[{"id":5521,"href":"https:\/\/www.start-discover.eu\/de\/wp-json\/wp\/v2\/pages\/1849\/revisions\/5521"}],"wp:attachment":[{"href":"https:\/\/www.start-discover.eu\/de\/wp-json\/wp\/v2\/media?parent=1849"}],"curies":[{"name":"wp","href":"https:\/\/api.w.org\/{rel}","templated":true}]}}