{"id":1937,"date":"2023-10-18T14:11:14","date_gmt":"2023-10-18T14:11:14","guid":{"rendered":"https:\/\/v2.start-discover.eu\/get-started"},"modified":"2026-01-02T15:02:45","modified_gmt":"2026-01-02T15:02:45","slug":"get-started","status":"publish","type":"page","link":"https:\/\/www.start-discover.eu\/da\/get-started","title":{"rendered":"Get started"},"content":{"rendered":"","protected":false},"excerpt":{"rendered":"","protected":false},"author":10,"featured_media":0,"parent":0,"menu_order":0,"comment_status":"closed","ping_status":"closed","template":"","meta":{"footnotes":""},"acf":{"description":"<h1>Hvad er trinene i <span style=\"color: #f0679b;\">bookingprocessen<\/span>?<\/h1>\r\n<p>N\u00e5r du har sendt din bookingformuar, opretter vi en konto til dig. Du modtager alle oplysninger pr. e-mail. Kontoen giver dig adgang til DiscoverEU Travel-appen, hvor du kan tjekke togruter og -tider, s\u00e5 du kan planl\u00e6gge din rejse, f\u00e5 adgang til dit DiscoverEU EYCA-kort, s\u00e5 du kan drage fordel af tusindvis af rabatter over hele Europa og tilmelde dig DiscoverEU Community, s\u00e5 du kan dele dine oplevelser med dine medrejsende. Du finder dit DiscoverEU Pass direkte i appen.<\/p>","steps_process":[{"title":"F\u00e5 adgang til din bookingformular","description":"<p>F\u00e5 adgang til dit personlige reservationslink (sendt til dig via <strong>hello@start-discover.eu<\/strong>)<\/p>"},{"title":"Verific\u00e9r din identitet","description":"<p>Som en del af bookingformularen vil du blive bedt om at bekr\u00e6fte din identitet.<\/p>"},{"title":"Indsend din bookingformular","description":"<p>N\u00e5r du er klar, s\u00e5 udfyld og indsend bookingformularen<\/p>"}],"title_start_process":"Hvordan p\u00e5begynder jeg bookingprocessen?","image_start_process":1938,"description_start_process":"<p><strong>Du f\u00e5r\/har f\u00e5et en e-mail-invitation med dit personlige link til bookingformularen.<\/strong><\/p>\r\n<p>For at fuldf\u00f8re din rejsebooking skal du planl\u00e6gge et par ting. Det vigtigste er at have et ID-kort eller pas klar for at bekr\u00e6fte din identitet.<\/p>\r\n<div>\r\n<p>N\u00e5r du udfylder din rejseformular, vil visse oplysninger allerede v\u00e6re forududfyldt baseret p\u00e5 de data, vi har hentet fra din ID-verifikationsproces. De forududfyldte oplysninger omfatter:<\/p>\r\n<ul>\r\n\t<li>E-mailadresse<\/li>\r\n\t<li>Ans\u00f8gningskode<\/li>\r\n\t<li>Fornavn<\/li>\r\n\t<li>Efternavn<\/li>\r\n\t<li>F\u00f8dselsdato<\/li>\r\n\t<li>Udstedelsesland for ID\/pas<\/li>\r\n<\/ul>\r\n<\/div>\r\n<p><strong>\u00d8nsker du flere oplysninger?<\/strong><br \/>\r\nTag et kig i Hj\u00e6lpecenteret, hvor du kan finde svar p\u00e5 de oftest stillede sp\u00f8rgsm\u00e5l.<\/p>","link_start_process":{"title":"Kig i Hj\u00e6lpecenteret","url":"https:\/\/help.start-discover.eu\/","target":"_blank"},"title":"Alt, hvad du beh\u00f8ver at vide om DiscoverEU Pass","flexible_travel":{"title_flexible":"-","sub_title":"DiscoverEU Interrail Pass","paragraph":"Tag lige hvorhen du vil, fuld fleksibilitet","flexible_option":[{"icon":2746,"title":"Rejs uden fastsatte datoer og destinationer","paragraph":"<p>Bekr\u00e6ft dit Interrail mobile Pass, og lav din research senere. Du vil kunne bruge dit mobile Pass i DiscoverEU Travel-appen. Du kan aktivere dit Pass lige op til den dag, hvor din rejse begynder. Planl\u00e6g under din rejse, skift rejsem\u00e5l, og lad rejsen tage sin egen kurs.<\/p>","important":false},{"icon":2748,"title":"Rejs med tog p\u00e5 7 dage inden for en periode p\u00e5 en m\u00e5ned","paragraph":"<p>Du kan bruge dit Pass p\u00e5 7 dage efter eget valg i en fast periode p\u00e5 1 m\u00e5ned. Rejs p\u00e5 flere p\u00e5 hinanden f\u00f8lgende dage, eller spred dem ud i l\u00f8bet af m\u00e5neden. Du kan arrangere alt direkte fra DiscoverEU Travel-appen.<\/p>","important":false},{"icon":531,"title":"Rejs alene eller i en gruppe","paragraph":"<p>Det er op til dig at v\u00e6lge, om du vil rejse alene eller i en gruppe. Du kan v\u00e6lge, hvem du vil rejse med, n\u00e5r du ans\u00f8ger om DiscoverEU, og du kan \u00e6ndre det undervejs p\u00e5 din rejse. Hvis du rejser i en gruppe, vil hvert gruppemedlem have sit eget pas.<\/p>","important":false},{"icon":475,"title":"Rejse i bop\u00e6lsland","paragraph":"<p>Dit Pass m\u00e5 kun bruges til to specifikke rejser i dit bop\u00e6lsland (ben\u00e6vnt ud- og indrejse). Du kan rejse fra et hvilket som helst sted i bop\u00e6lslandet til gr\u00e6nsen eller en lufthavn eller havn, og du kan rejse med mere end \u00e9t tog, forudsat at turene er p\u00e5 samme rejsedag.<\/p>","important":false},{"icon":447,"title":"Rejs i dit eget tempo","paragraph":"<p>Med det mobile Pass kan du blive l\u00e6ngere i en by eller tage tidligere afsted fra en destination, end du havde planlagt. Oplever du problemer p\u00e5 dine rejser, s\u00e5som et forsinket eller aflyst tog? Du kan tage det n\u00e6ste tog eller \u00e6ndre din rute.<\/p>","important":false},{"icon":587,"title":"Vigtigt at vide","paragraph":"<p>F\u00f8r du g\u00e5r ombord p\u00e5 et tog, bus eller b\u00e5d, skal hver rejse registreres p\u00e5 DiscoverEU Travel-appen i 'My Trip'-sektionen og f\u00f8jes til dit mobile Interrail Pass. Nogle langdistancetog kr\u00e6ver, at du yderligere bestiller pladsbilletter.\u00a0<\/p>","important":true}]},"fixed_travel":{"title":"Fast rejse","sub_title":"Punkt-til-punkt-billetter","paragraph":"Ved fast rejse kan din rejseplan ikke \u00e6ndres.","fixed_option":[{"icon":2747,"title":"Rejse efter forudbestemte destinationer","paragraph":"<p>Unders\u00f8g og planl\u00e6g din rejse, f\u00f8r du bekr\u00e6fter dine rejsebilletter. Din rejseplan vil blive booket med punkt-til-punkt-billetter og vil ikke kunne \u00e6ndres.<\/p>","important":false},{"icon":2749,"title":"Rejse efter en fast tidsplan","paragraph":"<p>Du ved, hvorn\u00e5r du gerne vil rejse. Datoerne er fastlagt, der er en fast rejseplan, og du er klar til at skulle rejse p\u00e5 en bestemt dato og med et bestemt tog.<\/p>","important":false},{"icon":559,"title":"Grupperejse","paragraph":"<p>Kun de, der er blevet tildelt en rejse som en gruppe, vil kunne rejse i gruppe. For at du kan rejse i en gruppe, skal alle personer i gruppen s\u00f8rge for at udfylde bookingformularen.<\/p>","important":false},{"icon":475,"title":"Rejse i bop\u00e6lsland","paragraph":"<p>Din ud- og indrejse vil blive booket som punkt-til-punkt-billetter. Du kan rejse med mere end \u00e9t tog, forudsat at din f\u00f8rste destination er i udlandet.<\/p>","important":false},{"icon":503,"title":"\u00c6ndringer af rejsen","paragraph":"<p>Billetter vil blive booket p\u00e5 basis af kun-specifikt-tog, ingen-\u00e6ndringer-af-rejseplan. Till\u00e6g for \u00e6ndringer, nye reservationer eller andre omkostninger, der p\u00e5l\u00f8ber under rejsen, d\u00e6kkes ikke af Europa-Kommissionen.<\/p>","important":false},{"icon":587,"title":"Vigtigt at vide","paragraph":"<p>Punkt-til-punkt-rejseplaner vil v\u00e6re begr\u00e6nset til tog, der tillader online-booking af billetter. I tilf\u00e6lde af aflysninger eller forsinkelser skal den rejsende kontakte transportfirmaet direkte. F\u00e5 mere at vide om EU's passagerrettigheder\u00a0her.<\/p>","important":true}]},"link_travel_option":{"title":"Send mig videre til Hj\u00e6lpecenteret","url":"https:\/\/help.start-discover.eu\/","target":"_blank"}},"yoast_head":"<!-- This site is optimized with the Yoast SEO plugin v21.9.1 - https:\/\/yoast.com\/wordpress\/plugins\/seo\/ -->\n<title>Get started - DiscoverEU<\/title>\n<meta name=\"robots\" content=\"index, follow, max-snippet:-1, max-image-preview:large, max-video-preview:-1\" \/>\n<link rel=\"canonical\" href=\"https:\/\/www.start-discover.eu\/da\/get-started\" \/>\n<meta property=\"og:locale\" content=\"da_DK\" \/>\n<meta property=\"og:type\" content=\"article\" \/>\n<meta property=\"og:title\" content=\"Get started - DiscoverEU\" \/>\n<meta property=\"og:url\" content=\"https:\/\/www.start-discover.eu\/da\/get-started\" \/>\n<meta property=\"og:site_name\" content=\"DiscoverEU\" \/>\n<meta property=\"article:modified_time\" content=\"2026-01-02T15:02:45+00:00\" \/>\n<meta property=\"og:image\" content=\"https:\/\/www.start-discover.eu\/app\/uploads\/2024\/07\/DEU-logo-1-scaled.jpg\" \/>\n\t<meta property=\"og:image:width\" content=\"2560\" \/>\n\t<meta property=\"og:image:height\" content=\"1440\" \/>\n\t<meta property=\"og:image:type\" content=\"image\/jpeg\" \/>\n<meta name=\"twitter:card\" content=\"summary_large_image\" \/>\n<script type=\"application\/ld+json\" class=\"yoast-schema-graph\">{\"@context\":\"https:\/\/schema.org\",\"@graph\":[{\"@type\":\"WebPage\",\"@id\":\"https:\/\/www.start-discover.eu\/da\/get-started\",\"url\":\"https:\/\/www.start-discover.eu\/da\/get-started\",\"name\":\"Get started - DiscoverEU\",\"isPartOf\":{\"@id\":\"https:\/\/www.start-discover.eu\/da#website\"},\"datePublished\":\"2023-10-18T14:11:14+00:00\",\"dateModified\":\"2026-01-02T15:02:45+00:00\",\"breadcrumb\":{\"@id\":\"https:\/\/www.start-discover.eu\/da\/get-started#breadcrumb\"},\"inLanguage\":\"da-DK\",\"potentialAction\":[{\"@type\":\"ReadAction\",\"target\":[\"https:\/\/www.start-discover.eu\/da\/get-started\"]}]},{\"@type\":\"BreadcrumbList\",\"@id\":\"https:\/\/www.start-discover.eu\/da\/get-started#breadcrumb\",\"itemListElement\":[{\"@type\":\"ListItem\",\"position\":1,\"name\":\"Home\",\"item\":\"https:\/\/www.start-discover.eu\/da\"},{\"@type\":\"ListItem\",\"position\":2,\"name\":\"Get started\"}]},{\"@type\":\"WebSite\",\"@id\":\"https:\/\/www.start-discover.eu\/da#website\",\"url\":\"https:\/\/www.start-discover.eu\/da\",\"name\":\"DiscoverEU\",\"description\":\"\",\"publisher\":{\"@id\":\"https:\/\/www.start-discover.eu\/da#organization\"},\"potentialAction\":[{\"@type\":\"SearchAction\",\"target\":{\"@type\":\"EntryPoint\",\"urlTemplate\":\"https:\/\/www.start-discover.eu\/da?s={search_term_string}\"},\"query-input\":\"required name=search_term_string\"}],\"inLanguage\":\"da-DK\"},{\"@type\":\"Organization\",\"@id\":\"https:\/\/www.start-discover.eu\/da#organization\",\"name\":\"DiscoverEU\",\"url\":\"https:\/\/www.start-discover.eu\/da\",\"logo\":{\"@type\":\"ImageObject\",\"inLanguage\":\"da-DK\",\"@id\":\"https:\/\/www.start-discover.eu\/da#\/schema\/logo\/image\/\",\"url\":\"https:\/\/www.start-discover.eu\/app\/uploads\/2024\/07\/DEU-logo-696x696-1-scaled.jpg\",\"contentUrl\":\"https:\/\/www.start-discover.eu\/app\/uploads\/2024\/07\/DEU-logo-696x696-1-scaled.jpg\",\"width\":2560,\"height\":2560,\"caption\":\"DiscoverEU\"},\"image\":{\"@id\":\"https:\/\/www.start-discover.eu\/da#\/schema\/logo\/image\/\"}}]}<\/script>\n<!-- \/ Yoast SEO plugin. -->","yoast_head_json":{"title":"Get started - DiscoverEU","robots":{"index":"index","follow":"follow","max-snippet":"max-snippet:-1","max-image-preview":"max-image-preview:large","max-video-preview":"max-video-preview:-1"},"canonical":"https:\/\/www.start-discover.eu\/da\/get-started","og_locale":"da_DK","og_type":"article","og_title":"Get started - DiscoverEU","og_url":"https:\/\/www.start-discover.eu\/da\/get-started","og_site_name":"DiscoverEU","article_modified_time":"2026-01-02T15:02:45+00:00","og_image":[{"width":2560,"height":1440,"url":"https:\/\/www.start-discover.eu\/app\/uploads\/2024\/07\/DEU-logo-1-scaled.jpg","type":"image\/jpeg"}],"twitter_card":"summary_large_image","schema":{"@context":"https:\/\/schema.org","@graph":[{"@type":"WebPage","@id":"https:\/\/www.start-discover.eu\/da\/get-started","url":"https:\/\/www.start-discover.eu\/da\/get-started","name":"Get started - DiscoverEU","isPartOf":{"@id":"https:\/\/www.start-discover.eu\/da#website"},"datePublished":"2023-10-18T14:11:14+00:00","dateModified":"2026-01-02T15:02:45+00:00","breadcrumb":{"@id":"https:\/\/www.start-discover.eu\/da\/get-started#breadcrumb"},"inLanguage":"da-DK","potentialAction":[{"@type":"ReadAction","target":["https:\/\/www.start-discover.eu\/da\/get-started"]}]},{"@type":"BreadcrumbList","@id":"https:\/\/www.start-discover.eu\/da\/get-started#breadcrumb","itemListElement":[{"@type":"ListItem","position":1,"name":"Home","item":"https:\/\/www.start-discover.eu\/da"},{"@type":"ListItem","position":2,"name":"Get started"}]},{"@type":"WebSite","@id":"https:\/\/www.start-discover.eu\/da#website","url":"https:\/\/www.start-discover.eu\/da","name":"DiscoverEU","description":"","publisher":{"@id":"https:\/\/www.start-discover.eu\/da#organization"},"potentialAction":[{"@type":"SearchAction","target":{"@type":"EntryPoint","urlTemplate":"https:\/\/www.start-discover.eu\/da?s={search_term_string}"},"query-input":"required name=search_term_string"}],"inLanguage":"da-DK"},{"@type":"Organization","@id":"https:\/\/www.start-discover.eu\/da#organization","name":"DiscoverEU","url":"https:\/\/www.start-discover.eu\/da","logo":{"@type":"ImageObject","inLanguage":"da-DK","@id":"https:\/\/www.start-discover.eu\/da#\/schema\/logo\/image\/","url":"https:\/\/www.start-discover.eu\/app\/uploads\/2024\/07\/DEU-logo-696x696-1-scaled.jpg","contentUrl":"https:\/\/www.start-discover.eu\/app\/uploads\/2024\/07\/DEU-logo-696x696-1-scaled.jpg","width":2560,"height":2560,"caption":"DiscoverEU"},"image":{"@id":"https:\/\/www.start-discover.eu\/da#\/schema\/logo\/image\/"}}]}},"_links":{"self":[{"href":"https:\/\/www.start-discover.eu\/da\/wp-json\/wp\/v2\/pages\/1937"}],"collection":[{"href":"https:\/\/www.start-discover.eu\/da\/wp-json\/wp\/v2\/pages"}],"about":[{"href":"https:\/\/www.start-discover.eu\/da\/wp-json\/wp\/v2\/types\/page"}],"author":[{"embeddable":true,"href":"https:\/\/www.start-discover.eu\/da\/wp-json\/wp\/v2\/users\/10"}],"replies":[{"embeddable":true,"href":"https:\/\/www.start-discover.eu\/da\/wp-json\/wp\/v2\/comments?post=1937"}],"version-history":[{"count":9,"href":"https:\/\/www.start-discover.eu\/da\/wp-json\/wp\/v2\/pages\/1937\/revisions"}],"predecessor-version":[{"id":4818,"href":"https:\/\/www.start-discover.eu\/da\/wp-json\/wp\/v2\/pages\/1937\/revisions\/4818"}],"wp:attachment":[{"href":"https:\/\/www.start-discover.eu\/da\/wp-json\/wp\/v2\/media?parent=1937"}],"curies":[{"name":"wp","href":"https:\/\/api.w.org\/{rel}","templated":true}]}}