{"id":1844,"date":"2023-11-13T18:49:23","date_gmt":"2023-11-13T18:49:23","guid":{"rendered":"https:\/\/v2.start-discover.eu\/profile"},"modified":"2026-03-30T08:17:02","modified_gmt":"2026-03-30T08:17:02","slug":"profile","status":"publish","type":"page","link":"https:\/\/www.start-discover.eu\/da\/profile","title":{"rendered":"Profile"},"content":{"rendered":"","protected":false},"excerpt":{"rendered":"","protected":false},"author":2,"featured_media":0,"parent":0,"menu_order":0,"comment_status":"closed","ping_status":"closed","template":"","meta":{"footnotes":""},"acf":{"email":"<p>Hej {{firstname}},<\/p>\r\n<p>Tak for at du fuldf\u00f8rte #DiscoverEU-unders\u00f8gelsen.<\/p>\r\n<p>Dit Deltagelsescertifikat er nu tilg\u00e6ngeligt i din #DiscoverEU-profil.<\/p>\r\n<p>Du skal blot g\u00e5 til bookingformularlinket, som du brugte til at anmode om dit #DiscoverEU Pass (linket starter med '<a href=\"http:\/\/registrations.start-discover.eu\/\">registrations.start-discover.eu<\/a>') og klikke p\u00e5 \u201cDownload dit #DiscoverEU Deltagelsescertifikat\u201d knappen.<\/p>\r\n<p>Vi h\u00e5ber, du har skabt uforglemmelige minder!<\/p>\r\n<p>Vi \u00f8nsker dig alt det bedste.<\/p>\r\n<p>DiscoverEU Rejseteam.<\/p>","infobox":{"title":"Dit Deltagelsescertifikat er klar.","textual_content":"Du kan downloade det ved at klikke p\u00e5 knappen nedenfor.","button_label":"Download dit #DiscoverEU Deltagelsescertifikat."},"intro":{"title":{"hello_name":"Hej {{firstname}}","welcome_on_your_discovereu_profile":"Velkommen p\u00e5 din DiscoverEU-profil!"},"this_page_gathers_all_the_information_necessary":"Denne side indsamler alle de oplysninger, der er n\u00f8dvendige for din rejse, samt data- og registreringsstatus."},"status_created":{"it_looks_like_you_havent_filled_out_your_booking_form_yet":"Det ser ud til, at du ikke har udfyldt din reservationsformular endnu","dont_wait_too_long_created":"Vent ikke for l\u00e6nge. Du har indtil {{closing_date}} til at udfylde den!","go_to_the_booking_form":"G\u00e5 til reservationsformularen"},"requests_and_forms_section":{"visa_form_title":"Anmodning om visum:","refund_form_title":"Anmodning om refusion:","visa_form_label":"Invitationsbrev og formular til anmodning om rejseforsikring","refund_form_label":"Tilbagebetalingsformular","visa_form_processing":"Behandling af anmodning","refund_form_processing":"Behandling af anmodning","visa_form_processed":"Anmodning behandlet","refund_form_processed":"Anmodning behandlet"},"status_initialized":{"it_looks_like_you_havent_finished_filled_out_your_booking_form_yet":"Det ser ud til, at du ikke har udfyldt din reservationsformular endnu","dont_wait_too_long_initialized":"Vent ikke for l\u00e6nge. Du har indtil {{closing_date}} til at udfylde den!","continue_to_complete_your_booking_form":"Forts\u00e6t med at udfylde din reservationsformular"},"status_pending":{"your_identity_documents_are_being_checked":"Dine identitetsdokumenter bliver kontrolleret","once_your_identity_has_been_verified":"N\u00e5r din identitet er blevet bekr\u00e6ftet, vil du modtage en automatisk bekr\u00e6ftelse pr. e-mail. E-mailen har emnet \"Din ordre er bekr\u00e6ftet - her er resten\" og sendes fra e-mailadressen \"customerservice@interrail.eu\".","tip:_check_your_spam":"Tip: Tjek din spammappe","learn_more_about_verifying_my_documents":"F\u00e5 mere at vide om bekr\u00e6ftelse af mine dokumenter","learn_more_about_verifying_my_documents_url":"https:\/\/registrations.start-discover.eu\/images\/EU_DiscoverEU_GuideID_en.jpg"},"status_declined_first_try":{"couldnt_verify_identity_documents":"OBS: Din reservationsformular er endnu ikke udfyldt","submitting_documents_a_second_time":"De dokumenter, du indsendte for at bekr\u00e6fte din identitet, blev ikke godkendt. Du kan pr\u00f8ve at indsende dem igen.","back_to_submission_step":"Tilbage til indsendelsestrinnet","warning_can_only_submit_documents_twice":"Advarsel: Du kan kun indsende dine dokumenter to gange."},"status_declined_second_try":{"identity_documents_could_not_be_verified_twice":"OBS: Din reservationsformular er endnu ikke udfyldt","not_accepted_for_the_second_time":"De dokumenter, du indsendte for at bekr\u00e6fte din identitet, blev ikke godkendt for anden gang. Kontakt os for at l\u00f8se dette problem."},"status_success":{"flex_stnd":{"congratulations_your_reservation_is_completed_and_validated":"Tillykke, din reservationsformular er udfyldt og valideret!","your_pass_is_available_in_your_email":"<p>Dit pass er sendt til din e-mail. Hvis du ikke kan se det, skal du tjekke din spam-mappe. Hvis det stadig ikke er der, skal du kontakte rejseafdelingen via siden Indsend en anmodning i <a href=\"https:\/\/discovereu-wave6.zendesk.com\/hc\/en-gb\/requests\/new\"><b>Hj\u00e6lpecentret<\/b><\/a>.<\/p>"},"flex_ovs":{"congratulations_your_reservation_is_completed_and_validated":"Tillykke, din reservation er gennemf\u00f8rt og godkendt!","the_travel_team_will_contact_you_three_months_before_your_departure_date_to_book_your_flights":"Dit rejsekort er tilg\u00e6ngelig i din e-mail. Hvis du ikke har modtaget noget, s\u00e5 tjek din spammail. Ellers er du velkommen til at kontakte rejseteamet via siden Send en anmodning i Hj\u00e6lpecenteret. Rejseholdet kontakter dig tre m\u00e5neder f\u00f8r din afrejsedato for at booke dine fly."},"fix_stnd":{"congratulations_your_reservation_is_completed_and_validated":"Tillykke, din reservation er gennemf\u00f8rt og godkendt!","the_travel_team_will_contact_you_three_months_before_your_departure_date_to_book_your_fix_trip":"Rejseholdet kontakter dig tre m\u00e5neder f\u00f8r din afrejsedato for at booke din FIX-rejse."},"fix_ovs":{"congratulations_your_reservation_is_completed_and_validated":"Tillykke, din reservation er gennemf\u00f8rt og godkendt!","the_travel_team_will_contact_you_three_months_before_your_departure_date_to_book_your_flights":"Rejseholdet kontakter dig tre m\u00e5neder f\u00f8r din afrejsedato for at bestille din FIX-rejse og dine flybilletter."}},"status_accessibility":{"booking_form_completed":"Din reservationsformular er gennemf\u00f8rt.","flex_pass_will_be_issued_only_if_you_have_any_accessibility_needs":"Du skulle have modtaget en e-mail vedr\u00f8rende dine tilg\u00e6ngelighedsbehov. Svar venligst rejseholdet via kontaktformularen, s\u00e5 vi kan udstede dit DiscoverEU-kort."},"discovereu_community_section":{"discovereu_community":"DiscoverEU-f\u00e6llesskabet","looking_to_make_the_most_of_your_exciting_journey":"<p>\u00d8nsker du at f\u00e5 mest muligt ud af din sp\u00e6ndende rejse og udforske Europa?<\/p>\r\n<p>Dette DiscoverEU-f\u00e6llesskab er her for at I kan m\u00f8des, du kan m\u00f8de nye mennesker, diskutere og dele dine rejseplaner, opbygge venskaber og finde inspiration til at opleve din DiscoverEU-tur fuldt ud!<\/p>","join_the_#discovereu_community_label":"TILMELD DIG #OpdagEU-f\u00e6llesskabet*","join_the_#discovereu_community_url":"https:\/\/discovereucommunity.interrail.eu\/","accessible_through_the_discovereu_travel_app":"*tilg\u00e6ngelig via DiscoverEU Travel App eller direkte ved hj\u00e6lp af dine DiscoverEU Travel App-kontooplysninger"},"european_youth_card_section":{"european_youth_card":"Europ\u00e6isk ungdomskort","with_your_discovereu_pass_you_have_won_the_european_youth_card":"<p>Med dit DiscoverEU-rejsekort har du vundet det europ\u00e6iske ungdomskort!<\/p>\r\n<p>Takket v\u00e6re dit europ\u00e6iske ungdomskort kan du f\u00e5 rabatter p\u00e5 indkvartering, bes\u00f8g, lokal transport og meget mere. Det er tilg\u00e6ngeligt i DiscoverEU Travel App, under sektionen \"mere\".<\/p>"},"help_centre_articles_section":{"help_centre_articles":"Hj\u00e6lpecenterartikler","you_can_find_below_a_selection_of_articles":"Nedenfor finder du et udvalg af artikler, der kan hj\u00e6lpe dig med at begynde at forberede din DiscoverEU-rejse.","flex_faq_links":{"how_to_get_started_with_your_interrail_mobile_pass":"How to get started with your Interrail Mobile Pass?","how_to_get_started_with_your_interrail_mobile_pass_url":"https:\/\/discovereu-wave6.zendesk.com\/hc\/en-gb\/articles\/6066864956945-How-to-get-started-with-your-Interrail-Mobile-Pass-","what_are_10_things_you_should_know_about_the_interrail_pass":"What are 10 things you should know about the Interrail Pass?","what_are_10_things_you_should_know_about_the_interrail_pass_url":"https:\/\/discovereu-wave6.zendesk.com\/hc\/en-gb\/articles\/11909290422673-What-are-10-things-you-should-know-about-the-Interrail-Pass-"}},"all_travellers_faq_links":{"travel_tips":"Travel Tips","travel_tips_url":"https:\/\/discovereu-wave6.zendesk.com\/hc\/en-gb\/categories\/5768672491409-Travel-Tips","how_can_i_save_money_while_travelling":"How can I save money while travelling?","how_can_i_save_money_while_travelling_url":"https:\/\/discovereu-wave6.zendesk.com\/hc\/en-gb\/articles\/6066862630929-How-can-I-save-money-while-travelling-","how_to_connect_with_other_discovereu_travellers":"How to connect with other DiscoverEU travellers?","how_to_connect_with_other_discovereu_travellers_url":"https:\/\/discovereu-wave6.zendesk.com\/hc\/en-gb\/articles\/6066910634513-How-to-connect-with-other-DiscoverEU-travellers-","what_is_the_discovereu_european_youth_card":"What is the DiscoverEU European Youth Card?","what_is_the_discovereu_european_youth_card_url":"https:\/\/discovereu-wave6.zendesk.com\/hc\/en-gb\/articles\/6066928796689-What-is-the-DiscoverEU-European-Youth-Card-"},"contact_us":"Kontakt os","contact_us_url":"https:\/\/discovereu-wave6.zendesk.com\/hc\/en-gb\/requests\/new","login_items":{"email":"E-mail","password":"Adgangskode","forgotten_password":"Glemt adgangskode?","modify_password_label":"\u00c6ndr adgangskode","login_label":"Log ind","log_out_label":"Log ud","new_password":"Ny adgangskode","confirm_password":"Bekr\u00e6ft din adgangskode","back_to_login":"Tilbage til log ind-siden","send_link":"Send link","your_are_not_firstname":"Er du ikke{{firstname}}?"},"login_content":{"first_password_change":"Af sikkerhedsm\u00e6ssige \u00e5rsager beder vi dig om at \u00e6ndre den oprindelige adgangskode.","email_for_password_modify":"Indtast den e-mailadresse, du bruger til at logge ind. S\u00e5 sender vi dig et link til at nulstille din adgangskode.","strong_password_choice":"V\u00e6lg et kodeord.","password_combination_instruction":"V\u00e6lg en kombination af bogstaver, tal og specialtegn.","change_your_password":"\u00c6ndre din adgangskode","update_your_password":"Opdater din adgangskode","sign_in_with_password":"Log ind med adgangskode"},"toasts_content":{"please_enter_a_valid_email_address":"Angiv en gyldig e-mailadresse","please_enter_your_email_address":"Indtast din e-mailadresse","please_enter_your_password":"Indtast din adgangskode","please_enter_your_new_password":"Indtast din nye adgangskode","redirecting_you_to_the_app":"Viderestiller dig til appen ...","something_went_wrong":"Noget gik galt \u2026","oops":"Ups \u2026","sign_in":"Log ind","password_updated":"Adgangskoden blev opdateret","password_reset":"Nulstil adgangskode","sent_email_with_link_to_reset_password":"Vi har sendt dig en e-mail med et link til at nulstille din adgangskode. Du kan lukke dette vindue","password_6_characters":"Adgangskoden skal indeholde mindst 6 tegn","password_characters_format":"Adgangskoden skal indeholde mindst \u00e9t bogstav, \u00e9t tal og \u00e9t specialtegn"},"do_you_have_questions_about_your_reservation":"Har du sp\u00f8rgsm\u00e5l om din reservation?","identity_verification_status":"Status for identitetsbekr\u00e6ftelse","if_your_status_is_not_verified_be_sure_to_contact_the_travel_team_through_the_help_center":"<p>Hvis din status ikke er <strong>bekr\u00e6ftet<\/strong>, skal du s\u00f8rge for at kontakte rejseteamet via Hj\u00e6lpecenteret.<\/p>","reservation_status":"Status p\u00e5 reservationen","if_your_status_is_not_booked_it_means_there_was_a_problem_with_your_identity_verification_or_there_is_an_error_with_your_reservation_be_sure_to_contact_the_travel_team_via_the_center_help":"<p>Hvis din status ikke er <strong>booket<\/strong>, betyder det, at der var et problem med din identitetsbekr\u00e6ftelse, eller der er en fejl med din reservation. S\u00f8rg for at kontakte rejseteamet via Hj\u00e6lpecenteret.<\/p>","fix_booking_status":"FIX-reservationsstatus","if_your_status_is_not_registered_it_means_there_was_a_problem_with_your_identity_verification_or_there_is_an_error_with_your_reservation_be_sure_to_contact_the_travel_team_via_the_center_help":"<p>Hvis din status ikke er <strong>registreret<\/strong>, betyder det, at der var et problem med din identitetsbekr\u00e6ftelse, eller der er en fejl med din reservation. S\u00f8rg for at kontakte rejseteamet via Hj\u00e6lpecenteret.<\/p>","discovereu_travel_app_account_2":"DiscoverEU Travel App-konto *","interrail_pass_2":"Interrail Pass","identification":{"your_informations":"Dine oplysninger","personal_data":"Personlige data","first_name":"Fornavn","last_name":"Efternavn","date_of_birth":"F\u00f8dselsdato","email":"E-mail","ticket_type":"Billettype","document_country":"Dokumentland","statuses":"Status","document_verification":"Dokumentbekr\u00e6ftelse","booking_status":"Reservationsstatus","discovereu_travel_app_account":"DiscoverEU-rejseapp-konto","interrail_pass":"DiscoverEU Pass"}},"yoast_head":"<!-- This site is optimized with the Yoast SEO plugin v21.9.1 - https:\/\/yoast.com\/wordpress\/plugins\/seo\/ -->\n<title>Profile - DiscoverEU<\/title>\n<meta name=\"robots\" content=\"index, follow, max-snippet:-1, max-image-preview:large, max-video-preview:-1\" \/>\n<link rel=\"canonical\" href=\"https:\/\/www.start-discover.eu\/da\/profile\" \/>\n<meta property=\"og:locale\" content=\"da_DK\" \/>\n<meta property=\"og:type\" content=\"article\" \/>\n<meta property=\"og:title\" content=\"Profile - DiscoverEU\" \/>\n<meta property=\"og:url\" content=\"https:\/\/www.start-discover.eu\/da\/profile\" \/>\n<meta property=\"og:site_name\" content=\"DiscoverEU\" \/>\n<meta property=\"article:modified_time\" content=\"2026-03-30T08:17:02+00:00\" \/>\n<meta property=\"og:image\" content=\"https:\/\/www.start-discover.eu\/app\/uploads\/2024\/07\/DEU-logo-1-scaled.jpg\" \/>\n\t<meta property=\"og:image:width\" content=\"2560\" \/>\n\t<meta property=\"og:image:height\" content=\"1440\" \/>\n\t<meta property=\"og:image:type\" content=\"image\/jpeg\" \/>\n<meta name=\"twitter:card\" content=\"summary_large_image\" \/>\n<script type=\"application\/ld+json\" class=\"yoast-schema-graph\">{\"@context\":\"https:\/\/schema.org\",\"@graph\":[{\"@type\":\"WebPage\",\"@id\":\"https:\/\/www.start-discover.eu\/da\/profile\",\"url\":\"https:\/\/www.start-discover.eu\/da\/profile\",\"name\":\"Profile - DiscoverEU\",\"isPartOf\":{\"@id\":\"https:\/\/www.start-discover.eu\/da#website\"},\"datePublished\":\"2023-11-13T18:49:23+00:00\",\"dateModified\":\"2026-03-30T08:17:02+00:00\",\"breadcrumb\":{\"@id\":\"https:\/\/www.start-discover.eu\/da\/profile#breadcrumb\"},\"inLanguage\":\"da-DK\",\"potentialAction\":[{\"@type\":\"ReadAction\",\"target\":[\"https:\/\/www.start-discover.eu\/da\/profile\"]}]},{\"@type\":\"BreadcrumbList\",\"@id\":\"https:\/\/www.start-discover.eu\/da\/profile#breadcrumb\",\"itemListElement\":[{\"@type\":\"ListItem\",\"position\":1,\"name\":\"Home\",\"item\":\"https:\/\/www.start-discover.eu\/da\"},{\"@type\":\"ListItem\",\"position\":2,\"name\":\"Profile\"}]},{\"@type\":\"WebSite\",\"@id\":\"https:\/\/www.start-discover.eu\/da#website\",\"url\":\"https:\/\/www.start-discover.eu\/da\",\"name\":\"DiscoverEU\",\"description\":\"\",\"publisher\":{\"@id\":\"https:\/\/www.start-discover.eu\/da#organization\"},\"potentialAction\":[{\"@type\":\"SearchAction\",\"target\":{\"@type\":\"EntryPoint\",\"urlTemplate\":\"https:\/\/www.start-discover.eu\/da?s={search_term_string}\"},\"query-input\":\"required name=search_term_string\"}],\"inLanguage\":\"da-DK\"},{\"@type\":\"Organization\",\"@id\":\"https:\/\/www.start-discover.eu\/da#organization\",\"name\":\"DiscoverEU\",\"url\":\"https:\/\/www.start-discover.eu\/da\",\"logo\":{\"@type\":\"ImageObject\",\"inLanguage\":\"da-DK\",\"@id\":\"https:\/\/www.start-discover.eu\/da#\/schema\/logo\/image\/\",\"url\":\"https:\/\/www.start-discover.eu\/app\/uploads\/2024\/07\/DEU-logo-696x696-1-scaled.jpg\",\"contentUrl\":\"https:\/\/www.start-discover.eu\/app\/uploads\/2024\/07\/DEU-logo-696x696-1-scaled.jpg\",\"width\":2560,\"height\":2560,\"caption\":\"DiscoverEU\"},\"image\":{\"@id\":\"https:\/\/www.start-discover.eu\/da#\/schema\/logo\/image\/\"}}]}<\/script>\n<!-- \/ Yoast SEO plugin. -->","yoast_head_json":{"title":"Profile - DiscoverEU","robots":{"index":"index","follow":"follow","max-snippet":"max-snippet:-1","max-image-preview":"max-image-preview:large","max-video-preview":"max-video-preview:-1"},"canonical":"https:\/\/www.start-discover.eu\/da\/profile","og_locale":"da_DK","og_type":"article","og_title":"Profile - DiscoverEU","og_url":"https:\/\/www.start-discover.eu\/da\/profile","og_site_name":"DiscoverEU","article_modified_time":"2026-03-30T08:17:02+00:00","og_image":[{"width":2560,"height":1440,"url":"https:\/\/www.start-discover.eu\/app\/uploads\/2024\/07\/DEU-logo-1-scaled.jpg","type":"image\/jpeg"}],"twitter_card":"summary_large_image","schema":{"@context":"https:\/\/schema.org","@graph":[{"@type":"WebPage","@id":"https:\/\/www.start-discover.eu\/da\/profile","url":"https:\/\/www.start-discover.eu\/da\/profile","name":"Profile - DiscoverEU","isPartOf":{"@id":"https:\/\/www.start-discover.eu\/da#website"},"datePublished":"2023-11-13T18:49:23+00:00","dateModified":"2026-03-30T08:17:02+00:00","breadcrumb":{"@id":"https:\/\/www.start-discover.eu\/da\/profile#breadcrumb"},"inLanguage":"da-DK","potentialAction":[{"@type":"ReadAction","target":["https:\/\/www.start-discover.eu\/da\/profile"]}]},{"@type":"BreadcrumbList","@id":"https:\/\/www.start-discover.eu\/da\/profile#breadcrumb","itemListElement":[{"@type":"ListItem","position":1,"name":"Home","item":"https:\/\/www.start-discover.eu\/da"},{"@type":"ListItem","position":2,"name":"Profile"}]},{"@type":"WebSite","@id":"https:\/\/www.start-discover.eu\/da#website","url":"https:\/\/www.start-discover.eu\/da","name":"DiscoverEU","description":"","publisher":{"@id":"https:\/\/www.start-discover.eu\/da#organization"},"potentialAction":[{"@type":"SearchAction","target":{"@type":"EntryPoint","urlTemplate":"https:\/\/www.start-discover.eu\/da?s={search_term_string}"},"query-input":"required name=search_term_string"}],"inLanguage":"da-DK"},{"@type":"Organization","@id":"https:\/\/www.start-discover.eu\/da#organization","name":"DiscoverEU","url":"https:\/\/www.start-discover.eu\/da","logo":{"@type":"ImageObject","inLanguage":"da-DK","@id":"https:\/\/www.start-discover.eu\/da#\/schema\/logo\/image\/","url":"https:\/\/www.start-discover.eu\/app\/uploads\/2024\/07\/DEU-logo-696x696-1-scaled.jpg","contentUrl":"https:\/\/www.start-discover.eu\/app\/uploads\/2024\/07\/DEU-logo-696x696-1-scaled.jpg","width":2560,"height":2560,"caption":"DiscoverEU"},"image":{"@id":"https:\/\/www.start-discover.eu\/da#\/schema\/logo\/image\/"}}]}},"_links":{"self":[{"href":"https:\/\/www.start-discover.eu\/da\/wp-json\/wp\/v2\/pages\/1844"}],"collection":[{"href":"https:\/\/www.start-discover.eu\/da\/wp-json\/wp\/v2\/pages"}],"about":[{"href":"https:\/\/www.start-discover.eu\/da\/wp-json\/wp\/v2\/types\/page"}],"author":[{"embeddable":true,"href":"https:\/\/www.start-discover.eu\/da\/wp-json\/wp\/v2\/users\/2"}],"replies":[{"embeddable":true,"href":"https:\/\/www.start-discover.eu\/da\/wp-json\/wp\/v2\/comments?post=1844"}],"version-history":[{"count":9,"href":"https:\/\/www.start-discover.eu\/da\/wp-json\/wp\/v2\/pages\/1844\/revisions"}],"predecessor-version":[{"id":5516,"href":"https:\/\/www.start-discover.eu\/da\/wp-json\/wp\/v2\/pages\/1844\/revisions\/5516"}],"wp:attachment":[{"href":"https:\/\/www.start-discover.eu\/da\/wp-json\/wp\/v2\/media?parent=1844"}],"curies":[{"name":"wp","href":"https:\/\/api.w.org\/{rel}","templated":true}]}}