{"id":1935,"date":"2023-10-18T14:11:14","date_gmt":"2023-10-18T14:11:14","guid":{"rendered":"https:\/\/v2.start-discover.eu\/get-started"},"modified":"2026-01-02T15:01:53","modified_gmt":"2026-01-02T15:01:53","slug":"get-started","status":"publish","type":"page","link":"https:\/\/www.start-discover.eu\/cs\/get-started","title":{"rendered":"Get started"},"content":{"rendered":"","protected":false},"excerpt":{"rendered":"","protected":false},"author":10,"featured_media":0,"parent":0,"menu_order":0,"comment_status":"closed","ping_status":"closed","template":"","meta":{"footnotes":""},"acf":{"description":"<h1>Jak prob\u00edh\u00e1 <span style=\"color: #f0679b;\">rezervace<\/span>?<\/h1>\r\n<p>Po odesl\u00e1n\u00ed rezerva\u010dn\u00edho formul\u00e1\u0159e ti vytvo\u0159\u00edme \u00fa\u010det. V\u0161echny informace obdr\u017e\u00ed\u0161 e-mailem. \u00da\u010det ti umo\u017en\u00ed p\u0159\u00edstup do aplikace DiscoverEU Travel, ve kter\u00e9 si m\u016f\u017ee\u0161 zkontrolovat trasy a odjezdy vlak\u016f a napl\u00e1novat si cestu, z\u00edskat p\u0159\u00edstup ke sv\u00e9 kart\u011b DiscoverEU EYCA a vyu\u017e\u00edvat d\u00edky n\u00ed tis\u00edce slev z cel\u00e9 Evropy a p\u0159idat se ke komunit\u011b DiscoverEU a sd\u00edlet sv\u00e9 zku\u0161enosti s ostatn\u00edmi cestovateli. Sv\u016fj DiscoverEU Pass najde\u0161 p\u0159\u00edmo v aplikaci.<\/p>","steps_process":[{"title":"P\u0159\u00edstup k rezerva\u010dn\u00edmu formul\u00e1\u0159i","description":"<p>Vyber si zp\u016fsob cestov\u00e1n\u00ed, kter\u00fd ti nejv\u00edc vyhovuje: flexibiln\u00ed j\u00edzdenka DiscoverEU Interrail Pass nebo pevn\u011b stanoven\u00e1 j\u00edzdenka z bodu do bodu.<\/p>"},{"title":"Ov\u011b\u0159en\u00ed toto\u017enosti","description":"<p>V rezerva\u010dn\u00edm formul\u00e1\u0159i bude\u0161 po\u017e\u00e1d\u00e1n(a) o ov\u011b\u0159en\u00ed toto\u017enosti.<\/p>"},{"title":"Odesl\u00e1n\u00ed rezerva\u010dn\u00edho formul\u00e1\u0159e","description":"<p>Po dokon\u010den\u00ed vypl\u0148 a ode\u0161li rezerva\u010dn\u00ed formul\u00e1\u0159.<\/p>"}],"title_start_process":"Jak zah\u00e1jit proces rezervace?","image_start_process":1936,"description_start_process":"<p><strong>E-mailem ti p\u0159ijde pozv\u00e1nka s odkazem na osobn\u00ed rezerva\u010dn\u00ed formul\u00e1\u0159.<\/strong><\/p>\r\n<p>Aby ses mohl dokon\u010dit rezervaci cesty, bude\u0161 muset napl\u00e1novat n\u011bkolik v\u011bc\u00ed. Nejd\u016fle\u017eit\u011bj\u0161\u00ed je m\u00edt p\u0159ipraven\u00fd ob\u010dansk\u00fd pr\u016fkaz nebo cestovn\u00ed pas pro ov\u011b\u0159en\u00ed toto\u017enosti.<\/p>\r\n<div>\r\n<p>P\u0159i vypl\u0148ov\u00e1n\u00ed rezerva\u010dn\u00edho formul\u00e1\u0159e budou n\u011bkter\u00e9 \u00fadaje ji\u017e p\u0159edvypln\u011bn\u00e9 na z\u00e1klad\u011b dat z\u00edskan\u00fdch z procesu ov\u011b\u0159en\u00ed toto\u017enosti. P\u0159edvypln\u011bn\u00e9 \u00fadaje zahrnuj\u00ed:<\/p>\r\n<ul>\r\n\t<li>E-mailovou adresu<\/li>\r\n\t<li>K\u00f3d \u017e\u00e1dosti<\/li>\r\n\t<li>Jm\u00e9no<\/li>\r\n\t<li>P\u0159\u00edjmen\u00ed<\/li>\r\n\t<li>Datum narozen\u00ed<\/li>\r\n\t<li>Zemi vyd\u00e1n\u00ed ob\u010dansk\u00e9ho pr\u016fkazu\/pasu<\/li>\r\n<\/ul>\r\n<\/div>\r\n<p><strong>Chce\u0161 podrobn\u011bj\u0161\u00ed informace?<\/strong><br \/>\r\nP\u0159ejdi do Centra n\u00e1pov\u011bdy, ve kter\u00e9m najde\u0161 odpov\u011bdi na nej\u010dast\u011bji kladen\u00e9 ot\u00e1zky.<\/p>","link_start_process":{"title":"P\u0159ej\u00edt do Centra n\u00e1pov\u011bdy","url":"https:\/\/help.start-discover.eu\/","target":"_blank"},"title":"V\u0161e, co pot\u0159ebuje\u0161 v\u011bd\u011bt o DiscoverEU Pass","flexible_travel":{"title_flexible":"-","sub_title":"DiscoverEU Interrail Pass","paragraph":"Dosta\u0148 se, kam chce\u0161, a bu\u010f pln\u011b flexibiln\u00ed","flexible_option":[{"icon":2768,"title":"Cestuj bez p\u0159edem stanoven\u00fdch term\u00edn\u016f a destinac\u00ed","paragraph":"<p>Potvr\u010f svou j\u00edzdenku Interrail Mobile Pass a dokon\u010di sv\u016fj pr\u016fzkum pozd\u011bji. V aplikaci DiscoverEU Travel bude\u0161 moct pou\u017e\u00edvat svou mobiln\u00ed j\u00edzdenku. J\u00edzdenku si m\u016f\u017ee\u0161 aktivovat a\u017e do dne, kdy se vyd\u00e1\u0161 na cestu. B\u011bhem cesty m\u016f\u017ee\u0161 pl\u00e1novat za pochodu, m\u011bnit sm\u011br a nechat cest\u011b voln\u00fd pr\u016fb\u011bh.<\/p>","important":false},{"icon":2770,"title":"Cestuj vlakem 7\u00a0dn\u00ed b\u011bhem jednoho m\u011bs\u00edce","paragraph":"<p>J\u00edzdenku m\u016f\u017ee\u0161 vyu\u017e\u00edt po dobu 7 dn\u00ed dle vlastn\u00edho v\u00fdb\u011bru b\u011bhem obdob\u00ed 1 m\u011bs\u00edce. Cestuj v po sob\u011b jdouc\u00edch dnech nebo si cesty rozlo\u017e do cel\u00e9ho m\u011bs\u00edce. V\u0161echno se d\u00e1 za\u0159\u00eddit p\u0159\u00edmo v aplikaci DiscoverEU Travel.<\/p>","important":false},{"icon":530,"title":"Cestujte sami nebo ve skupin\u011b","paragraph":"<p>Je jen na v\u00e1s, jestli budete cht\u00edt cestovat sami nebo ve skupin\u011b. P\u0159i pod\u00e1v\u00e1n\u00ed \u017e\u00e1dosti o \u010dlenstv\u00ed v programu DiscoverEU si m\u016f\u017eete vybrat, s k\u00fdm budete cestovat, a sv\u016fj v\u00fdb\u011br m\u016f\u017eete v pr\u016fb\u011bhu cesty zm\u011bnit. Pokud cestujete ve skupin\u011b, ka\u017ed\u00fd z \u010dlen\u016f skupiny bude m\u00edt sv\u016fj vlastn\u00ed poukaz.<\/p>","important":false},{"icon":474,"title":"Cestov\u00e1n\u00ed v zemi pobytu","paragraph":"<p>Svou j\u00edzdenku m\u016f\u017ee\u0161 vyu\u017e\u00edt pouze na dv\u011b konkr\u00e9tn\u00ed cesty v zemi, kde bydl\u00ed\u0161 (ozna\u010dovan\u00e9 jako cesta tam a cesta zp\u011bt). M\u016f\u017ee\u0161 cestovat z libovoln\u00e9ho m\u00edsta v zemi, kde bydl\u00ed\u0161, na hranici, na leti\u0161t\u011b \u010di do p\u0159\u00edstavu, a m\u016f\u017ee\u0161 cestovat n\u011bkolika vlaky, pokud to bude ve stejn\u00fd den.<\/p>","important":false},{"icon":446,"title":"Cestuj sv\u00fdm vlastn\u00edm tempem","paragraph":"<p>S mobiln\u00ed j\u00edzdenkou se m\u016f\u017ee\u0161 ve m\u011bst\u011b zdr\u017eet d\u00e9le nebo z n\u011bj odjet d\u0159\u00edve, ne\u017e jsi pl\u00e1noval(a). M\u00e1\u0161 pot\u00ed\u017ee na cest\u00e1ch, t\u0159eba kv\u016fli zpo\u017ed\u011bn\u00e9mu nebo zru\u0161en\u00e9mu vlakov\u00e9mu spoji? M\u016f\u017ee\u0161 jet dal\u0161\u00edm vlakem nebo zm\u011bnit trasu.<\/p>","important":false},{"icon":586,"title":"D\u016fle\u017eit\u00e9 informace","paragraph":"<p>P\u0159ed n\u00e1stupem do vlaku, autobusu nebo na lo\u010f je t\u0159eba ka\u017edou cestu zaznamenat v aplikaci DiscoverEU Travel v \u010d\u00e1sti \u201eMoje cesta\u201c a p\u0159idat ji do mobiln\u00edho j\u00edzdenky Interrail Pass. V n\u011bkter\u00fdch d\u00e1lkov\u00fdch vlac\u00edch si mus\u00ed\u0161 rezervovat m\u00edsto.\u00a0<\/p>","important":true}]},"fixed_travel":{"title":"Pevn\u011b stanoven\u00e9 cestov\u00e1n\u00ed","sub_title":"J\u00edzdenky z m\u00edsta na m\u00edsto","paragraph":"Pevn\u011b stanoven\u00fd zp\u016fsob, sv\u016fj cestovn\u00ed pl\u00e1n nem\u016f\u017ee\u0161 zm\u011bnit.","fixed_option":[{"icon":2769,"title":"Cestov\u00e1n\u00ed do p\u0159edem stanoven\u00fdch destinac\u00ed","paragraph":"<p>Ne\u017e potvrd\u00ed\u0161 j\u00edzdenku, cestu si pe\u010dliv\u011b nastuduj a napl\u00e1nuj. Tv\u016fj cestovn\u00ed pl\u00e1n bude rezervov\u00e1n pomoc\u00ed j\u00edzdenek z m\u00edsta na m\u00edsto a nebude mo\u017en\u00e9 jej m\u011bnit.<\/p>","important":false},{"icon":2771,"title":"Cestov\u00e1n\u00ed podle pevn\u011b stanoven\u00e9ho pl\u00e1nu","paragraph":"<p>V\u00ed\u0161, kdy chce\u0161 cestovat. M\u00e1\u0161 p\u0159ipraven\u00e9 term\u00edny, pevn\u011b stanoven\u00fd cestovn\u00ed pl\u00e1n a jsi p\u0159ipraven(a) rezervovat j\u00edzdenku na konkr\u00e9tn\u00ed datum a vlak.<\/p>","important":false},{"icon":558,"title":"Cestov\u00e1n\u00ed ve skupin\u011b","paragraph":"<p>Ve skupin\u011b mohou cestovat pouze lid\u00e9, kte\u0159\u00ed byli ozna\u010deni jako skupina. Cestov\u00e1n\u00ed ve skupin\u011b vy\u017eaduje, aby m\u011bli v\u0161ichni \u010dlenov\u00e9 vypln\u011bn\u00fd rezerva\u010dn\u00ed formul\u00e1\u0159.<\/p>","important":false},{"icon":474,"title":"Cestov\u00e1n\u00ed v zemi pobytu","paragraph":"<p>Tv\u00e1 cesta tam i zp\u011bt bude rezervov\u00e1na jako j\u00edzdenka z m\u00edsta na m\u00edsto. Pokud je tv\u00e1 prvn\u00ed destinace v zahrani\u010d\u00ed, m\u016f\u017ee\u0161 cestovat n\u011bkolika vlaky.<\/p>","important":false},{"icon":502,"title":"\u00dapravy cest","paragraph":"<p>J\u00edzdenky budou rezervov\u00e1ny pouze na konkr\u00e9tn\u00ed vlak a cestovn\u00ed pl\u00e1n nelze m\u011bnit. Evropsk\u00e1 komise nehrad\u00ed \u017e\u00e1dn\u00e9 p\u0159\u00edplatky za zm\u011bny, nov\u00e9 rezervace nebo jin\u00e9 n\u00e1klady vznikl\u00e9 b\u011bhem cesty.<\/p>","important":false},{"icon":586,"title":"D\u016fle\u017eit\u00e9 informace","paragraph":"<p>Cestovn\u00ed pl\u00e1ny z m\u00edsta na m\u00edsto budou omezeny na vlaky, kter\u00e9 umo\u017e\u0148uj\u00ed online rezervaci j\u00edzdenek. V p\u0159\u00edpad\u011b zru\u0161en\u00ed nebo zpo\u017ed\u011bn\u00ed se mus\u00ed cestuj\u00edc\u00ed obr\u00e1tit p\u0159\u00edmo na dopravn\u00ed spole\u010dnost. Dal\u0161\u00ed informace o pr\u00e1vech cestuj\u00edc\u00edch v EU najde\u0161\u00a0zde.<\/p>","important":true}]},"link_travel_option":{"title":"P\u0159ej\u00edt do Centra n\u00e1pov\u011bdy","url":"https:\/\/help.start-discover.eu\/","target":"_blank"}},"yoast_head":"<!-- This site is optimized with the Yoast SEO plugin v21.9.1 - https:\/\/yoast.com\/wordpress\/plugins\/seo\/ -->\n<title>Get started - DiscoverEU<\/title>\n<meta name=\"robots\" content=\"index, follow, max-snippet:-1, max-image-preview:large, max-video-preview:-1\" \/>\n<link rel=\"canonical\" href=\"https:\/\/www.start-discover.eu\/cs\/get-started\" \/>\n<meta property=\"og:locale\" content=\"cs_CZ\" \/>\n<meta property=\"og:type\" content=\"article\" \/>\n<meta property=\"og:title\" content=\"Get started - DiscoverEU\" \/>\n<meta property=\"og:url\" content=\"https:\/\/www.start-discover.eu\/cs\/get-started\" \/>\n<meta property=\"og:site_name\" content=\"DiscoverEU\" \/>\n<meta property=\"article:modified_time\" content=\"2026-01-02T15:01:53+00:00\" \/>\n<meta property=\"og:image\" content=\"https:\/\/www.start-discover.eu\/app\/uploads\/2024\/07\/DEU-logo-1-scaled.jpg\" \/>\n\t<meta property=\"og:image:width\" content=\"2560\" \/>\n\t<meta property=\"og:image:height\" content=\"1440\" \/>\n\t<meta property=\"og:image:type\" content=\"image\/jpeg\" \/>\n<meta name=\"twitter:card\" content=\"summary_large_image\" \/>\n<script type=\"application\/ld+json\" class=\"yoast-schema-graph\">{\"@context\":\"https:\/\/schema.org\",\"@graph\":[{\"@type\":\"WebPage\",\"@id\":\"https:\/\/www.start-discover.eu\/cs\/get-started\",\"url\":\"https:\/\/www.start-discover.eu\/cs\/get-started\",\"name\":\"Get started - DiscoverEU\",\"isPartOf\":{\"@id\":\"https:\/\/www.start-discover.eu\/cs#website\"},\"datePublished\":\"2023-10-18T14:11:14+00:00\",\"dateModified\":\"2026-01-02T15:01:53+00:00\",\"breadcrumb\":{\"@id\":\"https:\/\/www.start-discover.eu\/cs\/get-started#breadcrumb\"},\"inLanguage\":\"cs-CZ\",\"potentialAction\":[{\"@type\":\"ReadAction\",\"target\":[\"https:\/\/www.start-discover.eu\/cs\/get-started\"]}]},{\"@type\":\"BreadcrumbList\",\"@id\":\"https:\/\/www.start-discover.eu\/cs\/get-started#breadcrumb\",\"itemListElement\":[{\"@type\":\"ListItem\",\"position\":1,\"name\":\"Home\",\"item\":\"https:\/\/www.start-discover.eu\/cs\"},{\"@type\":\"ListItem\",\"position\":2,\"name\":\"Get started\"}]},{\"@type\":\"WebSite\",\"@id\":\"https:\/\/www.start-discover.eu\/cs#website\",\"url\":\"https:\/\/www.start-discover.eu\/cs\",\"name\":\"DiscoverEU\",\"description\":\"\",\"publisher\":{\"@id\":\"https:\/\/www.start-discover.eu\/cs#organization\"},\"potentialAction\":[{\"@type\":\"SearchAction\",\"target\":{\"@type\":\"EntryPoint\",\"urlTemplate\":\"https:\/\/www.start-discover.eu\/cs?s={search_term_string}\"},\"query-input\":\"required name=search_term_string\"}],\"inLanguage\":\"cs-CZ\"},{\"@type\":\"Organization\",\"@id\":\"https:\/\/www.start-discover.eu\/cs#organization\",\"name\":\"DiscoverEU\",\"url\":\"https:\/\/www.start-discover.eu\/cs\",\"logo\":{\"@type\":\"ImageObject\",\"inLanguage\":\"cs-CZ\",\"@id\":\"https:\/\/www.start-discover.eu\/cs#\/schema\/logo\/image\/\",\"url\":\"https:\/\/www.start-discover.eu\/app\/uploads\/2024\/07\/DEU-logo-696x696-1-scaled.jpg\",\"contentUrl\":\"https:\/\/www.start-discover.eu\/app\/uploads\/2024\/07\/DEU-logo-696x696-1-scaled.jpg\",\"width\":2560,\"height\":2560,\"caption\":\"DiscoverEU\"},\"image\":{\"@id\":\"https:\/\/www.start-discover.eu\/cs#\/schema\/logo\/image\/\"}}]}<\/script>\n<!-- \/ Yoast SEO plugin. -->","yoast_head_json":{"title":"Get started - DiscoverEU","robots":{"index":"index","follow":"follow","max-snippet":"max-snippet:-1","max-image-preview":"max-image-preview:large","max-video-preview":"max-video-preview:-1"},"canonical":"https:\/\/www.start-discover.eu\/cs\/get-started","og_locale":"cs_CZ","og_type":"article","og_title":"Get started - DiscoverEU","og_url":"https:\/\/www.start-discover.eu\/cs\/get-started","og_site_name":"DiscoverEU","article_modified_time":"2026-01-02T15:01:53+00:00","og_image":[{"width":2560,"height":1440,"url":"https:\/\/www.start-discover.eu\/app\/uploads\/2024\/07\/DEU-logo-1-scaled.jpg","type":"image\/jpeg"}],"twitter_card":"summary_large_image","schema":{"@context":"https:\/\/schema.org","@graph":[{"@type":"WebPage","@id":"https:\/\/www.start-discover.eu\/cs\/get-started","url":"https:\/\/www.start-discover.eu\/cs\/get-started","name":"Get started - DiscoverEU","isPartOf":{"@id":"https:\/\/www.start-discover.eu\/cs#website"},"datePublished":"2023-10-18T14:11:14+00:00","dateModified":"2026-01-02T15:01:53+00:00","breadcrumb":{"@id":"https:\/\/www.start-discover.eu\/cs\/get-started#breadcrumb"},"inLanguage":"cs-CZ","potentialAction":[{"@type":"ReadAction","target":["https:\/\/www.start-discover.eu\/cs\/get-started"]}]},{"@type":"BreadcrumbList","@id":"https:\/\/www.start-discover.eu\/cs\/get-started#breadcrumb","itemListElement":[{"@type":"ListItem","position":1,"name":"Home","item":"https:\/\/www.start-discover.eu\/cs"},{"@type":"ListItem","position":2,"name":"Get started"}]},{"@type":"WebSite","@id":"https:\/\/www.start-discover.eu\/cs#website","url":"https:\/\/www.start-discover.eu\/cs","name":"DiscoverEU","description":"","publisher":{"@id":"https:\/\/www.start-discover.eu\/cs#organization"},"potentialAction":[{"@type":"SearchAction","target":{"@type":"EntryPoint","urlTemplate":"https:\/\/www.start-discover.eu\/cs?s={search_term_string}"},"query-input":"required name=search_term_string"}],"inLanguage":"cs-CZ"},{"@type":"Organization","@id":"https:\/\/www.start-discover.eu\/cs#organization","name":"DiscoverEU","url":"https:\/\/www.start-discover.eu\/cs","logo":{"@type":"ImageObject","inLanguage":"cs-CZ","@id":"https:\/\/www.start-discover.eu\/cs#\/schema\/logo\/image\/","url":"https:\/\/www.start-discover.eu\/app\/uploads\/2024\/07\/DEU-logo-696x696-1-scaled.jpg","contentUrl":"https:\/\/www.start-discover.eu\/app\/uploads\/2024\/07\/DEU-logo-696x696-1-scaled.jpg","width":2560,"height":2560,"caption":"DiscoverEU"},"image":{"@id":"https:\/\/www.start-discover.eu\/cs#\/schema\/logo\/image\/"}}]}},"_links":{"self":[{"href":"https:\/\/www.start-discover.eu\/cs\/wp-json\/wp\/v2\/pages\/1935"}],"collection":[{"href":"https:\/\/www.start-discover.eu\/cs\/wp-json\/wp\/v2\/pages"}],"about":[{"href":"https:\/\/www.start-discover.eu\/cs\/wp-json\/wp\/v2\/types\/page"}],"author":[{"embeddable":true,"href":"https:\/\/www.start-discover.eu\/cs\/wp-json\/wp\/v2\/users\/10"}],"replies":[{"embeddable":true,"href":"https:\/\/www.start-discover.eu\/cs\/wp-json\/wp\/v2\/comments?post=1935"}],"version-history":[{"count":8,"href":"https:\/\/www.start-discover.eu\/cs\/wp-json\/wp\/v2\/pages\/1935\/revisions"}],"predecessor-version":[{"id":4817,"href":"https:\/\/www.start-discover.eu\/cs\/wp-json\/wp\/v2\/pages\/1935\/revisions\/4817"}],"wp:attachment":[{"href":"https:\/\/www.start-discover.eu\/cs\/wp-json\/wp\/v2\/media?parent=1935"}],"curies":[{"name":"wp","href":"https:\/\/api.w.org\/{rel}","templated":true}]}}